{"id":35896,"date":"2019-12-04T16:04:54","date_gmt":"2019-12-04T15:04:54","guid":{"rendered":"https:\/\/www.beitalhikma.tn\/publication\/acces-boutique\/non%20class\u00e9\/titre-de-la-langue-et-de-ses-occurrences-inaccoutumees\/"},"modified":"2022-10-12T10:36:39","modified_gmt":"2022-10-12T09:36:39","slug":"titre-de-la-langue-et-de-ses-occurrences-inaccoutumees","status":"publish","type":"product","link":"https:\/\/www.beitalhikma.tn\/fr\/publication\/acces-boutique\/livres-en-vente\/titre-de-la-langue-et-de-ses-occurrences-inaccoutumees\/","title":{"rendered":"Titre\u00a0: De la langue et de ses occurrences inaccoutum\u00e9es"},"content":{"rendered":"<p>Soucieuse d\u2019enrichir la biblioth\u00e8que arabe et universelle dans les domaines de la lexicologie et de la linguistique encyclop\u00e9dique, l\u2019Acad\u00e9mie tunisienne des Sciences, des Lettres et des Arts, Beit al Hikma, publie en association avec la maison d\u2019\u00e9dition et de distribution Dar Souhnoun une deuxi\u00e8me \u00e9dition r\u00e9vis\u00e9e d\u2019<em>Al Ghar\u00eeb al mussannaf<\/em> (De la langue et de ses occurrences inaccoutum\u00e9es) dans lequel Abu Ubayd al Qass\u00eem ibn Sallam (770-838) a consign\u00e9 la substance de ses connaissances, sous la forme d\u2019un dictionnaire dans lequel il a recueilli les emplois rares et\/ou \u00e9tranges dans le vaste royaume de la langue arabe. Il s\u2019agit d\u2019un v\u00e9ritable m\u00e9morial consacr\u00e9 aux mots rares et \u00e0 diverses constructions et trouvailles stylistiques.<\/p>\n<p>Ce dictionnaire constitue un ouvrage de r\u00e9f\u00e9rence t\u00e9moignant de la richesse des contributions scientifiques des Arabes \u00e0 la lexicologie universelle.<\/p>\n<p>&nbsp;<\/p>\n","protected":false},"excerpt":{"rendered":"<ul>\n<li><strong>Titre\u00a0: <\/strong>De la langue et de ses occurrences inaccoutum\u00e9es<\/li>\n<li>\u00a0 \u00a0 \u00a0d\u2019Abu Ubayd al Qass\u00eem ibn Sallam (770-838). 2<sup>e<\/sup> \u00e9dition r\u00e9vis\u00e9e<\/li>\n<li><strong>Edition \u00e9tablie par\u00a0: <\/strong>Mohamed Mokhtar Labidi<\/li>\n<li><strong>Langue\u00a0:<\/strong> Arabe<\/li>\n<li><strong>Date de publication<\/strong>\u00a0: 2019<\/li>\n<li><strong>Format\u00a0: <\/strong>24 x 17<\/li>\n<li><strong>ISBN\u00a0: <\/strong>978-9973-49-196-1<\/li>\n<li><strong>Nombre de pages\u00a0: <\/strong>1126<\/li>\n<li><strong>Th\u00e8me :<\/strong> Linguistique<\/li>\n<li><strong>Poids<\/strong> : 1900 gr<\/li>\n<li><strong>Situation<\/strong> :disponible<\/li>\n<li><\/li>\n<li><\/li>\n<li><\/li>\n<li><\/li>\n<li><\/li>\n<\/ul>\n","protected":false},"featured_media":34296,"template":"","meta":{"_uag_custom_page_level_css":""},"product_brand":[],"product_cat":[11],"product_tag":[],"class_list":{"0":"post-35896","1":"product","2":"type-product","3":"status-publish","4":"has-post-thumbnail","6":"product_cat-livres-en-vente","8":"first","9":"instock","10":"sale","11":"shipping-taxable","12":"purchasable","13":"product-type-simple"},"yoast_head":"<!-- This site is optimized with the Yoast SEO plugin v27.3 - https:\/\/yoast.com\/product\/yoast-seo-wordpress\/ -->\n<title>Titre\u00a0: De la langue et de ses occurrences inaccoutum\u00e9es - Beit al-Hikma<\/title>\n<meta name=\"robots\" content=\"index, follow, max-snippet:-1, max-image-preview:large, max-video-preview:-1\" \/>\n<link rel=\"canonical\" href=\"https:\/\/www.beitalhikma.tn\/fr\/publication\/acces-boutique\/livres-en-vente\/titre-de-la-langue-et-de-ses-occurrences-inaccoutumees\/\" \/>\n<meta property=\"og:locale\" content=\"fr_FR\" \/>\n<meta property=\"og:type\" content=\"article\" \/>\n<meta property=\"og:title\" content=\"Titre\u00a0: De la langue et de ses occurrences inaccoutum\u00e9es - Beit al-Hikma\" \/>\n<meta property=\"og:description\" content=\"Titre\u00a0: De la langue et de ses occurrences inaccoutum\u00e9es  \u00a0 \u00a0 \u00a0d\u2019Abu Ubayd al Qass\u00eem ibn Sallam (770-838). 2e \u00e9dition r\u00e9vis\u00e9e  Edition \u00e9tablie par\u00a0: Mohamed Mokhtar Labidi  Langue\u00a0: Arabe  Date de publication\u00a0: 2019  Format\u00a0: 24 x 17  ISBN\u00a0: 978-9973-49-196-1  Nombre de pages\u00a0: 1126  Th\u00e8me : Linguistique  Poids : 1900 gr  Situation :disponible\" \/>\n<meta property=\"og:url\" content=\"https:\/\/www.beitalhikma.tn\/fr\/publication\/acces-boutique\/livres-en-vente\/titre-de-la-langue-et-de-ses-occurrences-inaccoutumees\/\" \/>\n<meta property=\"og:site_name\" content=\"Beit al-Hikma\" \/>\n<meta property=\"article:publisher\" content=\"https:\/\/www.facebook.com\/BeitalhikmaTunisie\/\" \/>\n<meta property=\"article:modified_time\" content=\"2022-10-12T09:36:39+00:00\" \/>\n<meta property=\"og:image\" content=\"https:\/\/www.beitalhikma.tn\/wp-content\/uploads\/2019\/12\/couverture-arabe.jpg\" \/>\n\t<meta property=\"og:image:width\" content=\"411\" \/>\n\t<meta property=\"og:image:height\" content=\"670\" \/>\n\t<meta property=\"og:image:type\" content=\"image\/jpeg\" \/>\n<meta name=\"twitter:card\" content=\"summary_large_image\" \/>\n<meta name=\"twitter:site\" content=\"@Beit_alhikma_TN\" \/>\n<meta name=\"twitter:label1\" content=\"Dur\u00e9e de lecture estim\u00e9e\" \/>\n\t<meta name=\"twitter:data1\" content=\"1 minute\" \/>\n<script type=\"application\/ld+json\" class=\"yoast-schema-graph\">{\"@context\":\"https:\\\/\\\/schema.org\",\"@graph\":[{\"@type\":\"WebPage\",\"@id\":\"https:\\\/\\\/www.beitalhikma.tn\\\/fr\\\/publication\\\/acces-boutique\\\/livres-en-vente\\\/titre-de-la-langue-et-de-ses-occurrences-inaccoutumees\\\/\",\"url\":\"https:\\\/\\\/www.beitalhikma.tn\\\/fr\\\/publication\\\/acces-boutique\\\/livres-en-vente\\\/titre-de-la-langue-et-de-ses-occurrences-inaccoutumees\\\/\",\"name\":\"Titre\u00a0: De la langue et de ses occurrences inaccoutum\u00e9es - Beit al-Hikma\",\"isPartOf\":{\"@id\":\"https:\\\/\\\/www.beitalhikma.tn\\\/#website\"},\"primaryImageOfPage\":{\"@id\":\"https:\\\/\\\/www.beitalhikma.tn\\\/fr\\\/publication\\\/acces-boutique\\\/livres-en-vente\\\/titre-de-la-langue-et-de-ses-occurrences-inaccoutumees\\\/#primaryimage\"},\"image\":{\"@id\":\"https:\\\/\\\/www.beitalhikma.tn\\\/fr\\\/publication\\\/acces-boutique\\\/livres-en-vente\\\/titre-de-la-langue-et-de-ses-occurrences-inaccoutumees\\\/#primaryimage\"},\"thumbnailUrl\":\"https:\\\/\\\/www.beitalhikma.tn\\\/wp-content\\\/uploads\\\/2019\\\/12\\\/couverture-arabe.jpg\",\"datePublished\":\"2019-12-04T15:04:54+00:00\",\"dateModified\":\"2022-10-12T09:36:39+00:00\",\"breadcrumb\":{\"@id\":\"https:\\\/\\\/www.beitalhikma.tn\\\/fr\\\/publication\\\/acces-boutique\\\/livres-en-vente\\\/titre-de-la-langue-et-de-ses-occurrences-inaccoutumees\\\/#breadcrumb\"},\"inLanguage\":\"fr-FR\",\"potentialAction\":[{\"@type\":\"ReadAction\",\"target\":[\"https:\\\/\\\/www.beitalhikma.tn\\\/fr\\\/publication\\\/acces-boutique\\\/livres-en-vente\\\/titre-de-la-langue-et-de-ses-occurrences-inaccoutumees\\\/\"]}]},{\"@type\":\"ImageObject\",\"inLanguage\":\"fr-FR\",\"@id\":\"https:\\\/\\\/www.beitalhikma.tn\\\/fr\\\/publication\\\/acces-boutique\\\/livres-en-vente\\\/titre-de-la-langue-et-de-ses-occurrences-inaccoutumees\\\/#primaryimage\",\"url\":\"https:\\\/\\\/www.beitalhikma.tn\\\/wp-content\\\/uploads\\\/2019\\\/12\\\/couverture-arabe.jpg\",\"contentUrl\":\"https:\\\/\\\/www.beitalhikma.tn\\\/wp-content\\\/uploads\\\/2019\\\/12\\\/couverture-arabe.jpg\",\"width\":411,\"height\":670},{\"@type\":\"BreadcrumbList\",\"@id\":\"https:\\\/\\\/www.beitalhikma.tn\\\/fr\\\/publication\\\/acces-boutique\\\/livres-en-vente\\\/titre-de-la-langue-et-de-ses-occurrences-inaccoutumees\\\/#breadcrumb\",\"itemListElement\":[{\"@type\":\"ListItem\",\"position\":1,\"name\":\"Accueil\",\"item\":\"https:\\\/\\\/www.beitalhikma.tn\\\/fr\\\/\"},{\"@type\":\"ListItem\",\"position\":2,\"name\":\"Boutique\",\"item\":\"https:\\\/\\\/www.beitalhikma.tn\\\/fr\\\/boutique\\\/\"},{\"@type\":\"ListItem\",\"position\":3,\"name\":\"Titre\u00a0: De la langue et de ses occurrences inaccoutum\u00e9es\"}]},{\"@type\":\"WebSite\",\"@id\":\"https:\\\/\\\/www.beitalhikma.tn\\\/#website\",\"url\":\"https:\\\/\\\/www.beitalhikma.tn\\\/\",\"name\":\"Beit al-Hikma\",\"description\":\"L&#039;Acad\u00e9mie Tunisienne des Sciences, des Lettres  et des Arts\",\"publisher\":{\"@id\":\"https:\\\/\\\/www.beitalhikma.tn\\\/#organization\"},\"potentialAction\":[{\"@type\":\"SearchAction\",\"target\":{\"@type\":\"EntryPoint\",\"urlTemplate\":\"https:\\\/\\\/www.beitalhikma.tn\\\/?s={search_term_string}\"},\"query-input\":{\"@type\":\"PropertyValueSpecification\",\"valueRequired\":true,\"valueName\":\"search_term_string\"}}],\"inLanguage\":\"fr-FR\"},{\"@type\":\"Organization\",\"@id\":\"https:\\\/\\\/www.beitalhikma.tn\\\/#organization\",\"name\":\"Beit Al Hikma\",\"url\":\"https:\\\/\\\/www.beitalhikma.tn\\\/\",\"logo\":{\"@type\":\"ImageObject\",\"inLanguage\":\"fr-FR\",\"@id\":\"https:\\\/\\\/www.beitalhikma.tn\\\/#\\\/schema\\\/logo\\\/image\\\/\",\"url\":\"https:\\\/\\\/www.beitalhikma.tn\\\/wp-content\\\/uploads\\\/2014\\\/11\\\/logo.png\",\"contentUrl\":\"https:\\\/\\\/www.beitalhikma.tn\\\/wp-content\\\/uploads\\\/2014\\\/11\\\/logo.png\",\"width\":288,\"height\":109,\"caption\":\"Beit Al Hikma\"},\"image\":{\"@id\":\"https:\\\/\\\/www.beitalhikma.tn\\\/#\\\/schema\\\/logo\\\/image\\\/\"},\"sameAs\":[\"https:\\\/\\\/www.facebook.com\\\/BeitalhikmaTunisie\\\/\",\"https:\\\/\\\/x.com\\\/Beit_alhikma_TN\",\"https:\\\/\\\/www.youtube.com\\\/channel\\\/UCl8EfDXqt5MFfcEY0UYhevg\"]}]}<\/script>\n<!-- \/ Yoast SEO plugin. -->","yoast_head_json":{"title":"Titre\u00a0: De la langue et de ses occurrences inaccoutum\u00e9es - Beit al-Hikma","robots":{"index":"index","follow":"follow","max-snippet":"max-snippet:-1","max-image-preview":"max-image-preview:large","max-video-preview":"max-video-preview:-1"},"canonical":"https:\/\/www.beitalhikma.tn\/fr\/publication\/acces-boutique\/livres-en-vente\/titre-de-la-langue-et-de-ses-occurrences-inaccoutumees\/","og_locale":"fr_FR","og_type":"article","og_title":"Titre\u00a0: De la langue et de ses occurrences inaccoutum\u00e9es - Beit al-Hikma","og_description":"Titre\u00a0: De la langue et de ses occurrences inaccoutum\u00e9es  \u00a0 \u00a0 \u00a0d\u2019Abu Ubayd al Qass\u00eem ibn Sallam (770-838). 2e \u00e9dition r\u00e9vis\u00e9e  Edition \u00e9tablie par\u00a0: Mohamed Mokhtar Labidi  Langue\u00a0: Arabe  Date de publication\u00a0: 2019  Format\u00a0: 24 x 17  ISBN\u00a0: 978-9973-49-196-1  Nombre de pages\u00a0: 1126  Th\u00e8me : Linguistique  Poids : 1900 gr  Situation :disponible","og_url":"https:\/\/www.beitalhikma.tn\/fr\/publication\/acces-boutique\/livres-en-vente\/titre-de-la-langue-et-de-ses-occurrences-inaccoutumees\/","og_site_name":"Beit al-Hikma","article_publisher":"https:\/\/www.facebook.com\/BeitalhikmaTunisie\/","article_modified_time":"2022-10-12T09:36:39+00:00","og_image":[{"width":411,"height":670,"url":"https:\/\/www.beitalhikma.tn\/wp-content\/uploads\/2019\/12\/couverture-arabe.jpg","type":"image\/jpeg"}],"twitter_card":"summary_large_image","twitter_site":"@Beit_alhikma_TN","twitter_misc":{"Dur\u00e9e de lecture estim\u00e9e":"1 minute"},"schema":{"@context":"https:\/\/schema.org","@graph":[{"@type":"WebPage","@id":"https:\/\/www.beitalhikma.tn\/fr\/publication\/acces-boutique\/livres-en-vente\/titre-de-la-langue-et-de-ses-occurrences-inaccoutumees\/","url":"https:\/\/www.beitalhikma.tn\/fr\/publication\/acces-boutique\/livres-en-vente\/titre-de-la-langue-et-de-ses-occurrences-inaccoutumees\/","name":"Titre\u00a0: De la langue et de ses occurrences inaccoutum\u00e9es - Beit al-Hikma","isPartOf":{"@id":"https:\/\/www.beitalhikma.tn\/#website"},"primaryImageOfPage":{"@id":"https:\/\/www.beitalhikma.tn\/fr\/publication\/acces-boutique\/livres-en-vente\/titre-de-la-langue-et-de-ses-occurrences-inaccoutumees\/#primaryimage"},"image":{"@id":"https:\/\/www.beitalhikma.tn\/fr\/publication\/acces-boutique\/livres-en-vente\/titre-de-la-langue-et-de-ses-occurrences-inaccoutumees\/#primaryimage"},"thumbnailUrl":"https:\/\/www.beitalhikma.tn\/wp-content\/uploads\/2019\/12\/couverture-arabe.jpg","datePublished":"2019-12-04T15:04:54+00:00","dateModified":"2022-10-12T09:36:39+00:00","breadcrumb":{"@id":"https:\/\/www.beitalhikma.tn\/fr\/publication\/acces-boutique\/livres-en-vente\/titre-de-la-langue-et-de-ses-occurrences-inaccoutumees\/#breadcrumb"},"inLanguage":"fr-FR","potentialAction":[{"@type":"ReadAction","target":["https:\/\/www.beitalhikma.tn\/fr\/publication\/acces-boutique\/livres-en-vente\/titre-de-la-langue-et-de-ses-occurrences-inaccoutumees\/"]}]},{"@type":"ImageObject","inLanguage":"fr-FR","@id":"https:\/\/www.beitalhikma.tn\/fr\/publication\/acces-boutique\/livres-en-vente\/titre-de-la-langue-et-de-ses-occurrences-inaccoutumees\/#primaryimage","url":"https:\/\/www.beitalhikma.tn\/wp-content\/uploads\/2019\/12\/couverture-arabe.jpg","contentUrl":"https:\/\/www.beitalhikma.tn\/wp-content\/uploads\/2019\/12\/couverture-arabe.jpg","width":411,"height":670},{"@type":"BreadcrumbList","@id":"https:\/\/www.beitalhikma.tn\/fr\/publication\/acces-boutique\/livres-en-vente\/titre-de-la-langue-et-de-ses-occurrences-inaccoutumees\/#breadcrumb","itemListElement":[{"@type":"ListItem","position":1,"name":"Accueil","item":"https:\/\/www.beitalhikma.tn\/fr\/"},{"@type":"ListItem","position":2,"name":"Boutique","item":"https:\/\/www.beitalhikma.tn\/fr\/boutique\/"},{"@type":"ListItem","position":3,"name":"Titre\u00a0: De la langue et de ses occurrences inaccoutum\u00e9es"}]},{"@type":"WebSite","@id":"https:\/\/www.beitalhikma.tn\/#website","url":"https:\/\/www.beitalhikma.tn\/","name":"Beit al-Hikma","description":"L&#039;Acad\u00e9mie Tunisienne des Sciences, des Lettres  et des Arts","publisher":{"@id":"https:\/\/www.beitalhikma.tn\/#organization"},"potentialAction":[{"@type":"SearchAction","target":{"@type":"EntryPoint","urlTemplate":"https:\/\/www.beitalhikma.tn\/?s={search_term_string}"},"query-input":{"@type":"PropertyValueSpecification","valueRequired":true,"valueName":"search_term_string"}}],"inLanguage":"fr-FR"},{"@type":"Organization","@id":"https:\/\/www.beitalhikma.tn\/#organization","name":"Beit Al Hikma","url":"https:\/\/www.beitalhikma.tn\/","logo":{"@type":"ImageObject","inLanguage":"fr-FR","@id":"https:\/\/www.beitalhikma.tn\/#\/schema\/logo\/image\/","url":"https:\/\/www.beitalhikma.tn\/wp-content\/uploads\/2014\/11\/logo.png","contentUrl":"https:\/\/www.beitalhikma.tn\/wp-content\/uploads\/2014\/11\/logo.png","width":288,"height":109,"caption":"Beit Al Hikma"},"image":{"@id":"https:\/\/www.beitalhikma.tn\/#\/schema\/logo\/image\/"},"sameAs":["https:\/\/www.facebook.com\/BeitalhikmaTunisie\/","https:\/\/x.com\/Beit_alhikma_TN","https:\/\/www.youtube.com\/channel\/UCl8EfDXqt5MFfcEY0UYhevg"]}]}},"uagb_featured_image_src":{"full":["https:\/\/www.beitalhikma.tn\/wp-content\/uploads\/2019\/12\/couverture-arabe.jpg",411,670,false],"thumbnail":["https:\/\/www.beitalhikma.tn\/wp-content\/uploads\/2019\/12\/couverture-arabe-250x300.jpg",250,300,true],"medium":["https:\/\/www.beitalhikma.tn\/wp-content\/uploads\/2019\/12\/couverture-arabe-184x300.jpg",184,300,true],"medium_large":["https:\/\/www.beitalhikma.tn\/wp-content\/uploads\/2019\/12\/couverture-arabe.jpg",411,670,false],"large":["https:\/\/www.beitalhikma.tn\/wp-content\/uploads\/2019\/12\/couverture-arabe.jpg",411,670,false],"thumblist":["https:\/\/www.beitalhikma.tn\/wp-content\/uploads\/2019\/12\/couverture-arabe-300x300.jpg",300,300,true],"meccarouselthumb":["https:\/\/www.beitalhikma.tn\/wp-content\/uploads\/2019\/12\/couverture-arabe-411x324.jpg",411,324,true],"gridsquare":["https:\/\/www.beitalhikma.tn\/wp-content\/uploads\/2019\/12\/couverture-arabe-391x260.jpg",391,260,true],"tileview":["https:\/\/www.beitalhikma.tn\/wp-content\/uploads\/2019\/12\/couverture-arabe.jpg",245,400,false],"1536x1536":["https:\/\/www.beitalhikma.tn\/wp-content\/uploads\/2019\/12\/couverture-arabe.jpg",411,670,false],"2048x2048":["https:\/\/www.beitalhikma.tn\/wp-content\/uploads\/2019\/12\/couverture-arabe.jpg",411,670,false],"post-thumbnail":["https:\/\/www.beitalhikma.tn\/wp-content\/uploads\/2019\/12\/couverture-arabe-90x146.jpg",90,146,true],"50x50":["https:\/\/www.beitalhikma.tn\/wp-content\/uploads\/2019\/12\/couverture-arabe-31x50.jpg",31,50,true],"portfolio-list":["https:\/\/www.beitalhikma.tn\/wp-content\/uploads\/2019\/12\/couverture-arabe-411x400.jpg",411,400,true],"portfolio-fs":["https:\/\/www.beitalhikma.tn\/wp-content\/uploads\/2019\/12\/couverture-arabe-411x543.jpg",411,543,true],"portfolio-slider":["https:\/\/www.beitalhikma.tn\/wp-content\/uploads\/2019\/12\/couverture-arabe-380x380.jpg",380,380,true],"blog":["https:\/\/www.beitalhikma.tn\/wp-content\/uploads\/2019\/12\/couverture-arabe-411x341.jpg",411,341,true],"blog-single":["https:\/\/www.beitalhikma.tn\/wp-content\/uploads\/2019\/12\/couverture-arabe-411x445.jpg",411,445,true],"blog-item":["https:\/\/www.beitalhikma.tn\/wp-content\/uploads\/2019\/12\/couverture-arabe-411x224.jpg",411,224,true],"blog-widget":["https:\/\/www.beitalhikma.tn\/wp-content\/uploads\/2019\/12\/couverture-arabe-80x60.jpg",80,60,true],"features":["https:\/\/www.beitalhikma.tn\/wp-content\/uploads\/2019\/12\/couverture-arabe-90x90.jpg",90,90,true],"clients-slider":["https:\/\/www.beitalhikma.tn\/wp-content\/uploads\/2019\/12\/couverture-arabe-49x80.jpg",49,80,true],"offer-slider":["https:\/\/www.beitalhikma.tn\/wp-content\/uploads\/2019\/12\/couverture-arabe-411x438.jpg",411,438,true],"offer-slider-pg":["https:\/\/www.beitalhikma.tn\/wp-content\/uploads\/2019\/12\/couverture-arabe-42x42.jpg",42,42,true],"woocommerce_thumbnail":["https:\/\/www.beitalhikma.tn\/wp-content\/uploads\/2019\/12\/couverture-arabe-250x300.jpg",250,300,true],"woocommerce_single":["https:\/\/www.beitalhikma.tn\/wp-content\/uploads\/2019\/12\/couverture-arabe-250x408.jpg",250,408,true],"woocommerce_gallery_thumbnail":["https:\/\/www.beitalhikma.tn\/wp-content\/uploads\/2019\/12\/couverture-arabe-100x100.jpg",100,100,true]},"uagb_author_info":{"display_name":"admin","author_link":"https:\/\/www.beitalhikma.tn\/fr\/author\/"},"uagb_comment_info":0,"uagb_excerpt":"Titre\u00a0: De la langue et de ses occurrences inaccoutum\u00e9es \u00a0 \u00a0 \u00a0d\u2019Abu Ubayd al Qass\u00eem ibn Sallam (770-838). 2e \u00e9dition r\u00e9vis\u00e9e Edition \u00e9tablie par\u00a0: Mohamed Mokhtar Labidi Langue\u00a0: Arabe Date de publication\u00a0: 2019 Format\u00a0: 24 x 17 ISBN\u00a0: 978-9973-49-196-1 Nombre de pages\u00a0: 1126 Th\u00e8me : Linguistique Poids : 1900 gr Situation :disponible","_links":{"self":[{"href":"https:\/\/www.beitalhikma.tn\/fr\/wp-json\/wp\/v2\/product\/35896","targetHints":{"allow":["GET"]}}],"collection":[{"href":"https:\/\/www.beitalhikma.tn\/fr\/wp-json\/wp\/v2\/product"}],"about":[{"href":"https:\/\/www.beitalhikma.tn\/fr\/wp-json\/wp\/v2\/types\/product"}],"wp:featuredmedia":[{"embeddable":true,"href":"https:\/\/www.beitalhikma.tn\/fr\/wp-json\/wp\/v2\/media\/34296"}],"wp:attachment":[{"href":"https:\/\/www.beitalhikma.tn\/fr\/wp-json\/wp\/v2\/media?parent=35896"}],"wp:term":[{"taxonomy":"product_brand","embeddable":true,"href":"https:\/\/www.beitalhikma.tn\/fr\/wp-json\/wp\/v2\/product_brand?post=35896"},{"taxonomy":"product_cat","embeddable":true,"href":"https:\/\/www.beitalhikma.tn\/fr\/wp-json\/wp\/v2\/product_cat?post=35896"},{"taxonomy":"product_tag","embeddable":true,"href":"https:\/\/www.beitalhikma.tn\/fr\/wp-json\/wp\/v2\/product_tag?post=35896"}],"curies":[{"name":"wp","href":"https:\/\/api.w.org\/{rel}","templated":true}]}}