{"id":35900,"date":"2020-02-18T10:55:27","date_gmt":"2020-02-18T09:55:27","guid":{"rendered":"https:\/\/www.beitalhikma.tn\/publication\/acces-boutique\/non%20class\u00e9\/la-tunisie-sous-la-plume-des-voyageurs-a-lepoque-moderne-1492-1789\/"},"modified":"2022-10-12T09:00:39","modified_gmt":"2022-10-12T08:00:39","slug":"la-tunisie-sous-la-plume-des-voyageurs-a-lepoque-moderne-1492-1789","status":"publish","type":"product","link":"https:\/\/www.beitalhikma.tn\/fr\/publication\/acces-boutique\/livres-en-vente\/la-tunisie-sous-la-plume-des-voyageurs-a-lepoque-moderne-1492-1789\/","title":{"rendered":"La Tunisie sous la plume des voyageurs \u00e0 l\u2019\u00e9poque moderne (1492-1789)"},"content":{"rendered":"<p>Les r\u00e9cits de captifs et d\u2019esclaves constituent-ils des r\u00e9f\u00e9rences susceptibles d\u2019enrichir les recherches en histoire et d\u2019inspirer la cr\u00e9ation litt\u00e9raire\u00a0? Comment les voyages accomplis \u00e0 des fins commerciales ou de p\u00e8lerinage deviennent-ils des sources de savoir et de cr\u00e9ativit\u00e9\u00a0? Quel r\u00f4le jouent les diplomates et les missions scientifiques en mati\u00e8re d\u2019inter culturalit\u00e9\u00a0?<\/p>\n<p>Telles sont les questions auxquelles tente de r\u00e9pondre cet ouvrage qui r\u00e9unit les actes d\u2019une conf\u00e9rence internationale organis\u00e9e par l\u2019Acad\u00e9mie tunisienne des\u00a0 Sciences, des Lettres et des Arts, Beit al Hikma, les 25 et 26 octobre 2017. Des chercheurs tunisiens et europ\u00e9ens se sont pench\u00e9s, \u00e0 cette occasion, sur les activit\u00e9s \u00e9conomiques et politiques ainsi que sur les composantes du tissu social de la Tunisie, \u00e0 l\u2019\u00e9poque moderne, d\u2019apr\u00e8s les t\u00e9moignages des captifs, les r\u00e9cits des marchands et les lettres des diplomates, \u00e0 c\u00f4t\u00e9 des recherches men\u00e9es par les historiens et les membres des missions scientifiques europ\u00e9ennes.<\/p>\n<p>&nbsp;<\/p>\n","protected":false},"excerpt":{"rendered":"<ul>\n<li><strong>Titre\u00a0: La Tunisie sous la plume des voyageurs \u00e0 l\u2019\u00e9poque moderne<\/strong><\/li>\n<li><strong>(1492-1789)<\/strong><\/li>\n<li><strong>Ouvrage collectif<\/strong> publi\u00e9 sous la direction du Pr. Alia Baccar Bornaz<\/li>\n<li><strong>Langue\u00a0: <\/strong>Arabe\/Fran\u00e7aise<\/li>\n<li><strong>Date de parution<\/strong>\u00a0: 2019<\/li>\n<li><strong>Format\u00a0:<\/strong> 24 x 16<\/li>\n<li><strong>ISBN\u00a0: <\/strong>9789973492012<\/li>\n<li><strong>Nombre de pages<\/strong>: 225<\/li>\n<li><b>Th\u00e8me: <\/b>Histoire<\/li>\n<li><strong>Poids<\/strong> : 400gr<\/li>\n<li><strong>Situation : <\/strong>disponible<\/li>\n<li><\/li>\n<\/ul>\n","protected":false},"featured_media":31640,"template":"","meta":{"_uag_custom_page_level_css":""},"product_brand":[],"product_cat":[11],"product_tag":[],"class_list":{"0":"post-35900","1":"product","2":"type-product","3":"status-publish","4":"has-post-thumbnail","6":"product_cat-livres-en-vente","8":"first","9":"instock","10":"sale","11":"shipping-taxable","12":"purchasable","13":"product-type-simple"},"yoast_head":"<!-- This site is optimized with the Yoast SEO plugin v27.5 - https:\/\/yoast.com\/product\/yoast-seo-wordpress\/ -->\n<title>La Tunisie sous la plume des voyageurs \u00e0 l\u2019\u00e9poque moderne (1492-1789) - Beit al-Hikma<\/title>\n<meta name=\"robots\" content=\"index, follow, max-snippet:-1, max-image-preview:large, max-video-preview:-1\" \/>\n<link rel=\"canonical\" href=\"https:\/\/www.beitalhikma.tn\/fr\/publication\/acces-boutique\/livres-en-vente\/la-tunisie-sous-la-plume-des-voyageurs-a-lepoque-moderne-1492-1789\/\" \/>\n<meta property=\"og:locale\" content=\"fr_FR\" \/>\n<meta property=\"og:type\" content=\"article\" \/>\n<meta property=\"og:title\" content=\"La Tunisie sous la plume des voyageurs \u00e0 l\u2019\u00e9poque moderne (1492-1789) - Beit al-Hikma\" \/>\n<meta property=\"og:description\" content=\"Titre\u00a0: La Tunisie sous la plume des voyageurs \u00e0 l\u2019\u00e9poque moderne  (1492-1789)  Ouvrage collectif publi\u00e9 sous la direction du Pr. Alia Baccar Bornaz  Langue\u00a0: Arabe\/Fran\u00e7aise  Date de parution\u00a0: 2019  Format\u00a0: 24 x 16  ISBN\u00a0: 9789973492012  Nombre de pages: 225  Th\u00e8me: Histoire  Poids : 400gr  Situation : disponible\" \/>\n<meta property=\"og:url\" content=\"https:\/\/www.beitalhikma.tn\/fr\/publication\/acces-boutique\/livres-en-vente\/la-tunisie-sous-la-plume-des-voyageurs-a-lepoque-moderne-1492-1789\/\" \/>\n<meta property=\"og:site_name\" content=\"Beit al-Hikma\" \/>\n<meta property=\"article:publisher\" content=\"https:\/\/www.facebook.com\/BeitalhikmaTunisie\/\" \/>\n<meta property=\"article:modified_time\" content=\"2022-10-12T08:00:39+00:00\" \/>\n<meta property=\"og:image\" content=\"https:\/\/www.beitalhikma.tn\/wp-content\/uploads\/2019\/10\/couverture.jpg\" \/>\n\t<meta property=\"og:image:width\" content=\"915\" \/>\n\t<meta property=\"og:image:height\" content=\"1379\" \/>\n\t<meta property=\"og:image:type\" content=\"image\/jpeg\" \/>\n<meta name=\"twitter:card\" content=\"summary_large_image\" \/>\n<meta name=\"twitter:site\" content=\"@Beit_alhikma_TN\" \/>\n<meta name=\"twitter:label1\" content=\"Dur\u00e9e de lecture estim\u00e9e\" \/>\n\t<meta name=\"twitter:data1\" content=\"1 minute\" \/>\n<script type=\"application\/ld+json\" class=\"yoast-schema-graph\">{\"@context\":\"https:\\\/\\\/schema.org\",\"@graph\":[{\"@type\":\"WebPage\",\"@id\":\"https:\\\/\\\/www.beitalhikma.tn\\\/fr\\\/publication\\\/acces-boutique\\\/livres-en-vente\\\/la-tunisie-sous-la-plume-des-voyageurs-a-lepoque-moderne-1492-1789\\\/\",\"url\":\"https:\\\/\\\/www.beitalhikma.tn\\\/fr\\\/publication\\\/acces-boutique\\\/livres-en-vente\\\/la-tunisie-sous-la-plume-des-voyageurs-a-lepoque-moderne-1492-1789\\\/\",\"name\":\"La Tunisie sous la plume des voyageurs \u00e0 l\u2019\u00e9poque moderne (1492-1789) - Beit al-Hikma\",\"isPartOf\":{\"@id\":\"https:\\\/\\\/www.beitalhikma.tn\\\/#website\"},\"primaryImageOfPage\":{\"@id\":\"https:\\\/\\\/www.beitalhikma.tn\\\/fr\\\/publication\\\/acces-boutique\\\/livres-en-vente\\\/la-tunisie-sous-la-plume-des-voyageurs-a-lepoque-moderne-1492-1789\\\/#primaryimage\"},\"image\":{\"@id\":\"https:\\\/\\\/www.beitalhikma.tn\\\/fr\\\/publication\\\/acces-boutique\\\/livres-en-vente\\\/la-tunisie-sous-la-plume-des-voyageurs-a-lepoque-moderne-1492-1789\\\/#primaryimage\"},\"thumbnailUrl\":\"https:\\\/\\\/www.beitalhikma.tn\\\/wp-content\\\/uploads\\\/2019\\\/10\\\/couverture.jpg\",\"datePublished\":\"2020-02-18T09:55:27+00:00\",\"dateModified\":\"2022-10-12T08:00:39+00:00\",\"breadcrumb\":{\"@id\":\"https:\\\/\\\/www.beitalhikma.tn\\\/fr\\\/publication\\\/acces-boutique\\\/livres-en-vente\\\/la-tunisie-sous-la-plume-des-voyageurs-a-lepoque-moderne-1492-1789\\\/#breadcrumb\"},\"inLanguage\":\"fr-FR\",\"potentialAction\":[{\"@type\":\"ReadAction\",\"target\":[\"https:\\\/\\\/www.beitalhikma.tn\\\/fr\\\/publication\\\/acces-boutique\\\/livres-en-vente\\\/la-tunisie-sous-la-plume-des-voyageurs-a-lepoque-moderne-1492-1789\\\/\"]}]},{\"@type\":\"ImageObject\",\"inLanguage\":\"fr-FR\",\"@id\":\"https:\\\/\\\/www.beitalhikma.tn\\\/fr\\\/publication\\\/acces-boutique\\\/livres-en-vente\\\/la-tunisie-sous-la-plume-des-voyageurs-a-lepoque-moderne-1492-1789\\\/#primaryimage\",\"url\":\"https:\\\/\\\/www.beitalhikma.tn\\\/wp-content\\\/uploads\\\/2019\\\/10\\\/couverture.jpg\",\"contentUrl\":\"https:\\\/\\\/www.beitalhikma.tn\\\/wp-content\\\/uploads\\\/2019\\\/10\\\/couverture.jpg\",\"width\":915,\"height\":1379},{\"@type\":\"BreadcrumbList\",\"@id\":\"https:\\\/\\\/www.beitalhikma.tn\\\/fr\\\/publication\\\/acces-boutique\\\/livres-en-vente\\\/la-tunisie-sous-la-plume-des-voyageurs-a-lepoque-moderne-1492-1789\\\/#breadcrumb\",\"itemListElement\":[{\"@type\":\"ListItem\",\"position\":1,\"name\":\"Accueil\",\"item\":\"https:\\\/\\\/www.beitalhikma.tn\\\/fr\\\/\"},{\"@type\":\"ListItem\",\"position\":2,\"name\":\"Boutique\",\"item\":\"https:\\\/\\\/www.beitalhikma.tn\\\/fr\\\/boutique\\\/\"},{\"@type\":\"ListItem\",\"position\":3,\"name\":\"La Tunisie sous la plume des voyageurs \u00e0 l\u2019\u00e9poque moderne (1492-1789)\"}]},{\"@type\":\"WebSite\",\"@id\":\"https:\\\/\\\/www.beitalhikma.tn\\\/#website\",\"url\":\"https:\\\/\\\/www.beitalhikma.tn\\\/\",\"name\":\"Beit al-Hikma\",\"description\":\"L&#039;Acad\u00e9mie Tunisienne des Sciences, des Lettres  et des Arts\",\"publisher\":{\"@id\":\"https:\\\/\\\/www.beitalhikma.tn\\\/#organization\"},\"potentialAction\":[{\"@type\":\"SearchAction\",\"target\":{\"@type\":\"EntryPoint\",\"urlTemplate\":\"https:\\\/\\\/www.beitalhikma.tn\\\/?s={search_term_string}\"},\"query-input\":{\"@type\":\"PropertyValueSpecification\",\"valueRequired\":true,\"valueName\":\"search_term_string\"}}],\"inLanguage\":\"fr-FR\"},{\"@type\":\"Organization\",\"@id\":\"https:\\\/\\\/www.beitalhikma.tn\\\/#organization\",\"name\":\"Beit Al Hikma\",\"url\":\"https:\\\/\\\/www.beitalhikma.tn\\\/\",\"logo\":{\"@type\":\"ImageObject\",\"inLanguage\":\"fr-FR\",\"@id\":\"https:\\\/\\\/www.beitalhikma.tn\\\/#\\\/schema\\\/logo\\\/image\\\/\",\"url\":\"https:\\\/\\\/www.beitalhikma.tn\\\/wp-content\\\/uploads\\\/2014\\\/11\\\/logo.png\",\"contentUrl\":\"https:\\\/\\\/www.beitalhikma.tn\\\/wp-content\\\/uploads\\\/2014\\\/11\\\/logo.png\",\"width\":288,\"height\":109,\"caption\":\"Beit Al Hikma\"},\"image\":{\"@id\":\"https:\\\/\\\/www.beitalhikma.tn\\\/#\\\/schema\\\/logo\\\/image\\\/\"},\"sameAs\":[\"https:\\\/\\\/www.facebook.com\\\/BeitalhikmaTunisie\\\/\",\"https:\\\/\\\/x.com\\\/Beit_alhikma_TN\",\"https:\\\/\\\/www.youtube.com\\\/channel\\\/UCl8EfDXqt5MFfcEY0UYhevg\"]}]}<\/script>\n<!-- \/ Yoast SEO plugin. -->","yoast_head_json":{"title":"La Tunisie sous la plume des voyageurs \u00e0 l\u2019\u00e9poque moderne (1492-1789) - Beit al-Hikma","robots":{"index":"index","follow":"follow","max-snippet":"max-snippet:-1","max-image-preview":"max-image-preview:large","max-video-preview":"max-video-preview:-1"},"canonical":"https:\/\/www.beitalhikma.tn\/fr\/publication\/acces-boutique\/livres-en-vente\/la-tunisie-sous-la-plume-des-voyageurs-a-lepoque-moderne-1492-1789\/","og_locale":"fr_FR","og_type":"article","og_title":"La Tunisie sous la plume des voyageurs \u00e0 l\u2019\u00e9poque moderne (1492-1789) - Beit al-Hikma","og_description":"Titre\u00a0: La Tunisie sous la plume des voyageurs \u00e0 l\u2019\u00e9poque moderne  (1492-1789)  Ouvrage collectif publi\u00e9 sous la direction du Pr. Alia Baccar Bornaz  Langue\u00a0: Arabe\/Fran\u00e7aise  Date de parution\u00a0: 2019  Format\u00a0: 24 x 16  ISBN\u00a0: 9789973492012  Nombre de pages: 225  Th\u00e8me: Histoire  Poids : 400gr  Situation : disponible","og_url":"https:\/\/www.beitalhikma.tn\/fr\/publication\/acces-boutique\/livres-en-vente\/la-tunisie-sous-la-plume-des-voyageurs-a-lepoque-moderne-1492-1789\/","og_site_name":"Beit al-Hikma","article_publisher":"https:\/\/www.facebook.com\/BeitalhikmaTunisie\/","article_modified_time":"2022-10-12T08:00:39+00:00","og_image":[{"width":915,"height":1379,"url":"https:\/\/www.beitalhikma.tn\/wp-content\/uploads\/2019\/10\/couverture.jpg","type":"image\/jpeg"}],"twitter_card":"summary_large_image","twitter_site":"@Beit_alhikma_TN","twitter_misc":{"Dur\u00e9e de lecture estim\u00e9e":"1 minute"},"schema":{"@context":"https:\/\/schema.org","@graph":[{"@type":"WebPage","@id":"https:\/\/www.beitalhikma.tn\/fr\/publication\/acces-boutique\/livres-en-vente\/la-tunisie-sous-la-plume-des-voyageurs-a-lepoque-moderne-1492-1789\/","url":"https:\/\/www.beitalhikma.tn\/fr\/publication\/acces-boutique\/livres-en-vente\/la-tunisie-sous-la-plume-des-voyageurs-a-lepoque-moderne-1492-1789\/","name":"La Tunisie sous la plume des voyageurs \u00e0 l\u2019\u00e9poque moderne (1492-1789) - Beit al-Hikma","isPartOf":{"@id":"https:\/\/www.beitalhikma.tn\/#website"},"primaryImageOfPage":{"@id":"https:\/\/www.beitalhikma.tn\/fr\/publication\/acces-boutique\/livres-en-vente\/la-tunisie-sous-la-plume-des-voyageurs-a-lepoque-moderne-1492-1789\/#primaryimage"},"image":{"@id":"https:\/\/www.beitalhikma.tn\/fr\/publication\/acces-boutique\/livres-en-vente\/la-tunisie-sous-la-plume-des-voyageurs-a-lepoque-moderne-1492-1789\/#primaryimage"},"thumbnailUrl":"https:\/\/www.beitalhikma.tn\/wp-content\/uploads\/2019\/10\/couverture.jpg","datePublished":"2020-02-18T09:55:27+00:00","dateModified":"2022-10-12T08:00:39+00:00","breadcrumb":{"@id":"https:\/\/www.beitalhikma.tn\/fr\/publication\/acces-boutique\/livres-en-vente\/la-tunisie-sous-la-plume-des-voyageurs-a-lepoque-moderne-1492-1789\/#breadcrumb"},"inLanguage":"fr-FR","potentialAction":[{"@type":"ReadAction","target":["https:\/\/www.beitalhikma.tn\/fr\/publication\/acces-boutique\/livres-en-vente\/la-tunisie-sous-la-plume-des-voyageurs-a-lepoque-moderne-1492-1789\/"]}]},{"@type":"ImageObject","inLanguage":"fr-FR","@id":"https:\/\/www.beitalhikma.tn\/fr\/publication\/acces-boutique\/livres-en-vente\/la-tunisie-sous-la-plume-des-voyageurs-a-lepoque-moderne-1492-1789\/#primaryimage","url":"https:\/\/www.beitalhikma.tn\/wp-content\/uploads\/2019\/10\/couverture.jpg","contentUrl":"https:\/\/www.beitalhikma.tn\/wp-content\/uploads\/2019\/10\/couverture.jpg","width":915,"height":1379},{"@type":"BreadcrumbList","@id":"https:\/\/www.beitalhikma.tn\/fr\/publication\/acces-boutique\/livres-en-vente\/la-tunisie-sous-la-plume-des-voyageurs-a-lepoque-moderne-1492-1789\/#breadcrumb","itemListElement":[{"@type":"ListItem","position":1,"name":"Accueil","item":"https:\/\/www.beitalhikma.tn\/fr\/"},{"@type":"ListItem","position":2,"name":"Boutique","item":"https:\/\/www.beitalhikma.tn\/fr\/boutique\/"},{"@type":"ListItem","position":3,"name":"La Tunisie sous la plume des voyageurs \u00e0 l\u2019\u00e9poque moderne (1492-1789)"}]},{"@type":"WebSite","@id":"https:\/\/www.beitalhikma.tn\/#website","url":"https:\/\/www.beitalhikma.tn\/","name":"Beit al-Hikma","description":"L&#039;Acad\u00e9mie Tunisienne des Sciences, des Lettres  et des Arts","publisher":{"@id":"https:\/\/www.beitalhikma.tn\/#organization"},"potentialAction":[{"@type":"SearchAction","target":{"@type":"EntryPoint","urlTemplate":"https:\/\/www.beitalhikma.tn\/?s={search_term_string}"},"query-input":{"@type":"PropertyValueSpecification","valueRequired":true,"valueName":"search_term_string"}}],"inLanguage":"fr-FR"},{"@type":"Organization","@id":"https:\/\/www.beitalhikma.tn\/#organization","name":"Beit Al Hikma","url":"https:\/\/www.beitalhikma.tn\/","logo":{"@type":"ImageObject","inLanguage":"fr-FR","@id":"https:\/\/www.beitalhikma.tn\/#\/schema\/logo\/image\/","url":"https:\/\/www.beitalhikma.tn\/wp-content\/uploads\/2014\/11\/logo.png","contentUrl":"https:\/\/www.beitalhikma.tn\/wp-content\/uploads\/2014\/11\/logo.png","width":288,"height":109,"caption":"Beit Al Hikma"},"image":{"@id":"https:\/\/www.beitalhikma.tn\/#\/schema\/logo\/image\/"},"sameAs":["https:\/\/www.facebook.com\/BeitalhikmaTunisie\/","https:\/\/x.com\/Beit_alhikma_TN","https:\/\/www.youtube.com\/channel\/UCl8EfDXqt5MFfcEY0UYhevg"]}]}},"uagb_featured_image_src":{"full":["https:\/\/www.beitalhikma.tn\/wp-content\/uploads\/2019\/10\/couverture.jpg",915,1379,false],"thumbnail":["https:\/\/www.beitalhikma.tn\/wp-content\/uploads\/2019\/10\/couverture-250x300.jpg",250,300,true],"medium":["https:\/\/www.beitalhikma.tn\/wp-content\/uploads\/2019\/10\/couverture-199x300.jpg",199,300,true],"medium_large":["https:\/\/www.beitalhikma.tn\/wp-content\/uploads\/2019\/10\/couverture-768x1157.jpg",768,1157,true],"large":["https:\/\/www.beitalhikma.tn\/wp-content\/uploads\/2019\/10\/couverture-679x1024.jpg",679,1024,true],"thumblist":["https:\/\/www.beitalhikma.tn\/wp-content\/uploads\/2019\/10\/couverture-300x300.jpg",300,300,true],"meccarouselthumb":["https:\/\/www.beitalhikma.tn\/wp-content\/uploads\/2019\/10\/couverture-474x324.jpg",474,324,true],"gridsquare":["https:\/\/www.beitalhikma.tn\/wp-content\/uploads\/2019\/10\/couverture-391x260.jpg",391,260,true],"tileview":["https:\/\/www.beitalhikma.tn\/wp-content\/uploads\/2019\/10\/couverture.jpg",265,400,false],"1536x1536":["https:\/\/www.beitalhikma.tn\/wp-content\/uploads\/2019\/10\/couverture.jpg",915,1379,false],"2048x2048":["https:\/\/www.beitalhikma.tn\/wp-content\/uploads\/2019\/10\/couverture.jpg",915,1379,false],"post-thumbnail":["https:\/\/www.beitalhikma.tn\/wp-content\/uploads\/2019\/10\/couverture-97x146.jpg",97,146,true],"50x50":["https:\/\/www.beitalhikma.tn\/wp-content\/uploads\/2019\/10\/couverture-33x50.jpg",33,50,true],"portfolio-list":["https:\/\/www.beitalhikma.tn\/wp-content\/uploads\/2019\/10\/couverture-600x400.jpg",600,400,true],"portfolio-fs":["https:\/\/www.beitalhikma.tn\/wp-content\/uploads\/2019\/10\/couverture-815x543.jpg",815,543,true],"portfolio-slider":["https:\/\/www.beitalhikma.tn\/wp-content\/uploads\/2019\/10\/couverture-380x380.jpg",380,380,true],"blog":["https:\/\/www.beitalhikma.tn\/wp-content\/uploads\/2019\/10\/couverture-564x341.jpg",564,341,true],"blog-single":["https:\/\/www.beitalhikma.tn\/wp-content\/uploads\/2019\/10\/couverture-915x445.jpg",915,445,true],"blog-item":["https:\/\/www.beitalhikma.tn\/wp-content\/uploads\/2019\/10\/couverture-504x224.jpg",504,224,true],"blog-widget":["https:\/\/www.beitalhikma.tn\/wp-content\/uploads\/2019\/10\/couverture-80x60.jpg",80,60,true],"features":["https:\/\/www.beitalhikma.tn\/wp-content\/uploads\/2019\/10\/couverture-90x90.jpg",90,90,true],"clients-slider":["https:\/\/www.beitalhikma.tn\/wp-content\/uploads\/2019\/10\/couverture-53x80.jpg",53,80,true],"offer-slider":["https:\/\/www.beitalhikma.tn\/wp-content\/uploads\/2019\/10\/couverture-776x438.jpg",776,438,true],"offer-slider-pg":["https:\/\/www.beitalhikma.tn\/wp-content\/uploads\/2019\/10\/couverture-42x42.jpg",42,42,true],"woocommerce_thumbnail":["https:\/\/www.beitalhikma.tn\/wp-content\/uploads\/2019\/10\/couverture-250x300.jpg",250,300,true],"woocommerce_single":["https:\/\/www.beitalhikma.tn\/wp-content\/uploads\/2019\/10\/couverture-250x377.jpg",250,377,true],"woocommerce_gallery_thumbnail":["https:\/\/www.beitalhikma.tn\/wp-content\/uploads\/2019\/10\/couverture-100x100.jpg",100,100,true]},"uagb_author_info":{"display_name":"admin","author_link":"https:\/\/www.beitalhikma.tn\/fr\/author\/"},"uagb_comment_info":0,"uagb_excerpt":"Titre\u00a0: La Tunisie sous la plume des voyageurs \u00e0 l\u2019\u00e9poque moderne (1492-1789) Ouvrage collectif publi\u00e9 sous la direction du Pr. Alia Baccar Bornaz Langue\u00a0: Arabe\/Fran\u00e7aise Date de parution\u00a0: 2019 Format\u00a0: 24 x 16 ISBN\u00a0: 9789973492012 Nombre de pages: 225 Th\u00e8me: Histoire Poids : 400gr Situation : disponible","_links":{"self":[{"href":"https:\/\/www.beitalhikma.tn\/fr\/wp-json\/wp\/v2\/product\/35900","targetHints":{"allow":["GET"]}}],"collection":[{"href":"https:\/\/www.beitalhikma.tn\/fr\/wp-json\/wp\/v2\/product"}],"about":[{"href":"https:\/\/www.beitalhikma.tn\/fr\/wp-json\/wp\/v2\/types\/product"}],"wp:featuredmedia":[{"embeddable":true,"href":"https:\/\/www.beitalhikma.tn\/fr\/wp-json\/wp\/v2\/media\/31640"}],"wp:attachment":[{"href":"https:\/\/www.beitalhikma.tn\/fr\/wp-json\/wp\/v2\/media?parent=35900"}],"wp:term":[{"taxonomy":"product_brand","embeddable":true,"href":"https:\/\/www.beitalhikma.tn\/fr\/wp-json\/wp\/v2\/product_brand?post=35900"},{"taxonomy":"product_cat","embeddable":true,"href":"https:\/\/www.beitalhikma.tn\/fr\/wp-json\/wp\/v2\/product_cat?post=35900"},{"taxonomy":"product_tag","embeddable":true,"href":"https:\/\/www.beitalhikma.tn\/fr\/wp-json\/wp\/v2\/product_tag?post=35900"}],"curies":[{"name":"wp","href":"https:\/\/api.w.org\/{rel}","templated":true}]}}