{"id":5389,"date":"2016-07-22T10:49:17","date_gmt":"2016-07-22T09:49:17","guid":{"rendered":"http:\/\/www.beitalhikma.tn\/?post_type=product&#038;p=5389"},"modified":"2023-09-09T04:44:41","modified_gmt":"2023-09-09T03:44:41","slug":"incompressible-0-0","status":"publish","type":"product","link":"https:\/\/www.beitalhikma.tn\/fr\/publication\/acces-boutique\/livres-en-vente\/incompressible-0-0\/","title":{"rendered":"Incompressible 0.0 : r\u00e9flexions sur l&#8217;enseignement en architecture"},"content":{"rendered":"<p><center><strong>Cet ouvrage s&#8217;int\u00e9resse aux diff\u00e9rentes pratiques p\u00e9dagogiques et m\u00e9thodes d&#8217;enseignement dans le domaine de l&#8217;architecture urbaine dans lequel oeuvre Dorra Ismail Dellagi. Consciente de<\/strong><br \/>\n<strong> l&#8217;importance que rev\u00eat l&#8217;architecture dans sa dimension aussi bien urbaine que philosophique et anthropologique, l&#8217;auteur a analys\u00e9 en profondeur les instruments de connaissance et les approches m\u00e9thodologiques impos\u00e9es par les syst\u00e8mes d&#8217;enseignement dans un contexte purement architectural qui lie l&#8217;imaginaire artistique \u00e0 la formation scientifique. Elle s&#8217;est int\u00e9ress\u00e9e \u00e9galement aux fondements \u00e9pist\u00e9mologiques par rapport \u00e0 la discipline architecture et \u00e0 son enseignabilit\u00e9 pour montrer \u00e0 l&#8217;aide de mod\u00e8les d&#8217;architecture, de dessins et s&#8217;esquisses les liens qui se tissent entre aspects artistiques innovatifs et connaissances scientifiques.<\/strong><br \/>\n<strong> Le livre de Dorra Dellagi est une r\u00e9f\u00e9rence en la mati\u00e8re et constitue une approche nouvelle aidant \u00e0 mieux connaitre la discipline et \u00e0 clarifier la relation de compl\u00e9mentarit\u00e9 entre l&#8217;art architectural et la rigueur scientifique.<\/strong><\/center><\/p>\n","protected":false},"excerpt":{"rendered":"<ul>\n<li><strong>Titre de l\u2019ouvrage :<\/strong> Incompressible 0.0 : r\u00e9flexions sur l&#8217;enseignement en architecture<br \/>\n<strong>Auteur :<\/strong> Dorra Isma\u00efl Dellagi<br \/>\n<strong>Langue :<\/strong> fran\u00e7ais<\/li>\n<li><strong>Date de parution :<\/strong> 2016<\/li>\n<li><strong>Format :<\/strong> 20&#215;29<\/li>\n<li><strong>ISBN :<\/strong> 9789973491640<\/li>\n<li><strong>Nombre de pages :<\/strong> 339<br \/>\n<strong>Th\u00e8me :<\/strong> architecture urbaine<\/li>\n<li><strong>Poids :<\/strong> 1200 gr<br \/>\n<b>Situation : <\/b>disponible<\/li>\n<\/ul>\n","protected":false},"featured_media":5393,"template":"","meta":{"_uag_custom_page_level_css":""},"product_brand":[],"product_cat":[11],"product_tag":[],"class_list":{"0":"post-5389","1":"product","2":"type-product","3":"status-publish","4":"has-post-thumbnail","6":"product_cat-livres-en-vente","8":"first","9":"instock","10":"sale","11":"shipping-taxable","12":"purchasable","13":"product-type-simple"},"yoast_head":"<!-- This site is optimized with the Yoast SEO plugin v27.4 - https:\/\/yoast.com\/product\/yoast-seo-wordpress\/ -->\n<title>Incompressible 0.0 : r\u00e9flexions sur l&#8217;enseignement en architecture - Beit al-Hikma<\/title>\n<meta name=\"robots\" content=\"index, follow, max-snippet:-1, max-image-preview:large, max-video-preview:-1\" \/>\n<link rel=\"canonical\" href=\"https:\/\/www.beitalhikma.tn\/fr\/publication\/acces-boutique\/livres-en-vente\/incompressible-0-0\/\" \/>\n<meta property=\"og:locale\" content=\"fr_FR\" \/>\n<meta property=\"og:type\" content=\"article\" \/>\n<meta property=\"og:title\" content=\"Incompressible 0.0 : r\u00e9flexions sur l&#8217;enseignement en architecture - Beit al-Hikma\" \/>\n<meta property=\"og:description\" content=\"Titre de l\u2019ouvrage : Incompressible 0.0 : r\u00e9flexions sur l&#039;enseignement en architecture Auteur : Dorra Isma\u00efl Dellagi Langue : fran\u00e7ais  Date de parution : 2016  Format : 20x29  ISBN : 9789973491640  Nombre de pages : 339 Th\u00e8me : architecture urbaine  Poids : 1200 gr Situation : disponible\" \/>\n<meta property=\"og:url\" content=\"https:\/\/www.beitalhikma.tn\/fr\/publication\/acces-boutique\/livres-en-vente\/incompressible-0-0\/\" \/>\n<meta property=\"og:site_name\" content=\"Beit al-Hikma\" \/>\n<meta property=\"article:publisher\" content=\"https:\/\/www.facebook.com\/BeitalhikmaTunisie\/\" \/>\n<meta property=\"article:modified_time\" content=\"2023-09-09T03:44:41+00:00\" \/>\n<meta property=\"og:image\" content=\"https:\/\/www.beitalhikma.tn\/wp-content\/uploads\/2016\/07\/couverture-icompressible1-e14691808586951.jpg\" \/>\n\t<meta property=\"og:image:width\" content=\"217\" \/>\n\t<meta property=\"og:image:height\" content=\"150\" \/>\n\t<meta property=\"og:image:type\" content=\"image\/jpeg\" \/>\n<meta name=\"twitter:card\" content=\"summary_large_image\" \/>\n<meta name=\"twitter:site\" content=\"@Beit_alhikma_TN\" \/>\n<meta name=\"twitter:label1\" content=\"Dur\u00e9e de lecture estim\u00e9e\" \/>\n\t<meta name=\"twitter:data1\" content=\"1 minute\" \/>\n<script type=\"application\/ld+json\" class=\"yoast-schema-graph\">{\"@context\":\"https:\\\/\\\/schema.org\",\"@graph\":[{\"@type\":\"WebPage\",\"@id\":\"https:\\\/\\\/www.beitalhikma.tn\\\/fr\\\/publication\\\/acces-boutique\\\/livres-en-vente\\\/incompressible-0-0\\\/\",\"url\":\"https:\\\/\\\/www.beitalhikma.tn\\\/fr\\\/publication\\\/acces-boutique\\\/livres-en-vente\\\/incompressible-0-0\\\/\",\"name\":\"Incompressible 0.0 : r\u00e9flexions sur l&#8217;enseignement en architecture - Beit al-Hikma\",\"isPartOf\":{\"@id\":\"https:\\\/\\\/www.beitalhikma.tn\\\/#website\"},\"primaryImageOfPage\":{\"@id\":\"https:\\\/\\\/www.beitalhikma.tn\\\/fr\\\/publication\\\/acces-boutique\\\/livres-en-vente\\\/incompressible-0-0\\\/#primaryimage\"},\"image\":{\"@id\":\"https:\\\/\\\/www.beitalhikma.tn\\\/fr\\\/publication\\\/acces-boutique\\\/livres-en-vente\\\/incompressible-0-0\\\/#primaryimage\"},\"thumbnailUrl\":\"https:\\\/\\\/www.beitalhikma.tn\\\/wp-content\\\/uploads\\\/2016\\\/07\\\/couverture-icompressible1-e14691808586951.jpg\",\"datePublished\":\"2016-07-22T09:49:17+00:00\",\"dateModified\":\"2023-09-09T03:44:41+00:00\",\"breadcrumb\":{\"@id\":\"https:\\\/\\\/www.beitalhikma.tn\\\/fr\\\/publication\\\/acces-boutique\\\/livres-en-vente\\\/incompressible-0-0\\\/#breadcrumb\"},\"inLanguage\":\"fr-FR\",\"potentialAction\":[{\"@type\":\"ReadAction\",\"target\":[\"https:\\\/\\\/www.beitalhikma.tn\\\/fr\\\/publication\\\/acces-boutique\\\/livres-en-vente\\\/incompressible-0-0\\\/\"]}]},{\"@type\":\"ImageObject\",\"inLanguage\":\"fr-FR\",\"@id\":\"https:\\\/\\\/www.beitalhikma.tn\\\/fr\\\/publication\\\/acces-boutique\\\/livres-en-vente\\\/incompressible-0-0\\\/#primaryimage\",\"url\":\"https:\\\/\\\/www.beitalhikma.tn\\\/wp-content\\\/uploads\\\/2016\\\/07\\\/couverture-icompressible1-e14691808586951.jpg\",\"contentUrl\":\"https:\\\/\\\/www.beitalhikma.tn\\\/wp-content\\\/uploads\\\/2016\\\/07\\\/couverture-icompressible1-e14691808586951.jpg\",\"width\":217,\"height\":150},{\"@type\":\"BreadcrumbList\",\"@id\":\"https:\\\/\\\/www.beitalhikma.tn\\\/fr\\\/publication\\\/acces-boutique\\\/livres-en-vente\\\/incompressible-0-0\\\/#breadcrumb\",\"itemListElement\":[{\"@type\":\"ListItem\",\"position\":1,\"name\":\"Accueil\",\"item\":\"https:\\\/\\\/www.beitalhikma.tn\\\/fr\\\/\"},{\"@type\":\"ListItem\",\"position\":2,\"name\":\"Boutique\",\"item\":\"https:\\\/\\\/www.beitalhikma.tn\\\/fr\\\/boutique\\\/\"},{\"@type\":\"ListItem\",\"position\":3,\"name\":\"Incompressible 0.0 : r\u00e9flexions sur l&#8217;enseignement en architecture\"}]},{\"@type\":\"WebSite\",\"@id\":\"https:\\\/\\\/www.beitalhikma.tn\\\/#website\",\"url\":\"https:\\\/\\\/www.beitalhikma.tn\\\/\",\"name\":\"Beit al-Hikma\",\"description\":\"L&#039;Acad\u00e9mie Tunisienne des Sciences, des Lettres  et des Arts\",\"publisher\":{\"@id\":\"https:\\\/\\\/www.beitalhikma.tn\\\/#organization\"},\"potentialAction\":[{\"@type\":\"SearchAction\",\"target\":{\"@type\":\"EntryPoint\",\"urlTemplate\":\"https:\\\/\\\/www.beitalhikma.tn\\\/?s={search_term_string}\"},\"query-input\":{\"@type\":\"PropertyValueSpecification\",\"valueRequired\":true,\"valueName\":\"search_term_string\"}}],\"inLanguage\":\"fr-FR\"},{\"@type\":\"Organization\",\"@id\":\"https:\\\/\\\/www.beitalhikma.tn\\\/#organization\",\"name\":\"Beit Al Hikma\",\"url\":\"https:\\\/\\\/www.beitalhikma.tn\\\/\",\"logo\":{\"@type\":\"ImageObject\",\"inLanguage\":\"fr-FR\",\"@id\":\"https:\\\/\\\/www.beitalhikma.tn\\\/#\\\/schema\\\/logo\\\/image\\\/\",\"url\":\"https:\\\/\\\/www.beitalhikma.tn\\\/wp-content\\\/uploads\\\/2014\\\/11\\\/logo.png\",\"contentUrl\":\"https:\\\/\\\/www.beitalhikma.tn\\\/wp-content\\\/uploads\\\/2014\\\/11\\\/logo.png\",\"width\":288,\"height\":109,\"caption\":\"Beit Al Hikma\"},\"image\":{\"@id\":\"https:\\\/\\\/www.beitalhikma.tn\\\/#\\\/schema\\\/logo\\\/image\\\/\"},\"sameAs\":[\"https:\\\/\\\/www.facebook.com\\\/BeitalhikmaTunisie\\\/\",\"https:\\\/\\\/x.com\\\/Beit_alhikma_TN\",\"https:\\\/\\\/www.youtube.com\\\/channel\\\/UCl8EfDXqt5MFfcEY0UYhevg\"]}]}<\/script>\n<!-- \/ Yoast SEO plugin. -->","yoast_head_json":{"title":"Incompressible 0.0 : r\u00e9flexions sur l&#8217;enseignement en architecture - Beit al-Hikma","robots":{"index":"index","follow":"follow","max-snippet":"max-snippet:-1","max-image-preview":"max-image-preview:large","max-video-preview":"max-video-preview:-1"},"canonical":"https:\/\/www.beitalhikma.tn\/fr\/publication\/acces-boutique\/livres-en-vente\/incompressible-0-0\/","og_locale":"fr_FR","og_type":"article","og_title":"Incompressible 0.0 : r\u00e9flexions sur l&#8217;enseignement en architecture - Beit al-Hikma","og_description":"Titre de l\u2019ouvrage : Incompressible 0.0 : r\u00e9flexions sur l'enseignement en architecture Auteur : Dorra Isma\u00efl Dellagi Langue : fran\u00e7ais  Date de parution : 2016  Format : 20x29  ISBN : 9789973491640  Nombre de pages : 339 Th\u00e8me : architecture urbaine  Poids : 1200 gr Situation : disponible","og_url":"https:\/\/www.beitalhikma.tn\/fr\/publication\/acces-boutique\/livres-en-vente\/incompressible-0-0\/","og_site_name":"Beit al-Hikma","article_publisher":"https:\/\/www.facebook.com\/BeitalhikmaTunisie\/","article_modified_time":"2023-09-09T03:44:41+00:00","og_image":[{"width":217,"height":150,"url":"https:\/\/www.beitalhikma.tn\/wp-content\/uploads\/2016\/07\/couverture-icompressible1-e14691808586951.jpg","type":"image\/jpeg"}],"twitter_card":"summary_large_image","twitter_site":"@Beit_alhikma_TN","twitter_misc":{"Dur\u00e9e de lecture estim\u00e9e":"1 minute"},"schema":{"@context":"https:\/\/schema.org","@graph":[{"@type":"WebPage","@id":"https:\/\/www.beitalhikma.tn\/fr\/publication\/acces-boutique\/livres-en-vente\/incompressible-0-0\/","url":"https:\/\/www.beitalhikma.tn\/fr\/publication\/acces-boutique\/livres-en-vente\/incompressible-0-0\/","name":"Incompressible 0.0 : r\u00e9flexions sur l&#8217;enseignement en architecture - Beit al-Hikma","isPartOf":{"@id":"https:\/\/www.beitalhikma.tn\/#website"},"primaryImageOfPage":{"@id":"https:\/\/www.beitalhikma.tn\/fr\/publication\/acces-boutique\/livres-en-vente\/incompressible-0-0\/#primaryimage"},"image":{"@id":"https:\/\/www.beitalhikma.tn\/fr\/publication\/acces-boutique\/livres-en-vente\/incompressible-0-0\/#primaryimage"},"thumbnailUrl":"https:\/\/www.beitalhikma.tn\/wp-content\/uploads\/2016\/07\/couverture-icompressible1-e14691808586951.jpg","datePublished":"2016-07-22T09:49:17+00:00","dateModified":"2023-09-09T03:44:41+00:00","breadcrumb":{"@id":"https:\/\/www.beitalhikma.tn\/fr\/publication\/acces-boutique\/livres-en-vente\/incompressible-0-0\/#breadcrumb"},"inLanguage":"fr-FR","potentialAction":[{"@type":"ReadAction","target":["https:\/\/www.beitalhikma.tn\/fr\/publication\/acces-boutique\/livres-en-vente\/incompressible-0-0\/"]}]},{"@type":"ImageObject","inLanguage":"fr-FR","@id":"https:\/\/www.beitalhikma.tn\/fr\/publication\/acces-boutique\/livres-en-vente\/incompressible-0-0\/#primaryimage","url":"https:\/\/www.beitalhikma.tn\/wp-content\/uploads\/2016\/07\/couverture-icompressible1-e14691808586951.jpg","contentUrl":"https:\/\/www.beitalhikma.tn\/wp-content\/uploads\/2016\/07\/couverture-icompressible1-e14691808586951.jpg","width":217,"height":150},{"@type":"BreadcrumbList","@id":"https:\/\/www.beitalhikma.tn\/fr\/publication\/acces-boutique\/livres-en-vente\/incompressible-0-0\/#breadcrumb","itemListElement":[{"@type":"ListItem","position":1,"name":"Accueil","item":"https:\/\/www.beitalhikma.tn\/fr\/"},{"@type":"ListItem","position":2,"name":"Boutique","item":"https:\/\/www.beitalhikma.tn\/fr\/boutique\/"},{"@type":"ListItem","position":3,"name":"Incompressible 0.0 : r\u00e9flexions sur l&#8217;enseignement en architecture"}]},{"@type":"WebSite","@id":"https:\/\/www.beitalhikma.tn\/#website","url":"https:\/\/www.beitalhikma.tn\/","name":"Beit al-Hikma","description":"L&#039;Acad\u00e9mie Tunisienne des Sciences, des Lettres  et des Arts","publisher":{"@id":"https:\/\/www.beitalhikma.tn\/#organization"},"potentialAction":[{"@type":"SearchAction","target":{"@type":"EntryPoint","urlTemplate":"https:\/\/www.beitalhikma.tn\/?s={search_term_string}"},"query-input":{"@type":"PropertyValueSpecification","valueRequired":true,"valueName":"search_term_string"}}],"inLanguage":"fr-FR"},{"@type":"Organization","@id":"https:\/\/www.beitalhikma.tn\/#organization","name":"Beit Al Hikma","url":"https:\/\/www.beitalhikma.tn\/","logo":{"@type":"ImageObject","inLanguage":"fr-FR","@id":"https:\/\/www.beitalhikma.tn\/#\/schema\/logo\/image\/","url":"https:\/\/www.beitalhikma.tn\/wp-content\/uploads\/2014\/11\/logo.png","contentUrl":"https:\/\/www.beitalhikma.tn\/wp-content\/uploads\/2014\/11\/logo.png","width":288,"height":109,"caption":"Beit Al Hikma"},"image":{"@id":"https:\/\/www.beitalhikma.tn\/#\/schema\/logo\/image\/"},"sameAs":["https:\/\/www.facebook.com\/BeitalhikmaTunisie\/","https:\/\/x.com\/Beit_alhikma_TN","https:\/\/www.youtube.com\/channel\/UCl8EfDXqt5MFfcEY0UYhevg"]}]}},"uagb_featured_image_src":{"full":["https:\/\/www.beitalhikma.tn\/wp-content\/uploads\/2016\/07\/couverture-icompressible1-e14691808586951.jpg",217,150,false],"thumbnail":["https:\/\/www.beitalhikma.tn\/wp-content\/uploads\/2016\/07\/couverture-icompressible1-e14691808586951.jpg",217,150,false],"medium":["https:\/\/www.beitalhikma.tn\/wp-content\/uploads\/2016\/07\/couverture-icompressible1-e14691808586951.jpg",217,150,false],"medium_large":["https:\/\/www.beitalhikma.tn\/wp-content\/uploads\/2016\/07\/couverture-icompressible1-e14691808586951.jpg",217,150,false],"large":["https:\/\/www.beitalhikma.tn\/wp-content\/uploads\/2016\/07\/couverture-icompressible1-e14691808586951.jpg",217,150,false],"thumblist":["https:\/\/www.beitalhikma.tn\/wp-content\/uploads\/2016\/07\/couverture-icompressible1-e14691808586951.jpg",217,150,false],"meccarouselthumb":["https:\/\/www.beitalhikma.tn\/wp-content\/uploads\/2016\/07\/couverture-icompressible1-e14691808586951.jpg",217,150,false],"gridsquare":["https:\/\/www.beitalhikma.tn\/wp-content\/uploads\/2016\/07\/couverture-icompressible1-e14691808586951.jpg",217,150,false],"tileview":["https:\/\/www.beitalhikma.tn\/wp-content\/uploads\/2016\/07\/couverture-icompressible1-e14691808586951.jpg",217,150,false],"1536x1536":["https:\/\/www.beitalhikma.tn\/wp-content\/uploads\/2016\/07\/couverture-icompressible1-e14691808586951.jpg",217,150,false],"2048x2048":["https:\/\/www.beitalhikma.tn\/wp-content\/uploads\/2016\/07\/couverture-icompressible1-e14691808586951.jpg",217,150,false],"post-thumbnail":["https:\/\/www.beitalhikma.tn\/wp-content\/uploads\/2016\/07\/couverture-icompressible1-e14691808586951-211x146.jpg",211,146,true],"50x50":["https:\/\/www.beitalhikma.tn\/wp-content\/uploads\/2016\/07\/couverture-icompressible1-e14691808586951-50x35.jpg",50,35,true],"portfolio-list":["https:\/\/www.beitalhikma.tn\/wp-content\/uploads\/2016\/07\/couverture-icompressible1-e14691808586951.jpg",217,150,false],"portfolio-fs":["https:\/\/www.beitalhikma.tn\/wp-content\/uploads\/2016\/07\/couverture-icompressible1-e14691808586951.jpg",217,150,false],"portfolio-slider":["https:\/\/www.beitalhikma.tn\/wp-content\/uploads\/2016\/07\/couverture-icompressible1-e14691808586951.jpg",217,150,false],"blog":["https:\/\/www.beitalhikma.tn\/wp-content\/uploads\/2016\/07\/couverture-icompressible1-e14691808586951.jpg",217,150,false],"blog-single":["https:\/\/www.beitalhikma.tn\/wp-content\/uploads\/2016\/07\/couverture-icompressible1-e14691808586951.jpg",217,150,false],"blog-item":["https:\/\/www.beitalhikma.tn\/wp-content\/uploads\/2016\/07\/couverture-icompressible1-e14691808586951.jpg",217,150,false],"blog-widget":["https:\/\/www.beitalhikma.tn\/wp-content\/uploads\/2016\/07\/couverture-icompressible1-e14691808586951-80x60.jpg",80,60,true],"features":["https:\/\/www.beitalhikma.tn\/wp-content\/uploads\/2016\/07\/couverture-icompressible1-e14691808586951-90x90.jpg",90,90,true],"clients-slider":["https:\/\/www.beitalhikma.tn\/wp-content\/uploads\/2016\/07\/couverture-icompressible1-e14691808586951-116x80.jpg",116,80,true],"offer-slider":["https:\/\/www.beitalhikma.tn\/wp-content\/uploads\/2016\/07\/couverture-icompressible1-e14691808586951.jpg",217,150,false],"offer-slider-pg":["https:\/\/www.beitalhikma.tn\/wp-content\/uploads\/2016\/07\/couverture-icompressible1-e14691808586951-42x42.jpg",42,42,true],"woocommerce_thumbnail":["https:\/\/www.beitalhikma.tn\/wp-content\/uploads\/2016\/07\/couverture-icompressible1-e14691808586951.jpg",217,150,false],"woocommerce_single":["https:\/\/www.beitalhikma.tn\/wp-content\/uploads\/2016\/07\/couverture-icompressible1-e14691808586951.jpg",217,150,false],"woocommerce_gallery_thumbnail":["https:\/\/www.beitalhikma.tn\/wp-content\/uploads\/2016\/07\/couverture-icompressible1-e14691808586951-100x100.jpg",100,100,true]},"uagb_author_info":{"display_name":"admin","author_link":"https:\/\/www.beitalhikma.tn\/fr\/author\/"},"uagb_comment_info":0,"uagb_excerpt":"Titre de l\u2019ouvrage : Incompressible 0.0 : r\u00e9flexions sur l'enseignement en architecture Auteur : Dorra Isma\u00efl Dellagi Langue : fran\u00e7ais Date de parution : 2016 Format : 20x29 ISBN : 9789973491640 Nombre de pages : 339 Th\u00e8me : architecture urbaine Poids : 1200 gr Situation : disponible","_links":{"self":[{"href":"https:\/\/www.beitalhikma.tn\/fr\/wp-json\/wp\/v2\/product\/5389","targetHints":{"allow":["GET"]}}],"collection":[{"href":"https:\/\/www.beitalhikma.tn\/fr\/wp-json\/wp\/v2\/product"}],"about":[{"href":"https:\/\/www.beitalhikma.tn\/fr\/wp-json\/wp\/v2\/types\/product"}],"wp:featuredmedia":[{"embeddable":true,"href":"https:\/\/www.beitalhikma.tn\/fr\/wp-json\/wp\/v2\/media\/5393"}],"wp:attachment":[{"href":"https:\/\/www.beitalhikma.tn\/fr\/wp-json\/wp\/v2\/media?parent=5389"}],"wp:term":[{"taxonomy":"product_brand","embeddable":true,"href":"https:\/\/www.beitalhikma.tn\/fr\/wp-json\/wp\/v2\/product_brand?post=5389"},{"taxonomy":"product_cat","embeddable":true,"href":"https:\/\/www.beitalhikma.tn\/fr\/wp-json\/wp\/v2\/product_cat?post=5389"},{"taxonomy":"product_tag","embeddable":true,"href":"https:\/\/www.beitalhikma.tn\/fr\/wp-json\/wp\/v2\/product_tag?post=5389"}],"curies":[{"name":"wp","href":"https:\/\/api.w.org\/{rel}","templated":true}]}}