{"id":544,"date":"2015-02-03T12:01:08","date_gmt":"2015-02-03T11:01:08","guid":{"rendered":"http:\/\/www.beitalhikma.tn\/?post_type=product&#038;p=544"},"modified":"2022-07-27T22:11:24","modified_gmt":"2022-07-27T21:11:24","slug":"la-genese-de-loubli","status":"publish","type":"product","link":"https:\/\/www.beitalhikma.tn\/fr\/publication\/acces-boutique\/livres-en-vente\/la-genese-de-loubli\/","title":{"rendered":"La Gen\u00e8se de l\u2019oubli"},"content":{"rendered":"<p><a href=\"http:\/\/www.beitalhikma.tn\/wp-content\/uploads\/2015\/02\/pf7.png\"><img loading=\"lazy\" decoding=\"async\" class=\"aligncenter size-full wp-image-5825\" src=\"http:\/\/www.beitalhikma.tn\/wp-content\/uploads\/2015\/02\/pf7.png\" alt=\"pf\" width=\"724\" height=\"560\" srcset=\"https:\/\/www.beitalhikma.tn\/wp-content\/uploads\/2015\/02\/pf7.png 724w, https:\/\/www.beitalhikma.tn\/wp-content\/uploads\/2015\/02\/pf7-250x193.png 250w, https:\/\/www.beitalhikma.tn\/wp-content\/uploads\/2015\/02\/pf7-300x232.png 300w, https:\/\/www.beitalhikma.tn\/wp-content\/uploads\/2015\/02\/pf7-189x146.png 189w, https:\/\/www.beitalhikma.tn\/wp-content\/uploads\/2015\/02\/pf7-50x39.png 50w, https:\/\/www.beitalhikma.tn\/wp-content\/uploads\/2015\/02\/pf7-103x80.png 103w\" sizes=\"auto, (max-width: 724px) 100vw, 724px\" \/><\/a><\/p>\n","protected":false},"excerpt":{"rendered":"<ul>\n<li><strong>Titre de l\u2019ouvrage<\/strong> : La Gen\u00e8se<br \/>\nde l\u2019oubli<\/li>\n<li><strong>Auteur :<\/strong> Mahmoud Messa\u00e2di<br \/>\n<strong>Traducteur :<\/strong> Taoufik Baccar<\/li>\n<li><strong>Langue :<\/strong> fran\u00e7aise<\/li>\n<li><strong>Date de parution :<\/strong> 1993<br \/>\n<strong>Format :<\/strong> 16&#215;24<\/li>\n<li><strong>I<\/strong><strong>SBN :<\/strong>978 9973929098<\/li>\n<li><strong>Nombre de pages :<\/strong>51<\/li>\n<li><strong>Th\u00e8me :<\/strong> Litt\u00e9rature<\/li>\n<li><strong>Poids<\/strong> :100 gr<\/li>\n<li><strong>Situation :<\/strong>disponible<\/li>\n<\/ul>\n","protected":false},"featured_media":545,"template":"","meta":{"_uag_custom_page_level_css":""},"product_brand":[],"product_cat":[11],"product_tag":[],"class_list":{"0":"post-544","1":"product","2":"type-product","3":"status-publish","4":"has-post-thumbnail","6":"product_cat-livres-en-vente","8":"first","9":"instock","10":"sale","11":"shipping-taxable","12":"purchasable","13":"product-type-simple"},"yoast_head":"<!-- This site is optimized with the Yoast SEO plugin v27.3 - https:\/\/yoast.com\/product\/yoast-seo-wordpress\/ -->\n<title>La Gen\u00e8se de l\u2019oubli - Beit al-Hikma<\/title>\n<meta name=\"robots\" content=\"index, follow, max-snippet:-1, max-image-preview:large, max-video-preview:-1\" \/>\n<link rel=\"canonical\" href=\"https:\/\/www.beitalhikma.tn\/fr\/publication\/acces-boutique\/livres-en-vente\/la-genese-de-loubli\/\" \/>\n<meta property=\"og:locale\" content=\"fr_FR\" \/>\n<meta property=\"og:type\" content=\"article\" \/>\n<meta property=\"og:title\" content=\"La Gen\u00e8se de l\u2019oubli - Beit al-Hikma\" \/>\n<meta property=\"og:description\" content=\"Titre de l\u2019ouvrage : La Gen\u00e8se de l\u2019oubli  Auteur : Mahmoud Messa\u00e2di Traducteur : Taoufik Baccar  Langue : fran\u00e7aise  Date de parution : 1993 Format : 16x24  ISBN :978 9973929098  Nombre de pages :51  Th\u00e8me : Litt\u00e9rature  Poids :100 gr  Situation :disponible\" \/>\n<meta property=\"og:url\" content=\"https:\/\/www.beitalhikma.tn\/fr\/publication\/acces-boutique\/livres-en-vente\/la-genese-de-loubli\/\" \/>\n<meta property=\"og:site_name\" content=\"Beit al-Hikma\" \/>\n<meta property=\"article:publisher\" content=\"https:\/\/www.facebook.com\/BeitalhikmaTunisie\/\" \/>\n<meta property=\"article:modified_time\" content=\"2022-07-27T21:11:24+00:00\" \/>\n<meta property=\"og:image\" content=\"https:\/\/www.beitalhikma.tn\/wp-content\/uploads\/2015\/02\/17.jpg\" \/>\n\t<meta property=\"og:image:width\" content=\"250\" \/>\n\t<meta property=\"og:image:height\" content=\"300\" \/>\n\t<meta property=\"og:image:type\" content=\"image\/jpeg\" \/>\n<meta name=\"twitter:card\" content=\"summary_large_image\" \/>\n<meta name=\"twitter:site\" content=\"@Beit_alhikma_TN\" \/>\n<script type=\"application\/ld+json\" class=\"yoast-schema-graph\">{\"@context\":\"https:\\\/\\\/schema.org\",\"@graph\":[{\"@type\":\"WebPage\",\"@id\":\"https:\\\/\\\/www.beitalhikma.tn\\\/fr\\\/publication\\\/acces-boutique\\\/livres-en-vente\\\/la-genese-de-loubli\\\/\",\"url\":\"https:\\\/\\\/www.beitalhikma.tn\\\/fr\\\/publication\\\/acces-boutique\\\/livres-en-vente\\\/la-genese-de-loubli\\\/\",\"name\":\"La Gen\u00e8se de l\u2019oubli - Beit al-Hikma\",\"isPartOf\":{\"@id\":\"https:\\\/\\\/www.beitalhikma.tn\\\/#website\"},\"primaryImageOfPage\":{\"@id\":\"https:\\\/\\\/www.beitalhikma.tn\\\/fr\\\/publication\\\/acces-boutique\\\/livres-en-vente\\\/la-genese-de-loubli\\\/#primaryimage\"},\"image\":{\"@id\":\"https:\\\/\\\/www.beitalhikma.tn\\\/fr\\\/publication\\\/acces-boutique\\\/livres-en-vente\\\/la-genese-de-loubli\\\/#primaryimage\"},\"thumbnailUrl\":\"https:\\\/\\\/www.beitalhikma.tn\\\/wp-content\\\/uploads\\\/2015\\\/02\\\/17.jpg\",\"datePublished\":\"2015-02-03T11:01:08+00:00\",\"dateModified\":\"2022-07-27T21:11:24+00:00\",\"breadcrumb\":{\"@id\":\"https:\\\/\\\/www.beitalhikma.tn\\\/fr\\\/publication\\\/acces-boutique\\\/livres-en-vente\\\/la-genese-de-loubli\\\/#breadcrumb\"},\"inLanguage\":\"fr-FR\",\"potentialAction\":[{\"@type\":\"ReadAction\",\"target\":[\"https:\\\/\\\/www.beitalhikma.tn\\\/fr\\\/publication\\\/acces-boutique\\\/livres-en-vente\\\/la-genese-de-loubli\\\/\"]}]},{\"@type\":\"ImageObject\",\"inLanguage\":\"fr-FR\",\"@id\":\"https:\\\/\\\/www.beitalhikma.tn\\\/fr\\\/publication\\\/acces-boutique\\\/livres-en-vente\\\/la-genese-de-loubli\\\/#primaryimage\",\"url\":\"https:\\\/\\\/www.beitalhikma.tn\\\/wp-content\\\/uploads\\\/2015\\\/02\\\/17.jpg\",\"contentUrl\":\"https:\\\/\\\/www.beitalhikma.tn\\\/wp-content\\\/uploads\\\/2015\\\/02\\\/17.jpg\",\"width\":250,\"height\":300},{\"@type\":\"BreadcrumbList\",\"@id\":\"https:\\\/\\\/www.beitalhikma.tn\\\/fr\\\/publication\\\/acces-boutique\\\/livres-en-vente\\\/la-genese-de-loubli\\\/#breadcrumb\",\"itemListElement\":[{\"@type\":\"ListItem\",\"position\":1,\"name\":\"Accueil\",\"item\":\"https:\\\/\\\/www.beitalhikma.tn\\\/fr\\\/\"},{\"@type\":\"ListItem\",\"position\":2,\"name\":\"Boutique\",\"item\":\"https:\\\/\\\/www.beitalhikma.tn\\\/fr\\\/boutique\\\/\"},{\"@type\":\"ListItem\",\"position\":3,\"name\":\"La Gen\u00e8se de l\u2019oubli\"}]},{\"@type\":\"WebSite\",\"@id\":\"https:\\\/\\\/www.beitalhikma.tn\\\/#website\",\"url\":\"https:\\\/\\\/www.beitalhikma.tn\\\/\",\"name\":\"Beit al-Hikma\",\"description\":\"L&#039;Acad\u00e9mie Tunisienne des Sciences, des Lettres  et des Arts\",\"publisher\":{\"@id\":\"https:\\\/\\\/www.beitalhikma.tn\\\/#organization\"},\"potentialAction\":[{\"@type\":\"SearchAction\",\"target\":{\"@type\":\"EntryPoint\",\"urlTemplate\":\"https:\\\/\\\/www.beitalhikma.tn\\\/?s={search_term_string}\"},\"query-input\":{\"@type\":\"PropertyValueSpecification\",\"valueRequired\":true,\"valueName\":\"search_term_string\"}}],\"inLanguage\":\"fr-FR\"},{\"@type\":\"Organization\",\"@id\":\"https:\\\/\\\/www.beitalhikma.tn\\\/#organization\",\"name\":\"Beit Al Hikma\",\"url\":\"https:\\\/\\\/www.beitalhikma.tn\\\/\",\"logo\":{\"@type\":\"ImageObject\",\"inLanguage\":\"fr-FR\",\"@id\":\"https:\\\/\\\/www.beitalhikma.tn\\\/#\\\/schema\\\/logo\\\/image\\\/\",\"url\":\"https:\\\/\\\/www.beitalhikma.tn\\\/wp-content\\\/uploads\\\/2014\\\/11\\\/logo.png\",\"contentUrl\":\"https:\\\/\\\/www.beitalhikma.tn\\\/wp-content\\\/uploads\\\/2014\\\/11\\\/logo.png\",\"width\":288,\"height\":109,\"caption\":\"Beit Al Hikma\"},\"image\":{\"@id\":\"https:\\\/\\\/www.beitalhikma.tn\\\/#\\\/schema\\\/logo\\\/image\\\/\"},\"sameAs\":[\"https:\\\/\\\/www.facebook.com\\\/BeitalhikmaTunisie\\\/\",\"https:\\\/\\\/x.com\\\/Beit_alhikma_TN\",\"https:\\\/\\\/www.youtube.com\\\/channel\\\/UCl8EfDXqt5MFfcEY0UYhevg\"]}]}<\/script>\n<!-- \/ Yoast SEO plugin. -->","yoast_head_json":{"title":"La Gen\u00e8se de l\u2019oubli - Beit al-Hikma","robots":{"index":"index","follow":"follow","max-snippet":"max-snippet:-1","max-image-preview":"max-image-preview:large","max-video-preview":"max-video-preview:-1"},"canonical":"https:\/\/www.beitalhikma.tn\/fr\/publication\/acces-boutique\/livres-en-vente\/la-genese-de-loubli\/","og_locale":"fr_FR","og_type":"article","og_title":"La Gen\u00e8se de l\u2019oubli - Beit al-Hikma","og_description":"Titre de l\u2019ouvrage : La Gen\u00e8se de l\u2019oubli  Auteur : Mahmoud Messa\u00e2di Traducteur : Taoufik Baccar  Langue : fran\u00e7aise  Date de parution : 1993 Format : 16x24  ISBN :978 9973929098  Nombre de pages :51  Th\u00e8me : Litt\u00e9rature  Poids :100 gr  Situation :disponible","og_url":"https:\/\/www.beitalhikma.tn\/fr\/publication\/acces-boutique\/livres-en-vente\/la-genese-de-loubli\/","og_site_name":"Beit al-Hikma","article_publisher":"https:\/\/www.facebook.com\/BeitalhikmaTunisie\/","article_modified_time":"2022-07-27T21:11:24+00:00","og_image":[{"width":250,"height":300,"url":"https:\/\/www.beitalhikma.tn\/wp-content\/uploads\/2015\/02\/17.jpg","type":"image\/jpeg"}],"twitter_card":"summary_large_image","twitter_site":"@Beit_alhikma_TN","schema":{"@context":"https:\/\/schema.org","@graph":[{"@type":"WebPage","@id":"https:\/\/www.beitalhikma.tn\/fr\/publication\/acces-boutique\/livres-en-vente\/la-genese-de-loubli\/","url":"https:\/\/www.beitalhikma.tn\/fr\/publication\/acces-boutique\/livres-en-vente\/la-genese-de-loubli\/","name":"La Gen\u00e8se de l\u2019oubli - Beit al-Hikma","isPartOf":{"@id":"https:\/\/www.beitalhikma.tn\/#website"},"primaryImageOfPage":{"@id":"https:\/\/www.beitalhikma.tn\/fr\/publication\/acces-boutique\/livres-en-vente\/la-genese-de-loubli\/#primaryimage"},"image":{"@id":"https:\/\/www.beitalhikma.tn\/fr\/publication\/acces-boutique\/livres-en-vente\/la-genese-de-loubli\/#primaryimage"},"thumbnailUrl":"https:\/\/www.beitalhikma.tn\/wp-content\/uploads\/2015\/02\/17.jpg","datePublished":"2015-02-03T11:01:08+00:00","dateModified":"2022-07-27T21:11:24+00:00","breadcrumb":{"@id":"https:\/\/www.beitalhikma.tn\/fr\/publication\/acces-boutique\/livres-en-vente\/la-genese-de-loubli\/#breadcrumb"},"inLanguage":"fr-FR","potentialAction":[{"@type":"ReadAction","target":["https:\/\/www.beitalhikma.tn\/fr\/publication\/acces-boutique\/livres-en-vente\/la-genese-de-loubli\/"]}]},{"@type":"ImageObject","inLanguage":"fr-FR","@id":"https:\/\/www.beitalhikma.tn\/fr\/publication\/acces-boutique\/livres-en-vente\/la-genese-de-loubli\/#primaryimage","url":"https:\/\/www.beitalhikma.tn\/wp-content\/uploads\/2015\/02\/17.jpg","contentUrl":"https:\/\/www.beitalhikma.tn\/wp-content\/uploads\/2015\/02\/17.jpg","width":250,"height":300},{"@type":"BreadcrumbList","@id":"https:\/\/www.beitalhikma.tn\/fr\/publication\/acces-boutique\/livres-en-vente\/la-genese-de-loubli\/#breadcrumb","itemListElement":[{"@type":"ListItem","position":1,"name":"Accueil","item":"https:\/\/www.beitalhikma.tn\/fr\/"},{"@type":"ListItem","position":2,"name":"Boutique","item":"https:\/\/www.beitalhikma.tn\/fr\/boutique\/"},{"@type":"ListItem","position":3,"name":"La Gen\u00e8se de l\u2019oubli"}]},{"@type":"WebSite","@id":"https:\/\/www.beitalhikma.tn\/#website","url":"https:\/\/www.beitalhikma.tn\/","name":"Beit al-Hikma","description":"L&#039;Acad\u00e9mie Tunisienne des Sciences, des Lettres  et des Arts","publisher":{"@id":"https:\/\/www.beitalhikma.tn\/#organization"},"potentialAction":[{"@type":"SearchAction","target":{"@type":"EntryPoint","urlTemplate":"https:\/\/www.beitalhikma.tn\/?s={search_term_string}"},"query-input":{"@type":"PropertyValueSpecification","valueRequired":true,"valueName":"search_term_string"}}],"inLanguage":"fr-FR"},{"@type":"Organization","@id":"https:\/\/www.beitalhikma.tn\/#organization","name":"Beit Al Hikma","url":"https:\/\/www.beitalhikma.tn\/","logo":{"@type":"ImageObject","inLanguage":"fr-FR","@id":"https:\/\/www.beitalhikma.tn\/#\/schema\/logo\/image\/","url":"https:\/\/www.beitalhikma.tn\/wp-content\/uploads\/2014\/11\/logo.png","contentUrl":"https:\/\/www.beitalhikma.tn\/wp-content\/uploads\/2014\/11\/logo.png","width":288,"height":109,"caption":"Beit Al Hikma"},"image":{"@id":"https:\/\/www.beitalhikma.tn\/#\/schema\/logo\/image\/"},"sameAs":["https:\/\/www.facebook.com\/BeitalhikmaTunisie\/","https:\/\/x.com\/Beit_alhikma_TN","https:\/\/www.youtube.com\/channel\/UCl8EfDXqt5MFfcEY0UYhevg"]}]}},"uagb_featured_image_src":{"full":["https:\/\/www.beitalhikma.tn\/wp-content\/uploads\/2015\/02\/17.jpg",250,300,false],"thumbnail":["https:\/\/www.beitalhikma.tn\/wp-content\/uploads\/2015\/02\/17-250x300.jpg",250,300,true],"medium":["https:\/\/www.beitalhikma.tn\/wp-content\/uploads\/2015\/02\/17-250x300.jpg",250,300,true],"medium_large":["https:\/\/www.beitalhikma.tn\/wp-content\/uploads\/2015\/02\/17.jpg",250,300,false],"large":["https:\/\/www.beitalhikma.tn\/wp-content\/uploads\/2015\/02\/17.jpg",250,300,false],"thumblist":["https:\/\/www.beitalhikma.tn\/wp-content\/uploads\/2015\/02\/17.jpg",250,300,false],"meccarouselthumb":["https:\/\/www.beitalhikma.tn\/wp-content\/uploads\/2015\/02\/17.jpg",250,300,false],"gridsquare":["https:\/\/www.beitalhikma.tn\/wp-content\/uploads\/2015\/02\/17.jpg",217,260,false],"tileview":["https:\/\/www.beitalhikma.tn\/wp-content\/uploads\/2015\/02\/17.jpg",250,300,false],"1536x1536":["https:\/\/www.beitalhikma.tn\/wp-content\/uploads\/2015\/02\/17.jpg",250,300,false],"2048x2048":["https:\/\/www.beitalhikma.tn\/wp-content\/uploads\/2015\/02\/17.jpg",250,300,false],"post-thumbnail":["https:\/\/www.beitalhikma.tn\/wp-content\/uploads\/2015\/02\/17-122x146.jpg",122,146,true],"50x50":["https:\/\/www.beitalhikma.tn\/wp-content\/uploads\/2015\/02\/17-42x50.jpg",42,50,true],"portfolio-list":["https:\/\/www.beitalhikma.tn\/wp-content\/uploads\/2015\/02\/17.jpg",250,300,false],"portfolio-fs":["https:\/\/www.beitalhikma.tn\/wp-content\/uploads\/2015\/02\/17.jpg",250,300,false],"portfolio-slider":["https:\/\/www.beitalhikma.tn\/wp-content\/uploads\/2015\/02\/17.jpg",250,300,false],"blog":["https:\/\/www.beitalhikma.tn\/wp-content\/uploads\/2015\/02\/17.jpg",250,300,false],"blog-single":["https:\/\/www.beitalhikma.tn\/wp-content\/uploads\/2015\/02\/17.jpg",250,300,false],"blog-item":["https:\/\/www.beitalhikma.tn\/wp-content\/uploads\/2015\/02\/17-250x224.jpg",250,224,true],"blog-widget":["https:\/\/www.beitalhikma.tn\/wp-content\/uploads\/2015\/02\/17-80x60.jpg",80,60,true],"features":["https:\/\/www.beitalhikma.tn\/wp-content\/uploads\/2015\/02\/17-90x90.jpg",90,90,true],"clients-slider":["https:\/\/www.beitalhikma.tn\/wp-content\/uploads\/2015\/02\/17-67x80.jpg",67,80,true],"offer-slider":["https:\/\/www.beitalhikma.tn\/wp-content\/uploads\/2015\/02\/17.jpg",250,300,false],"offer-slider-pg":["https:\/\/www.beitalhikma.tn\/wp-content\/uploads\/2015\/02\/17-42x42.jpg",42,42,true],"woocommerce_thumbnail":["https:\/\/www.beitalhikma.tn\/wp-content\/uploads\/2015\/02\/17-250x300.jpg",250,300,true],"woocommerce_single":["https:\/\/www.beitalhikma.tn\/wp-content\/uploads\/2015\/02\/17-250x300.jpg",250,300,true],"woocommerce_gallery_thumbnail":["https:\/\/www.beitalhikma.tn\/wp-content\/uploads\/2015\/02\/17-100x100.jpg",100,100,true]},"uagb_author_info":{"display_name":"admin","author_link":"https:\/\/www.beitalhikma.tn\/fr\/author\/"},"uagb_comment_info":0,"uagb_excerpt":"Titre de l\u2019ouvrage : La Gen\u00e8se de l\u2019oubli Auteur : Mahmoud Messa\u00e2di Traducteur : Taoufik Baccar Langue : fran\u00e7aise Date de parution : 1993 Format : 16x24 ISBN :978 9973929098 Nombre de pages :51 Th\u00e8me : Litt\u00e9rature Poids :100 gr Situation :disponible","_links":{"self":[{"href":"https:\/\/www.beitalhikma.tn\/fr\/wp-json\/wp\/v2\/product\/544","targetHints":{"allow":["GET"]}}],"collection":[{"href":"https:\/\/www.beitalhikma.tn\/fr\/wp-json\/wp\/v2\/product"}],"about":[{"href":"https:\/\/www.beitalhikma.tn\/fr\/wp-json\/wp\/v2\/types\/product"}],"wp:featuredmedia":[{"embeddable":true,"href":"https:\/\/www.beitalhikma.tn\/fr\/wp-json\/wp\/v2\/media\/545"}],"wp:attachment":[{"href":"https:\/\/www.beitalhikma.tn\/fr\/wp-json\/wp\/v2\/media?parent=544"}],"wp:term":[{"taxonomy":"product_brand","embeddable":true,"href":"https:\/\/www.beitalhikma.tn\/fr\/wp-json\/wp\/v2\/product_brand?post=544"},{"taxonomy":"product_cat","embeddable":true,"href":"https:\/\/www.beitalhikma.tn\/fr\/wp-json\/wp\/v2\/product_cat?post=544"},{"taxonomy":"product_tag","embeddable":true,"href":"https:\/\/www.beitalhikma.tn\/fr\/wp-json\/wp\/v2\/product_tag?post=544"}],"curies":[{"name":"wp","href":"https:\/\/api.w.org\/{rel}","templated":true}]}}