{"id":55910,"date":"2020-08-03T11:51:35","date_gmt":"2020-08-03T10:51:35","guid":{"rendered":"https:\/\/www.beitalhikma.tn\/?post_type=product&#038;p=55910"},"modified":"2022-10-13T09:23:50","modified_gmt":"2022-10-13T08:23:50","slug":"melanges-dhistoire-ancienne-2","status":"publish","type":"product","link":"https:\/\/www.beitalhikma.tn\/fr\/publication\/acces-boutique\/livres-en-vente\/melanges-dhistoire-ancienne-2\/","title":{"rendered":"M\u00e9langes d\u2019histoire ancienne"},"content":{"rendered":"<p>Le lecteur de cet ouvrage partira \u00e0 la d\u00e9couverte de l\u2019histoire de villes, de royaumes, de moments \u00e9piques de l\u2019histoire ancienne. Ce recueil d\u2019articles traite en effet de l\u2019\u00e9mergence d\u2019empires et de civilisations qui furent \u00e0 l\u2019avant-garde du progr\u00e8s dans le monde, comme ce fut le cas, notamment, pour la naissance de Carthage avec ses racines africaines.<\/p>\n<p>L\u2019auteur ne s\u2019arr\u00eate pas \u00e0 l\u2019\u00e9vocation des premiers \u00e2ges de cette civilisation, il met l\u2019accent sur la port\u00e9e universelle de la Constitution de Carthage qui fut salu\u00e9e par les plus grands l\u00e9gislateurs et philosophes \u00e0 l\u2019instar d\u2019Aristote qui rend hommage dans sa <em>Politique <\/em>aux formes d\u2019\u00e9mancipation et aux m\u00e9canismes de constitution des \u00c9tats auxquels renvoie ce grand texte. Il met \u00e9galement en \u00e9vidence la cohabitation entre les diverses cultures et structures tribales, les rites religieux, l\u2019expansion de certaines civilisations et les mutations linguistiques qui ont marqu\u00e9 le Proche-Orient, tout en s\u2019arr\u00eatant sur la probl\u00e9matique des conqu\u00eates romaines.<\/p>\n<p>Ce livre constitue, en somme, une promenade \u00e0 travers cette \u00e9poque, jalonn\u00e9e de m\u00e9ditations sur les concepts de sagesse, de paganisme, de monoth\u00e9isme. Il souligne les diff\u00e9rences entre les nombreux syst\u00e8mes de gouvernement et leur \u00e9volution \u00e0 travers l\u2019histoire, comme ce fut le cas pour les r\u00e9gimes d\u00e9mocratiques.<\/p>\n","protected":false},"excerpt":{"rendered":"<ul>\n<li style=\"text-align: left;\"><strong>Titre:<\/strong>M\u00e9langes d&#8217;histoire ancienne<\/li>\n<li><b>Auteur: <\/b>Ammar Mahjoubi<\/li>\n<li><strong>Langue :\u00a0<\/strong>fran\u00e7ais<\/li>\n<li><strong>Date de parution :<\/strong> 2020<\/li>\n<li><strong>Format : <\/strong>16&#215;24<\/li>\n<li><strong>ISBN : <\/strong>9789973492142<\/li>\n<li><strong>Nombre de pages :<\/strong>319<br \/>\n<strong>Th\u00e8me :<\/strong>historique<\/li>\n<li><strong>Poids : <\/strong>500 gr<br \/>\n<strong>Situation :\u00a0<\/strong>disponible<\/li>\n<\/ul>\n","protected":false},"featured_media":55046,"template":"","meta":{"_uag_custom_page_level_css":""},"product_brand":[],"product_cat":[11],"product_tag":[],"class_list":{"0":"post-55910","1":"product","2":"type-product","3":"status-publish","4":"has-post-thumbnail","6":"product_cat-livres-en-vente","8":"first","9":"instock","10":"sale","11":"shipping-taxable","12":"purchasable","13":"product-type-simple"},"yoast_head":"<!-- This site is optimized with the Yoast SEO plugin v27.3 - https:\/\/yoast.com\/product\/yoast-seo-wordpress\/ -->\n<title>M\u00e9langes d\u2019histoire ancienne - Beit al-Hikma<\/title>\n<meta name=\"robots\" content=\"index, follow, max-snippet:-1, max-image-preview:large, max-video-preview:-1\" \/>\n<link rel=\"canonical\" href=\"https:\/\/www.beitalhikma.tn\/fr\/publication\/acces-boutique\/livres-en-vente\/melanges-dhistoire-ancienne-2\/\" \/>\n<meta property=\"og:locale\" content=\"fr_FR\" \/>\n<meta property=\"og:type\" content=\"article\" \/>\n<meta property=\"og:title\" content=\"M\u00e9langes d\u2019histoire ancienne - Beit al-Hikma\" \/>\n<meta property=\"og:description\" content=\"Titre:M\u00e9langes d&#039;histoire ancienne  Auteur: Ammar Mahjoubi  Langue :\u00a0fran\u00e7ais  Date de parution : 2020  Format : 16x24  ISBN : 9789973492142  Nombre de pages :319 Th\u00e8me :historique  Poids : 500 gr Situation :\u00a0disponible\" \/>\n<meta property=\"og:url\" content=\"https:\/\/www.beitalhikma.tn\/fr\/publication\/acces-boutique\/livres-en-vente\/melanges-dhistoire-ancienne-2\/\" \/>\n<meta property=\"og:site_name\" content=\"Beit al-Hikma\" \/>\n<meta property=\"article:publisher\" content=\"https:\/\/www.facebook.com\/BeitalhikmaTunisie\/\" \/>\n<meta property=\"article:modified_time\" content=\"2022-10-13T08:23:50+00:00\" \/>\n<meta property=\"og:image\" content=\"https:\/\/www.beitalhikma.tn\/wp-content\/uploads\/2020\/06\/1e\u0300re-de-couv-livre-Ammar-Mahjoubi-1.jpg\" \/>\n\t<meta property=\"og:image:width\" content=\"918\" \/>\n\t<meta property=\"og:image:height\" content=\"1388\" \/>\n\t<meta property=\"og:image:type\" content=\"image\/jpeg\" \/>\n<meta name=\"twitter:card\" content=\"summary_large_image\" \/>\n<meta name=\"twitter:site\" content=\"@Beit_alhikma_TN\" \/>\n<meta name=\"twitter:label1\" content=\"Dur\u00e9e de lecture estim\u00e9e\" \/>\n\t<meta name=\"twitter:data1\" content=\"1 minute\" \/>\n<script type=\"application\/ld+json\" class=\"yoast-schema-graph\">{\"@context\":\"https:\\\/\\\/schema.org\",\"@graph\":[{\"@type\":\"WebPage\",\"@id\":\"https:\\\/\\\/www.beitalhikma.tn\\\/fr\\\/publication\\\/acces-boutique\\\/livres-en-vente\\\/melanges-dhistoire-ancienne-2\\\/\",\"url\":\"https:\\\/\\\/www.beitalhikma.tn\\\/fr\\\/publication\\\/acces-boutique\\\/livres-en-vente\\\/melanges-dhistoire-ancienne-2\\\/\",\"name\":\"M\u00e9langes d\u2019histoire ancienne - Beit al-Hikma\",\"isPartOf\":{\"@id\":\"https:\\\/\\\/www.beitalhikma.tn\\\/#website\"},\"primaryImageOfPage\":{\"@id\":\"https:\\\/\\\/www.beitalhikma.tn\\\/fr\\\/publication\\\/acces-boutique\\\/livres-en-vente\\\/melanges-dhistoire-ancienne-2\\\/#primaryimage\"},\"image\":{\"@id\":\"https:\\\/\\\/www.beitalhikma.tn\\\/fr\\\/publication\\\/acces-boutique\\\/livres-en-vente\\\/melanges-dhistoire-ancienne-2\\\/#primaryimage\"},\"thumbnailUrl\":\"https:\\\/\\\/www.beitalhikma.tn\\\/wp-content\\\/uploads\\\/2020\\\/06\\\/1e\u0300re-de-couv-livre-Ammar-Mahjoubi-1.jpg\",\"datePublished\":\"2020-08-03T10:51:35+00:00\",\"dateModified\":\"2022-10-13T08:23:50+00:00\",\"breadcrumb\":{\"@id\":\"https:\\\/\\\/www.beitalhikma.tn\\\/fr\\\/publication\\\/acces-boutique\\\/livres-en-vente\\\/melanges-dhistoire-ancienne-2\\\/#breadcrumb\"},\"inLanguage\":\"fr-FR\",\"potentialAction\":[{\"@type\":\"ReadAction\",\"target\":[\"https:\\\/\\\/www.beitalhikma.tn\\\/fr\\\/publication\\\/acces-boutique\\\/livres-en-vente\\\/melanges-dhistoire-ancienne-2\\\/\"]}]},{\"@type\":\"ImageObject\",\"inLanguage\":\"fr-FR\",\"@id\":\"https:\\\/\\\/www.beitalhikma.tn\\\/fr\\\/publication\\\/acces-boutique\\\/livres-en-vente\\\/melanges-dhistoire-ancienne-2\\\/#primaryimage\",\"url\":\"https:\\\/\\\/www.beitalhikma.tn\\\/wp-content\\\/uploads\\\/2020\\\/06\\\/1e\u0300re-de-couv-livre-Ammar-Mahjoubi-1.jpg\",\"contentUrl\":\"https:\\\/\\\/www.beitalhikma.tn\\\/wp-content\\\/uploads\\\/2020\\\/06\\\/1e\u0300re-de-couv-livre-Ammar-Mahjoubi-1.jpg\",\"width\":918,\"height\":1388},{\"@type\":\"BreadcrumbList\",\"@id\":\"https:\\\/\\\/www.beitalhikma.tn\\\/fr\\\/publication\\\/acces-boutique\\\/livres-en-vente\\\/melanges-dhistoire-ancienne-2\\\/#breadcrumb\",\"itemListElement\":[{\"@type\":\"ListItem\",\"position\":1,\"name\":\"Accueil\",\"item\":\"https:\\\/\\\/www.beitalhikma.tn\\\/fr\\\/\"},{\"@type\":\"ListItem\",\"position\":2,\"name\":\"Boutique\",\"item\":\"https:\\\/\\\/www.beitalhikma.tn\\\/fr\\\/boutique\\\/\"},{\"@type\":\"ListItem\",\"position\":3,\"name\":\"M\u00e9langes d\u2019histoire ancienne\"}]},{\"@type\":\"WebSite\",\"@id\":\"https:\\\/\\\/www.beitalhikma.tn\\\/#website\",\"url\":\"https:\\\/\\\/www.beitalhikma.tn\\\/\",\"name\":\"Beit al-Hikma\",\"description\":\"L&#039;Acad\u00e9mie Tunisienne des Sciences, des Lettres  et des Arts\",\"publisher\":{\"@id\":\"https:\\\/\\\/www.beitalhikma.tn\\\/#organization\"},\"potentialAction\":[{\"@type\":\"SearchAction\",\"target\":{\"@type\":\"EntryPoint\",\"urlTemplate\":\"https:\\\/\\\/www.beitalhikma.tn\\\/?s={search_term_string}\"},\"query-input\":{\"@type\":\"PropertyValueSpecification\",\"valueRequired\":true,\"valueName\":\"search_term_string\"}}],\"inLanguage\":\"fr-FR\"},{\"@type\":\"Organization\",\"@id\":\"https:\\\/\\\/www.beitalhikma.tn\\\/#organization\",\"name\":\"Beit Al Hikma\",\"url\":\"https:\\\/\\\/www.beitalhikma.tn\\\/\",\"logo\":{\"@type\":\"ImageObject\",\"inLanguage\":\"fr-FR\",\"@id\":\"https:\\\/\\\/www.beitalhikma.tn\\\/#\\\/schema\\\/logo\\\/image\\\/\",\"url\":\"https:\\\/\\\/www.beitalhikma.tn\\\/wp-content\\\/uploads\\\/2014\\\/11\\\/logo.png\",\"contentUrl\":\"https:\\\/\\\/www.beitalhikma.tn\\\/wp-content\\\/uploads\\\/2014\\\/11\\\/logo.png\",\"width\":288,\"height\":109,\"caption\":\"Beit Al Hikma\"},\"image\":{\"@id\":\"https:\\\/\\\/www.beitalhikma.tn\\\/#\\\/schema\\\/logo\\\/image\\\/\"},\"sameAs\":[\"https:\\\/\\\/www.facebook.com\\\/BeitalhikmaTunisie\\\/\",\"https:\\\/\\\/x.com\\\/Beit_alhikma_TN\",\"https:\\\/\\\/www.youtube.com\\\/channel\\\/UCl8EfDXqt5MFfcEY0UYhevg\"]}]}<\/script>\n<!-- \/ Yoast SEO plugin. -->","yoast_head_json":{"title":"M\u00e9langes d\u2019histoire ancienne - Beit al-Hikma","robots":{"index":"index","follow":"follow","max-snippet":"max-snippet:-1","max-image-preview":"max-image-preview:large","max-video-preview":"max-video-preview:-1"},"canonical":"https:\/\/www.beitalhikma.tn\/fr\/publication\/acces-boutique\/livres-en-vente\/melanges-dhistoire-ancienne-2\/","og_locale":"fr_FR","og_type":"article","og_title":"M\u00e9langes d\u2019histoire ancienne - Beit al-Hikma","og_description":"Titre:M\u00e9langes d'histoire ancienne  Auteur: Ammar Mahjoubi  Langue :\u00a0fran\u00e7ais  Date de parution : 2020  Format : 16x24  ISBN : 9789973492142  Nombre de pages :319 Th\u00e8me :historique  Poids : 500 gr Situation :\u00a0disponible","og_url":"https:\/\/www.beitalhikma.tn\/fr\/publication\/acces-boutique\/livres-en-vente\/melanges-dhistoire-ancienne-2\/","og_site_name":"Beit al-Hikma","article_publisher":"https:\/\/www.facebook.com\/BeitalhikmaTunisie\/","article_modified_time":"2022-10-13T08:23:50+00:00","og_image":[{"width":918,"height":1388,"url":"https:\/\/www.beitalhikma.tn\/wp-content\/uploads\/2020\/06\/1e\u0300re-de-couv-livre-Ammar-Mahjoubi-1.jpg","type":"image\/jpeg"}],"twitter_card":"summary_large_image","twitter_site":"@Beit_alhikma_TN","twitter_misc":{"Dur\u00e9e de lecture estim\u00e9e":"1 minute"},"schema":{"@context":"https:\/\/schema.org","@graph":[{"@type":"WebPage","@id":"https:\/\/www.beitalhikma.tn\/fr\/publication\/acces-boutique\/livres-en-vente\/melanges-dhistoire-ancienne-2\/","url":"https:\/\/www.beitalhikma.tn\/fr\/publication\/acces-boutique\/livres-en-vente\/melanges-dhistoire-ancienne-2\/","name":"M\u00e9langes d\u2019histoire ancienne - Beit al-Hikma","isPartOf":{"@id":"https:\/\/www.beitalhikma.tn\/#website"},"primaryImageOfPage":{"@id":"https:\/\/www.beitalhikma.tn\/fr\/publication\/acces-boutique\/livres-en-vente\/melanges-dhistoire-ancienne-2\/#primaryimage"},"image":{"@id":"https:\/\/www.beitalhikma.tn\/fr\/publication\/acces-boutique\/livres-en-vente\/melanges-dhistoire-ancienne-2\/#primaryimage"},"thumbnailUrl":"https:\/\/www.beitalhikma.tn\/wp-content\/uploads\/2020\/06\/1e\u0300re-de-couv-livre-Ammar-Mahjoubi-1.jpg","datePublished":"2020-08-03T10:51:35+00:00","dateModified":"2022-10-13T08:23:50+00:00","breadcrumb":{"@id":"https:\/\/www.beitalhikma.tn\/fr\/publication\/acces-boutique\/livres-en-vente\/melanges-dhistoire-ancienne-2\/#breadcrumb"},"inLanguage":"fr-FR","potentialAction":[{"@type":"ReadAction","target":["https:\/\/www.beitalhikma.tn\/fr\/publication\/acces-boutique\/livres-en-vente\/melanges-dhistoire-ancienne-2\/"]}]},{"@type":"ImageObject","inLanguage":"fr-FR","@id":"https:\/\/www.beitalhikma.tn\/fr\/publication\/acces-boutique\/livres-en-vente\/melanges-dhistoire-ancienne-2\/#primaryimage","url":"https:\/\/www.beitalhikma.tn\/wp-content\/uploads\/2020\/06\/1e\u0300re-de-couv-livre-Ammar-Mahjoubi-1.jpg","contentUrl":"https:\/\/www.beitalhikma.tn\/wp-content\/uploads\/2020\/06\/1e\u0300re-de-couv-livre-Ammar-Mahjoubi-1.jpg","width":918,"height":1388},{"@type":"BreadcrumbList","@id":"https:\/\/www.beitalhikma.tn\/fr\/publication\/acces-boutique\/livres-en-vente\/melanges-dhistoire-ancienne-2\/#breadcrumb","itemListElement":[{"@type":"ListItem","position":1,"name":"Accueil","item":"https:\/\/www.beitalhikma.tn\/fr\/"},{"@type":"ListItem","position":2,"name":"Boutique","item":"https:\/\/www.beitalhikma.tn\/fr\/boutique\/"},{"@type":"ListItem","position":3,"name":"M\u00e9langes d\u2019histoire ancienne"}]},{"@type":"WebSite","@id":"https:\/\/www.beitalhikma.tn\/#website","url":"https:\/\/www.beitalhikma.tn\/","name":"Beit al-Hikma","description":"L&#039;Acad\u00e9mie Tunisienne des Sciences, des Lettres  et des Arts","publisher":{"@id":"https:\/\/www.beitalhikma.tn\/#organization"},"potentialAction":[{"@type":"SearchAction","target":{"@type":"EntryPoint","urlTemplate":"https:\/\/www.beitalhikma.tn\/?s={search_term_string}"},"query-input":{"@type":"PropertyValueSpecification","valueRequired":true,"valueName":"search_term_string"}}],"inLanguage":"fr-FR"},{"@type":"Organization","@id":"https:\/\/www.beitalhikma.tn\/#organization","name":"Beit Al Hikma","url":"https:\/\/www.beitalhikma.tn\/","logo":{"@type":"ImageObject","inLanguage":"fr-FR","@id":"https:\/\/www.beitalhikma.tn\/#\/schema\/logo\/image\/","url":"https:\/\/www.beitalhikma.tn\/wp-content\/uploads\/2014\/11\/logo.png","contentUrl":"https:\/\/www.beitalhikma.tn\/wp-content\/uploads\/2014\/11\/logo.png","width":288,"height":109,"caption":"Beit Al Hikma"},"image":{"@id":"https:\/\/www.beitalhikma.tn\/#\/schema\/logo\/image\/"},"sameAs":["https:\/\/www.facebook.com\/BeitalhikmaTunisie\/","https:\/\/x.com\/Beit_alhikma_TN","https:\/\/www.youtube.com\/channel\/UCl8EfDXqt5MFfcEY0UYhevg"]}]}},"uagb_featured_image_src":{"full":["https:\/\/www.beitalhikma.tn\/wp-content\/uploads\/2020\/06\/1e\u0300re-de-couv-livre-Ammar-Mahjoubi-1.jpg",918,1388,false],"thumbnail":["https:\/\/www.beitalhikma.tn\/wp-content\/uploads\/2020\/06\/1e\u0300re-de-couv-livre-Ammar-Mahjoubi-1-250x300.jpg",250,300,true],"medium":["https:\/\/www.beitalhikma.tn\/wp-content\/uploads\/2020\/06\/1e\u0300re-de-couv-livre-Ammar-Mahjoubi-1-198x300.jpg",198,300,true],"medium_large":["https:\/\/www.beitalhikma.tn\/wp-content\/uploads\/2020\/06\/1e\u0300re-de-couv-livre-Ammar-Mahjoubi-1-768x1161.jpg",768,1161,true],"large":["https:\/\/www.beitalhikma.tn\/wp-content\/uploads\/2020\/06\/1e\u0300re-de-couv-livre-Ammar-Mahjoubi-1-677x1024.jpg",677,1024,true],"thumblist":["https:\/\/www.beitalhikma.tn\/wp-content\/uploads\/2020\/06\/1e\u0300re-de-couv-livre-Ammar-Mahjoubi-1-300x300.jpg",300,300,true],"meccarouselthumb":["https:\/\/www.beitalhikma.tn\/wp-content\/uploads\/2020\/06\/1e\u0300re-de-couv-livre-Ammar-Mahjoubi-1-474x324.jpg",474,324,true],"gridsquare":["https:\/\/www.beitalhikma.tn\/wp-content\/uploads\/2020\/06\/1e\u0300re-de-couv-livre-Ammar-Mahjoubi-1-391x260.jpg",391,260,true],"tileview":["https:\/\/www.beitalhikma.tn\/wp-content\/uploads\/2020\/06\/1e\u0300re-de-couv-livre-Ammar-Mahjoubi-1-300x400.jpg",300,400,true],"1536x1536":["https:\/\/www.beitalhikma.tn\/wp-content\/uploads\/2020\/06\/1e\u0300re-de-couv-livre-Ammar-Mahjoubi-1.jpg",918,1388,false],"2048x2048":["https:\/\/www.beitalhikma.tn\/wp-content\/uploads\/2020\/06\/1e\u0300re-de-couv-livre-Ammar-Mahjoubi-1.jpg",918,1388,false],"post-thumbnail":["https:\/\/www.beitalhikma.tn\/wp-content\/uploads\/2020\/06\/1e\u0300re-de-couv-livre-Ammar-Mahjoubi-1-97x146.jpg",97,146,true],"50x50":["https:\/\/www.beitalhikma.tn\/wp-content\/uploads\/2020\/06\/1e\u0300re-de-couv-livre-Ammar-Mahjoubi-1-33x50.jpg",33,50,true],"portfolio-list":["https:\/\/www.beitalhikma.tn\/wp-content\/uploads\/2020\/06\/1e\u0300re-de-couv-livre-Ammar-Mahjoubi-1-600x400.jpg",600,400,true],"portfolio-fs":["https:\/\/www.beitalhikma.tn\/wp-content\/uploads\/2020\/06\/1e\u0300re-de-couv-livre-Ammar-Mahjoubi-1-815x543.jpg",815,543,true],"portfolio-slider":["https:\/\/www.beitalhikma.tn\/wp-content\/uploads\/2020\/06\/1e\u0300re-de-couv-livre-Ammar-Mahjoubi-1-380x380.jpg",380,380,true],"blog":["https:\/\/www.beitalhikma.tn\/wp-content\/uploads\/2020\/06\/1e\u0300re-de-couv-livre-Ammar-Mahjoubi-1-564x341.jpg",564,341,true],"blog-single":["https:\/\/www.beitalhikma.tn\/wp-content\/uploads\/2020\/06\/1e\u0300re-de-couv-livre-Ammar-Mahjoubi-1-918x445.jpg",918,445,true],"blog-item":["https:\/\/www.beitalhikma.tn\/wp-content\/uploads\/2020\/06\/1e\u0300re-de-couv-livre-Ammar-Mahjoubi-1-504x224.jpg",504,224,true],"blog-widget":["https:\/\/www.beitalhikma.tn\/wp-content\/uploads\/2020\/06\/1e\u0300re-de-couv-livre-Ammar-Mahjoubi-1-80x60.jpg",80,60,true],"features":["https:\/\/www.beitalhikma.tn\/wp-content\/uploads\/2020\/06\/1e\u0300re-de-couv-livre-Ammar-Mahjoubi-1-90x90.jpg",90,90,true],"clients-slider":["https:\/\/www.beitalhikma.tn\/wp-content\/uploads\/2020\/06\/1e\u0300re-de-couv-livre-Ammar-Mahjoubi-1-53x80.jpg",53,80,true],"offer-slider":["https:\/\/www.beitalhikma.tn\/wp-content\/uploads\/2020\/06\/1e\u0300re-de-couv-livre-Ammar-Mahjoubi-1-776x438.jpg",776,438,true],"offer-slider-pg":["https:\/\/www.beitalhikma.tn\/wp-content\/uploads\/2020\/06\/1e\u0300re-de-couv-livre-Ammar-Mahjoubi-1-42x42.jpg",42,42,true],"woocommerce_thumbnail":["https:\/\/www.beitalhikma.tn\/wp-content\/uploads\/2020\/06\/1e\u0300re-de-couv-livre-Ammar-Mahjoubi-1-250x300.jpg",250,300,true],"woocommerce_single":["https:\/\/www.beitalhikma.tn\/wp-content\/uploads\/2020\/06\/1e\u0300re-de-couv-livre-Ammar-Mahjoubi-1-250x378.jpg",250,378,true],"woocommerce_gallery_thumbnail":["https:\/\/www.beitalhikma.tn\/wp-content\/uploads\/2020\/06\/1e\u0300re-de-couv-livre-Ammar-Mahjoubi-1-100x100.jpg",100,100,true]},"uagb_author_info":{"display_name":"admin","author_link":"https:\/\/www.beitalhikma.tn\/fr\/author\/"},"uagb_comment_info":0,"uagb_excerpt":"Titre:M\u00e9langes d'histoire ancienne Auteur: Ammar Mahjoubi Langue :\u00a0fran\u00e7ais Date de parution : 2020 Format : 16x24 ISBN : 9789973492142 Nombre de pages :319 Th\u00e8me :historique Poids : 500 gr Situation :\u00a0disponible","_links":{"self":[{"href":"https:\/\/www.beitalhikma.tn\/fr\/wp-json\/wp\/v2\/product\/55910","targetHints":{"allow":["GET"]}}],"collection":[{"href":"https:\/\/www.beitalhikma.tn\/fr\/wp-json\/wp\/v2\/product"}],"about":[{"href":"https:\/\/www.beitalhikma.tn\/fr\/wp-json\/wp\/v2\/types\/product"}],"wp:featuredmedia":[{"embeddable":true,"href":"https:\/\/www.beitalhikma.tn\/fr\/wp-json\/wp\/v2\/media\/55046"}],"wp:attachment":[{"href":"https:\/\/www.beitalhikma.tn\/fr\/wp-json\/wp\/v2\/media?parent=55910"}],"wp:term":[{"taxonomy":"product_brand","embeddable":true,"href":"https:\/\/www.beitalhikma.tn\/fr\/wp-json\/wp\/v2\/product_brand?post=55910"},{"taxonomy":"product_cat","embeddable":true,"href":"https:\/\/www.beitalhikma.tn\/fr\/wp-json\/wp\/v2\/product_cat?post=55910"},{"taxonomy":"product_tag","embeddable":true,"href":"https:\/\/www.beitalhikma.tn\/fr\/wp-json\/wp\/v2\/product_tag?post=55910"}],"curies":[{"name":"wp","href":"https:\/\/api.w.org\/{rel}","templated":true}]}}