{"id":56784,"date":"2020-09-28T11:03:39","date_gmt":"2020-09-28T10:03:39","guid":{"rendered":"https:\/\/www.beitalhikma.tn\/?post_type=product&#038;p=56784"},"modified":"2022-10-13T09:37:02","modified_gmt":"2022-10-13T08:37:02","slug":"le-sud-est-tunisien-quelle-transition-et-quel-devenir","status":"publish","type":"product","link":"https:\/\/www.beitalhikma.tn\/fr\/publication\/acces-boutique\/livres-en-vente\/le-sud-est-tunisien-quelle-transition-et-quel-devenir\/","title":{"rendered":"Le Sud-Est tunisien: quelle transition et quel devenir?"},"content":{"rendered":"<table>\n<tbody>\n<tr>\n<td width=\"699\">L\u2019ouvrage est constitu\u00e9 des Actes d\u2019un colloque scientifique sur le Sud-est tunisien, organis\u00e9 le 4 Avril 2018, par l\u2019Acad\u00e9mie tunisienne des Sciences, des Lettres et des Arts, Beit al-Hikma, en coop\u00e9ration avec l\u2019Institut des R\u00e9gions Arides. Il comprend un ensemble d\u2019\u00e9tudes multidisciplinaires propos\u00e9es par des universitaires et des experts qui travaillent depuis des ann\u00e9es sur le Sud-Est tunisien, en particulier sur les questions du patrimoine et du d\u00e9veloppement, les probl\u00e9matiques des ressources naturelles et humaines et les mutations sociales et \u00e9conomiques, tout en mettant l\u2019accent sur les principaux obstacles au d\u00e9veloppement et les p\u00e9rils mena\u00e7ant les richesses de la r\u00e9gion.<\/p>\n<p>L\u2019ouvrage ne s\u2019arr\u00eate pas \u00e0 l\u2019identification des nombreuses difficult\u00e9s, il propose des solutions concr\u00e8tes aux diff\u00e9rents probl\u00e8mes, comme la rationalisation de l\u2019exploitation des ressources, le choix des moyens efficaces pour mettre en \u0153uvre des politiques de d\u00e9veloppement sensibles \u00e0 la profondeur strat\u00e9gique et s\u00e9curitaire de cette r\u00e9gion.<\/p>\n<p><strong>\u00a0<\/strong><\/td>\n<\/tr>\n<\/tbody>\n<\/table>\n","protected":false},"excerpt":{"rendered":"<ul>\n<li><strong>Titre de l\u2019ouvrage:Le Sud-Est tunisien: quelle transition et quel devenir?\u00a0<\/strong><br \/>\n<strong>Ouvrage collectif <\/strong>sous la direction de Mongi Bourgou<\/li>\n<li><strong>Langue :<\/strong>\u00a0fran\u00e7ais<\/li>\n<li><strong>Date de parution :<\/strong> 2020<\/li>\n<li><strong>Format :<\/strong>\u00a016\u00d724<\/li>\n<li><strong>ISBN :<\/strong>9789973492173<\/li>\n<li><strong>Nombre de pages :<\/strong>302<br \/>\n<strong>Th\u00e8me :<\/strong> scientifique<\/li>\n<li><strong>Poids :<\/strong> 600 gr<br \/>\n<b>Situation :\u00a0<\/b>disponible<\/li>\n<\/ul>\n<div class=\"addtoany_share_save_container addtoany_content addtoany_content_bottom\">\n<div class=\"a2a_kit a2a_kit_size_32 addtoany_list\" data-a2a-url=\"https:\/\/www.beitalhikma.tn\/publication\/acces-boutique\/livres-en-vente\/melanges-au-professeur-dominique-chevallier\/\" data-a2a-title=\"M\u00e9langes au Professeur Dominique Chevallier\"><\/div>\n<\/div>\n","protected":false},"featured_media":56187,"template":"","meta":{"_uag_custom_page_level_css":""},"product_brand":[],"product_cat":[11],"product_tag":[],"class_list":{"0":"post-56784","1":"product","2":"type-product","3":"status-publish","4":"has-post-thumbnail","6":"product_cat-livres-en-vente","8":"first","9":"instock","10":"sale","11":"shipping-taxable","12":"purchasable","13":"product-type-simple"},"yoast_head":"<!-- This site is optimized with the Yoast SEO plugin v27.5 - https:\/\/yoast.com\/product\/yoast-seo-wordpress\/ -->\n<title>Le Sud-Est tunisien: quelle transition et quel devenir? - Beit al-Hikma<\/title>\n<meta name=\"robots\" content=\"index, follow, max-snippet:-1, max-image-preview:large, max-video-preview:-1\" \/>\n<link rel=\"canonical\" href=\"https:\/\/www.beitalhikma.tn\/fr\/publication\/acces-boutique\/livres-en-vente\/le-sud-est-tunisien-quelle-transition-et-quel-devenir\/\" \/>\n<meta property=\"og:locale\" content=\"fr_FR\" \/>\n<meta property=\"og:type\" content=\"article\" \/>\n<meta property=\"og:title\" content=\"Le Sud-Est tunisien: quelle transition et quel devenir? - Beit al-Hikma\" \/>\n<meta property=\"og:description\" content=\"Titre de l\u2019ouvrage:Le Sud-Est tunisien: quelle transition et quel devenir?\u00a0 Ouvrage collectif sous la direction de Mongi Bourgou  Langue :\u00a0fran\u00e7ais  Date de parution : 2020  Format :\u00a016\u00d724  ISBN :9789973492173  Nombre de pages :302 Th\u00e8me : scientifique  Poids : 600 gr Situation :\u00a0disponible\" \/>\n<meta property=\"og:url\" content=\"https:\/\/www.beitalhikma.tn\/fr\/publication\/acces-boutique\/livres-en-vente\/le-sud-est-tunisien-quelle-transition-et-quel-devenir\/\" \/>\n<meta property=\"og:site_name\" content=\"Beit al-Hikma\" \/>\n<meta property=\"article:publisher\" content=\"https:\/\/www.facebook.com\/BeitalhikmaTunisie\/\" \/>\n<meta property=\"article:modified_time\" content=\"2022-10-13T08:37:02+00:00\" \/>\n<meta property=\"og:image\" content=\"https:\/\/www.beitalhikma.tn\/wp-content\/uploads\/2020\/08\/le-sud-est-Tunisien-3-scaled.jpg\" \/>\n\t<meta property=\"og:image:width\" content=\"1693\" \/>\n\t<meta property=\"og:image:height\" content=\"2560\" \/>\n\t<meta property=\"og:image:type\" content=\"image\/jpeg\" \/>\n<meta name=\"twitter:card\" content=\"summary_large_image\" \/>\n<meta name=\"twitter:site\" content=\"@Beit_alhikma_TN\" \/>\n<meta name=\"twitter:label1\" content=\"Dur\u00e9e de lecture estim\u00e9e\" \/>\n\t<meta name=\"twitter:data1\" content=\"1 minute\" \/>\n<script type=\"application\/ld+json\" class=\"yoast-schema-graph\">{\"@context\":\"https:\\\/\\\/schema.org\",\"@graph\":[{\"@type\":\"WebPage\",\"@id\":\"https:\\\/\\\/www.beitalhikma.tn\\\/fr\\\/publication\\\/acces-boutique\\\/livres-en-vente\\\/le-sud-est-tunisien-quelle-transition-et-quel-devenir\\\/\",\"url\":\"https:\\\/\\\/www.beitalhikma.tn\\\/fr\\\/publication\\\/acces-boutique\\\/livres-en-vente\\\/le-sud-est-tunisien-quelle-transition-et-quel-devenir\\\/\",\"name\":\"Le Sud-Est tunisien: quelle transition et quel devenir? - Beit al-Hikma\",\"isPartOf\":{\"@id\":\"https:\\\/\\\/www.beitalhikma.tn\\\/#website\"},\"primaryImageOfPage\":{\"@id\":\"https:\\\/\\\/www.beitalhikma.tn\\\/fr\\\/publication\\\/acces-boutique\\\/livres-en-vente\\\/le-sud-est-tunisien-quelle-transition-et-quel-devenir\\\/#primaryimage\"},\"image\":{\"@id\":\"https:\\\/\\\/www.beitalhikma.tn\\\/fr\\\/publication\\\/acces-boutique\\\/livres-en-vente\\\/le-sud-est-tunisien-quelle-transition-et-quel-devenir\\\/#primaryimage\"},\"thumbnailUrl\":\"https:\\\/\\\/www.beitalhikma.tn\\\/wp-content\\\/uploads\\\/2020\\\/08\\\/le-sud-est-Tunisien-3-scaled.jpg\",\"datePublished\":\"2020-09-28T10:03:39+00:00\",\"dateModified\":\"2022-10-13T08:37:02+00:00\",\"breadcrumb\":{\"@id\":\"https:\\\/\\\/www.beitalhikma.tn\\\/fr\\\/publication\\\/acces-boutique\\\/livres-en-vente\\\/le-sud-est-tunisien-quelle-transition-et-quel-devenir\\\/#breadcrumb\"},\"inLanguage\":\"fr-FR\",\"potentialAction\":[{\"@type\":\"ReadAction\",\"target\":[\"https:\\\/\\\/www.beitalhikma.tn\\\/fr\\\/publication\\\/acces-boutique\\\/livres-en-vente\\\/le-sud-est-tunisien-quelle-transition-et-quel-devenir\\\/\"]}]},{\"@type\":\"ImageObject\",\"inLanguage\":\"fr-FR\",\"@id\":\"https:\\\/\\\/www.beitalhikma.tn\\\/fr\\\/publication\\\/acces-boutique\\\/livres-en-vente\\\/le-sud-est-tunisien-quelle-transition-et-quel-devenir\\\/#primaryimage\",\"url\":\"https:\\\/\\\/www.beitalhikma.tn\\\/wp-content\\\/uploads\\\/2020\\\/08\\\/le-sud-est-Tunisien-3-scaled.jpg\",\"contentUrl\":\"https:\\\/\\\/www.beitalhikma.tn\\\/wp-content\\\/uploads\\\/2020\\\/08\\\/le-sud-est-Tunisien-3-scaled.jpg\",\"width\":1693,\"height\":2560},{\"@type\":\"BreadcrumbList\",\"@id\":\"https:\\\/\\\/www.beitalhikma.tn\\\/fr\\\/publication\\\/acces-boutique\\\/livres-en-vente\\\/le-sud-est-tunisien-quelle-transition-et-quel-devenir\\\/#breadcrumb\",\"itemListElement\":[{\"@type\":\"ListItem\",\"position\":1,\"name\":\"Accueil\",\"item\":\"https:\\\/\\\/www.beitalhikma.tn\\\/fr\\\/\"},{\"@type\":\"ListItem\",\"position\":2,\"name\":\"Boutique\",\"item\":\"https:\\\/\\\/www.beitalhikma.tn\\\/fr\\\/boutique\\\/\"},{\"@type\":\"ListItem\",\"position\":3,\"name\":\"Le Sud-Est tunisien: quelle transition et quel devenir?\"}]},{\"@type\":\"WebSite\",\"@id\":\"https:\\\/\\\/www.beitalhikma.tn\\\/#website\",\"url\":\"https:\\\/\\\/www.beitalhikma.tn\\\/\",\"name\":\"Beit al-Hikma\",\"description\":\"L&#039;Acad\u00e9mie Tunisienne des Sciences, des Lettres  et des Arts\",\"publisher\":{\"@id\":\"https:\\\/\\\/www.beitalhikma.tn\\\/#organization\"},\"potentialAction\":[{\"@type\":\"SearchAction\",\"target\":{\"@type\":\"EntryPoint\",\"urlTemplate\":\"https:\\\/\\\/www.beitalhikma.tn\\\/?s={search_term_string}\"},\"query-input\":{\"@type\":\"PropertyValueSpecification\",\"valueRequired\":true,\"valueName\":\"search_term_string\"}}],\"inLanguage\":\"fr-FR\"},{\"@type\":\"Organization\",\"@id\":\"https:\\\/\\\/www.beitalhikma.tn\\\/#organization\",\"name\":\"Beit Al Hikma\",\"url\":\"https:\\\/\\\/www.beitalhikma.tn\\\/\",\"logo\":{\"@type\":\"ImageObject\",\"inLanguage\":\"fr-FR\",\"@id\":\"https:\\\/\\\/www.beitalhikma.tn\\\/#\\\/schema\\\/logo\\\/image\\\/\",\"url\":\"https:\\\/\\\/www.beitalhikma.tn\\\/wp-content\\\/uploads\\\/2014\\\/11\\\/logo.png\",\"contentUrl\":\"https:\\\/\\\/www.beitalhikma.tn\\\/wp-content\\\/uploads\\\/2014\\\/11\\\/logo.png\",\"width\":288,\"height\":109,\"caption\":\"Beit Al Hikma\"},\"image\":{\"@id\":\"https:\\\/\\\/www.beitalhikma.tn\\\/#\\\/schema\\\/logo\\\/image\\\/\"},\"sameAs\":[\"https:\\\/\\\/www.facebook.com\\\/BeitalhikmaTunisie\\\/\",\"https:\\\/\\\/x.com\\\/Beit_alhikma_TN\",\"https:\\\/\\\/www.youtube.com\\\/channel\\\/UCl8EfDXqt5MFfcEY0UYhevg\"]}]}<\/script>\n<!-- \/ Yoast SEO plugin. -->","yoast_head_json":{"title":"Le Sud-Est tunisien: quelle transition et quel devenir? - Beit al-Hikma","robots":{"index":"index","follow":"follow","max-snippet":"max-snippet:-1","max-image-preview":"max-image-preview:large","max-video-preview":"max-video-preview:-1"},"canonical":"https:\/\/www.beitalhikma.tn\/fr\/publication\/acces-boutique\/livres-en-vente\/le-sud-est-tunisien-quelle-transition-et-quel-devenir\/","og_locale":"fr_FR","og_type":"article","og_title":"Le Sud-Est tunisien: quelle transition et quel devenir? - Beit al-Hikma","og_description":"Titre de l\u2019ouvrage:Le Sud-Est tunisien: quelle transition et quel devenir?\u00a0 Ouvrage collectif sous la direction de Mongi Bourgou  Langue :\u00a0fran\u00e7ais  Date de parution : 2020  Format :\u00a016\u00d724  ISBN :9789973492173  Nombre de pages :302 Th\u00e8me : scientifique  Poids : 600 gr Situation :\u00a0disponible","og_url":"https:\/\/www.beitalhikma.tn\/fr\/publication\/acces-boutique\/livres-en-vente\/le-sud-est-tunisien-quelle-transition-et-quel-devenir\/","og_site_name":"Beit al-Hikma","article_publisher":"https:\/\/www.facebook.com\/BeitalhikmaTunisie\/","article_modified_time":"2022-10-13T08:37:02+00:00","og_image":[{"width":1693,"height":2560,"url":"https:\/\/www.beitalhikma.tn\/wp-content\/uploads\/2020\/08\/le-sud-est-Tunisien-3-scaled.jpg","type":"image\/jpeg"}],"twitter_card":"summary_large_image","twitter_site":"@Beit_alhikma_TN","twitter_misc":{"Dur\u00e9e de lecture estim\u00e9e":"1 minute"},"schema":{"@context":"https:\/\/schema.org","@graph":[{"@type":"WebPage","@id":"https:\/\/www.beitalhikma.tn\/fr\/publication\/acces-boutique\/livres-en-vente\/le-sud-est-tunisien-quelle-transition-et-quel-devenir\/","url":"https:\/\/www.beitalhikma.tn\/fr\/publication\/acces-boutique\/livres-en-vente\/le-sud-est-tunisien-quelle-transition-et-quel-devenir\/","name":"Le Sud-Est tunisien: quelle transition et quel devenir? - Beit al-Hikma","isPartOf":{"@id":"https:\/\/www.beitalhikma.tn\/#website"},"primaryImageOfPage":{"@id":"https:\/\/www.beitalhikma.tn\/fr\/publication\/acces-boutique\/livres-en-vente\/le-sud-est-tunisien-quelle-transition-et-quel-devenir\/#primaryimage"},"image":{"@id":"https:\/\/www.beitalhikma.tn\/fr\/publication\/acces-boutique\/livres-en-vente\/le-sud-est-tunisien-quelle-transition-et-quel-devenir\/#primaryimage"},"thumbnailUrl":"https:\/\/www.beitalhikma.tn\/wp-content\/uploads\/2020\/08\/le-sud-est-Tunisien-3-scaled.jpg","datePublished":"2020-09-28T10:03:39+00:00","dateModified":"2022-10-13T08:37:02+00:00","breadcrumb":{"@id":"https:\/\/www.beitalhikma.tn\/fr\/publication\/acces-boutique\/livres-en-vente\/le-sud-est-tunisien-quelle-transition-et-quel-devenir\/#breadcrumb"},"inLanguage":"fr-FR","potentialAction":[{"@type":"ReadAction","target":["https:\/\/www.beitalhikma.tn\/fr\/publication\/acces-boutique\/livres-en-vente\/le-sud-est-tunisien-quelle-transition-et-quel-devenir\/"]}]},{"@type":"ImageObject","inLanguage":"fr-FR","@id":"https:\/\/www.beitalhikma.tn\/fr\/publication\/acces-boutique\/livres-en-vente\/le-sud-est-tunisien-quelle-transition-et-quel-devenir\/#primaryimage","url":"https:\/\/www.beitalhikma.tn\/wp-content\/uploads\/2020\/08\/le-sud-est-Tunisien-3-scaled.jpg","contentUrl":"https:\/\/www.beitalhikma.tn\/wp-content\/uploads\/2020\/08\/le-sud-est-Tunisien-3-scaled.jpg","width":1693,"height":2560},{"@type":"BreadcrumbList","@id":"https:\/\/www.beitalhikma.tn\/fr\/publication\/acces-boutique\/livres-en-vente\/le-sud-est-tunisien-quelle-transition-et-quel-devenir\/#breadcrumb","itemListElement":[{"@type":"ListItem","position":1,"name":"Accueil","item":"https:\/\/www.beitalhikma.tn\/fr\/"},{"@type":"ListItem","position":2,"name":"Boutique","item":"https:\/\/www.beitalhikma.tn\/fr\/boutique\/"},{"@type":"ListItem","position":3,"name":"Le Sud-Est tunisien: quelle transition et quel devenir?"}]},{"@type":"WebSite","@id":"https:\/\/www.beitalhikma.tn\/#website","url":"https:\/\/www.beitalhikma.tn\/","name":"Beit al-Hikma","description":"L&#039;Acad\u00e9mie Tunisienne des Sciences, des Lettres  et des Arts","publisher":{"@id":"https:\/\/www.beitalhikma.tn\/#organization"},"potentialAction":[{"@type":"SearchAction","target":{"@type":"EntryPoint","urlTemplate":"https:\/\/www.beitalhikma.tn\/?s={search_term_string}"},"query-input":{"@type":"PropertyValueSpecification","valueRequired":true,"valueName":"search_term_string"}}],"inLanguage":"fr-FR"},{"@type":"Organization","@id":"https:\/\/www.beitalhikma.tn\/#organization","name":"Beit Al Hikma","url":"https:\/\/www.beitalhikma.tn\/","logo":{"@type":"ImageObject","inLanguage":"fr-FR","@id":"https:\/\/www.beitalhikma.tn\/#\/schema\/logo\/image\/","url":"https:\/\/www.beitalhikma.tn\/wp-content\/uploads\/2014\/11\/logo.png","contentUrl":"https:\/\/www.beitalhikma.tn\/wp-content\/uploads\/2014\/11\/logo.png","width":288,"height":109,"caption":"Beit Al Hikma"},"image":{"@id":"https:\/\/www.beitalhikma.tn\/#\/schema\/logo\/image\/"},"sameAs":["https:\/\/www.facebook.com\/BeitalhikmaTunisie\/","https:\/\/x.com\/Beit_alhikma_TN","https:\/\/www.youtube.com\/channel\/UCl8EfDXqt5MFfcEY0UYhevg"]}]}},"uagb_featured_image_src":{"full":["https:\/\/www.beitalhikma.tn\/wp-content\/uploads\/2020\/08\/le-sud-est-Tunisien-3-scaled.jpg",1693,2560,false],"thumbnail":["https:\/\/www.beitalhikma.tn\/wp-content\/uploads\/2020\/08\/le-sud-est-Tunisien-3-250x300.jpg",250,300,true],"medium":["https:\/\/www.beitalhikma.tn\/wp-content\/uploads\/2020\/08\/le-sud-est-Tunisien-3-198x300.jpg",198,300,true],"medium_large":["https:\/\/www.beitalhikma.tn\/wp-content\/uploads\/2020\/08\/le-sud-est-Tunisien-3-768x1161.jpg",768,1161,true],"large":["https:\/\/www.beitalhikma.tn\/wp-content\/uploads\/2020\/08\/le-sud-est-Tunisien-3-677x1024.jpg",677,1024,true],"thumblist":["https:\/\/www.beitalhikma.tn\/wp-content\/uploads\/2020\/08\/le-sud-est-Tunisien-3-300x300.jpg",300,300,true],"meccarouselthumb":["https:\/\/www.beitalhikma.tn\/wp-content\/uploads\/2020\/08\/le-sud-est-Tunisien-3-474x324.jpg",474,324,true],"gridsquare":["https:\/\/www.beitalhikma.tn\/wp-content\/uploads\/2020\/08\/le-sud-est-Tunisien-3-391x260.jpg",391,260,true],"tileview":["https:\/\/www.beitalhikma.tn\/wp-content\/uploads\/2020\/08\/le-sud-est-Tunisien-3-300x400.jpg",300,400,true],"1536x1536":["https:\/\/www.beitalhikma.tn\/wp-content\/uploads\/2020\/08\/le-sud-est-Tunisien-3-1016x1536.jpg",1016,1536,true],"2048x2048":["https:\/\/www.beitalhikma.tn\/wp-content\/uploads\/2020\/08\/le-sud-est-Tunisien-3-1355x2048.jpg",1355,2048,true],"post-thumbnail":["https:\/\/www.beitalhikma.tn\/wp-content\/uploads\/2020\/08\/le-sud-est-Tunisien-3-97x146.jpg",97,146,true],"50x50":["https:\/\/www.beitalhikma.tn\/wp-content\/uploads\/2020\/08\/le-sud-est-Tunisien-3-33x50.jpg",33,50,true],"portfolio-list":["https:\/\/www.beitalhikma.tn\/wp-content\/uploads\/2020\/08\/le-sud-est-Tunisien-3-600x400.jpg",600,400,true],"portfolio-fs":["https:\/\/www.beitalhikma.tn\/wp-content\/uploads\/2020\/08\/le-sud-est-Tunisien-3-815x543.jpg",815,543,true],"portfolio-slider":["https:\/\/www.beitalhikma.tn\/wp-content\/uploads\/2020\/08\/le-sud-est-Tunisien-3-380x380.jpg",380,380,true],"blog":["https:\/\/www.beitalhikma.tn\/wp-content\/uploads\/2020\/08\/le-sud-est-Tunisien-3-564x341.jpg",564,341,true],"blog-single":["https:\/\/www.beitalhikma.tn\/wp-content\/uploads\/2020\/08\/le-sud-est-Tunisien-3-1176x445.jpg",1176,445,true],"blog-item":["https:\/\/www.beitalhikma.tn\/wp-content\/uploads\/2020\/08\/le-sud-est-Tunisien-3-504x224.jpg",504,224,true],"blog-widget":["https:\/\/www.beitalhikma.tn\/wp-content\/uploads\/2020\/08\/le-sud-est-Tunisien-3-80x60.jpg",80,60,true],"features":["https:\/\/www.beitalhikma.tn\/wp-content\/uploads\/2020\/08\/le-sud-est-Tunisien-3-90x90.jpg",90,90,true],"clients-slider":["https:\/\/www.beitalhikma.tn\/wp-content\/uploads\/2020\/08\/le-sud-est-Tunisien-3-53x80.jpg",53,80,true],"offer-slider":["https:\/\/www.beitalhikma.tn\/wp-content\/uploads\/2020\/08\/le-sud-est-Tunisien-3-776x438.jpg",776,438,true],"offer-slider-pg":["https:\/\/www.beitalhikma.tn\/wp-content\/uploads\/2020\/08\/le-sud-est-Tunisien-3-42x42.jpg",42,42,true],"woocommerce_thumbnail":["https:\/\/www.beitalhikma.tn\/wp-content\/uploads\/2020\/08\/le-sud-est-Tunisien-3-scaled-250x300.jpg",250,300,true],"woocommerce_single":["https:\/\/www.beitalhikma.tn\/wp-content\/uploads\/2020\/08\/le-sud-est-Tunisien-3-250x378.jpg",250,378,true],"woocommerce_gallery_thumbnail":["https:\/\/www.beitalhikma.tn\/wp-content\/uploads\/2020\/08\/le-sud-est-Tunisien-3-scaled-100x100.jpg",100,100,true]},"uagb_author_info":{"display_name":"admin","author_link":"https:\/\/www.beitalhikma.tn\/fr\/author\/"},"uagb_comment_info":0,"uagb_excerpt":"Titre de l\u2019ouvrage:Le Sud-Est tunisien: quelle transition et quel devenir?\u00a0 Ouvrage collectif sous la direction de Mongi Bourgou Langue :\u00a0fran\u00e7ais Date de parution : 2020 Format :\u00a016\u00d724 ISBN :9789973492173 Nombre de pages :302 Th\u00e8me : scientifique Poids : 600 gr Situation :\u00a0disponible","_links":{"self":[{"href":"https:\/\/www.beitalhikma.tn\/fr\/wp-json\/wp\/v2\/product\/56784","targetHints":{"allow":["GET"]}}],"collection":[{"href":"https:\/\/www.beitalhikma.tn\/fr\/wp-json\/wp\/v2\/product"}],"about":[{"href":"https:\/\/www.beitalhikma.tn\/fr\/wp-json\/wp\/v2\/types\/product"}],"wp:featuredmedia":[{"embeddable":true,"href":"https:\/\/www.beitalhikma.tn\/fr\/wp-json\/wp\/v2\/media\/56187"}],"wp:attachment":[{"href":"https:\/\/www.beitalhikma.tn\/fr\/wp-json\/wp\/v2\/media?parent=56784"}],"wp:term":[{"taxonomy":"product_brand","embeddable":true,"href":"https:\/\/www.beitalhikma.tn\/fr\/wp-json\/wp\/v2\/product_brand?post=56784"},{"taxonomy":"product_cat","embeddable":true,"href":"https:\/\/www.beitalhikma.tn\/fr\/wp-json\/wp\/v2\/product_cat?post=56784"},{"taxonomy":"product_tag","embeddable":true,"href":"https:\/\/www.beitalhikma.tn\/fr\/wp-json\/wp\/v2\/product_tag?post=56784"}],"curies":[{"name":"wp","href":"https:\/\/api.w.org\/{rel}","templated":true}]}}