{"id":5746,"date":"2016-08-05T11:11:11","date_gmt":"2016-08-11T09:03:50","guid":{"rendered":"http:\/\/www.beitalhikma.tn\/?post_type=product&#038;p=5746"},"modified":"2019-08-06T10:39:12","modified_gmt":"2019-08-06T09:39:12","slug":"levolution-economique-de-la-tunisie-1881-1920-2","status":"publish","type":"product","link":"https:\/\/www.beitalhikma.tn\/fr\/publication\/acces-boutique\/epuises-en\/levolution-economique-de-la-tunisie-1881-1920-2\/","title":{"rendered":"L\u2019\u00e9volution \u00e9conomique de la Tunisie (1881-1920)"},"content":{"rendered":"<p><a href=\"http:\/\/www.beitalhikma.tn\/wp-content\/uploads\/2016\/08\/p2.jpg\"><img loading=\"lazy\" decoding=\"async\" class=\"aligncenter size-full wp-image-5743\" src=\"http:\/\/www.beitalhikma.tn\/wp-content\/uploads\/2016\/08\/p2.jpg\" alt=\"p2\" width=\"727\" height=\"535\" srcset=\"https:\/\/www.beitalhikma.tn\/wp-content\/uploads\/2016\/08\/p2.jpg 727w, https:\/\/www.beitalhikma.tn\/wp-content\/uploads\/2016\/08\/p2-250x184.jpg 250w, https:\/\/www.beitalhikma.tn\/wp-content\/uploads\/2016\/08\/p2-300x221.jpg 300w, https:\/\/www.beitalhikma.tn\/wp-content\/uploads\/2016\/08\/p2-198x146.jpg 198w, https:\/\/www.beitalhikma.tn\/wp-content\/uploads\/2016\/08\/p2-50x37.jpg 50w, https:\/\/www.beitalhikma.tn\/wp-content\/uploads\/2016\/08\/p2-80x60.jpg 80w, https:\/\/www.beitalhikma.tn\/wp-content\/uploads\/2016\/08\/p2-109x80.jpg 109w\" sizes=\"auto, (max-width: 727px) 100vw, 727px\" \/><\/a><\/p>\n","protected":false},"excerpt":{"rendered":"<p><strong>Titre de l\u2019ouvrage :<\/strong> L\u2019\u00e9volution<br \/>\n\u00e9conomique de la Tunisie (1881-1920)<br \/>\n<strong>Auteur :<\/strong> Mohamed Salah Mzali<br \/>\n<strong>Traducteur :<\/strong> H\u00e9di Timoumi<br \/>\n<strong>Th\u00e8me :<\/strong> Histoire<br \/>\n<strong>Dimensions :<\/strong> 16&#215;24<br \/>\n<strong>Nombre de pages :<\/strong> 210<br \/>\n<strong>Langue :<\/strong> arabe<br \/>\n<strong>Date de parution :<\/strong> 1990<br \/>\n<strong>Prix de vente :<\/strong> 5.500 D.T.<br \/>\n<strong>I.S.B.N :<\/strong> 978-9973-911-42-3<\/p>\n","protected":false},"featured_media":5751,"template":"","meta":{"_uag_custom_page_level_css":""},"product_brand":[],"product_cat":[51],"product_tag":[],"class_list":{"0":"post-5746","1":"product","2":"type-product","3":"status-publish","4":"has-post-thumbnail","6":"product_cat-epuises-en","8":"first","9":"outofstock","10":"sale","11":"shipping-taxable","12":"purchasable","13":"product-type-simple"},"yoast_head":"<!-- This site is optimized with the Yoast SEO plugin v27.3 - https:\/\/yoast.com\/product\/yoast-seo-wordpress\/ -->\n<title>L\u2019\u00e9volution \u00e9conomique de la Tunisie (1881-1920) - Beit al-Hikma<\/title>\n<meta name=\"robots\" content=\"index, follow, max-snippet:-1, max-image-preview:large, max-video-preview:-1\" \/>\n<link rel=\"canonical\" href=\"https:\/\/www.beitalhikma.tn\/fr\/publication\/acces-boutique\/epuises-en\/levolution-economique-de-la-tunisie-1881-1920-2\/\" \/>\n<meta property=\"og:locale\" content=\"fr_FR\" \/>\n<meta property=\"og:type\" content=\"article\" \/>\n<meta property=\"og:title\" content=\"L\u2019\u00e9volution \u00e9conomique de la Tunisie (1881-1920) - Beit al-Hikma\" \/>\n<meta property=\"og:description\" content=\"Titre de l\u2019ouvrage : L\u2019\u00e9volution \u00e9conomique de la Tunisie (1881-1920) Auteur : Mohamed Salah Mzali Traducteur : H\u00e9di Timoumi Th\u00e8me : Histoire Dimensions : 16x24 Nombre de pages : 210 Langue : arabe Date de parution : 1990 Prix de vente : 5.500 D.T. I.S.B.N : 978-9973-911-42-3\" \/>\n<meta property=\"og:url\" content=\"https:\/\/www.beitalhikma.tn\/fr\/publication\/acces-boutique\/epuises-en\/levolution-economique-de-la-tunisie-1881-1920-2\/\" \/>\n<meta property=\"og:site_name\" content=\"Beit al-Hikma\" \/>\n<meta property=\"article:publisher\" content=\"https:\/\/www.facebook.com\/BeitalhikmaTunisie\/\" \/>\n<meta property=\"article:modified_time\" content=\"2019-08-06T09:39:12+00:00\" \/>\n<meta property=\"og:image\" content=\"https:\/\/www.beitalhikma.tn\/wp-content\/uploads\/2016\/08\/couverture-e1470906594462.png\" \/>\n\t<meta property=\"og:image:width\" content=\"110\" \/>\n\t<meta property=\"og:image:height\" content=\"166\" \/>\n\t<meta property=\"og:image:type\" content=\"image\/png\" \/>\n<meta name=\"twitter:card\" content=\"summary_large_image\" \/>\n<meta name=\"twitter:site\" content=\"@Beit_alhikma_TN\" \/>\n<script type=\"application\/ld+json\" class=\"yoast-schema-graph\">{\"@context\":\"https:\\\/\\\/schema.org\",\"@graph\":[{\"@type\":\"WebPage\",\"@id\":\"https:\\\/\\\/www.beitalhikma.tn\\\/fr\\\/publication\\\/acces-boutique\\\/epuises-en\\\/levolution-economique-de-la-tunisie-1881-1920-2\\\/\",\"url\":\"https:\\\/\\\/www.beitalhikma.tn\\\/fr\\\/publication\\\/acces-boutique\\\/epuises-en\\\/levolution-economique-de-la-tunisie-1881-1920-2\\\/\",\"name\":\"L\u2019\u00e9volution \u00e9conomique de la Tunisie (1881-1920) - Beit al-Hikma\",\"isPartOf\":{\"@id\":\"https:\\\/\\\/www.beitalhikma.tn\\\/#website\"},\"primaryImageOfPage\":{\"@id\":\"https:\\\/\\\/www.beitalhikma.tn\\\/fr\\\/publication\\\/acces-boutique\\\/epuises-en\\\/levolution-economique-de-la-tunisie-1881-1920-2\\\/#primaryimage\"},\"image\":{\"@id\":\"https:\\\/\\\/www.beitalhikma.tn\\\/fr\\\/publication\\\/acces-boutique\\\/epuises-en\\\/levolution-economique-de-la-tunisie-1881-1920-2\\\/#primaryimage\"},\"thumbnailUrl\":\"https:\\\/\\\/www.beitalhikma.tn\\\/wp-content\\\/uploads\\\/2016\\\/08\\\/couverture-e1470906594462.png\",\"datePublished\":\"2016-08-11T09:03:50+00:00\",\"dateModified\":\"2019-08-06T09:39:12+00:00\",\"breadcrumb\":{\"@id\":\"https:\\\/\\\/www.beitalhikma.tn\\\/fr\\\/publication\\\/acces-boutique\\\/epuises-en\\\/levolution-economique-de-la-tunisie-1881-1920-2\\\/#breadcrumb\"},\"inLanguage\":\"fr-FR\",\"potentialAction\":[{\"@type\":\"ReadAction\",\"target\":[\"https:\\\/\\\/www.beitalhikma.tn\\\/fr\\\/publication\\\/acces-boutique\\\/epuises-en\\\/levolution-economique-de-la-tunisie-1881-1920-2\\\/\"]}]},{\"@type\":\"ImageObject\",\"inLanguage\":\"fr-FR\",\"@id\":\"https:\\\/\\\/www.beitalhikma.tn\\\/fr\\\/publication\\\/acces-boutique\\\/epuises-en\\\/levolution-economique-de-la-tunisie-1881-1920-2\\\/#primaryimage\",\"url\":\"https:\\\/\\\/www.beitalhikma.tn\\\/wp-content\\\/uploads\\\/2016\\\/08\\\/couverture-e1470906594462.png\",\"contentUrl\":\"https:\\\/\\\/www.beitalhikma.tn\\\/wp-content\\\/uploads\\\/2016\\\/08\\\/couverture-e1470906594462.png\",\"width\":110,\"height\":166},{\"@type\":\"BreadcrumbList\",\"@id\":\"https:\\\/\\\/www.beitalhikma.tn\\\/fr\\\/publication\\\/acces-boutique\\\/epuises-en\\\/levolution-economique-de-la-tunisie-1881-1920-2\\\/#breadcrumb\",\"itemListElement\":[{\"@type\":\"ListItem\",\"position\":1,\"name\":\"Accueil\",\"item\":\"https:\\\/\\\/www.beitalhikma.tn\\\/fr\\\/\"},{\"@type\":\"ListItem\",\"position\":2,\"name\":\"Boutique\",\"item\":\"https:\\\/\\\/www.beitalhikma.tn\\\/fr\\\/boutique\\\/\"},{\"@type\":\"ListItem\",\"position\":3,\"name\":\"L\u2019\u00e9volution \u00e9conomique de la Tunisie (1881-1920)\"}]},{\"@type\":\"WebSite\",\"@id\":\"https:\\\/\\\/www.beitalhikma.tn\\\/#website\",\"url\":\"https:\\\/\\\/www.beitalhikma.tn\\\/\",\"name\":\"Beit al-Hikma\",\"description\":\"L&#039;Acad\u00e9mie Tunisienne des Sciences, des Lettres  et des Arts\",\"publisher\":{\"@id\":\"https:\\\/\\\/www.beitalhikma.tn\\\/#organization\"},\"potentialAction\":[{\"@type\":\"SearchAction\",\"target\":{\"@type\":\"EntryPoint\",\"urlTemplate\":\"https:\\\/\\\/www.beitalhikma.tn\\\/?s={search_term_string}\"},\"query-input\":{\"@type\":\"PropertyValueSpecification\",\"valueRequired\":true,\"valueName\":\"search_term_string\"}}],\"inLanguage\":\"fr-FR\"},{\"@type\":\"Organization\",\"@id\":\"https:\\\/\\\/www.beitalhikma.tn\\\/#organization\",\"name\":\"Beit Al Hikma\",\"url\":\"https:\\\/\\\/www.beitalhikma.tn\\\/\",\"logo\":{\"@type\":\"ImageObject\",\"inLanguage\":\"fr-FR\",\"@id\":\"https:\\\/\\\/www.beitalhikma.tn\\\/#\\\/schema\\\/logo\\\/image\\\/\",\"url\":\"https:\\\/\\\/www.beitalhikma.tn\\\/wp-content\\\/uploads\\\/2014\\\/11\\\/logo.png\",\"contentUrl\":\"https:\\\/\\\/www.beitalhikma.tn\\\/wp-content\\\/uploads\\\/2014\\\/11\\\/logo.png\",\"width\":288,\"height\":109,\"caption\":\"Beit Al Hikma\"},\"image\":{\"@id\":\"https:\\\/\\\/www.beitalhikma.tn\\\/#\\\/schema\\\/logo\\\/image\\\/\"},\"sameAs\":[\"https:\\\/\\\/www.facebook.com\\\/BeitalhikmaTunisie\\\/\",\"https:\\\/\\\/x.com\\\/Beit_alhikma_TN\",\"https:\\\/\\\/www.youtube.com\\\/channel\\\/UCl8EfDXqt5MFfcEY0UYhevg\"]}]}<\/script>\n<!-- \/ Yoast SEO plugin. -->","yoast_head_json":{"title":"L\u2019\u00e9volution \u00e9conomique de la Tunisie (1881-1920) - Beit al-Hikma","robots":{"index":"index","follow":"follow","max-snippet":"max-snippet:-1","max-image-preview":"max-image-preview:large","max-video-preview":"max-video-preview:-1"},"canonical":"https:\/\/www.beitalhikma.tn\/fr\/publication\/acces-boutique\/epuises-en\/levolution-economique-de-la-tunisie-1881-1920-2\/","og_locale":"fr_FR","og_type":"article","og_title":"L\u2019\u00e9volution \u00e9conomique de la Tunisie (1881-1920) - Beit al-Hikma","og_description":"Titre de l\u2019ouvrage : L\u2019\u00e9volution \u00e9conomique de la Tunisie (1881-1920) Auteur : Mohamed Salah Mzali Traducteur : H\u00e9di Timoumi Th\u00e8me : Histoire Dimensions : 16x24 Nombre de pages : 210 Langue : arabe Date de parution : 1990 Prix de vente : 5.500 D.T. I.S.B.N : 978-9973-911-42-3","og_url":"https:\/\/www.beitalhikma.tn\/fr\/publication\/acces-boutique\/epuises-en\/levolution-economique-de-la-tunisie-1881-1920-2\/","og_site_name":"Beit al-Hikma","article_publisher":"https:\/\/www.facebook.com\/BeitalhikmaTunisie\/","article_modified_time":"2019-08-06T09:39:12+00:00","og_image":[{"width":110,"height":166,"url":"https:\/\/www.beitalhikma.tn\/wp-content\/uploads\/2016\/08\/couverture-e1470906594462.png","type":"image\/png"}],"twitter_card":"summary_large_image","twitter_site":"@Beit_alhikma_TN","schema":{"@context":"https:\/\/schema.org","@graph":[{"@type":"WebPage","@id":"https:\/\/www.beitalhikma.tn\/fr\/publication\/acces-boutique\/epuises-en\/levolution-economique-de-la-tunisie-1881-1920-2\/","url":"https:\/\/www.beitalhikma.tn\/fr\/publication\/acces-boutique\/epuises-en\/levolution-economique-de-la-tunisie-1881-1920-2\/","name":"L\u2019\u00e9volution \u00e9conomique de la Tunisie (1881-1920) - Beit al-Hikma","isPartOf":{"@id":"https:\/\/www.beitalhikma.tn\/#website"},"primaryImageOfPage":{"@id":"https:\/\/www.beitalhikma.tn\/fr\/publication\/acces-boutique\/epuises-en\/levolution-economique-de-la-tunisie-1881-1920-2\/#primaryimage"},"image":{"@id":"https:\/\/www.beitalhikma.tn\/fr\/publication\/acces-boutique\/epuises-en\/levolution-economique-de-la-tunisie-1881-1920-2\/#primaryimage"},"thumbnailUrl":"https:\/\/www.beitalhikma.tn\/wp-content\/uploads\/2016\/08\/couverture-e1470906594462.png","datePublished":"2016-08-11T09:03:50+00:00","dateModified":"2019-08-06T09:39:12+00:00","breadcrumb":{"@id":"https:\/\/www.beitalhikma.tn\/fr\/publication\/acces-boutique\/epuises-en\/levolution-economique-de-la-tunisie-1881-1920-2\/#breadcrumb"},"inLanguage":"fr-FR","potentialAction":[{"@type":"ReadAction","target":["https:\/\/www.beitalhikma.tn\/fr\/publication\/acces-boutique\/epuises-en\/levolution-economique-de-la-tunisie-1881-1920-2\/"]}]},{"@type":"ImageObject","inLanguage":"fr-FR","@id":"https:\/\/www.beitalhikma.tn\/fr\/publication\/acces-boutique\/epuises-en\/levolution-economique-de-la-tunisie-1881-1920-2\/#primaryimage","url":"https:\/\/www.beitalhikma.tn\/wp-content\/uploads\/2016\/08\/couverture-e1470906594462.png","contentUrl":"https:\/\/www.beitalhikma.tn\/wp-content\/uploads\/2016\/08\/couverture-e1470906594462.png","width":110,"height":166},{"@type":"BreadcrumbList","@id":"https:\/\/www.beitalhikma.tn\/fr\/publication\/acces-boutique\/epuises-en\/levolution-economique-de-la-tunisie-1881-1920-2\/#breadcrumb","itemListElement":[{"@type":"ListItem","position":1,"name":"Accueil","item":"https:\/\/www.beitalhikma.tn\/fr\/"},{"@type":"ListItem","position":2,"name":"Boutique","item":"https:\/\/www.beitalhikma.tn\/fr\/boutique\/"},{"@type":"ListItem","position":3,"name":"L\u2019\u00e9volution \u00e9conomique de la Tunisie (1881-1920)"}]},{"@type":"WebSite","@id":"https:\/\/www.beitalhikma.tn\/#website","url":"https:\/\/www.beitalhikma.tn\/","name":"Beit al-Hikma","description":"L&#039;Acad\u00e9mie Tunisienne des Sciences, des Lettres  et des Arts","publisher":{"@id":"https:\/\/www.beitalhikma.tn\/#organization"},"potentialAction":[{"@type":"SearchAction","target":{"@type":"EntryPoint","urlTemplate":"https:\/\/www.beitalhikma.tn\/?s={search_term_string}"},"query-input":{"@type":"PropertyValueSpecification","valueRequired":true,"valueName":"search_term_string"}}],"inLanguage":"fr-FR"},{"@type":"Organization","@id":"https:\/\/www.beitalhikma.tn\/#organization","name":"Beit Al Hikma","url":"https:\/\/www.beitalhikma.tn\/","logo":{"@type":"ImageObject","inLanguage":"fr-FR","@id":"https:\/\/www.beitalhikma.tn\/#\/schema\/logo\/image\/","url":"https:\/\/www.beitalhikma.tn\/wp-content\/uploads\/2014\/11\/logo.png","contentUrl":"https:\/\/www.beitalhikma.tn\/wp-content\/uploads\/2014\/11\/logo.png","width":288,"height":109,"caption":"Beit Al Hikma"},"image":{"@id":"https:\/\/www.beitalhikma.tn\/#\/schema\/logo\/image\/"},"sameAs":["https:\/\/www.facebook.com\/BeitalhikmaTunisie\/","https:\/\/x.com\/Beit_alhikma_TN","https:\/\/www.youtube.com\/channel\/UCl8EfDXqt5MFfcEY0UYhevg"]}]}},"uagb_featured_image_src":{"full":["https:\/\/www.beitalhikma.tn\/wp-content\/uploads\/2016\/08\/couverture-e1470906594462.png",110,166,false],"thumbnail":["https:\/\/www.beitalhikma.tn\/wp-content\/uploads\/2016\/08\/couverture-250x300.png",250,300,true],"medium":["https:\/\/www.beitalhikma.tn\/wp-content\/uploads\/2016\/08\/couverture-199x300.png",199,300,true],"medium_large":["https:\/\/www.beitalhikma.tn\/wp-content\/uploads\/2016\/08\/couverture-e1470906594462.png",110,166,false],"large":["https:\/\/www.beitalhikma.tn\/wp-content\/uploads\/2016\/08\/couverture-e1470906594462.png",110,166,false],"thumblist":["https:\/\/www.beitalhikma.tn\/wp-content\/uploads\/2016\/08\/couverture-e1470906594462.png",110,166,false],"meccarouselthumb":["https:\/\/www.beitalhikma.tn\/wp-content\/uploads\/2016\/08\/couverture-e1470906594462.png",110,166,false],"gridsquare":["https:\/\/www.beitalhikma.tn\/wp-content\/uploads\/2016\/08\/couverture-e1470906594462.png",110,166,false],"tileview":["https:\/\/www.beitalhikma.tn\/wp-content\/uploads\/2016\/08\/couverture-e1470906594462.png",110,166,false],"1536x1536":["https:\/\/www.beitalhikma.tn\/wp-content\/uploads\/2016\/08\/couverture-e1470906594462.png",110,166,false],"2048x2048":["https:\/\/www.beitalhikma.tn\/wp-content\/uploads\/2016\/08\/couverture-e1470906594462.png",110,166,false],"post-thumbnail":["https:\/\/www.beitalhikma.tn\/wp-content\/uploads\/2016\/08\/couverture-97x146.png",97,146,true],"50x50":["https:\/\/www.beitalhikma.tn\/wp-content\/uploads\/2016\/08\/couverture-33x50.png",33,50,true],"portfolio-list":["https:\/\/www.beitalhikma.tn\/wp-content\/uploads\/2016\/08\/couverture-e1470906594462.png",110,166,false],"portfolio-fs":["https:\/\/www.beitalhikma.tn\/wp-content\/uploads\/2016\/08\/couverture-e1470906594462.png",110,166,false],"portfolio-slider":["https:\/\/www.beitalhikma.tn\/wp-content\/uploads\/2016\/08\/couverture-265x380.png",265,380,true],"blog":["https:\/\/www.beitalhikma.tn\/wp-content\/uploads\/2016\/08\/couverture-265x341.png",265,341,true],"blog-single":["https:\/\/www.beitalhikma.tn\/wp-content\/uploads\/2016\/08\/couverture-e1470906594462.png",110,166,false],"blog-item":["https:\/\/www.beitalhikma.tn\/wp-content\/uploads\/2016\/08\/couverture-265x224.png",265,224,true],"blog-widget":["https:\/\/www.beitalhikma.tn\/wp-content\/uploads\/2016\/08\/couverture-80x60.png",80,60,true],"features":["https:\/\/www.beitalhikma.tn\/wp-content\/uploads\/2016\/08\/couverture-90x90.png",90,90,true],"clients-slider":["https:\/\/www.beitalhikma.tn\/wp-content\/uploads\/2016\/08\/couverture-53x80.png",53,80,true],"offer-slider":["https:\/\/www.beitalhikma.tn\/wp-content\/uploads\/2016\/08\/couverture-e1470906594462.png",110,166,false],"offer-slider-pg":["https:\/\/www.beitalhikma.tn\/wp-content\/uploads\/2016\/08\/couverture-42x42.png",42,42,true],"woocommerce_thumbnail":["https:\/\/www.beitalhikma.tn\/wp-content\/uploads\/2016\/08\/couverture-e1470906594462.png",110,166,false],"woocommerce_single":["https:\/\/www.beitalhikma.tn\/wp-content\/uploads\/2016\/08\/couverture-e1470906594462.png",110,166,false],"woocommerce_gallery_thumbnail":["https:\/\/www.beitalhikma.tn\/wp-content\/uploads\/2016\/08\/couverture-e1470906594462-100x100.png",100,100,true]},"uagb_author_info":{"display_name":"admin","author_link":"https:\/\/www.beitalhikma.tn\/fr\/author\/"},"uagb_comment_info":0,"uagb_excerpt":"Titre de l\u2019ouvrage : L\u2019\u00e9volution \u00e9conomique de la Tunisie (1881-1920) Auteur : Mohamed Salah Mzali Traducteur : H\u00e9di Timoumi Th\u00e8me : Histoire Dimensions : 16x24 Nombre de pages : 210 Langue : arabe Date de parution : 1990 Prix de vente : 5.500 D.T. I.S.B.N : 978-9973-911-42-3","_links":{"self":[{"href":"https:\/\/www.beitalhikma.tn\/fr\/wp-json\/wp\/v2\/product\/5746","targetHints":{"allow":["GET"]}}],"collection":[{"href":"https:\/\/www.beitalhikma.tn\/fr\/wp-json\/wp\/v2\/product"}],"about":[{"href":"https:\/\/www.beitalhikma.tn\/fr\/wp-json\/wp\/v2\/types\/product"}],"wp:featuredmedia":[{"embeddable":true,"href":"https:\/\/www.beitalhikma.tn\/fr\/wp-json\/wp\/v2\/media\/5751"}],"wp:attachment":[{"href":"https:\/\/www.beitalhikma.tn\/fr\/wp-json\/wp\/v2\/media?parent=5746"}],"wp:term":[{"taxonomy":"product_brand","embeddable":true,"href":"https:\/\/www.beitalhikma.tn\/fr\/wp-json\/wp\/v2\/product_brand?post=5746"},{"taxonomy":"product_cat","embeddable":true,"href":"https:\/\/www.beitalhikma.tn\/fr\/wp-json\/wp\/v2\/product_cat?post=5746"},{"taxonomy":"product_tag","embeddable":true,"href":"https:\/\/www.beitalhikma.tn\/fr\/wp-json\/wp\/v2\/product_tag?post=5746"}],"curies":[{"name":"wp","href":"https:\/\/api.w.org\/{rel}","templated":true}]}}