{"id":57542,"date":"2020-03-12T13:50:54","date_gmt":"2020-10-26T10:13:23","guid":{"rendered":"https:\/\/www.beitalhikma.tn\/?post_type=product&#038;p=57542"},"modified":"2022-10-12T11:24:06","modified_gmt":"2022-10-12T10:24:06","slug":"le-livre-des-aliments-et-des-medicaments","status":"publish","type":"product","link":"https:\/\/www.beitalhikma.tn\/fr\/publication\/acces-boutique\/livres-en-vente\/le-livre-des-aliments-et-des-medicaments\/","title":{"rendered":"Le livre des aliments et des m\u00e9dicaments"},"content":{"rendered":"<p>L\u2019ouvrage recense les bienfaits et les m\u00e9faits des diff\u00e9rents aliments, mettant l\u2019accent sur les besoins du corps selon les temp\u00e9raments en r\u00e9gimes alimentaires fond\u00e9s sur une nutrition \u00e9quilibr\u00e9e et adapt\u00e9e \u00e0 la nature et \u00e0 la physiologie de chacun. Ish\u00e2q Ibn Sulaym\u0101n insiste sur la n\u00e9cessit\u00e9 d\u2019adopter une d\u00e9marche rationnelle et de prendre en consid\u00e9ration les exp\u00e9riences scientifiques de sorte \u00e0 \u00e9viter le recours au surnaturel.\u00a0 S\u2019affirment ainsi les fondements rationnels des pr\u00e9suppos\u00e9s th\u00e9oriques et des r\u00e9f\u00e9rences scientifiques de cet auteur. L\u2019ouvrage est en soi un clair t\u00e9moignage de sa profonde perception des constantes de la pens\u00e9e scientifique, qu\u2019il s\u2019agisse de nutrition saine ou de m\u00e9dication efficace. L\u2019auteur ne se contente pas d\u2019expliquer les th\u00e9ories d\u2019Hippocrate, de Galien ou d\u2019Al Kindy, ou de reprendre le lexique des termes m\u00e9dicaux et des recherches en m\u00e9decine, il d\u00e9veloppe une approche \u00e0 maint \u00e9gard critique et novatrice face \u00e0 ce patrimoine. Aussi les historiens de la m\u00e9decine le consid\u00e8rent-ils comme l\u2019un des fondateurs de l\u2019\u00c9cole m\u00e9dicale de Kairouan car il fut de ceux qui croyaient en la relativit\u00e9 des traitements m\u00e9dicaux, en l\u2019interaction entre le biologique et le psychique, en la multiplicit\u00e9 des temp\u00e9raments, tous principes qui sont \u00e0 la base de la m\u00e9decine moderne dans les deux grands chapitres de la m\u00e9decine virtuelle et de la m\u00e9decine alternative.<\/p>\n","protected":false},"excerpt":{"rendered":"<ul>\n<li><strong>Titre de l\u2019ouvrage<\/strong> :Le livre des aliments et des m\u00e9dicaments<\/li>\n<li>\u00a0<strong>Auteur<\/strong> :Ish\u00e2q Ibn Sulaym\u0101n<\/li>\n<li><strong>\u00c9tabli et annot\u00e9 par\u00a0: <\/strong>Fatma Lakhdhar<\/li>\n<li><strong>langue :<\/strong> arabe<\/li>\n<li><strong>Date de parution :<\/strong> 2020<\/li>\n<li><strong>Format :<\/strong>\u00a016\u00d724<\/li>\n<li><strong>ISBN: <\/strong>\u00a0volume 1<strong> : <\/strong>9789973492098\/volume 2:9789973492104<\/li>\n<li><strong><strong>Nombre de pages :<\/strong><\/strong>volume 1\u00a0: 563\/volume 2: 701<br \/>\n<strong>Th\u00e8me :<\/strong> scientifique<\/li>\n<li><strong>Poids :<\/strong> 2000 gr<br \/>\n<b>Situation :\u00a0<\/b>disponible<\/li>\n<\/ul>\n","protected":false},"featured_media":57543,"template":"","meta":{"_uag_custom_page_level_css":""},"product_brand":[],"product_cat":[11],"product_tag":[],"class_list":{"0":"post-57542","1":"product","2":"type-product","3":"status-publish","4":"has-post-thumbnail","6":"product_cat-livres-en-vente","8":"first","9":"instock","10":"sale","11":"shipping-taxable","12":"purchasable","13":"product-type-simple"},"yoast_head":"<!-- This site is optimized with the Yoast SEO plugin v27.4 - https:\/\/yoast.com\/product\/yoast-seo-wordpress\/ -->\n<title>Le livre des aliments et des m\u00e9dicaments - Beit al-Hikma<\/title>\n<meta name=\"robots\" content=\"index, follow, max-snippet:-1, max-image-preview:large, max-video-preview:-1\" \/>\n<link rel=\"canonical\" href=\"https:\/\/www.beitalhikma.tn\/fr\/publication\/acces-boutique\/livres-en-vente\/le-livre-des-aliments-et-des-medicaments\/\" \/>\n<meta property=\"og:locale\" content=\"fr_FR\" \/>\n<meta property=\"og:type\" content=\"article\" \/>\n<meta property=\"og:title\" content=\"Le livre des aliments et des m\u00e9dicaments - Beit al-Hikma\" \/>\n<meta property=\"og:description\" content=\"Titre de l\u2019ouvrage :Le livre des aliments et des m\u00e9dicaments  \u00a0Auteur :Ish\u00e2q Ibn Sulaym\u0101n  \u00c9tabli et annot\u00e9 par\u00a0: Fatma Lakhdhar  langue : arabe  Date de parution : 2020  Format :\u00a016\u00d724  ISBN: \u00a0volume 1 : 9789973492098\/volume 2:9789973492104  Nombre de pages :volume 1\u00a0: 563\/volume 2: 701 Th\u00e8me : scientifique  Poids : 2000 gr Situation :\u00a0disponible\" \/>\n<meta property=\"og:url\" content=\"https:\/\/www.beitalhikma.tn\/fr\/publication\/acces-boutique\/livres-en-vente\/le-livre-des-aliments-et-des-medicaments\/\" \/>\n<meta property=\"og:site_name\" content=\"Beit al-Hikma\" \/>\n<meta property=\"article:publisher\" content=\"https:\/\/www.facebook.com\/BeitalhikmaTunisie\/\" \/>\n<meta property=\"article:modified_time\" content=\"2022-10-12T10:24:06+00:00\" \/>\n<meta property=\"og:image\" content=\"https:\/\/www.beitalhikma.tn\/wp-content\/uploads\/2020\/03\/Couv-al-aghdhiya-wal-adwiya-1.jpg\" \/>\n\t<meta property=\"og:image:width\" content=\"929\" \/>\n\t<meta property=\"og:image:height\" content=\"1388\" \/>\n\t<meta property=\"og:image:type\" content=\"image\/jpeg\" \/>\n<meta name=\"twitter:card\" content=\"summary_large_image\" \/>\n<meta name=\"twitter:site\" content=\"@Beit_alhikma_TN\" \/>\n<meta name=\"twitter:label1\" content=\"Dur\u00e9e de lecture estim\u00e9e\" \/>\n\t<meta name=\"twitter:data1\" content=\"1 minute\" \/>\n<script type=\"application\/ld+json\" class=\"yoast-schema-graph\">{\"@context\":\"https:\\\/\\\/schema.org\",\"@graph\":[{\"@type\":\"WebPage\",\"@id\":\"https:\\\/\\\/www.beitalhikma.tn\\\/fr\\\/publication\\\/acces-boutique\\\/livres-en-vente\\\/le-livre-des-aliments-et-des-medicaments\\\/\",\"url\":\"https:\\\/\\\/www.beitalhikma.tn\\\/fr\\\/publication\\\/acces-boutique\\\/livres-en-vente\\\/le-livre-des-aliments-et-des-medicaments\\\/\",\"name\":\"Le livre des aliments et des m\u00e9dicaments - Beit al-Hikma\",\"isPartOf\":{\"@id\":\"https:\\\/\\\/www.beitalhikma.tn\\\/#website\"},\"primaryImageOfPage\":{\"@id\":\"https:\\\/\\\/www.beitalhikma.tn\\\/fr\\\/publication\\\/acces-boutique\\\/livres-en-vente\\\/le-livre-des-aliments-et-des-medicaments\\\/#primaryimage\"},\"image\":{\"@id\":\"https:\\\/\\\/www.beitalhikma.tn\\\/fr\\\/publication\\\/acces-boutique\\\/livres-en-vente\\\/le-livre-des-aliments-et-des-medicaments\\\/#primaryimage\"},\"thumbnailUrl\":\"https:\\\/\\\/www.beitalhikma.tn\\\/wp-content\\\/uploads\\\/2020\\\/03\\\/Couv-al-aghdhiya-wal-adwiya-1.jpg\",\"datePublished\":\"2020-10-26T10:13:23+00:00\",\"dateModified\":\"2022-10-12T10:24:06+00:00\",\"breadcrumb\":{\"@id\":\"https:\\\/\\\/www.beitalhikma.tn\\\/fr\\\/publication\\\/acces-boutique\\\/livres-en-vente\\\/le-livre-des-aliments-et-des-medicaments\\\/#breadcrumb\"},\"inLanguage\":\"fr-FR\",\"potentialAction\":[{\"@type\":\"ReadAction\",\"target\":[\"https:\\\/\\\/www.beitalhikma.tn\\\/fr\\\/publication\\\/acces-boutique\\\/livres-en-vente\\\/le-livre-des-aliments-et-des-medicaments\\\/\"]}]},{\"@type\":\"ImageObject\",\"inLanguage\":\"fr-FR\",\"@id\":\"https:\\\/\\\/www.beitalhikma.tn\\\/fr\\\/publication\\\/acces-boutique\\\/livres-en-vente\\\/le-livre-des-aliments-et-des-medicaments\\\/#primaryimage\",\"url\":\"https:\\\/\\\/www.beitalhikma.tn\\\/wp-content\\\/uploads\\\/2020\\\/03\\\/Couv-al-aghdhiya-wal-adwiya-1.jpg\",\"contentUrl\":\"https:\\\/\\\/www.beitalhikma.tn\\\/wp-content\\\/uploads\\\/2020\\\/03\\\/Couv-al-aghdhiya-wal-adwiya-1.jpg\",\"width\":929,\"height\":1388},{\"@type\":\"BreadcrumbList\",\"@id\":\"https:\\\/\\\/www.beitalhikma.tn\\\/fr\\\/publication\\\/acces-boutique\\\/livres-en-vente\\\/le-livre-des-aliments-et-des-medicaments\\\/#breadcrumb\",\"itemListElement\":[{\"@type\":\"ListItem\",\"position\":1,\"name\":\"Accueil\",\"item\":\"https:\\\/\\\/www.beitalhikma.tn\\\/fr\\\/\"},{\"@type\":\"ListItem\",\"position\":2,\"name\":\"Boutique\",\"item\":\"https:\\\/\\\/www.beitalhikma.tn\\\/fr\\\/boutique\\\/\"},{\"@type\":\"ListItem\",\"position\":3,\"name\":\"Le livre des aliments et des m\u00e9dicaments\"}]},{\"@type\":\"WebSite\",\"@id\":\"https:\\\/\\\/www.beitalhikma.tn\\\/#website\",\"url\":\"https:\\\/\\\/www.beitalhikma.tn\\\/\",\"name\":\"Beit al-Hikma\",\"description\":\"L&#039;Acad\u00e9mie Tunisienne des Sciences, des Lettres  et des Arts\",\"publisher\":{\"@id\":\"https:\\\/\\\/www.beitalhikma.tn\\\/#organization\"},\"potentialAction\":[{\"@type\":\"SearchAction\",\"target\":{\"@type\":\"EntryPoint\",\"urlTemplate\":\"https:\\\/\\\/www.beitalhikma.tn\\\/?s={search_term_string}\"},\"query-input\":{\"@type\":\"PropertyValueSpecification\",\"valueRequired\":true,\"valueName\":\"search_term_string\"}}],\"inLanguage\":\"fr-FR\"},{\"@type\":\"Organization\",\"@id\":\"https:\\\/\\\/www.beitalhikma.tn\\\/#organization\",\"name\":\"Beit Al Hikma\",\"url\":\"https:\\\/\\\/www.beitalhikma.tn\\\/\",\"logo\":{\"@type\":\"ImageObject\",\"inLanguage\":\"fr-FR\",\"@id\":\"https:\\\/\\\/www.beitalhikma.tn\\\/#\\\/schema\\\/logo\\\/image\\\/\",\"url\":\"https:\\\/\\\/www.beitalhikma.tn\\\/wp-content\\\/uploads\\\/2014\\\/11\\\/logo.png\",\"contentUrl\":\"https:\\\/\\\/www.beitalhikma.tn\\\/wp-content\\\/uploads\\\/2014\\\/11\\\/logo.png\",\"width\":288,\"height\":109,\"caption\":\"Beit Al Hikma\"},\"image\":{\"@id\":\"https:\\\/\\\/www.beitalhikma.tn\\\/#\\\/schema\\\/logo\\\/image\\\/\"},\"sameAs\":[\"https:\\\/\\\/www.facebook.com\\\/BeitalhikmaTunisie\\\/\",\"https:\\\/\\\/x.com\\\/Beit_alhikma_TN\",\"https:\\\/\\\/www.youtube.com\\\/channel\\\/UCl8EfDXqt5MFfcEY0UYhevg\"]}]}<\/script>\n<!-- \/ Yoast SEO plugin. -->","yoast_head_json":{"title":"Le livre des aliments et des m\u00e9dicaments - Beit al-Hikma","robots":{"index":"index","follow":"follow","max-snippet":"max-snippet:-1","max-image-preview":"max-image-preview:large","max-video-preview":"max-video-preview:-1"},"canonical":"https:\/\/www.beitalhikma.tn\/fr\/publication\/acces-boutique\/livres-en-vente\/le-livre-des-aliments-et-des-medicaments\/","og_locale":"fr_FR","og_type":"article","og_title":"Le livre des aliments et des m\u00e9dicaments - Beit al-Hikma","og_description":"Titre de l\u2019ouvrage :Le livre des aliments et des m\u00e9dicaments  \u00a0Auteur :Ish\u00e2q Ibn Sulaym\u0101n  \u00c9tabli et annot\u00e9 par\u00a0: Fatma Lakhdhar  langue : arabe  Date de parution : 2020  Format :\u00a016\u00d724  ISBN: \u00a0volume 1 : 9789973492098\/volume 2:9789973492104  Nombre de pages :volume 1\u00a0: 563\/volume 2: 701 Th\u00e8me : scientifique  Poids : 2000 gr Situation :\u00a0disponible","og_url":"https:\/\/www.beitalhikma.tn\/fr\/publication\/acces-boutique\/livres-en-vente\/le-livre-des-aliments-et-des-medicaments\/","og_site_name":"Beit al-Hikma","article_publisher":"https:\/\/www.facebook.com\/BeitalhikmaTunisie\/","article_modified_time":"2022-10-12T10:24:06+00:00","og_image":[{"width":929,"height":1388,"url":"https:\/\/www.beitalhikma.tn\/wp-content\/uploads\/2020\/03\/Couv-al-aghdhiya-wal-adwiya-1.jpg","type":"image\/jpeg"}],"twitter_card":"summary_large_image","twitter_site":"@Beit_alhikma_TN","twitter_misc":{"Dur\u00e9e de lecture estim\u00e9e":"1 minute"},"schema":{"@context":"https:\/\/schema.org","@graph":[{"@type":"WebPage","@id":"https:\/\/www.beitalhikma.tn\/fr\/publication\/acces-boutique\/livres-en-vente\/le-livre-des-aliments-et-des-medicaments\/","url":"https:\/\/www.beitalhikma.tn\/fr\/publication\/acces-boutique\/livres-en-vente\/le-livre-des-aliments-et-des-medicaments\/","name":"Le livre des aliments et des m\u00e9dicaments - Beit al-Hikma","isPartOf":{"@id":"https:\/\/www.beitalhikma.tn\/#website"},"primaryImageOfPage":{"@id":"https:\/\/www.beitalhikma.tn\/fr\/publication\/acces-boutique\/livres-en-vente\/le-livre-des-aliments-et-des-medicaments\/#primaryimage"},"image":{"@id":"https:\/\/www.beitalhikma.tn\/fr\/publication\/acces-boutique\/livres-en-vente\/le-livre-des-aliments-et-des-medicaments\/#primaryimage"},"thumbnailUrl":"https:\/\/www.beitalhikma.tn\/wp-content\/uploads\/2020\/03\/Couv-al-aghdhiya-wal-adwiya-1.jpg","datePublished":"2020-10-26T10:13:23+00:00","dateModified":"2022-10-12T10:24:06+00:00","breadcrumb":{"@id":"https:\/\/www.beitalhikma.tn\/fr\/publication\/acces-boutique\/livres-en-vente\/le-livre-des-aliments-et-des-medicaments\/#breadcrumb"},"inLanguage":"fr-FR","potentialAction":[{"@type":"ReadAction","target":["https:\/\/www.beitalhikma.tn\/fr\/publication\/acces-boutique\/livres-en-vente\/le-livre-des-aliments-et-des-medicaments\/"]}]},{"@type":"ImageObject","inLanguage":"fr-FR","@id":"https:\/\/www.beitalhikma.tn\/fr\/publication\/acces-boutique\/livres-en-vente\/le-livre-des-aliments-et-des-medicaments\/#primaryimage","url":"https:\/\/www.beitalhikma.tn\/wp-content\/uploads\/2020\/03\/Couv-al-aghdhiya-wal-adwiya-1.jpg","contentUrl":"https:\/\/www.beitalhikma.tn\/wp-content\/uploads\/2020\/03\/Couv-al-aghdhiya-wal-adwiya-1.jpg","width":929,"height":1388},{"@type":"BreadcrumbList","@id":"https:\/\/www.beitalhikma.tn\/fr\/publication\/acces-boutique\/livres-en-vente\/le-livre-des-aliments-et-des-medicaments\/#breadcrumb","itemListElement":[{"@type":"ListItem","position":1,"name":"Accueil","item":"https:\/\/www.beitalhikma.tn\/fr\/"},{"@type":"ListItem","position":2,"name":"Boutique","item":"https:\/\/www.beitalhikma.tn\/fr\/boutique\/"},{"@type":"ListItem","position":3,"name":"Le livre des aliments et des m\u00e9dicaments"}]},{"@type":"WebSite","@id":"https:\/\/www.beitalhikma.tn\/#website","url":"https:\/\/www.beitalhikma.tn\/","name":"Beit al-Hikma","description":"L&#039;Acad\u00e9mie Tunisienne des Sciences, des Lettres  et des Arts","publisher":{"@id":"https:\/\/www.beitalhikma.tn\/#organization"},"potentialAction":[{"@type":"SearchAction","target":{"@type":"EntryPoint","urlTemplate":"https:\/\/www.beitalhikma.tn\/?s={search_term_string}"},"query-input":{"@type":"PropertyValueSpecification","valueRequired":true,"valueName":"search_term_string"}}],"inLanguage":"fr-FR"},{"@type":"Organization","@id":"https:\/\/www.beitalhikma.tn\/#organization","name":"Beit Al Hikma","url":"https:\/\/www.beitalhikma.tn\/","logo":{"@type":"ImageObject","inLanguage":"fr-FR","@id":"https:\/\/www.beitalhikma.tn\/#\/schema\/logo\/image\/","url":"https:\/\/www.beitalhikma.tn\/wp-content\/uploads\/2014\/11\/logo.png","contentUrl":"https:\/\/www.beitalhikma.tn\/wp-content\/uploads\/2014\/11\/logo.png","width":288,"height":109,"caption":"Beit Al Hikma"},"image":{"@id":"https:\/\/www.beitalhikma.tn\/#\/schema\/logo\/image\/"},"sameAs":["https:\/\/www.facebook.com\/BeitalhikmaTunisie\/","https:\/\/x.com\/Beit_alhikma_TN","https:\/\/www.youtube.com\/channel\/UCl8EfDXqt5MFfcEY0UYhevg"]}]}},"uagb_featured_image_src":{"full":["https:\/\/www.beitalhikma.tn\/wp-content\/uploads\/2020\/03\/Couv-al-aghdhiya-wal-adwiya-1.jpg",929,1388,false],"thumbnail":["https:\/\/www.beitalhikma.tn\/wp-content\/uploads\/2020\/03\/Couv-al-aghdhiya-wal-adwiya-1-250x300.jpg",250,300,true],"medium":["https:\/\/www.beitalhikma.tn\/wp-content\/uploads\/2020\/03\/Couv-al-aghdhiya-wal-adwiya-1-201x300.jpg",201,300,true],"medium_large":["https:\/\/www.beitalhikma.tn\/wp-content\/uploads\/2020\/03\/Couv-al-aghdhiya-wal-adwiya-1-768x1147.jpg",768,1147,true],"large":["https:\/\/www.beitalhikma.tn\/wp-content\/uploads\/2020\/03\/Couv-al-aghdhiya-wal-adwiya-1-685x1024.jpg",685,1024,true],"thumblist":["https:\/\/www.beitalhikma.tn\/wp-content\/uploads\/2020\/03\/Couv-al-aghdhiya-wal-adwiya-1-300x300.jpg",300,300,true],"meccarouselthumb":["https:\/\/www.beitalhikma.tn\/wp-content\/uploads\/2020\/03\/Couv-al-aghdhiya-wal-adwiya-1-474x324.jpg",474,324,true],"gridsquare":["https:\/\/www.beitalhikma.tn\/wp-content\/uploads\/2020\/03\/Couv-al-aghdhiya-wal-adwiya-1-391x260.jpg",391,260,true],"tileview":["https:\/\/www.beitalhikma.tn\/wp-content\/uploads\/2020\/03\/Couv-al-aghdhiya-wal-adwiya-1-300x400.jpg",300,400,true],"1536x1536":["https:\/\/www.beitalhikma.tn\/wp-content\/uploads\/2020\/03\/Couv-al-aghdhiya-wal-adwiya-1.jpg",929,1388,false],"2048x2048":["https:\/\/www.beitalhikma.tn\/wp-content\/uploads\/2020\/03\/Couv-al-aghdhiya-wal-adwiya-1.jpg",929,1388,false],"post-thumbnail":["https:\/\/www.beitalhikma.tn\/wp-content\/uploads\/2020\/03\/Couv-al-aghdhiya-wal-adwiya-1-98x146.jpg",98,146,true],"50x50":["https:\/\/www.beitalhikma.tn\/wp-content\/uploads\/2020\/03\/Couv-al-aghdhiya-wal-adwiya-1-33x50.jpg",33,50,true],"portfolio-list":["https:\/\/www.beitalhikma.tn\/wp-content\/uploads\/2020\/03\/Couv-al-aghdhiya-wal-adwiya-1-600x400.jpg",600,400,true],"portfolio-fs":["https:\/\/www.beitalhikma.tn\/wp-content\/uploads\/2020\/03\/Couv-al-aghdhiya-wal-adwiya-1-815x543.jpg",815,543,true],"portfolio-slider":["https:\/\/www.beitalhikma.tn\/wp-content\/uploads\/2020\/03\/Couv-al-aghdhiya-wal-adwiya-1-380x380.jpg",380,380,true],"blog":["https:\/\/www.beitalhikma.tn\/wp-content\/uploads\/2020\/03\/Couv-al-aghdhiya-wal-adwiya-1-564x341.jpg",564,341,true],"blog-single":["https:\/\/www.beitalhikma.tn\/wp-content\/uploads\/2020\/03\/Couv-al-aghdhiya-wal-adwiya-1-929x445.jpg",929,445,true],"blog-item":["https:\/\/www.beitalhikma.tn\/wp-content\/uploads\/2020\/03\/Couv-al-aghdhiya-wal-adwiya-1-504x224.jpg",504,224,true],"blog-widget":["https:\/\/www.beitalhikma.tn\/wp-content\/uploads\/2020\/03\/Couv-al-aghdhiya-wal-adwiya-1-80x60.jpg",80,60,true],"features":["https:\/\/www.beitalhikma.tn\/wp-content\/uploads\/2020\/03\/Couv-al-aghdhiya-wal-adwiya-1-90x90.jpg",90,90,true],"clients-slider":["https:\/\/www.beitalhikma.tn\/wp-content\/uploads\/2020\/03\/Couv-al-aghdhiya-wal-adwiya-1-54x80.jpg",54,80,true],"offer-slider":["https:\/\/www.beitalhikma.tn\/wp-content\/uploads\/2020\/03\/Couv-al-aghdhiya-wal-adwiya-1-776x438.jpg",776,438,true],"offer-slider-pg":["https:\/\/www.beitalhikma.tn\/wp-content\/uploads\/2020\/03\/Couv-al-aghdhiya-wal-adwiya-1-42x42.jpg",42,42,true],"woocommerce_thumbnail":["https:\/\/www.beitalhikma.tn\/wp-content\/uploads\/2020\/03\/Couv-al-aghdhiya-wal-adwiya-1-250x300.jpg",250,300,true],"woocommerce_single":["https:\/\/www.beitalhikma.tn\/wp-content\/uploads\/2020\/03\/Couv-al-aghdhiya-wal-adwiya-1-250x374.jpg",250,374,true],"woocommerce_gallery_thumbnail":["https:\/\/www.beitalhikma.tn\/wp-content\/uploads\/2020\/03\/Couv-al-aghdhiya-wal-adwiya-1-100x100.jpg",100,100,true]},"uagb_author_info":{"display_name":"admin","author_link":"https:\/\/www.beitalhikma.tn\/fr\/author\/"},"uagb_comment_info":0,"uagb_excerpt":"Titre de l\u2019ouvrage :Le livre des aliments et des m\u00e9dicaments \u00a0Auteur :Ish\u00e2q Ibn Sulaym\u0101n \u00c9tabli et annot\u00e9 par\u00a0: Fatma Lakhdhar langue : arabe Date de parution : 2020 Format :\u00a016\u00d724 ISBN: \u00a0volume 1 : 9789973492098\/volume 2:9789973492104 Nombre de pages :volume 1\u00a0: 563\/volume 2: 701 Th\u00e8me : scientifique Poids : 2000 gr Situation :\u00a0disponible","_links":{"self":[{"href":"https:\/\/www.beitalhikma.tn\/fr\/wp-json\/wp\/v2\/product\/57542","targetHints":{"allow":["GET"]}}],"collection":[{"href":"https:\/\/www.beitalhikma.tn\/fr\/wp-json\/wp\/v2\/product"}],"about":[{"href":"https:\/\/www.beitalhikma.tn\/fr\/wp-json\/wp\/v2\/types\/product"}],"wp:featuredmedia":[{"embeddable":true,"href":"https:\/\/www.beitalhikma.tn\/fr\/wp-json\/wp\/v2\/media\/57543"}],"wp:attachment":[{"href":"https:\/\/www.beitalhikma.tn\/fr\/wp-json\/wp\/v2\/media?parent=57542"}],"wp:term":[{"taxonomy":"product_brand","embeddable":true,"href":"https:\/\/www.beitalhikma.tn\/fr\/wp-json\/wp\/v2\/product_brand?post=57542"},{"taxonomy":"product_cat","embeddable":true,"href":"https:\/\/www.beitalhikma.tn\/fr\/wp-json\/wp\/v2\/product_cat?post=57542"},{"taxonomy":"product_tag","embeddable":true,"href":"https:\/\/www.beitalhikma.tn\/fr\/wp-json\/wp\/v2\/product_tag?post=57542"}],"curies":[{"name":"wp","href":"https:\/\/api.w.org\/{rel}","templated":true}]}}