{"id":57548,"date":"2020-10-26T11:40:08","date_gmt":"2020-10-26T10:40:08","guid":{"rendered":"https:\/\/www.beitalhikma.tn\/?post_type=product&#038;p=57548"},"modified":"2022-10-13T09:16:38","modified_gmt":"2022-10-13T08:16:38","slug":"discours-academiques-2","status":"publish","type":"product","link":"https:\/\/www.beitalhikma.tn\/fr\/publication\/acces-boutique\/livres-en-vente\/discours-academiques-2\/","title":{"rendered":"Discours Acad\u00e9miques 2"},"content":{"rendered":"<p>L\u2019ouvrage r\u00e9unit les discours prononc\u00e9s par les nouveaux acad\u00e9miciens lors d\u2019une assembl\u00e9e g\u00e9n\u00e9rale solennelle tenue par l\u2019Acad\u00e9mie Tunisienne des Sciences, des Lettres et des Arts, Beit al Hikma, le 28 septembre 2019. Chacun de ces nouveaux membres a mis en lumi\u00e8re les diff\u00e9rentes \u00e9tapes de son itin\u00e9raire de chercheur dans son domaine de sp\u00e9cialit\u00e9.<\/p>\n<p>Chacun de ces discours fut, en g\u00e9n\u00e9ral, pour l\u2019orateur une occasion de donner un bref aper\u00e7u de ses pr\u00e9occupations intellectuelles, artistiques et\/ou culturelles ainsi que de ses contributions scientifiques et des travaux universitaires qui lui permirent d\u2019\u00eatre coopt\u00e9 \u00e0 l\u2019Acad\u00e9mie Beit al Hikma.<\/p>\n","protected":false},"excerpt":{"rendered":"<ul>\n<li><strong>Titre de l\u2019ouvrage<\/strong> :Discours Acad\u00e9miques 2<\/li>\n<li><strong>Ouvrage collectif\u00a0: <\/strong>Discours sur l\u2019itin\u00e9raire scientifique des acad\u00e9miciens<\/li>\n<li><strong>Langue :<\/strong> arabe<\/li>\n<li><strong>Date de parution :<\/strong> 2020<\/li>\n<li><strong>Format :<\/strong>\u00a016\u00d724<\/li>\n<li><strong>ISBN :<\/strong>9789973492159<\/li>\n<li><strong>Nombre de pages :<\/strong>197<br \/>\n<strong>Th\u00e8me :<\/strong> Discours<\/li>\n<li><strong>Poids :<\/strong> 300 gr<br \/>\n<b>Situation :\u00a0<\/b>disponible<\/li>\n<li class=\"addtoany_share_save_container addtoany_content addtoany_content_bottom\">\n<div class=\"a2a_kit a2a_kit_size_32 addtoany_list\" data-a2a-url=\"https:\/\/www.beitalhikma.tn\/publication\/acces-boutique\/livres-en-vente\/melanges-au-professeur-dominique-chevallier\/\" data-a2a-title=\"M\u00e9langes au Professeur Dominique Chevallier\"><\/div>\n<\/li>\n<\/ul>\n","protected":false},"featured_media":57541,"template":"","meta":{"_uag_custom_page_level_css":""},"product_brand":[],"product_cat":[11],"product_tag":[],"class_list":{"0":"post-57548","1":"product","2":"type-product","3":"status-publish","4":"has-post-thumbnail","6":"product_cat-livres-en-vente","8":"first","9":"instock","10":"sale","11":"shipping-taxable","12":"purchasable","13":"product-type-simple"},"yoast_head":"<!-- This site is optimized with the Yoast SEO plugin v27.5 - https:\/\/yoast.com\/product\/yoast-seo-wordpress\/ -->\n<title>Discours Acad\u00e9miques 2 - Beit al-Hikma<\/title>\n<meta name=\"robots\" content=\"index, follow, max-snippet:-1, max-image-preview:large, max-video-preview:-1\" \/>\n<link rel=\"canonical\" href=\"https:\/\/www.beitalhikma.tn\/fr\/publication\/acces-boutique\/livres-en-vente\/discours-academiques-2\/\" \/>\n<meta property=\"og:locale\" content=\"fr_FR\" \/>\n<meta property=\"og:type\" content=\"article\" \/>\n<meta property=\"og:title\" content=\"Discours Acad\u00e9miques 2 - Beit al-Hikma\" \/>\n<meta property=\"og:description\" content=\"Titre de l\u2019ouvrage :Discours Acad\u00e9miques 2  Ouvrage collectif\u00a0: Discours sur l\u2019itin\u00e9raire scientifique des acad\u00e9miciens  Langue : arabe  Date de parution : 2020  Format :\u00a016\u00d724  ISBN :9789973492159  Nombre de pages :197 Th\u00e8me : Discours  Poids : 300 gr Situation :\u00a0disponible\" \/>\n<meta property=\"og:url\" content=\"https:\/\/www.beitalhikma.tn\/fr\/publication\/acces-boutique\/livres-en-vente\/discours-academiques-2\/\" \/>\n<meta property=\"og:site_name\" content=\"Beit al-Hikma\" \/>\n<meta property=\"article:publisher\" content=\"https:\/\/www.facebook.com\/BeitalhikmaTunisie\/\" \/>\n<meta property=\"article:modified_time\" content=\"2022-10-13T08:16:38+00:00\" \/>\n<meta property=\"og:image\" content=\"https:\/\/www.beitalhikma.tn\/wp-content\/uploads\/2020\/10\/Diff-Retenu-couv-khoutab-majma3iya2-729x1024.jpg\" \/>\n\t<meta property=\"og:image:width\" content=\"729\" \/>\n\t<meta property=\"og:image:height\" content=\"1024\" \/>\n\t<meta property=\"og:image:type\" content=\"image\/jpeg\" \/>\n<meta name=\"twitter:card\" content=\"summary_large_image\" \/>\n<meta name=\"twitter:site\" content=\"@Beit_alhikma_TN\" \/>\n<meta name=\"twitter:label1\" content=\"Dur\u00e9e de lecture estim\u00e9e\" \/>\n\t<meta name=\"twitter:data1\" content=\"1 minute\" \/>\n<script type=\"application\/ld+json\" class=\"yoast-schema-graph\">{\"@context\":\"https:\\\/\\\/schema.org\",\"@graph\":[{\"@type\":\"WebPage\",\"@id\":\"https:\\\/\\\/www.beitalhikma.tn\\\/fr\\\/publication\\\/acces-boutique\\\/livres-en-vente\\\/discours-academiques-2\\\/\",\"url\":\"https:\\\/\\\/www.beitalhikma.tn\\\/fr\\\/publication\\\/acces-boutique\\\/livres-en-vente\\\/discours-academiques-2\\\/\",\"name\":\"Discours Acad\u00e9miques 2 - Beit al-Hikma\",\"isPartOf\":{\"@id\":\"https:\\\/\\\/www.beitalhikma.tn\\\/#website\"},\"primaryImageOfPage\":{\"@id\":\"https:\\\/\\\/www.beitalhikma.tn\\\/fr\\\/publication\\\/acces-boutique\\\/livres-en-vente\\\/discours-academiques-2\\\/#primaryimage\"},\"image\":{\"@id\":\"https:\\\/\\\/www.beitalhikma.tn\\\/fr\\\/publication\\\/acces-boutique\\\/livres-en-vente\\\/discours-academiques-2\\\/#primaryimage\"},\"thumbnailUrl\":\"https:\\\/\\\/www.beitalhikma.tn\\\/wp-content\\\/uploads\\\/2020\\\/10\\\/Diff-Retenu-couv-khoutab-majma3iya2.jpg\",\"datePublished\":\"2020-10-26T10:40:08+00:00\",\"dateModified\":\"2022-10-13T08:16:38+00:00\",\"breadcrumb\":{\"@id\":\"https:\\\/\\\/www.beitalhikma.tn\\\/fr\\\/publication\\\/acces-boutique\\\/livres-en-vente\\\/discours-academiques-2\\\/#breadcrumb\"},\"inLanguage\":\"fr-FR\",\"potentialAction\":[{\"@type\":\"ReadAction\",\"target\":[\"https:\\\/\\\/www.beitalhikma.tn\\\/fr\\\/publication\\\/acces-boutique\\\/livres-en-vente\\\/discours-academiques-2\\\/\"]}]},{\"@type\":\"ImageObject\",\"inLanguage\":\"fr-FR\",\"@id\":\"https:\\\/\\\/www.beitalhikma.tn\\\/fr\\\/publication\\\/acces-boutique\\\/livres-en-vente\\\/discours-academiques-2\\\/#primaryimage\",\"url\":\"https:\\\/\\\/www.beitalhikma.tn\\\/wp-content\\\/uploads\\\/2020\\\/10\\\/Diff-Retenu-couv-khoutab-majma3iya2.jpg\",\"contentUrl\":\"https:\\\/\\\/www.beitalhikma.tn\\\/wp-content\\\/uploads\\\/2020\\\/10\\\/Diff-Retenu-couv-khoutab-majma3iya2.jpg\",\"width\":1818,\"height\":2552},{\"@type\":\"BreadcrumbList\",\"@id\":\"https:\\\/\\\/www.beitalhikma.tn\\\/fr\\\/publication\\\/acces-boutique\\\/livres-en-vente\\\/discours-academiques-2\\\/#breadcrumb\",\"itemListElement\":[{\"@type\":\"ListItem\",\"position\":1,\"name\":\"Accueil\",\"item\":\"https:\\\/\\\/www.beitalhikma.tn\\\/fr\\\/\"},{\"@type\":\"ListItem\",\"position\":2,\"name\":\"Boutique\",\"item\":\"https:\\\/\\\/www.beitalhikma.tn\\\/fr\\\/boutique\\\/\"},{\"@type\":\"ListItem\",\"position\":3,\"name\":\"Discours Acad\u00e9miques 2\"}]},{\"@type\":\"WebSite\",\"@id\":\"https:\\\/\\\/www.beitalhikma.tn\\\/#website\",\"url\":\"https:\\\/\\\/www.beitalhikma.tn\\\/\",\"name\":\"Beit al-Hikma\",\"description\":\"L&#039;Acad\u00e9mie Tunisienne des Sciences, des Lettres  et des Arts\",\"publisher\":{\"@id\":\"https:\\\/\\\/www.beitalhikma.tn\\\/#organization\"},\"potentialAction\":[{\"@type\":\"SearchAction\",\"target\":{\"@type\":\"EntryPoint\",\"urlTemplate\":\"https:\\\/\\\/www.beitalhikma.tn\\\/?s={search_term_string}\"},\"query-input\":{\"@type\":\"PropertyValueSpecification\",\"valueRequired\":true,\"valueName\":\"search_term_string\"}}],\"inLanguage\":\"fr-FR\"},{\"@type\":\"Organization\",\"@id\":\"https:\\\/\\\/www.beitalhikma.tn\\\/#organization\",\"name\":\"Beit Al Hikma\",\"url\":\"https:\\\/\\\/www.beitalhikma.tn\\\/\",\"logo\":{\"@type\":\"ImageObject\",\"inLanguage\":\"fr-FR\",\"@id\":\"https:\\\/\\\/www.beitalhikma.tn\\\/#\\\/schema\\\/logo\\\/image\\\/\",\"url\":\"https:\\\/\\\/www.beitalhikma.tn\\\/wp-content\\\/uploads\\\/2014\\\/11\\\/logo.png\",\"contentUrl\":\"https:\\\/\\\/www.beitalhikma.tn\\\/wp-content\\\/uploads\\\/2014\\\/11\\\/logo.png\",\"width\":288,\"height\":109,\"caption\":\"Beit Al Hikma\"},\"image\":{\"@id\":\"https:\\\/\\\/www.beitalhikma.tn\\\/#\\\/schema\\\/logo\\\/image\\\/\"},\"sameAs\":[\"https:\\\/\\\/www.facebook.com\\\/BeitalhikmaTunisie\\\/\",\"https:\\\/\\\/x.com\\\/Beit_alhikma_TN\",\"https:\\\/\\\/www.youtube.com\\\/channel\\\/UCl8EfDXqt5MFfcEY0UYhevg\"]}]}<\/script>\n<!-- \/ Yoast SEO plugin. -->","yoast_head_json":{"title":"Discours Acad\u00e9miques 2 - Beit al-Hikma","robots":{"index":"index","follow":"follow","max-snippet":"max-snippet:-1","max-image-preview":"max-image-preview:large","max-video-preview":"max-video-preview:-1"},"canonical":"https:\/\/www.beitalhikma.tn\/fr\/publication\/acces-boutique\/livres-en-vente\/discours-academiques-2\/","og_locale":"fr_FR","og_type":"article","og_title":"Discours Acad\u00e9miques 2 - Beit al-Hikma","og_description":"Titre de l\u2019ouvrage :Discours Acad\u00e9miques 2  Ouvrage collectif\u00a0: Discours sur l\u2019itin\u00e9raire scientifique des acad\u00e9miciens  Langue : arabe  Date de parution : 2020  Format :\u00a016\u00d724  ISBN :9789973492159  Nombre de pages :197 Th\u00e8me : Discours  Poids : 300 gr Situation :\u00a0disponible","og_url":"https:\/\/www.beitalhikma.tn\/fr\/publication\/acces-boutique\/livres-en-vente\/discours-academiques-2\/","og_site_name":"Beit al-Hikma","article_publisher":"https:\/\/www.facebook.com\/BeitalhikmaTunisie\/","article_modified_time":"2022-10-13T08:16:38+00:00","og_image":[{"width":729,"height":1024,"url":"https:\/\/www.beitalhikma.tn\/wp-content\/uploads\/2020\/10\/Diff-Retenu-couv-khoutab-majma3iya2-729x1024.jpg","type":"image\/jpeg"}],"twitter_card":"summary_large_image","twitter_site":"@Beit_alhikma_TN","twitter_misc":{"Dur\u00e9e de lecture estim\u00e9e":"1 minute"},"schema":{"@context":"https:\/\/schema.org","@graph":[{"@type":"WebPage","@id":"https:\/\/www.beitalhikma.tn\/fr\/publication\/acces-boutique\/livres-en-vente\/discours-academiques-2\/","url":"https:\/\/www.beitalhikma.tn\/fr\/publication\/acces-boutique\/livres-en-vente\/discours-academiques-2\/","name":"Discours Acad\u00e9miques 2 - Beit al-Hikma","isPartOf":{"@id":"https:\/\/www.beitalhikma.tn\/#website"},"primaryImageOfPage":{"@id":"https:\/\/www.beitalhikma.tn\/fr\/publication\/acces-boutique\/livres-en-vente\/discours-academiques-2\/#primaryimage"},"image":{"@id":"https:\/\/www.beitalhikma.tn\/fr\/publication\/acces-boutique\/livres-en-vente\/discours-academiques-2\/#primaryimage"},"thumbnailUrl":"https:\/\/www.beitalhikma.tn\/wp-content\/uploads\/2020\/10\/Diff-Retenu-couv-khoutab-majma3iya2.jpg","datePublished":"2020-10-26T10:40:08+00:00","dateModified":"2022-10-13T08:16:38+00:00","breadcrumb":{"@id":"https:\/\/www.beitalhikma.tn\/fr\/publication\/acces-boutique\/livres-en-vente\/discours-academiques-2\/#breadcrumb"},"inLanguage":"fr-FR","potentialAction":[{"@type":"ReadAction","target":["https:\/\/www.beitalhikma.tn\/fr\/publication\/acces-boutique\/livres-en-vente\/discours-academiques-2\/"]}]},{"@type":"ImageObject","inLanguage":"fr-FR","@id":"https:\/\/www.beitalhikma.tn\/fr\/publication\/acces-boutique\/livres-en-vente\/discours-academiques-2\/#primaryimage","url":"https:\/\/www.beitalhikma.tn\/wp-content\/uploads\/2020\/10\/Diff-Retenu-couv-khoutab-majma3iya2.jpg","contentUrl":"https:\/\/www.beitalhikma.tn\/wp-content\/uploads\/2020\/10\/Diff-Retenu-couv-khoutab-majma3iya2.jpg","width":1818,"height":2552},{"@type":"BreadcrumbList","@id":"https:\/\/www.beitalhikma.tn\/fr\/publication\/acces-boutique\/livres-en-vente\/discours-academiques-2\/#breadcrumb","itemListElement":[{"@type":"ListItem","position":1,"name":"Accueil","item":"https:\/\/www.beitalhikma.tn\/fr\/"},{"@type":"ListItem","position":2,"name":"Boutique","item":"https:\/\/www.beitalhikma.tn\/fr\/boutique\/"},{"@type":"ListItem","position":3,"name":"Discours Acad\u00e9miques 2"}]},{"@type":"WebSite","@id":"https:\/\/www.beitalhikma.tn\/#website","url":"https:\/\/www.beitalhikma.tn\/","name":"Beit al-Hikma","description":"L&#039;Acad\u00e9mie Tunisienne des Sciences, des Lettres  et des Arts","publisher":{"@id":"https:\/\/www.beitalhikma.tn\/#organization"},"potentialAction":[{"@type":"SearchAction","target":{"@type":"EntryPoint","urlTemplate":"https:\/\/www.beitalhikma.tn\/?s={search_term_string}"},"query-input":{"@type":"PropertyValueSpecification","valueRequired":true,"valueName":"search_term_string"}}],"inLanguage":"fr-FR"},{"@type":"Organization","@id":"https:\/\/www.beitalhikma.tn\/#organization","name":"Beit Al Hikma","url":"https:\/\/www.beitalhikma.tn\/","logo":{"@type":"ImageObject","inLanguage":"fr-FR","@id":"https:\/\/www.beitalhikma.tn\/#\/schema\/logo\/image\/","url":"https:\/\/www.beitalhikma.tn\/wp-content\/uploads\/2014\/11\/logo.png","contentUrl":"https:\/\/www.beitalhikma.tn\/wp-content\/uploads\/2014\/11\/logo.png","width":288,"height":109,"caption":"Beit Al Hikma"},"image":{"@id":"https:\/\/www.beitalhikma.tn\/#\/schema\/logo\/image\/"},"sameAs":["https:\/\/www.facebook.com\/BeitalhikmaTunisie\/","https:\/\/x.com\/Beit_alhikma_TN","https:\/\/www.youtube.com\/channel\/UCl8EfDXqt5MFfcEY0UYhevg"]}]}},"uagb_featured_image_src":{"full":["https:\/\/www.beitalhikma.tn\/wp-content\/uploads\/2020\/10\/Diff-Retenu-couv-khoutab-majma3iya2.jpg",1818,2552,false],"thumbnail":["https:\/\/www.beitalhikma.tn\/wp-content\/uploads\/2020\/10\/Diff-Retenu-couv-khoutab-majma3iya2-250x300.jpg",250,300,true],"medium":["https:\/\/www.beitalhikma.tn\/wp-content\/uploads\/2020\/10\/Diff-Retenu-couv-khoutab-majma3iya2-214x300.jpg",214,300,true],"medium_large":["https:\/\/www.beitalhikma.tn\/wp-content\/uploads\/2020\/10\/Diff-Retenu-couv-khoutab-majma3iya2-768x1078.jpg",768,1078,true],"large":["https:\/\/www.beitalhikma.tn\/wp-content\/uploads\/2020\/10\/Diff-Retenu-couv-khoutab-majma3iya2-729x1024.jpg",729,1024,true],"thumblist":["https:\/\/www.beitalhikma.tn\/wp-content\/uploads\/2020\/10\/Diff-Retenu-couv-khoutab-majma3iya2-300x300.jpg",300,300,true],"meccarouselthumb":["https:\/\/www.beitalhikma.tn\/wp-content\/uploads\/2020\/10\/Diff-Retenu-couv-khoutab-majma3iya2-474x324.jpg",474,324,true],"gridsquare":["https:\/\/www.beitalhikma.tn\/wp-content\/uploads\/2020\/10\/Diff-Retenu-couv-khoutab-majma3iya2-391x260.jpg",391,260,true],"tileview":["https:\/\/www.beitalhikma.tn\/wp-content\/uploads\/2020\/10\/Diff-Retenu-couv-khoutab-majma3iya2-300x400.jpg",300,400,true],"1536x1536":["https:\/\/www.beitalhikma.tn\/wp-content\/uploads\/2020\/10\/Diff-Retenu-couv-khoutab-majma3iya2-1094x1536.jpg",1094,1536,true],"2048x2048":["https:\/\/www.beitalhikma.tn\/wp-content\/uploads\/2020\/10\/Diff-Retenu-couv-khoutab-majma3iya2-1459x2048.jpg",1459,2048,true],"post-thumbnail":["https:\/\/www.beitalhikma.tn\/wp-content\/uploads\/2020\/10\/Diff-Retenu-couv-khoutab-majma3iya2-104x146.jpg",104,146,true],"50x50":["https:\/\/www.beitalhikma.tn\/wp-content\/uploads\/2020\/10\/Diff-Retenu-couv-khoutab-majma3iya2-36x50.jpg",36,50,true],"portfolio-list":["https:\/\/www.beitalhikma.tn\/wp-content\/uploads\/2020\/10\/Diff-Retenu-couv-khoutab-majma3iya2-600x400.jpg",600,400,true],"portfolio-fs":["https:\/\/www.beitalhikma.tn\/wp-content\/uploads\/2020\/10\/Diff-Retenu-couv-khoutab-majma3iya2-815x543.jpg",815,543,true],"portfolio-slider":["https:\/\/www.beitalhikma.tn\/wp-content\/uploads\/2020\/10\/Diff-Retenu-couv-khoutab-majma3iya2-380x380.jpg",380,380,true],"blog":["https:\/\/www.beitalhikma.tn\/wp-content\/uploads\/2020\/10\/Diff-Retenu-couv-khoutab-majma3iya2-564x341.jpg",564,341,true],"blog-single":["https:\/\/www.beitalhikma.tn\/wp-content\/uploads\/2020\/10\/Diff-Retenu-couv-khoutab-majma3iya2-1176x445.jpg",1176,445,true],"blog-item":["https:\/\/www.beitalhikma.tn\/wp-content\/uploads\/2020\/10\/Diff-Retenu-couv-khoutab-majma3iya2-504x224.jpg",504,224,true],"blog-widget":["https:\/\/www.beitalhikma.tn\/wp-content\/uploads\/2020\/10\/Diff-Retenu-couv-khoutab-majma3iya2-80x60.jpg",80,60,true],"features":["https:\/\/www.beitalhikma.tn\/wp-content\/uploads\/2020\/10\/Diff-Retenu-couv-khoutab-majma3iya2-90x90.jpg",90,90,true],"clients-slider":["https:\/\/www.beitalhikma.tn\/wp-content\/uploads\/2020\/10\/Diff-Retenu-couv-khoutab-majma3iya2-57x80.jpg",57,80,true],"offer-slider":["https:\/\/www.beitalhikma.tn\/wp-content\/uploads\/2020\/10\/Diff-Retenu-couv-khoutab-majma3iya2-776x438.jpg",776,438,true],"offer-slider-pg":["https:\/\/www.beitalhikma.tn\/wp-content\/uploads\/2020\/10\/Diff-Retenu-couv-khoutab-majma3iya2-42x42.jpg",42,42,true],"woocommerce_thumbnail":["https:\/\/www.beitalhikma.tn\/wp-content\/uploads\/2020\/10\/Diff-Retenu-couv-khoutab-majma3iya2-250x300.jpg",250,300,true],"woocommerce_single":["https:\/\/www.beitalhikma.tn\/wp-content\/uploads\/2020\/10\/Diff-Retenu-couv-khoutab-majma3iya2-250x351.jpg",250,351,true],"woocommerce_gallery_thumbnail":["https:\/\/www.beitalhikma.tn\/wp-content\/uploads\/2020\/10\/Diff-Retenu-couv-khoutab-majma3iya2-100x100.jpg",100,100,true]},"uagb_author_info":{"display_name":"admin","author_link":"https:\/\/www.beitalhikma.tn\/fr\/author\/"},"uagb_comment_info":0,"uagb_excerpt":"Titre de l\u2019ouvrage :Discours Acad\u00e9miques 2 Ouvrage collectif\u00a0: Discours sur l\u2019itin\u00e9raire scientifique des acad\u00e9miciens Langue : arabe Date de parution : 2020 Format :\u00a016\u00d724 ISBN :9789973492159 Nombre de pages :197 Th\u00e8me : Discours Poids : 300 gr Situation :\u00a0disponible","_links":{"self":[{"href":"https:\/\/www.beitalhikma.tn\/fr\/wp-json\/wp\/v2\/product\/57548","targetHints":{"allow":["GET"]}}],"collection":[{"href":"https:\/\/www.beitalhikma.tn\/fr\/wp-json\/wp\/v2\/product"}],"about":[{"href":"https:\/\/www.beitalhikma.tn\/fr\/wp-json\/wp\/v2\/types\/product"}],"wp:featuredmedia":[{"embeddable":true,"href":"https:\/\/www.beitalhikma.tn\/fr\/wp-json\/wp\/v2\/media\/57541"}],"wp:attachment":[{"href":"https:\/\/www.beitalhikma.tn\/fr\/wp-json\/wp\/v2\/media?parent=57548"}],"wp:term":[{"taxonomy":"product_brand","embeddable":true,"href":"https:\/\/www.beitalhikma.tn\/fr\/wp-json\/wp\/v2\/product_brand?post=57548"},{"taxonomy":"product_cat","embeddable":true,"href":"https:\/\/www.beitalhikma.tn\/fr\/wp-json\/wp\/v2\/product_cat?post=57548"},{"taxonomy":"product_tag","embeddable":true,"href":"https:\/\/www.beitalhikma.tn\/fr\/wp-json\/wp\/v2\/product_tag?post=57548"}],"curies":[{"name":"wp","href":"https:\/\/api.w.org\/{rel}","templated":true}]}}