{"id":5779,"date":"2016-08-05T12:33:19","date_gmt":"2016-08-11T09:50:59","guid":{"rendered":"http:\/\/www.beitalhikma.tn\/?post_type=product&#038;p=5779"},"modified":"2022-09-22T11:26:50","modified_gmt":"2022-09-22T10:26:50","slug":"la-famille-de-pascual-duarte-3","status":"publish","type":"product","link":"https:\/\/www.beitalhikma.tn\/fr\/publication\/acces-boutique\/livres-en-vente\/la-famille-de-pascual-duarte-3\/","title":{"rendered":"La famille de Pascual Duarte"},"content":{"rendered":"<p><a href=\"http:\/\/www.beitalhikma.tn\/wp-content\/uploads\/2016\/08\/pf.png\"><img loading=\"lazy\" decoding=\"async\" class=\"aligncenter size-full wp-image-5777\" src=\"http:\/\/www.beitalhikma.tn\/wp-content\/uploads\/2016\/08\/pf.png\" alt=\"pf\" width=\"740\" height=\"538\" srcset=\"https:\/\/www.beitalhikma.tn\/wp-content\/uploads\/2016\/08\/pf.png 740w, https:\/\/www.beitalhikma.tn\/wp-content\/uploads\/2016\/08\/pf-250x182.png 250w, https:\/\/www.beitalhikma.tn\/wp-content\/uploads\/2016\/08\/pf-300x218.png 300w, https:\/\/www.beitalhikma.tn\/wp-content\/uploads\/2016\/08\/pf-201x146.png 201w, https:\/\/www.beitalhikma.tn\/wp-content\/uploads\/2016\/08\/pf-50x36.png 50w, https:\/\/www.beitalhikma.tn\/wp-content\/uploads\/2016\/08\/pf-110x80.png 110w\" sizes=\"auto, (max-width: 740px) 100vw, 740px\" \/><\/a><\/p>\n","protected":false},"excerpt":{"rendered":"<p><strong>Titre de l\u2019ouvrage :<\/strong> La famille<br \/>\nde Pascual Duarte<br \/>\n<strong>Auteur : <\/strong>Camilo Jos\u00e9 Cela<br \/>\n<strong>Traducteurs :<\/strong> Joma\u00e2 Cheikha<br \/>\net Mohamed N\u00e9jib Ben Jemia<br \/>\n<strong>Th\u00e8me : <\/strong>Litt\u00e9rature \u00e9trang\u00e8re<br \/>\n<strong>Dimensions :<\/strong> 16&#215;24<br \/>\n<strong>Nombre de pages : <\/strong>156<br \/>\n<strong>Langue : <\/strong>arabe<br \/>\n<strong>Date de parution : <\/strong>1991<br \/>\n<strong>Prix de vente :<\/strong> 4.500 D.T.<br \/>\n<span style=\"color: black; font-family: 'times New Ramon'; font-size: large;\"><strong>I.S.B.N :<\/strong> 9973-911-82-2<\/span>.<\/p>\n","protected":false},"featured_media":5574,"template":"","meta":{"_uag_custom_page_level_css":""},"product_brand":[],"product_cat":[11],"product_tag":[],"class_list":{"0":"post-5779","1":"product","2":"type-product","3":"status-publish","4":"has-post-thumbnail","6":"product_cat-livres-en-vente","8":"first","9":"instock","10":"sale","11":"shipping-taxable","12":"purchasable","13":"product-type-simple"},"yoast_head":"<!-- This site is optimized with the Yoast SEO plugin v27.4 - https:\/\/yoast.com\/product\/yoast-seo-wordpress\/ -->\n<title>La famille de Pascual Duarte - Beit al-Hikma<\/title>\n<meta name=\"robots\" content=\"index, follow, max-snippet:-1, max-image-preview:large, max-video-preview:-1\" \/>\n<link rel=\"canonical\" href=\"https:\/\/www.beitalhikma.tn\/fr\/publication\/acces-boutique\/livres-en-vente\/la-famille-de-pascual-duarte-3\/\" \/>\n<meta property=\"og:locale\" content=\"fr_FR\" \/>\n<meta property=\"og:type\" content=\"article\" \/>\n<meta property=\"og:title\" content=\"La famille de Pascual Duarte - Beit al-Hikma\" \/>\n<meta property=\"og:description\" content=\"Titre de l\u2019ouvrage : La famille de Pascual Duarte Auteur : Camilo Jos\u00e9 Cela Traducteurs : Joma\u00e2 Cheikha et Mohamed N\u00e9jib Ben Jemia Th\u00e8me : Litt\u00e9rature \u00e9trang\u00e8re Dimensions : 16x24 Nombre de pages : 156 Langue : arabe Date de parution : 1991 Prix de vente : 4.500 D.T. I.S.B.N : 9973-911-82-2.\" \/>\n<meta property=\"og:url\" content=\"https:\/\/www.beitalhikma.tn\/fr\/publication\/acces-boutique\/livres-en-vente\/la-famille-de-pascual-duarte-3\/\" \/>\n<meta property=\"og:site_name\" content=\"Beit al-Hikma\" \/>\n<meta property=\"article:publisher\" content=\"https:\/\/www.facebook.com\/BeitalhikmaTunisie\/\" \/>\n<meta property=\"article:modified_time\" content=\"2022-09-22T10:26:50+00:00\" \/>\n<meta property=\"og:image\" content=\"https:\/\/www.beitalhikma.tn\/wp-content\/uploads\/2016\/08\/\u0639\u0627\u0626\u0644\u0629-\u0628\u0627\u0633\u0643\u0648\u0627\u0644-\u062f\u0648\u0627\u0631\u062a\u064a.png\" \/>\n\t<meta property=\"og:image:width\" content=\"260\" \/>\n\t<meta property=\"og:image:height\" content=\"389\" \/>\n\t<meta property=\"og:image:type\" content=\"image\/png\" \/>\n<meta name=\"twitter:card\" content=\"summary_large_image\" \/>\n<meta name=\"twitter:site\" content=\"@Beit_alhikma_TN\" \/>\n<script type=\"application\/ld+json\" class=\"yoast-schema-graph\">{\"@context\":\"https:\\\/\\\/schema.org\",\"@graph\":[{\"@type\":\"WebPage\",\"@id\":\"https:\\\/\\\/www.beitalhikma.tn\\\/fr\\\/publication\\\/acces-boutique\\\/livres-en-vente\\\/la-famille-de-pascual-duarte-3\\\/\",\"url\":\"https:\\\/\\\/www.beitalhikma.tn\\\/fr\\\/publication\\\/acces-boutique\\\/livres-en-vente\\\/la-famille-de-pascual-duarte-3\\\/\",\"name\":\"La famille de Pascual Duarte - Beit al-Hikma\",\"isPartOf\":{\"@id\":\"https:\\\/\\\/www.beitalhikma.tn\\\/#website\"},\"primaryImageOfPage\":{\"@id\":\"https:\\\/\\\/www.beitalhikma.tn\\\/fr\\\/publication\\\/acces-boutique\\\/livres-en-vente\\\/la-famille-de-pascual-duarte-3\\\/#primaryimage\"},\"image\":{\"@id\":\"https:\\\/\\\/www.beitalhikma.tn\\\/fr\\\/publication\\\/acces-boutique\\\/livres-en-vente\\\/la-famille-de-pascual-duarte-3\\\/#primaryimage\"},\"thumbnailUrl\":\"https:\\\/\\\/www.beitalhikma.tn\\\/wp-content\\\/uploads\\\/2016\\\/08\\\/\u0639\u0627\u0626\u0644\u0629-\u0628\u0627\u0633\u0643\u0648\u0627\u0644-\u062f\u0648\u0627\u0631\u062a\u064a.png\",\"datePublished\":\"2016-08-11T09:50:59+00:00\",\"dateModified\":\"2022-09-22T10:26:50+00:00\",\"breadcrumb\":{\"@id\":\"https:\\\/\\\/www.beitalhikma.tn\\\/fr\\\/publication\\\/acces-boutique\\\/livres-en-vente\\\/la-famille-de-pascual-duarte-3\\\/#breadcrumb\"},\"inLanguage\":\"fr-FR\",\"potentialAction\":[{\"@type\":\"ReadAction\",\"target\":[\"https:\\\/\\\/www.beitalhikma.tn\\\/fr\\\/publication\\\/acces-boutique\\\/livres-en-vente\\\/la-famille-de-pascual-duarte-3\\\/\"]}]},{\"@type\":\"ImageObject\",\"inLanguage\":\"fr-FR\",\"@id\":\"https:\\\/\\\/www.beitalhikma.tn\\\/fr\\\/publication\\\/acces-boutique\\\/livres-en-vente\\\/la-famille-de-pascual-duarte-3\\\/#primaryimage\",\"url\":\"https:\\\/\\\/www.beitalhikma.tn\\\/wp-content\\\/uploads\\\/2016\\\/08\\\/\u0639\u0627\u0626\u0644\u0629-\u0628\u0627\u0633\u0643\u0648\u0627\u0644-\u062f\u0648\u0627\u0631\u062a\u064a.png\",\"contentUrl\":\"https:\\\/\\\/www.beitalhikma.tn\\\/wp-content\\\/uploads\\\/2016\\\/08\\\/\u0639\u0627\u0626\u0644\u0629-\u0628\u0627\u0633\u0643\u0648\u0627\u0644-\u062f\u0648\u0627\u0631\u062a\u064a.png\",\"width\":260,\"height\":389},{\"@type\":\"BreadcrumbList\",\"@id\":\"https:\\\/\\\/www.beitalhikma.tn\\\/fr\\\/publication\\\/acces-boutique\\\/livres-en-vente\\\/la-famille-de-pascual-duarte-3\\\/#breadcrumb\",\"itemListElement\":[{\"@type\":\"ListItem\",\"position\":1,\"name\":\"Accueil\",\"item\":\"https:\\\/\\\/www.beitalhikma.tn\\\/fr\\\/\"},{\"@type\":\"ListItem\",\"position\":2,\"name\":\"Boutique\",\"item\":\"https:\\\/\\\/www.beitalhikma.tn\\\/fr\\\/boutique\\\/\"},{\"@type\":\"ListItem\",\"position\":3,\"name\":\"La famille de Pascual Duarte\"}]},{\"@type\":\"WebSite\",\"@id\":\"https:\\\/\\\/www.beitalhikma.tn\\\/#website\",\"url\":\"https:\\\/\\\/www.beitalhikma.tn\\\/\",\"name\":\"Beit al-Hikma\",\"description\":\"L&#039;Acad\u00e9mie Tunisienne des Sciences, des Lettres  et des Arts\",\"publisher\":{\"@id\":\"https:\\\/\\\/www.beitalhikma.tn\\\/#organization\"},\"potentialAction\":[{\"@type\":\"SearchAction\",\"target\":{\"@type\":\"EntryPoint\",\"urlTemplate\":\"https:\\\/\\\/www.beitalhikma.tn\\\/?s={search_term_string}\"},\"query-input\":{\"@type\":\"PropertyValueSpecification\",\"valueRequired\":true,\"valueName\":\"search_term_string\"}}],\"inLanguage\":\"fr-FR\"},{\"@type\":\"Organization\",\"@id\":\"https:\\\/\\\/www.beitalhikma.tn\\\/#organization\",\"name\":\"Beit Al Hikma\",\"url\":\"https:\\\/\\\/www.beitalhikma.tn\\\/\",\"logo\":{\"@type\":\"ImageObject\",\"inLanguage\":\"fr-FR\",\"@id\":\"https:\\\/\\\/www.beitalhikma.tn\\\/#\\\/schema\\\/logo\\\/image\\\/\",\"url\":\"https:\\\/\\\/www.beitalhikma.tn\\\/wp-content\\\/uploads\\\/2014\\\/11\\\/logo.png\",\"contentUrl\":\"https:\\\/\\\/www.beitalhikma.tn\\\/wp-content\\\/uploads\\\/2014\\\/11\\\/logo.png\",\"width\":288,\"height\":109,\"caption\":\"Beit Al Hikma\"},\"image\":{\"@id\":\"https:\\\/\\\/www.beitalhikma.tn\\\/#\\\/schema\\\/logo\\\/image\\\/\"},\"sameAs\":[\"https:\\\/\\\/www.facebook.com\\\/BeitalhikmaTunisie\\\/\",\"https:\\\/\\\/x.com\\\/Beit_alhikma_TN\",\"https:\\\/\\\/www.youtube.com\\\/channel\\\/UCl8EfDXqt5MFfcEY0UYhevg\"]}]}<\/script>\n<!-- \/ Yoast SEO plugin. -->","yoast_head_json":{"title":"La famille de Pascual Duarte - Beit al-Hikma","robots":{"index":"index","follow":"follow","max-snippet":"max-snippet:-1","max-image-preview":"max-image-preview:large","max-video-preview":"max-video-preview:-1"},"canonical":"https:\/\/www.beitalhikma.tn\/fr\/publication\/acces-boutique\/livres-en-vente\/la-famille-de-pascual-duarte-3\/","og_locale":"fr_FR","og_type":"article","og_title":"La famille de Pascual Duarte - Beit al-Hikma","og_description":"Titre de l\u2019ouvrage : La famille de Pascual Duarte Auteur : Camilo Jos\u00e9 Cela Traducteurs : Joma\u00e2 Cheikha et Mohamed N\u00e9jib Ben Jemia Th\u00e8me : Litt\u00e9rature \u00e9trang\u00e8re Dimensions : 16x24 Nombre de pages : 156 Langue : arabe Date de parution : 1991 Prix de vente : 4.500 D.T. I.S.B.N : 9973-911-82-2.","og_url":"https:\/\/www.beitalhikma.tn\/fr\/publication\/acces-boutique\/livres-en-vente\/la-famille-de-pascual-duarte-3\/","og_site_name":"Beit al-Hikma","article_publisher":"https:\/\/www.facebook.com\/BeitalhikmaTunisie\/","article_modified_time":"2022-09-22T10:26:50+00:00","og_image":[{"width":260,"height":389,"url":"https:\/\/www.beitalhikma.tn\/wp-content\/uploads\/2016\/08\/\u0639\u0627\u0626\u0644\u0629-\u0628\u0627\u0633\u0643\u0648\u0627\u0644-\u062f\u0648\u0627\u0631\u062a\u064a.png","type":"image\/png"}],"twitter_card":"summary_large_image","twitter_site":"@Beit_alhikma_TN","schema":{"@context":"https:\/\/schema.org","@graph":[{"@type":"WebPage","@id":"https:\/\/www.beitalhikma.tn\/fr\/publication\/acces-boutique\/livres-en-vente\/la-famille-de-pascual-duarte-3\/","url":"https:\/\/www.beitalhikma.tn\/fr\/publication\/acces-boutique\/livres-en-vente\/la-famille-de-pascual-duarte-3\/","name":"La famille de Pascual Duarte - Beit al-Hikma","isPartOf":{"@id":"https:\/\/www.beitalhikma.tn\/#website"},"primaryImageOfPage":{"@id":"https:\/\/www.beitalhikma.tn\/fr\/publication\/acces-boutique\/livres-en-vente\/la-famille-de-pascual-duarte-3\/#primaryimage"},"image":{"@id":"https:\/\/www.beitalhikma.tn\/fr\/publication\/acces-boutique\/livres-en-vente\/la-famille-de-pascual-duarte-3\/#primaryimage"},"thumbnailUrl":"https:\/\/www.beitalhikma.tn\/wp-content\/uploads\/2016\/08\/\u0639\u0627\u0626\u0644\u0629-\u0628\u0627\u0633\u0643\u0648\u0627\u0644-\u062f\u0648\u0627\u0631\u062a\u064a.png","datePublished":"2016-08-11T09:50:59+00:00","dateModified":"2022-09-22T10:26:50+00:00","breadcrumb":{"@id":"https:\/\/www.beitalhikma.tn\/fr\/publication\/acces-boutique\/livres-en-vente\/la-famille-de-pascual-duarte-3\/#breadcrumb"},"inLanguage":"fr-FR","potentialAction":[{"@type":"ReadAction","target":["https:\/\/www.beitalhikma.tn\/fr\/publication\/acces-boutique\/livres-en-vente\/la-famille-de-pascual-duarte-3\/"]}]},{"@type":"ImageObject","inLanguage":"fr-FR","@id":"https:\/\/www.beitalhikma.tn\/fr\/publication\/acces-boutique\/livres-en-vente\/la-famille-de-pascual-duarte-3\/#primaryimage","url":"https:\/\/www.beitalhikma.tn\/wp-content\/uploads\/2016\/08\/\u0639\u0627\u0626\u0644\u0629-\u0628\u0627\u0633\u0643\u0648\u0627\u0644-\u062f\u0648\u0627\u0631\u062a\u064a.png","contentUrl":"https:\/\/www.beitalhikma.tn\/wp-content\/uploads\/2016\/08\/\u0639\u0627\u0626\u0644\u0629-\u0628\u0627\u0633\u0643\u0648\u0627\u0644-\u062f\u0648\u0627\u0631\u062a\u064a.png","width":260,"height":389},{"@type":"BreadcrumbList","@id":"https:\/\/www.beitalhikma.tn\/fr\/publication\/acces-boutique\/livres-en-vente\/la-famille-de-pascual-duarte-3\/#breadcrumb","itemListElement":[{"@type":"ListItem","position":1,"name":"Accueil","item":"https:\/\/www.beitalhikma.tn\/fr\/"},{"@type":"ListItem","position":2,"name":"Boutique","item":"https:\/\/www.beitalhikma.tn\/fr\/boutique\/"},{"@type":"ListItem","position":3,"name":"La famille de Pascual Duarte"}]},{"@type":"WebSite","@id":"https:\/\/www.beitalhikma.tn\/#website","url":"https:\/\/www.beitalhikma.tn\/","name":"Beit al-Hikma","description":"L&#039;Acad\u00e9mie Tunisienne des Sciences, des Lettres  et des Arts","publisher":{"@id":"https:\/\/www.beitalhikma.tn\/#organization"},"potentialAction":[{"@type":"SearchAction","target":{"@type":"EntryPoint","urlTemplate":"https:\/\/www.beitalhikma.tn\/?s={search_term_string}"},"query-input":{"@type":"PropertyValueSpecification","valueRequired":true,"valueName":"search_term_string"}}],"inLanguage":"fr-FR"},{"@type":"Organization","@id":"https:\/\/www.beitalhikma.tn\/#organization","name":"Beit Al Hikma","url":"https:\/\/www.beitalhikma.tn\/","logo":{"@type":"ImageObject","inLanguage":"fr-FR","@id":"https:\/\/www.beitalhikma.tn\/#\/schema\/logo\/image\/","url":"https:\/\/www.beitalhikma.tn\/wp-content\/uploads\/2014\/11\/logo.png","contentUrl":"https:\/\/www.beitalhikma.tn\/wp-content\/uploads\/2014\/11\/logo.png","width":288,"height":109,"caption":"Beit Al Hikma"},"image":{"@id":"https:\/\/www.beitalhikma.tn\/#\/schema\/logo\/image\/"},"sameAs":["https:\/\/www.facebook.com\/BeitalhikmaTunisie\/","https:\/\/x.com\/Beit_alhikma_TN","https:\/\/www.youtube.com\/channel\/UCl8EfDXqt5MFfcEY0UYhevg"]}]}},"uagb_featured_image_src":{"full":["https:\/\/www.beitalhikma.tn\/wp-content\/uploads\/2016\/08\/\u0639\u0627\u0626\u0644\u0629-\u0628\u0627\u0633\u0643\u0648\u0627\u0644-\u062f\u0648\u0627\u0631\u062a\u064a.png",260,389,false],"thumbnail":["https:\/\/www.beitalhikma.tn\/wp-content\/uploads\/2016\/08\/\u0639\u0627\u0626\u0644\u0629-\u0628\u0627\u0633\u0643\u0648\u0627\u0644-\u062f\u0648\u0627\u0631\u062a\u064a-250x300.png",250,300,true],"medium":["https:\/\/www.beitalhikma.tn\/wp-content\/uploads\/2016\/08\/\u0639\u0627\u0626\u0644\u0629-\u0628\u0627\u0633\u0643\u0648\u0627\u0644-\u062f\u0648\u0627\u0631\u062a\u064a-201x300.png",201,300,true],"medium_large":["https:\/\/www.beitalhikma.tn\/wp-content\/uploads\/2016\/08\/\u0639\u0627\u0626\u0644\u0629-\u0628\u0627\u0633\u0643\u0648\u0627\u0644-\u062f\u0648\u0627\u0631\u062a\u064a.png",260,389,false],"large":["https:\/\/www.beitalhikma.tn\/wp-content\/uploads\/2016\/08\/\u0639\u0627\u0626\u0644\u0629-\u0628\u0627\u0633\u0643\u0648\u0627\u0644-\u062f\u0648\u0627\u0631\u062a\u064a.png",260,389,false],"thumblist":["https:\/\/www.beitalhikma.tn\/wp-content\/uploads\/2016\/08\/\u0639\u0627\u0626\u0644\u0629-\u0628\u0627\u0633\u0643\u0648\u0627\u0644-\u062f\u0648\u0627\u0631\u062a\u064a.png",201,300,false],"meccarouselthumb":["https:\/\/www.beitalhikma.tn\/wp-content\/uploads\/2016\/08\/\u0639\u0627\u0626\u0644\u0629-\u0628\u0627\u0633\u0643\u0648\u0627\u0644-\u062f\u0648\u0627\u0631\u062a\u064a.png",217,324,false],"gridsquare":["https:\/\/www.beitalhikma.tn\/wp-content\/uploads\/2016\/08\/\u0639\u0627\u0626\u0644\u0629-\u0628\u0627\u0633\u0643\u0648\u0627\u0644-\u062f\u0648\u0627\u0631\u062a\u064a.png",174,260,false],"tileview":["https:\/\/www.beitalhikma.tn\/wp-content\/uploads\/2016\/08\/\u0639\u0627\u0626\u0644\u0629-\u0628\u0627\u0633\u0643\u0648\u0627\u0644-\u062f\u0648\u0627\u0631\u062a\u064a.png",260,389,false],"1536x1536":["https:\/\/www.beitalhikma.tn\/wp-content\/uploads\/2016\/08\/\u0639\u0627\u0626\u0644\u0629-\u0628\u0627\u0633\u0643\u0648\u0627\u0644-\u062f\u0648\u0627\u0631\u062a\u064a.png",260,389,false],"2048x2048":["https:\/\/www.beitalhikma.tn\/wp-content\/uploads\/2016\/08\/\u0639\u0627\u0626\u0644\u0629-\u0628\u0627\u0633\u0643\u0648\u0627\u0644-\u062f\u0648\u0627\u0631\u062a\u064a.png",260,389,false],"post-thumbnail":["https:\/\/www.beitalhikma.tn\/wp-content\/uploads\/2016\/08\/\u0639\u0627\u0626\u0644\u0629-\u0628\u0627\u0633\u0643\u0648\u0627\u0644-\u062f\u0648\u0627\u0631\u062a\u064a-98x146.png",98,146,true],"50x50":["https:\/\/www.beitalhikma.tn\/wp-content\/uploads\/2016\/08\/\u0639\u0627\u0626\u0644\u0629-\u0628\u0627\u0633\u0643\u0648\u0627\u0644-\u062f\u0648\u0627\u0631\u062a\u064a-33x50.png",33,50,true],"portfolio-list":["https:\/\/www.beitalhikma.tn\/wp-content\/uploads\/2016\/08\/\u0639\u0627\u0626\u0644\u0629-\u0628\u0627\u0633\u0643\u0648\u0627\u0644-\u062f\u0648\u0627\u0631\u062a\u064a.png",260,389,false],"portfolio-fs":["https:\/\/www.beitalhikma.tn\/wp-content\/uploads\/2016\/08\/\u0639\u0627\u0626\u0644\u0629-\u0628\u0627\u0633\u0643\u0648\u0627\u0644-\u062f\u0648\u0627\u0631\u062a\u064a.png",260,389,false],"portfolio-slider":["https:\/\/www.beitalhikma.tn\/wp-content\/uploads\/2016\/08\/\u0639\u0627\u0626\u0644\u0629-\u0628\u0627\u0633\u0643\u0648\u0627\u0644-\u062f\u0648\u0627\u0631\u062a\u064a-260x380.png",260,380,true],"blog":["https:\/\/www.beitalhikma.tn\/wp-content\/uploads\/2016\/08\/\u0639\u0627\u0626\u0644\u0629-\u0628\u0627\u0633\u0643\u0648\u0627\u0644-\u062f\u0648\u0627\u0631\u062a\u064a-260x341.png",260,341,true],"blog-single":["https:\/\/www.beitalhikma.tn\/wp-content\/uploads\/2016\/08\/\u0639\u0627\u0626\u0644\u0629-\u0628\u0627\u0633\u0643\u0648\u0627\u0644-\u062f\u0648\u0627\u0631\u062a\u064a.png",260,389,false],"blog-item":["https:\/\/www.beitalhikma.tn\/wp-content\/uploads\/2016\/08\/\u0639\u0627\u0626\u0644\u0629-\u0628\u0627\u0633\u0643\u0648\u0627\u0644-\u062f\u0648\u0627\u0631\u062a\u064a-260x224.png",260,224,true],"blog-widget":["https:\/\/www.beitalhikma.tn\/wp-content\/uploads\/2016\/08\/\u0639\u0627\u0626\u0644\u0629-\u0628\u0627\u0633\u0643\u0648\u0627\u0644-\u062f\u0648\u0627\u0631\u062a\u064a-80x60.png",80,60,true],"features":["https:\/\/www.beitalhikma.tn\/wp-content\/uploads\/2016\/08\/\u0639\u0627\u0626\u0644\u0629-\u0628\u0627\u0633\u0643\u0648\u0627\u0644-\u062f\u0648\u0627\u0631\u062a\u064a-90x90.png",90,90,true],"clients-slider":["https:\/\/www.beitalhikma.tn\/wp-content\/uploads\/2016\/08\/\u0639\u0627\u0626\u0644\u0629-\u0628\u0627\u0633\u0643\u0648\u0627\u0644-\u062f\u0648\u0627\u0631\u062a\u064a-53x80.png",53,80,true],"offer-slider":["https:\/\/www.beitalhikma.tn\/wp-content\/uploads\/2016\/08\/\u0639\u0627\u0626\u0644\u0629-\u0628\u0627\u0633\u0643\u0648\u0627\u0644-\u062f\u0648\u0627\u0631\u062a\u064a.png",260,389,false],"offer-slider-pg":["https:\/\/www.beitalhikma.tn\/wp-content\/uploads\/2016\/08\/\u0639\u0627\u0626\u0644\u0629-\u0628\u0627\u0633\u0643\u0648\u0627\u0644-\u062f\u0648\u0627\u0631\u062a\u064a-42x42.png",42,42,true],"woocommerce_thumbnail":["https:\/\/www.beitalhikma.tn\/wp-content\/uploads\/2016\/08\/\u0639\u0627\u0626\u0644\u0629-\u0628\u0627\u0633\u0643\u0648\u0627\u0644-\u062f\u0648\u0627\u0631\u062a\u064a-250x300.png",250,300,true],"woocommerce_single":["https:\/\/www.beitalhikma.tn\/wp-content\/uploads\/2016\/08\/\u0639\u0627\u0626\u0644\u0629-\u0628\u0627\u0633\u0643\u0648\u0627\u0644-\u062f\u0648\u0627\u0631\u062a\u064a-250x374.png",250,374,true],"woocommerce_gallery_thumbnail":["https:\/\/www.beitalhikma.tn\/wp-content\/uploads\/2016\/08\/\u0639\u0627\u0626\u0644\u0629-\u0628\u0627\u0633\u0643\u0648\u0627\u0644-\u062f\u0648\u0627\u0631\u062a\u064a-100x100.png",100,100,true]},"uagb_author_info":{"display_name":"admin","author_link":"https:\/\/www.beitalhikma.tn\/fr\/author\/"},"uagb_comment_info":0,"uagb_excerpt":"Titre de l\u2019ouvrage : La famille de Pascual Duarte Auteur : Camilo Jos\u00e9 Cela Traducteurs : Joma\u00e2 Cheikha et Mohamed N\u00e9jib Ben Jemia Th\u00e8me : Litt\u00e9rature \u00e9trang\u00e8re Dimensions : 16x24 Nombre de pages : 156 Langue : arabe Date de parution : 1991 Prix de vente : 4.500 D.T. I.S.B.N : 9973-911-82-2.","_links":{"self":[{"href":"https:\/\/www.beitalhikma.tn\/fr\/wp-json\/wp\/v2\/product\/5779","targetHints":{"allow":["GET"]}}],"collection":[{"href":"https:\/\/www.beitalhikma.tn\/fr\/wp-json\/wp\/v2\/product"}],"about":[{"href":"https:\/\/www.beitalhikma.tn\/fr\/wp-json\/wp\/v2\/types\/product"}],"wp:featuredmedia":[{"embeddable":true,"href":"https:\/\/www.beitalhikma.tn\/fr\/wp-json\/wp\/v2\/media\/5574"}],"wp:attachment":[{"href":"https:\/\/www.beitalhikma.tn\/fr\/wp-json\/wp\/v2\/media?parent=5779"}],"wp:term":[{"taxonomy":"product_brand","embeddable":true,"href":"https:\/\/www.beitalhikma.tn\/fr\/wp-json\/wp\/v2\/product_brand?post=5779"},{"taxonomy":"product_cat","embeddable":true,"href":"https:\/\/www.beitalhikma.tn\/fr\/wp-json\/wp\/v2\/product_cat?post=5779"},{"taxonomy":"product_tag","embeddable":true,"href":"https:\/\/www.beitalhikma.tn\/fr\/wp-json\/wp\/v2\/product_tag?post=5779"}],"curies":[{"name":"wp","href":"https:\/\/api.w.org\/{rel}","templated":true}]}}