{"id":5901,"date":"2016-08-16T09:23:37","date_gmt":"2016-08-16T08:23:37","guid":{"rendered":"http:\/\/www.beitalhikma.tn\/?post_type=product&#038;p=5901"},"modified":"2019-09-27T10:31:20","modified_gmt":"2019-09-27T09:31:20","slug":"sheikh-abdel-aziz-mehdoui-et-son-patrimoine-soufies","status":"publish","type":"product","link":"https:\/\/www.beitalhikma.tn\/fr\/publication\/acces-boutique\/livres-en-vente\/sheikh-abdel-aziz-mehdoui-et-son-patrimoine-soufies\/","title":{"rendered":"Sheikh Abdel- Aziz Mahdaoui et son patrimoine soufies"},"content":{"rendered":"<p><center><strong>Une des plus grandes figures du patrimoine soufi \u00e0 la fin du 12\u00e8me si\u00e8cle et \u00e0 l&#8217;aube du 13\u00e8me si\u00e8cle de l&#8217;\u00e8re chr\u00e9tienne fut le cheikh Abdelaziz Mahdaoui . En effet, il a donn\u00e9 le jour selon les dires de certains historiens et sp\u00e9cialistes dans l&#8217;art de l&#8217;\u00e9dition critique aux cercles cognitifs de la ville de Tunis. Le rayonnement de son savoir s&#8217;est propag\u00e9 \u00e0 travers le monde arabe apr\u00e8s avoir capt\u00e9 l&#8217;attention des sp\u00e9cialistes de la discipline qui voyaient en lui le soufi digne d&#8217;appartenir aux \u00e9coles de l&#8217;enseignement du soufisme, tout comme Mohieddine Ibn Arabi. D&#8217;ailleurs l&#8217;auteur des Illuminations de la Mecque consid\u00e8re que les \u00e9crits de Mahdaoui repr\u00e9sentent les premiers fondement du<\/strong><br \/>\n<strong> patrimoine soufi dans le Maghreb islamique \u00e0 l&#8217;\u00e9poque m\u00e9di\u00e9vale. Nonobstant la r\u00e9putation de Mahdaoui en tant que pionnier de la discipline au Maghreb, il n&#8217;a malheureusement pas suscit\u00e9 selon Hichem Abid qui vient de publier son ouvrage, l&#8217;attention des chercheurs. Pour toutes ces raisons , Beit al-Hikma a d\u00e9cid\u00e9 de rendre justice \u00e0 cette figure soufie dont le savoir et les m\u00e9ditations ont servi de r\u00e9f\u00e9rences au grand soufi Ibn Arabi. Ce dernier n&#8217;a pas cach\u00e9 dans ses correspondances avec Mahdaoui l&#8217;influence qu&#8217;il exer\u00e7ait sur lui ( voir sa lettre intitul\u00e9e Rouh al- qoudos Le Saint-Esprit ). Hichem Abid disait que: &#8221; Mahdaoui \u00e9tait connu pour son savoir et ses connaissances diverses; il \u00e9tait en outre le lien entre le mouvement soufi d&#8217;orient et celui n\u00e9 aux pays du Maghreb et en Andalousie<\/strong>&#8220;.<\/center><\/p>\n","protected":false},"excerpt":{"rendered":"<ul>\n<li><strong>Titre de l\u2019ouvrage :<\/strong> Cheikh Abddel-Aziz Mahdaoui et son patrimoine soufies<br \/>\n<strong>Texte \u00e9tabli par :<\/strong> Hichem Abid<br \/>\n<strong>Langue :<\/strong> arabe<\/li>\n<li><strong>Date de parution :<\/strong> 2016<\/li>\n<li><strong>Format :<\/strong> 16&#215;24<\/li>\n<li><strong>ISBN :<\/strong> 9789973491633<\/li>\n<li><strong>Nombre de pages :<\/strong> 578<br \/>\n<strong>Th\u00e8me :<\/strong> patrimoine<\/li>\n<li><strong>Poids :<\/strong> 1000 gr<br \/>\n<b>Situation : <\/b>disponible<\/li>\n<\/ul>\n","protected":false},"featured_media":4784,"template":"","meta":{"_uag_custom_page_level_css":""},"product_brand":[],"product_cat":[11],"product_tag":[],"class_list":{"0":"post-5901","1":"product","2":"type-product","3":"status-publish","4":"has-post-thumbnail","6":"product_cat-livres-en-vente","8":"first","9":"instock","10":"sale","11":"shipping-taxable","12":"purchasable","13":"product-type-simple"},"yoast_head":"<!-- This site is optimized with the Yoast SEO plugin v27.5 - https:\/\/yoast.com\/product\/yoast-seo-wordpress\/ -->\n<title>Sheikh Abdel- Aziz Mahdaoui et son patrimoine soufies - Beit al-Hikma<\/title>\n<meta name=\"robots\" content=\"index, follow, max-snippet:-1, max-image-preview:large, max-video-preview:-1\" \/>\n<link rel=\"canonical\" href=\"https:\/\/www.beitalhikma.tn\/fr\/publication\/acces-boutique\/livres-en-vente\/sheikh-abdel-aziz-mehdoui-et-son-patrimoine-soufies\/\" \/>\n<meta property=\"og:locale\" content=\"fr_FR\" \/>\n<meta property=\"og:type\" content=\"article\" \/>\n<meta property=\"og:title\" content=\"Sheikh Abdel- Aziz Mahdaoui et son patrimoine soufies - Beit al-Hikma\" \/>\n<meta property=\"og:description\" content=\"Titre de l\u2019ouvrage : Cheikh Abddel-Aziz Mahdaoui et son patrimoine soufies Texte \u00e9tabli par : Hichem Abid Langue : arabe  Date de parution : 2016  Format : 16x24  ISBN : 9789973491633  Nombre de pages : 578 Th\u00e8me : patrimoine  Poids : 1000 gr Situation : disponible\" \/>\n<meta property=\"og:url\" content=\"https:\/\/www.beitalhikma.tn\/fr\/publication\/acces-boutique\/livres-en-vente\/sheikh-abdel-aziz-mehdoui-et-son-patrimoine-soufies\/\" \/>\n<meta property=\"og:site_name\" content=\"Beit al-Hikma\" \/>\n<meta property=\"article:publisher\" content=\"https:\/\/www.facebook.com\/BeitalhikmaTunisie\/\" \/>\n<meta property=\"article:modified_time\" content=\"2019-09-27T09:31:20+00:00\" \/>\n<meta property=\"og:image\" content=\"https:\/\/www.beitalhikma.tn\/wp-content\/uploads\/2016\/06\/mehdwi-e1466076277420.png\" \/>\n\t<meta property=\"og:image:width\" content=\"111\" \/>\n\t<meta property=\"og:image:height\" content=\"170\" \/>\n\t<meta property=\"og:image:type\" content=\"image\/png\" \/>\n<meta name=\"twitter:card\" content=\"summary_large_image\" \/>\n<meta name=\"twitter:site\" content=\"@Beit_alhikma_TN\" \/>\n<meta name=\"twitter:label1\" content=\"Dur\u00e9e de lecture estim\u00e9e\" \/>\n\t<meta name=\"twitter:data1\" content=\"1 minute\" \/>\n<script type=\"application\/ld+json\" class=\"yoast-schema-graph\">{\"@context\":\"https:\\\/\\\/schema.org\",\"@graph\":[{\"@type\":\"WebPage\",\"@id\":\"https:\\\/\\\/www.beitalhikma.tn\\\/fr\\\/publication\\\/acces-boutique\\\/livres-en-vente\\\/sheikh-abdel-aziz-mehdoui-et-son-patrimoine-soufies\\\/\",\"url\":\"https:\\\/\\\/www.beitalhikma.tn\\\/fr\\\/publication\\\/acces-boutique\\\/livres-en-vente\\\/sheikh-abdel-aziz-mehdoui-et-son-patrimoine-soufies\\\/\",\"name\":\"Sheikh Abdel- Aziz Mahdaoui et son patrimoine soufies - Beit al-Hikma\",\"isPartOf\":{\"@id\":\"https:\\\/\\\/www.beitalhikma.tn\\\/#website\"},\"primaryImageOfPage\":{\"@id\":\"https:\\\/\\\/www.beitalhikma.tn\\\/fr\\\/publication\\\/acces-boutique\\\/livres-en-vente\\\/sheikh-abdel-aziz-mehdoui-et-son-patrimoine-soufies\\\/#primaryimage\"},\"image\":{\"@id\":\"https:\\\/\\\/www.beitalhikma.tn\\\/fr\\\/publication\\\/acces-boutique\\\/livres-en-vente\\\/sheikh-abdel-aziz-mehdoui-et-son-patrimoine-soufies\\\/#primaryimage\"},\"thumbnailUrl\":\"https:\\\/\\\/www.beitalhikma.tn\\\/wp-content\\\/uploads\\\/2016\\\/06\\\/mehdwi-e1466076277420.png\",\"datePublished\":\"2016-08-16T08:23:37+00:00\",\"dateModified\":\"2019-09-27T09:31:20+00:00\",\"breadcrumb\":{\"@id\":\"https:\\\/\\\/www.beitalhikma.tn\\\/fr\\\/publication\\\/acces-boutique\\\/livres-en-vente\\\/sheikh-abdel-aziz-mehdoui-et-son-patrimoine-soufies\\\/#breadcrumb\"},\"inLanguage\":\"fr-FR\",\"potentialAction\":[{\"@type\":\"ReadAction\",\"target\":[\"https:\\\/\\\/www.beitalhikma.tn\\\/fr\\\/publication\\\/acces-boutique\\\/livres-en-vente\\\/sheikh-abdel-aziz-mehdoui-et-son-patrimoine-soufies\\\/\"]}]},{\"@type\":\"ImageObject\",\"inLanguage\":\"fr-FR\",\"@id\":\"https:\\\/\\\/www.beitalhikma.tn\\\/fr\\\/publication\\\/acces-boutique\\\/livres-en-vente\\\/sheikh-abdel-aziz-mehdoui-et-son-patrimoine-soufies\\\/#primaryimage\",\"url\":\"https:\\\/\\\/www.beitalhikma.tn\\\/wp-content\\\/uploads\\\/2016\\\/06\\\/mehdwi-e1466076277420.png\",\"contentUrl\":\"https:\\\/\\\/www.beitalhikma.tn\\\/wp-content\\\/uploads\\\/2016\\\/06\\\/mehdwi-e1466076277420.png\",\"width\":111,\"height\":170},{\"@type\":\"BreadcrumbList\",\"@id\":\"https:\\\/\\\/www.beitalhikma.tn\\\/fr\\\/publication\\\/acces-boutique\\\/livres-en-vente\\\/sheikh-abdel-aziz-mehdoui-et-son-patrimoine-soufies\\\/#breadcrumb\",\"itemListElement\":[{\"@type\":\"ListItem\",\"position\":1,\"name\":\"Accueil\",\"item\":\"https:\\\/\\\/www.beitalhikma.tn\\\/fr\\\/\"},{\"@type\":\"ListItem\",\"position\":2,\"name\":\"Boutique\",\"item\":\"https:\\\/\\\/www.beitalhikma.tn\\\/fr\\\/boutique\\\/\"},{\"@type\":\"ListItem\",\"position\":3,\"name\":\"Sheikh Abdel- Aziz Mahdaoui et son patrimoine soufies\"}]},{\"@type\":\"WebSite\",\"@id\":\"https:\\\/\\\/www.beitalhikma.tn\\\/#website\",\"url\":\"https:\\\/\\\/www.beitalhikma.tn\\\/\",\"name\":\"Beit al-Hikma\",\"description\":\"L&#039;Acad\u00e9mie Tunisienne des Sciences, des Lettres  et des Arts\",\"publisher\":{\"@id\":\"https:\\\/\\\/www.beitalhikma.tn\\\/#organization\"},\"potentialAction\":[{\"@type\":\"SearchAction\",\"target\":{\"@type\":\"EntryPoint\",\"urlTemplate\":\"https:\\\/\\\/www.beitalhikma.tn\\\/?s={search_term_string}\"},\"query-input\":{\"@type\":\"PropertyValueSpecification\",\"valueRequired\":true,\"valueName\":\"search_term_string\"}}],\"inLanguage\":\"fr-FR\"},{\"@type\":\"Organization\",\"@id\":\"https:\\\/\\\/www.beitalhikma.tn\\\/#organization\",\"name\":\"Beit Al Hikma\",\"url\":\"https:\\\/\\\/www.beitalhikma.tn\\\/\",\"logo\":{\"@type\":\"ImageObject\",\"inLanguage\":\"fr-FR\",\"@id\":\"https:\\\/\\\/www.beitalhikma.tn\\\/#\\\/schema\\\/logo\\\/image\\\/\",\"url\":\"https:\\\/\\\/www.beitalhikma.tn\\\/wp-content\\\/uploads\\\/2014\\\/11\\\/logo.png\",\"contentUrl\":\"https:\\\/\\\/www.beitalhikma.tn\\\/wp-content\\\/uploads\\\/2014\\\/11\\\/logo.png\",\"width\":288,\"height\":109,\"caption\":\"Beit Al Hikma\"},\"image\":{\"@id\":\"https:\\\/\\\/www.beitalhikma.tn\\\/#\\\/schema\\\/logo\\\/image\\\/\"},\"sameAs\":[\"https:\\\/\\\/www.facebook.com\\\/BeitalhikmaTunisie\\\/\",\"https:\\\/\\\/x.com\\\/Beit_alhikma_TN\",\"https:\\\/\\\/www.youtube.com\\\/channel\\\/UCl8EfDXqt5MFfcEY0UYhevg\"]}]}<\/script>\n<!-- \/ Yoast SEO plugin. -->","yoast_head_json":{"title":"Sheikh Abdel- Aziz Mahdaoui et son patrimoine soufies - Beit al-Hikma","robots":{"index":"index","follow":"follow","max-snippet":"max-snippet:-1","max-image-preview":"max-image-preview:large","max-video-preview":"max-video-preview:-1"},"canonical":"https:\/\/www.beitalhikma.tn\/fr\/publication\/acces-boutique\/livres-en-vente\/sheikh-abdel-aziz-mehdoui-et-son-patrimoine-soufies\/","og_locale":"fr_FR","og_type":"article","og_title":"Sheikh Abdel- Aziz Mahdaoui et son patrimoine soufies - Beit al-Hikma","og_description":"Titre de l\u2019ouvrage : Cheikh Abddel-Aziz Mahdaoui et son patrimoine soufies Texte \u00e9tabli par : Hichem Abid Langue : arabe  Date de parution : 2016  Format : 16x24  ISBN : 9789973491633  Nombre de pages : 578 Th\u00e8me : patrimoine  Poids : 1000 gr Situation : disponible","og_url":"https:\/\/www.beitalhikma.tn\/fr\/publication\/acces-boutique\/livres-en-vente\/sheikh-abdel-aziz-mehdoui-et-son-patrimoine-soufies\/","og_site_name":"Beit al-Hikma","article_publisher":"https:\/\/www.facebook.com\/BeitalhikmaTunisie\/","article_modified_time":"2019-09-27T09:31:20+00:00","og_image":[{"width":111,"height":170,"url":"https:\/\/www.beitalhikma.tn\/wp-content\/uploads\/2016\/06\/mehdwi-e1466076277420.png","type":"image\/png"}],"twitter_card":"summary_large_image","twitter_site":"@Beit_alhikma_TN","twitter_misc":{"Dur\u00e9e de lecture estim\u00e9e":"1 minute"},"schema":{"@context":"https:\/\/schema.org","@graph":[{"@type":"WebPage","@id":"https:\/\/www.beitalhikma.tn\/fr\/publication\/acces-boutique\/livres-en-vente\/sheikh-abdel-aziz-mehdoui-et-son-patrimoine-soufies\/","url":"https:\/\/www.beitalhikma.tn\/fr\/publication\/acces-boutique\/livres-en-vente\/sheikh-abdel-aziz-mehdoui-et-son-patrimoine-soufies\/","name":"Sheikh Abdel- Aziz Mahdaoui et son patrimoine soufies - Beit al-Hikma","isPartOf":{"@id":"https:\/\/www.beitalhikma.tn\/#website"},"primaryImageOfPage":{"@id":"https:\/\/www.beitalhikma.tn\/fr\/publication\/acces-boutique\/livres-en-vente\/sheikh-abdel-aziz-mehdoui-et-son-patrimoine-soufies\/#primaryimage"},"image":{"@id":"https:\/\/www.beitalhikma.tn\/fr\/publication\/acces-boutique\/livres-en-vente\/sheikh-abdel-aziz-mehdoui-et-son-patrimoine-soufies\/#primaryimage"},"thumbnailUrl":"https:\/\/www.beitalhikma.tn\/wp-content\/uploads\/2016\/06\/mehdwi-e1466076277420.png","datePublished":"2016-08-16T08:23:37+00:00","dateModified":"2019-09-27T09:31:20+00:00","breadcrumb":{"@id":"https:\/\/www.beitalhikma.tn\/fr\/publication\/acces-boutique\/livres-en-vente\/sheikh-abdel-aziz-mehdoui-et-son-patrimoine-soufies\/#breadcrumb"},"inLanguage":"fr-FR","potentialAction":[{"@type":"ReadAction","target":["https:\/\/www.beitalhikma.tn\/fr\/publication\/acces-boutique\/livres-en-vente\/sheikh-abdel-aziz-mehdoui-et-son-patrimoine-soufies\/"]}]},{"@type":"ImageObject","inLanguage":"fr-FR","@id":"https:\/\/www.beitalhikma.tn\/fr\/publication\/acces-boutique\/livres-en-vente\/sheikh-abdel-aziz-mehdoui-et-son-patrimoine-soufies\/#primaryimage","url":"https:\/\/www.beitalhikma.tn\/wp-content\/uploads\/2016\/06\/mehdwi-e1466076277420.png","contentUrl":"https:\/\/www.beitalhikma.tn\/wp-content\/uploads\/2016\/06\/mehdwi-e1466076277420.png","width":111,"height":170},{"@type":"BreadcrumbList","@id":"https:\/\/www.beitalhikma.tn\/fr\/publication\/acces-boutique\/livres-en-vente\/sheikh-abdel-aziz-mehdoui-et-son-patrimoine-soufies\/#breadcrumb","itemListElement":[{"@type":"ListItem","position":1,"name":"Accueil","item":"https:\/\/www.beitalhikma.tn\/fr\/"},{"@type":"ListItem","position":2,"name":"Boutique","item":"https:\/\/www.beitalhikma.tn\/fr\/boutique\/"},{"@type":"ListItem","position":3,"name":"Sheikh Abdel- Aziz Mahdaoui et son patrimoine soufies"}]},{"@type":"WebSite","@id":"https:\/\/www.beitalhikma.tn\/#website","url":"https:\/\/www.beitalhikma.tn\/","name":"Beit al-Hikma","description":"L&#039;Acad\u00e9mie Tunisienne des Sciences, des Lettres  et des Arts","publisher":{"@id":"https:\/\/www.beitalhikma.tn\/#organization"},"potentialAction":[{"@type":"SearchAction","target":{"@type":"EntryPoint","urlTemplate":"https:\/\/www.beitalhikma.tn\/?s={search_term_string}"},"query-input":{"@type":"PropertyValueSpecification","valueRequired":true,"valueName":"search_term_string"}}],"inLanguage":"fr-FR"},{"@type":"Organization","@id":"https:\/\/www.beitalhikma.tn\/#organization","name":"Beit Al Hikma","url":"https:\/\/www.beitalhikma.tn\/","logo":{"@type":"ImageObject","inLanguage":"fr-FR","@id":"https:\/\/www.beitalhikma.tn\/#\/schema\/logo\/image\/","url":"https:\/\/www.beitalhikma.tn\/wp-content\/uploads\/2014\/11\/logo.png","contentUrl":"https:\/\/www.beitalhikma.tn\/wp-content\/uploads\/2014\/11\/logo.png","width":288,"height":109,"caption":"Beit Al Hikma"},"image":{"@id":"https:\/\/www.beitalhikma.tn\/#\/schema\/logo\/image\/"},"sameAs":["https:\/\/www.facebook.com\/BeitalhikmaTunisie\/","https:\/\/x.com\/Beit_alhikma_TN","https:\/\/www.youtube.com\/channel\/UCl8EfDXqt5MFfcEY0UYhevg"]}]}},"uagb_featured_image_src":{"full":["https:\/\/www.beitalhikma.tn\/wp-content\/uploads\/2016\/06\/mehdwi-e1466076277420.png",111,170,false],"thumbnail":["https:\/\/www.beitalhikma.tn\/wp-content\/uploads\/2016\/06\/mehdwi-250x300.png",250,300,true],"medium":["https:\/\/www.beitalhikma.tn\/wp-content\/uploads\/2016\/06\/mehdwi-196x300.png",196,300,true],"medium_large":["https:\/\/www.beitalhikma.tn\/wp-content\/uploads\/2016\/06\/mehdwi-e1466076277420.png",111,170,false],"large":["https:\/\/www.beitalhikma.tn\/wp-content\/uploads\/2016\/06\/mehdwi-e1466076277420.png",111,170,false],"thumblist":["https:\/\/www.beitalhikma.tn\/wp-content\/uploads\/2016\/06\/mehdwi-e1466076277420.png",111,170,false],"meccarouselthumb":["https:\/\/www.beitalhikma.tn\/wp-content\/uploads\/2016\/06\/mehdwi-e1466076277420.png",111,170,false],"gridsquare":["https:\/\/www.beitalhikma.tn\/wp-content\/uploads\/2016\/06\/mehdwi-e1466076277420.png",111,170,false],"tileview":["https:\/\/www.beitalhikma.tn\/wp-content\/uploads\/2016\/06\/mehdwi-e1466076277420.png",111,170,false],"1536x1536":["https:\/\/www.beitalhikma.tn\/wp-content\/uploads\/2016\/06\/mehdwi-e1466076277420.png",111,170,false],"2048x2048":["https:\/\/www.beitalhikma.tn\/wp-content\/uploads\/2016\/06\/mehdwi-e1466076277420.png",111,170,false],"post-thumbnail":["https:\/\/www.beitalhikma.tn\/wp-content\/uploads\/2016\/06\/mehdwi-95x146.png",95,146,true],"50x50":["https:\/\/www.beitalhikma.tn\/wp-content\/uploads\/2016\/06\/mehdwi-33x50.png",33,50,true],"portfolio-list":["https:\/\/www.beitalhikma.tn\/wp-content\/uploads\/2016\/06\/mehdwi-507x400.png",507,400,true],"portfolio-fs":["https:\/\/www.beitalhikma.tn\/wp-content\/uploads\/2016\/06\/mehdwi-507x543.png",507,543,true],"portfolio-slider":["https:\/\/www.beitalhikma.tn\/wp-content\/uploads\/2016\/06\/mehdwi-380x380.png",380,380,true],"blog":["https:\/\/www.beitalhikma.tn\/wp-content\/uploads\/2016\/06\/mehdwi-507x341.png",507,341,true],"blog-single":["https:\/\/www.beitalhikma.tn\/wp-content\/uploads\/2016\/06\/mehdwi-507x445.png",507,445,true],"blog-item":["https:\/\/www.beitalhikma.tn\/wp-content\/uploads\/2016\/06\/mehdwi-504x224.png",504,224,true],"blog-widget":["https:\/\/www.beitalhikma.tn\/wp-content\/uploads\/2016\/06\/mehdwi-80x60.png",80,60,true],"features":["https:\/\/www.beitalhikma.tn\/wp-content\/uploads\/2016\/06\/mehdwi-90x90.png",90,90,true],"clients-slider":["https:\/\/www.beitalhikma.tn\/wp-content\/uploads\/2016\/06\/mehdwi-52x80.png",52,80,true],"offer-slider":["https:\/\/www.beitalhikma.tn\/wp-content\/uploads\/2016\/06\/mehdwi-507x438.png",507,438,true],"offer-slider-pg":["https:\/\/www.beitalhikma.tn\/wp-content\/uploads\/2016\/06\/mehdwi-42x42.png",42,42,true],"woocommerce_thumbnail":["https:\/\/www.beitalhikma.tn\/wp-content\/uploads\/2016\/06\/mehdwi-e1466076277420.png",111,170,false],"woocommerce_single":["https:\/\/www.beitalhikma.tn\/wp-content\/uploads\/2016\/06\/mehdwi-e1466076277420.png",111,170,false],"woocommerce_gallery_thumbnail":["https:\/\/www.beitalhikma.tn\/wp-content\/uploads\/2016\/06\/mehdwi-e1466076277420-100x100.png",100,100,true]},"uagb_author_info":{"display_name":"admin","author_link":"https:\/\/www.beitalhikma.tn\/fr\/author\/"},"uagb_comment_info":0,"uagb_excerpt":"Titre de l\u2019ouvrage : Cheikh Abddel-Aziz Mahdaoui et son patrimoine soufies Texte \u00e9tabli par : Hichem Abid Langue : arabe Date de parution : 2016 Format : 16x24 ISBN : 9789973491633 Nombre de pages : 578 Th\u00e8me : patrimoine Poids : 1000 gr Situation : disponible","_links":{"self":[{"href":"https:\/\/www.beitalhikma.tn\/fr\/wp-json\/wp\/v2\/product\/5901","targetHints":{"allow":["GET"]}}],"collection":[{"href":"https:\/\/www.beitalhikma.tn\/fr\/wp-json\/wp\/v2\/product"}],"about":[{"href":"https:\/\/www.beitalhikma.tn\/fr\/wp-json\/wp\/v2\/types\/product"}],"wp:featuredmedia":[{"embeddable":true,"href":"https:\/\/www.beitalhikma.tn\/fr\/wp-json\/wp\/v2\/media\/4784"}],"wp:attachment":[{"href":"https:\/\/www.beitalhikma.tn\/fr\/wp-json\/wp\/v2\/media?parent=5901"}],"wp:term":[{"taxonomy":"product_brand","embeddable":true,"href":"https:\/\/www.beitalhikma.tn\/fr\/wp-json\/wp\/v2\/product_brand?post=5901"},{"taxonomy":"product_cat","embeddable":true,"href":"https:\/\/www.beitalhikma.tn\/fr\/wp-json\/wp\/v2\/product_cat?post=5901"},{"taxonomy":"product_tag","embeddable":true,"href":"https:\/\/www.beitalhikma.tn\/fr\/wp-json\/wp\/v2\/product_tag?post=5901"}],"curies":[{"name":"wp","href":"https:\/\/api.w.org\/{rel}","templated":true}]}}