{"id":6370,"date":"2016-08-19T13:57:15","date_gmt":"2016-08-19T12:57:15","guid":{"rendered":"http:\/\/www.beitalhikma.tn\/?post_type=product&#038;p=6370"},"modified":"2022-09-08T12:27:34","modified_gmt":"2022-09-08T11:27:34","slug":"le-roman-francais-et-dexpression-francaise-contemporain-nouvelles-formes-nouveaux-rapports-a-lhistoire","status":"publish","type":"product","link":"https:\/\/www.beitalhikma.tn\/fr\/publication\/acces-boutique\/livres-en-vente\/le-roman-francais-et-dexpression-francaise-contemporain-nouvelles-formes-nouveaux-rapports-a-lhistoire\/","title":{"rendered":"Le roman fran\u00e7ais et d&#8217;expression fran\u00e7aise contemporain : nouvelles formes, nouveaux rapports \u00e0 l&#8217;histoire"},"content":{"rendered":"<p><center><strong>Ce livre regroupe des \u00e9tudes et des approches acad\u00e9miques et critiques sp\u00e9cialis\u00e9es au sujet du roman contemporain et des formes d&#8217;expression francophone. C&#8217;est dans ce sens que l&#8217;Acad\u00e9mie tunisienne des sciences, des lettres et des arts Beit al-Hikma a organis\u00e9 les 11, 12 et 13 f\u00e9vrier un colloque international coordonn\u00e9 par Emna Belhaj Yahia et auquel ont particip\u00e9 \u00e9crivains, chercheurs et critiques tunisiens et \u00e9trangers.<\/strong><br \/>\n<strong> Les chercheurs ont insist\u00e9 sur l&#8217;id\u00e9e que l&#8217;oeuvre romanesque est une &#8220;relecture d&#8217;un monde en perp\u00e9tuel changement&#8221;. Ils ont \u00e9galement affirm\u00e9 que les nouveaux courants de pens\u00e9e tels que le structuralisme et l&#8217;analytisme ont sugg\u00e9r\u00e9 une relecture des textes artistiques et romanesques tout en ayant recours \u00e0 des instruments analytiques et critiques nouveaux et \u00e0 des r\u00e9f\u00e9rences litt\u00e9raires et philosophiques telles que &#8221; Le plaisir du texte&#8221; de Roland Barthes et &#8221; L&#8217;Arch\u00e9ologie du savoir&#8221; de Michel Foucault. Le texte litt\u00e9raire est pour certains intervenants une sorte &#8221; d&#8217;\u00e9criture de l&#8217;histoire&#8221; \u00e9tant donn\u00e9 que toute exp\u00e9rience romanesque est le reflet de la soci\u00e9t\u00e9 et des \u00e9v\u00e9nements v\u00e9cus, tout comme les \u0153uvres inspir\u00e9es par le mouvement de 1968 en France.<\/strong><br \/>\n<strong> La production litt\u00e9raire demeure forc\u00e9ment universelle tant qu&#8217;elle sert \u00e0 exprimer les pens\u00e9es humaines et \u00e0 refl\u00e9ter les pr\u00e9occupations de l\u2019\u00eatre l\u00e0 o\u00f9 il est.<\/strong><br \/>\n<strong> En outre, toute lecture qui tient compte des diff\u00e9rents th\u00e8mes abord\u00e9s par l&#8217;\u00e9crivain est &#8221; une r\u00e9\u00e9criture de ce qu&#8217;on a lu&#8221;.<\/strong><\/center><\/p>\n","protected":false},"excerpt":{"rendered":"<ul>\n<li><strong>Titre de l\u2019ouvrage :<\/strong> Le roman fran\u00e7ais et d&#8217;expression fran\u00e7aise contemporain : nouvelles formes, nouveaux rapports \u00e0 l&#8217;histoire<\/li>\n<li>Actes du colloque (11, 12 et 13 f\u00e9vrier 2016)<br \/>\n<strong>Auteur :<\/strong> ouvrage collectif coordonn\u00e9 par Emna Belhaj Yahia<br \/>\n<strong>Langue :<\/strong> fran\u00e7ais<\/li>\n<li><strong>Date de parution :<\/strong> 2016<\/li>\n<li><strong>Format :<\/strong> 16&#215;24<\/li>\n<li><strong>ISBN :<\/strong> 9789973491688<\/li>\n<li><strong>Nombre de pages :<\/strong> 260<br \/>\n<strong>Th\u00e8me :<\/strong> litt\u00e9rature<\/li>\n<li><strong>Poids :<\/strong> 500 gr<br \/>\n<b>Situation : <\/b>disponible<\/li>\n<\/ul>\n","protected":false},"featured_media":8497,"template":"","meta":{"_uag_custom_page_level_css":""},"product_brand":[],"product_cat":[11],"product_tag":[],"class_list":{"0":"post-6370","1":"product","2":"type-product","3":"status-publish","4":"has-post-thumbnail","6":"product_cat-livres-en-vente","8":"first","9":"instock","10":"sale","11":"shipping-taxable","12":"purchasable","13":"product-type-simple"},"yoast_head":"<!-- This site is optimized with the Yoast SEO plugin v27.5 - https:\/\/yoast.com\/product\/yoast-seo-wordpress\/ -->\n<title>Le roman fran\u00e7ais et d&#8217;expression fran\u00e7aise contemporain : nouvelles formes, nouveaux rapports \u00e0 l&#8217;histoire - Beit al-Hikma<\/title>\n<meta name=\"robots\" content=\"index, follow, max-snippet:-1, max-image-preview:large, max-video-preview:-1\" \/>\n<link rel=\"canonical\" href=\"https:\/\/www.beitalhikma.tn\/fr\/publication\/acces-boutique\/livres-en-vente\/le-roman-francais-et-dexpression-francaise-contemporain-nouvelles-formes-nouveaux-rapports-a-lhistoire\/\" \/>\n<meta property=\"og:locale\" content=\"fr_FR\" \/>\n<meta property=\"og:type\" content=\"article\" \/>\n<meta property=\"og:title\" content=\"Le roman fran\u00e7ais et d&#8217;expression fran\u00e7aise contemporain : nouvelles formes, nouveaux rapports \u00e0 l&#8217;histoire - Beit al-Hikma\" \/>\n<meta property=\"og:description\" content=\"Titre de l\u2019ouvrage : Le roman fran\u00e7ais et d&#039;expression fran\u00e7aise contemporain : nouvelles formes, nouveaux rapports \u00e0 l&#039;histoire  Actes du colloque (11, 12 et 13 f\u00e9vrier 2016) Auteur : ouvrage collectif coordonn\u00e9 par Emna Belhaj Yahia Langue : fran\u00e7ais  Date de parution : 2016  Format : 16x24  ISBN : 9789973491688  Nombre de pages : 260 Th\u00e8me : litt\u00e9rature  Poids : 500 gr Situation : disponible\" \/>\n<meta property=\"og:url\" content=\"https:\/\/www.beitalhikma.tn\/fr\/publication\/acces-boutique\/livres-en-vente\/le-roman-francais-et-dexpression-francaise-contemporain-nouvelles-formes-nouveaux-rapports-a-lhistoire\/\" \/>\n<meta property=\"og:site_name\" content=\"Beit al-Hikma\" \/>\n<meta property=\"article:publisher\" content=\"https:\/\/www.facebook.com\/BeitalhikmaTunisie\/\" \/>\n<meta property=\"article:modified_time\" content=\"2022-09-08T11:27:34+00:00\" \/>\n<meta property=\"og:image\" content=\"https:\/\/www.beitalhikma.tn\/wp-content\/uploads\/2016\/08\/couverture-souple-finale-12.jpg\" \/>\n\t<meta property=\"og:image:width\" content=\"227\" \/>\n\t<meta property=\"og:image:height\" content=\"355\" \/>\n\t<meta property=\"og:image:type\" content=\"image\/jpeg\" \/>\n<meta name=\"twitter:card\" content=\"summary_large_image\" \/>\n<meta name=\"twitter:site\" content=\"@Beit_alhikma_TN\" \/>\n<meta name=\"twitter:label1\" content=\"Dur\u00e9e de lecture estim\u00e9e\" \/>\n\t<meta name=\"twitter:data1\" content=\"1 minute\" \/>\n<script type=\"application\/ld+json\" class=\"yoast-schema-graph\">{\"@context\":\"https:\\\/\\\/schema.org\",\"@graph\":[{\"@type\":\"WebPage\",\"@id\":\"https:\\\/\\\/www.beitalhikma.tn\\\/fr\\\/publication\\\/acces-boutique\\\/livres-en-vente\\\/le-roman-francais-et-dexpression-francaise-contemporain-nouvelles-formes-nouveaux-rapports-a-lhistoire\\\/\",\"url\":\"https:\\\/\\\/www.beitalhikma.tn\\\/fr\\\/publication\\\/acces-boutique\\\/livres-en-vente\\\/le-roman-francais-et-dexpression-francaise-contemporain-nouvelles-formes-nouveaux-rapports-a-lhistoire\\\/\",\"name\":\"Le roman fran\u00e7ais et d&#8217;expression fran\u00e7aise contemporain : nouvelles formes, nouveaux rapports \u00e0 l&#8217;histoire - Beit al-Hikma\",\"isPartOf\":{\"@id\":\"https:\\\/\\\/www.beitalhikma.tn\\\/#website\"},\"primaryImageOfPage\":{\"@id\":\"https:\\\/\\\/www.beitalhikma.tn\\\/fr\\\/publication\\\/acces-boutique\\\/livres-en-vente\\\/le-roman-francais-et-dexpression-francaise-contemporain-nouvelles-formes-nouveaux-rapports-a-lhistoire\\\/#primaryimage\"},\"image\":{\"@id\":\"https:\\\/\\\/www.beitalhikma.tn\\\/fr\\\/publication\\\/acces-boutique\\\/livres-en-vente\\\/le-roman-francais-et-dexpression-francaise-contemporain-nouvelles-formes-nouveaux-rapports-a-lhistoire\\\/#primaryimage\"},\"thumbnailUrl\":\"https:\\\/\\\/www.beitalhikma.tn\\\/wp-content\\\/uploads\\\/2016\\\/08\\\/couverture-souple-finale-12.jpg\",\"datePublished\":\"2016-08-19T12:57:15+00:00\",\"dateModified\":\"2022-09-08T11:27:34+00:00\",\"breadcrumb\":{\"@id\":\"https:\\\/\\\/www.beitalhikma.tn\\\/fr\\\/publication\\\/acces-boutique\\\/livres-en-vente\\\/le-roman-francais-et-dexpression-francaise-contemporain-nouvelles-formes-nouveaux-rapports-a-lhistoire\\\/#breadcrumb\"},\"inLanguage\":\"fr-FR\",\"potentialAction\":[{\"@type\":\"ReadAction\",\"target\":[\"https:\\\/\\\/www.beitalhikma.tn\\\/fr\\\/publication\\\/acces-boutique\\\/livres-en-vente\\\/le-roman-francais-et-dexpression-francaise-contemporain-nouvelles-formes-nouveaux-rapports-a-lhistoire\\\/\"]}]},{\"@type\":\"ImageObject\",\"inLanguage\":\"fr-FR\",\"@id\":\"https:\\\/\\\/www.beitalhikma.tn\\\/fr\\\/publication\\\/acces-boutique\\\/livres-en-vente\\\/le-roman-francais-et-dexpression-francaise-contemporain-nouvelles-formes-nouveaux-rapports-a-lhistoire\\\/#primaryimage\",\"url\":\"https:\\\/\\\/www.beitalhikma.tn\\\/wp-content\\\/uploads\\\/2016\\\/08\\\/couverture-souple-finale-12.jpg\",\"contentUrl\":\"https:\\\/\\\/www.beitalhikma.tn\\\/wp-content\\\/uploads\\\/2016\\\/08\\\/couverture-souple-finale-12.jpg\",\"width\":227,\"height\":355},{\"@type\":\"BreadcrumbList\",\"@id\":\"https:\\\/\\\/www.beitalhikma.tn\\\/fr\\\/publication\\\/acces-boutique\\\/livres-en-vente\\\/le-roman-francais-et-dexpression-francaise-contemporain-nouvelles-formes-nouveaux-rapports-a-lhistoire\\\/#breadcrumb\",\"itemListElement\":[{\"@type\":\"ListItem\",\"position\":1,\"name\":\"Accueil\",\"item\":\"https:\\\/\\\/www.beitalhikma.tn\\\/fr\\\/\"},{\"@type\":\"ListItem\",\"position\":2,\"name\":\"Boutique\",\"item\":\"https:\\\/\\\/www.beitalhikma.tn\\\/fr\\\/boutique\\\/\"},{\"@type\":\"ListItem\",\"position\":3,\"name\":\"Le roman fran\u00e7ais et d&#8217;expression fran\u00e7aise contemporain : nouvelles formes, nouveaux rapports \u00e0 l&#8217;histoire\"}]},{\"@type\":\"WebSite\",\"@id\":\"https:\\\/\\\/www.beitalhikma.tn\\\/#website\",\"url\":\"https:\\\/\\\/www.beitalhikma.tn\\\/\",\"name\":\"Beit al-Hikma\",\"description\":\"L&#039;Acad\u00e9mie Tunisienne des Sciences, des Lettres  et des Arts\",\"publisher\":{\"@id\":\"https:\\\/\\\/www.beitalhikma.tn\\\/#organization\"},\"potentialAction\":[{\"@type\":\"SearchAction\",\"target\":{\"@type\":\"EntryPoint\",\"urlTemplate\":\"https:\\\/\\\/www.beitalhikma.tn\\\/?s={search_term_string}\"},\"query-input\":{\"@type\":\"PropertyValueSpecification\",\"valueRequired\":true,\"valueName\":\"search_term_string\"}}],\"inLanguage\":\"fr-FR\"},{\"@type\":\"Organization\",\"@id\":\"https:\\\/\\\/www.beitalhikma.tn\\\/#organization\",\"name\":\"Beit Al Hikma\",\"url\":\"https:\\\/\\\/www.beitalhikma.tn\\\/\",\"logo\":{\"@type\":\"ImageObject\",\"inLanguage\":\"fr-FR\",\"@id\":\"https:\\\/\\\/www.beitalhikma.tn\\\/#\\\/schema\\\/logo\\\/image\\\/\",\"url\":\"https:\\\/\\\/www.beitalhikma.tn\\\/wp-content\\\/uploads\\\/2014\\\/11\\\/logo.png\",\"contentUrl\":\"https:\\\/\\\/www.beitalhikma.tn\\\/wp-content\\\/uploads\\\/2014\\\/11\\\/logo.png\",\"width\":288,\"height\":109,\"caption\":\"Beit Al Hikma\"},\"image\":{\"@id\":\"https:\\\/\\\/www.beitalhikma.tn\\\/#\\\/schema\\\/logo\\\/image\\\/\"},\"sameAs\":[\"https:\\\/\\\/www.facebook.com\\\/BeitalhikmaTunisie\\\/\",\"https:\\\/\\\/x.com\\\/Beit_alhikma_TN\",\"https:\\\/\\\/www.youtube.com\\\/channel\\\/UCl8EfDXqt5MFfcEY0UYhevg\"]}]}<\/script>\n<!-- \/ Yoast SEO plugin. -->","yoast_head_json":{"title":"Le roman fran\u00e7ais et d&#8217;expression fran\u00e7aise contemporain : nouvelles formes, nouveaux rapports \u00e0 l&#8217;histoire - Beit al-Hikma","robots":{"index":"index","follow":"follow","max-snippet":"max-snippet:-1","max-image-preview":"max-image-preview:large","max-video-preview":"max-video-preview:-1"},"canonical":"https:\/\/www.beitalhikma.tn\/fr\/publication\/acces-boutique\/livres-en-vente\/le-roman-francais-et-dexpression-francaise-contemporain-nouvelles-formes-nouveaux-rapports-a-lhistoire\/","og_locale":"fr_FR","og_type":"article","og_title":"Le roman fran\u00e7ais et d&#8217;expression fran\u00e7aise contemporain : nouvelles formes, nouveaux rapports \u00e0 l&#8217;histoire - Beit al-Hikma","og_description":"Titre de l\u2019ouvrage : Le roman fran\u00e7ais et d'expression fran\u00e7aise contemporain : nouvelles formes, nouveaux rapports \u00e0 l'histoire  Actes du colloque (11, 12 et 13 f\u00e9vrier 2016) Auteur : ouvrage collectif coordonn\u00e9 par Emna Belhaj Yahia Langue : fran\u00e7ais  Date de parution : 2016  Format : 16x24  ISBN : 9789973491688  Nombre de pages : 260 Th\u00e8me : litt\u00e9rature  Poids : 500 gr Situation : disponible","og_url":"https:\/\/www.beitalhikma.tn\/fr\/publication\/acces-boutique\/livres-en-vente\/le-roman-francais-et-dexpression-francaise-contemporain-nouvelles-formes-nouveaux-rapports-a-lhistoire\/","og_site_name":"Beit al-Hikma","article_publisher":"https:\/\/www.facebook.com\/BeitalhikmaTunisie\/","article_modified_time":"2022-09-08T11:27:34+00:00","og_image":[{"width":227,"height":355,"url":"https:\/\/www.beitalhikma.tn\/wp-content\/uploads\/2016\/08\/couverture-souple-finale-12.jpg","type":"image\/jpeg"}],"twitter_card":"summary_large_image","twitter_site":"@Beit_alhikma_TN","twitter_misc":{"Dur\u00e9e de lecture estim\u00e9e":"1 minute"},"schema":{"@context":"https:\/\/schema.org","@graph":[{"@type":"WebPage","@id":"https:\/\/www.beitalhikma.tn\/fr\/publication\/acces-boutique\/livres-en-vente\/le-roman-francais-et-dexpression-francaise-contemporain-nouvelles-formes-nouveaux-rapports-a-lhistoire\/","url":"https:\/\/www.beitalhikma.tn\/fr\/publication\/acces-boutique\/livres-en-vente\/le-roman-francais-et-dexpression-francaise-contemporain-nouvelles-formes-nouveaux-rapports-a-lhistoire\/","name":"Le roman fran\u00e7ais et d&#8217;expression fran\u00e7aise contemporain : nouvelles formes, nouveaux rapports \u00e0 l&#8217;histoire - Beit al-Hikma","isPartOf":{"@id":"https:\/\/www.beitalhikma.tn\/#website"},"primaryImageOfPage":{"@id":"https:\/\/www.beitalhikma.tn\/fr\/publication\/acces-boutique\/livres-en-vente\/le-roman-francais-et-dexpression-francaise-contemporain-nouvelles-formes-nouveaux-rapports-a-lhistoire\/#primaryimage"},"image":{"@id":"https:\/\/www.beitalhikma.tn\/fr\/publication\/acces-boutique\/livres-en-vente\/le-roman-francais-et-dexpression-francaise-contemporain-nouvelles-formes-nouveaux-rapports-a-lhistoire\/#primaryimage"},"thumbnailUrl":"https:\/\/www.beitalhikma.tn\/wp-content\/uploads\/2016\/08\/couverture-souple-finale-12.jpg","datePublished":"2016-08-19T12:57:15+00:00","dateModified":"2022-09-08T11:27:34+00:00","breadcrumb":{"@id":"https:\/\/www.beitalhikma.tn\/fr\/publication\/acces-boutique\/livres-en-vente\/le-roman-francais-et-dexpression-francaise-contemporain-nouvelles-formes-nouveaux-rapports-a-lhistoire\/#breadcrumb"},"inLanguage":"fr-FR","potentialAction":[{"@type":"ReadAction","target":["https:\/\/www.beitalhikma.tn\/fr\/publication\/acces-boutique\/livres-en-vente\/le-roman-francais-et-dexpression-francaise-contemporain-nouvelles-formes-nouveaux-rapports-a-lhistoire\/"]}]},{"@type":"ImageObject","inLanguage":"fr-FR","@id":"https:\/\/www.beitalhikma.tn\/fr\/publication\/acces-boutique\/livres-en-vente\/le-roman-francais-et-dexpression-francaise-contemporain-nouvelles-formes-nouveaux-rapports-a-lhistoire\/#primaryimage","url":"https:\/\/www.beitalhikma.tn\/wp-content\/uploads\/2016\/08\/couverture-souple-finale-12.jpg","contentUrl":"https:\/\/www.beitalhikma.tn\/wp-content\/uploads\/2016\/08\/couverture-souple-finale-12.jpg","width":227,"height":355},{"@type":"BreadcrumbList","@id":"https:\/\/www.beitalhikma.tn\/fr\/publication\/acces-boutique\/livres-en-vente\/le-roman-francais-et-dexpression-francaise-contemporain-nouvelles-formes-nouveaux-rapports-a-lhistoire\/#breadcrumb","itemListElement":[{"@type":"ListItem","position":1,"name":"Accueil","item":"https:\/\/www.beitalhikma.tn\/fr\/"},{"@type":"ListItem","position":2,"name":"Boutique","item":"https:\/\/www.beitalhikma.tn\/fr\/boutique\/"},{"@type":"ListItem","position":3,"name":"Le roman fran\u00e7ais et d&#8217;expression fran\u00e7aise contemporain : nouvelles formes, nouveaux rapports \u00e0 l&#8217;histoire"}]},{"@type":"WebSite","@id":"https:\/\/www.beitalhikma.tn\/#website","url":"https:\/\/www.beitalhikma.tn\/","name":"Beit al-Hikma","description":"L&#039;Acad\u00e9mie Tunisienne des Sciences, des Lettres  et des Arts","publisher":{"@id":"https:\/\/www.beitalhikma.tn\/#organization"},"potentialAction":[{"@type":"SearchAction","target":{"@type":"EntryPoint","urlTemplate":"https:\/\/www.beitalhikma.tn\/?s={search_term_string}"},"query-input":{"@type":"PropertyValueSpecification","valueRequired":true,"valueName":"search_term_string"}}],"inLanguage":"fr-FR"},{"@type":"Organization","@id":"https:\/\/www.beitalhikma.tn\/#organization","name":"Beit Al Hikma","url":"https:\/\/www.beitalhikma.tn\/","logo":{"@type":"ImageObject","inLanguage":"fr-FR","@id":"https:\/\/www.beitalhikma.tn\/#\/schema\/logo\/image\/","url":"https:\/\/www.beitalhikma.tn\/wp-content\/uploads\/2014\/11\/logo.png","contentUrl":"https:\/\/www.beitalhikma.tn\/wp-content\/uploads\/2014\/11\/logo.png","width":288,"height":109,"caption":"Beit Al Hikma"},"image":{"@id":"https:\/\/www.beitalhikma.tn\/#\/schema\/logo\/image\/"},"sameAs":["https:\/\/www.facebook.com\/BeitalhikmaTunisie\/","https:\/\/x.com\/Beit_alhikma_TN","https:\/\/www.youtube.com\/channel\/UCl8EfDXqt5MFfcEY0UYhevg"]}]}},"uagb_featured_image_src":{"full":["https:\/\/www.beitalhikma.tn\/wp-content\/uploads\/2016\/08\/couverture-souple-finale-12.jpg",227,355,false],"thumbnail":["https:\/\/www.beitalhikma.tn\/wp-content\/uploads\/2016\/08\/couverture-souple-finale-12-227x300.jpg",227,300,true],"medium":["https:\/\/www.beitalhikma.tn\/wp-content\/uploads\/2016\/08\/couverture-souple-finale-12-192x300.jpg",192,300,true],"medium_large":["https:\/\/www.beitalhikma.tn\/wp-content\/uploads\/2016\/08\/couverture-souple-finale-12.jpg",227,355,false],"large":["https:\/\/www.beitalhikma.tn\/wp-content\/uploads\/2016\/08\/couverture-souple-finale-12.jpg",227,355,false],"thumblist":["https:\/\/www.beitalhikma.tn\/wp-content\/uploads\/2016\/08\/couverture-souple-finale-12.jpg",192,300,false],"meccarouselthumb":["https:\/\/www.beitalhikma.tn\/wp-content\/uploads\/2016\/08\/couverture-souple-finale-12.jpg",207,324,false],"gridsquare":["https:\/\/www.beitalhikma.tn\/wp-content\/uploads\/2016\/08\/couverture-souple-finale-12.jpg",166,260,false],"tileview":["https:\/\/www.beitalhikma.tn\/wp-content\/uploads\/2016\/08\/couverture-souple-finale-12.jpg",227,355,false],"1536x1536":["https:\/\/www.beitalhikma.tn\/wp-content\/uploads\/2016\/08\/couverture-souple-finale-12.jpg",227,355,false],"2048x2048":["https:\/\/www.beitalhikma.tn\/wp-content\/uploads\/2016\/08\/couverture-souple-finale-12.jpg",227,355,false],"post-thumbnail":["https:\/\/www.beitalhikma.tn\/wp-content\/uploads\/2016\/08\/couverture-souple-finale-12-93x146.jpg",93,146,true],"50x50":["https:\/\/www.beitalhikma.tn\/wp-content\/uploads\/2016\/08\/couverture-souple-finale-12-32x50.jpg",32,50,true],"portfolio-list":["https:\/\/www.beitalhikma.tn\/wp-content\/uploads\/2016\/08\/couverture-souple-finale-12.jpg",227,355,false],"portfolio-fs":["https:\/\/www.beitalhikma.tn\/wp-content\/uploads\/2016\/08\/couverture-souple-finale-12.jpg",227,355,false],"portfolio-slider":["https:\/\/www.beitalhikma.tn\/wp-content\/uploads\/2016\/08\/couverture-souple-finale-12.jpg",227,355,false],"blog":["https:\/\/www.beitalhikma.tn\/wp-content\/uploads\/2016\/08\/couverture-souple-finale-12-227x341.jpg",227,341,true],"blog-single":["https:\/\/www.beitalhikma.tn\/wp-content\/uploads\/2016\/08\/couverture-souple-finale-12.jpg",227,355,false],"blog-item":["https:\/\/www.beitalhikma.tn\/wp-content\/uploads\/2016\/08\/couverture-souple-finale-12-227x224.jpg",227,224,true],"blog-widget":["https:\/\/www.beitalhikma.tn\/wp-content\/uploads\/2016\/08\/couverture-souple-finale-12-80x60.jpg",80,60,true],"features":["https:\/\/www.beitalhikma.tn\/wp-content\/uploads\/2016\/08\/couverture-souple-finale-12-90x90.jpg",90,90,true],"clients-slider":["https:\/\/www.beitalhikma.tn\/wp-content\/uploads\/2016\/08\/couverture-souple-finale-12-51x80.jpg",51,80,true],"offer-slider":["https:\/\/www.beitalhikma.tn\/wp-content\/uploads\/2016\/08\/couverture-souple-finale-12.jpg",227,355,false],"offer-slider-pg":["https:\/\/www.beitalhikma.tn\/wp-content\/uploads\/2016\/08\/couverture-souple-finale-12-42x42.jpg",42,42,true],"woocommerce_thumbnail":["https:\/\/www.beitalhikma.tn\/wp-content\/uploads\/2016\/08\/couverture-souple-finale-12-227x300.jpg",227,300,true],"woocommerce_single":["https:\/\/www.beitalhikma.tn\/wp-content\/uploads\/2016\/08\/couverture-souple-finale-12.jpg",227,355,false],"woocommerce_gallery_thumbnail":["https:\/\/www.beitalhikma.tn\/wp-content\/uploads\/2016\/08\/couverture-souple-finale-12-100x100.jpg",100,100,true]},"uagb_author_info":{"display_name":"admin","author_link":"https:\/\/www.beitalhikma.tn\/fr\/author\/"},"uagb_comment_info":0,"uagb_excerpt":"Titre de l\u2019ouvrage : Le roman fran\u00e7ais et d'expression fran\u00e7aise contemporain : nouvelles formes, nouveaux rapports \u00e0 l'histoire Actes du colloque (11, 12 et 13 f\u00e9vrier 2016) Auteur : ouvrage collectif coordonn\u00e9 par Emna Belhaj Yahia Langue : fran\u00e7ais Date de parution : 2016 Format : 16x24 ISBN : 9789973491688 Nombre de pages : 260\u2026","_links":{"self":[{"href":"https:\/\/www.beitalhikma.tn\/fr\/wp-json\/wp\/v2\/product\/6370","targetHints":{"allow":["GET"]}}],"collection":[{"href":"https:\/\/www.beitalhikma.tn\/fr\/wp-json\/wp\/v2\/product"}],"about":[{"href":"https:\/\/www.beitalhikma.tn\/fr\/wp-json\/wp\/v2\/types\/product"}],"wp:featuredmedia":[{"embeddable":true,"href":"https:\/\/www.beitalhikma.tn\/fr\/wp-json\/wp\/v2\/media\/8497"}],"wp:attachment":[{"href":"https:\/\/www.beitalhikma.tn\/fr\/wp-json\/wp\/v2\/media?parent=6370"}],"wp:term":[{"taxonomy":"product_brand","embeddable":true,"href":"https:\/\/www.beitalhikma.tn\/fr\/wp-json\/wp\/v2\/product_brand?post=6370"},{"taxonomy":"product_cat","embeddable":true,"href":"https:\/\/www.beitalhikma.tn\/fr\/wp-json\/wp\/v2\/product_cat?post=6370"},{"taxonomy":"product_tag","embeddable":true,"href":"https:\/\/www.beitalhikma.tn\/fr\/wp-json\/wp\/v2\/product_tag?post=6370"}],"curies":[{"name":"wp","href":"https:\/\/api.w.org\/{rel}","templated":true}]}}