{"id":6559,"date":"2016-07-22T13:02:53","date_gmt":"2016-08-22T09:43:18","guid":{"rendered":"http:\/\/www.beitalhikma.tn\/?post_type=product&#038;p=6559"},"modified":"2019-09-27T10:51:52","modified_gmt":"2019-09-27T09:51:52","slug":"messages-dans-la-moderation-lecture-dans-lexperience-de-samir-triki","status":"publish","type":"product","link":"https:\/\/www.beitalhikma.tn\/fr\/publication\/acces-boutique\/livres-en-vente\/messages-dans-la-moderation-lecture-dans-lexperience-de-samir-triki\/","title":{"rendered":"De la sym\u00e9trie (lecture dans l&#8217;oeuvres de Samir Triki)"},"content":{"rendered":"<p><center><strong>Ce livre regroupe des communications pr\u00e9sent\u00e9es par des universitaires et des critiques tunisiens autour de l&#8217;exp\u00e9rience du chercheur plasticien Samir Triki connu pour ses recherches en esth\u00e9tiques. Cette rencontre d&#8217;une journ\u00e9e a \u00e9t\u00e9 organis\u00e9e par le d\u00e9partement des arts au sein de l&#8217;Acad\u00e9mie tunisienne des sciences, des lettres et des arts Beit al-Hikma le 15 mai 1915.<\/strong><br \/>\n<strong> Les intervenants ont mis en exergue les aspects modernistes relev\u00e9s dans le parcours de l&#8217;artiste Triki eu \u00e9gard \u00e0 ses aptitudes cr\u00e9atrices qui lui ont permis d&#8217;allier l&#8217;imagination artistique \u00e0 l&#8217;esprit scientifique. Parlant de lui m\u00eame et de ses desiderata, Triki disait : &#8220;si je n&#8217;\u00e9tais pas plasticien , je serais architecte &#8220;; cela ne l\u2019emp\u00eachera nullement de recourir \u00e0 des \u00e9quations alg\u00e9briques dans son oeuvre artistique.<\/strong><br \/>\n<strong> Chercheurs et critiques s&#8217;accordent \u00e0 dire que l&#8217;artiste Samir Triki a excell\u00e9 dans la r\u00e9alisation d&#8217;un corpus d&#8217;art plastique refl\u00e9tant des capacit\u00e9s certaines d&#8217;innovation. Son oeuvre pourrait servir de r\u00e9f\u00e9rence dans le domaine de l&#8217;esth\u00e9tique compte tenu de la diversit\u00e9 de ses th\u00e8mes et de l&#8217;originalit\u00e9 de son style.<\/strong><\/center><\/p>\n","protected":false},"excerpt":{"rendered":"<ul>\n<li><strong>Titre de l\u2019ouvrage :<\/strong> De la sym\u00e9trie (lecture dans l&#8217;oeuvre de Samir Triki)<br \/>\n<strong>Auteur :<\/strong> ouvrage collectif<br \/>\n<strong>Langue :<\/strong>\u00a0arabe<\/li>\n<li><strong>Date de parution :<\/strong> 2016<\/li>\n<li><strong>Format :<\/strong> 16&#215;24<\/li>\n<li><strong>ISBN :<\/strong> 9789973491664<\/li>\n<li><strong>Nombre de pages :<\/strong> 115<br \/>\n<strong>Th\u00e8me :<\/strong> art plastique<\/li>\n<li><strong>Poids :<\/strong>\u00a0200 gr<br \/>\n<b>Situation :\u00a0<\/b>disponible<\/li>\n<\/ul>\n","protected":false},"featured_media":5073,"template":"","meta":{"_uag_custom_page_level_css":""},"product_brand":[],"product_cat":[11],"product_tag":[],"class_list":{"0":"post-6559","1":"product","2":"type-product","3":"status-publish","4":"has-post-thumbnail","6":"product_cat-livres-en-vente","8":"first","9":"instock","10":"sale","11":"shipping-taxable","12":"purchasable","13":"product-type-simple"},"yoast_head":"<!-- This site is optimized with the Yoast SEO plugin v27.5 - https:\/\/yoast.com\/product\/yoast-seo-wordpress\/ -->\n<title>De la sym\u00e9trie (lecture dans l&#039;oeuvres de Samir Triki) - Beit al-Hikma<\/title>\n<meta name=\"robots\" content=\"index, follow, max-snippet:-1, max-image-preview:large, max-video-preview:-1\" \/>\n<link rel=\"canonical\" href=\"https:\/\/www.beitalhikma.tn\/fr\/publication\/acces-boutique\/livres-en-vente\/messages-dans-la-moderation-lecture-dans-lexperience-de-samir-triki\/\" \/>\n<meta property=\"og:locale\" content=\"fr_FR\" \/>\n<meta property=\"og:type\" content=\"article\" \/>\n<meta property=\"og:title\" content=\"De la sym\u00e9trie (lecture dans l&#039;oeuvres de Samir Triki) - Beit al-Hikma\" \/>\n<meta property=\"og:description\" content=\"Titre de l\u2019ouvrage : De la sym\u00e9trie (lecture dans l&#039;oeuvre de Samir Triki) Auteur : ouvrage collectif Langue :\u00a0arabe  Date de parution : 2016  Format : 16x24  ISBN : 9789973491664  Nombre de pages : 115 Th\u00e8me : art plastique  Poids :\u00a0200 gr Situation :\u00a0disponible\" \/>\n<meta property=\"og:url\" content=\"https:\/\/www.beitalhikma.tn\/fr\/publication\/acces-boutique\/livres-en-vente\/messages-dans-la-moderation-lecture-dans-lexperience-de-samir-triki\/\" \/>\n<meta property=\"og:site_name\" content=\"Beit al-Hikma\" \/>\n<meta property=\"article:publisher\" content=\"https:\/\/www.facebook.com\/BeitalhikmaTunisie\/\" \/>\n<meta property=\"article:modified_time\" content=\"2019-09-27T09:51:52+00:00\" \/>\n<meta property=\"og:image\" content=\"https:\/\/www.beitalhikma.tn\/wp-content\/uploads\/2016\/03\/montage-couverture-Samir-Triki-1-2-e1469190944458.jpg\" \/>\n\t<meta property=\"og:image:width\" content=\"132\" \/>\n\t<meta property=\"og:image:height\" content=\"200\" \/>\n\t<meta property=\"og:image:type\" content=\"image\/jpeg\" \/>\n<meta name=\"twitter:card\" content=\"summary_large_image\" \/>\n<meta name=\"twitter:site\" content=\"@Beit_alhikma_TN\" \/>\n<meta name=\"twitter:label1\" content=\"Dur\u00e9e de lecture estim\u00e9e\" \/>\n\t<meta name=\"twitter:data1\" content=\"1 minute\" \/>\n<script type=\"application\/ld+json\" class=\"yoast-schema-graph\">{\"@context\":\"https:\\\/\\\/schema.org\",\"@graph\":[{\"@type\":\"WebPage\",\"@id\":\"https:\\\/\\\/www.beitalhikma.tn\\\/fr\\\/publication\\\/acces-boutique\\\/livres-en-vente\\\/messages-dans-la-moderation-lecture-dans-lexperience-de-samir-triki\\\/\",\"url\":\"https:\\\/\\\/www.beitalhikma.tn\\\/fr\\\/publication\\\/acces-boutique\\\/livres-en-vente\\\/messages-dans-la-moderation-lecture-dans-lexperience-de-samir-triki\\\/\",\"name\":\"De la sym\u00e9trie (lecture dans l'oeuvres de Samir Triki) - Beit al-Hikma\",\"isPartOf\":{\"@id\":\"https:\\\/\\\/www.beitalhikma.tn\\\/#website\"},\"primaryImageOfPage\":{\"@id\":\"https:\\\/\\\/www.beitalhikma.tn\\\/fr\\\/publication\\\/acces-boutique\\\/livres-en-vente\\\/messages-dans-la-moderation-lecture-dans-lexperience-de-samir-triki\\\/#primaryimage\"},\"image\":{\"@id\":\"https:\\\/\\\/www.beitalhikma.tn\\\/fr\\\/publication\\\/acces-boutique\\\/livres-en-vente\\\/messages-dans-la-moderation-lecture-dans-lexperience-de-samir-triki\\\/#primaryimage\"},\"thumbnailUrl\":\"https:\\\/\\\/www.beitalhikma.tn\\\/wp-content\\\/uploads\\\/2016\\\/03\\\/montage-couverture-Samir-Triki-1-2-e1469190944458.jpg\",\"datePublished\":\"2016-08-22T09:43:18+00:00\",\"dateModified\":\"2019-09-27T09:51:52+00:00\",\"breadcrumb\":{\"@id\":\"https:\\\/\\\/www.beitalhikma.tn\\\/fr\\\/publication\\\/acces-boutique\\\/livres-en-vente\\\/messages-dans-la-moderation-lecture-dans-lexperience-de-samir-triki\\\/#breadcrumb\"},\"inLanguage\":\"fr-FR\",\"potentialAction\":[{\"@type\":\"ReadAction\",\"target\":[\"https:\\\/\\\/www.beitalhikma.tn\\\/fr\\\/publication\\\/acces-boutique\\\/livres-en-vente\\\/messages-dans-la-moderation-lecture-dans-lexperience-de-samir-triki\\\/\"]}]},{\"@type\":\"ImageObject\",\"inLanguage\":\"fr-FR\",\"@id\":\"https:\\\/\\\/www.beitalhikma.tn\\\/fr\\\/publication\\\/acces-boutique\\\/livres-en-vente\\\/messages-dans-la-moderation-lecture-dans-lexperience-de-samir-triki\\\/#primaryimage\",\"url\":\"https:\\\/\\\/www.beitalhikma.tn\\\/wp-content\\\/uploads\\\/2016\\\/03\\\/montage-couverture-Samir-Triki-1-2-e1469190944458.jpg\",\"contentUrl\":\"https:\\\/\\\/www.beitalhikma.tn\\\/wp-content\\\/uploads\\\/2016\\\/03\\\/montage-couverture-Samir-Triki-1-2-e1469190944458.jpg\",\"width\":132,\"height\":200},{\"@type\":\"BreadcrumbList\",\"@id\":\"https:\\\/\\\/www.beitalhikma.tn\\\/fr\\\/publication\\\/acces-boutique\\\/livres-en-vente\\\/messages-dans-la-moderation-lecture-dans-lexperience-de-samir-triki\\\/#breadcrumb\",\"itemListElement\":[{\"@type\":\"ListItem\",\"position\":1,\"name\":\"Accueil\",\"item\":\"https:\\\/\\\/www.beitalhikma.tn\\\/fr\\\/\"},{\"@type\":\"ListItem\",\"position\":2,\"name\":\"Boutique\",\"item\":\"https:\\\/\\\/www.beitalhikma.tn\\\/fr\\\/boutique\\\/\"},{\"@type\":\"ListItem\",\"position\":3,\"name\":\"De la sym\u00e9trie (lecture dans l&#8217;oeuvres de Samir Triki)\"}]},{\"@type\":\"WebSite\",\"@id\":\"https:\\\/\\\/www.beitalhikma.tn\\\/#website\",\"url\":\"https:\\\/\\\/www.beitalhikma.tn\\\/\",\"name\":\"Beit al-Hikma\",\"description\":\"L&#039;Acad\u00e9mie Tunisienne des Sciences, des Lettres  et des Arts\",\"publisher\":{\"@id\":\"https:\\\/\\\/www.beitalhikma.tn\\\/#organization\"},\"potentialAction\":[{\"@type\":\"SearchAction\",\"target\":{\"@type\":\"EntryPoint\",\"urlTemplate\":\"https:\\\/\\\/www.beitalhikma.tn\\\/?s={search_term_string}\"},\"query-input\":{\"@type\":\"PropertyValueSpecification\",\"valueRequired\":true,\"valueName\":\"search_term_string\"}}],\"inLanguage\":\"fr-FR\"},{\"@type\":\"Organization\",\"@id\":\"https:\\\/\\\/www.beitalhikma.tn\\\/#organization\",\"name\":\"Beit Al Hikma\",\"url\":\"https:\\\/\\\/www.beitalhikma.tn\\\/\",\"logo\":{\"@type\":\"ImageObject\",\"inLanguage\":\"fr-FR\",\"@id\":\"https:\\\/\\\/www.beitalhikma.tn\\\/#\\\/schema\\\/logo\\\/image\\\/\",\"url\":\"https:\\\/\\\/www.beitalhikma.tn\\\/wp-content\\\/uploads\\\/2014\\\/11\\\/logo.png\",\"contentUrl\":\"https:\\\/\\\/www.beitalhikma.tn\\\/wp-content\\\/uploads\\\/2014\\\/11\\\/logo.png\",\"width\":288,\"height\":109,\"caption\":\"Beit Al Hikma\"},\"image\":{\"@id\":\"https:\\\/\\\/www.beitalhikma.tn\\\/#\\\/schema\\\/logo\\\/image\\\/\"},\"sameAs\":[\"https:\\\/\\\/www.facebook.com\\\/BeitalhikmaTunisie\\\/\",\"https:\\\/\\\/x.com\\\/Beit_alhikma_TN\",\"https:\\\/\\\/www.youtube.com\\\/channel\\\/UCl8EfDXqt5MFfcEY0UYhevg\"]}]}<\/script>\n<!-- \/ Yoast SEO plugin. -->","yoast_head_json":{"title":"De la sym\u00e9trie (lecture dans l'oeuvres de Samir Triki) - Beit al-Hikma","robots":{"index":"index","follow":"follow","max-snippet":"max-snippet:-1","max-image-preview":"max-image-preview:large","max-video-preview":"max-video-preview:-1"},"canonical":"https:\/\/www.beitalhikma.tn\/fr\/publication\/acces-boutique\/livres-en-vente\/messages-dans-la-moderation-lecture-dans-lexperience-de-samir-triki\/","og_locale":"fr_FR","og_type":"article","og_title":"De la sym\u00e9trie (lecture dans l'oeuvres de Samir Triki) - Beit al-Hikma","og_description":"Titre de l\u2019ouvrage : De la sym\u00e9trie (lecture dans l'oeuvre de Samir Triki) Auteur : ouvrage collectif Langue :\u00a0arabe  Date de parution : 2016  Format : 16x24  ISBN : 9789973491664  Nombre de pages : 115 Th\u00e8me : art plastique  Poids :\u00a0200 gr Situation :\u00a0disponible","og_url":"https:\/\/www.beitalhikma.tn\/fr\/publication\/acces-boutique\/livres-en-vente\/messages-dans-la-moderation-lecture-dans-lexperience-de-samir-triki\/","og_site_name":"Beit al-Hikma","article_publisher":"https:\/\/www.facebook.com\/BeitalhikmaTunisie\/","article_modified_time":"2019-09-27T09:51:52+00:00","og_image":[{"width":132,"height":200,"url":"https:\/\/www.beitalhikma.tn\/wp-content\/uploads\/2016\/03\/montage-couverture-Samir-Triki-1-2-e1469190944458.jpg","type":"image\/jpeg"}],"twitter_card":"summary_large_image","twitter_site":"@Beit_alhikma_TN","twitter_misc":{"Dur\u00e9e de lecture estim\u00e9e":"1 minute"},"schema":{"@context":"https:\/\/schema.org","@graph":[{"@type":"WebPage","@id":"https:\/\/www.beitalhikma.tn\/fr\/publication\/acces-boutique\/livres-en-vente\/messages-dans-la-moderation-lecture-dans-lexperience-de-samir-triki\/","url":"https:\/\/www.beitalhikma.tn\/fr\/publication\/acces-boutique\/livres-en-vente\/messages-dans-la-moderation-lecture-dans-lexperience-de-samir-triki\/","name":"De la sym\u00e9trie (lecture dans l'oeuvres de Samir Triki) - Beit al-Hikma","isPartOf":{"@id":"https:\/\/www.beitalhikma.tn\/#website"},"primaryImageOfPage":{"@id":"https:\/\/www.beitalhikma.tn\/fr\/publication\/acces-boutique\/livres-en-vente\/messages-dans-la-moderation-lecture-dans-lexperience-de-samir-triki\/#primaryimage"},"image":{"@id":"https:\/\/www.beitalhikma.tn\/fr\/publication\/acces-boutique\/livres-en-vente\/messages-dans-la-moderation-lecture-dans-lexperience-de-samir-triki\/#primaryimage"},"thumbnailUrl":"https:\/\/www.beitalhikma.tn\/wp-content\/uploads\/2016\/03\/montage-couverture-Samir-Triki-1-2-e1469190944458.jpg","datePublished":"2016-08-22T09:43:18+00:00","dateModified":"2019-09-27T09:51:52+00:00","breadcrumb":{"@id":"https:\/\/www.beitalhikma.tn\/fr\/publication\/acces-boutique\/livres-en-vente\/messages-dans-la-moderation-lecture-dans-lexperience-de-samir-triki\/#breadcrumb"},"inLanguage":"fr-FR","potentialAction":[{"@type":"ReadAction","target":["https:\/\/www.beitalhikma.tn\/fr\/publication\/acces-boutique\/livres-en-vente\/messages-dans-la-moderation-lecture-dans-lexperience-de-samir-triki\/"]}]},{"@type":"ImageObject","inLanguage":"fr-FR","@id":"https:\/\/www.beitalhikma.tn\/fr\/publication\/acces-boutique\/livres-en-vente\/messages-dans-la-moderation-lecture-dans-lexperience-de-samir-triki\/#primaryimage","url":"https:\/\/www.beitalhikma.tn\/wp-content\/uploads\/2016\/03\/montage-couverture-Samir-Triki-1-2-e1469190944458.jpg","contentUrl":"https:\/\/www.beitalhikma.tn\/wp-content\/uploads\/2016\/03\/montage-couverture-Samir-Triki-1-2-e1469190944458.jpg","width":132,"height":200},{"@type":"BreadcrumbList","@id":"https:\/\/www.beitalhikma.tn\/fr\/publication\/acces-boutique\/livres-en-vente\/messages-dans-la-moderation-lecture-dans-lexperience-de-samir-triki\/#breadcrumb","itemListElement":[{"@type":"ListItem","position":1,"name":"Accueil","item":"https:\/\/www.beitalhikma.tn\/fr\/"},{"@type":"ListItem","position":2,"name":"Boutique","item":"https:\/\/www.beitalhikma.tn\/fr\/boutique\/"},{"@type":"ListItem","position":3,"name":"De la sym\u00e9trie (lecture dans l&#8217;oeuvres de Samir Triki)"}]},{"@type":"WebSite","@id":"https:\/\/www.beitalhikma.tn\/#website","url":"https:\/\/www.beitalhikma.tn\/","name":"Beit al-Hikma","description":"L&#039;Acad\u00e9mie Tunisienne des Sciences, des Lettres  et des Arts","publisher":{"@id":"https:\/\/www.beitalhikma.tn\/#organization"},"potentialAction":[{"@type":"SearchAction","target":{"@type":"EntryPoint","urlTemplate":"https:\/\/www.beitalhikma.tn\/?s={search_term_string}"},"query-input":{"@type":"PropertyValueSpecification","valueRequired":true,"valueName":"search_term_string"}}],"inLanguage":"fr-FR"},{"@type":"Organization","@id":"https:\/\/www.beitalhikma.tn\/#organization","name":"Beit Al Hikma","url":"https:\/\/www.beitalhikma.tn\/","logo":{"@type":"ImageObject","inLanguage":"fr-FR","@id":"https:\/\/www.beitalhikma.tn\/#\/schema\/logo\/image\/","url":"https:\/\/www.beitalhikma.tn\/wp-content\/uploads\/2014\/11\/logo.png","contentUrl":"https:\/\/www.beitalhikma.tn\/wp-content\/uploads\/2014\/11\/logo.png","width":288,"height":109,"caption":"Beit Al Hikma"},"image":{"@id":"https:\/\/www.beitalhikma.tn\/#\/schema\/logo\/image\/"},"sameAs":["https:\/\/www.facebook.com\/BeitalhikmaTunisie\/","https:\/\/x.com\/Beit_alhikma_TN","https:\/\/www.youtube.com\/channel\/UCl8EfDXqt5MFfcEY0UYhevg"]}]}},"uagb_featured_image_src":{"full":["https:\/\/www.beitalhikma.tn\/wp-content\/uploads\/2016\/03\/montage-couverture-Samir-Triki-1-2-e1469190944458.jpg",132,200,false],"thumbnail":["https:\/\/www.beitalhikma.tn\/wp-content\/uploads\/2016\/03\/montage-couverture-Samir-Triki-1-2-250x300.jpg",250,300,true],"medium":["https:\/\/www.beitalhikma.tn\/wp-content\/uploads\/2016\/03\/montage-couverture-Samir-Triki-1-2-198x300.jpg",198,300,true],"medium_large":["https:\/\/www.beitalhikma.tn\/wp-content\/uploads\/2016\/03\/montage-couverture-Samir-Triki-1-2-e1469190944458.jpg",132,200,false],"large":["https:\/\/www.beitalhikma.tn\/wp-content\/uploads\/2016\/03\/montage-couverture-Samir-Triki-1-2-675x1024.jpg",675,1024,true],"thumblist":["https:\/\/www.beitalhikma.tn\/wp-content\/uploads\/2016\/03\/montage-couverture-Samir-Triki-1-2-e1469190944458.jpg",132,200,false],"meccarouselthumb":["https:\/\/www.beitalhikma.tn\/wp-content\/uploads\/2016\/03\/montage-couverture-Samir-Triki-1-2-e1469190944458.jpg",132,200,false],"gridsquare":["https:\/\/www.beitalhikma.tn\/wp-content\/uploads\/2016\/03\/montage-couverture-Samir-Triki-1-2-e1469190944458.jpg",132,200,false],"tileview":["https:\/\/www.beitalhikma.tn\/wp-content\/uploads\/2016\/03\/montage-couverture-Samir-Triki-1-2-e1469190944458.jpg",132,200,false],"1536x1536":["https:\/\/www.beitalhikma.tn\/wp-content\/uploads\/2016\/03\/montage-couverture-Samir-Triki-1-2-e1469190944458.jpg",132,200,false],"2048x2048":["https:\/\/www.beitalhikma.tn\/wp-content\/uploads\/2016\/03\/montage-couverture-Samir-Triki-1-2-e1469190944458.jpg",132,200,false],"post-thumbnail":["https:\/\/www.beitalhikma.tn\/wp-content\/uploads\/2016\/03\/montage-couverture-Samir-Triki-1-2-96x146.jpg",96,146,true],"50x50":["https:\/\/www.beitalhikma.tn\/wp-content\/uploads\/2016\/03\/montage-couverture-Samir-Triki-1-2-33x50.jpg",33,50,true],"portfolio-list":["https:\/\/www.beitalhikma.tn\/wp-content\/uploads\/2016\/03\/montage-couverture-Samir-Triki-1-2-600x400.jpg",600,400,true],"portfolio-fs":["https:\/\/www.beitalhikma.tn\/wp-content\/uploads\/2016\/03\/montage-couverture-Samir-Triki-1-2-732x543.jpg",732,543,true],"portfolio-slider":["https:\/\/www.beitalhikma.tn\/wp-content\/uploads\/2016\/03\/montage-couverture-Samir-Triki-1-2-380x380.jpg",380,380,true],"blog":["https:\/\/www.beitalhikma.tn\/wp-content\/uploads\/2016\/03\/montage-couverture-Samir-Triki-1-2-564x341.jpg",564,341,true],"blog-single":["https:\/\/www.beitalhikma.tn\/wp-content\/uploads\/2016\/03\/montage-couverture-Samir-Triki-1-2-732x445.jpg",732,445,true],"blog-item":["https:\/\/www.beitalhikma.tn\/wp-content\/uploads\/2016\/03\/montage-couverture-Samir-Triki-1-2-504x224.jpg",504,224,true],"blog-widget":["https:\/\/www.beitalhikma.tn\/wp-content\/uploads\/2016\/03\/montage-couverture-Samir-Triki-1-2-80x60.jpg",80,60,true],"features":["https:\/\/www.beitalhikma.tn\/wp-content\/uploads\/2016\/03\/montage-couverture-Samir-Triki-1-2-90x90.jpg",90,90,true],"clients-slider":["https:\/\/www.beitalhikma.tn\/wp-content\/uploads\/2016\/03\/montage-couverture-Samir-Triki-1-2-53x80.jpg",53,80,true],"offer-slider":["https:\/\/www.beitalhikma.tn\/wp-content\/uploads\/2016\/03\/montage-couverture-Samir-Triki-1-2-732x438.jpg",732,438,true],"offer-slider-pg":["https:\/\/www.beitalhikma.tn\/wp-content\/uploads\/2016\/03\/montage-couverture-Samir-Triki-1-2-42x42.jpg",42,42,true],"woocommerce_thumbnail":["https:\/\/www.beitalhikma.tn\/wp-content\/uploads\/2016\/03\/montage-couverture-Samir-Triki-1-2-e1469190944458.jpg",132,200,false],"woocommerce_single":["https:\/\/www.beitalhikma.tn\/wp-content\/uploads\/2016\/03\/montage-couverture-Samir-Triki-1-2-e1469190944458.jpg",132,200,false],"woocommerce_gallery_thumbnail":["https:\/\/www.beitalhikma.tn\/wp-content\/uploads\/2016\/03\/montage-couverture-Samir-Triki-1-2-e1469190944458-100x100.jpg",100,100,true]},"uagb_author_info":{"display_name":"admin","author_link":"https:\/\/www.beitalhikma.tn\/fr\/author\/"},"uagb_comment_info":0,"uagb_excerpt":"Titre de l\u2019ouvrage : De la sym\u00e9trie (lecture dans l'oeuvre de Samir Triki) Auteur : ouvrage collectif Langue :\u00a0arabe Date de parution : 2016 Format : 16x24 ISBN : 9789973491664 Nombre de pages : 115 Th\u00e8me : art plastique Poids :\u00a0200 gr Situation :\u00a0disponible","_links":{"self":[{"href":"https:\/\/www.beitalhikma.tn\/fr\/wp-json\/wp\/v2\/product\/6559","targetHints":{"allow":["GET"]}}],"collection":[{"href":"https:\/\/www.beitalhikma.tn\/fr\/wp-json\/wp\/v2\/product"}],"about":[{"href":"https:\/\/www.beitalhikma.tn\/fr\/wp-json\/wp\/v2\/types\/product"}],"wp:featuredmedia":[{"embeddable":true,"href":"https:\/\/www.beitalhikma.tn\/fr\/wp-json\/wp\/v2\/media\/5073"}],"wp:attachment":[{"href":"https:\/\/www.beitalhikma.tn\/fr\/wp-json\/wp\/v2\/media?parent=6559"}],"wp:term":[{"taxonomy":"product_brand","embeddable":true,"href":"https:\/\/www.beitalhikma.tn\/fr\/wp-json\/wp\/v2\/product_brand?post=6559"},{"taxonomy":"product_cat","embeddable":true,"href":"https:\/\/www.beitalhikma.tn\/fr\/wp-json\/wp\/v2\/product_cat?post=6559"},{"taxonomy":"product_tag","embeddable":true,"href":"https:\/\/www.beitalhikma.tn\/fr\/wp-json\/wp\/v2\/product_tag?post=6559"}],"curies":[{"name":"wp","href":"https:\/\/api.w.org\/{rel}","templated":true}]}}