{"id":6780,"date":"2016-08-25T11:16:22","date_gmt":"2016-08-25T10:16:22","guid":{"rendered":"http:\/\/www.beitalhikma.tn\/?post_type=product&#038;p=6780"},"modified":"2022-09-05T13:31:27","modified_gmt":"2022-09-05T12:31:27","slug":"sciences-et-technologies-dans-les-reformes-des-systemes-educatifs-quelles-innovations-pour-demain","status":"publish","type":"product","link":"https:\/\/www.beitalhikma.tn\/fr\/publication\/acces-boutique\/livres-en-vente\/sciences-et-technologies-dans-les-reformes-des-systemes-educatifs-quelles-innovations-pour-demain\/","title":{"rendered":"Sciences et technologies dans les r\u00e9formes des syst\u00e8mes \u00e9ducatifs : Quelles innovations pour demain ?"},"content":{"rendered":"<p><a href=\"http:\/\/www.beitalhikma.tn\/wp-content\/uploads\/2016\/08\/pf6.png\"><img loading=\"lazy\" decoding=\"async\" class=\"aligncenter size-full wp-image-6781\" src=\"http:\/\/www.beitalhikma.tn\/wp-content\/uploads\/2016\/08\/pf6.png\" alt=\"pf\" width=\"715\" height=\"423\" srcset=\"https:\/\/www.beitalhikma.tn\/wp-content\/uploads\/2016\/08\/pf6.png 715w, https:\/\/www.beitalhikma.tn\/wp-content\/uploads\/2016\/08\/pf6-250x148.png 250w, https:\/\/www.beitalhikma.tn\/wp-content\/uploads\/2016\/08\/pf6-300x177.png 300w, https:\/\/www.beitalhikma.tn\/wp-content\/uploads\/2016\/08\/pf6-247x146.png 247w, https:\/\/www.beitalhikma.tn\/wp-content\/uploads\/2016\/08\/pf6-50x30.png 50w, https:\/\/www.beitalhikma.tn\/wp-content\/uploads\/2016\/08\/pf6-135x80.png 135w\" sizes=\"auto, (max-width: 715px) 100vw, 715px\" \/><\/a><\/p>\n","protected":false},"excerpt":{"rendered":"<ul>\n<li><strong>Titre de l\u2019ouvrage :<\/strong> Sciences et technologies dans les r\u00e9formes des syst\u00e8mes \u00e9ducatifs : Quelles innovations pour demain?<\/li>\n<li>Actes du WebARP organis\u00e9 par l&#8217;Acad\u00e9mie tunisienne Be\u00eft al-Hikma du 7 au 21 octobre 2014<br \/>\n<strong>Auteur :<\/strong> ouvrage collectif sous la direction du professeur Souad Kamoun-Chouk<br \/>\n<strong>Langue :<\/strong> fran\u00e7ais<\/li>\n<li><strong>Date de parution :<\/strong> 2015<\/li>\n<li><strong>Format :<\/strong> 16&#215;24<\/li>\n<li><strong>ISBN :<\/strong> 9789973491572<\/li>\n<li><strong>Nombre de pages :<\/strong> 282<br \/>\n<strong>Th\u00e8me :<\/strong> Education<\/li>\n<li><strong>Poids :<\/strong> 500 gr<br \/>\n<b>Situation :\u00a0<\/b>disponible<\/li>\n<\/ul>\n","protected":false},"featured_media":6784,"template":"","meta":{"_uag_custom_page_level_css":""},"product_brand":[],"product_cat":[11],"product_tag":[],"class_list":{"0":"post-6780","1":"product","2":"type-product","3":"status-publish","4":"has-post-thumbnail","6":"product_cat-livres-en-vente","8":"first","9":"instock","10":"sale","11":"shipping-taxable","12":"purchasable","13":"product-type-simple"},"yoast_head":"<!-- This site is optimized with the Yoast SEO plugin v27.3 - https:\/\/yoast.com\/product\/yoast-seo-wordpress\/ -->\n<title>Sciences et technologies dans les r\u00e9formes des syst\u00e8mes \u00e9ducatifs : Quelles innovations pour demain ? - Beit al-Hikma<\/title>\n<meta name=\"robots\" content=\"index, follow, max-snippet:-1, max-image-preview:large, max-video-preview:-1\" \/>\n<link rel=\"canonical\" href=\"https:\/\/www.beitalhikma.tn\/fr\/publication\/acces-boutique\/livres-en-vente\/sciences-et-technologies-dans-les-reformes-des-systemes-educatifs-quelles-innovations-pour-demain\/\" \/>\n<meta property=\"og:locale\" content=\"fr_FR\" \/>\n<meta property=\"og:type\" content=\"article\" \/>\n<meta property=\"og:title\" content=\"Sciences et technologies dans les r\u00e9formes des syst\u00e8mes \u00e9ducatifs : Quelles innovations pour demain ? - Beit al-Hikma\" \/>\n<meta property=\"og:description\" content=\"Titre de l\u2019ouvrage : Sciences et technologies dans les r\u00e9formes des syst\u00e8mes \u00e9ducatifs : Quelles innovations pour demain?  Actes du WebARP organis\u00e9 par l&#039;Acad\u00e9mie tunisienne Be\u00eft al-Hikma du 7 au 21 octobre 2014 Auteur : ouvrage collectif sous la direction du professeur Souad Kamoun-Chouk Langue : fran\u00e7ais  Date de parution : 2015  Format : 16x24  ISBN : 9789973491572  Nombre de pages : 282 Th\u00e8me : Education  Poids : 500 gr Situation :\u00a0disponible\" \/>\n<meta property=\"og:url\" content=\"https:\/\/www.beitalhikma.tn\/fr\/publication\/acces-boutique\/livres-en-vente\/sciences-et-technologies-dans-les-reformes-des-systemes-educatifs-quelles-innovations-pour-demain\/\" \/>\n<meta property=\"og:site_name\" content=\"Beit al-Hikma\" \/>\n<meta property=\"article:publisher\" content=\"https:\/\/www.facebook.com\/BeitalhikmaTunisie\/\" \/>\n<meta property=\"article:modified_time\" content=\"2022-09-05T12:31:27+00:00\" \/>\n<meta property=\"og:image\" content=\"https:\/\/www.beitalhikma.tn\/wp-content\/uploads\/2016\/08\/sans-titre4.png\" \/>\n\t<meta property=\"og:image:width\" content=\"530\" \/>\n\t<meta property=\"og:image:height\" content=\"779\" \/>\n\t<meta property=\"og:image:type\" content=\"image\/png\" \/>\n<meta name=\"twitter:card\" content=\"summary_large_image\" \/>\n<meta name=\"twitter:site\" content=\"@Beit_alhikma_TN\" \/>\n<script type=\"application\/ld+json\" class=\"yoast-schema-graph\">{\"@context\":\"https:\\\/\\\/schema.org\",\"@graph\":[{\"@type\":\"WebPage\",\"@id\":\"https:\\\/\\\/www.beitalhikma.tn\\\/fr\\\/publication\\\/acces-boutique\\\/livres-en-vente\\\/sciences-et-technologies-dans-les-reformes-des-systemes-educatifs-quelles-innovations-pour-demain\\\/\",\"url\":\"https:\\\/\\\/www.beitalhikma.tn\\\/fr\\\/publication\\\/acces-boutique\\\/livres-en-vente\\\/sciences-et-technologies-dans-les-reformes-des-systemes-educatifs-quelles-innovations-pour-demain\\\/\",\"name\":\"Sciences et technologies dans les r\u00e9formes des syst\u00e8mes \u00e9ducatifs : Quelles innovations pour demain ? - Beit al-Hikma\",\"isPartOf\":{\"@id\":\"https:\\\/\\\/www.beitalhikma.tn\\\/#website\"},\"primaryImageOfPage\":{\"@id\":\"https:\\\/\\\/www.beitalhikma.tn\\\/fr\\\/publication\\\/acces-boutique\\\/livres-en-vente\\\/sciences-et-technologies-dans-les-reformes-des-systemes-educatifs-quelles-innovations-pour-demain\\\/#primaryimage\"},\"image\":{\"@id\":\"https:\\\/\\\/www.beitalhikma.tn\\\/fr\\\/publication\\\/acces-boutique\\\/livres-en-vente\\\/sciences-et-technologies-dans-les-reformes-des-systemes-educatifs-quelles-innovations-pour-demain\\\/#primaryimage\"},\"thumbnailUrl\":\"https:\\\/\\\/www.beitalhikma.tn\\\/wp-content\\\/uploads\\\/2016\\\/08\\\/sans-titre4.png\",\"datePublished\":\"2016-08-25T10:16:22+00:00\",\"dateModified\":\"2022-09-05T12:31:27+00:00\",\"breadcrumb\":{\"@id\":\"https:\\\/\\\/www.beitalhikma.tn\\\/fr\\\/publication\\\/acces-boutique\\\/livres-en-vente\\\/sciences-et-technologies-dans-les-reformes-des-systemes-educatifs-quelles-innovations-pour-demain\\\/#breadcrumb\"},\"inLanguage\":\"fr-FR\",\"potentialAction\":[{\"@type\":\"ReadAction\",\"target\":[\"https:\\\/\\\/www.beitalhikma.tn\\\/fr\\\/publication\\\/acces-boutique\\\/livres-en-vente\\\/sciences-et-technologies-dans-les-reformes-des-systemes-educatifs-quelles-innovations-pour-demain\\\/\"]}]},{\"@type\":\"ImageObject\",\"inLanguage\":\"fr-FR\",\"@id\":\"https:\\\/\\\/www.beitalhikma.tn\\\/fr\\\/publication\\\/acces-boutique\\\/livres-en-vente\\\/sciences-et-technologies-dans-les-reformes-des-systemes-educatifs-quelles-innovations-pour-demain\\\/#primaryimage\",\"url\":\"https:\\\/\\\/www.beitalhikma.tn\\\/wp-content\\\/uploads\\\/2016\\\/08\\\/sans-titre4.png\",\"contentUrl\":\"https:\\\/\\\/www.beitalhikma.tn\\\/wp-content\\\/uploads\\\/2016\\\/08\\\/sans-titre4.png\",\"width\":530,\"height\":779},{\"@type\":\"BreadcrumbList\",\"@id\":\"https:\\\/\\\/www.beitalhikma.tn\\\/fr\\\/publication\\\/acces-boutique\\\/livres-en-vente\\\/sciences-et-technologies-dans-les-reformes-des-systemes-educatifs-quelles-innovations-pour-demain\\\/#breadcrumb\",\"itemListElement\":[{\"@type\":\"ListItem\",\"position\":1,\"name\":\"Accueil\",\"item\":\"https:\\\/\\\/www.beitalhikma.tn\\\/fr\\\/\"},{\"@type\":\"ListItem\",\"position\":2,\"name\":\"Boutique\",\"item\":\"https:\\\/\\\/www.beitalhikma.tn\\\/fr\\\/boutique\\\/\"},{\"@type\":\"ListItem\",\"position\":3,\"name\":\"Sciences et technologies dans les r\u00e9formes des syst\u00e8mes \u00e9ducatifs : Quelles innovations pour demain ?\"}]},{\"@type\":\"WebSite\",\"@id\":\"https:\\\/\\\/www.beitalhikma.tn\\\/#website\",\"url\":\"https:\\\/\\\/www.beitalhikma.tn\\\/\",\"name\":\"Beit al-Hikma\",\"description\":\"L&#039;Acad\u00e9mie Tunisienne des Sciences, des Lettres  et des Arts\",\"publisher\":{\"@id\":\"https:\\\/\\\/www.beitalhikma.tn\\\/#organization\"},\"potentialAction\":[{\"@type\":\"SearchAction\",\"target\":{\"@type\":\"EntryPoint\",\"urlTemplate\":\"https:\\\/\\\/www.beitalhikma.tn\\\/?s={search_term_string}\"},\"query-input\":{\"@type\":\"PropertyValueSpecification\",\"valueRequired\":true,\"valueName\":\"search_term_string\"}}],\"inLanguage\":\"fr-FR\"},{\"@type\":\"Organization\",\"@id\":\"https:\\\/\\\/www.beitalhikma.tn\\\/#organization\",\"name\":\"Beit Al Hikma\",\"url\":\"https:\\\/\\\/www.beitalhikma.tn\\\/\",\"logo\":{\"@type\":\"ImageObject\",\"inLanguage\":\"fr-FR\",\"@id\":\"https:\\\/\\\/www.beitalhikma.tn\\\/#\\\/schema\\\/logo\\\/image\\\/\",\"url\":\"https:\\\/\\\/www.beitalhikma.tn\\\/wp-content\\\/uploads\\\/2014\\\/11\\\/logo.png\",\"contentUrl\":\"https:\\\/\\\/www.beitalhikma.tn\\\/wp-content\\\/uploads\\\/2014\\\/11\\\/logo.png\",\"width\":288,\"height\":109,\"caption\":\"Beit Al Hikma\"},\"image\":{\"@id\":\"https:\\\/\\\/www.beitalhikma.tn\\\/#\\\/schema\\\/logo\\\/image\\\/\"},\"sameAs\":[\"https:\\\/\\\/www.facebook.com\\\/BeitalhikmaTunisie\\\/\",\"https:\\\/\\\/x.com\\\/Beit_alhikma_TN\",\"https:\\\/\\\/www.youtube.com\\\/channel\\\/UCl8EfDXqt5MFfcEY0UYhevg\"]}]}<\/script>\n<!-- \/ Yoast SEO plugin. -->","yoast_head_json":{"title":"Sciences et technologies dans les r\u00e9formes des syst\u00e8mes \u00e9ducatifs : Quelles innovations pour demain ? - Beit al-Hikma","robots":{"index":"index","follow":"follow","max-snippet":"max-snippet:-1","max-image-preview":"max-image-preview:large","max-video-preview":"max-video-preview:-1"},"canonical":"https:\/\/www.beitalhikma.tn\/fr\/publication\/acces-boutique\/livres-en-vente\/sciences-et-technologies-dans-les-reformes-des-systemes-educatifs-quelles-innovations-pour-demain\/","og_locale":"fr_FR","og_type":"article","og_title":"Sciences et technologies dans les r\u00e9formes des syst\u00e8mes \u00e9ducatifs : Quelles innovations pour demain ? - Beit al-Hikma","og_description":"Titre de l\u2019ouvrage : Sciences et technologies dans les r\u00e9formes des syst\u00e8mes \u00e9ducatifs : Quelles innovations pour demain?  Actes du WebARP organis\u00e9 par l'Acad\u00e9mie tunisienne Be\u00eft al-Hikma du 7 au 21 octobre 2014 Auteur : ouvrage collectif sous la direction du professeur Souad Kamoun-Chouk Langue : fran\u00e7ais  Date de parution : 2015  Format : 16x24  ISBN : 9789973491572  Nombre de pages : 282 Th\u00e8me : Education  Poids : 500 gr Situation :\u00a0disponible","og_url":"https:\/\/www.beitalhikma.tn\/fr\/publication\/acces-boutique\/livres-en-vente\/sciences-et-technologies-dans-les-reformes-des-systemes-educatifs-quelles-innovations-pour-demain\/","og_site_name":"Beit al-Hikma","article_publisher":"https:\/\/www.facebook.com\/BeitalhikmaTunisie\/","article_modified_time":"2022-09-05T12:31:27+00:00","og_image":[{"width":530,"height":779,"url":"https:\/\/www.beitalhikma.tn\/wp-content\/uploads\/2016\/08\/sans-titre4.png","type":"image\/png"}],"twitter_card":"summary_large_image","twitter_site":"@Beit_alhikma_TN","schema":{"@context":"https:\/\/schema.org","@graph":[{"@type":"WebPage","@id":"https:\/\/www.beitalhikma.tn\/fr\/publication\/acces-boutique\/livres-en-vente\/sciences-et-technologies-dans-les-reformes-des-systemes-educatifs-quelles-innovations-pour-demain\/","url":"https:\/\/www.beitalhikma.tn\/fr\/publication\/acces-boutique\/livres-en-vente\/sciences-et-technologies-dans-les-reformes-des-systemes-educatifs-quelles-innovations-pour-demain\/","name":"Sciences et technologies dans les r\u00e9formes des syst\u00e8mes \u00e9ducatifs : Quelles innovations pour demain ? - Beit al-Hikma","isPartOf":{"@id":"https:\/\/www.beitalhikma.tn\/#website"},"primaryImageOfPage":{"@id":"https:\/\/www.beitalhikma.tn\/fr\/publication\/acces-boutique\/livres-en-vente\/sciences-et-technologies-dans-les-reformes-des-systemes-educatifs-quelles-innovations-pour-demain\/#primaryimage"},"image":{"@id":"https:\/\/www.beitalhikma.tn\/fr\/publication\/acces-boutique\/livres-en-vente\/sciences-et-technologies-dans-les-reformes-des-systemes-educatifs-quelles-innovations-pour-demain\/#primaryimage"},"thumbnailUrl":"https:\/\/www.beitalhikma.tn\/wp-content\/uploads\/2016\/08\/sans-titre4.png","datePublished":"2016-08-25T10:16:22+00:00","dateModified":"2022-09-05T12:31:27+00:00","breadcrumb":{"@id":"https:\/\/www.beitalhikma.tn\/fr\/publication\/acces-boutique\/livres-en-vente\/sciences-et-technologies-dans-les-reformes-des-systemes-educatifs-quelles-innovations-pour-demain\/#breadcrumb"},"inLanguage":"fr-FR","potentialAction":[{"@type":"ReadAction","target":["https:\/\/www.beitalhikma.tn\/fr\/publication\/acces-boutique\/livres-en-vente\/sciences-et-technologies-dans-les-reformes-des-systemes-educatifs-quelles-innovations-pour-demain\/"]}]},{"@type":"ImageObject","inLanguage":"fr-FR","@id":"https:\/\/www.beitalhikma.tn\/fr\/publication\/acces-boutique\/livres-en-vente\/sciences-et-technologies-dans-les-reformes-des-systemes-educatifs-quelles-innovations-pour-demain\/#primaryimage","url":"https:\/\/www.beitalhikma.tn\/wp-content\/uploads\/2016\/08\/sans-titre4.png","contentUrl":"https:\/\/www.beitalhikma.tn\/wp-content\/uploads\/2016\/08\/sans-titre4.png","width":530,"height":779},{"@type":"BreadcrumbList","@id":"https:\/\/www.beitalhikma.tn\/fr\/publication\/acces-boutique\/livres-en-vente\/sciences-et-technologies-dans-les-reformes-des-systemes-educatifs-quelles-innovations-pour-demain\/#breadcrumb","itemListElement":[{"@type":"ListItem","position":1,"name":"Accueil","item":"https:\/\/www.beitalhikma.tn\/fr\/"},{"@type":"ListItem","position":2,"name":"Boutique","item":"https:\/\/www.beitalhikma.tn\/fr\/boutique\/"},{"@type":"ListItem","position":3,"name":"Sciences et technologies dans les r\u00e9formes des syst\u00e8mes \u00e9ducatifs : Quelles innovations pour demain ?"}]},{"@type":"WebSite","@id":"https:\/\/www.beitalhikma.tn\/#website","url":"https:\/\/www.beitalhikma.tn\/","name":"Beit al-Hikma","description":"L&#039;Acad\u00e9mie Tunisienne des Sciences, des Lettres  et des Arts","publisher":{"@id":"https:\/\/www.beitalhikma.tn\/#organization"},"potentialAction":[{"@type":"SearchAction","target":{"@type":"EntryPoint","urlTemplate":"https:\/\/www.beitalhikma.tn\/?s={search_term_string}"},"query-input":{"@type":"PropertyValueSpecification","valueRequired":true,"valueName":"search_term_string"}}],"inLanguage":"fr-FR"},{"@type":"Organization","@id":"https:\/\/www.beitalhikma.tn\/#organization","name":"Beit Al Hikma","url":"https:\/\/www.beitalhikma.tn\/","logo":{"@type":"ImageObject","inLanguage":"fr-FR","@id":"https:\/\/www.beitalhikma.tn\/#\/schema\/logo\/image\/","url":"https:\/\/www.beitalhikma.tn\/wp-content\/uploads\/2014\/11\/logo.png","contentUrl":"https:\/\/www.beitalhikma.tn\/wp-content\/uploads\/2014\/11\/logo.png","width":288,"height":109,"caption":"Beit Al Hikma"},"image":{"@id":"https:\/\/www.beitalhikma.tn\/#\/schema\/logo\/image\/"},"sameAs":["https:\/\/www.facebook.com\/BeitalhikmaTunisie\/","https:\/\/x.com\/Beit_alhikma_TN","https:\/\/www.youtube.com\/channel\/UCl8EfDXqt5MFfcEY0UYhevg"]}]}},"uagb_featured_image_src":{"full":["https:\/\/www.beitalhikma.tn\/wp-content\/uploads\/2016\/08\/sans-titre4.png",530,779,false],"thumbnail":["https:\/\/www.beitalhikma.tn\/wp-content\/uploads\/2016\/08\/sans-titre4-250x300.png",250,300,true],"medium":["https:\/\/www.beitalhikma.tn\/wp-content\/uploads\/2016\/08\/sans-titre4-204x300.png",204,300,true],"medium_large":["https:\/\/www.beitalhikma.tn\/wp-content\/uploads\/2016\/08\/sans-titre4.png",530,779,false],"large":["https:\/\/www.beitalhikma.tn\/wp-content\/uploads\/2016\/08\/sans-titre4.png",530,779,false],"thumblist":["https:\/\/www.beitalhikma.tn\/wp-content\/uploads\/2016\/08\/sans-titre4.png",204,300,false],"meccarouselthumb":["https:\/\/www.beitalhikma.tn\/wp-content\/uploads\/2016\/08\/sans-titre4.png",220,324,false],"gridsquare":["https:\/\/www.beitalhikma.tn\/wp-content\/uploads\/2016\/08\/sans-titre4.png",177,260,false],"tileview":["https:\/\/www.beitalhikma.tn\/wp-content\/uploads\/2016\/08\/sans-titre4.png",272,400,false],"1536x1536":["https:\/\/www.beitalhikma.tn\/wp-content\/uploads\/2016\/08\/sans-titre4.png",530,779,false],"2048x2048":["https:\/\/www.beitalhikma.tn\/wp-content\/uploads\/2016\/08\/sans-titre4.png",530,779,false],"post-thumbnail":["https:\/\/www.beitalhikma.tn\/wp-content\/uploads\/2016\/08\/sans-titre4-99x146.png",99,146,true],"50x50":["https:\/\/www.beitalhikma.tn\/wp-content\/uploads\/2016\/08\/sans-titre4-34x50.png",34,50,true],"portfolio-list":["https:\/\/www.beitalhikma.tn\/wp-content\/uploads\/2016\/08\/sans-titre4-530x400.png",530,400,true],"portfolio-fs":["https:\/\/www.beitalhikma.tn\/wp-content\/uploads\/2016\/08\/sans-titre4-530x543.png",530,543,true],"portfolio-slider":["https:\/\/www.beitalhikma.tn\/wp-content\/uploads\/2016\/08\/sans-titre4-380x380.png",380,380,true],"blog":["https:\/\/www.beitalhikma.tn\/wp-content\/uploads\/2016\/08\/sans-titre4-530x341.png",530,341,true],"blog-single":["https:\/\/www.beitalhikma.tn\/wp-content\/uploads\/2016\/08\/sans-titre4-530x445.png",530,445,true],"blog-item":["https:\/\/www.beitalhikma.tn\/wp-content\/uploads\/2016\/08\/sans-titre4-504x224.png",504,224,true],"blog-widget":["https:\/\/www.beitalhikma.tn\/wp-content\/uploads\/2016\/08\/sans-titre4-80x60.png",80,60,true],"features":["https:\/\/www.beitalhikma.tn\/wp-content\/uploads\/2016\/08\/sans-titre4-90x90.png",90,90,true],"clients-slider":["https:\/\/www.beitalhikma.tn\/wp-content\/uploads\/2016\/08\/sans-titre4-54x80.png",54,80,true],"offer-slider":["https:\/\/www.beitalhikma.tn\/wp-content\/uploads\/2016\/08\/sans-titre4-530x438.png",530,438,true],"offer-slider-pg":["https:\/\/www.beitalhikma.tn\/wp-content\/uploads\/2016\/08\/sans-titre4-42x42.png",42,42,true],"woocommerce_thumbnail":["https:\/\/www.beitalhikma.tn\/wp-content\/uploads\/2016\/08\/sans-titre4-250x300.png",250,300,true],"woocommerce_single":["https:\/\/www.beitalhikma.tn\/wp-content\/uploads\/2016\/08\/sans-titre4-250x367.png",250,367,true],"woocommerce_gallery_thumbnail":["https:\/\/www.beitalhikma.tn\/wp-content\/uploads\/2016\/08\/sans-titre4-100x100.png",100,100,true]},"uagb_author_info":{"display_name":"admin","author_link":"https:\/\/www.beitalhikma.tn\/fr\/author\/"},"uagb_comment_info":0,"uagb_excerpt":"Titre de l\u2019ouvrage : Sciences et technologies dans les r\u00e9formes des syst\u00e8mes \u00e9ducatifs : Quelles innovations pour demain? Actes du WebARP organis\u00e9 par l'Acad\u00e9mie tunisienne Be\u00eft al-Hikma du 7 au 21 octobre 2014 Auteur : ouvrage collectif sous la direction du professeur Souad Kamoun-Chouk Langue : fran\u00e7ais Date de parution : 2015 Format : 16x24\u2026","_links":{"self":[{"href":"https:\/\/www.beitalhikma.tn\/fr\/wp-json\/wp\/v2\/product\/6780","targetHints":{"allow":["GET"]}}],"collection":[{"href":"https:\/\/www.beitalhikma.tn\/fr\/wp-json\/wp\/v2\/product"}],"about":[{"href":"https:\/\/www.beitalhikma.tn\/fr\/wp-json\/wp\/v2\/types\/product"}],"wp:featuredmedia":[{"embeddable":true,"href":"https:\/\/www.beitalhikma.tn\/fr\/wp-json\/wp\/v2\/media\/6784"}],"wp:attachment":[{"href":"https:\/\/www.beitalhikma.tn\/fr\/wp-json\/wp\/v2\/media?parent=6780"}],"wp:term":[{"taxonomy":"product_brand","embeddable":true,"href":"https:\/\/www.beitalhikma.tn\/fr\/wp-json\/wp\/v2\/product_brand?post=6780"},{"taxonomy":"product_cat","embeddable":true,"href":"https:\/\/www.beitalhikma.tn\/fr\/wp-json\/wp\/v2\/product_cat?post=6780"},{"taxonomy":"product_tag","embeddable":true,"href":"https:\/\/www.beitalhikma.tn\/fr\/wp-json\/wp\/v2\/product_tag?post=6780"}],"curies":[{"name":"wp","href":"https:\/\/api.w.org\/{rel}","templated":true}]}}