{"id":6799,"date":"2016-08-25T11:30:16","date_gmt":"2016-08-25T10:30:16","guid":{"rendered":"http:\/\/www.beitalhikma.tn\/?post_type=product&#038;p=6799"},"modified":"2022-09-06T11:09:51","modified_gmt":"2022-09-06T10:09:51","slug":"letude-comparee-et-le-dialogue-des-litteratures","status":"publish","type":"product","link":"https:\/\/www.beitalhikma.tn\/fr\/publication\/acces-boutique\/livres-en-vente\/letude-comparee-et-le-dialogue-des-litteratures\/","title":{"rendered":"L\u2019\u00e9tude compar\u00e9e et le dialogue des litt\u00e9ratures"},"content":{"rendered":"<p><a href=\"http:\/\/www.beitalhikma.tn\/wp-content\/uploads\/2016\/08\/pf7.png\"><img loading=\"lazy\" decoding=\"async\" class=\"aligncenter size-full wp-image-6800\" src=\"http:\/\/www.beitalhikma.tn\/wp-content\/uploads\/2016\/08\/pf7.png\" alt=\"pf\" width=\"715\" height=\"538\" srcset=\"https:\/\/www.beitalhikma.tn\/wp-content\/uploads\/2016\/08\/pf7.png 715w, https:\/\/www.beitalhikma.tn\/wp-content\/uploads\/2016\/08\/pf7-250x188.png 250w, https:\/\/www.beitalhikma.tn\/wp-content\/uploads\/2016\/08\/pf7-300x226.png 300w, https:\/\/www.beitalhikma.tn\/wp-content\/uploads\/2016\/08\/pf7-194x146.png 194w, https:\/\/www.beitalhikma.tn\/wp-content\/uploads\/2016\/08\/pf7-50x38.png 50w, https:\/\/www.beitalhikma.tn\/wp-content\/uploads\/2016\/08\/pf7-80x60.png 80w, https:\/\/www.beitalhikma.tn\/wp-content\/uploads\/2016\/08\/pf7-106x80.png 106w\" sizes=\"auto, (max-width: 715px) 100vw, 715px\" \/><\/a><\/p>\n","protected":false},"excerpt":{"rendered":"<ul>\n<li><strong>Titre de l\u2019ouvrage :<\/strong> L&#8217;\u00e9tude compar\u00e9e et le dialogue des litt\u00e9ratures<\/li>\n<li>Actes du colloque international organis\u00e9 par l&#8217;Acad\u00e9mie tunisienne Be\u00eft al-Hikma, en collaboration avec la soci\u00e9t\u00e9 tunisienne de litt\u00e9rature compar\u00e9e &#8220;Sotlic&#8221;, du 28 au 30 avril 2014<br \/>\n<strong>Auteur :<\/strong> ouvrage collectif sous la direction du professeur Mahmoud Tarchouna<br \/>\n<strong>Langues :<\/strong> fran\u00e7ais &#8211; anglais &#8211; italien<\/li>\n<li><strong>Date de parution :<\/strong> 2015<\/li>\n<li><strong>Format :<\/strong> 16&#215;24<\/li>\n<li><strong>ISBN :<\/strong> 9789973491602<\/li>\n<li><strong>Nombre de pages :<\/strong> 342<br \/>\n<strong>Th\u00e8me :<\/strong> litt\u00e9rature<\/li>\n<li><strong>Poids :<\/strong> 600 gr<br \/>\n<b>Situation :\u00a0<\/b>disponible<\/li>\n<\/ul>\n<p>&nbsp;<\/p>\n","protected":false},"featured_media":6797,"template":"","meta":{"_uag_custom_page_level_css":""},"product_brand":[],"product_cat":[11],"product_tag":[],"class_list":{"0":"post-6799","1":"product","2":"type-product","3":"status-publish","4":"has-post-thumbnail","6":"product_cat-livres-en-vente","8":"first","9":"instock","10":"sale","11":"shipping-taxable","12":"purchasable","13":"product-type-simple"},"yoast_head":"<!-- This site is optimized with the Yoast SEO plugin v27.4 - https:\/\/yoast.com\/product\/yoast-seo-wordpress\/ -->\n<title>L\u2019\u00e9tude compar\u00e9e et le dialogue des litt\u00e9ratures - Beit al-Hikma<\/title>\n<meta name=\"robots\" content=\"index, follow, max-snippet:-1, max-image-preview:large, max-video-preview:-1\" \/>\n<link rel=\"canonical\" href=\"https:\/\/www.beitalhikma.tn\/fr\/publication\/acces-boutique\/livres-en-vente\/letude-comparee-et-le-dialogue-des-litteratures\/\" \/>\n<meta property=\"og:locale\" content=\"fr_FR\" \/>\n<meta property=\"og:type\" content=\"article\" \/>\n<meta property=\"og:title\" content=\"L\u2019\u00e9tude compar\u00e9e et le dialogue des litt\u00e9ratures - Beit al-Hikma\" \/>\n<meta property=\"og:description\" content=\"Titre de l\u2019ouvrage : L&#039;\u00e9tude compar\u00e9e et le dialogue des litt\u00e9ratures  Actes du colloque international organis\u00e9 par l&#039;Acad\u00e9mie tunisienne Be\u00eft al-Hikma, en collaboration avec la soci\u00e9t\u00e9 tunisienne de litt\u00e9rature compar\u00e9e &quot;Sotlic&quot;, du 28 au 30 avril 2014 Auteur : ouvrage collectif sous la direction du professeur Mahmoud Tarchouna Langues : fran\u00e7ais - anglais - italien  Date de parution : 2015  Format : 16x24  ISBN : 9789973491602  Nombre de pages : 342 Th\u00e8me : litt\u00e9rature  Poids : 600 gr Situation :\u00a0disponible  &nbsp;\" \/>\n<meta property=\"og:url\" content=\"https:\/\/www.beitalhikma.tn\/fr\/publication\/acces-boutique\/livres-en-vente\/letude-comparee-et-le-dialogue-des-litteratures\/\" \/>\n<meta property=\"og:site_name\" content=\"Beit al-Hikma\" \/>\n<meta property=\"article:publisher\" content=\"https:\/\/www.facebook.com\/BeitalhikmaTunisie\/\" \/>\n<meta property=\"article:modified_time\" content=\"2022-09-06T10:09:51+00:00\" \/>\n<meta property=\"og:image\" content=\"https:\/\/www.beitalhikma.tn\/wp-content\/uploads\/2016\/08\/sans-titre5.png\" \/>\n\t<meta property=\"og:image:width\" content=\"509\" \/>\n\t<meta property=\"og:image:height\" content=\"792\" \/>\n\t<meta property=\"og:image:type\" content=\"image\/png\" \/>\n<meta name=\"twitter:card\" content=\"summary_large_image\" \/>\n<meta name=\"twitter:site\" content=\"@Beit_alhikma_TN\" \/>\n<script type=\"application\/ld+json\" class=\"yoast-schema-graph\">{\"@context\":\"https:\\\/\\\/schema.org\",\"@graph\":[{\"@type\":\"WebPage\",\"@id\":\"https:\\\/\\\/www.beitalhikma.tn\\\/fr\\\/publication\\\/acces-boutique\\\/livres-en-vente\\\/letude-comparee-et-le-dialogue-des-litteratures\\\/\",\"url\":\"https:\\\/\\\/www.beitalhikma.tn\\\/fr\\\/publication\\\/acces-boutique\\\/livres-en-vente\\\/letude-comparee-et-le-dialogue-des-litteratures\\\/\",\"name\":\"L\u2019\u00e9tude compar\u00e9e et le dialogue des litt\u00e9ratures - Beit al-Hikma\",\"isPartOf\":{\"@id\":\"https:\\\/\\\/www.beitalhikma.tn\\\/#website\"},\"primaryImageOfPage\":{\"@id\":\"https:\\\/\\\/www.beitalhikma.tn\\\/fr\\\/publication\\\/acces-boutique\\\/livres-en-vente\\\/letude-comparee-et-le-dialogue-des-litteratures\\\/#primaryimage\"},\"image\":{\"@id\":\"https:\\\/\\\/www.beitalhikma.tn\\\/fr\\\/publication\\\/acces-boutique\\\/livres-en-vente\\\/letude-comparee-et-le-dialogue-des-litteratures\\\/#primaryimage\"},\"thumbnailUrl\":\"https:\\\/\\\/www.beitalhikma.tn\\\/wp-content\\\/uploads\\\/2016\\\/08\\\/sans-titre5.png\",\"datePublished\":\"2016-08-25T10:30:16+00:00\",\"dateModified\":\"2022-09-06T10:09:51+00:00\",\"breadcrumb\":{\"@id\":\"https:\\\/\\\/www.beitalhikma.tn\\\/fr\\\/publication\\\/acces-boutique\\\/livres-en-vente\\\/letude-comparee-et-le-dialogue-des-litteratures\\\/#breadcrumb\"},\"inLanguage\":\"fr-FR\",\"potentialAction\":[{\"@type\":\"ReadAction\",\"target\":[\"https:\\\/\\\/www.beitalhikma.tn\\\/fr\\\/publication\\\/acces-boutique\\\/livres-en-vente\\\/letude-comparee-et-le-dialogue-des-litteratures\\\/\"]}]},{\"@type\":\"ImageObject\",\"inLanguage\":\"fr-FR\",\"@id\":\"https:\\\/\\\/www.beitalhikma.tn\\\/fr\\\/publication\\\/acces-boutique\\\/livres-en-vente\\\/letude-comparee-et-le-dialogue-des-litteratures\\\/#primaryimage\",\"url\":\"https:\\\/\\\/www.beitalhikma.tn\\\/wp-content\\\/uploads\\\/2016\\\/08\\\/sans-titre5.png\",\"contentUrl\":\"https:\\\/\\\/www.beitalhikma.tn\\\/wp-content\\\/uploads\\\/2016\\\/08\\\/sans-titre5.png\",\"width\":509,\"height\":792},{\"@type\":\"BreadcrumbList\",\"@id\":\"https:\\\/\\\/www.beitalhikma.tn\\\/fr\\\/publication\\\/acces-boutique\\\/livres-en-vente\\\/letude-comparee-et-le-dialogue-des-litteratures\\\/#breadcrumb\",\"itemListElement\":[{\"@type\":\"ListItem\",\"position\":1,\"name\":\"Accueil\",\"item\":\"https:\\\/\\\/www.beitalhikma.tn\\\/fr\\\/\"},{\"@type\":\"ListItem\",\"position\":2,\"name\":\"Boutique\",\"item\":\"https:\\\/\\\/www.beitalhikma.tn\\\/fr\\\/boutique\\\/\"},{\"@type\":\"ListItem\",\"position\":3,\"name\":\"L\u2019\u00e9tude compar\u00e9e et le dialogue des litt\u00e9ratures\"}]},{\"@type\":\"WebSite\",\"@id\":\"https:\\\/\\\/www.beitalhikma.tn\\\/#website\",\"url\":\"https:\\\/\\\/www.beitalhikma.tn\\\/\",\"name\":\"Beit al-Hikma\",\"description\":\"L&#039;Acad\u00e9mie Tunisienne des Sciences, des Lettres  et des Arts\",\"publisher\":{\"@id\":\"https:\\\/\\\/www.beitalhikma.tn\\\/#organization\"},\"potentialAction\":[{\"@type\":\"SearchAction\",\"target\":{\"@type\":\"EntryPoint\",\"urlTemplate\":\"https:\\\/\\\/www.beitalhikma.tn\\\/?s={search_term_string}\"},\"query-input\":{\"@type\":\"PropertyValueSpecification\",\"valueRequired\":true,\"valueName\":\"search_term_string\"}}],\"inLanguage\":\"fr-FR\"},{\"@type\":\"Organization\",\"@id\":\"https:\\\/\\\/www.beitalhikma.tn\\\/#organization\",\"name\":\"Beit Al Hikma\",\"url\":\"https:\\\/\\\/www.beitalhikma.tn\\\/\",\"logo\":{\"@type\":\"ImageObject\",\"inLanguage\":\"fr-FR\",\"@id\":\"https:\\\/\\\/www.beitalhikma.tn\\\/#\\\/schema\\\/logo\\\/image\\\/\",\"url\":\"https:\\\/\\\/www.beitalhikma.tn\\\/wp-content\\\/uploads\\\/2014\\\/11\\\/logo.png\",\"contentUrl\":\"https:\\\/\\\/www.beitalhikma.tn\\\/wp-content\\\/uploads\\\/2014\\\/11\\\/logo.png\",\"width\":288,\"height\":109,\"caption\":\"Beit Al Hikma\"},\"image\":{\"@id\":\"https:\\\/\\\/www.beitalhikma.tn\\\/#\\\/schema\\\/logo\\\/image\\\/\"},\"sameAs\":[\"https:\\\/\\\/www.facebook.com\\\/BeitalhikmaTunisie\\\/\",\"https:\\\/\\\/x.com\\\/Beit_alhikma_TN\",\"https:\\\/\\\/www.youtube.com\\\/channel\\\/UCl8EfDXqt5MFfcEY0UYhevg\"]}]}<\/script>\n<!-- \/ Yoast SEO plugin. -->","yoast_head_json":{"title":"L\u2019\u00e9tude compar\u00e9e et le dialogue des litt\u00e9ratures - Beit al-Hikma","robots":{"index":"index","follow":"follow","max-snippet":"max-snippet:-1","max-image-preview":"max-image-preview:large","max-video-preview":"max-video-preview:-1"},"canonical":"https:\/\/www.beitalhikma.tn\/fr\/publication\/acces-boutique\/livres-en-vente\/letude-comparee-et-le-dialogue-des-litteratures\/","og_locale":"fr_FR","og_type":"article","og_title":"L\u2019\u00e9tude compar\u00e9e et le dialogue des litt\u00e9ratures - Beit al-Hikma","og_description":"Titre de l\u2019ouvrage : L'\u00e9tude compar\u00e9e et le dialogue des litt\u00e9ratures  Actes du colloque international organis\u00e9 par l'Acad\u00e9mie tunisienne Be\u00eft al-Hikma, en collaboration avec la soci\u00e9t\u00e9 tunisienne de litt\u00e9rature compar\u00e9e \"Sotlic\", du 28 au 30 avril 2014 Auteur : ouvrage collectif sous la direction du professeur Mahmoud Tarchouna Langues : fran\u00e7ais - anglais - italien  Date de parution : 2015  Format : 16x24  ISBN : 9789973491602  Nombre de pages : 342 Th\u00e8me : litt\u00e9rature  Poids : 600 gr Situation :\u00a0disponible  &nbsp;","og_url":"https:\/\/www.beitalhikma.tn\/fr\/publication\/acces-boutique\/livres-en-vente\/letude-comparee-et-le-dialogue-des-litteratures\/","og_site_name":"Beit al-Hikma","article_publisher":"https:\/\/www.facebook.com\/BeitalhikmaTunisie\/","article_modified_time":"2022-09-06T10:09:51+00:00","og_image":[{"width":509,"height":792,"url":"https:\/\/www.beitalhikma.tn\/wp-content\/uploads\/2016\/08\/sans-titre5.png","type":"image\/png"}],"twitter_card":"summary_large_image","twitter_site":"@Beit_alhikma_TN","schema":{"@context":"https:\/\/schema.org","@graph":[{"@type":"WebPage","@id":"https:\/\/www.beitalhikma.tn\/fr\/publication\/acces-boutique\/livres-en-vente\/letude-comparee-et-le-dialogue-des-litteratures\/","url":"https:\/\/www.beitalhikma.tn\/fr\/publication\/acces-boutique\/livres-en-vente\/letude-comparee-et-le-dialogue-des-litteratures\/","name":"L\u2019\u00e9tude compar\u00e9e et le dialogue des litt\u00e9ratures - Beit al-Hikma","isPartOf":{"@id":"https:\/\/www.beitalhikma.tn\/#website"},"primaryImageOfPage":{"@id":"https:\/\/www.beitalhikma.tn\/fr\/publication\/acces-boutique\/livres-en-vente\/letude-comparee-et-le-dialogue-des-litteratures\/#primaryimage"},"image":{"@id":"https:\/\/www.beitalhikma.tn\/fr\/publication\/acces-boutique\/livres-en-vente\/letude-comparee-et-le-dialogue-des-litteratures\/#primaryimage"},"thumbnailUrl":"https:\/\/www.beitalhikma.tn\/wp-content\/uploads\/2016\/08\/sans-titre5.png","datePublished":"2016-08-25T10:30:16+00:00","dateModified":"2022-09-06T10:09:51+00:00","breadcrumb":{"@id":"https:\/\/www.beitalhikma.tn\/fr\/publication\/acces-boutique\/livres-en-vente\/letude-comparee-et-le-dialogue-des-litteratures\/#breadcrumb"},"inLanguage":"fr-FR","potentialAction":[{"@type":"ReadAction","target":["https:\/\/www.beitalhikma.tn\/fr\/publication\/acces-boutique\/livres-en-vente\/letude-comparee-et-le-dialogue-des-litteratures\/"]}]},{"@type":"ImageObject","inLanguage":"fr-FR","@id":"https:\/\/www.beitalhikma.tn\/fr\/publication\/acces-boutique\/livres-en-vente\/letude-comparee-et-le-dialogue-des-litteratures\/#primaryimage","url":"https:\/\/www.beitalhikma.tn\/wp-content\/uploads\/2016\/08\/sans-titre5.png","contentUrl":"https:\/\/www.beitalhikma.tn\/wp-content\/uploads\/2016\/08\/sans-titre5.png","width":509,"height":792},{"@type":"BreadcrumbList","@id":"https:\/\/www.beitalhikma.tn\/fr\/publication\/acces-boutique\/livres-en-vente\/letude-comparee-et-le-dialogue-des-litteratures\/#breadcrumb","itemListElement":[{"@type":"ListItem","position":1,"name":"Accueil","item":"https:\/\/www.beitalhikma.tn\/fr\/"},{"@type":"ListItem","position":2,"name":"Boutique","item":"https:\/\/www.beitalhikma.tn\/fr\/boutique\/"},{"@type":"ListItem","position":3,"name":"L\u2019\u00e9tude compar\u00e9e et le dialogue des litt\u00e9ratures"}]},{"@type":"WebSite","@id":"https:\/\/www.beitalhikma.tn\/#website","url":"https:\/\/www.beitalhikma.tn\/","name":"Beit al-Hikma","description":"L&#039;Acad\u00e9mie Tunisienne des Sciences, des Lettres  et des Arts","publisher":{"@id":"https:\/\/www.beitalhikma.tn\/#organization"},"potentialAction":[{"@type":"SearchAction","target":{"@type":"EntryPoint","urlTemplate":"https:\/\/www.beitalhikma.tn\/?s={search_term_string}"},"query-input":{"@type":"PropertyValueSpecification","valueRequired":true,"valueName":"search_term_string"}}],"inLanguage":"fr-FR"},{"@type":"Organization","@id":"https:\/\/www.beitalhikma.tn\/#organization","name":"Beit Al Hikma","url":"https:\/\/www.beitalhikma.tn\/","logo":{"@type":"ImageObject","inLanguage":"fr-FR","@id":"https:\/\/www.beitalhikma.tn\/#\/schema\/logo\/image\/","url":"https:\/\/www.beitalhikma.tn\/wp-content\/uploads\/2014\/11\/logo.png","contentUrl":"https:\/\/www.beitalhikma.tn\/wp-content\/uploads\/2014\/11\/logo.png","width":288,"height":109,"caption":"Beit Al Hikma"},"image":{"@id":"https:\/\/www.beitalhikma.tn\/#\/schema\/logo\/image\/"},"sameAs":["https:\/\/www.facebook.com\/BeitalhikmaTunisie\/","https:\/\/x.com\/Beit_alhikma_TN","https:\/\/www.youtube.com\/channel\/UCl8EfDXqt5MFfcEY0UYhevg"]}]}},"uagb_featured_image_src":{"full":["https:\/\/www.beitalhikma.tn\/wp-content\/uploads\/2016\/08\/sans-titre5.png",509,792,false],"thumbnail":["https:\/\/www.beitalhikma.tn\/wp-content\/uploads\/2016\/08\/sans-titre5-250x300.png",250,300,true],"medium":["https:\/\/www.beitalhikma.tn\/wp-content\/uploads\/2016\/08\/sans-titre5-193x300.png",193,300,true],"medium_large":["https:\/\/www.beitalhikma.tn\/wp-content\/uploads\/2016\/08\/sans-titre5.png",509,792,false],"large":["https:\/\/www.beitalhikma.tn\/wp-content\/uploads\/2016\/08\/sans-titre5.png",509,792,false],"thumblist":["https:\/\/www.beitalhikma.tn\/wp-content\/uploads\/2016\/08\/sans-titre5.png",193,300,false],"meccarouselthumb":["https:\/\/www.beitalhikma.tn\/wp-content\/uploads\/2016\/08\/sans-titre5.png",208,324,false],"gridsquare":["https:\/\/www.beitalhikma.tn\/wp-content\/uploads\/2016\/08\/sans-titre5.png",167,260,false],"tileview":["https:\/\/www.beitalhikma.tn\/wp-content\/uploads\/2016\/08\/sans-titre5.png",257,400,false],"1536x1536":["https:\/\/www.beitalhikma.tn\/wp-content\/uploads\/2016\/08\/sans-titre5.png",509,792,false],"2048x2048":["https:\/\/www.beitalhikma.tn\/wp-content\/uploads\/2016\/08\/sans-titre5.png",509,792,false],"post-thumbnail":["https:\/\/www.beitalhikma.tn\/wp-content\/uploads\/2016\/08\/sans-titre5-94x146.png",94,146,true],"50x50":["https:\/\/www.beitalhikma.tn\/wp-content\/uploads\/2016\/08\/sans-titre5-32x50.png",32,50,true],"portfolio-list":["https:\/\/www.beitalhikma.tn\/wp-content\/uploads\/2016\/08\/sans-titre5-509x400.png",509,400,true],"portfolio-fs":["https:\/\/www.beitalhikma.tn\/wp-content\/uploads\/2016\/08\/sans-titre5-509x543.png",509,543,true],"portfolio-slider":["https:\/\/www.beitalhikma.tn\/wp-content\/uploads\/2016\/08\/sans-titre5-380x380.png",380,380,true],"blog":["https:\/\/www.beitalhikma.tn\/wp-content\/uploads\/2016\/08\/sans-titre5-509x341.png",509,341,true],"blog-single":["https:\/\/www.beitalhikma.tn\/wp-content\/uploads\/2016\/08\/sans-titre5-509x445.png",509,445,true],"blog-item":["https:\/\/www.beitalhikma.tn\/wp-content\/uploads\/2016\/08\/sans-titre5-504x224.png",504,224,true],"blog-widget":["https:\/\/www.beitalhikma.tn\/wp-content\/uploads\/2016\/08\/sans-titre5-80x60.png",80,60,true],"features":["https:\/\/www.beitalhikma.tn\/wp-content\/uploads\/2016\/08\/sans-titre5-90x90.png",90,90,true],"clients-slider":["https:\/\/www.beitalhikma.tn\/wp-content\/uploads\/2016\/08\/sans-titre5-51x80.png",51,80,true],"offer-slider":["https:\/\/www.beitalhikma.tn\/wp-content\/uploads\/2016\/08\/sans-titre5-509x438.png",509,438,true],"offer-slider-pg":["https:\/\/www.beitalhikma.tn\/wp-content\/uploads\/2016\/08\/sans-titre5-42x42.png",42,42,true],"woocommerce_thumbnail":["https:\/\/www.beitalhikma.tn\/wp-content\/uploads\/2016\/08\/sans-titre5-250x300.png",250,300,true],"woocommerce_single":["https:\/\/www.beitalhikma.tn\/wp-content\/uploads\/2016\/08\/sans-titre5-250x389.png",250,389,true],"woocommerce_gallery_thumbnail":["https:\/\/www.beitalhikma.tn\/wp-content\/uploads\/2016\/08\/sans-titre5-100x100.png",100,100,true]},"uagb_author_info":{"display_name":"admin","author_link":"https:\/\/www.beitalhikma.tn\/fr\/author\/"},"uagb_comment_info":0,"uagb_excerpt":"Titre de l\u2019ouvrage : L'\u00e9tude compar\u00e9e et le dialogue des litt\u00e9ratures Actes du colloque international organis\u00e9 par l'Acad\u00e9mie tunisienne Be\u00eft al-Hikma, en collaboration avec la soci\u00e9t\u00e9 tunisienne de litt\u00e9rature compar\u00e9e \"Sotlic\", du 28 au 30 avril 2014 Auteur : ouvrage collectif sous la direction du professeur Mahmoud Tarchouna Langues : fran\u00e7ais - anglais - italien\u2026","_links":{"self":[{"href":"https:\/\/www.beitalhikma.tn\/fr\/wp-json\/wp\/v2\/product\/6799","targetHints":{"allow":["GET"]}}],"collection":[{"href":"https:\/\/www.beitalhikma.tn\/fr\/wp-json\/wp\/v2\/product"}],"about":[{"href":"https:\/\/www.beitalhikma.tn\/fr\/wp-json\/wp\/v2\/types\/product"}],"wp:featuredmedia":[{"embeddable":true,"href":"https:\/\/www.beitalhikma.tn\/fr\/wp-json\/wp\/v2\/media\/6797"}],"wp:attachment":[{"href":"https:\/\/www.beitalhikma.tn\/fr\/wp-json\/wp\/v2\/media?parent=6799"}],"wp:term":[{"taxonomy":"product_brand","embeddable":true,"href":"https:\/\/www.beitalhikma.tn\/fr\/wp-json\/wp\/v2\/product_brand?post=6799"},{"taxonomy":"product_cat","embeddable":true,"href":"https:\/\/www.beitalhikma.tn\/fr\/wp-json\/wp\/v2\/product_cat?post=6799"},{"taxonomy":"product_tag","embeddable":true,"href":"https:\/\/www.beitalhikma.tn\/fr\/wp-json\/wp\/v2\/product_tag?post=6799"}],"curies":[{"name":"wp","href":"https:\/\/api.w.org\/{rel}","templated":true}]}}