{"id":755,"date":"2015-02-03T16:19:25","date_gmt":"2015-02-03T15:19:25","guid":{"rendered":"http:\/\/www.beitalhikma.tn\/?post_type=product&#038;p=755"},"modified":"2022-08-04T18:07:36","modified_gmt":"2022-08-04T17:07:36","slug":"commentaire-des-hadiths-du-prophete-rapportes-par-muslim-3-volumes","status":"publish","type":"product","link":"https:\/\/www.beitalhikma.tn\/fr\/publication\/acces-boutique\/livres-epuises\/commentaire-des-hadiths-du-prophete-rapportes-par-muslim-3-volumes\/","title":{"rendered":"Commentaire des hadiths du Proph\u00e8te rapport\u00e9s par Muslim (3 volumes)"},"content":{"rendered":"<p><a href=\"http:\/\/www.beitalhikma.tn\/wp-content\/uploads\/2015\/02\/pf54.png\"><img loading=\"lazy\" decoding=\"async\" class=\"aligncenter size-full wp-image-7204\" src=\"http:\/\/www.beitalhikma.tn\/wp-content\/uploads\/2015\/02\/pf54.png\" alt=\"pf\" width=\"735\" height=\"532\" srcset=\"https:\/\/www.beitalhikma.tn\/wp-content\/uploads\/2015\/02\/pf54.png 735w, https:\/\/www.beitalhikma.tn\/wp-content\/uploads\/2015\/02\/pf54-250x181.png 250w, https:\/\/www.beitalhikma.tn\/wp-content\/uploads\/2015\/02\/pf54-300x217.png 300w, https:\/\/www.beitalhikma.tn\/wp-content\/uploads\/2015\/02\/pf54-202x146.png 202w, https:\/\/www.beitalhikma.tn\/wp-content\/uploads\/2015\/02\/pf54-50x36.png 50w, https:\/\/www.beitalhikma.tn\/wp-content\/uploads\/2015\/02\/pf54-111x80.png 111w\" sizes=\"auto, (max-width: 735px) 100vw, 735px\" \/><\/a><\/p>\n","protected":false},"excerpt":{"rendered":"<ul>\n<li><strong>Titre de l\u2019ouvrage :<\/strong> Commentaire des hadiths du Proph\u00e8te rapport\u00e9s par Muslim (3 volumes)<br \/>\n<strong>Auteur :<\/strong> L&#8217;Imam Al-Maziri<br \/>\n<strong>Texte \u00e9tabli par :<\/strong> Mohamed Ch\u00e9dli Enne\u00effar<\/li>\n<li><strong>Langue :<\/strong>\u00a0arabe<\/li>\n<li><strong>Date de parution :<\/strong> 1988 \/ 1991<\/li>\n<li><strong>Format :<\/strong> 16&#215;24<\/li>\n<li><strong>ISBN :<\/strong> 978997312040x \/ 9789973911075 \/ 978997391158x<\/li>\n<li><strong>Nombre de pages :<\/strong> T 1 : 591, T 2 : 531, T 3 : 597<br \/>\n<strong>Th\u00e8me :<\/strong> Religion musulmane<\/li>\n<li><strong>Poids :<\/strong> 2400 gr<br \/>\n<b>Situation :\u00a0<\/b>\u00e9puis\u00e9<\/li>\n<li><\/li>\n<\/ul>\n","protected":false},"featured_media":756,"template":"","meta":{"_uag_custom_page_level_css":""},"product_brand":[],"product_cat":[50],"product_tag":[],"class_list":{"0":"post-755","1":"product","2":"type-product","3":"status-publish","4":"has-post-thumbnail","6":"product_cat-livres-epuises","8":"first","9":"outofstock","10":"sale","11":"shipping-taxable","12":"purchasable","13":"product-type-simple"},"yoast_head":"<!-- This site is optimized with the Yoast SEO plugin v27.5 - https:\/\/yoast.com\/product\/yoast-seo-wordpress\/ -->\n<title>Commentaire des hadiths du Proph\u00e8te rapport\u00e9s par Muslim (3 volumes) - Beit al-Hikma<\/title>\n<meta name=\"robots\" content=\"index, follow, max-snippet:-1, max-image-preview:large, max-video-preview:-1\" \/>\n<link rel=\"canonical\" href=\"https:\/\/www.beitalhikma.tn\/fr\/publication\/acces-boutique\/livres-epuises\/commentaire-des-hadiths-du-prophete-rapportes-par-muslim-3-volumes\/\" \/>\n<meta property=\"og:locale\" content=\"fr_FR\" \/>\n<meta property=\"og:type\" content=\"article\" \/>\n<meta property=\"og:title\" content=\"Commentaire des hadiths du Proph\u00e8te rapport\u00e9s par Muslim (3 volumes) - Beit al-Hikma\" \/>\n<meta property=\"og:description\" content=\"Titre de l\u2019ouvrage : Commentaire des hadiths du Proph\u00e8te rapport\u00e9s par Muslim (3 volumes) Auteur : L&#039;Imam Al-Maziri Texte \u00e9tabli par : Mohamed Ch\u00e9dli Enne\u00effar  Langue :\u00a0arabe  Date de parution : 1988 \/ 1991  Format : 16x24  ISBN : 978997312040x \/ 9789973911075 \/ 978997391158x  Nombre de pages : T 1 : 591, T 2 : 531, T 3 : 597 Th\u00e8me : Religion musulmane  Poids : 2400 gr Situation :\u00a0\u00e9puis\u00e9\" \/>\n<meta property=\"og:url\" content=\"https:\/\/www.beitalhikma.tn\/fr\/publication\/acces-boutique\/livres-epuises\/commentaire-des-hadiths-du-prophete-rapportes-par-muslim-3-volumes\/\" \/>\n<meta property=\"og:site_name\" content=\"Beit al-Hikma\" \/>\n<meta property=\"article:publisher\" content=\"https:\/\/www.facebook.com\/BeitalhikmaTunisie\/\" \/>\n<meta property=\"article:modified_time\" content=\"2022-08-04T17:07:36+00:00\" \/>\n<meta property=\"og:image\" content=\"https:\/\/www.beitalhikma.tn\/wp-content\/uploads\/2015\/02\/52.jpg\" \/>\n\t<meta property=\"og:image:width\" content=\"250\" \/>\n\t<meta property=\"og:image:height\" content=\"300\" \/>\n\t<meta property=\"og:image:type\" content=\"image\/jpeg\" \/>\n<meta name=\"twitter:card\" content=\"summary_large_image\" \/>\n<meta name=\"twitter:site\" content=\"@Beit_alhikma_TN\" \/>\n<script type=\"application\/ld+json\" class=\"yoast-schema-graph\">{\"@context\":\"https:\\\/\\\/schema.org\",\"@graph\":[{\"@type\":\"WebPage\",\"@id\":\"https:\\\/\\\/www.beitalhikma.tn\\\/fr\\\/publication\\\/acces-boutique\\\/livres-epuises\\\/commentaire-des-hadiths-du-prophete-rapportes-par-muslim-3-volumes\\\/\",\"url\":\"https:\\\/\\\/www.beitalhikma.tn\\\/fr\\\/publication\\\/acces-boutique\\\/livres-epuises\\\/commentaire-des-hadiths-du-prophete-rapportes-par-muslim-3-volumes\\\/\",\"name\":\"Commentaire des hadiths du Proph\u00e8te rapport\u00e9s par Muslim (3 volumes) - Beit al-Hikma\",\"isPartOf\":{\"@id\":\"https:\\\/\\\/www.beitalhikma.tn\\\/#website\"},\"primaryImageOfPage\":{\"@id\":\"https:\\\/\\\/www.beitalhikma.tn\\\/fr\\\/publication\\\/acces-boutique\\\/livres-epuises\\\/commentaire-des-hadiths-du-prophete-rapportes-par-muslim-3-volumes\\\/#primaryimage\"},\"image\":{\"@id\":\"https:\\\/\\\/www.beitalhikma.tn\\\/fr\\\/publication\\\/acces-boutique\\\/livres-epuises\\\/commentaire-des-hadiths-du-prophete-rapportes-par-muslim-3-volumes\\\/#primaryimage\"},\"thumbnailUrl\":\"https:\\\/\\\/www.beitalhikma.tn\\\/wp-content\\\/uploads\\\/2015\\\/02\\\/52.jpg\",\"datePublished\":\"2015-02-03T15:19:25+00:00\",\"dateModified\":\"2022-08-04T17:07:36+00:00\",\"breadcrumb\":{\"@id\":\"https:\\\/\\\/www.beitalhikma.tn\\\/fr\\\/publication\\\/acces-boutique\\\/livres-epuises\\\/commentaire-des-hadiths-du-prophete-rapportes-par-muslim-3-volumes\\\/#breadcrumb\"},\"inLanguage\":\"fr-FR\",\"potentialAction\":[{\"@type\":\"ReadAction\",\"target\":[\"https:\\\/\\\/www.beitalhikma.tn\\\/fr\\\/publication\\\/acces-boutique\\\/livres-epuises\\\/commentaire-des-hadiths-du-prophete-rapportes-par-muslim-3-volumes\\\/\"]}]},{\"@type\":\"ImageObject\",\"inLanguage\":\"fr-FR\",\"@id\":\"https:\\\/\\\/www.beitalhikma.tn\\\/fr\\\/publication\\\/acces-boutique\\\/livres-epuises\\\/commentaire-des-hadiths-du-prophete-rapportes-par-muslim-3-volumes\\\/#primaryimage\",\"url\":\"https:\\\/\\\/www.beitalhikma.tn\\\/wp-content\\\/uploads\\\/2015\\\/02\\\/52.jpg\",\"contentUrl\":\"https:\\\/\\\/www.beitalhikma.tn\\\/wp-content\\\/uploads\\\/2015\\\/02\\\/52.jpg\",\"width\":250,\"height\":300},{\"@type\":\"BreadcrumbList\",\"@id\":\"https:\\\/\\\/www.beitalhikma.tn\\\/fr\\\/publication\\\/acces-boutique\\\/livres-epuises\\\/commentaire-des-hadiths-du-prophete-rapportes-par-muslim-3-volumes\\\/#breadcrumb\",\"itemListElement\":[{\"@type\":\"ListItem\",\"position\":1,\"name\":\"Accueil\",\"item\":\"https:\\\/\\\/www.beitalhikma.tn\\\/fr\\\/\"},{\"@type\":\"ListItem\",\"position\":2,\"name\":\"Boutique\",\"item\":\"https:\\\/\\\/www.beitalhikma.tn\\\/fr\\\/boutique\\\/\"},{\"@type\":\"ListItem\",\"position\":3,\"name\":\"Commentaire des hadiths du Proph\u00e8te rapport\u00e9s par Muslim (3 volumes)\"}]},{\"@type\":\"WebSite\",\"@id\":\"https:\\\/\\\/www.beitalhikma.tn\\\/#website\",\"url\":\"https:\\\/\\\/www.beitalhikma.tn\\\/\",\"name\":\"Beit al-Hikma\",\"description\":\"L&#039;Acad\u00e9mie Tunisienne des Sciences, des Lettres  et des Arts\",\"publisher\":{\"@id\":\"https:\\\/\\\/www.beitalhikma.tn\\\/#organization\"},\"potentialAction\":[{\"@type\":\"SearchAction\",\"target\":{\"@type\":\"EntryPoint\",\"urlTemplate\":\"https:\\\/\\\/www.beitalhikma.tn\\\/?s={search_term_string}\"},\"query-input\":{\"@type\":\"PropertyValueSpecification\",\"valueRequired\":true,\"valueName\":\"search_term_string\"}}],\"inLanguage\":\"fr-FR\"},{\"@type\":\"Organization\",\"@id\":\"https:\\\/\\\/www.beitalhikma.tn\\\/#organization\",\"name\":\"Beit Al Hikma\",\"url\":\"https:\\\/\\\/www.beitalhikma.tn\\\/\",\"logo\":{\"@type\":\"ImageObject\",\"inLanguage\":\"fr-FR\",\"@id\":\"https:\\\/\\\/www.beitalhikma.tn\\\/#\\\/schema\\\/logo\\\/image\\\/\",\"url\":\"https:\\\/\\\/www.beitalhikma.tn\\\/wp-content\\\/uploads\\\/2014\\\/11\\\/logo.png\",\"contentUrl\":\"https:\\\/\\\/www.beitalhikma.tn\\\/wp-content\\\/uploads\\\/2014\\\/11\\\/logo.png\",\"width\":288,\"height\":109,\"caption\":\"Beit Al Hikma\"},\"image\":{\"@id\":\"https:\\\/\\\/www.beitalhikma.tn\\\/#\\\/schema\\\/logo\\\/image\\\/\"},\"sameAs\":[\"https:\\\/\\\/www.facebook.com\\\/BeitalhikmaTunisie\\\/\",\"https:\\\/\\\/x.com\\\/Beit_alhikma_TN\",\"https:\\\/\\\/www.youtube.com\\\/channel\\\/UCl8EfDXqt5MFfcEY0UYhevg\"]}]}<\/script>\n<!-- \/ Yoast SEO plugin. -->","yoast_head_json":{"title":"Commentaire des hadiths du Proph\u00e8te rapport\u00e9s par Muslim (3 volumes) - Beit al-Hikma","robots":{"index":"index","follow":"follow","max-snippet":"max-snippet:-1","max-image-preview":"max-image-preview:large","max-video-preview":"max-video-preview:-1"},"canonical":"https:\/\/www.beitalhikma.tn\/fr\/publication\/acces-boutique\/livres-epuises\/commentaire-des-hadiths-du-prophete-rapportes-par-muslim-3-volumes\/","og_locale":"fr_FR","og_type":"article","og_title":"Commentaire des hadiths du Proph\u00e8te rapport\u00e9s par Muslim (3 volumes) - Beit al-Hikma","og_description":"Titre de l\u2019ouvrage : Commentaire des hadiths du Proph\u00e8te rapport\u00e9s par Muslim (3 volumes) Auteur : L'Imam Al-Maziri Texte \u00e9tabli par : Mohamed Ch\u00e9dli Enne\u00effar  Langue :\u00a0arabe  Date de parution : 1988 \/ 1991  Format : 16x24  ISBN : 978997312040x \/ 9789973911075 \/ 978997391158x  Nombre de pages : T 1 : 591, T 2 : 531, T 3 : 597 Th\u00e8me : Religion musulmane  Poids : 2400 gr Situation :\u00a0\u00e9puis\u00e9","og_url":"https:\/\/www.beitalhikma.tn\/fr\/publication\/acces-boutique\/livres-epuises\/commentaire-des-hadiths-du-prophete-rapportes-par-muslim-3-volumes\/","og_site_name":"Beit al-Hikma","article_publisher":"https:\/\/www.facebook.com\/BeitalhikmaTunisie\/","article_modified_time":"2022-08-04T17:07:36+00:00","og_image":[{"width":250,"height":300,"url":"https:\/\/www.beitalhikma.tn\/wp-content\/uploads\/2015\/02\/52.jpg","type":"image\/jpeg"}],"twitter_card":"summary_large_image","twitter_site":"@Beit_alhikma_TN","schema":{"@context":"https:\/\/schema.org","@graph":[{"@type":"WebPage","@id":"https:\/\/www.beitalhikma.tn\/fr\/publication\/acces-boutique\/livres-epuises\/commentaire-des-hadiths-du-prophete-rapportes-par-muslim-3-volumes\/","url":"https:\/\/www.beitalhikma.tn\/fr\/publication\/acces-boutique\/livres-epuises\/commentaire-des-hadiths-du-prophete-rapportes-par-muslim-3-volumes\/","name":"Commentaire des hadiths du Proph\u00e8te rapport\u00e9s par Muslim (3 volumes) - Beit al-Hikma","isPartOf":{"@id":"https:\/\/www.beitalhikma.tn\/#website"},"primaryImageOfPage":{"@id":"https:\/\/www.beitalhikma.tn\/fr\/publication\/acces-boutique\/livres-epuises\/commentaire-des-hadiths-du-prophete-rapportes-par-muslim-3-volumes\/#primaryimage"},"image":{"@id":"https:\/\/www.beitalhikma.tn\/fr\/publication\/acces-boutique\/livres-epuises\/commentaire-des-hadiths-du-prophete-rapportes-par-muslim-3-volumes\/#primaryimage"},"thumbnailUrl":"https:\/\/www.beitalhikma.tn\/wp-content\/uploads\/2015\/02\/52.jpg","datePublished":"2015-02-03T15:19:25+00:00","dateModified":"2022-08-04T17:07:36+00:00","breadcrumb":{"@id":"https:\/\/www.beitalhikma.tn\/fr\/publication\/acces-boutique\/livres-epuises\/commentaire-des-hadiths-du-prophete-rapportes-par-muslim-3-volumes\/#breadcrumb"},"inLanguage":"fr-FR","potentialAction":[{"@type":"ReadAction","target":["https:\/\/www.beitalhikma.tn\/fr\/publication\/acces-boutique\/livres-epuises\/commentaire-des-hadiths-du-prophete-rapportes-par-muslim-3-volumes\/"]}]},{"@type":"ImageObject","inLanguage":"fr-FR","@id":"https:\/\/www.beitalhikma.tn\/fr\/publication\/acces-boutique\/livres-epuises\/commentaire-des-hadiths-du-prophete-rapportes-par-muslim-3-volumes\/#primaryimage","url":"https:\/\/www.beitalhikma.tn\/wp-content\/uploads\/2015\/02\/52.jpg","contentUrl":"https:\/\/www.beitalhikma.tn\/wp-content\/uploads\/2015\/02\/52.jpg","width":250,"height":300},{"@type":"BreadcrumbList","@id":"https:\/\/www.beitalhikma.tn\/fr\/publication\/acces-boutique\/livres-epuises\/commentaire-des-hadiths-du-prophete-rapportes-par-muslim-3-volumes\/#breadcrumb","itemListElement":[{"@type":"ListItem","position":1,"name":"Accueil","item":"https:\/\/www.beitalhikma.tn\/fr\/"},{"@type":"ListItem","position":2,"name":"Boutique","item":"https:\/\/www.beitalhikma.tn\/fr\/boutique\/"},{"@type":"ListItem","position":3,"name":"Commentaire des hadiths du Proph\u00e8te rapport\u00e9s par Muslim (3 volumes)"}]},{"@type":"WebSite","@id":"https:\/\/www.beitalhikma.tn\/#website","url":"https:\/\/www.beitalhikma.tn\/","name":"Beit al-Hikma","description":"L&#039;Acad\u00e9mie Tunisienne des Sciences, des Lettres  et des Arts","publisher":{"@id":"https:\/\/www.beitalhikma.tn\/#organization"},"potentialAction":[{"@type":"SearchAction","target":{"@type":"EntryPoint","urlTemplate":"https:\/\/www.beitalhikma.tn\/?s={search_term_string}"},"query-input":{"@type":"PropertyValueSpecification","valueRequired":true,"valueName":"search_term_string"}}],"inLanguage":"fr-FR"},{"@type":"Organization","@id":"https:\/\/www.beitalhikma.tn\/#organization","name":"Beit Al Hikma","url":"https:\/\/www.beitalhikma.tn\/","logo":{"@type":"ImageObject","inLanguage":"fr-FR","@id":"https:\/\/www.beitalhikma.tn\/#\/schema\/logo\/image\/","url":"https:\/\/www.beitalhikma.tn\/wp-content\/uploads\/2014\/11\/logo.png","contentUrl":"https:\/\/www.beitalhikma.tn\/wp-content\/uploads\/2014\/11\/logo.png","width":288,"height":109,"caption":"Beit Al Hikma"},"image":{"@id":"https:\/\/www.beitalhikma.tn\/#\/schema\/logo\/image\/"},"sameAs":["https:\/\/www.facebook.com\/BeitalhikmaTunisie\/","https:\/\/x.com\/Beit_alhikma_TN","https:\/\/www.youtube.com\/channel\/UCl8EfDXqt5MFfcEY0UYhevg"]}]}},"uagb_featured_image_src":{"full":["https:\/\/www.beitalhikma.tn\/wp-content\/uploads\/2015\/02\/52.jpg",250,300,false],"thumbnail":["https:\/\/www.beitalhikma.tn\/wp-content\/uploads\/2015\/02\/52-250x300.jpg",250,300,true],"medium":["https:\/\/www.beitalhikma.tn\/wp-content\/uploads\/2015\/02\/52-250x300.jpg",250,300,true],"medium_large":["https:\/\/www.beitalhikma.tn\/wp-content\/uploads\/2015\/02\/52.jpg",250,300,false],"large":["https:\/\/www.beitalhikma.tn\/wp-content\/uploads\/2015\/02\/52.jpg",250,300,false],"thumblist":["https:\/\/www.beitalhikma.tn\/wp-content\/uploads\/2015\/02\/52.jpg",250,300,false],"meccarouselthumb":["https:\/\/www.beitalhikma.tn\/wp-content\/uploads\/2015\/02\/52.jpg",250,300,false],"gridsquare":["https:\/\/www.beitalhikma.tn\/wp-content\/uploads\/2015\/02\/52.jpg",217,260,false],"tileview":["https:\/\/www.beitalhikma.tn\/wp-content\/uploads\/2015\/02\/52.jpg",250,300,false],"1536x1536":["https:\/\/www.beitalhikma.tn\/wp-content\/uploads\/2015\/02\/52.jpg",250,300,false],"2048x2048":["https:\/\/www.beitalhikma.tn\/wp-content\/uploads\/2015\/02\/52.jpg",250,300,false],"post-thumbnail":["https:\/\/www.beitalhikma.tn\/wp-content\/uploads\/2015\/02\/52-122x146.jpg",122,146,true],"50x50":["https:\/\/www.beitalhikma.tn\/wp-content\/uploads\/2015\/02\/52-42x50.jpg",42,50,true],"portfolio-list":["https:\/\/www.beitalhikma.tn\/wp-content\/uploads\/2015\/02\/52.jpg",250,300,false],"portfolio-fs":["https:\/\/www.beitalhikma.tn\/wp-content\/uploads\/2015\/02\/52.jpg",250,300,false],"portfolio-slider":["https:\/\/www.beitalhikma.tn\/wp-content\/uploads\/2015\/02\/52.jpg",250,300,false],"blog":["https:\/\/www.beitalhikma.tn\/wp-content\/uploads\/2015\/02\/52.jpg",250,300,false],"blog-single":["https:\/\/www.beitalhikma.tn\/wp-content\/uploads\/2015\/02\/52.jpg",250,300,false],"blog-item":["https:\/\/www.beitalhikma.tn\/wp-content\/uploads\/2015\/02\/52-250x224.jpg",250,224,true],"blog-widget":["https:\/\/www.beitalhikma.tn\/wp-content\/uploads\/2015\/02\/52-80x60.jpg",80,60,true],"features":["https:\/\/www.beitalhikma.tn\/wp-content\/uploads\/2015\/02\/52-90x90.jpg",90,90,true],"clients-slider":["https:\/\/www.beitalhikma.tn\/wp-content\/uploads\/2015\/02\/52-67x80.jpg",67,80,true],"offer-slider":["https:\/\/www.beitalhikma.tn\/wp-content\/uploads\/2015\/02\/52.jpg",250,300,false],"offer-slider-pg":["https:\/\/www.beitalhikma.tn\/wp-content\/uploads\/2015\/02\/52-42x42.jpg",42,42,true],"woocommerce_thumbnail":["https:\/\/www.beitalhikma.tn\/wp-content\/uploads\/2015\/02\/52-250x300.jpg",250,300,true],"woocommerce_single":["https:\/\/www.beitalhikma.tn\/wp-content\/uploads\/2015\/02\/52-250x300.jpg",250,300,true],"woocommerce_gallery_thumbnail":["https:\/\/www.beitalhikma.tn\/wp-content\/uploads\/2015\/02\/52-100x100.jpg",100,100,true]},"uagb_author_info":{"display_name":"admin","author_link":"https:\/\/www.beitalhikma.tn\/fr\/author\/"},"uagb_comment_info":0,"uagb_excerpt":"Titre de l\u2019ouvrage : Commentaire des hadiths du Proph\u00e8te rapport\u00e9s par Muslim (3 volumes) Auteur : L'Imam Al-Maziri Texte \u00e9tabli par : Mohamed Ch\u00e9dli Enne\u00effar Langue :\u00a0arabe Date de parution : 1988 \/ 1991 Format : 16x24 ISBN : 978997312040x \/ 9789973911075 \/ 978997391158x Nombre de pages : T 1 : 591, T 2 :\u2026","_links":{"self":[{"href":"https:\/\/www.beitalhikma.tn\/fr\/wp-json\/wp\/v2\/product\/755","targetHints":{"allow":["GET"]}}],"collection":[{"href":"https:\/\/www.beitalhikma.tn\/fr\/wp-json\/wp\/v2\/product"}],"about":[{"href":"https:\/\/www.beitalhikma.tn\/fr\/wp-json\/wp\/v2\/types\/product"}],"wp:featuredmedia":[{"embeddable":true,"href":"https:\/\/www.beitalhikma.tn\/fr\/wp-json\/wp\/v2\/media\/756"}],"wp:attachment":[{"href":"https:\/\/www.beitalhikma.tn\/fr\/wp-json\/wp\/v2\/media?parent=755"}],"wp:term":[{"taxonomy":"product_brand","embeddable":true,"href":"https:\/\/www.beitalhikma.tn\/fr\/wp-json\/wp\/v2\/product_brand?post=755"},{"taxonomy":"product_cat","embeddable":true,"href":"https:\/\/www.beitalhikma.tn\/fr\/wp-json\/wp\/v2\/product_cat?post=755"},{"taxonomy":"product_tag","embeddable":true,"href":"https:\/\/www.beitalhikma.tn\/fr\/wp-json\/wp\/v2\/product_tag?post=755"}],"curies":[{"name":"wp","href":"https:\/\/api.w.org\/{rel}","templated":true}]}}