{"id":835,"date":"2015-02-04T09:22:51","date_gmt":"2015-02-04T08:22:51","guid":{"rendered":"http:\/\/www.beitalhikma.tn\/?post_type=product&#038;p=835"},"modified":"2022-09-28T13:10:55","modified_gmt":"2022-09-28T12:10:55","slug":"itineraires-et-royaumes-al-masalik-wal-mamalik-2-volumes","status":"publish","type":"product","link":"https:\/\/www.beitalhikma.tn\/fr\/publication\/acces-boutique\/livres-en-vente\/itineraires-et-royaumes-al-masalik-wal-mamalik-2-volumes\/","title":{"rendered":"Itin\u00e9raires et Royaumes (Al-Masalik wal- Mamalik) \u2013 (2 volumes)"},"content":{"rendered":"<p><a href=\"http:\/\/www.beitalhikma.tn\/wp-content\/uploads\/2015\/02\/pf70.png\"><img loading=\"lazy\" decoding=\"async\" class=\"aligncenter size-full wp-image-7318\" src=\"http:\/\/www.beitalhikma.tn\/wp-content\/uploads\/2015\/02\/pf70.png\" alt=\"pf\" width=\"730\" height=\"543\" srcset=\"https:\/\/www.beitalhikma.tn\/wp-content\/uploads\/2015\/02\/pf70.png 730w, https:\/\/www.beitalhikma.tn\/wp-content\/uploads\/2015\/02\/pf70-250x186.png 250w, https:\/\/www.beitalhikma.tn\/wp-content\/uploads\/2015\/02\/pf70-300x223.png 300w, https:\/\/www.beitalhikma.tn\/wp-content\/uploads\/2015\/02\/pf70-196x146.png 196w, https:\/\/www.beitalhikma.tn\/wp-content\/uploads\/2015\/02\/pf70-50x37.png 50w, https:\/\/www.beitalhikma.tn\/wp-content\/uploads\/2015\/02\/pf70-80x60.png 80w, https:\/\/www.beitalhikma.tn\/wp-content\/uploads\/2015\/02\/pf70-108x80.png 108w\" sizes=\"auto, (max-width: 730px) 100vw, 730px\" \/><\/a><\/p>\n","protected":false},"excerpt":{"rendered":"<ul>\n<li><strong>Titre de l\u2019ouvrage :<\/strong> Itin\u00e9raires et Royaumes (Al-Masalik wal-Mamalik) (2 volumes)<br \/>\n<strong>Auteur :<\/strong> Abu Uba\u00efd Al-Bakri<br \/>\n<strong>Etabli et pr\u00e9sent\u00e9 par:<\/strong> Adrian Van Leeuven et Andr\u00e9 Ferr\u00e9<\/li>\n<li><strong>Langues :<\/strong> arabe et fran\u00e7aise<\/li>\n<li><strong>Date de parution :<\/strong> 1992<\/li>\n<li><strong>ISBN :<\/strong> 9789973101073<\/li>\n<li><strong>Nombre de pages :<\/strong> 1035<br \/>\n<strong>Th\u00e8me :<\/strong> Relation de voyages<\/li>\n<li><strong>Poids :<\/strong> 1600 gr<br \/>\n<b>Situation : <\/b>Disponible<\/li>\n<\/ul>\n","protected":false},"featured_media":836,"template":"","meta":{"_uag_custom_page_level_css":""},"product_brand":[],"product_cat":[11],"product_tag":[],"class_list":{"0":"post-835","1":"product","2":"type-product","3":"status-publish","4":"has-post-thumbnail","6":"product_cat-livres-en-vente","8":"first","9":"instock","10":"sale","11":"shipping-taxable","12":"purchasable","13":"product-type-simple"},"yoast_head":"<!-- This site is optimized with the Yoast SEO plugin v27.4 - https:\/\/yoast.com\/product\/yoast-seo-wordpress\/ -->\n<title>Itin\u00e9raires et Royaumes (Al-Masalik wal- Mamalik) \u2013 (2 volumes) - Beit al-Hikma<\/title>\n<meta name=\"robots\" content=\"index, follow, max-snippet:-1, max-image-preview:large, max-video-preview:-1\" \/>\n<link rel=\"canonical\" href=\"https:\/\/www.beitalhikma.tn\/fr\/publication\/acces-boutique\/livres-en-vente\/itineraires-et-royaumes-al-masalik-wal-mamalik-2-volumes\/\" \/>\n<meta property=\"og:locale\" content=\"fr_FR\" \/>\n<meta property=\"og:type\" content=\"article\" \/>\n<meta property=\"og:title\" content=\"Itin\u00e9raires et Royaumes (Al-Masalik wal- Mamalik) \u2013 (2 volumes) - Beit al-Hikma\" \/>\n<meta property=\"og:description\" content=\"Titre de l\u2019ouvrage : Itin\u00e9raires et Royaumes (Al-Masalik wal-Mamalik) (2 volumes) Auteur : Abu Uba\u00efd Al-Bakri Etabli et pr\u00e9sent\u00e9 par: Adrian Van Leeuven et Andr\u00e9 Ferr\u00e9  Langues : arabe et fran\u00e7aise  Date de parution : 1992  ISBN : 9789973101073  Nombre de pages : 1035 Th\u00e8me : Relation de voyages  Poids : 1600 gr Situation : Disponible\" \/>\n<meta property=\"og:url\" content=\"https:\/\/www.beitalhikma.tn\/fr\/publication\/acces-boutique\/livres-en-vente\/itineraires-et-royaumes-al-masalik-wal-mamalik-2-volumes\/\" \/>\n<meta property=\"og:site_name\" content=\"Beit al-Hikma\" \/>\n<meta property=\"article:publisher\" content=\"https:\/\/www.facebook.com\/BeitalhikmaTunisie\/\" \/>\n<meta property=\"article:modified_time\" content=\"2022-09-28T12:10:55+00:00\" \/>\n<meta property=\"og:image\" content=\"https:\/\/www.beitalhikma.tn\/wp-content\/uploads\/2015\/02\/65.jpg\" \/>\n\t<meta property=\"og:image:width\" content=\"250\" \/>\n\t<meta property=\"og:image:height\" content=\"300\" \/>\n\t<meta property=\"og:image:type\" content=\"image\/jpeg\" \/>\n<meta name=\"twitter:card\" content=\"summary_large_image\" \/>\n<meta name=\"twitter:site\" content=\"@Beit_alhikma_TN\" \/>\n<script type=\"application\/ld+json\" class=\"yoast-schema-graph\">{\"@context\":\"https:\\\/\\\/schema.org\",\"@graph\":[{\"@type\":\"WebPage\",\"@id\":\"https:\\\/\\\/www.beitalhikma.tn\\\/fr\\\/publication\\\/acces-boutique\\\/livres-en-vente\\\/itineraires-et-royaumes-al-masalik-wal-mamalik-2-volumes\\\/\",\"url\":\"https:\\\/\\\/www.beitalhikma.tn\\\/fr\\\/publication\\\/acces-boutique\\\/livres-en-vente\\\/itineraires-et-royaumes-al-masalik-wal-mamalik-2-volumes\\\/\",\"name\":\"Itin\u00e9raires et Royaumes (Al-Masalik wal- Mamalik) \u2013 (2 volumes) - Beit al-Hikma\",\"isPartOf\":{\"@id\":\"https:\\\/\\\/www.beitalhikma.tn\\\/#website\"},\"primaryImageOfPage\":{\"@id\":\"https:\\\/\\\/www.beitalhikma.tn\\\/fr\\\/publication\\\/acces-boutique\\\/livres-en-vente\\\/itineraires-et-royaumes-al-masalik-wal-mamalik-2-volumes\\\/#primaryimage\"},\"image\":{\"@id\":\"https:\\\/\\\/www.beitalhikma.tn\\\/fr\\\/publication\\\/acces-boutique\\\/livres-en-vente\\\/itineraires-et-royaumes-al-masalik-wal-mamalik-2-volumes\\\/#primaryimage\"},\"thumbnailUrl\":\"https:\\\/\\\/www.beitalhikma.tn\\\/wp-content\\\/uploads\\\/2015\\\/02\\\/65.jpg\",\"datePublished\":\"2015-02-04T08:22:51+00:00\",\"dateModified\":\"2022-09-28T12:10:55+00:00\",\"breadcrumb\":{\"@id\":\"https:\\\/\\\/www.beitalhikma.tn\\\/fr\\\/publication\\\/acces-boutique\\\/livres-en-vente\\\/itineraires-et-royaumes-al-masalik-wal-mamalik-2-volumes\\\/#breadcrumb\"},\"inLanguage\":\"fr-FR\",\"potentialAction\":[{\"@type\":\"ReadAction\",\"target\":[\"https:\\\/\\\/www.beitalhikma.tn\\\/fr\\\/publication\\\/acces-boutique\\\/livres-en-vente\\\/itineraires-et-royaumes-al-masalik-wal-mamalik-2-volumes\\\/\"]}]},{\"@type\":\"ImageObject\",\"inLanguage\":\"fr-FR\",\"@id\":\"https:\\\/\\\/www.beitalhikma.tn\\\/fr\\\/publication\\\/acces-boutique\\\/livres-en-vente\\\/itineraires-et-royaumes-al-masalik-wal-mamalik-2-volumes\\\/#primaryimage\",\"url\":\"https:\\\/\\\/www.beitalhikma.tn\\\/wp-content\\\/uploads\\\/2015\\\/02\\\/65.jpg\",\"contentUrl\":\"https:\\\/\\\/www.beitalhikma.tn\\\/wp-content\\\/uploads\\\/2015\\\/02\\\/65.jpg\",\"width\":250,\"height\":300},{\"@type\":\"BreadcrumbList\",\"@id\":\"https:\\\/\\\/www.beitalhikma.tn\\\/fr\\\/publication\\\/acces-boutique\\\/livres-en-vente\\\/itineraires-et-royaumes-al-masalik-wal-mamalik-2-volumes\\\/#breadcrumb\",\"itemListElement\":[{\"@type\":\"ListItem\",\"position\":1,\"name\":\"Accueil\",\"item\":\"https:\\\/\\\/www.beitalhikma.tn\\\/fr\\\/\"},{\"@type\":\"ListItem\",\"position\":2,\"name\":\"Boutique\",\"item\":\"https:\\\/\\\/www.beitalhikma.tn\\\/fr\\\/boutique\\\/\"},{\"@type\":\"ListItem\",\"position\":3,\"name\":\"Itin\u00e9raires et Royaumes (Al-Masalik wal- Mamalik) \u2013 (2 volumes)\"}]},{\"@type\":\"WebSite\",\"@id\":\"https:\\\/\\\/www.beitalhikma.tn\\\/#website\",\"url\":\"https:\\\/\\\/www.beitalhikma.tn\\\/\",\"name\":\"Beit al-Hikma\",\"description\":\"L&#039;Acad\u00e9mie Tunisienne des Sciences, des Lettres  et des Arts\",\"publisher\":{\"@id\":\"https:\\\/\\\/www.beitalhikma.tn\\\/#organization\"},\"potentialAction\":[{\"@type\":\"SearchAction\",\"target\":{\"@type\":\"EntryPoint\",\"urlTemplate\":\"https:\\\/\\\/www.beitalhikma.tn\\\/?s={search_term_string}\"},\"query-input\":{\"@type\":\"PropertyValueSpecification\",\"valueRequired\":true,\"valueName\":\"search_term_string\"}}],\"inLanguage\":\"fr-FR\"},{\"@type\":\"Organization\",\"@id\":\"https:\\\/\\\/www.beitalhikma.tn\\\/#organization\",\"name\":\"Beit Al Hikma\",\"url\":\"https:\\\/\\\/www.beitalhikma.tn\\\/\",\"logo\":{\"@type\":\"ImageObject\",\"inLanguage\":\"fr-FR\",\"@id\":\"https:\\\/\\\/www.beitalhikma.tn\\\/#\\\/schema\\\/logo\\\/image\\\/\",\"url\":\"https:\\\/\\\/www.beitalhikma.tn\\\/wp-content\\\/uploads\\\/2014\\\/11\\\/logo.png\",\"contentUrl\":\"https:\\\/\\\/www.beitalhikma.tn\\\/wp-content\\\/uploads\\\/2014\\\/11\\\/logo.png\",\"width\":288,\"height\":109,\"caption\":\"Beit Al Hikma\"},\"image\":{\"@id\":\"https:\\\/\\\/www.beitalhikma.tn\\\/#\\\/schema\\\/logo\\\/image\\\/\"},\"sameAs\":[\"https:\\\/\\\/www.facebook.com\\\/BeitalhikmaTunisie\\\/\",\"https:\\\/\\\/x.com\\\/Beit_alhikma_TN\",\"https:\\\/\\\/www.youtube.com\\\/channel\\\/UCl8EfDXqt5MFfcEY0UYhevg\"]}]}<\/script>\n<!-- \/ Yoast SEO plugin. -->","yoast_head_json":{"title":"Itin\u00e9raires et Royaumes (Al-Masalik wal- Mamalik) \u2013 (2 volumes) - Beit al-Hikma","robots":{"index":"index","follow":"follow","max-snippet":"max-snippet:-1","max-image-preview":"max-image-preview:large","max-video-preview":"max-video-preview:-1"},"canonical":"https:\/\/www.beitalhikma.tn\/fr\/publication\/acces-boutique\/livres-en-vente\/itineraires-et-royaumes-al-masalik-wal-mamalik-2-volumes\/","og_locale":"fr_FR","og_type":"article","og_title":"Itin\u00e9raires et Royaumes (Al-Masalik wal- Mamalik) \u2013 (2 volumes) - Beit al-Hikma","og_description":"Titre de l\u2019ouvrage : Itin\u00e9raires et Royaumes (Al-Masalik wal-Mamalik) (2 volumes) Auteur : Abu Uba\u00efd Al-Bakri Etabli et pr\u00e9sent\u00e9 par: Adrian Van Leeuven et Andr\u00e9 Ferr\u00e9  Langues : arabe et fran\u00e7aise  Date de parution : 1992  ISBN : 9789973101073  Nombre de pages : 1035 Th\u00e8me : Relation de voyages  Poids : 1600 gr Situation : Disponible","og_url":"https:\/\/www.beitalhikma.tn\/fr\/publication\/acces-boutique\/livres-en-vente\/itineraires-et-royaumes-al-masalik-wal-mamalik-2-volumes\/","og_site_name":"Beit al-Hikma","article_publisher":"https:\/\/www.facebook.com\/BeitalhikmaTunisie\/","article_modified_time":"2022-09-28T12:10:55+00:00","og_image":[{"width":250,"height":300,"url":"https:\/\/www.beitalhikma.tn\/wp-content\/uploads\/2015\/02\/65.jpg","type":"image\/jpeg"}],"twitter_card":"summary_large_image","twitter_site":"@Beit_alhikma_TN","schema":{"@context":"https:\/\/schema.org","@graph":[{"@type":"WebPage","@id":"https:\/\/www.beitalhikma.tn\/fr\/publication\/acces-boutique\/livres-en-vente\/itineraires-et-royaumes-al-masalik-wal-mamalik-2-volumes\/","url":"https:\/\/www.beitalhikma.tn\/fr\/publication\/acces-boutique\/livres-en-vente\/itineraires-et-royaumes-al-masalik-wal-mamalik-2-volumes\/","name":"Itin\u00e9raires et Royaumes (Al-Masalik wal- Mamalik) \u2013 (2 volumes) - Beit al-Hikma","isPartOf":{"@id":"https:\/\/www.beitalhikma.tn\/#website"},"primaryImageOfPage":{"@id":"https:\/\/www.beitalhikma.tn\/fr\/publication\/acces-boutique\/livres-en-vente\/itineraires-et-royaumes-al-masalik-wal-mamalik-2-volumes\/#primaryimage"},"image":{"@id":"https:\/\/www.beitalhikma.tn\/fr\/publication\/acces-boutique\/livres-en-vente\/itineraires-et-royaumes-al-masalik-wal-mamalik-2-volumes\/#primaryimage"},"thumbnailUrl":"https:\/\/www.beitalhikma.tn\/wp-content\/uploads\/2015\/02\/65.jpg","datePublished":"2015-02-04T08:22:51+00:00","dateModified":"2022-09-28T12:10:55+00:00","breadcrumb":{"@id":"https:\/\/www.beitalhikma.tn\/fr\/publication\/acces-boutique\/livres-en-vente\/itineraires-et-royaumes-al-masalik-wal-mamalik-2-volumes\/#breadcrumb"},"inLanguage":"fr-FR","potentialAction":[{"@type":"ReadAction","target":["https:\/\/www.beitalhikma.tn\/fr\/publication\/acces-boutique\/livres-en-vente\/itineraires-et-royaumes-al-masalik-wal-mamalik-2-volumes\/"]}]},{"@type":"ImageObject","inLanguage":"fr-FR","@id":"https:\/\/www.beitalhikma.tn\/fr\/publication\/acces-boutique\/livres-en-vente\/itineraires-et-royaumes-al-masalik-wal-mamalik-2-volumes\/#primaryimage","url":"https:\/\/www.beitalhikma.tn\/wp-content\/uploads\/2015\/02\/65.jpg","contentUrl":"https:\/\/www.beitalhikma.tn\/wp-content\/uploads\/2015\/02\/65.jpg","width":250,"height":300},{"@type":"BreadcrumbList","@id":"https:\/\/www.beitalhikma.tn\/fr\/publication\/acces-boutique\/livres-en-vente\/itineraires-et-royaumes-al-masalik-wal-mamalik-2-volumes\/#breadcrumb","itemListElement":[{"@type":"ListItem","position":1,"name":"Accueil","item":"https:\/\/www.beitalhikma.tn\/fr\/"},{"@type":"ListItem","position":2,"name":"Boutique","item":"https:\/\/www.beitalhikma.tn\/fr\/boutique\/"},{"@type":"ListItem","position":3,"name":"Itin\u00e9raires et Royaumes (Al-Masalik wal- Mamalik) \u2013 (2 volumes)"}]},{"@type":"WebSite","@id":"https:\/\/www.beitalhikma.tn\/#website","url":"https:\/\/www.beitalhikma.tn\/","name":"Beit al-Hikma","description":"L&#039;Acad\u00e9mie Tunisienne des Sciences, des Lettres  et des Arts","publisher":{"@id":"https:\/\/www.beitalhikma.tn\/#organization"},"potentialAction":[{"@type":"SearchAction","target":{"@type":"EntryPoint","urlTemplate":"https:\/\/www.beitalhikma.tn\/?s={search_term_string}"},"query-input":{"@type":"PropertyValueSpecification","valueRequired":true,"valueName":"search_term_string"}}],"inLanguage":"fr-FR"},{"@type":"Organization","@id":"https:\/\/www.beitalhikma.tn\/#organization","name":"Beit Al Hikma","url":"https:\/\/www.beitalhikma.tn\/","logo":{"@type":"ImageObject","inLanguage":"fr-FR","@id":"https:\/\/www.beitalhikma.tn\/#\/schema\/logo\/image\/","url":"https:\/\/www.beitalhikma.tn\/wp-content\/uploads\/2014\/11\/logo.png","contentUrl":"https:\/\/www.beitalhikma.tn\/wp-content\/uploads\/2014\/11\/logo.png","width":288,"height":109,"caption":"Beit Al Hikma"},"image":{"@id":"https:\/\/www.beitalhikma.tn\/#\/schema\/logo\/image\/"},"sameAs":["https:\/\/www.facebook.com\/BeitalhikmaTunisie\/","https:\/\/x.com\/Beit_alhikma_TN","https:\/\/www.youtube.com\/channel\/UCl8EfDXqt5MFfcEY0UYhevg"]}]}},"uagb_featured_image_src":{"full":["https:\/\/www.beitalhikma.tn\/wp-content\/uploads\/2015\/02\/65.jpg",250,300,false],"thumbnail":["https:\/\/www.beitalhikma.tn\/wp-content\/uploads\/2015\/02\/65-250x300.jpg",250,300,true],"medium":["https:\/\/www.beitalhikma.tn\/wp-content\/uploads\/2015\/02\/65-250x300.jpg",250,300,true],"medium_large":["https:\/\/www.beitalhikma.tn\/wp-content\/uploads\/2015\/02\/65.jpg",250,300,false],"large":["https:\/\/www.beitalhikma.tn\/wp-content\/uploads\/2015\/02\/65.jpg",250,300,false],"thumblist":["https:\/\/www.beitalhikma.tn\/wp-content\/uploads\/2015\/02\/65.jpg",250,300,false],"meccarouselthumb":["https:\/\/www.beitalhikma.tn\/wp-content\/uploads\/2015\/02\/65.jpg",250,300,false],"gridsquare":["https:\/\/www.beitalhikma.tn\/wp-content\/uploads\/2015\/02\/65.jpg",217,260,false],"tileview":["https:\/\/www.beitalhikma.tn\/wp-content\/uploads\/2015\/02\/65.jpg",250,300,false],"1536x1536":["https:\/\/www.beitalhikma.tn\/wp-content\/uploads\/2015\/02\/65.jpg",250,300,false],"2048x2048":["https:\/\/www.beitalhikma.tn\/wp-content\/uploads\/2015\/02\/65.jpg",250,300,false],"post-thumbnail":["https:\/\/www.beitalhikma.tn\/wp-content\/uploads\/2015\/02\/65-122x146.jpg",122,146,true],"50x50":["https:\/\/www.beitalhikma.tn\/wp-content\/uploads\/2015\/02\/65-42x50.jpg",42,50,true],"portfolio-list":["https:\/\/www.beitalhikma.tn\/wp-content\/uploads\/2015\/02\/65.jpg",250,300,false],"portfolio-fs":["https:\/\/www.beitalhikma.tn\/wp-content\/uploads\/2015\/02\/65.jpg",250,300,false],"portfolio-slider":["https:\/\/www.beitalhikma.tn\/wp-content\/uploads\/2015\/02\/65.jpg",250,300,false],"blog":["https:\/\/www.beitalhikma.tn\/wp-content\/uploads\/2015\/02\/65.jpg",250,300,false],"blog-single":["https:\/\/www.beitalhikma.tn\/wp-content\/uploads\/2015\/02\/65.jpg",250,300,false],"blog-item":["https:\/\/www.beitalhikma.tn\/wp-content\/uploads\/2015\/02\/65-250x224.jpg",250,224,true],"blog-widget":["https:\/\/www.beitalhikma.tn\/wp-content\/uploads\/2015\/02\/65-80x60.jpg",80,60,true],"features":["https:\/\/www.beitalhikma.tn\/wp-content\/uploads\/2015\/02\/65-90x90.jpg",90,90,true],"clients-slider":["https:\/\/www.beitalhikma.tn\/wp-content\/uploads\/2015\/02\/65-67x80.jpg",67,80,true],"offer-slider":["https:\/\/www.beitalhikma.tn\/wp-content\/uploads\/2015\/02\/65.jpg",250,300,false],"offer-slider-pg":["https:\/\/www.beitalhikma.tn\/wp-content\/uploads\/2015\/02\/65-42x42.jpg",42,42,true],"woocommerce_thumbnail":["https:\/\/www.beitalhikma.tn\/wp-content\/uploads\/2015\/02\/65-250x300.jpg",250,300,true],"woocommerce_single":["https:\/\/www.beitalhikma.tn\/wp-content\/uploads\/2015\/02\/65-250x300.jpg",250,300,true],"woocommerce_gallery_thumbnail":["https:\/\/www.beitalhikma.tn\/wp-content\/uploads\/2015\/02\/65-100x100.jpg",100,100,true]},"uagb_author_info":{"display_name":"admin","author_link":"https:\/\/www.beitalhikma.tn\/fr\/author\/"},"uagb_comment_info":0,"uagb_excerpt":"Titre de l\u2019ouvrage : Itin\u00e9raires et Royaumes (Al-Masalik wal-Mamalik) (2 volumes) Auteur : Abu Uba\u00efd Al-Bakri Etabli et pr\u00e9sent\u00e9 par: Adrian Van Leeuven et Andr\u00e9 Ferr\u00e9 Langues : arabe et fran\u00e7aise Date de parution : 1992 ISBN : 9789973101073 Nombre de pages : 1035 Th\u00e8me : Relation de voyages Poids : 1600 gr Situation :\u2026","_links":{"self":[{"href":"https:\/\/www.beitalhikma.tn\/fr\/wp-json\/wp\/v2\/product\/835","targetHints":{"allow":["GET"]}}],"collection":[{"href":"https:\/\/www.beitalhikma.tn\/fr\/wp-json\/wp\/v2\/product"}],"about":[{"href":"https:\/\/www.beitalhikma.tn\/fr\/wp-json\/wp\/v2\/types\/product"}],"wp:featuredmedia":[{"embeddable":true,"href":"https:\/\/www.beitalhikma.tn\/fr\/wp-json\/wp\/v2\/media\/836"}],"wp:attachment":[{"href":"https:\/\/www.beitalhikma.tn\/fr\/wp-json\/wp\/v2\/media?parent=835"}],"wp:term":[{"taxonomy":"product_brand","embeddable":true,"href":"https:\/\/www.beitalhikma.tn\/fr\/wp-json\/wp\/v2\/product_brand?post=835"},{"taxonomy":"product_cat","embeddable":true,"href":"https:\/\/www.beitalhikma.tn\/fr\/wp-json\/wp\/v2\/product_cat?post=835"},{"taxonomy":"product_tag","embeddable":true,"href":"https:\/\/www.beitalhikma.tn\/fr\/wp-json\/wp\/v2\/product_tag?post=835"}],"curies":[{"name":"wp","href":"https:\/\/api.w.org\/{rel}","templated":true}]}}