{"id":862,"date":"2015-02-04T09:42:54","date_gmt":"2015-02-04T08:42:54","guid":{"rendered":"http:\/\/www.beitalhikma.tn\/?post_type=product&#038;p=862"},"modified":"2025-09-25T09:01:21","modified_gmt":"2025-09-25T08:01:21","slug":"la-voie-la-plus-sure-pour-connaitre-letat-des-royaumes-2-volumes","status":"publish","type":"product","link":"https:\/\/www.beitalhikma.tn\/fr\/publication\/acces-boutique\/epuises-en\/la-voie-la-plus-sure-pour-connaitre-letat-des-royaumes-2-volumes\/","title":{"rendered":"La voie la plus s\u00fbre pour conna\u00eetre l\u2019\u00e9tat des Royaumes , (2 volumes)"},"content":{"rendered":"<p><a href=\"http:\/\/www.beitalhikma.tn\/wp-content\/uploads\/2015\/02\/pf12.png\"><img loading=\"lazy\" decoding=\"async\" class=\"aligncenter size-full wp-image-6140\" src=\"http:\/\/www.beitalhikma.tn\/wp-content\/uploads\/2015\/02\/pf12.png\" alt=\"pf\" width=\"699\" height=\"567\" srcset=\"https:\/\/www.beitalhikma.tn\/wp-content\/uploads\/2015\/02\/pf12.png 699w, https:\/\/www.beitalhikma.tn\/wp-content\/uploads\/2015\/02\/pf12-250x203.png 250w, https:\/\/www.beitalhikma.tn\/wp-content\/uploads\/2015\/02\/pf12-300x243.png 300w, https:\/\/www.beitalhikma.tn\/wp-content\/uploads\/2015\/02\/pf12-180x146.png 180w, https:\/\/www.beitalhikma.tn\/wp-content\/uploads\/2015\/02\/pf12-50x41.png 50w, https:\/\/www.beitalhikma.tn\/wp-content\/uploads\/2015\/02\/pf12-99x80.png 99w\" sizes=\"auto, (max-width: 699px) 100vw, 699px\" \/><\/a><\/p>\n","protected":false},"excerpt":{"rendered":"<ul>\n<li><strong>Titre de l\u2019ouvrage :<\/strong> La voie la plus s\u00fbre pour conna\u00eetre l&#8217;\u00e9tat des Royaumes (2 volumes)<br \/>\n<strong>Auteur :<\/strong> Kheireddine Attounsi<br \/>\n<strong>Texte \u00e9tabli par :<\/strong> Moncef Chenoufi<\/li>\n<li><strong>Langue :<\/strong> arabe<\/li>\n<li><strong>Edition<\/strong> : 3\u00e8me \u00e9dition<\/li>\n<li><strong>Date de parution :<\/strong> 2013<\/li>\n<li><strong>Format :<\/strong> 16&#215;24<\/li>\n<li><strong>ISBN :<\/strong> 9789973929617 \/ 9789973929624<\/li>\n<li><strong>Nombre de pages :<\/strong> 1065<br \/>\n<strong>Th\u00e8me :<\/strong> relation de voyage<\/li>\n<li><strong>Poids :<\/strong> 1900 gr<br \/>\n<b>Situation : <\/b>\u00e9puis\u00e9<\/li>\n<\/ul>\n","protected":false},"featured_media":6186,"template":"","meta":{"_uag_custom_page_level_css":""},"product_brand":[],"product_cat":[51],"product_tag":[],"class_list":{"0":"post-862","1":"product","2":"type-product","3":"status-publish","4":"has-post-thumbnail","6":"product_cat-epuises-en","8":"first","9":"outofstock","10":"sale","11":"shipping-taxable","12":"purchasable","13":"product-type-simple"},"yoast_head":"<!-- This site is optimized with the Yoast SEO plugin v27.3 - https:\/\/yoast.com\/product\/yoast-seo-wordpress\/ -->\n<title>La voie la plus s\u00fbre pour conna\u00eetre l\u2019\u00e9tat des Royaumes , (2 volumes) - Beit al-Hikma<\/title>\n<meta name=\"robots\" content=\"index, follow, max-snippet:-1, max-image-preview:large, max-video-preview:-1\" \/>\n<link rel=\"canonical\" href=\"https:\/\/www.beitalhikma.tn\/fr\/publication\/acces-boutique\/epuises-en\/la-voie-la-plus-sure-pour-connaitre-letat-des-royaumes-2-volumes\/\" \/>\n<meta property=\"og:locale\" content=\"fr_FR\" \/>\n<meta property=\"og:type\" content=\"article\" \/>\n<meta property=\"og:title\" content=\"La voie la plus s\u00fbre pour conna\u00eetre l\u2019\u00e9tat des Royaumes , (2 volumes) - Beit al-Hikma\" \/>\n<meta property=\"og:description\" content=\"Titre de l\u2019ouvrage : La voie la plus s\u00fbre pour conna\u00eetre l&#039;\u00e9tat des Royaumes (2 volumes) Auteur : Kheireddine Attounsi Texte \u00e9tabli par : Moncef Chenoufi  Langue : arabe  Edition : 3\u00e8me \u00e9dition  Date de parution : 2013  Format : 16x24  ISBN : 9789973929617 \/ 9789973929624  Nombre de pages : 1065 Th\u00e8me : relation de voyage  Poids : 1900 gr Situation : \u00e9puis\u00e9\" \/>\n<meta property=\"og:url\" content=\"https:\/\/www.beitalhikma.tn\/fr\/publication\/acces-boutique\/epuises-en\/la-voie-la-plus-sure-pour-connaitre-letat-des-royaumes-2-volumes\/\" \/>\n<meta property=\"og:site_name\" content=\"Beit al-Hikma\" \/>\n<meta property=\"article:publisher\" content=\"https:\/\/www.facebook.com\/BeitalhikmaTunisie\/\" \/>\n<meta property=\"article:modified_time\" content=\"2025-09-25T08:01:21+00:00\" \/>\n<meta property=\"og:image\" content=\"https:\/\/www.beitalhikma.tn\/wp-content\/uploads\/2015\/02\/Sans-titre11.png\" \/>\n\t<meta property=\"og:image:width\" content=\"228\" \/>\n\t<meta property=\"og:image:height\" content=\"294\" \/>\n\t<meta property=\"og:image:type\" content=\"image\/png\" \/>\n<meta name=\"twitter:card\" content=\"summary_large_image\" \/>\n<meta name=\"twitter:site\" content=\"@Beit_alhikma_TN\" \/>\n<meta name=\"twitter:label1\" content=\"Dur\u00e9e de lecture estim\u00e9e\" \/>\n\t<meta name=\"twitter:data1\" content=\"1 minute\" \/>\n<script type=\"application\/ld+json\" class=\"yoast-schema-graph\">{\"@context\":\"https:\\\/\\\/schema.org\",\"@graph\":[{\"@type\":\"WebPage\",\"@id\":\"https:\\\/\\\/www.beitalhikma.tn\\\/fr\\\/publication\\\/acces-boutique\\\/epuises-en\\\/la-voie-la-plus-sure-pour-connaitre-letat-des-royaumes-2-volumes\\\/\",\"url\":\"https:\\\/\\\/www.beitalhikma.tn\\\/fr\\\/publication\\\/acces-boutique\\\/epuises-en\\\/la-voie-la-plus-sure-pour-connaitre-letat-des-royaumes-2-volumes\\\/\",\"name\":\"La voie la plus s\u00fbre pour conna\u00eetre l\u2019\u00e9tat des Royaumes , (2 volumes) - Beit al-Hikma\",\"isPartOf\":{\"@id\":\"https:\\\/\\\/www.beitalhikma.tn\\\/#website\"},\"primaryImageOfPage\":{\"@id\":\"https:\\\/\\\/www.beitalhikma.tn\\\/fr\\\/publication\\\/acces-boutique\\\/epuises-en\\\/la-voie-la-plus-sure-pour-connaitre-letat-des-royaumes-2-volumes\\\/#primaryimage\"},\"image\":{\"@id\":\"https:\\\/\\\/www.beitalhikma.tn\\\/fr\\\/publication\\\/acces-boutique\\\/epuises-en\\\/la-voie-la-plus-sure-pour-connaitre-letat-des-royaumes-2-volumes\\\/#primaryimage\"},\"thumbnailUrl\":\"https:\\\/\\\/www.beitalhikma.tn\\\/wp-content\\\/uploads\\\/2015\\\/02\\\/Sans-titre11.png\",\"datePublished\":\"2015-02-04T08:42:54+00:00\",\"dateModified\":\"2025-09-25T08:01:21+00:00\",\"breadcrumb\":{\"@id\":\"https:\\\/\\\/www.beitalhikma.tn\\\/fr\\\/publication\\\/acces-boutique\\\/epuises-en\\\/la-voie-la-plus-sure-pour-connaitre-letat-des-royaumes-2-volumes\\\/#breadcrumb\"},\"inLanguage\":\"fr-FR\",\"potentialAction\":[{\"@type\":\"ReadAction\",\"target\":[\"https:\\\/\\\/www.beitalhikma.tn\\\/fr\\\/publication\\\/acces-boutique\\\/epuises-en\\\/la-voie-la-plus-sure-pour-connaitre-letat-des-royaumes-2-volumes\\\/\"]}]},{\"@type\":\"ImageObject\",\"inLanguage\":\"fr-FR\",\"@id\":\"https:\\\/\\\/www.beitalhikma.tn\\\/fr\\\/publication\\\/acces-boutique\\\/epuises-en\\\/la-voie-la-plus-sure-pour-connaitre-letat-des-royaumes-2-volumes\\\/#primaryimage\",\"url\":\"https:\\\/\\\/www.beitalhikma.tn\\\/wp-content\\\/uploads\\\/2015\\\/02\\\/Sans-titre11.png\",\"contentUrl\":\"https:\\\/\\\/www.beitalhikma.tn\\\/wp-content\\\/uploads\\\/2015\\\/02\\\/Sans-titre11.png\",\"width\":228,\"height\":294},{\"@type\":\"BreadcrumbList\",\"@id\":\"https:\\\/\\\/www.beitalhikma.tn\\\/fr\\\/publication\\\/acces-boutique\\\/epuises-en\\\/la-voie-la-plus-sure-pour-connaitre-letat-des-royaumes-2-volumes\\\/#breadcrumb\",\"itemListElement\":[{\"@type\":\"ListItem\",\"position\":1,\"name\":\"Accueil\",\"item\":\"https:\\\/\\\/www.beitalhikma.tn\\\/fr\\\/\"},{\"@type\":\"ListItem\",\"position\":2,\"name\":\"Boutique\",\"item\":\"https:\\\/\\\/www.beitalhikma.tn\\\/fr\\\/boutique\\\/\"},{\"@type\":\"ListItem\",\"position\":3,\"name\":\"La voie la plus s\u00fbre pour conna\u00eetre l\u2019\u00e9tat des Royaumes , (2 volumes)\"}]},{\"@type\":\"WebSite\",\"@id\":\"https:\\\/\\\/www.beitalhikma.tn\\\/#website\",\"url\":\"https:\\\/\\\/www.beitalhikma.tn\\\/\",\"name\":\"Beit al-Hikma\",\"description\":\"L&#039;Acad\u00e9mie Tunisienne des Sciences, des Lettres  et des Arts\",\"publisher\":{\"@id\":\"https:\\\/\\\/www.beitalhikma.tn\\\/#organization\"},\"potentialAction\":[{\"@type\":\"SearchAction\",\"target\":{\"@type\":\"EntryPoint\",\"urlTemplate\":\"https:\\\/\\\/www.beitalhikma.tn\\\/?s={search_term_string}\"},\"query-input\":{\"@type\":\"PropertyValueSpecification\",\"valueRequired\":true,\"valueName\":\"search_term_string\"}}],\"inLanguage\":\"fr-FR\"},{\"@type\":\"Organization\",\"@id\":\"https:\\\/\\\/www.beitalhikma.tn\\\/#organization\",\"name\":\"Beit Al Hikma\",\"url\":\"https:\\\/\\\/www.beitalhikma.tn\\\/\",\"logo\":{\"@type\":\"ImageObject\",\"inLanguage\":\"fr-FR\",\"@id\":\"https:\\\/\\\/www.beitalhikma.tn\\\/#\\\/schema\\\/logo\\\/image\\\/\",\"url\":\"https:\\\/\\\/www.beitalhikma.tn\\\/wp-content\\\/uploads\\\/2014\\\/11\\\/logo.png\",\"contentUrl\":\"https:\\\/\\\/www.beitalhikma.tn\\\/wp-content\\\/uploads\\\/2014\\\/11\\\/logo.png\",\"width\":288,\"height\":109,\"caption\":\"Beit Al Hikma\"},\"image\":{\"@id\":\"https:\\\/\\\/www.beitalhikma.tn\\\/#\\\/schema\\\/logo\\\/image\\\/\"},\"sameAs\":[\"https:\\\/\\\/www.facebook.com\\\/BeitalhikmaTunisie\\\/\",\"https:\\\/\\\/x.com\\\/Beit_alhikma_TN\",\"https:\\\/\\\/www.youtube.com\\\/channel\\\/UCl8EfDXqt5MFfcEY0UYhevg\"]}]}<\/script>\n<!-- \/ Yoast SEO plugin. -->","yoast_head_json":{"title":"La voie la plus s\u00fbre pour conna\u00eetre l\u2019\u00e9tat des Royaumes , (2 volumes) - Beit al-Hikma","robots":{"index":"index","follow":"follow","max-snippet":"max-snippet:-1","max-image-preview":"max-image-preview:large","max-video-preview":"max-video-preview:-1"},"canonical":"https:\/\/www.beitalhikma.tn\/fr\/publication\/acces-boutique\/epuises-en\/la-voie-la-plus-sure-pour-connaitre-letat-des-royaumes-2-volumes\/","og_locale":"fr_FR","og_type":"article","og_title":"La voie la plus s\u00fbre pour conna\u00eetre l\u2019\u00e9tat des Royaumes , (2 volumes) - Beit al-Hikma","og_description":"Titre de l\u2019ouvrage : La voie la plus s\u00fbre pour conna\u00eetre l'\u00e9tat des Royaumes (2 volumes) Auteur : Kheireddine Attounsi Texte \u00e9tabli par : Moncef Chenoufi  Langue : arabe  Edition : 3\u00e8me \u00e9dition  Date de parution : 2013  Format : 16x24  ISBN : 9789973929617 \/ 9789973929624  Nombre de pages : 1065 Th\u00e8me : relation de voyage  Poids : 1900 gr Situation : \u00e9puis\u00e9","og_url":"https:\/\/www.beitalhikma.tn\/fr\/publication\/acces-boutique\/epuises-en\/la-voie-la-plus-sure-pour-connaitre-letat-des-royaumes-2-volumes\/","og_site_name":"Beit al-Hikma","article_publisher":"https:\/\/www.facebook.com\/BeitalhikmaTunisie\/","article_modified_time":"2025-09-25T08:01:21+00:00","og_image":[{"width":228,"height":294,"url":"https:\/\/www.beitalhikma.tn\/wp-content\/uploads\/2015\/02\/Sans-titre11.png","type":"image\/png"}],"twitter_card":"summary_large_image","twitter_site":"@Beit_alhikma_TN","twitter_misc":{"Dur\u00e9e de lecture estim\u00e9e":"1 minute"},"schema":{"@context":"https:\/\/schema.org","@graph":[{"@type":"WebPage","@id":"https:\/\/www.beitalhikma.tn\/fr\/publication\/acces-boutique\/epuises-en\/la-voie-la-plus-sure-pour-connaitre-letat-des-royaumes-2-volumes\/","url":"https:\/\/www.beitalhikma.tn\/fr\/publication\/acces-boutique\/epuises-en\/la-voie-la-plus-sure-pour-connaitre-letat-des-royaumes-2-volumes\/","name":"La voie la plus s\u00fbre pour conna\u00eetre l\u2019\u00e9tat des Royaumes , (2 volumes) - Beit al-Hikma","isPartOf":{"@id":"https:\/\/www.beitalhikma.tn\/#website"},"primaryImageOfPage":{"@id":"https:\/\/www.beitalhikma.tn\/fr\/publication\/acces-boutique\/epuises-en\/la-voie-la-plus-sure-pour-connaitre-letat-des-royaumes-2-volumes\/#primaryimage"},"image":{"@id":"https:\/\/www.beitalhikma.tn\/fr\/publication\/acces-boutique\/epuises-en\/la-voie-la-plus-sure-pour-connaitre-letat-des-royaumes-2-volumes\/#primaryimage"},"thumbnailUrl":"https:\/\/www.beitalhikma.tn\/wp-content\/uploads\/2015\/02\/Sans-titre11.png","datePublished":"2015-02-04T08:42:54+00:00","dateModified":"2025-09-25T08:01:21+00:00","breadcrumb":{"@id":"https:\/\/www.beitalhikma.tn\/fr\/publication\/acces-boutique\/epuises-en\/la-voie-la-plus-sure-pour-connaitre-letat-des-royaumes-2-volumes\/#breadcrumb"},"inLanguage":"fr-FR","potentialAction":[{"@type":"ReadAction","target":["https:\/\/www.beitalhikma.tn\/fr\/publication\/acces-boutique\/epuises-en\/la-voie-la-plus-sure-pour-connaitre-letat-des-royaumes-2-volumes\/"]}]},{"@type":"ImageObject","inLanguage":"fr-FR","@id":"https:\/\/www.beitalhikma.tn\/fr\/publication\/acces-boutique\/epuises-en\/la-voie-la-plus-sure-pour-connaitre-letat-des-royaumes-2-volumes\/#primaryimage","url":"https:\/\/www.beitalhikma.tn\/wp-content\/uploads\/2015\/02\/Sans-titre11.png","contentUrl":"https:\/\/www.beitalhikma.tn\/wp-content\/uploads\/2015\/02\/Sans-titre11.png","width":228,"height":294},{"@type":"BreadcrumbList","@id":"https:\/\/www.beitalhikma.tn\/fr\/publication\/acces-boutique\/epuises-en\/la-voie-la-plus-sure-pour-connaitre-letat-des-royaumes-2-volumes\/#breadcrumb","itemListElement":[{"@type":"ListItem","position":1,"name":"Accueil","item":"https:\/\/www.beitalhikma.tn\/fr\/"},{"@type":"ListItem","position":2,"name":"Boutique","item":"https:\/\/www.beitalhikma.tn\/fr\/boutique\/"},{"@type":"ListItem","position":3,"name":"La voie la plus s\u00fbre pour conna\u00eetre l\u2019\u00e9tat des Royaumes , (2 volumes)"}]},{"@type":"WebSite","@id":"https:\/\/www.beitalhikma.tn\/#website","url":"https:\/\/www.beitalhikma.tn\/","name":"Beit al-Hikma","description":"L&#039;Acad\u00e9mie Tunisienne des Sciences, des Lettres  et des Arts","publisher":{"@id":"https:\/\/www.beitalhikma.tn\/#organization"},"potentialAction":[{"@type":"SearchAction","target":{"@type":"EntryPoint","urlTemplate":"https:\/\/www.beitalhikma.tn\/?s={search_term_string}"},"query-input":{"@type":"PropertyValueSpecification","valueRequired":true,"valueName":"search_term_string"}}],"inLanguage":"fr-FR"},{"@type":"Organization","@id":"https:\/\/www.beitalhikma.tn\/#organization","name":"Beit Al Hikma","url":"https:\/\/www.beitalhikma.tn\/","logo":{"@type":"ImageObject","inLanguage":"fr-FR","@id":"https:\/\/www.beitalhikma.tn\/#\/schema\/logo\/image\/","url":"https:\/\/www.beitalhikma.tn\/wp-content\/uploads\/2014\/11\/logo.png","contentUrl":"https:\/\/www.beitalhikma.tn\/wp-content\/uploads\/2014\/11\/logo.png","width":288,"height":109,"caption":"Beit Al Hikma"},"image":{"@id":"https:\/\/www.beitalhikma.tn\/#\/schema\/logo\/image\/"},"sameAs":["https:\/\/www.facebook.com\/BeitalhikmaTunisie\/","https:\/\/x.com\/Beit_alhikma_TN","https:\/\/www.youtube.com\/channel\/UCl8EfDXqt5MFfcEY0UYhevg"]}]}},"uagb_featured_image_src":{"full":["https:\/\/www.beitalhikma.tn\/wp-content\/uploads\/2015\/02\/Sans-titre11.png",228,294,false],"thumbnail":["https:\/\/www.beitalhikma.tn\/wp-content\/uploads\/2015\/02\/Sans-titre11.png",228,294,false],"medium":["https:\/\/www.beitalhikma.tn\/wp-content\/uploads\/2015\/02\/Sans-titre11.png",228,294,false],"medium_large":["https:\/\/www.beitalhikma.tn\/wp-content\/uploads\/2015\/02\/Sans-titre11.png",228,294,false],"large":["https:\/\/www.beitalhikma.tn\/wp-content\/uploads\/2015\/02\/Sans-titre11.png",228,294,false],"thumblist":["https:\/\/www.beitalhikma.tn\/wp-content\/uploads\/2015\/02\/Sans-titre11.png",228,294,false],"meccarouselthumb":["https:\/\/www.beitalhikma.tn\/wp-content\/uploads\/2015\/02\/Sans-titre11.png",228,294,false],"gridsquare":["https:\/\/www.beitalhikma.tn\/wp-content\/uploads\/2015\/02\/Sans-titre11.png",202,260,false],"tileview":["https:\/\/www.beitalhikma.tn\/wp-content\/uploads\/2015\/02\/Sans-titre11.png",228,294,false],"1536x1536":["https:\/\/www.beitalhikma.tn\/wp-content\/uploads\/2015\/02\/Sans-titre11.png",228,294,false],"2048x2048":["https:\/\/www.beitalhikma.tn\/wp-content\/uploads\/2015\/02\/Sans-titre11.png",228,294,false],"post-thumbnail":["https:\/\/www.beitalhikma.tn\/wp-content\/uploads\/2015\/02\/Sans-titre11-113x146.png",113,146,true],"50x50":["https:\/\/www.beitalhikma.tn\/wp-content\/uploads\/2015\/02\/Sans-titre11-39x50.png",39,50,true],"portfolio-list":["https:\/\/www.beitalhikma.tn\/wp-content\/uploads\/2015\/02\/Sans-titre11.png",228,294,false],"portfolio-fs":["https:\/\/www.beitalhikma.tn\/wp-content\/uploads\/2015\/02\/Sans-titre11.png",228,294,false],"portfolio-slider":["https:\/\/www.beitalhikma.tn\/wp-content\/uploads\/2015\/02\/Sans-titre11.png",228,294,false],"blog":["https:\/\/www.beitalhikma.tn\/wp-content\/uploads\/2015\/02\/Sans-titre11.png",228,294,false],"blog-single":["https:\/\/www.beitalhikma.tn\/wp-content\/uploads\/2015\/02\/Sans-titre11.png",228,294,false],"blog-item":["https:\/\/www.beitalhikma.tn\/wp-content\/uploads\/2015\/02\/Sans-titre11-228x224.png",228,224,true],"blog-widget":["https:\/\/www.beitalhikma.tn\/wp-content\/uploads\/2015\/02\/Sans-titre11-80x60.png",80,60,true],"features":["https:\/\/www.beitalhikma.tn\/wp-content\/uploads\/2015\/02\/Sans-titre11-90x90.png",90,90,true],"clients-slider":["https:\/\/www.beitalhikma.tn\/wp-content\/uploads\/2015\/02\/Sans-titre11-62x80.png",62,80,true],"offer-slider":["https:\/\/www.beitalhikma.tn\/wp-content\/uploads\/2015\/02\/Sans-titre11.png",228,294,false],"offer-slider-pg":["https:\/\/www.beitalhikma.tn\/wp-content\/uploads\/2015\/02\/Sans-titre11-42x42.png",42,42,true],"woocommerce_thumbnail":["https:\/\/www.beitalhikma.tn\/wp-content\/uploads\/2015\/02\/Sans-titre11.png",228,294,false],"woocommerce_single":["https:\/\/www.beitalhikma.tn\/wp-content\/uploads\/2015\/02\/Sans-titre11.png",228,294,false],"woocommerce_gallery_thumbnail":["https:\/\/www.beitalhikma.tn\/wp-content\/uploads\/2015\/02\/Sans-titre11-100x100.png",100,100,true]},"uagb_author_info":{"display_name":"admin","author_link":"https:\/\/www.beitalhikma.tn\/fr\/author\/"},"uagb_comment_info":0,"uagb_excerpt":"Titre de l\u2019ouvrage : La voie la plus s\u00fbre pour conna\u00eetre l'\u00e9tat des Royaumes (2 volumes) Auteur : Kheireddine Attounsi Texte \u00e9tabli par : Moncef Chenoufi Langue : arabe Edition : 3\u00e8me \u00e9dition Date de parution : 2013 Format : 16x24 ISBN : 9789973929617 \/ 9789973929624 Nombre de pages : 1065 Th\u00e8me : relation de\u2026","_links":{"self":[{"href":"https:\/\/www.beitalhikma.tn\/fr\/wp-json\/wp\/v2\/product\/862","targetHints":{"allow":["GET"]}}],"collection":[{"href":"https:\/\/www.beitalhikma.tn\/fr\/wp-json\/wp\/v2\/product"}],"about":[{"href":"https:\/\/www.beitalhikma.tn\/fr\/wp-json\/wp\/v2\/types\/product"}],"wp:featuredmedia":[{"embeddable":true,"href":"https:\/\/www.beitalhikma.tn\/fr\/wp-json\/wp\/v2\/media\/6186"}],"wp:attachment":[{"href":"https:\/\/www.beitalhikma.tn\/fr\/wp-json\/wp\/v2\/media?parent=862"}],"wp:term":[{"taxonomy":"product_brand","embeddable":true,"href":"https:\/\/www.beitalhikma.tn\/fr\/wp-json\/wp\/v2\/product_brand?post=862"},{"taxonomy":"product_cat","embeddable":true,"href":"https:\/\/www.beitalhikma.tn\/fr\/wp-json\/wp\/v2\/product_cat?post=862"},{"taxonomy":"product_tag","embeddable":true,"href":"https:\/\/www.beitalhikma.tn\/fr\/wp-json\/wp\/v2\/product_tag?post=862"}],"curies":[{"name":"wp","href":"https:\/\/api.w.org\/{rel}","templated":true}]}}