{"id":8685,"date":"2016-09-23T10:55:09","date_gmt":"2016-09-23T09:55:09","guid":{"rendered":"http:\/\/www.beitalhikma.tn\/?post_type=product&#038;p=8685"},"modified":"2024-03-17T10:05:42","modified_gmt":"2024-03-17T09:05:42","slug":"la-culture-de-la-paix-en-afrique","status":"publish","type":"product","link":"https:\/\/www.beitalhikma.tn\/fr\/publication\/acces-boutique\/livres-en-vente\/la-culture-de-la-paix-en-afrique\/","title":{"rendered":"La culture de la paix en Afrique"},"content":{"rendered":"<p><a href=\"http:\/\/www.beitalhikma.tn\/wp-content\/uploads\/2016\/09\/pf9.png\"><img loading=\"lazy\" decoding=\"async\" class=\"aligncenter size-full wp-image-8686\" src=\"http:\/\/www.beitalhikma.tn\/wp-content\/uploads\/2016\/09\/pf9.png\" alt=\"pf\" width=\"710\" height=\"550\" srcset=\"https:\/\/www.beitalhikma.tn\/wp-content\/uploads\/2016\/09\/pf9.png 710w, https:\/\/www.beitalhikma.tn\/wp-content\/uploads\/2016\/09\/pf9-250x194.png 250w, https:\/\/www.beitalhikma.tn\/wp-content\/uploads\/2016\/09\/pf9-300x232.png 300w, https:\/\/www.beitalhikma.tn\/wp-content\/uploads\/2016\/09\/pf9-188x146.png 188w, https:\/\/www.beitalhikma.tn\/wp-content\/uploads\/2016\/09\/pf9-50x39.png 50w, https:\/\/www.beitalhikma.tn\/wp-content\/uploads\/2016\/09\/pf9-103x80.png 103w\" sizes=\"auto, (max-width: 710px) 100vw, 710px\" \/><\/a><\/p>\n","protected":false},"excerpt":{"rendered":"<ul>\n<li><strong>Titre de l\u2019ouvrage :<\/strong> La culture<br \/>\nde la paix en Afrique<br \/>\n<strong>Auteur :<\/strong> Che\u00efkh Hamidou Kane<\/li>\n<li><strong>Langue :<\/strong><b>fran\u00e7ais<\/b><\/li>\n<li><strong>Date de parution :<\/strong> 2007<\/li>\n<li><strong>Format :<\/strong> 12&#215;20<\/li>\n<li><strong>ISBN :<\/strong> 9789973490438<\/li>\n<li><strong>Nombre de pages :<\/strong> 30<br \/>\n<strong>Th\u00e8me :<\/strong> Culture\/Politique<\/li>\n<li><strong>Poids :<\/strong> 50 gr<br \/>\n<b>Situation :\u00a0<\/b>disponible<\/li>\n<\/ul>\n","protected":false},"featured_media":8689,"template":"","meta":{"_uag_custom_page_level_css":""},"product_brand":[],"product_cat":[11],"product_tag":[],"class_list":{"0":"post-8685","1":"product","2":"type-product","3":"status-publish","4":"has-post-thumbnail","6":"product_cat-livres-en-vente","8":"first","9":"instock","10":"sale","11":"shipping-taxable","12":"purchasable","13":"product-type-simple"},"yoast_head":"<!-- This site is optimized with the Yoast SEO plugin v27.3 - https:\/\/yoast.com\/product\/yoast-seo-wordpress\/ -->\n<title>La culture de la paix en Afrique - Beit al-Hikma<\/title>\n<meta name=\"robots\" content=\"index, follow, max-snippet:-1, max-image-preview:large, max-video-preview:-1\" \/>\n<link rel=\"canonical\" href=\"https:\/\/www.beitalhikma.tn\/fr\/publication\/acces-boutique\/livres-en-vente\/la-culture-de-la-paix-en-afrique\/\" \/>\n<meta property=\"og:locale\" content=\"fr_FR\" \/>\n<meta property=\"og:type\" content=\"article\" \/>\n<meta property=\"og:title\" content=\"La culture de la paix en Afrique - Beit al-Hikma\" \/>\n<meta property=\"og:description\" content=\"Titre de l\u2019ouvrage : La culture de la paix en Afrique Auteur : Che\u00efkh Hamidou Kane  Langue :fran\u00e7ais  Date de parution : 2007  Format : 12x20  ISBN : 9789973490438  Nombre de pages : 30 Th\u00e8me : Culture\/Politique  Poids : 50 gr Situation :\u00a0disponible\" \/>\n<meta property=\"og:url\" content=\"https:\/\/www.beitalhikma.tn\/fr\/publication\/acces-boutique\/livres-en-vente\/la-culture-de-la-paix-en-afrique\/\" \/>\n<meta property=\"og:site_name\" content=\"Beit al-Hikma\" \/>\n<meta property=\"article:publisher\" content=\"https:\/\/www.facebook.com\/BeitalhikmaTunisie\/\" \/>\n<meta property=\"article:modified_time\" content=\"2024-03-17T09:05:42+00:00\" \/>\n<meta property=\"og:image\" content=\"https:\/\/www.beitalhikma.tn\/wp-content\/uploads\/2016\/09\/couverture4.png\" \/>\n\t<meta property=\"og:image:width\" content=\"219\" \/>\n\t<meta property=\"og:image:height\" content=\"396\" \/>\n\t<meta property=\"og:image:type\" content=\"image\/png\" \/>\n<meta name=\"twitter:card\" content=\"summary_large_image\" \/>\n<meta name=\"twitter:site\" content=\"@Beit_alhikma_TN\" \/>\n<script type=\"application\/ld+json\" class=\"yoast-schema-graph\">{\"@context\":\"https:\\\/\\\/schema.org\",\"@graph\":[{\"@type\":\"WebPage\",\"@id\":\"https:\\\/\\\/www.beitalhikma.tn\\\/fr\\\/publication\\\/acces-boutique\\\/livres-en-vente\\\/la-culture-de-la-paix-en-afrique\\\/\",\"url\":\"https:\\\/\\\/www.beitalhikma.tn\\\/fr\\\/publication\\\/acces-boutique\\\/livres-en-vente\\\/la-culture-de-la-paix-en-afrique\\\/\",\"name\":\"La culture de la paix en Afrique - Beit al-Hikma\",\"isPartOf\":{\"@id\":\"https:\\\/\\\/www.beitalhikma.tn\\\/#website\"},\"primaryImageOfPage\":{\"@id\":\"https:\\\/\\\/www.beitalhikma.tn\\\/fr\\\/publication\\\/acces-boutique\\\/livres-en-vente\\\/la-culture-de-la-paix-en-afrique\\\/#primaryimage\"},\"image\":{\"@id\":\"https:\\\/\\\/www.beitalhikma.tn\\\/fr\\\/publication\\\/acces-boutique\\\/livres-en-vente\\\/la-culture-de-la-paix-en-afrique\\\/#primaryimage\"},\"thumbnailUrl\":\"https:\\\/\\\/www.beitalhikma.tn\\\/wp-content\\\/uploads\\\/2016\\\/09\\\/couverture4.png\",\"datePublished\":\"2016-09-23T09:55:09+00:00\",\"dateModified\":\"2024-03-17T09:05:42+00:00\",\"breadcrumb\":{\"@id\":\"https:\\\/\\\/www.beitalhikma.tn\\\/fr\\\/publication\\\/acces-boutique\\\/livres-en-vente\\\/la-culture-de-la-paix-en-afrique\\\/#breadcrumb\"},\"inLanguage\":\"fr-FR\",\"potentialAction\":[{\"@type\":\"ReadAction\",\"target\":[\"https:\\\/\\\/www.beitalhikma.tn\\\/fr\\\/publication\\\/acces-boutique\\\/livres-en-vente\\\/la-culture-de-la-paix-en-afrique\\\/\"]}]},{\"@type\":\"ImageObject\",\"inLanguage\":\"fr-FR\",\"@id\":\"https:\\\/\\\/www.beitalhikma.tn\\\/fr\\\/publication\\\/acces-boutique\\\/livres-en-vente\\\/la-culture-de-la-paix-en-afrique\\\/#primaryimage\",\"url\":\"https:\\\/\\\/www.beitalhikma.tn\\\/wp-content\\\/uploads\\\/2016\\\/09\\\/couverture4.png\",\"contentUrl\":\"https:\\\/\\\/www.beitalhikma.tn\\\/wp-content\\\/uploads\\\/2016\\\/09\\\/couverture4.png\",\"width\":219,\"height\":396},{\"@type\":\"BreadcrumbList\",\"@id\":\"https:\\\/\\\/www.beitalhikma.tn\\\/fr\\\/publication\\\/acces-boutique\\\/livres-en-vente\\\/la-culture-de-la-paix-en-afrique\\\/#breadcrumb\",\"itemListElement\":[{\"@type\":\"ListItem\",\"position\":1,\"name\":\"Accueil\",\"item\":\"https:\\\/\\\/www.beitalhikma.tn\\\/fr\\\/\"},{\"@type\":\"ListItem\",\"position\":2,\"name\":\"Boutique\",\"item\":\"https:\\\/\\\/www.beitalhikma.tn\\\/fr\\\/boutique\\\/\"},{\"@type\":\"ListItem\",\"position\":3,\"name\":\"La culture de la paix en Afrique\"}]},{\"@type\":\"WebSite\",\"@id\":\"https:\\\/\\\/www.beitalhikma.tn\\\/#website\",\"url\":\"https:\\\/\\\/www.beitalhikma.tn\\\/\",\"name\":\"Beit al-Hikma\",\"description\":\"L&#039;Acad\u00e9mie Tunisienne des Sciences, des Lettres  et des Arts\",\"publisher\":{\"@id\":\"https:\\\/\\\/www.beitalhikma.tn\\\/#organization\"},\"potentialAction\":[{\"@type\":\"SearchAction\",\"target\":{\"@type\":\"EntryPoint\",\"urlTemplate\":\"https:\\\/\\\/www.beitalhikma.tn\\\/?s={search_term_string}\"},\"query-input\":{\"@type\":\"PropertyValueSpecification\",\"valueRequired\":true,\"valueName\":\"search_term_string\"}}],\"inLanguage\":\"fr-FR\"},{\"@type\":\"Organization\",\"@id\":\"https:\\\/\\\/www.beitalhikma.tn\\\/#organization\",\"name\":\"Beit Al Hikma\",\"url\":\"https:\\\/\\\/www.beitalhikma.tn\\\/\",\"logo\":{\"@type\":\"ImageObject\",\"inLanguage\":\"fr-FR\",\"@id\":\"https:\\\/\\\/www.beitalhikma.tn\\\/#\\\/schema\\\/logo\\\/image\\\/\",\"url\":\"https:\\\/\\\/www.beitalhikma.tn\\\/wp-content\\\/uploads\\\/2014\\\/11\\\/logo.png\",\"contentUrl\":\"https:\\\/\\\/www.beitalhikma.tn\\\/wp-content\\\/uploads\\\/2014\\\/11\\\/logo.png\",\"width\":288,\"height\":109,\"caption\":\"Beit Al Hikma\"},\"image\":{\"@id\":\"https:\\\/\\\/www.beitalhikma.tn\\\/#\\\/schema\\\/logo\\\/image\\\/\"},\"sameAs\":[\"https:\\\/\\\/www.facebook.com\\\/BeitalhikmaTunisie\\\/\",\"https:\\\/\\\/x.com\\\/Beit_alhikma_TN\",\"https:\\\/\\\/www.youtube.com\\\/channel\\\/UCl8EfDXqt5MFfcEY0UYhevg\"]}]}<\/script>\n<!-- \/ Yoast SEO plugin. -->","yoast_head_json":{"title":"La culture de la paix en Afrique - Beit al-Hikma","robots":{"index":"index","follow":"follow","max-snippet":"max-snippet:-1","max-image-preview":"max-image-preview:large","max-video-preview":"max-video-preview:-1"},"canonical":"https:\/\/www.beitalhikma.tn\/fr\/publication\/acces-boutique\/livres-en-vente\/la-culture-de-la-paix-en-afrique\/","og_locale":"fr_FR","og_type":"article","og_title":"La culture de la paix en Afrique - Beit al-Hikma","og_description":"Titre de l\u2019ouvrage : La culture de la paix en Afrique Auteur : Che\u00efkh Hamidou Kane  Langue :fran\u00e7ais  Date de parution : 2007  Format : 12x20  ISBN : 9789973490438  Nombre de pages : 30 Th\u00e8me : Culture\/Politique  Poids : 50 gr Situation :\u00a0disponible","og_url":"https:\/\/www.beitalhikma.tn\/fr\/publication\/acces-boutique\/livres-en-vente\/la-culture-de-la-paix-en-afrique\/","og_site_name":"Beit al-Hikma","article_publisher":"https:\/\/www.facebook.com\/BeitalhikmaTunisie\/","article_modified_time":"2024-03-17T09:05:42+00:00","og_image":[{"width":219,"height":396,"url":"https:\/\/www.beitalhikma.tn\/wp-content\/uploads\/2016\/09\/couverture4.png","type":"image\/png"}],"twitter_card":"summary_large_image","twitter_site":"@Beit_alhikma_TN","schema":{"@context":"https:\/\/schema.org","@graph":[{"@type":"WebPage","@id":"https:\/\/www.beitalhikma.tn\/fr\/publication\/acces-boutique\/livres-en-vente\/la-culture-de-la-paix-en-afrique\/","url":"https:\/\/www.beitalhikma.tn\/fr\/publication\/acces-boutique\/livres-en-vente\/la-culture-de-la-paix-en-afrique\/","name":"La culture de la paix en Afrique - Beit al-Hikma","isPartOf":{"@id":"https:\/\/www.beitalhikma.tn\/#website"},"primaryImageOfPage":{"@id":"https:\/\/www.beitalhikma.tn\/fr\/publication\/acces-boutique\/livres-en-vente\/la-culture-de-la-paix-en-afrique\/#primaryimage"},"image":{"@id":"https:\/\/www.beitalhikma.tn\/fr\/publication\/acces-boutique\/livres-en-vente\/la-culture-de-la-paix-en-afrique\/#primaryimage"},"thumbnailUrl":"https:\/\/www.beitalhikma.tn\/wp-content\/uploads\/2016\/09\/couverture4.png","datePublished":"2016-09-23T09:55:09+00:00","dateModified":"2024-03-17T09:05:42+00:00","breadcrumb":{"@id":"https:\/\/www.beitalhikma.tn\/fr\/publication\/acces-boutique\/livres-en-vente\/la-culture-de-la-paix-en-afrique\/#breadcrumb"},"inLanguage":"fr-FR","potentialAction":[{"@type":"ReadAction","target":["https:\/\/www.beitalhikma.tn\/fr\/publication\/acces-boutique\/livres-en-vente\/la-culture-de-la-paix-en-afrique\/"]}]},{"@type":"ImageObject","inLanguage":"fr-FR","@id":"https:\/\/www.beitalhikma.tn\/fr\/publication\/acces-boutique\/livres-en-vente\/la-culture-de-la-paix-en-afrique\/#primaryimage","url":"https:\/\/www.beitalhikma.tn\/wp-content\/uploads\/2016\/09\/couverture4.png","contentUrl":"https:\/\/www.beitalhikma.tn\/wp-content\/uploads\/2016\/09\/couverture4.png","width":219,"height":396},{"@type":"BreadcrumbList","@id":"https:\/\/www.beitalhikma.tn\/fr\/publication\/acces-boutique\/livres-en-vente\/la-culture-de-la-paix-en-afrique\/#breadcrumb","itemListElement":[{"@type":"ListItem","position":1,"name":"Accueil","item":"https:\/\/www.beitalhikma.tn\/fr\/"},{"@type":"ListItem","position":2,"name":"Boutique","item":"https:\/\/www.beitalhikma.tn\/fr\/boutique\/"},{"@type":"ListItem","position":3,"name":"La culture de la paix en Afrique"}]},{"@type":"WebSite","@id":"https:\/\/www.beitalhikma.tn\/#website","url":"https:\/\/www.beitalhikma.tn\/","name":"Beit al-Hikma","description":"L&#039;Acad\u00e9mie Tunisienne des Sciences, des Lettres  et des Arts","publisher":{"@id":"https:\/\/www.beitalhikma.tn\/#organization"},"potentialAction":[{"@type":"SearchAction","target":{"@type":"EntryPoint","urlTemplate":"https:\/\/www.beitalhikma.tn\/?s={search_term_string}"},"query-input":{"@type":"PropertyValueSpecification","valueRequired":true,"valueName":"search_term_string"}}],"inLanguage":"fr-FR"},{"@type":"Organization","@id":"https:\/\/www.beitalhikma.tn\/#organization","name":"Beit Al Hikma","url":"https:\/\/www.beitalhikma.tn\/","logo":{"@type":"ImageObject","inLanguage":"fr-FR","@id":"https:\/\/www.beitalhikma.tn\/#\/schema\/logo\/image\/","url":"https:\/\/www.beitalhikma.tn\/wp-content\/uploads\/2014\/11\/logo.png","contentUrl":"https:\/\/www.beitalhikma.tn\/wp-content\/uploads\/2014\/11\/logo.png","width":288,"height":109,"caption":"Beit Al Hikma"},"image":{"@id":"https:\/\/www.beitalhikma.tn\/#\/schema\/logo\/image\/"},"sameAs":["https:\/\/www.facebook.com\/BeitalhikmaTunisie\/","https:\/\/x.com\/Beit_alhikma_TN","https:\/\/www.youtube.com\/channel\/UCl8EfDXqt5MFfcEY0UYhevg"]}]}},"uagb_featured_image_src":{"full":["https:\/\/www.beitalhikma.tn\/wp-content\/uploads\/2016\/09\/couverture4.png",219,396,false],"thumbnail":["https:\/\/www.beitalhikma.tn\/wp-content\/uploads\/2016\/09\/couverture4-219x300.png",219,300,true],"medium":["https:\/\/www.beitalhikma.tn\/wp-content\/uploads\/2016\/09\/couverture4-166x300.png",166,300,true],"medium_large":["https:\/\/www.beitalhikma.tn\/wp-content\/uploads\/2016\/09\/couverture4.png",219,396,false],"large":["https:\/\/www.beitalhikma.tn\/wp-content\/uploads\/2016\/09\/couverture4.png",219,396,false],"thumblist":["https:\/\/www.beitalhikma.tn\/wp-content\/uploads\/2016\/09\/couverture4.png",166,300,false],"meccarouselthumb":["https:\/\/www.beitalhikma.tn\/wp-content\/uploads\/2016\/09\/couverture4.png",179,324,false],"gridsquare":["https:\/\/www.beitalhikma.tn\/wp-content\/uploads\/2016\/09\/couverture4.png",144,260,false],"tileview":["https:\/\/www.beitalhikma.tn\/wp-content\/uploads\/2016\/09\/couverture4.png",219,396,false],"1536x1536":["https:\/\/www.beitalhikma.tn\/wp-content\/uploads\/2016\/09\/couverture4.png",219,396,false],"2048x2048":["https:\/\/www.beitalhikma.tn\/wp-content\/uploads\/2016\/09\/couverture4.png",219,396,false],"post-thumbnail":["https:\/\/www.beitalhikma.tn\/wp-content\/uploads\/2016\/09\/couverture4-81x146.png",81,146,true],"50x50":["https:\/\/www.beitalhikma.tn\/wp-content\/uploads\/2016\/09\/couverture4-28x50.png",28,50,true],"portfolio-list":["https:\/\/www.beitalhikma.tn\/wp-content\/uploads\/2016\/09\/couverture4.png",219,396,false],"portfolio-fs":["https:\/\/www.beitalhikma.tn\/wp-content\/uploads\/2016\/09\/couverture4.png",219,396,false],"portfolio-slider":["https:\/\/www.beitalhikma.tn\/wp-content\/uploads\/2016\/09\/couverture4-219x380.png",219,380,true],"blog":["https:\/\/www.beitalhikma.tn\/wp-content\/uploads\/2016\/09\/couverture4-219x341.png",219,341,true],"blog-single":["https:\/\/www.beitalhikma.tn\/wp-content\/uploads\/2016\/09\/couverture4.png",219,396,false],"blog-item":["https:\/\/www.beitalhikma.tn\/wp-content\/uploads\/2016\/09\/couverture4-219x224.png",219,224,true],"blog-widget":["https:\/\/www.beitalhikma.tn\/wp-content\/uploads\/2016\/09\/couverture4-80x60.png",80,60,true],"features":["https:\/\/www.beitalhikma.tn\/wp-content\/uploads\/2016\/09\/couverture4-90x90.png",90,90,true],"clients-slider":["https:\/\/www.beitalhikma.tn\/wp-content\/uploads\/2016\/09\/couverture4-44x80.png",44,80,true],"offer-slider":["https:\/\/www.beitalhikma.tn\/wp-content\/uploads\/2016\/09\/couverture4.png",219,396,false],"offer-slider-pg":["https:\/\/www.beitalhikma.tn\/wp-content\/uploads\/2016\/09\/couverture4-42x42.png",42,42,true],"woocommerce_thumbnail":["https:\/\/www.beitalhikma.tn\/wp-content\/uploads\/2016\/09\/couverture4-219x300.png",219,300,true],"woocommerce_single":["https:\/\/www.beitalhikma.tn\/wp-content\/uploads\/2016\/09\/couverture4.png",219,396,false],"woocommerce_gallery_thumbnail":["https:\/\/www.beitalhikma.tn\/wp-content\/uploads\/2016\/09\/couverture4-100x100.png",100,100,true]},"uagb_author_info":{"display_name":"admin","author_link":"https:\/\/www.beitalhikma.tn\/fr\/author\/"},"uagb_comment_info":0,"uagb_excerpt":"Titre de l\u2019ouvrage : La culture de la paix en Afrique Auteur : Che\u00efkh Hamidou Kane Langue :fran\u00e7ais Date de parution : 2007 Format : 12x20 ISBN : 9789973490438 Nombre de pages : 30 Th\u00e8me : Culture\/Politique Poids : 50 gr Situation :\u00a0disponible","_links":{"self":[{"href":"https:\/\/www.beitalhikma.tn\/fr\/wp-json\/wp\/v2\/product\/8685","targetHints":{"allow":["GET"]}}],"collection":[{"href":"https:\/\/www.beitalhikma.tn\/fr\/wp-json\/wp\/v2\/product"}],"about":[{"href":"https:\/\/www.beitalhikma.tn\/fr\/wp-json\/wp\/v2\/types\/product"}],"wp:featuredmedia":[{"embeddable":true,"href":"https:\/\/www.beitalhikma.tn\/fr\/wp-json\/wp\/v2\/media\/8689"}],"wp:attachment":[{"href":"https:\/\/www.beitalhikma.tn\/fr\/wp-json\/wp\/v2\/media?parent=8685"}],"wp:term":[{"taxonomy":"product_brand","embeddable":true,"href":"https:\/\/www.beitalhikma.tn\/fr\/wp-json\/wp\/v2\/product_brand?post=8685"},{"taxonomy":"product_cat","embeddable":true,"href":"https:\/\/www.beitalhikma.tn\/fr\/wp-json\/wp\/v2\/product_cat?post=8685"},{"taxonomy":"product_tag","embeddable":true,"href":"https:\/\/www.beitalhikma.tn\/fr\/wp-json\/wp\/v2\/product_tag?post=8685"}],"curies":[{"name":"wp","href":"https:\/\/api.w.org\/{rel}","templated":true}]}}