{"id":8953,"date":"2016-09-26T09:21:23","date_gmt":"2016-09-26T08:21:51","guid":{"rendered":"http:\/\/www.beitalhikma.tn\/?post_type=product&#038;p=8953&#038;lang=en"},"modified":"2024-03-17T11:00:29","modified_gmt":"2024-03-17T10:00:29","slug":"la-tunisie-dun-siecle-a-lautre-2","status":"publish","type":"product","link":"https:\/\/www.beitalhikma.tn\/fr\/publication\/acces-boutique\/livres-en-vente\/la-tunisie-dun-siecle-a-lautre-2\/","title":{"rendered":"La Tunisie d\u2019un si\u00e8cle \u00e0 l\u2019autre"},"content":{"rendered":"<p><a href=\"http:\/\/www.beitalhikma.tn\/wp-content\/uploads\/2016\/09\/pf30.png\"><img loading=\"lazy\" decoding=\"async\" class=\"aligncenter size-full wp-image-8947\" src=\"http:\/\/www.beitalhikma.tn\/wp-content\/uploads\/2016\/09\/pf30.png\" alt=\"pf\" width=\"717\" height=\"515\" srcset=\"https:\/\/www.beitalhikma.tn\/wp-content\/uploads\/2016\/09\/pf30.png 717w, https:\/\/www.beitalhikma.tn\/wp-content\/uploads\/2016\/09\/pf30-250x180.png 250w, https:\/\/www.beitalhikma.tn\/wp-content\/uploads\/2016\/09\/pf30-300x215.png 300w, https:\/\/www.beitalhikma.tn\/wp-content\/uploads\/2016\/09\/pf30-203x146.png 203w, https:\/\/www.beitalhikma.tn\/wp-content\/uploads\/2016\/09\/pf30-50x36.png 50w, https:\/\/www.beitalhikma.tn\/wp-content\/uploads\/2016\/09\/pf30-111x80.png 111w\" sizes=\"auto, (max-width: 717px) 100vw, 717px\" \/><\/a><\/p>\n","protected":false},"excerpt":{"rendered":"<p><strong>Titre de l\u2019ouvrage :<\/strong> La Tunisie<br \/>\nd\u2019un si\u00e8cle \u00e0 l\u2019autre<br \/>\nActes du Colloque organis\u00e9<br \/>\n\u00e0 Be\u00eft al-Hikma en janvier 2001<br \/>\n<strong>Th\u00e8me :<\/strong> Histoire \/ Politique \/ Culture<br \/>\n<strong>Dimensions :<\/strong> 16&#215;24<br \/>\n<strong>Nombre de pages :<\/strong> 696<br \/>\n<strong>Langue :<\/strong> Arabe<br \/>\n<strong>Date de parution :<\/strong> 2002<br \/>\n<strong>Prix de vente :<\/strong> 20.500 D.T.<\/p>\n<p><strong>I.S.B.N :<\/strong> 978-9973-929-77-2<\/p>\n","protected":false},"featured_media":8951,"template":"","meta":{"_uag_custom_page_level_css":""},"product_brand":[],"product_cat":[11],"product_tag":[],"class_list":{"0":"post-8953","1":"product","2":"type-product","3":"status-publish","4":"has-post-thumbnail","6":"product_cat-livres-en-vente","8":"first","9":"instock","10":"sale","11":"shipping-taxable","12":"purchasable","13":"product-type-simple"},"yoast_head":"<!-- This site is optimized with the Yoast SEO plugin v27.4 - https:\/\/yoast.com\/product\/yoast-seo-wordpress\/ -->\n<title>La Tunisie d\u2019un si\u00e8cle \u00e0 l\u2019autre - Beit al-Hikma<\/title>\n<meta name=\"robots\" content=\"index, follow, max-snippet:-1, max-image-preview:large, max-video-preview:-1\" \/>\n<link rel=\"canonical\" href=\"https:\/\/www.beitalhikma.tn\/fr\/publication\/acces-boutique\/livres-en-vente\/la-tunisie-dun-siecle-a-lautre-2\/\" \/>\n<meta property=\"og:locale\" content=\"fr_FR\" \/>\n<meta property=\"og:type\" content=\"article\" \/>\n<meta property=\"og:title\" content=\"La Tunisie d\u2019un si\u00e8cle \u00e0 l\u2019autre - Beit al-Hikma\" \/>\n<meta property=\"og:description\" content=\"Titre de l\u2019ouvrage : La Tunisie d\u2019un si\u00e8cle \u00e0 l\u2019autre Actes du Colloque organis\u00e9 \u00e0 Be\u00eft al-Hikma en janvier 2001 Th\u00e8me : Histoire \/ Politique \/ Culture Dimensions : 16x24 Nombre de pages : 696 Langue : Arabe Date de parution : 2002 Prix de vente : 20.500 D.T.  I.S.B.N : 978-9973-929-77-2\" \/>\n<meta property=\"og:url\" content=\"https:\/\/www.beitalhikma.tn\/fr\/publication\/acces-boutique\/livres-en-vente\/la-tunisie-dun-siecle-a-lautre-2\/\" \/>\n<meta property=\"og:site_name\" content=\"Beit al-Hikma\" \/>\n<meta property=\"article:publisher\" content=\"https:\/\/www.facebook.com\/BeitalhikmaTunisie\/\" \/>\n<meta property=\"article:modified_time\" content=\"2024-03-17T10:00:29+00:00\" \/>\n<meta property=\"og:image\" content=\"https:\/\/www.beitalhikma.tn\/wp-content\/uploads\/2016\/09\/couverture23.png\" \/>\n\t<meta property=\"og:image:width\" content=\"266\" \/>\n\t<meta property=\"og:image:height\" content=\"399\" \/>\n\t<meta property=\"og:image:type\" content=\"image\/png\" \/>\n<meta name=\"twitter:card\" content=\"summary_large_image\" \/>\n<meta name=\"twitter:site\" content=\"@Beit_alhikma_TN\" \/>\n<script type=\"application\/ld+json\" class=\"yoast-schema-graph\">{\"@context\":\"https:\\\/\\\/schema.org\",\"@graph\":[{\"@type\":\"WebPage\",\"@id\":\"https:\\\/\\\/www.beitalhikma.tn\\\/fr\\\/publication\\\/acces-boutique\\\/livres-en-vente\\\/la-tunisie-dun-siecle-a-lautre-2\\\/\",\"url\":\"https:\\\/\\\/www.beitalhikma.tn\\\/fr\\\/publication\\\/acces-boutique\\\/livres-en-vente\\\/la-tunisie-dun-siecle-a-lautre-2\\\/\",\"name\":\"La Tunisie d\u2019un si\u00e8cle \u00e0 l\u2019autre - Beit al-Hikma\",\"isPartOf\":{\"@id\":\"https:\\\/\\\/www.beitalhikma.tn\\\/#website\"},\"primaryImageOfPage\":{\"@id\":\"https:\\\/\\\/www.beitalhikma.tn\\\/fr\\\/publication\\\/acces-boutique\\\/livres-en-vente\\\/la-tunisie-dun-siecle-a-lautre-2\\\/#primaryimage\"},\"image\":{\"@id\":\"https:\\\/\\\/www.beitalhikma.tn\\\/fr\\\/publication\\\/acces-boutique\\\/livres-en-vente\\\/la-tunisie-dun-siecle-a-lautre-2\\\/#primaryimage\"},\"thumbnailUrl\":\"https:\\\/\\\/www.beitalhikma.tn\\\/wp-content\\\/uploads\\\/2016\\\/09\\\/couverture23.png\",\"datePublished\":\"2016-09-26T08:21:51+00:00\",\"dateModified\":\"2024-03-17T10:00:29+00:00\",\"breadcrumb\":{\"@id\":\"https:\\\/\\\/www.beitalhikma.tn\\\/fr\\\/publication\\\/acces-boutique\\\/livres-en-vente\\\/la-tunisie-dun-siecle-a-lautre-2\\\/#breadcrumb\"},\"inLanguage\":\"fr-FR\",\"potentialAction\":[{\"@type\":\"ReadAction\",\"target\":[\"https:\\\/\\\/www.beitalhikma.tn\\\/fr\\\/publication\\\/acces-boutique\\\/livres-en-vente\\\/la-tunisie-dun-siecle-a-lautre-2\\\/\"]}]},{\"@type\":\"ImageObject\",\"inLanguage\":\"fr-FR\",\"@id\":\"https:\\\/\\\/www.beitalhikma.tn\\\/fr\\\/publication\\\/acces-boutique\\\/livres-en-vente\\\/la-tunisie-dun-siecle-a-lautre-2\\\/#primaryimage\",\"url\":\"https:\\\/\\\/www.beitalhikma.tn\\\/wp-content\\\/uploads\\\/2016\\\/09\\\/couverture23.png\",\"contentUrl\":\"https:\\\/\\\/www.beitalhikma.tn\\\/wp-content\\\/uploads\\\/2016\\\/09\\\/couverture23.png\",\"width\":266,\"height\":399},{\"@type\":\"BreadcrumbList\",\"@id\":\"https:\\\/\\\/www.beitalhikma.tn\\\/fr\\\/publication\\\/acces-boutique\\\/livres-en-vente\\\/la-tunisie-dun-siecle-a-lautre-2\\\/#breadcrumb\",\"itemListElement\":[{\"@type\":\"ListItem\",\"position\":1,\"name\":\"Accueil\",\"item\":\"https:\\\/\\\/www.beitalhikma.tn\\\/fr\\\/\"},{\"@type\":\"ListItem\",\"position\":2,\"name\":\"Boutique\",\"item\":\"https:\\\/\\\/www.beitalhikma.tn\\\/fr\\\/boutique\\\/\"},{\"@type\":\"ListItem\",\"position\":3,\"name\":\"La Tunisie d\u2019un si\u00e8cle \u00e0 l\u2019autre\"}]},{\"@type\":\"WebSite\",\"@id\":\"https:\\\/\\\/www.beitalhikma.tn\\\/#website\",\"url\":\"https:\\\/\\\/www.beitalhikma.tn\\\/\",\"name\":\"Beit al-Hikma\",\"description\":\"L&#039;Acad\u00e9mie Tunisienne des Sciences, des Lettres  et des Arts\",\"publisher\":{\"@id\":\"https:\\\/\\\/www.beitalhikma.tn\\\/#organization\"},\"potentialAction\":[{\"@type\":\"SearchAction\",\"target\":{\"@type\":\"EntryPoint\",\"urlTemplate\":\"https:\\\/\\\/www.beitalhikma.tn\\\/?s={search_term_string}\"},\"query-input\":{\"@type\":\"PropertyValueSpecification\",\"valueRequired\":true,\"valueName\":\"search_term_string\"}}],\"inLanguage\":\"fr-FR\"},{\"@type\":\"Organization\",\"@id\":\"https:\\\/\\\/www.beitalhikma.tn\\\/#organization\",\"name\":\"Beit Al Hikma\",\"url\":\"https:\\\/\\\/www.beitalhikma.tn\\\/\",\"logo\":{\"@type\":\"ImageObject\",\"inLanguage\":\"fr-FR\",\"@id\":\"https:\\\/\\\/www.beitalhikma.tn\\\/#\\\/schema\\\/logo\\\/image\\\/\",\"url\":\"https:\\\/\\\/www.beitalhikma.tn\\\/wp-content\\\/uploads\\\/2014\\\/11\\\/logo.png\",\"contentUrl\":\"https:\\\/\\\/www.beitalhikma.tn\\\/wp-content\\\/uploads\\\/2014\\\/11\\\/logo.png\",\"width\":288,\"height\":109,\"caption\":\"Beit Al Hikma\"},\"image\":{\"@id\":\"https:\\\/\\\/www.beitalhikma.tn\\\/#\\\/schema\\\/logo\\\/image\\\/\"},\"sameAs\":[\"https:\\\/\\\/www.facebook.com\\\/BeitalhikmaTunisie\\\/\",\"https:\\\/\\\/x.com\\\/Beit_alhikma_TN\",\"https:\\\/\\\/www.youtube.com\\\/channel\\\/UCl8EfDXqt5MFfcEY0UYhevg\"]}]}<\/script>\n<!-- \/ Yoast SEO plugin. -->","yoast_head_json":{"title":"La Tunisie d\u2019un si\u00e8cle \u00e0 l\u2019autre - Beit al-Hikma","robots":{"index":"index","follow":"follow","max-snippet":"max-snippet:-1","max-image-preview":"max-image-preview:large","max-video-preview":"max-video-preview:-1"},"canonical":"https:\/\/www.beitalhikma.tn\/fr\/publication\/acces-boutique\/livres-en-vente\/la-tunisie-dun-siecle-a-lautre-2\/","og_locale":"fr_FR","og_type":"article","og_title":"La Tunisie d\u2019un si\u00e8cle \u00e0 l\u2019autre - Beit al-Hikma","og_description":"Titre de l\u2019ouvrage : La Tunisie d\u2019un si\u00e8cle \u00e0 l\u2019autre Actes du Colloque organis\u00e9 \u00e0 Be\u00eft al-Hikma en janvier 2001 Th\u00e8me : Histoire \/ Politique \/ Culture Dimensions : 16x24 Nombre de pages : 696 Langue : Arabe Date de parution : 2002 Prix de vente : 20.500 D.T.  I.S.B.N : 978-9973-929-77-2","og_url":"https:\/\/www.beitalhikma.tn\/fr\/publication\/acces-boutique\/livres-en-vente\/la-tunisie-dun-siecle-a-lautre-2\/","og_site_name":"Beit al-Hikma","article_publisher":"https:\/\/www.facebook.com\/BeitalhikmaTunisie\/","article_modified_time":"2024-03-17T10:00:29+00:00","og_image":[{"width":266,"height":399,"url":"https:\/\/www.beitalhikma.tn\/wp-content\/uploads\/2016\/09\/couverture23.png","type":"image\/png"}],"twitter_card":"summary_large_image","twitter_site":"@Beit_alhikma_TN","schema":{"@context":"https:\/\/schema.org","@graph":[{"@type":"WebPage","@id":"https:\/\/www.beitalhikma.tn\/fr\/publication\/acces-boutique\/livres-en-vente\/la-tunisie-dun-siecle-a-lautre-2\/","url":"https:\/\/www.beitalhikma.tn\/fr\/publication\/acces-boutique\/livres-en-vente\/la-tunisie-dun-siecle-a-lautre-2\/","name":"La Tunisie d\u2019un si\u00e8cle \u00e0 l\u2019autre - Beit al-Hikma","isPartOf":{"@id":"https:\/\/www.beitalhikma.tn\/#website"},"primaryImageOfPage":{"@id":"https:\/\/www.beitalhikma.tn\/fr\/publication\/acces-boutique\/livres-en-vente\/la-tunisie-dun-siecle-a-lautre-2\/#primaryimage"},"image":{"@id":"https:\/\/www.beitalhikma.tn\/fr\/publication\/acces-boutique\/livres-en-vente\/la-tunisie-dun-siecle-a-lautre-2\/#primaryimage"},"thumbnailUrl":"https:\/\/www.beitalhikma.tn\/wp-content\/uploads\/2016\/09\/couverture23.png","datePublished":"2016-09-26T08:21:51+00:00","dateModified":"2024-03-17T10:00:29+00:00","breadcrumb":{"@id":"https:\/\/www.beitalhikma.tn\/fr\/publication\/acces-boutique\/livres-en-vente\/la-tunisie-dun-siecle-a-lautre-2\/#breadcrumb"},"inLanguage":"fr-FR","potentialAction":[{"@type":"ReadAction","target":["https:\/\/www.beitalhikma.tn\/fr\/publication\/acces-boutique\/livres-en-vente\/la-tunisie-dun-siecle-a-lautre-2\/"]}]},{"@type":"ImageObject","inLanguage":"fr-FR","@id":"https:\/\/www.beitalhikma.tn\/fr\/publication\/acces-boutique\/livres-en-vente\/la-tunisie-dun-siecle-a-lautre-2\/#primaryimage","url":"https:\/\/www.beitalhikma.tn\/wp-content\/uploads\/2016\/09\/couverture23.png","contentUrl":"https:\/\/www.beitalhikma.tn\/wp-content\/uploads\/2016\/09\/couverture23.png","width":266,"height":399},{"@type":"BreadcrumbList","@id":"https:\/\/www.beitalhikma.tn\/fr\/publication\/acces-boutique\/livres-en-vente\/la-tunisie-dun-siecle-a-lautre-2\/#breadcrumb","itemListElement":[{"@type":"ListItem","position":1,"name":"Accueil","item":"https:\/\/www.beitalhikma.tn\/fr\/"},{"@type":"ListItem","position":2,"name":"Boutique","item":"https:\/\/www.beitalhikma.tn\/fr\/boutique\/"},{"@type":"ListItem","position":3,"name":"La Tunisie d\u2019un si\u00e8cle \u00e0 l\u2019autre"}]},{"@type":"WebSite","@id":"https:\/\/www.beitalhikma.tn\/#website","url":"https:\/\/www.beitalhikma.tn\/","name":"Beit al-Hikma","description":"L&#039;Acad\u00e9mie Tunisienne des Sciences, des Lettres  et des Arts","publisher":{"@id":"https:\/\/www.beitalhikma.tn\/#organization"},"potentialAction":[{"@type":"SearchAction","target":{"@type":"EntryPoint","urlTemplate":"https:\/\/www.beitalhikma.tn\/?s={search_term_string}"},"query-input":{"@type":"PropertyValueSpecification","valueRequired":true,"valueName":"search_term_string"}}],"inLanguage":"fr-FR"},{"@type":"Organization","@id":"https:\/\/www.beitalhikma.tn\/#organization","name":"Beit Al Hikma","url":"https:\/\/www.beitalhikma.tn\/","logo":{"@type":"ImageObject","inLanguage":"fr-FR","@id":"https:\/\/www.beitalhikma.tn\/#\/schema\/logo\/image\/","url":"https:\/\/www.beitalhikma.tn\/wp-content\/uploads\/2014\/11\/logo.png","contentUrl":"https:\/\/www.beitalhikma.tn\/wp-content\/uploads\/2014\/11\/logo.png","width":288,"height":109,"caption":"Beit Al Hikma"},"image":{"@id":"https:\/\/www.beitalhikma.tn\/#\/schema\/logo\/image\/"},"sameAs":["https:\/\/www.facebook.com\/BeitalhikmaTunisie\/","https:\/\/x.com\/Beit_alhikma_TN","https:\/\/www.youtube.com\/channel\/UCl8EfDXqt5MFfcEY0UYhevg"]}]}},"uagb_featured_image_src":{"full":["https:\/\/www.beitalhikma.tn\/wp-content\/uploads\/2016\/09\/couverture23.png",266,399,false],"thumbnail":["https:\/\/www.beitalhikma.tn\/wp-content\/uploads\/2016\/09\/couverture23-250x300.png",250,300,true],"medium":["https:\/\/www.beitalhikma.tn\/wp-content\/uploads\/2016\/09\/couverture23-200x300.png",200,300,true],"medium_large":["https:\/\/www.beitalhikma.tn\/wp-content\/uploads\/2016\/09\/couverture23.png",266,399,false],"large":["https:\/\/www.beitalhikma.tn\/wp-content\/uploads\/2016\/09\/couverture23.png",266,399,false],"thumblist":["https:\/\/www.beitalhikma.tn\/wp-content\/uploads\/2016\/09\/couverture23.png",200,300,false],"meccarouselthumb":["https:\/\/www.beitalhikma.tn\/wp-content\/uploads\/2016\/09\/couverture23.png",216,324,false],"gridsquare":["https:\/\/www.beitalhikma.tn\/wp-content\/uploads\/2016\/09\/couverture23.png",173,260,false],"tileview":["https:\/\/www.beitalhikma.tn\/wp-content\/uploads\/2016\/09\/couverture23.png",266,399,false],"1536x1536":["https:\/\/www.beitalhikma.tn\/wp-content\/uploads\/2016\/09\/couverture23.png",266,399,false],"2048x2048":["https:\/\/www.beitalhikma.tn\/wp-content\/uploads\/2016\/09\/couverture23.png",266,399,false],"post-thumbnail":["https:\/\/www.beitalhikma.tn\/wp-content\/uploads\/2016\/09\/couverture23-97x146.png",97,146,true],"50x50":["https:\/\/www.beitalhikma.tn\/wp-content\/uploads\/2016\/09\/couverture23-33x50.png",33,50,true],"portfolio-list":["https:\/\/www.beitalhikma.tn\/wp-content\/uploads\/2016\/09\/couverture23.png",266,399,false],"portfolio-fs":["https:\/\/www.beitalhikma.tn\/wp-content\/uploads\/2016\/09\/couverture23.png",266,399,false],"portfolio-slider":["https:\/\/www.beitalhikma.tn\/wp-content\/uploads\/2016\/09\/couverture23-266x380.png",266,380,true],"blog":["https:\/\/www.beitalhikma.tn\/wp-content\/uploads\/2016\/09\/couverture23-266x341.png",266,341,true],"blog-single":["https:\/\/www.beitalhikma.tn\/wp-content\/uploads\/2016\/09\/couverture23.png",266,399,false],"blog-item":["https:\/\/www.beitalhikma.tn\/wp-content\/uploads\/2016\/09\/couverture23-266x224.png",266,224,true],"blog-widget":["https:\/\/www.beitalhikma.tn\/wp-content\/uploads\/2016\/09\/couverture23-80x60.png",80,60,true],"features":["https:\/\/www.beitalhikma.tn\/wp-content\/uploads\/2016\/09\/couverture23-90x90.png",90,90,true],"clients-slider":["https:\/\/www.beitalhikma.tn\/wp-content\/uploads\/2016\/09\/couverture23-53x80.png",53,80,true],"offer-slider":["https:\/\/www.beitalhikma.tn\/wp-content\/uploads\/2016\/09\/couverture23.png",266,399,false],"offer-slider-pg":["https:\/\/www.beitalhikma.tn\/wp-content\/uploads\/2016\/09\/couverture23-42x42.png",42,42,true],"woocommerce_thumbnail":["https:\/\/www.beitalhikma.tn\/wp-content\/uploads\/2016\/09\/couverture23-250x300.png",250,300,true],"woocommerce_single":["https:\/\/www.beitalhikma.tn\/wp-content\/uploads\/2016\/09\/couverture23-250x375.png",250,375,true],"woocommerce_gallery_thumbnail":["https:\/\/www.beitalhikma.tn\/wp-content\/uploads\/2016\/09\/couverture23-100x100.png",100,100,true]},"uagb_author_info":{"display_name":"admin","author_link":"https:\/\/www.beitalhikma.tn\/fr\/author\/"},"uagb_comment_info":0,"uagb_excerpt":"Titre de l\u2019ouvrage : La Tunisie d\u2019un si\u00e8cle \u00e0 l\u2019autre Actes du Colloque organis\u00e9 \u00e0 Be\u00eft al-Hikma en janvier 2001 Th\u00e8me : Histoire \/ Politique \/ Culture Dimensions : 16x24 Nombre de pages : 696 Langue : Arabe Date de parution : 2002 Prix de vente : 20.500 D.T. I.S.B.N : 978-9973-929-77-2","_links":{"self":[{"href":"https:\/\/www.beitalhikma.tn\/fr\/wp-json\/wp\/v2\/product\/8953","targetHints":{"allow":["GET"]}}],"collection":[{"href":"https:\/\/www.beitalhikma.tn\/fr\/wp-json\/wp\/v2\/product"}],"about":[{"href":"https:\/\/www.beitalhikma.tn\/fr\/wp-json\/wp\/v2\/types\/product"}],"wp:featuredmedia":[{"embeddable":true,"href":"https:\/\/www.beitalhikma.tn\/fr\/wp-json\/wp\/v2\/media\/8951"}],"wp:attachment":[{"href":"https:\/\/www.beitalhikma.tn\/fr\/wp-json\/wp\/v2\/media?parent=8953"}],"wp:term":[{"taxonomy":"product_brand","embeddable":true,"href":"https:\/\/www.beitalhikma.tn\/fr\/wp-json\/wp\/v2\/product_brand?post=8953"},{"taxonomy":"product_cat","embeddable":true,"href":"https:\/\/www.beitalhikma.tn\/fr\/wp-json\/wp\/v2\/product_cat?post=8953"},{"taxonomy":"product_tag","embeddable":true,"href":"https:\/\/www.beitalhikma.tn\/fr\/wp-json\/wp\/v2\/product_tag?post=8953"}],"curies":[{"name":"wp","href":"https:\/\/api.w.org\/{rel}","templated":true}]}}