{"id":9097,"date":"2016-09-26T11:04:32","date_gmt":"2016-09-26T10:04:57","guid":{"rendered":"http:\/\/www.beitalhikma.tn\/?post_type=product&#038;p=9097&#038;lang=en"},"modified":"2022-09-09T12:27:25","modified_gmt":"2022-09-09T11:27:25","slug":"kant-modernite-esthetique-et-modernite-politique","status":"publish","type":"product","link":"https:\/\/www.beitalhikma.tn\/fr\/publication\/acces-boutique\/epuises-en\/kant-modernite-esthetique-et-modernite-politique\/","title":{"rendered":"KANT : modernit\u00e9 esth\u00e9tique et modernit\u00e9 politique"},"content":{"rendered":"<p><a href=\"http:\/\/www.beitalhikma.tn\/wp-content\/uploads\/2016\/09\/pf42.png\"><img loading=\"lazy\" decoding=\"async\" class=\"aligncenter size-full wp-image-9091\" src=\"http:\/\/www.beitalhikma.tn\/wp-content\/uploads\/2016\/09\/pf42.png\" alt=\"pf\" width=\"725\" height=\"526\" srcset=\"https:\/\/www.beitalhikma.tn\/wp-content\/uploads\/2016\/09\/pf42.png 725w, https:\/\/www.beitalhikma.tn\/wp-content\/uploads\/2016\/09\/pf42-250x181.png 250w, https:\/\/www.beitalhikma.tn\/wp-content\/uploads\/2016\/09\/pf42-300x218.png 300w, https:\/\/www.beitalhikma.tn\/wp-content\/uploads\/2016\/09\/pf42-201x146.png 201w, https:\/\/www.beitalhikma.tn\/wp-content\/uploads\/2016\/09\/pf42-50x36.png 50w, https:\/\/www.beitalhikma.tn\/wp-content\/uploads\/2016\/09\/pf42-110x80.png 110w\" sizes=\"auto, (max-width: 725px) 100vw, 725px\" \/><\/a><\/p>\n","protected":false},"excerpt":{"rendered":"<p><strong>Titre de l\u2019ouvrage<\/strong> : KANT :modernit\u00e9 esth\u00e9tique<br \/>\net modernit\u00e9 politique<br \/>\nActes du Colloque organis\u00e9 par<br \/>\nBe\u00eft al-Hikma en d\u00e9cembre 2004<br \/>\n<strong>Th\u00e8me<\/strong> : Philosophie<br \/>\n<strong>Dimensions<\/strong> : 16&#215;24<br \/>\n<strong>Nombre de pages<\/strong> : 160<br \/>\n<strong>Langues :<\/strong> arabe et fran\u00e7aise<br \/>\n<strong>Date de parution :<\/strong> 2005<br \/>\n<strong>Prix de vente :<\/strong> 6.500 D.T.<\/p>\n<p><strong>I.S.B.N :<\/strong> 978-9973-49-015-0<\/p>\n","protected":false},"featured_media":9095,"template":"","meta":{"_uag_custom_page_level_css":""},"product_brand":[],"product_cat":[51],"product_tag":[],"class_list":{"0":"post-9097","1":"product","2":"type-product","3":"status-publish","4":"has-post-thumbnail","6":"product_cat-epuises-en","8":"first","9":"outofstock","10":"sale","11":"shipping-taxable","12":"purchasable","13":"product-type-simple"},"yoast_head":"<!-- This site is optimized with the Yoast SEO plugin v27.3 - https:\/\/yoast.com\/product\/yoast-seo-wordpress\/ -->\n<title>KANT : modernit\u00e9 esth\u00e9tique et modernit\u00e9 politique - Beit al-Hikma<\/title>\n<meta name=\"robots\" content=\"index, follow, max-snippet:-1, max-image-preview:large, max-video-preview:-1\" \/>\n<link rel=\"canonical\" href=\"https:\/\/www.beitalhikma.tn\/fr\/publication\/acces-boutique\/epuises-en\/kant-modernite-esthetique-et-modernite-politique\/\" \/>\n<meta property=\"og:locale\" content=\"fr_FR\" \/>\n<meta property=\"og:type\" content=\"article\" \/>\n<meta property=\"og:title\" content=\"KANT : modernit\u00e9 esth\u00e9tique et modernit\u00e9 politique - Beit al-Hikma\" \/>\n<meta property=\"og:description\" content=\"Titre de l\u2019ouvrage : KANT :modernit\u00e9 esth\u00e9tique et modernit\u00e9 politique Actes du Colloque organis\u00e9 par Be\u00eft al-Hikma en d\u00e9cembre 2004 Th\u00e8me : Philosophie Dimensions : 16x24 Nombre de pages : 160 Langues : arabe et fran\u00e7aise Date de parution : 2005 Prix de vente : 6.500 D.T.  I.S.B.N : 978-9973-49-015-0\" \/>\n<meta property=\"og:url\" content=\"https:\/\/www.beitalhikma.tn\/fr\/publication\/acces-boutique\/epuises-en\/kant-modernite-esthetique-et-modernite-politique\/\" \/>\n<meta property=\"og:site_name\" content=\"Beit al-Hikma\" \/>\n<meta property=\"article:publisher\" content=\"https:\/\/www.facebook.com\/BeitalhikmaTunisie\/\" \/>\n<meta property=\"article:modified_time\" content=\"2022-09-09T11:27:25+00:00\" \/>\n<meta property=\"og:image\" content=\"https:\/\/www.beitalhikma.tn\/wp-content\/uploads\/2016\/09\/couverture35.png\" \/>\n\t<meta property=\"og:image:width\" content=\"266\" \/>\n\t<meta property=\"og:image:height\" content=\"399\" \/>\n\t<meta property=\"og:image:type\" content=\"image\/png\" \/>\n<meta name=\"twitter:card\" content=\"summary_large_image\" \/>\n<meta name=\"twitter:site\" content=\"@Beit_alhikma_TN\" \/>\n<script type=\"application\/ld+json\" class=\"yoast-schema-graph\">{\"@context\":\"https:\\\/\\\/schema.org\",\"@graph\":[{\"@type\":\"WebPage\",\"@id\":\"https:\\\/\\\/www.beitalhikma.tn\\\/fr\\\/publication\\\/acces-boutique\\\/epuises-en\\\/kant-modernite-esthetique-et-modernite-politique\\\/\",\"url\":\"https:\\\/\\\/www.beitalhikma.tn\\\/fr\\\/publication\\\/acces-boutique\\\/epuises-en\\\/kant-modernite-esthetique-et-modernite-politique\\\/\",\"name\":\"KANT : modernit\u00e9 esth\u00e9tique et modernit\u00e9 politique - Beit al-Hikma\",\"isPartOf\":{\"@id\":\"https:\\\/\\\/www.beitalhikma.tn\\\/#website\"},\"primaryImageOfPage\":{\"@id\":\"https:\\\/\\\/www.beitalhikma.tn\\\/fr\\\/publication\\\/acces-boutique\\\/epuises-en\\\/kant-modernite-esthetique-et-modernite-politique\\\/#primaryimage\"},\"image\":{\"@id\":\"https:\\\/\\\/www.beitalhikma.tn\\\/fr\\\/publication\\\/acces-boutique\\\/epuises-en\\\/kant-modernite-esthetique-et-modernite-politique\\\/#primaryimage\"},\"thumbnailUrl\":\"https:\\\/\\\/www.beitalhikma.tn\\\/wp-content\\\/uploads\\\/2016\\\/09\\\/couverture35.png\",\"datePublished\":\"2016-09-26T10:04:57+00:00\",\"dateModified\":\"2022-09-09T11:27:25+00:00\",\"breadcrumb\":{\"@id\":\"https:\\\/\\\/www.beitalhikma.tn\\\/fr\\\/publication\\\/acces-boutique\\\/epuises-en\\\/kant-modernite-esthetique-et-modernite-politique\\\/#breadcrumb\"},\"inLanguage\":\"fr-FR\",\"potentialAction\":[{\"@type\":\"ReadAction\",\"target\":[\"https:\\\/\\\/www.beitalhikma.tn\\\/fr\\\/publication\\\/acces-boutique\\\/epuises-en\\\/kant-modernite-esthetique-et-modernite-politique\\\/\"]}]},{\"@type\":\"ImageObject\",\"inLanguage\":\"fr-FR\",\"@id\":\"https:\\\/\\\/www.beitalhikma.tn\\\/fr\\\/publication\\\/acces-boutique\\\/epuises-en\\\/kant-modernite-esthetique-et-modernite-politique\\\/#primaryimage\",\"url\":\"https:\\\/\\\/www.beitalhikma.tn\\\/wp-content\\\/uploads\\\/2016\\\/09\\\/couverture35.png\",\"contentUrl\":\"https:\\\/\\\/www.beitalhikma.tn\\\/wp-content\\\/uploads\\\/2016\\\/09\\\/couverture35.png\",\"width\":266,\"height\":399},{\"@type\":\"BreadcrumbList\",\"@id\":\"https:\\\/\\\/www.beitalhikma.tn\\\/fr\\\/publication\\\/acces-boutique\\\/epuises-en\\\/kant-modernite-esthetique-et-modernite-politique\\\/#breadcrumb\",\"itemListElement\":[{\"@type\":\"ListItem\",\"position\":1,\"name\":\"Accueil\",\"item\":\"https:\\\/\\\/www.beitalhikma.tn\\\/fr\\\/\"},{\"@type\":\"ListItem\",\"position\":2,\"name\":\"Boutique\",\"item\":\"https:\\\/\\\/www.beitalhikma.tn\\\/fr\\\/boutique\\\/\"},{\"@type\":\"ListItem\",\"position\":3,\"name\":\"KANT : modernit\u00e9 esth\u00e9tique et modernit\u00e9 politique\"}]},{\"@type\":\"WebSite\",\"@id\":\"https:\\\/\\\/www.beitalhikma.tn\\\/#website\",\"url\":\"https:\\\/\\\/www.beitalhikma.tn\\\/\",\"name\":\"Beit al-Hikma\",\"description\":\"L&#039;Acad\u00e9mie Tunisienne des Sciences, des Lettres  et des Arts\",\"publisher\":{\"@id\":\"https:\\\/\\\/www.beitalhikma.tn\\\/#organization\"},\"potentialAction\":[{\"@type\":\"SearchAction\",\"target\":{\"@type\":\"EntryPoint\",\"urlTemplate\":\"https:\\\/\\\/www.beitalhikma.tn\\\/?s={search_term_string}\"},\"query-input\":{\"@type\":\"PropertyValueSpecification\",\"valueRequired\":true,\"valueName\":\"search_term_string\"}}],\"inLanguage\":\"fr-FR\"},{\"@type\":\"Organization\",\"@id\":\"https:\\\/\\\/www.beitalhikma.tn\\\/#organization\",\"name\":\"Beit Al Hikma\",\"url\":\"https:\\\/\\\/www.beitalhikma.tn\\\/\",\"logo\":{\"@type\":\"ImageObject\",\"inLanguage\":\"fr-FR\",\"@id\":\"https:\\\/\\\/www.beitalhikma.tn\\\/#\\\/schema\\\/logo\\\/image\\\/\",\"url\":\"https:\\\/\\\/www.beitalhikma.tn\\\/wp-content\\\/uploads\\\/2014\\\/11\\\/logo.png\",\"contentUrl\":\"https:\\\/\\\/www.beitalhikma.tn\\\/wp-content\\\/uploads\\\/2014\\\/11\\\/logo.png\",\"width\":288,\"height\":109,\"caption\":\"Beit Al Hikma\"},\"image\":{\"@id\":\"https:\\\/\\\/www.beitalhikma.tn\\\/#\\\/schema\\\/logo\\\/image\\\/\"},\"sameAs\":[\"https:\\\/\\\/www.facebook.com\\\/BeitalhikmaTunisie\\\/\",\"https:\\\/\\\/x.com\\\/Beit_alhikma_TN\",\"https:\\\/\\\/www.youtube.com\\\/channel\\\/UCl8EfDXqt5MFfcEY0UYhevg\"]}]}<\/script>\n<!-- \/ Yoast SEO plugin. -->","yoast_head_json":{"title":"KANT : modernit\u00e9 esth\u00e9tique et modernit\u00e9 politique - Beit al-Hikma","robots":{"index":"index","follow":"follow","max-snippet":"max-snippet:-1","max-image-preview":"max-image-preview:large","max-video-preview":"max-video-preview:-1"},"canonical":"https:\/\/www.beitalhikma.tn\/fr\/publication\/acces-boutique\/epuises-en\/kant-modernite-esthetique-et-modernite-politique\/","og_locale":"fr_FR","og_type":"article","og_title":"KANT : modernit\u00e9 esth\u00e9tique et modernit\u00e9 politique - Beit al-Hikma","og_description":"Titre de l\u2019ouvrage : KANT :modernit\u00e9 esth\u00e9tique et modernit\u00e9 politique Actes du Colloque organis\u00e9 par Be\u00eft al-Hikma en d\u00e9cembre 2004 Th\u00e8me : Philosophie Dimensions : 16x24 Nombre de pages : 160 Langues : arabe et fran\u00e7aise Date de parution : 2005 Prix de vente : 6.500 D.T.  I.S.B.N : 978-9973-49-015-0","og_url":"https:\/\/www.beitalhikma.tn\/fr\/publication\/acces-boutique\/epuises-en\/kant-modernite-esthetique-et-modernite-politique\/","og_site_name":"Beit al-Hikma","article_publisher":"https:\/\/www.facebook.com\/BeitalhikmaTunisie\/","article_modified_time":"2022-09-09T11:27:25+00:00","og_image":[{"width":266,"height":399,"url":"https:\/\/www.beitalhikma.tn\/wp-content\/uploads\/2016\/09\/couverture35.png","type":"image\/png"}],"twitter_card":"summary_large_image","twitter_site":"@Beit_alhikma_TN","schema":{"@context":"https:\/\/schema.org","@graph":[{"@type":"WebPage","@id":"https:\/\/www.beitalhikma.tn\/fr\/publication\/acces-boutique\/epuises-en\/kant-modernite-esthetique-et-modernite-politique\/","url":"https:\/\/www.beitalhikma.tn\/fr\/publication\/acces-boutique\/epuises-en\/kant-modernite-esthetique-et-modernite-politique\/","name":"KANT : modernit\u00e9 esth\u00e9tique et modernit\u00e9 politique - Beit al-Hikma","isPartOf":{"@id":"https:\/\/www.beitalhikma.tn\/#website"},"primaryImageOfPage":{"@id":"https:\/\/www.beitalhikma.tn\/fr\/publication\/acces-boutique\/epuises-en\/kant-modernite-esthetique-et-modernite-politique\/#primaryimage"},"image":{"@id":"https:\/\/www.beitalhikma.tn\/fr\/publication\/acces-boutique\/epuises-en\/kant-modernite-esthetique-et-modernite-politique\/#primaryimage"},"thumbnailUrl":"https:\/\/www.beitalhikma.tn\/wp-content\/uploads\/2016\/09\/couverture35.png","datePublished":"2016-09-26T10:04:57+00:00","dateModified":"2022-09-09T11:27:25+00:00","breadcrumb":{"@id":"https:\/\/www.beitalhikma.tn\/fr\/publication\/acces-boutique\/epuises-en\/kant-modernite-esthetique-et-modernite-politique\/#breadcrumb"},"inLanguage":"fr-FR","potentialAction":[{"@type":"ReadAction","target":["https:\/\/www.beitalhikma.tn\/fr\/publication\/acces-boutique\/epuises-en\/kant-modernite-esthetique-et-modernite-politique\/"]}]},{"@type":"ImageObject","inLanguage":"fr-FR","@id":"https:\/\/www.beitalhikma.tn\/fr\/publication\/acces-boutique\/epuises-en\/kant-modernite-esthetique-et-modernite-politique\/#primaryimage","url":"https:\/\/www.beitalhikma.tn\/wp-content\/uploads\/2016\/09\/couverture35.png","contentUrl":"https:\/\/www.beitalhikma.tn\/wp-content\/uploads\/2016\/09\/couverture35.png","width":266,"height":399},{"@type":"BreadcrumbList","@id":"https:\/\/www.beitalhikma.tn\/fr\/publication\/acces-boutique\/epuises-en\/kant-modernite-esthetique-et-modernite-politique\/#breadcrumb","itemListElement":[{"@type":"ListItem","position":1,"name":"Accueil","item":"https:\/\/www.beitalhikma.tn\/fr\/"},{"@type":"ListItem","position":2,"name":"Boutique","item":"https:\/\/www.beitalhikma.tn\/fr\/boutique\/"},{"@type":"ListItem","position":3,"name":"KANT : modernit\u00e9 esth\u00e9tique et modernit\u00e9 politique"}]},{"@type":"WebSite","@id":"https:\/\/www.beitalhikma.tn\/#website","url":"https:\/\/www.beitalhikma.tn\/","name":"Beit al-Hikma","description":"L&#039;Acad\u00e9mie Tunisienne des Sciences, des Lettres  et des Arts","publisher":{"@id":"https:\/\/www.beitalhikma.tn\/#organization"},"potentialAction":[{"@type":"SearchAction","target":{"@type":"EntryPoint","urlTemplate":"https:\/\/www.beitalhikma.tn\/?s={search_term_string}"},"query-input":{"@type":"PropertyValueSpecification","valueRequired":true,"valueName":"search_term_string"}}],"inLanguage":"fr-FR"},{"@type":"Organization","@id":"https:\/\/www.beitalhikma.tn\/#organization","name":"Beit Al Hikma","url":"https:\/\/www.beitalhikma.tn\/","logo":{"@type":"ImageObject","inLanguage":"fr-FR","@id":"https:\/\/www.beitalhikma.tn\/#\/schema\/logo\/image\/","url":"https:\/\/www.beitalhikma.tn\/wp-content\/uploads\/2014\/11\/logo.png","contentUrl":"https:\/\/www.beitalhikma.tn\/wp-content\/uploads\/2014\/11\/logo.png","width":288,"height":109,"caption":"Beit Al Hikma"},"image":{"@id":"https:\/\/www.beitalhikma.tn\/#\/schema\/logo\/image\/"},"sameAs":["https:\/\/www.facebook.com\/BeitalhikmaTunisie\/","https:\/\/x.com\/Beit_alhikma_TN","https:\/\/www.youtube.com\/channel\/UCl8EfDXqt5MFfcEY0UYhevg"]}]}},"uagb_featured_image_src":{"full":["https:\/\/www.beitalhikma.tn\/wp-content\/uploads\/2016\/09\/couverture35.png",266,399,false],"thumbnail":["https:\/\/www.beitalhikma.tn\/wp-content\/uploads\/2016\/09\/couverture35-250x300.png",250,300,true],"medium":["https:\/\/www.beitalhikma.tn\/wp-content\/uploads\/2016\/09\/couverture35-200x300.png",200,300,true],"medium_large":["https:\/\/www.beitalhikma.tn\/wp-content\/uploads\/2016\/09\/couverture35.png",266,399,false],"large":["https:\/\/www.beitalhikma.tn\/wp-content\/uploads\/2016\/09\/couverture35.png",266,399,false],"thumblist":["https:\/\/www.beitalhikma.tn\/wp-content\/uploads\/2016\/09\/couverture35.png",200,300,false],"meccarouselthumb":["https:\/\/www.beitalhikma.tn\/wp-content\/uploads\/2016\/09\/couverture35.png",216,324,false],"gridsquare":["https:\/\/www.beitalhikma.tn\/wp-content\/uploads\/2016\/09\/couverture35.png",173,260,false],"tileview":["https:\/\/www.beitalhikma.tn\/wp-content\/uploads\/2016\/09\/couverture35.png",266,399,false],"1536x1536":["https:\/\/www.beitalhikma.tn\/wp-content\/uploads\/2016\/09\/couverture35.png",266,399,false],"2048x2048":["https:\/\/www.beitalhikma.tn\/wp-content\/uploads\/2016\/09\/couverture35.png",266,399,false],"post-thumbnail":["https:\/\/www.beitalhikma.tn\/wp-content\/uploads\/2016\/09\/couverture35-97x146.png",97,146,true],"50x50":["https:\/\/www.beitalhikma.tn\/wp-content\/uploads\/2016\/09\/couverture35-33x50.png",33,50,true],"portfolio-list":["https:\/\/www.beitalhikma.tn\/wp-content\/uploads\/2016\/09\/couverture35.png",266,399,false],"portfolio-fs":["https:\/\/www.beitalhikma.tn\/wp-content\/uploads\/2016\/09\/couverture35.png",266,399,false],"portfolio-slider":["https:\/\/www.beitalhikma.tn\/wp-content\/uploads\/2016\/09\/couverture35-266x380.png",266,380,true],"blog":["https:\/\/www.beitalhikma.tn\/wp-content\/uploads\/2016\/09\/couverture35-266x341.png",266,341,true],"blog-single":["https:\/\/www.beitalhikma.tn\/wp-content\/uploads\/2016\/09\/couverture35.png",266,399,false],"blog-item":["https:\/\/www.beitalhikma.tn\/wp-content\/uploads\/2016\/09\/couverture35-266x224.png",266,224,true],"blog-widget":["https:\/\/www.beitalhikma.tn\/wp-content\/uploads\/2016\/09\/couverture35-80x60.png",80,60,true],"features":["https:\/\/www.beitalhikma.tn\/wp-content\/uploads\/2016\/09\/couverture35-90x90.png",90,90,true],"clients-slider":["https:\/\/www.beitalhikma.tn\/wp-content\/uploads\/2016\/09\/couverture35-53x80.png",53,80,true],"offer-slider":["https:\/\/www.beitalhikma.tn\/wp-content\/uploads\/2016\/09\/couverture35.png",266,399,false],"offer-slider-pg":["https:\/\/www.beitalhikma.tn\/wp-content\/uploads\/2016\/09\/couverture35-42x42.png",42,42,true],"woocommerce_thumbnail":["https:\/\/www.beitalhikma.tn\/wp-content\/uploads\/2016\/09\/couverture35-250x300.png",250,300,true],"woocommerce_single":["https:\/\/www.beitalhikma.tn\/wp-content\/uploads\/2016\/09\/couverture35-250x375.png",250,375,true],"woocommerce_gallery_thumbnail":["https:\/\/www.beitalhikma.tn\/wp-content\/uploads\/2016\/09\/couverture35-100x100.png",100,100,true]},"uagb_author_info":{"display_name":"admin","author_link":"https:\/\/www.beitalhikma.tn\/fr\/author\/"},"uagb_comment_info":0,"uagb_excerpt":"Titre de l\u2019ouvrage : KANT :modernit\u00e9 esth\u00e9tique et modernit\u00e9 politique Actes du Colloque organis\u00e9 par Be\u00eft al-Hikma en d\u00e9cembre 2004 Th\u00e8me : Philosophie Dimensions : 16x24 Nombre de pages : 160 Langues : arabe et fran\u00e7aise Date de parution : 2005 Prix de vente : 6.500 D.T. I.S.B.N : 978-9973-49-015-0","_links":{"self":[{"href":"https:\/\/www.beitalhikma.tn\/fr\/wp-json\/wp\/v2\/product\/9097","targetHints":{"allow":["GET"]}}],"collection":[{"href":"https:\/\/www.beitalhikma.tn\/fr\/wp-json\/wp\/v2\/product"}],"about":[{"href":"https:\/\/www.beitalhikma.tn\/fr\/wp-json\/wp\/v2\/types\/product"}],"wp:featuredmedia":[{"embeddable":true,"href":"https:\/\/www.beitalhikma.tn\/fr\/wp-json\/wp\/v2\/media\/9095"}],"wp:attachment":[{"href":"https:\/\/www.beitalhikma.tn\/fr\/wp-json\/wp\/v2\/media?parent=9097"}],"wp:term":[{"taxonomy":"product_brand","embeddable":true,"href":"https:\/\/www.beitalhikma.tn\/fr\/wp-json\/wp\/v2\/product_brand?post=9097"},{"taxonomy":"product_cat","embeddable":true,"href":"https:\/\/www.beitalhikma.tn\/fr\/wp-json\/wp\/v2\/product_cat?post=9097"},{"taxonomy":"product_tag","embeddable":true,"href":"https:\/\/www.beitalhikma.tn\/fr\/wp-json\/wp\/v2\/product_tag?post=9097"}],"curies":[{"name":"wp","href":"https:\/\/api.w.org\/{rel}","templated":true}]}}