{"id":9162,"date":"2016-09-26T11:56:00","date_gmt":"2016-09-26T10:56:00","guid":{"rendered":"http:\/\/www.beitalhikma.tn\/?post_type=product&#038;p=9162"},"modified":"2022-09-12T13:57:34","modified_gmt":"2022-09-12T12:57:34","slug":"letat-et-ses-citoyens-nouvelles-responsabilites-et-redistribution-des-roles","status":"publish","type":"product","link":"https:\/\/www.beitalhikma.tn\/fr\/publication\/acces-boutique\/livres-en-vente\/letat-et-ses-citoyens-nouvelles-responsabilites-et-redistribution-des-roles\/","title":{"rendered":"L\u2019Etat et ses citoyens : nouvelles responsabilit\u00e9s et redistribution des r\u00f4les"},"content":{"rendered":"<p><a href=\"http:\/\/www.beitalhikma.tn\/wp-content\/uploads\/2016\/09\/pf48.png\"><img loading=\"lazy\" decoding=\"async\" class=\"aligncenter size-full wp-image-9163\" src=\"http:\/\/www.beitalhikma.tn\/wp-content\/uploads\/2016\/09\/pf48.png\" alt=\"pf\" width=\"729\" height=\"539\" srcset=\"https:\/\/www.beitalhikma.tn\/wp-content\/uploads\/2016\/09\/pf48.png 729w, https:\/\/www.beitalhikma.tn\/wp-content\/uploads\/2016\/09\/pf48-250x185.png 250w, https:\/\/www.beitalhikma.tn\/wp-content\/uploads\/2016\/09\/pf48-300x222.png 300w, https:\/\/www.beitalhikma.tn\/wp-content\/uploads\/2016\/09\/pf48-197x146.png 197w, https:\/\/www.beitalhikma.tn\/wp-content\/uploads\/2016\/09\/pf48-50x37.png 50w, https:\/\/www.beitalhikma.tn\/wp-content\/uploads\/2016\/09\/pf48-80x60.png 80w, https:\/\/www.beitalhikma.tn\/wp-content\/uploads\/2016\/09\/pf48-108x80.png 108w\" sizes=\"auto, (max-width: 729px) 100vw, 729px\" \/><\/a><\/p>\n","protected":false},"excerpt":{"rendered":"<ul>\n<li><strong>Titre de l\u2019ouvrage :<\/strong> L&#8217;Etat et ses citoyens : nouvelles responsabilit\u00e9s et redistribution des r\u00f4les<\/li>\n<li>Rencontres internationales de Carthage (neuvi\u00e8me session : du 1 au 5 mars 2005)<br \/>\n<strong>Auteur :<\/strong> un groupe de chercheurs<br \/>\n<strong>Langues :<\/strong> arabe et fran\u00e7aise<\/li>\n<li><strong>Date de parution :<\/strong> 2006<\/li>\n<li><strong>Format :<\/strong> 16&#215;24<\/li>\n<li><strong>ISBN :<\/strong> 9789973490339<\/li>\n<li><strong>Nombre de pages :<\/strong> 325<br \/>\n<strong>Th\u00e8me :<\/strong> politique<\/li>\n<li><strong>Poids :<\/strong> 500 gr<br \/>\n<b>Situation :\u00a0<\/b>disponible<\/li>\n<\/ul>\n","protected":false},"featured_media":9166,"template":"","meta":{"_uag_custom_page_level_css":""},"product_brand":[],"product_cat":[11],"product_tag":[],"class_list":{"0":"post-9162","1":"product","2":"type-product","3":"status-publish","4":"has-post-thumbnail","6":"product_cat-livres-en-vente","8":"first","9":"instock","10":"sale","11":"shipping-taxable","12":"purchasable","13":"product-type-simple"},"yoast_head":"<!-- This site is optimized with the Yoast SEO plugin v27.3 - https:\/\/yoast.com\/product\/yoast-seo-wordpress\/ -->\n<title>L\u2019Etat et ses citoyens : nouvelles responsabilit\u00e9s et redistribution des r\u00f4les - Beit al-Hikma<\/title>\n<meta name=\"robots\" content=\"index, follow, max-snippet:-1, max-image-preview:large, max-video-preview:-1\" \/>\n<link rel=\"canonical\" href=\"https:\/\/www.beitalhikma.tn\/fr\/publication\/acces-boutique\/livres-en-vente\/letat-et-ses-citoyens-nouvelles-responsabilites-et-redistribution-des-roles\/\" \/>\n<meta property=\"og:locale\" content=\"fr_FR\" \/>\n<meta property=\"og:type\" content=\"article\" \/>\n<meta property=\"og:title\" content=\"L\u2019Etat et ses citoyens : nouvelles responsabilit\u00e9s et redistribution des r\u00f4les - Beit al-Hikma\" \/>\n<meta property=\"og:description\" content=\"Titre de l\u2019ouvrage : L&#039;Etat et ses citoyens : nouvelles responsabilit\u00e9s et redistribution des r\u00f4les  Rencontres internationales de Carthage (neuvi\u00e8me session : du 1 au 5 mars 2005) Auteur : un groupe de chercheurs Langues : arabe et fran\u00e7aise  Date de parution : 2006  Format : 16x24  ISBN : 9789973490339  Nombre de pages : 325 Th\u00e8me : politique  Poids : 500 gr Situation :\u00a0disponible\" \/>\n<meta property=\"og:url\" content=\"https:\/\/www.beitalhikma.tn\/fr\/publication\/acces-boutique\/livres-en-vente\/letat-et-ses-citoyens-nouvelles-responsabilites-et-redistribution-des-roles\/\" \/>\n<meta property=\"og:site_name\" content=\"Beit al-Hikma\" \/>\n<meta property=\"article:publisher\" content=\"https:\/\/www.facebook.com\/BeitalhikmaTunisie\/\" \/>\n<meta property=\"article:modified_time\" content=\"2022-09-12T12:57:34+00:00\" \/>\n<meta property=\"og:image\" content=\"https:\/\/www.beitalhikma.tn\/wp-content\/uploads\/2016\/09\/couverture41.png\" \/>\n\t<meta property=\"og:image:width\" content=\"263\" \/>\n\t<meta property=\"og:image:height\" content=\"398\" \/>\n\t<meta property=\"og:image:type\" content=\"image\/png\" \/>\n<meta name=\"twitter:card\" content=\"summary_large_image\" \/>\n<meta name=\"twitter:site\" content=\"@Beit_alhikma_TN\" \/>\n<script type=\"application\/ld+json\" class=\"yoast-schema-graph\">{\"@context\":\"https:\\\/\\\/schema.org\",\"@graph\":[{\"@type\":\"WebPage\",\"@id\":\"https:\\\/\\\/www.beitalhikma.tn\\\/fr\\\/publication\\\/acces-boutique\\\/livres-en-vente\\\/letat-et-ses-citoyens-nouvelles-responsabilites-et-redistribution-des-roles\\\/\",\"url\":\"https:\\\/\\\/www.beitalhikma.tn\\\/fr\\\/publication\\\/acces-boutique\\\/livres-en-vente\\\/letat-et-ses-citoyens-nouvelles-responsabilites-et-redistribution-des-roles\\\/\",\"name\":\"L\u2019Etat et ses citoyens : nouvelles responsabilit\u00e9s et redistribution des r\u00f4les - Beit al-Hikma\",\"isPartOf\":{\"@id\":\"https:\\\/\\\/www.beitalhikma.tn\\\/#website\"},\"primaryImageOfPage\":{\"@id\":\"https:\\\/\\\/www.beitalhikma.tn\\\/fr\\\/publication\\\/acces-boutique\\\/livres-en-vente\\\/letat-et-ses-citoyens-nouvelles-responsabilites-et-redistribution-des-roles\\\/#primaryimage\"},\"image\":{\"@id\":\"https:\\\/\\\/www.beitalhikma.tn\\\/fr\\\/publication\\\/acces-boutique\\\/livres-en-vente\\\/letat-et-ses-citoyens-nouvelles-responsabilites-et-redistribution-des-roles\\\/#primaryimage\"},\"thumbnailUrl\":\"https:\\\/\\\/www.beitalhikma.tn\\\/wp-content\\\/uploads\\\/2016\\\/09\\\/couverture41.png\",\"datePublished\":\"2016-09-26T10:56:00+00:00\",\"dateModified\":\"2022-09-12T12:57:34+00:00\",\"breadcrumb\":{\"@id\":\"https:\\\/\\\/www.beitalhikma.tn\\\/fr\\\/publication\\\/acces-boutique\\\/livres-en-vente\\\/letat-et-ses-citoyens-nouvelles-responsabilites-et-redistribution-des-roles\\\/#breadcrumb\"},\"inLanguage\":\"fr-FR\",\"potentialAction\":[{\"@type\":\"ReadAction\",\"target\":[\"https:\\\/\\\/www.beitalhikma.tn\\\/fr\\\/publication\\\/acces-boutique\\\/livres-en-vente\\\/letat-et-ses-citoyens-nouvelles-responsabilites-et-redistribution-des-roles\\\/\"]}]},{\"@type\":\"ImageObject\",\"inLanguage\":\"fr-FR\",\"@id\":\"https:\\\/\\\/www.beitalhikma.tn\\\/fr\\\/publication\\\/acces-boutique\\\/livres-en-vente\\\/letat-et-ses-citoyens-nouvelles-responsabilites-et-redistribution-des-roles\\\/#primaryimage\",\"url\":\"https:\\\/\\\/www.beitalhikma.tn\\\/wp-content\\\/uploads\\\/2016\\\/09\\\/couverture41.png\",\"contentUrl\":\"https:\\\/\\\/www.beitalhikma.tn\\\/wp-content\\\/uploads\\\/2016\\\/09\\\/couverture41.png\",\"width\":263,\"height\":398},{\"@type\":\"BreadcrumbList\",\"@id\":\"https:\\\/\\\/www.beitalhikma.tn\\\/fr\\\/publication\\\/acces-boutique\\\/livres-en-vente\\\/letat-et-ses-citoyens-nouvelles-responsabilites-et-redistribution-des-roles\\\/#breadcrumb\",\"itemListElement\":[{\"@type\":\"ListItem\",\"position\":1,\"name\":\"Accueil\",\"item\":\"https:\\\/\\\/www.beitalhikma.tn\\\/fr\\\/\"},{\"@type\":\"ListItem\",\"position\":2,\"name\":\"Boutique\",\"item\":\"https:\\\/\\\/www.beitalhikma.tn\\\/fr\\\/boutique\\\/\"},{\"@type\":\"ListItem\",\"position\":3,\"name\":\"L\u2019Etat et ses citoyens : nouvelles responsabilit\u00e9s et redistribution des r\u00f4les\"}]},{\"@type\":\"WebSite\",\"@id\":\"https:\\\/\\\/www.beitalhikma.tn\\\/#website\",\"url\":\"https:\\\/\\\/www.beitalhikma.tn\\\/\",\"name\":\"Beit al-Hikma\",\"description\":\"L&#039;Acad\u00e9mie Tunisienne des Sciences, des Lettres  et des Arts\",\"publisher\":{\"@id\":\"https:\\\/\\\/www.beitalhikma.tn\\\/#organization\"},\"potentialAction\":[{\"@type\":\"SearchAction\",\"target\":{\"@type\":\"EntryPoint\",\"urlTemplate\":\"https:\\\/\\\/www.beitalhikma.tn\\\/?s={search_term_string}\"},\"query-input\":{\"@type\":\"PropertyValueSpecification\",\"valueRequired\":true,\"valueName\":\"search_term_string\"}}],\"inLanguage\":\"fr-FR\"},{\"@type\":\"Organization\",\"@id\":\"https:\\\/\\\/www.beitalhikma.tn\\\/#organization\",\"name\":\"Beit Al Hikma\",\"url\":\"https:\\\/\\\/www.beitalhikma.tn\\\/\",\"logo\":{\"@type\":\"ImageObject\",\"inLanguage\":\"fr-FR\",\"@id\":\"https:\\\/\\\/www.beitalhikma.tn\\\/#\\\/schema\\\/logo\\\/image\\\/\",\"url\":\"https:\\\/\\\/www.beitalhikma.tn\\\/wp-content\\\/uploads\\\/2014\\\/11\\\/logo.png\",\"contentUrl\":\"https:\\\/\\\/www.beitalhikma.tn\\\/wp-content\\\/uploads\\\/2014\\\/11\\\/logo.png\",\"width\":288,\"height\":109,\"caption\":\"Beit Al Hikma\"},\"image\":{\"@id\":\"https:\\\/\\\/www.beitalhikma.tn\\\/#\\\/schema\\\/logo\\\/image\\\/\"},\"sameAs\":[\"https:\\\/\\\/www.facebook.com\\\/BeitalhikmaTunisie\\\/\",\"https:\\\/\\\/x.com\\\/Beit_alhikma_TN\",\"https:\\\/\\\/www.youtube.com\\\/channel\\\/UCl8EfDXqt5MFfcEY0UYhevg\"]}]}<\/script>\n<!-- \/ Yoast SEO plugin. -->","yoast_head_json":{"title":"L\u2019Etat et ses citoyens : nouvelles responsabilit\u00e9s et redistribution des r\u00f4les - Beit al-Hikma","robots":{"index":"index","follow":"follow","max-snippet":"max-snippet:-1","max-image-preview":"max-image-preview:large","max-video-preview":"max-video-preview:-1"},"canonical":"https:\/\/www.beitalhikma.tn\/fr\/publication\/acces-boutique\/livres-en-vente\/letat-et-ses-citoyens-nouvelles-responsabilites-et-redistribution-des-roles\/","og_locale":"fr_FR","og_type":"article","og_title":"L\u2019Etat et ses citoyens : nouvelles responsabilit\u00e9s et redistribution des r\u00f4les - Beit al-Hikma","og_description":"Titre de l\u2019ouvrage : L'Etat et ses citoyens : nouvelles responsabilit\u00e9s et redistribution des r\u00f4les  Rencontres internationales de Carthage (neuvi\u00e8me session : du 1 au 5 mars 2005) Auteur : un groupe de chercheurs Langues : arabe et fran\u00e7aise  Date de parution : 2006  Format : 16x24  ISBN : 9789973490339  Nombre de pages : 325 Th\u00e8me : politique  Poids : 500 gr Situation :\u00a0disponible","og_url":"https:\/\/www.beitalhikma.tn\/fr\/publication\/acces-boutique\/livres-en-vente\/letat-et-ses-citoyens-nouvelles-responsabilites-et-redistribution-des-roles\/","og_site_name":"Beit al-Hikma","article_publisher":"https:\/\/www.facebook.com\/BeitalhikmaTunisie\/","article_modified_time":"2022-09-12T12:57:34+00:00","og_image":[{"width":263,"height":398,"url":"https:\/\/www.beitalhikma.tn\/wp-content\/uploads\/2016\/09\/couverture41.png","type":"image\/png"}],"twitter_card":"summary_large_image","twitter_site":"@Beit_alhikma_TN","schema":{"@context":"https:\/\/schema.org","@graph":[{"@type":"WebPage","@id":"https:\/\/www.beitalhikma.tn\/fr\/publication\/acces-boutique\/livres-en-vente\/letat-et-ses-citoyens-nouvelles-responsabilites-et-redistribution-des-roles\/","url":"https:\/\/www.beitalhikma.tn\/fr\/publication\/acces-boutique\/livres-en-vente\/letat-et-ses-citoyens-nouvelles-responsabilites-et-redistribution-des-roles\/","name":"L\u2019Etat et ses citoyens : nouvelles responsabilit\u00e9s et redistribution des r\u00f4les - Beit al-Hikma","isPartOf":{"@id":"https:\/\/www.beitalhikma.tn\/#website"},"primaryImageOfPage":{"@id":"https:\/\/www.beitalhikma.tn\/fr\/publication\/acces-boutique\/livres-en-vente\/letat-et-ses-citoyens-nouvelles-responsabilites-et-redistribution-des-roles\/#primaryimage"},"image":{"@id":"https:\/\/www.beitalhikma.tn\/fr\/publication\/acces-boutique\/livres-en-vente\/letat-et-ses-citoyens-nouvelles-responsabilites-et-redistribution-des-roles\/#primaryimage"},"thumbnailUrl":"https:\/\/www.beitalhikma.tn\/wp-content\/uploads\/2016\/09\/couverture41.png","datePublished":"2016-09-26T10:56:00+00:00","dateModified":"2022-09-12T12:57:34+00:00","breadcrumb":{"@id":"https:\/\/www.beitalhikma.tn\/fr\/publication\/acces-boutique\/livres-en-vente\/letat-et-ses-citoyens-nouvelles-responsabilites-et-redistribution-des-roles\/#breadcrumb"},"inLanguage":"fr-FR","potentialAction":[{"@type":"ReadAction","target":["https:\/\/www.beitalhikma.tn\/fr\/publication\/acces-boutique\/livres-en-vente\/letat-et-ses-citoyens-nouvelles-responsabilites-et-redistribution-des-roles\/"]}]},{"@type":"ImageObject","inLanguage":"fr-FR","@id":"https:\/\/www.beitalhikma.tn\/fr\/publication\/acces-boutique\/livres-en-vente\/letat-et-ses-citoyens-nouvelles-responsabilites-et-redistribution-des-roles\/#primaryimage","url":"https:\/\/www.beitalhikma.tn\/wp-content\/uploads\/2016\/09\/couverture41.png","contentUrl":"https:\/\/www.beitalhikma.tn\/wp-content\/uploads\/2016\/09\/couverture41.png","width":263,"height":398},{"@type":"BreadcrumbList","@id":"https:\/\/www.beitalhikma.tn\/fr\/publication\/acces-boutique\/livres-en-vente\/letat-et-ses-citoyens-nouvelles-responsabilites-et-redistribution-des-roles\/#breadcrumb","itemListElement":[{"@type":"ListItem","position":1,"name":"Accueil","item":"https:\/\/www.beitalhikma.tn\/fr\/"},{"@type":"ListItem","position":2,"name":"Boutique","item":"https:\/\/www.beitalhikma.tn\/fr\/boutique\/"},{"@type":"ListItem","position":3,"name":"L\u2019Etat et ses citoyens : nouvelles responsabilit\u00e9s et redistribution des r\u00f4les"}]},{"@type":"WebSite","@id":"https:\/\/www.beitalhikma.tn\/#website","url":"https:\/\/www.beitalhikma.tn\/","name":"Beit al-Hikma","description":"L&#039;Acad\u00e9mie Tunisienne des Sciences, des Lettres  et des Arts","publisher":{"@id":"https:\/\/www.beitalhikma.tn\/#organization"},"potentialAction":[{"@type":"SearchAction","target":{"@type":"EntryPoint","urlTemplate":"https:\/\/www.beitalhikma.tn\/?s={search_term_string}"},"query-input":{"@type":"PropertyValueSpecification","valueRequired":true,"valueName":"search_term_string"}}],"inLanguage":"fr-FR"},{"@type":"Organization","@id":"https:\/\/www.beitalhikma.tn\/#organization","name":"Beit Al Hikma","url":"https:\/\/www.beitalhikma.tn\/","logo":{"@type":"ImageObject","inLanguage":"fr-FR","@id":"https:\/\/www.beitalhikma.tn\/#\/schema\/logo\/image\/","url":"https:\/\/www.beitalhikma.tn\/wp-content\/uploads\/2014\/11\/logo.png","contentUrl":"https:\/\/www.beitalhikma.tn\/wp-content\/uploads\/2014\/11\/logo.png","width":288,"height":109,"caption":"Beit Al Hikma"},"image":{"@id":"https:\/\/www.beitalhikma.tn\/#\/schema\/logo\/image\/"},"sameAs":["https:\/\/www.facebook.com\/BeitalhikmaTunisie\/","https:\/\/x.com\/Beit_alhikma_TN","https:\/\/www.youtube.com\/channel\/UCl8EfDXqt5MFfcEY0UYhevg"]}]}},"uagb_featured_image_src":{"full":["https:\/\/www.beitalhikma.tn\/wp-content\/uploads\/2016\/09\/couverture41.png",263,398,false],"thumbnail":["https:\/\/www.beitalhikma.tn\/wp-content\/uploads\/2016\/09\/couverture41-250x300.png",250,300,true],"medium":["https:\/\/www.beitalhikma.tn\/wp-content\/uploads\/2016\/09\/couverture41-198x300.png",198,300,true],"medium_large":["https:\/\/www.beitalhikma.tn\/wp-content\/uploads\/2016\/09\/couverture41.png",263,398,false],"large":["https:\/\/www.beitalhikma.tn\/wp-content\/uploads\/2016\/09\/couverture41.png",263,398,false],"thumblist":["https:\/\/www.beitalhikma.tn\/wp-content\/uploads\/2016\/09\/couverture41.png",198,300,false],"meccarouselthumb":["https:\/\/www.beitalhikma.tn\/wp-content\/uploads\/2016\/09\/couverture41.png",214,324,false],"gridsquare":["https:\/\/www.beitalhikma.tn\/wp-content\/uploads\/2016\/09\/couverture41.png",172,260,false],"tileview":["https:\/\/www.beitalhikma.tn\/wp-content\/uploads\/2016\/09\/couverture41.png",263,398,false],"1536x1536":["https:\/\/www.beitalhikma.tn\/wp-content\/uploads\/2016\/09\/couverture41.png",263,398,false],"2048x2048":["https:\/\/www.beitalhikma.tn\/wp-content\/uploads\/2016\/09\/couverture41.png",263,398,false],"post-thumbnail":["https:\/\/www.beitalhikma.tn\/wp-content\/uploads\/2016\/09\/couverture41-96x146.png",96,146,true],"50x50":["https:\/\/www.beitalhikma.tn\/wp-content\/uploads\/2016\/09\/couverture41-33x50.png",33,50,true],"portfolio-list":["https:\/\/www.beitalhikma.tn\/wp-content\/uploads\/2016\/09\/couverture41.png",263,398,false],"portfolio-fs":["https:\/\/www.beitalhikma.tn\/wp-content\/uploads\/2016\/09\/couverture41.png",263,398,false],"portfolio-slider":["https:\/\/www.beitalhikma.tn\/wp-content\/uploads\/2016\/09\/couverture41-263x380.png",263,380,true],"blog":["https:\/\/www.beitalhikma.tn\/wp-content\/uploads\/2016\/09\/couverture41-263x341.png",263,341,true],"blog-single":["https:\/\/www.beitalhikma.tn\/wp-content\/uploads\/2016\/09\/couverture41.png",263,398,false],"blog-item":["https:\/\/www.beitalhikma.tn\/wp-content\/uploads\/2016\/09\/couverture41-263x224.png",263,224,true],"blog-widget":["https:\/\/www.beitalhikma.tn\/wp-content\/uploads\/2016\/09\/couverture41-80x60.png",80,60,true],"features":["https:\/\/www.beitalhikma.tn\/wp-content\/uploads\/2016\/09\/couverture41-90x90.png",90,90,true],"clients-slider":["https:\/\/www.beitalhikma.tn\/wp-content\/uploads\/2016\/09\/couverture41-53x80.png",53,80,true],"offer-slider":["https:\/\/www.beitalhikma.tn\/wp-content\/uploads\/2016\/09\/couverture41.png",263,398,false],"offer-slider-pg":["https:\/\/www.beitalhikma.tn\/wp-content\/uploads\/2016\/09\/couverture41-42x42.png",42,42,true],"woocommerce_thumbnail":["https:\/\/www.beitalhikma.tn\/wp-content\/uploads\/2016\/09\/couverture41-250x300.png",250,300,true],"woocommerce_single":["https:\/\/www.beitalhikma.tn\/wp-content\/uploads\/2016\/09\/couverture41-250x378.png",250,378,true],"woocommerce_gallery_thumbnail":["https:\/\/www.beitalhikma.tn\/wp-content\/uploads\/2016\/09\/couverture41-100x100.png",100,100,true]},"uagb_author_info":{"display_name":"admin","author_link":"https:\/\/www.beitalhikma.tn\/fr\/author\/"},"uagb_comment_info":0,"uagb_excerpt":"Titre de l\u2019ouvrage : L'Etat et ses citoyens : nouvelles responsabilit\u00e9s et redistribution des r\u00f4les Rencontres internationales de Carthage (neuvi\u00e8me session : du 1 au 5 mars 2005) Auteur : un groupe de chercheurs Langues : arabe et fran\u00e7aise Date de parution : 2006 Format : 16x24 ISBN : 9789973490339 Nombre de pages : 325\u2026","_links":{"self":[{"href":"https:\/\/www.beitalhikma.tn\/fr\/wp-json\/wp\/v2\/product\/9162","targetHints":{"allow":["GET"]}}],"collection":[{"href":"https:\/\/www.beitalhikma.tn\/fr\/wp-json\/wp\/v2\/product"}],"about":[{"href":"https:\/\/www.beitalhikma.tn\/fr\/wp-json\/wp\/v2\/types\/product"}],"wp:featuredmedia":[{"embeddable":true,"href":"https:\/\/www.beitalhikma.tn\/fr\/wp-json\/wp\/v2\/media\/9166"}],"wp:attachment":[{"href":"https:\/\/www.beitalhikma.tn\/fr\/wp-json\/wp\/v2\/media?parent=9162"}],"wp:term":[{"taxonomy":"product_brand","embeddable":true,"href":"https:\/\/www.beitalhikma.tn\/fr\/wp-json\/wp\/v2\/product_brand?post=9162"},{"taxonomy":"product_cat","embeddable":true,"href":"https:\/\/www.beitalhikma.tn\/fr\/wp-json\/wp\/v2\/product_cat?post=9162"},{"taxonomy":"product_tag","embeddable":true,"href":"https:\/\/www.beitalhikma.tn\/fr\/wp-json\/wp\/v2\/product_tag?post=9162"}],"curies":[{"name":"wp","href":"https:\/\/api.w.org\/{rel}","templated":true}]}}