{"id":96693,"date":"2022-05-19T10:06:25","date_gmt":"2022-05-19T09:06:25","guid":{"rendered":"https:\/\/www.beitalhikma.tn\/?post_type=product&#038;p=96693"},"modified":"2022-10-21T11:22:07","modified_gmt":"2022-10-21T10:22:07","slug":"les-reves-en-mediterranee","status":"publish","type":"product","link":"https:\/\/www.beitalhikma.tn\/fr\/publication\/acces-boutique\/livres-en-vente\/les-reves-en-mediterranee\/","title":{"rendered":"Les r\u00eaves en m\u00e9diterran\u00e9e"},"content":{"rendered":"<table>\n<tbody>\n<tr>\n<td width=\"604\">L\u2019ouvrage s\u2019inscrit dans le cadre d&#8217;une s\u00e9rie de travaux scientifiques collectifs publi\u00e9s par l&#8217;Acad\u00e9mie tunisienne des sciences, des lettres et des arts, Beit al-Hikma, en 2022. Il a \u00e9t\u00e9 r\u00e9alis\u00e9 sous la direction du Pr. Riadh Ben Rejeb, professeur de psychopathologie clinique \u00e0 l\u2019Universit\u00e9 de Tunis et de la Pre. Bianca Lechevalier, psychiatre, psychanalyste et membre titulaire de la Soci\u00e9t\u00e9 Psychanalytique de Paris.<\/p>\n<p>Cet ouvrage regroupe les communications d\u2019un groupe de recherche international, lors de la conf\u00e9rence, tenue \u00e0 K\u00e9libia (Tunisie)\u00a0 en mars 2020, consacr\u00e9e au th\u00e8me des r\u00eaves, en g\u00e9n\u00e9ral, et en M\u00e9diterran\u00e9e, en particulier.<\/p>\n<p>Son objectif principal est de mener une r\u00e9flexion autour du ph\u00e9nom\u00e8ne des r\u00eaves qui, bien qu\u2019universel, il peut \u00eatre tributaire de cultures sp\u00e9cifiques, notamment celles relatives au bassin m\u00e9diterran\u00e9en.<\/p>\n<p>Ces \u00e9tudes et recherches articulent le psychique au social, la place de l\u2019individuel par rapport au collectif et au groupe, la place des objets culturels dans les croyances et les fonctions psychanalytiques et psychoth\u00e9rapeutiques des r\u00eaves en tant que processus de d\u00e9placement et de condensation pour l\u2019accomplissement des d\u00e9sirs.<\/p>\n<p>Certains intervenants ont, \u00e9galement, abord\u00e9 l&#8217;importance du r\u00eave qui peut influencer une influence sur le d\u00e9veloppement de la personnalit\u00e9 \u00e0 travers des m\u00e9canismes de cr\u00e9ation et de cr\u00e9ativit\u00e9.<\/td>\n<\/tr>\n<\/tbody>\n<\/table>\n","protected":false},"excerpt":{"rendered":"<ul>\n<li><strong>Titre de l\u2019ouvrage<\/strong> :Les r\u00eaves en m\u00e9diterran\u00e9e<br \/>\n<strong>Ouvrage collectif <\/strong>sous la direction de Riadh Ben Rejeb et Bianca lechevalier<\/li>\n<li><strong>Langue :<\/strong>\u00a0fran\u00e7ais<\/li>\n<li><strong>Date de parution :<\/strong> 2022<\/li>\n<li><strong>Format :<\/strong>\u00a016\u00d724<\/li>\n<li><strong>ISBN :<\/strong> 9789973492364<\/li>\n<li><strong>Nombre de pages :<\/strong>149<br \/>\n<strong>Th\u00e8me :<\/strong> psychologie- psychanalyse<\/li>\n<li><strong>Poids :<\/strong> 300 gr<br \/>\n<b>Situation :\u00a0<\/b>disponible<\/li>\n<\/ul>\n<div class=\"addtoany_share_save_container addtoany_content addtoany_content_bottom\">\n<div class=\"a2a_kit a2a_kit_size_32 addtoany_list\" data-a2a-url=\"https:\/\/www.beitalhikma.tn\/publication\/acces-boutique\/livres-en-vente\/melanges-au-professeur-dominique-chevallier\/\" data-a2a-title=\"M\u00e9langes au Professeur Dominique Chevallier\"><\/div>\n<\/div>\n","protected":false},"featured_media":96673,"template":"","meta":{"_uag_custom_page_level_css":""},"product_brand":[],"product_cat":[11],"product_tag":[],"class_list":{"0":"post-96693","1":"product","2":"type-product","3":"status-publish","4":"has-post-thumbnail","6":"product_cat-livres-en-vente","8":"first","9":"instock","10":"sale","11":"shipping-taxable","12":"purchasable","13":"product-type-simple"},"yoast_head":"<!-- This site is optimized with the Yoast SEO plugin v27.3 - https:\/\/yoast.com\/product\/yoast-seo-wordpress\/ -->\n<title>Les r\u00eaves en m\u00e9diterran\u00e9e - Beit al-Hikma<\/title>\n<meta name=\"robots\" content=\"index, follow, max-snippet:-1, max-image-preview:large, max-video-preview:-1\" \/>\n<link rel=\"canonical\" href=\"https:\/\/www.beitalhikma.tn\/fr\/publication\/acces-boutique\/livres-en-vente\/les-reves-en-mediterranee\/\" \/>\n<meta property=\"og:locale\" content=\"fr_FR\" \/>\n<meta property=\"og:type\" content=\"article\" \/>\n<meta property=\"og:title\" content=\"Les r\u00eaves en m\u00e9diterran\u00e9e - Beit al-Hikma\" \/>\n<meta property=\"og:description\" content=\"Titre de l\u2019ouvrage :Les r\u00eaves en m\u00e9diterran\u00e9e Ouvrage collectif sous la direction de Riadh Ben Rejeb et Bianca lechevalier  Langue :\u00a0fran\u00e7ais  Date de parution : 2022  Format :\u00a016\u00d724  ISBN : 9789973492364  Nombre de pages :149 Th\u00e8me : psychologie- psychanalyse  Poids : 300 gr Situation :\u00a0disponible\" \/>\n<meta property=\"og:url\" content=\"https:\/\/www.beitalhikma.tn\/fr\/publication\/acces-boutique\/livres-en-vente\/les-reves-en-mediterranee\/\" \/>\n<meta property=\"og:site_name\" content=\"Beit al-Hikma\" \/>\n<meta property=\"article:publisher\" content=\"https:\/\/www.facebook.com\/BeitalhikmaTunisie\/\" \/>\n<meta property=\"article:modified_time\" content=\"2022-10-21T10:22:07+00:00\" \/>\n<meta property=\"og:image\" content=\"https:\/\/www.beitalhikma.tn\/wp-content\/uploads\/2022\/05\/1e\u0300re-de-couv-Les-Re\u0302ves-en-Me\u0301diterrane\u0301e.jpg\" \/>\n\t<meta property=\"og:image:width\" content=\"921\" \/>\n\t<meta property=\"og:image:height\" content=\"1388\" \/>\n\t<meta property=\"og:image:type\" content=\"image\/jpeg\" \/>\n<meta name=\"twitter:card\" content=\"summary_large_image\" \/>\n<meta name=\"twitter:site\" content=\"@Beit_alhikma_TN\" \/>\n<meta name=\"twitter:label1\" content=\"Dur\u00e9e de lecture estim\u00e9e\" \/>\n\t<meta name=\"twitter:data1\" content=\"2 minutes\" \/>\n<script type=\"application\/ld+json\" class=\"yoast-schema-graph\">{\"@context\":\"https:\\\/\\\/schema.org\",\"@graph\":[{\"@type\":\"WebPage\",\"@id\":\"https:\\\/\\\/www.beitalhikma.tn\\\/fr\\\/publication\\\/acces-boutique\\\/livres-en-vente\\\/les-reves-en-mediterranee\\\/\",\"url\":\"https:\\\/\\\/www.beitalhikma.tn\\\/fr\\\/publication\\\/acces-boutique\\\/livres-en-vente\\\/les-reves-en-mediterranee\\\/\",\"name\":\"Les r\u00eaves en m\u00e9diterran\u00e9e - Beit al-Hikma\",\"isPartOf\":{\"@id\":\"https:\\\/\\\/www.beitalhikma.tn\\\/#website\"},\"primaryImageOfPage\":{\"@id\":\"https:\\\/\\\/www.beitalhikma.tn\\\/fr\\\/publication\\\/acces-boutique\\\/livres-en-vente\\\/les-reves-en-mediterranee\\\/#primaryimage\"},\"image\":{\"@id\":\"https:\\\/\\\/www.beitalhikma.tn\\\/fr\\\/publication\\\/acces-boutique\\\/livres-en-vente\\\/les-reves-en-mediterranee\\\/#primaryimage\"},\"thumbnailUrl\":\"https:\\\/\\\/www.beitalhikma.tn\\\/wp-content\\\/uploads\\\/2022\\\/05\\\/1e\u0300re-de-couv-Les-Re\u0302ves-en-Me\u0301diterrane\u0301e.jpg\",\"datePublished\":\"2022-05-19T09:06:25+00:00\",\"dateModified\":\"2022-10-21T10:22:07+00:00\",\"breadcrumb\":{\"@id\":\"https:\\\/\\\/www.beitalhikma.tn\\\/fr\\\/publication\\\/acces-boutique\\\/livres-en-vente\\\/les-reves-en-mediterranee\\\/#breadcrumb\"},\"inLanguage\":\"fr-FR\",\"potentialAction\":[{\"@type\":\"ReadAction\",\"target\":[\"https:\\\/\\\/www.beitalhikma.tn\\\/fr\\\/publication\\\/acces-boutique\\\/livres-en-vente\\\/les-reves-en-mediterranee\\\/\"]}]},{\"@type\":\"ImageObject\",\"inLanguage\":\"fr-FR\",\"@id\":\"https:\\\/\\\/www.beitalhikma.tn\\\/fr\\\/publication\\\/acces-boutique\\\/livres-en-vente\\\/les-reves-en-mediterranee\\\/#primaryimage\",\"url\":\"https:\\\/\\\/www.beitalhikma.tn\\\/wp-content\\\/uploads\\\/2022\\\/05\\\/1e\u0300re-de-couv-Les-Re\u0302ves-en-Me\u0301diterrane\u0301e.jpg\",\"contentUrl\":\"https:\\\/\\\/www.beitalhikma.tn\\\/wp-content\\\/uploads\\\/2022\\\/05\\\/1e\u0300re-de-couv-Les-Re\u0302ves-en-Me\u0301diterrane\u0301e.jpg\",\"width\":921,\"height\":1388},{\"@type\":\"BreadcrumbList\",\"@id\":\"https:\\\/\\\/www.beitalhikma.tn\\\/fr\\\/publication\\\/acces-boutique\\\/livres-en-vente\\\/les-reves-en-mediterranee\\\/#breadcrumb\",\"itemListElement\":[{\"@type\":\"ListItem\",\"position\":1,\"name\":\"Accueil\",\"item\":\"https:\\\/\\\/www.beitalhikma.tn\\\/fr\\\/\"},{\"@type\":\"ListItem\",\"position\":2,\"name\":\"Boutique\",\"item\":\"https:\\\/\\\/www.beitalhikma.tn\\\/fr\\\/boutique\\\/\"},{\"@type\":\"ListItem\",\"position\":3,\"name\":\"Les r\u00eaves en m\u00e9diterran\u00e9e\"}]},{\"@type\":\"WebSite\",\"@id\":\"https:\\\/\\\/www.beitalhikma.tn\\\/#website\",\"url\":\"https:\\\/\\\/www.beitalhikma.tn\\\/\",\"name\":\"Beit al-Hikma\",\"description\":\"L&#039;Acad\u00e9mie Tunisienne des Sciences, des Lettres  et des Arts\",\"publisher\":{\"@id\":\"https:\\\/\\\/www.beitalhikma.tn\\\/#organization\"},\"potentialAction\":[{\"@type\":\"SearchAction\",\"target\":{\"@type\":\"EntryPoint\",\"urlTemplate\":\"https:\\\/\\\/www.beitalhikma.tn\\\/?s={search_term_string}\"},\"query-input\":{\"@type\":\"PropertyValueSpecification\",\"valueRequired\":true,\"valueName\":\"search_term_string\"}}],\"inLanguage\":\"fr-FR\"},{\"@type\":\"Organization\",\"@id\":\"https:\\\/\\\/www.beitalhikma.tn\\\/#organization\",\"name\":\"Beit Al Hikma\",\"url\":\"https:\\\/\\\/www.beitalhikma.tn\\\/\",\"logo\":{\"@type\":\"ImageObject\",\"inLanguage\":\"fr-FR\",\"@id\":\"https:\\\/\\\/www.beitalhikma.tn\\\/#\\\/schema\\\/logo\\\/image\\\/\",\"url\":\"https:\\\/\\\/www.beitalhikma.tn\\\/wp-content\\\/uploads\\\/2014\\\/11\\\/logo.png\",\"contentUrl\":\"https:\\\/\\\/www.beitalhikma.tn\\\/wp-content\\\/uploads\\\/2014\\\/11\\\/logo.png\",\"width\":288,\"height\":109,\"caption\":\"Beit Al Hikma\"},\"image\":{\"@id\":\"https:\\\/\\\/www.beitalhikma.tn\\\/#\\\/schema\\\/logo\\\/image\\\/\"},\"sameAs\":[\"https:\\\/\\\/www.facebook.com\\\/BeitalhikmaTunisie\\\/\",\"https:\\\/\\\/x.com\\\/Beit_alhikma_TN\",\"https:\\\/\\\/www.youtube.com\\\/channel\\\/UCl8EfDXqt5MFfcEY0UYhevg\"]}]}<\/script>\n<!-- \/ Yoast SEO plugin. -->","yoast_head_json":{"title":"Les r\u00eaves en m\u00e9diterran\u00e9e - Beit al-Hikma","robots":{"index":"index","follow":"follow","max-snippet":"max-snippet:-1","max-image-preview":"max-image-preview:large","max-video-preview":"max-video-preview:-1"},"canonical":"https:\/\/www.beitalhikma.tn\/fr\/publication\/acces-boutique\/livres-en-vente\/les-reves-en-mediterranee\/","og_locale":"fr_FR","og_type":"article","og_title":"Les r\u00eaves en m\u00e9diterran\u00e9e - Beit al-Hikma","og_description":"Titre de l\u2019ouvrage :Les r\u00eaves en m\u00e9diterran\u00e9e Ouvrage collectif sous la direction de Riadh Ben Rejeb et Bianca lechevalier  Langue :\u00a0fran\u00e7ais  Date de parution : 2022  Format :\u00a016\u00d724  ISBN : 9789973492364  Nombre de pages :149 Th\u00e8me : psychologie- psychanalyse  Poids : 300 gr Situation :\u00a0disponible","og_url":"https:\/\/www.beitalhikma.tn\/fr\/publication\/acces-boutique\/livres-en-vente\/les-reves-en-mediterranee\/","og_site_name":"Beit al-Hikma","article_publisher":"https:\/\/www.facebook.com\/BeitalhikmaTunisie\/","article_modified_time":"2022-10-21T10:22:07+00:00","og_image":[{"width":921,"height":1388,"url":"https:\/\/www.beitalhikma.tn\/wp-content\/uploads\/2022\/05\/1e\u0300re-de-couv-Les-Re\u0302ves-en-Me\u0301diterrane\u0301e.jpg","type":"image\/jpeg"}],"twitter_card":"summary_large_image","twitter_site":"@Beit_alhikma_TN","twitter_misc":{"Dur\u00e9e de lecture estim\u00e9e":"2 minutes"},"schema":{"@context":"https:\/\/schema.org","@graph":[{"@type":"WebPage","@id":"https:\/\/www.beitalhikma.tn\/fr\/publication\/acces-boutique\/livres-en-vente\/les-reves-en-mediterranee\/","url":"https:\/\/www.beitalhikma.tn\/fr\/publication\/acces-boutique\/livres-en-vente\/les-reves-en-mediterranee\/","name":"Les r\u00eaves en m\u00e9diterran\u00e9e - Beit al-Hikma","isPartOf":{"@id":"https:\/\/www.beitalhikma.tn\/#website"},"primaryImageOfPage":{"@id":"https:\/\/www.beitalhikma.tn\/fr\/publication\/acces-boutique\/livres-en-vente\/les-reves-en-mediterranee\/#primaryimage"},"image":{"@id":"https:\/\/www.beitalhikma.tn\/fr\/publication\/acces-boutique\/livres-en-vente\/les-reves-en-mediterranee\/#primaryimage"},"thumbnailUrl":"https:\/\/www.beitalhikma.tn\/wp-content\/uploads\/2022\/05\/1e\u0300re-de-couv-Les-Re\u0302ves-en-Me\u0301diterrane\u0301e.jpg","datePublished":"2022-05-19T09:06:25+00:00","dateModified":"2022-10-21T10:22:07+00:00","breadcrumb":{"@id":"https:\/\/www.beitalhikma.tn\/fr\/publication\/acces-boutique\/livres-en-vente\/les-reves-en-mediterranee\/#breadcrumb"},"inLanguage":"fr-FR","potentialAction":[{"@type":"ReadAction","target":["https:\/\/www.beitalhikma.tn\/fr\/publication\/acces-boutique\/livres-en-vente\/les-reves-en-mediterranee\/"]}]},{"@type":"ImageObject","inLanguage":"fr-FR","@id":"https:\/\/www.beitalhikma.tn\/fr\/publication\/acces-boutique\/livres-en-vente\/les-reves-en-mediterranee\/#primaryimage","url":"https:\/\/www.beitalhikma.tn\/wp-content\/uploads\/2022\/05\/1e\u0300re-de-couv-Les-Re\u0302ves-en-Me\u0301diterrane\u0301e.jpg","contentUrl":"https:\/\/www.beitalhikma.tn\/wp-content\/uploads\/2022\/05\/1e\u0300re-de-couv-Les-Re\u0302ves-en-Me\u0301diterrane\u0301e.jpg","width":921,"height":1388},{"@type":"BreadcrumbList","@id":"https:\/\/www.beitalhikma.tn\/fr\/publication\/acces-boutique\/livres-en-vente\/les-reves-en-mediterranee\/#breadcrumb","itemListElement":[{"@type":"ListItem","position":1,"name":"Accueil","item":"https:\/\/www.beitalhikma.tn\/fr\/"},{"@type":"ListItem","position":2,"name":"Boutique","item":"https:\/\/www.beitalhikma.tn\/fr\/boutique\/"},{"@type":"ListItem","position":3,"name":"Les r\u00eaves en m\u00e9diterran\u00e9e"}]},{"@type":"WebSite","@id":"https:\/\/www.beitalhikma.tn\/#website","url":"https:\/\/www.beitalhikma.tn\/","name":"Beit al-Hikma","description":"L&#039;Acad\u00e9mie Tunisienne des Sciences, des Lettres  et des Arts","publisher":{"@id":"https:\/\/www.beitalhikma.tn\/#organization"},"potentialAction":[{"@type":"SearchAction","target":{"@type":"EntryPoint","urlTemplate":"https:\/\/www.beitalhikma.tn\/?s={search_term_string}"},"query-input":{"@type":"PropertyValueSpecification","valueRequired":true,"valueName":"search_term_string"}}],"inLanguage":"fr-FR"},{"@type":"Organization","@id":"https:\/\/www.beitalhikma.tn\/#organization","name":"Beit Al Hikma","url":"https:\/\/www.beitalhikma.tn\/","logo":{"@type":"ImageObject","inLanguage":"fr-FR","@id":"https:\/\/www.beitalhikma.tn\/#\/schema\/logo\/image\/","url":"https:\/\/www.beitalhikma.tn\/wp-content\/uploads\/2014\/11\/logo.png","contentUrl":"https:\/\/www.beitalhikma.tn\/wp-content\/uploads\/2014\/11\/logo.png","width":288,"height":109,"caption":"Beit Al Hikma"},"image":{"@id":"https:\/\/www.beitalhikma.tn\/#\/schema\/logo\/image\/"},"sameAs":["https:\/\/www.facebook.com\/BeitalhikmaTunisie\/","https:\/\/x.com\/Beit_alhikma_TN","https:\/\/www.youtube.com\/channel\/UCl8EfDXqt5MFfcEY0UYhevg"]}]}},"uagb_featured_image_src":{"full":["https:\/\/www.beitalhikma.tn\/wp-content\/uploads\/2022\/05\/1e\u0300re-de-couv-Les-Re\u0302ves-en-Me\u0301diterrane\u0301e.jpg",921,1388,false],"thumbnail":["https:\/\/www.beitalhikma.tn\/wp-content\/uploads\/2022\/05\/1e\u0300re-de-couv-Les-Re\u0302ves-en-Me\u0301diterrane\u0301e-250x300.jpg",250,300,true],"medium":["https:\/\/www.beitalhikma.tn\/wp-content\/uploads\/2022\/05\/1e\u0300re-de-couv-Les-Re\u0302ves-en-Me\u0301diterrane\u0301e-199x300.jpg",199,300,true],"medium_large":["https:\/\/www.beitalhikma.tn\/wp-content\/uploads\/2022\/05\/1e\u0300re-de-couv-Les-Re\u0302ves-en-Me\u0301diterrane\u0301e-768x1157.jpg",768,1157,true],"large":["https:\/\/www.beitalhikma.tn\/wp-content\/uploads\/2022\/05\/1e\u0300re-de-couv-Les-Re\u0302ves-en-Me\u0301diterrane\u0301e-679x1024.jpg",679,1024,true],"thumblist":["https:\/\/www.beitalhikma.tn\/wp-content\/uploads\/2022\/05\/1e\u0300re-de-couv-Les-Re\u0302ves-en-Me\u0301diterrane\u0301e-300x300.jpg",300,300,true],"meccarouselthumb":["https:\/\/www.beitalhikma.tn\/wp-content\/uploads\/2022\/05\/1e\u0300re-de-couv-Les-Re\u0302ves-en-Me\u0301diterrane\u0301e-474x324.jpg",474,324,true],"gridsquare":["https:\/\/www.beitalhikma.tn\/wp-content\/uploads\/2022\/05\/1e\u0300re-de-couv-Les-Re\u0302ves-en-Me\u0301diterrane\u0301e-391x260.jpg",391,260,true],"tileview":["https:\/\/www.beitalhikma.tn\/wp-content\/uploads\/2022\/05\/1e\u0300re-de-couv-Les-Re\u0302ves-en-Me\u0301diterrane\u0301e-300x400.jpg",300,400,true],"1536x1536":["https:\/\/www.beitalhikma.tn\/wp-content\/uploads\/2022\/05\/1e\u0300re-de-couv-Les-Re\u0302ves-en-Me\u0301diterrane\u0301e.jpg",921,1388,false],"2048x2048":["https:\/\/www.beitalhikma.tn\/wp-content\/uploads\/2022\/05\/1e\u0300re-de-couv-Les-Re\u0302ves-en-Me\u0301diterrane\u0301e.jpg",921,1388,false],"post-thumbnail":["https:\/\/www.beitalhikma.tn\/wp-content\/uploads\/2022\/05\/1e\u0300re-de-couv-Les-Re\u0302ves-en-Me\u0301diterrane\u0301e-97x146.jpg",97,146,true],"50x50":["https:\/\/www.beitalhikma.tn\/wp-content\/uploads\/2022\/05\/1e\u0300re-de-couv-Les-Re\u0302ves-en-Me\u0301diterrane\u0301e-33x50.jpg",33,50,true],"portfolio-list":["https:\/\/www.beitalhikma.tn\/wp-content\/uploads\/2022\/05\/1e\u0300re-de-couv-Les-Re\u0302ves-en-Me\u0301diterrane\u0301e-600x400.jpg",600,400,true],"portfolio-fs":["https:\/\/www.beitalhikma.tn\/wp-content\/uploads\/2022\/05\/1e\u0300re-de-couv-Les-Re\u0302ves-en-Me\u0301diterrane\u0301e-815x543.jpg",815,543,true],"portfolio-slider":["https:\/\/www.beitalhikma.tn\/wp-content\/uploads\/2022\/05\/1e\u0300re-de-couv-Les-Re\u0302ves-en-Me\u0301diterrane\u0301e-380x380.jpg",380,380,true],"blog":["https:\/\/www.beitalhikma.tn\/wp-content\/uploads\/2022\/05\/1e\u0300re-de-couv-Les-Re\u0302ves-en-Me\u0301diterrane\u0301e-564x341.jpg",564,341,true],"blog-single":["https:\/\/www.beitalhikma.tn\/wp-content\/uploads\/2022\/05\/1e\u0300re-de-couv-Les-Re\u0302ves-en-Me\u0301diterrane\u0301e-921x445.jpg",921,445,true],"blog-item":["https:\/\/www.beitalhikma.tn\/wp-content\/uploads\/2022\/05\/1e\u0300re-de-couv-Les-Re\u0302ves-en-Me\u0301diterrane\u0301e-504x224.jpg",504,224,true],"blog-widget":["https:\/\/www.beitalhikma.tn\/wp-content\/uploads\/2022\/05\/1e\u0300re-de-couv-Les-Re\u0302ves-en-Me\u0301diterrane\u0301e-80x60.jpg",80,60,true],"features":["https:\/\/www.beitalhikma.tn\/wp-content\/uploads\/2022\/05\/1e\u0300re-de-couv-Les-Re\u0302ves-en-Me\u0301diterrane\u0301e-90x90.jpg",90,90,true],"clients-slider":["https:\/\/www.beitalhikma.tn\/wp-content\/uploads\/2022\/05\/1e\u0300re-de-couv-Les-Re\u0302ves-en-Me\u0301diterrane\u0301e-53x80.jpg",53,80,true],"offer-slider":["https:\/\/www.beitalhikma.tn\/wp-content\/uploads\/2022\/05\/1e\u0300re-de-couv-Les-Re\u0302ves-en-Me\u0301diterrane\u0301e-776x438.jpg",776,438,true],"offer-slider-pg":["https:\/\/www.beitalhikma.tn\/wp-content\/uploads\/2022\/05\/1e\u0300re-de-couv-Les-Re\u0302ves-en-Me\u0301diterrane\u0301e-42x42.jpg",42,42,true],"woocommerce_thumbnail":["https:\/\/www.beitalhikma.tn\/wp-content\/uploads\/2022\/05\/1e\u0300re-de-couv-Les-Re\u0302ves-en-Me\u0301diterrane\u0301e-250x300.jpg",250,300,true],"woocommerce_single":["https:\/\/www.beitalhikma.tn\/wp-content\/uploads\/2022\/05\/1e\u0300re-de-couv-Les-Re\u0302ves-en-Me\u0301diterrane\u0301e-250x377.jpg",250,377,true],"woocommerce_gallery_thumbnail":["https:\/\/www.beitalhikma.tn\/wp-content\/uploads\/2022\/05\/1e\u0300re-de-couv-Les-Re\u0302ves-en-Me\u0301diterrane\u0301e-100x100.jpg",100,100,true]},"uagb_author_info":{"display_name":"admin","author_link":"https:\/\/www.beitalhikma.tn\/fr\/author\/"},"uagb_comment_info":0,"uagb_excerpt":"Titre de l\u2019ouvrage :Les r\u00eaves en m\u00e9diterran\u00e9e Ouvrage collectif sous la direction de Riadh Ben Rejeb et Bianca lechevalier Langue :\u00a0fran\u00e7ais Date de parution : 2022 Format :\u00a016\u00d724 ISBN : 9789973492364 Nombre de pages :149 Th\u00e8me : psychologie- psychanalyse Poids : 300 gr Situation :\u00a0disponible","_links":{"self":[{"href":"https:\/\/www.beitalhikma.tn\/fr\/wp-json\/wp\/v2\/product\/96693","targetHints":{"allow":["GET"]}}],"collection":[{"href":"https:\/\/www.beitalhikma.tn\/fr\/wp-json\/wp\/v2\/product"}],"about":[{"href":"https:\/\/www.beitalhikma.tn\/fr\/wp-json\/wp\/v2\/types\/product"}],"wp:featuredmedia":[{"embeddable":true,"href":"https:\/\/www.beitalhikma.tn\/fr\/wp-json\/wp\/v2\/media\/96673"}],"wp:attachment":[{"href":"https:\/\/www.beitalhikma.tn\/fr\/wp-json\/wp\/v2\/media?parent=96693"}],"wp:term":[{"taxonomy":"product_brand","embeddable":true,"href":"https:\/\/www.beitalhikma.tn\/fr\/wp-json\/wp\/v2\/product_brand?post=96693"},{"taxonomy":"product_cat","embeddable":true,"href":"https:\/\/www.beitalhikma.tn\/fr\/wp-json\/wp\/v2\/product_cat?post=96693"},{"taxonomy":"product_tag","embeddable":true,"href":"https:\/\/www.beitalhikma.tn\/fr\/wp-json\/wp\/v2\/product_tag?post=96693"}],"curies":[{"name":"wp","href":"https:\/\/api.w.org\/{rel}","templated":true}]}}