{"id":96704,"date":"2022-05-19T10:56:29","date_gmt":"2022-05-19T09:56:29","guid":{"rendered":"https:\/\/www.beitalhikma.tn\/?post_type=product&#038;p=96704"},"modified":"2022-10-14T13:41:09","modified_gmt":"2022-10-14T12:41:09","slug":"2021-2020-%d9%85%d8%ad%d8%a7%d8%b6%d8%b1%d8%a7%d8%aa-%d8%a8%d9%8a%d8%aa-%d8%a7%d9%84%d8%ad%d9%83%d9%85%d8%a9","status":"publish","type":"product","link":"https:\/\/www.beitalhikma.tn\/fr\/publication\/acces-boutique\/livres-en-vente\/2021-2020-%d9%85%d8%ad%d8%a7%d8%b6%d8%b1%d8%a7%d8%aa-%d8%a8%d9%8a%d8%aa-%d8%a7%d9%84%d8%ad%d9%83%d9%85%d8%a9\/","title":{"rendered":"Les conf\u00e9rences de Beit al-Hikma 2020-2021"},"content":{"rendered":"<p>L\u2019ouvrage fait partie d\u2019une s\u00e9rie de livres, publi\u00e9s, r\u00e9guli\u00e8rement, par l\u2019Acad\u00e9mie tunisienne des sciences, des lettres et des arts, Be\u00eft al-Hikma.<\/p>\n<p>Ces livres comportent les activit\u00e9s des colloques, des journ\u00e9es d\u2019\u00e9tudes, des rencontres et des conf\u00e9rences, organis\u00e9s par les d\u00e9partements scientifiques de l\u2019Acad\u00e9mie, durant les saisons acad\u00e9miques.3. Lexicographe enfin, dans sa connaissance intime des ouvrages \u00e9crits en la mati\u00e8re \u00e0 son \u00e9poque et m\u00eame avant. Il a pu ainsi expliquer les hadiths demeur\u00e9s obscurs, \u00e0 cause de certains vocables inusit\u00e9s employ\u00e9s par le Proph\u00e8te<\/p>\n","protected":false},"excerpt":{"rendered":"<p>&nbsp;<\/p>\n<ul>\n<li><strong>Titre de l\u2019ouvrage<\/strong> :<strong>Les conf\u00e9rences de Beit al-Hikma 2020-2021<\/strong><br \/>\n<strong>Ouvrage collectif\u00a0<\/strong><\/li>\n<li><strong>Langue :<\/strong> Arabe-Fran\u00e7ais<\/li>\n<li><strong>Date de parution :<\/strong> 2022<\/li>\n<li><strong>Format :<\/strong>\u00a016\u00d724<\/li>\n<li><strong>ISBN :<\/strong> 978-9973-49-237-1<\/li>\n<li><strong>Nombre de pages :<\/strong>517<br \/>\n<strong>Th\u00e8me :<\/strong> scientifique<\/li>\n<li><strong>Poids :<\/strong>700 gr<br \/>\n<b>Situation :\u00a0<\/b>disponible<\/li>\n<li class=\"addtoany_share_save_container addtoany_content addtoany_content_bottom\" style=\"text-align: left;\">\n<div class=\"a2a_kit a2a_kit_size_32 addtoany_list\" data-a2a-url=\"https:\/\/www.beitalhikma.tn\/publication\/acces-boutique\/livres-en-vente\/melanges-au-professeur-dominique-chevallier\/\" data-a2a-title=\"M\u00e9langes au Professeur Dominique Chevallier\"><\/div>\n<\/li>\n<li><\/li>\n<\/ul>\n","protected":false},"featured_media":96328,"template":"","meta":{"_uag_custom_page_level_css":""},"product_brand":[],"product_cat":[11],"product_tag":[],"class_list":{"0":"post-96704","1":"product","2":"type-product","3":"status-publish","4":"has-post-thumbnail","6":"product_cat-livres-en-vente","8":"first","9":"instock","10":"sale","11":"shipping-taxable","12":"purchasable","13":"product-type-simple"},"yoast_head":"<!-- This site is optimized with the Yoast SEO plugin v27.5 - https:\/\/yoast.com\/product\/yoast-seo-wordpress\/ -->\n<title>Les conf\u00e9rences de Beit al-Hikma 2020-2021 - Beit al-Hikma<\/title>\n<meta name=\"robots\" content=\"index, follow, max-snippet:-1, max-image-preview:large, max-video-preview:-1\" \/>\n<link rel=\"canonical\" href=\"https:\/\/www.beitalhikma.tn\/fr\/publication\/acces-boutique\/livres-en-vente\/2021-2020-\u0645\u062d\u0627\u0636\u0631\u0627\u062a-\u0628\u064a\u062a-\u0627\u0644\u062d\u0643\u0645\u0629\/\" \/>\n<meta property=\"og:locale\" content=\"fr_FR\" \/>\n<meta property=\"og:type\" content=\"article\" \/>\n<meta property=\"og:title\" content=\"Les conf\u00e9rences de Beit al-Hikma 2020-2021 - Beit al-Hikma\" \/>\n<meta property=\"og:description\" content=\"&nbsp;   Titre de l\u2019ouvrage :Les conf\u00e9rences de Beit al-Hikma 2020-2021 Ouvrage collectif\u00a0  Langue : Arabe-Fran\u00e7ais  Date de parution : 2022  Format :\u00a016\u00d724  ISBN : 978-9973-49-237-1  Nombre de pages :517 Th\u00e8me : scientifique  Poids :700 gr Situation :\u00a0disponible\" \/>\n<meta property=\"og:url\" content=\"https:\/\/www.beitalhikma.tn\/fr\/publication\/acces-boutique\/livres-en-vente\/2021-2020-\u0645\u062d\u0627\u0636\u0631\u0627\u062a-\u0628\u064a\u062a-\u0627\u0644\u062d\u0643\u0645\u0629\/\" \/>\n<meta property=\"og:site_name\" content=\"Beit al-Hikma\" \/>\n<meta property=\"article:publisher\" content=\"https:\/\/www.facebook.com\/BeitalhikmaTunisie\/\" \/>\n<meta property=\"article:modified_time\" content=\"2022-10-14T12:41:09+00:00\" \/>\n<meta property=\"og:image\" content=\"https:\/\/www.beitalhikma.tn\/wp-content\/uploads\/2022\/05\/Partie-FR-Couv-LES-CONF-2020-2021.jpg\" \/>\n\t<meta property=\"og:image:width\" content=\"1060\" \/>\n\t<meta property=\"og:image:height\" content=\"1506\" \/>\n\t<meta property=\"og:image:type\" content=\"image\/jpeg\" \/>\n<meta name=\"twitter:card\" content=\"summary_large_image\" \/>\n<meta name=\"twitter:site\" content=\"@Beit_alhikma_TN\" \/>\n<meta name=\"twitter:label1\" content=\"Dur\u00e9e de lecture estim\u00e9e\" \/>\n\t<meta name=\"twitter:data1\" content=\"1 minute\" \/>\n<script type=\"application\/ld+json\" class=\"yoast-schema-graph\">{\"@context\":\"https:\\\/\\\/schema.org\",\"@graph\":[{\"@type\":\"WebPage\",\"@id\":\"https:\\\/\\\/www.beitalhikma.tn\\\/fr\\\/publication\\\/acces-boutique\\\/livres-en-vente\\\/2021-2020-%d9%85%d8%ad%d8%a7%d8%b6%d8%b1%d8%a7%d8%aa-%d8%a8%d9%8a%d8%aa-%d8%a7%d9%84%d8%ad%d9%83%d9%85%d8%a9\\\/\",\"url\":\"https:\\\/\\\/www.beitalhikma.tn\\\/fr\\\/publication\\\/acces-boutique\\\/livres-en-vente\\\/2021-2020-%d9%85%d8%ad%d8%a7%d8%b6%d8%b1%d8%a7%d8%aa-%d8%a8%d9%8a%d8%aa-%d8%a7%d9%84%d8%ad%d9%83%d9%85%d8%a9\\\/\",\"name\":\"Les conf\u00e9rences de Beit al-Hikma 2020-2021 - Beit al-Hikma\",\"isPartOf\":{\"@id\":\"https:\\\/\\\/www.beitalhikma.tn\\\/#website\"},\"primaryImageOfPage\":{\"@id\":\"https:\\\/\\\/www.beitalhikma.tn\\\/fr\\\/publication\\\/acces-boutique\\\/livres-en-vente\\\/2021-2020-%d9%85%d8%ad%d8%a7%d8%b6%d8%b1%d8%a7%d8%aa-%d8%a8%d9%8a%d8%aa-%d8%a7%d9%84%d8%ad%d9%83%d9%85%d8%a9\\\/#primaryimage\"},\"image\":{\"@id\":\"https:\\\/\\\/www.beitalhikma.tn\\\/fr\\\/publication\\\/acces-boutique\\\/livres-en-vente\\\/2021-2020-%d9%85%d8%ad%d8%a7%d8%b6%d8%b1%d8%a7%d8%aa-%d8%a8%d9%8a%d8%aa-%d8%a7%d9%84%d8%ad%d9%83%d9%85%d8%a9\\\/#primaryimage\"},\"thumbnailUrl\":\"https:\\\/\\\/www.beitalhikma.tn\\\/wp-content\\\/uploads\\\/2022\\\/05\\\/Partie-FR-Couv-LES-CONF-2020-2021.jpg\",\"datePublished\":\"2022-05-19T09:56:29+00:00\",\"dateModified\":\"2022-10-14T12:41:09+00:00\",\"breadcrumb\":{\"@id\":\"https:\\\/\\\/www.beitalhikma.tn\\\/fr\\\/publication\\\/acces-boutique\\\/livres-en-vente\\\/2021-2020-%d9%85%d8%ad%d8%a7%d8%b6%d8%b1%d8%a7%d8%aa-%d8%a8%d9%8a%d8%aa-%d8%a7%d9%84%d8%ad%d9%83%d9%85%d8%a9\\\/#breadcrumb\"},\"inLanguage\":\"fr-FR\",\"potentialAction\":[{\"@type\":\"ReadAction\",\"target\":[\"https:\\\/\\\/www.beitalhikma.tn\\\/fr\\\/publication\\\/acces-boutique\\\/livres-en-vente\\\/2021-2020-%d9%85%d8%ad%d8%a7%d8%b6%d8%b1%d8%a7%d8%aa-%d8%a8%d9%8a%d8%aa-%d8%a7%d9%84%d8%ad%d9%83%d9%85%d8%a9\\\/\"]}]},{\"@type\":\"ImageObject\",\"inLanguage\":\"fr-FR\",\"@id\":\"https:\\\/\\\/www.beitalhikma.tn\\\/fr\\\/publication\\\/acces-boutique\\\/livres-en-vente\\\/2021-2020-%d9%85%d8%ad%d8%a7%d8%b6%d8%b1%d8%a7%d8%aa-%d8%a8%d9%8a%d8%aa-%d8%a7%d9%84%d8%ad%d9%83%d9%85%d8%a9\\\/#primaryimage\",\"url\":\"https:\\\/\\\/www.beitalhikma.tn\\\/wp-content\\\/uploads\\\/2022\\\/05\\\/Partie-FR-Couv-LES-CONF-2020-2021.jpg\",\"contentUrl\":\"https:\\\/\\\/www.beitalhikma.tn\\\/wp-content\\\/uploads\\\/2022\\\/05\\\/Partie-FR-Couv-LES-CONF-2020-2021.jpg\",\"width\":1060,\"height\":1506},{\"@type\":\"BreadcrumbList\",\"@id\":\"https:\\\/\\\/www.beitalhikma.tn\\\/fr\\\/publication\\\/acces-boutique\\\/livres-en-vente\\\/2021-2020-%d9%85%d8%ad%d8%a7%d8%b6%d8%b1%d8%a7%d8%aa-%d8%a8%d9%8a%d8%aa-%d8%a7%d9%84%d8%ad%d9%83%d9%85%d8%a9\\\/#breadcrumb\",\"itemListElement\":[{\"@type\":\"ListItem\",\"position\":1,\"name\":\"Accueil\",\"item\":\"https:\\\/\\\/www.beitalhikma.tn\\\/fr\\\/\"},{\"@type\":\"ListItem\",\"position\":2,\"name\":\"Boutique\",\"item\":\"https:\\\/\\\/www.beitalhikma.tn\\\/fr\\\/boutique\\\/\"},{\"@type\":\"ListItem\",\"position\":3,\"name\":\"Les conf\u00e9rences de Beit al-Hikma 2020-2021\"}]},{\"@type\":\"WebSite\",\"@id\":\"https:\\\/\\\/www.beitalhikma.tn\\\/#website\",\"url\":\"https:\\\/\\\/www.beitalhikma.tn\\\/\",\"name\":\"Beit al-Hikma\",\"description\":\"L&#039;Acad\u00e9mie Tunisienne des Sciences, des Lettres  et des Arts\",\"publisher\":{\"@id\":\"https:\\\/\\\/www.beitalhikma.tn\\\/#organization\"},\"potentialAction\":[{\"@type\":\"SearchAction\",\"target\":{\"@type\":\"EntryPoint\",\"urlTemplate\":\"https:\\\/\\\/www.beitalhikma.tn\\\/?s={search_term_string}\"},\"query-input\":{\"@type\":\"PropertyValueSpecification\",\"valueRequired\":true,\"valueName\":\"search_term_string\"}}],\"inLanguage\":\"fr-FR\"},{\"@type\":\"Organization\",\"@id\":\"https:\\\/\\\/www.beitalhikma.tn\\\/#organization\",\"name\":\"Beit Al Hikma\",\"url\":\"https:\\\/\\\/www.beitalhikma.tn\\\/\",\"logo\":{\"@type\":\"ImageObject\",\"inLanguage\":\"fr-FR\",\"@id\":\"https:\\\/\\\/www.beitalhikma.tn\\\/#\\\/schema\\\/logo\\\/image\\\/\",\"url\":\"https:\\\/\\\/www.beitalhikma.tn\\\/wp-content\\\/uploads\\\/2014\\\/11\\\/logo.png\",\"contentUrl\":\"https:\\\/\\\/www.beitalhikma.tn\\\/wp-content\\\/uploads\\\/2014\\\/11\\\/logo.png\",\"width\":288,\"height\":109,\"caption\":\"Beit Al Hikma\"},\"image\":{\"@id\":\"https:\\\/\\\/www.beitalhikma.tn\\\/#\\\/schema\\\/logo\\\/image\\\/\"},\"sameAs\":[\"https:\\\/\\\/www.facebook.com\\\/BeitalhikmaTunisie\\\/\",\"https:\\\/\\\/x.com\\\/Beit_alhikma_TN\",\"https:\\\/\\\/www.youtube.com\\\/channel\\\/UCl8EfDXqt5MFfcEY0UYhevg\"]}]}<\/script>\n<!-- \/ Yoast SEO plugin. -->","yoast_head_json":{"title":"Les conf\u00e9rences de Beit al-Hikma 2020-2021 - Beit al-Hikma","robots":{"index":"index","follow":"follow","max-snippet":"max-snippet:-1","max-image-preview":"max-image-preview:large","max-video-preview":"max-video-preview:-1"},"canonical":"https:\/\/www.beitalhikma.tn\/fr\/publication\/acces-boutique\/livres-en-vente\/2021-2020-\u0645\u062d\u0627\u0636\u0631\u0627\u062a-\u0628\u064a\u062a-\u0627\u0644\u062d\u0643\u0645\u0629\/","og_locale":"fr_FR","og_type":"article","og_title":"Les conf\u00e9rences de Beit al-Hikma 2020-2021 - Beit al-Hikma","og_description":"&nbsp;   Titre de l\u2019ouvrage :Les conf\u00e9rences de Beit al-Hikma 2020-2021 Ouvrage collectif\u00a0  Langue : Arabe-Fran\u00e7ais  Date de parution : 2022  Format :\u00a016\u00d724  ISBN : 978-9973-49-237-1  Nombre de pages :517 Th\u00e8me : scientifique  Poids :700 gr Situation :\u00a0disponible","og_url":"https:\/\/www.beitalhikma.tn\/fr\/publication\/acces-boutique\/livres-en-vente\/2021-2020-\u0645\u062d\u0627\u0636\u0631\u0627\u062a-\u0628\u064a\u062a-\u0627\u0644\u062d\u0643\u0645\u0629\/","og_site_name":"Beit al-Hikma","article_publisher":"https:\/\/www.facebook.com\/BeitalhikmaTunisie\/","article_modified_time":"2022-10-14T12:41:09+00:00","og_image":[{"width":1060,"height":1506,"url":"https:\/\/www.beitalhikma.tn\/wp-content\/uploads\/2022\/05\/Partie-FR-Couv-LES-CONF-2020-2021.jpg","type":"image\/jpeg"}],"twitter_card":"summary_large_image","twitter_site":"@Beit_alhikma_TN","twitter_misc":{"Dur\u00e9e de lecture estim\u00e9e":"1 minute"},"schema":{"@context":"https:\/\/schema.org","@graph":[{"@type":"WebPage","@id":"https:\/\/www.beitalhikma.tn\/fr\/publication\/acces-boutique\/livres-en-vente\/2021-2020-%d9%85%d8%ad%d8%a7%d8%b6%d8%b1%d8%a7%d8%aa-%d8%a8%d9%8a%d8%aa-%d8%a7%d9%84%d8%ad%d9%83%d9%85%d8%a9\/","url":"https:\/\/www.beitalhikma.tn\/fr\/publication\/acces-boutique\/livres-en-vente\/2021-2020-%d9%85%d8%ad%d8%a7%d8%b6%d8%b1%d8%a7%d8%aa-%d8%a8%d9%8a%d8%aa-%d8%a7%d9%84%d8%ad%d9%83%d9%85%d8%a9\/","name":"Les conf\u00e9rences de Beit al-Hikma 2020-2021 - Beit al-Hikma","isPartOf":{"@id":"https:\/\/www.beitalhikma.tn\/#website"},"primaryImageOfPage":{"@id":"https:\/\/www.beitalhikma.tn\/fr\/publication\/acces-boutique\/livres-en-vente\/2021-2020-%d9%85%d8%ad%d8%a7%d8%b6%d8%b1%d8%a7%d8%aa-%d8%a8%d9%8a%d8%aa-%d8%a7%d9%84%d8%ad%d9%83%d9%85%d8%a9\/#primaryimage"},"image":{"@id":"https:\/\/www.beitalhikma.tn\/fr\/publication\/acces-boutique\/livres-en-vente\/2021-2020-%d9%85%d8%ad%d8%a7%d8%b6%d8%b1%d8%a7%d8%aa-%d8%a8%d9%8a%d8%aa-%d8%a7%d9%84%d8%ad%d9%83%d9%85%d8%a9\/#primaryimage"},"thumbnailUrl":"https:\/\/www.beitalhikma.tn\/wp-content\/uploads\/2022\/05\/Partie-FR-Couv-LES-CONF-2020-2021.jpg","datePublished":"2022-05-19T09:56:29+00:00","dateModified":"2022-10-14T12:41:09+00:00","breadcrumb":{"@id":"https:\/\/www.beitalhikma.tn\/fr\/publication\/acces-boutique\/livres-en-vente\/2021-2020-%d9%85%d8%ad%d8%a7%d8%b6%d8%b1%d8%a7%d8%aa-%d8%a8%d9%8a%d8%aa-%d8%a7%d9%84%d8%ad%d9%83%d9%85%d8%a9\/#breadcrumb"},"inLanguage":"fr-FR","potentialAction":[{"@type":"ReadAction","target":["https:\/\/www.beitalhikma.tn\/fr\/publication\/acces-boutique\/livres-en-vente\/2021-2020-%d9%85%d8%ad%d8%a7%d8%b6%d8%b1%d8%a7%d8%aa-%d8%a8%d9%8a%d8%aa-%d8%a7%d9%84%d8%ad%d9%83%d9%85%d8%a9\/"]}]},{"@type":"ImageObject","inLanguage":"fr-FR","@id":"https:\/\/www.beitalhikma.tn\/fr\/publication\/acces-boutique\/livres-en-vente\/2021-2020-%d9%85%d8%ad%d8%a7%d8%b6%d8%b1%d8%a7%d8%aa-%d8%a8%d9%8a%d8%aa-%d8%a7%d9%84%d8%ad%d9%83%d9%85%d8%a9\/#primaryimage","url":"https:\/\/www.beitalhikma.tn\/wp-content\/uploads\/2022\/05\/Partie-FR-Couv-LES-CONF-2020-2021.jpg","contentUrl":"https:\/\/www.beitalhikma.tn\/wp-content\/uploads\/2022\/05\/Partie-FR-Couv-LES-CONF-2020-2021.jpg","width":1060,"height":1506},{"@type":"BreadcrumbList","@id":"https:\/\/www.beitalhikma.tn\/fr\/publication\/acces-boutique\/livres-en-vente\/2021-2020-%d9%85%d8%ad%d8%a7%d8%b6%d8%b1%d8%a7%d8%aa-%d8%a8%d9%8a%d8%aa-%d8%a7%d9%84%d8%ad%d9%83%d9%85%d8%a9\/#breadcrumb","itemListElement":[{"@type":"ListItem","position":1,"name":"Accueil","item":"https:\/\/www.beitalhikma.tn\/fr\/"},{"@type":"ListItem","position":2,"name":"Boutique","item":"https:\/\/www.beitalhikma.tn\/fr\/boutique\/"},{"@type":"ListItem","position":3,"name":"Les conf\u00e9rences de Beit al-Hikma 2020-2021"}]},{"@type":"WebSite","@id":"https:\/\/www.beitalhikma.tn\/#website","url":"https:\/\/www.beitalhikma.tn\/","name":"Beit al-Hikma","description":"L&#039;Acad\u00e9mie Tunisienne des Sciences, des Lettres  et des Arts","publisher":{"@id":"https:\/\/www.beitalhikma.tn\/#organization"},"potentialAction":[{"@type":"SearchAction","target":{"@type":"EntryPoint","urlTemplate":"https:\/\/www.beitalhikma.tn\/?s={search_term_string}"},"query-input":{"@type":"PropertyValueSpecification","valueRequired":true,"valueName":"search_term_string"}}],"inLanguage":"fr-FR"},{"@type":"Organization","@id":"https:\/\/www.beitalhikma.tn\/#organization","name":"Beit Al Hikma","url":"https:\/\/www.beitalhikma.tn\/","logo":{"@type":"ImageObject","inLanguage":"fr-FR","@id":"https:\/\/www.beitalhikma.tn\/#\/schema\/logo\/image\/","url":"https:\/\/www.beitalhikma.tn\/wp-content\/uploads\/2014\/11\/logo.png","contentUrl":"https:\/\/www.beitalhikma.tn\/wp-content\/uploads\/2014\/11\/logo.png","width":288,"height":109,"caption":"Beit Al Hikma"},"image":{"@id":"https:\/\/www.beitalhikma.tn\/#\/schema\/logo\/image\/"},"sameAs":["https:\/\/www.facebook.com\/BeitalhikmaTunisie\/","https:\/\/x.com\/Beit_alhikma_TN","https:\/\/www.youtube.com\/channel\/UCl8EfDXqt5MFfcEY0UYhevg"]}]}},"uagb_featured_image_src":{"full":["https:\/\/www.beitalhikma.tn\/wp-content\/uploads\/2022\/05\/Partie-FR-Couv-LES-CONF-2020-2021.jpg",1060,1506,false],"thumbnail":["https:\/\/www.beitalhikma.tn\/wp-content\/uploads\/2022\/05\/Partie-FR-Couv-LES-CONF-2020-2021-250x300.jpg",250,300,true],"medium":["https:\/\/www.beitalhikma.tn\/wp-content\/uploads\/2022\/05\/Partie-FR-Couv-LES-CONF-2020-2021-211x300.jpg",211,300,true],"medium_large":["https:\/\/www.beitalhikma.tn\/wp-content\/uploads\/2022\/05\/Partie-FR-Couv-LES-CONF-2020-2021-768x1091.jpg",768,1091,true],"large":["https:\/\/www.beitalhikma.tn\/wp-content\/uploads\/2022\/05\/Partie-FR-Couv-LES-CONF-2020-2021-721x1024.jpg",721,1024,true],"thumblist":["https:\/\/www.beitalhikma.tn\/wp-content\/uploads\/2022\/05\/Partie-FR-Couv-LES-CONF-2020-2021-300x300.jpg",300,300,true],"meccarouselthumb":["https:\/\/www.beitalhikma.tn\/wp-content\/uploads\/2022\/05\/Partie-FR-Couv-LES-CONF-2020-2021-474x324.jpg",474,324,true],"gridsquare":["https:\/\/www.beitalhikma.tn\/wp-content\/uploads\/2022\/05\/Partie-FR-Couv-LES-CONF-2020-2021-391x260.jpg",391,260,true],"tileview":["https:\/\/www.beitalhikma.tn\/wp-content\/uploads\/2022\/05\/Partie-FR-Couv-LES-CONF-2020-2021-300x400.jpg",300,400,true],"1536x1536":["https:\/\/www.beitalhikma.tn\/wp-content\/uploads\/2022\/05\/Partie-FR-Couv-LES-CONF-2020-2021.jpg",1060,1506,false],"2048x2048":["https:\/\/www.beitalhikma.tn\/wp-content\/uploads\/2022\/05\/Partie-FR-Couv-LES-CONF-2020-2021.jpg",1060,1506,false],"post-thumbnail":["https:\/\/www.beitalhikma.tn\/wp-content\/uploads\/2022\/05\/Partie-FR-Couv-LES-CONF-2020-2021-103x146.jpg",103,146,true],"50x50":["https:\/\/www.beitalhikma.tn\/wp-content\/uploads\/2022\/05\/Partie-FR-Couv-LES-CONF-2020-2021-35x50.jpg",35,50,true],"portfolio-list":["https:\/\/www.beitalhikma.tn\/wp-content\/uploads\/2022\/05\/Partie-FR-Couv-LES-CONF-2020-2021-600x400.jpg",600,400,true],"portfolio-fs":["https:\/\/www.beitalhikma.tn\/wp-content\/uploads\/2022\/05\/Partie-FR-Couv-LES-CONF-2020-2021-815x543.jpg",815,543,true],"portfolio-slider":["https:\/\/www.beitalhikma.tn\/wp-content\/uploads\/2022\/05\/Partie-FR-Couv-LES-CONF-2020-2021-380x380.jpg",380,380,true],"blog":["https:\/\/www.beitalhikma.tn\/wp-content\/uploads\/2022\/05\/Partie-FR-Couv-LES-CONF-2020-2021-564x341.jpg",564,341,true],"blog-single":["https:\/\/www.beitalhikma.tn\/wp-content\/uploads\/2022\/05\/Partie-FR-Couv-LES-CONF-2020-2021-1060x445.jpg",1060,445,true],"blog-item":["https:\/\/www.beitalhikma.tn\/wp-content\/uploads\/2022\/05\/Partie-FR-Couv-LES-CONF-2020-2021-504x224.jpg",504,224,true],"blog-widget":["https:\/\/www.beitalhikma.tn\/wp-content\/uploads\/2022\/05\/Partie-FR-Couv-LES-CONF-2020-2021-80x60.jpg",80,60,true],"features":["https:\/\/www.beitalhikma.tn\/wp-content\/uploads\/2022\/05\/Partie-FR-Couv-LES-CONF-2020-2021-90x90.jpg",90,90,true],"clients-slider":["https:\/\/www.beitalhikma.tn\/wp-content\/uploads\/2022\/05\/Partie-FR-Couv-LES-CONF-2020-2021-56x80.jpg",56,80,true],"offer-slider":["https:\/\/www.beitalhikma.tn\/wp-content\/uploads\/2022\/05\/Partie-FR-Couv-LES-CONF-2020-2021-776x438.jpg",776,438,true],"offer-slider-pg":["https:\/\/www.beitalhikma.tn\/wp-content\/uploads\/2022\/05\/Partie-FR-Couv-LES-CONF-2020-2021-42x42.jpg",42,42,true],"woocommerce_thumbnail":["https:\/\/www.beitalhikma.tn\/wp-content\/uploads\/2022\/05\/Partie-FR-Couv-LES-CONF-2020-2021-250x300.jpg",250,300,true],"woocommerce_single":["https:\/\/www.beitalhikma.tn\/wp-content\/uploads\/2022\/05\/Partie-FR-Couv-LES-CONF-2020-2021-250x355.jpg",250,355,true],"woocommerce_gallery_thumbnail":["https:\/\/www.beitalhikma.tn\/wp-content\/uploads\/2022\/05\/Partie-FR-Couv-LES-CONF-2020-2021-100x100.jpg",100,100,true]},"uagb_author_info":{"display_name":"admin","author_link":"https:\/\/www.beitalhikma.tn\/fr\/author\/"},"uagb_comment_info":0,"uagb_excerpt":"&nbsp; Titre de l\u2019ouvrage :Les conf\u00e9rences de Beit al-Hikma 2020-2021 Ouvrage collectif\u00a0 Langue : Arabe-Fran\u00e7ais Date de parution : 2022 Format :\u00a016\u00d724 ISBN : 978-9973-49-237-1 Nombre de pages :517 Th\u00e8me : scientifique Poids :700 gr Situation :\u00a0disponible","_links":{"self":[{"href":"https:\/\/www.beitalhikma.tn\/fr\/wp-json\/wp\/v2\/product\/96704","targetHints":{"allow":["GET"]}}],"collection":[{"href":"https:\/\/www.beitalhikma.tn\/fr\/wp-json\/wp\/v2\/product"}],"about":[{"href":"https:\/\/www.beitalhikma.tn\/fr\/wp-json\/wp\/v2\/types\/product"}],"wp:featuredmedia":[{"embeddable":true,"href":"https:\/\/www.beitalhikma.tn\/fr\/wp-json\/wp\/v2\/media\/96328"}],"wp:attachment":[{"href":"https:\/\/www.beitalhikma.tn\/fr\/wp-json\/wp\/v2\/media?parent=96704"}],"wp:term":[{"taxonomy":"product_brand","embeddable":true,"href":"https:\/\/www.beitalhikma.tn\/fr\/wp-json\/wp\/v2\/product_brand?post=96704"},{"taxonomy":"product_cat","embeddable":true,"href":"https:\/\/www.beitalhikma.tn\/fr\/wp-json\/wp\/v2\/product_cat?post=96704"},{"taxonomy":"product_tag","embeddable":true,"href":"https:\/\/www.beitalhikma.tn\/fr\/wp-json\/wp\/v2\/product_tag?post=96704"}],"curies":[{"name":"wp","href":"https:\/\/api.w.org\/{rel}","templated":true}]}}