{"id":98635,"date":"2022-10-12T10:06:29","date_gmt":"2022-10-12T09:06:29","guid":{"rendered":"https:\/\/www.beitalhikma.tn\/?post_type=product&#038;p=98635"},"modified":"2022-10-13T11:11:00","modified_gmt":"2022-10-13T10:11:00","slug":"lavenement-de-hussein-bey-fondateur-de-la-dynastie-husseinite-1705-1706","status":"publish","type":"product","link":"https:\/\/www.beitalhikma.tn\/fr\/publication\/acces-boutique\/livres-en-vente\/lavenement-de-hussein-bey-fondateur-de-la-dynastie-husseinite-1705-1706\/","title":{"rendered":"L\u2019av\u00e8nement de Hussein Bey, fondateur de la dynastie Husseinite (1705-1706)"},"content":{"rendered":"<p>L\u2019ouvrage, qui fait partie d\u2019une collection de livres d\u2019histoire publi\u00e9e par l\u2019Acad\u00e9mie tunisienne des\u00a0 Sciences, des Lettres et des Arts, Be\u00eft al Hikma, \u00e9tudie d\u2019un point de vue historique les circonstances et le d\u00e9veloppement chronologique d\u2019une p\u00e9riode de l\u2019histoire de la Tunisie, marqu\u00e9e par l\u2019intense encha\u00eenement des \u00e9v\u00e9nements et la complexe intrication des conflits qui rendent d\u2019autant plus ardue la perception et l\u2019interpr\u00e9tation des faits historiques.<\/p>\n<p>La repr\u00e9sentation des r\u00e9alit\u00e9s de l\u2019\u00e9poque a cependant \u00e9t\u00e9 rendue possible par une lecture pr\u00e9cise des historiens tunisiens et europ\u00e9ens qui ont essay\u00e9 de clarifier les conflits arabo-turcs et de mettre en lumi\u00e8re l\u2019action men\u00e9e par Hussein Bey sous les Mouradites. L\u2019auteur s\u2019arr\u00eate en outre sur les principales circonstances de la fondation, en 1705, de la monarchie husseinite.<\/p>\n<p><strong>\u00a0<\/strong><\/p>\n","protected":false},"excerpt":{"rendered":"<ul>\n<li><strong>Titre de l\u2019ouvrage :<\/strong> L&#8217;av\u00e8nement de Hussein Bey, fondateur de la dynastie Husseinite (1705-1706)<br \/>\n<strong>Auteur :<\/strong> Azzedine Guellouz<br \/>\n<strong>Langue :<\/strong> fran\u00e7aise<\/li>\n<li><strong>Date de parution :<\/strong> 2019<\/li>\n<li><strong>Format :<\/strong> 16&#215;24<\/li>\n<li><strong>ISBN :<\/strong> 9789973492050<\/li>\n<li><strong>Nombre de pages :<\/strong> 124<br \/>\n<strong>Th\u00e8me :<\/strong> histoire<\/li>\n<li><strong>Poids :<\/strong> 200 gr<br \/>\n<strong>Situation : <\/strong>disponible<\/li>\n<\/ul>\n","protected":false},"featured_media":98639,"template":"","meta":{"_uag_custom_page_level_css":""},"product_brand":[],"product_cat":[11],"product_tag":[],"class_list":{"0":"post-98635","1":"product","2":"type-product","3":"status-publish","4":"has-post-thumbnail","6":"product_cat-livres-en-vente","8":"first","9":"instock","10":"sale","11":"shipping-taxable","12":"purchasable","13":"product-type-simple"},"yoast_head":"<!-- This site is optimized with the Yoast SEO plugin v27.4 - https:\/\/yoast.com\/product\/yoast-seo-wordpress\/ -->\n<title>L\u2019av\u00e8nement de Hussein Bey, fondateur de la dynastie Husseinite (1705-1706) - Beit al-Hikma<\/title>\n<meta name=\"robots\" content=\"index, follow, max-snippet:-1, max-image-preview:large, max-video-preview:-1\" \/>\n<link rel=\"canonical\" href=\"https:\/\/www.beitalhikma.tn\/fr\/publication\/acces-boutique\/livres-en-vente\/lavenement-de-hussein-bey-fondateur-de-la-dynastie-husseinite-1705-1706\/\" \/>\n<meta property=\"og:locale\" content=\"fr_FR\" \/>\n<meta property=\"og:type\" content=\"article\" \/>\n<meta property=\"og:title\" content=\"L\u2019av\u00e8nement de Hussein Bey, fondateur de la dynastie Husseinite (1705-1706) - Beit al-Hikma\" \/>\n<meta property=\"og:description\" content=\"Titre de l\u2019ouvrage : L&#039;av\u00e8nement de Hussein Bey, fondateur de la dynastie Husseinite (1705-1706) Auteur : Azzedine Guellouz Langue : fran\u00e7aise  Date de parution : 2019  Format : 16x24  ISBN : 9789973492050  Nombre de pages : 124 Th\u00e8me : histoire  Poids : 200 gr Situation : disponible\" \/>\n<meta property=\"og:url\" content=\"https:\/\/www.beitalhikma.tn\/fr\/publication\/acces-boutique\/livres-en-vente\/lavenement-de-hussein-bey-fondateur-de-la-dynastie-husseinite-1705-1706\/\" \/>\n<meta property=\"og:site_name\" content=\"Beit al-Hikma\" \/>\n<meta property=\"article:publisher\" content=\"https:\/\/www.facebook.com\/BeitalhikmaTunisie\/\" \/>\n<meta property=\"article:modified_time\" content=\"2022-10-13T10:11:00+00:00\" \/>\n<meta property=\"og:image\" content=\"https:\/\/www.beitalhikma.tn\/wp-content\/uploads\/2022\/10\/admin-ajax-6.jpg\" \/>\n\t<meta property=\"og:image:width\" content=\"235\" \/>\n\t<meta property=\"og:image:height\" content=\"347\" \/>\n\t<meta property=\"og:image:type\" content=\"image\/jpeg\" \/>\n<meta name=\"twitter:card\" content=\"summary_large_image\" \/>\n<meta name=\"twitter:site\" content=\"@Beit_alhikma_TN\" \/>\n<meta name=\"twitter:label1\" content=\"Dur\u00e9e de lecture estim\u00e9e\" \/>\n\t<meta name=\"twitter:data1\" content=\"1 minute\" \/>\n<script type=\"application\/ld+json\" class=\"yoast-schema-graph\">{\"@context\":\"https:\\\/\\\/schema.org\",\"@graph\":[{\"@type\":\"WebPage\",\"@id\":\"https:\\\/\\\/www.beitalhikma.tn\\\/fr\\\/publication\\\/acces-boutique\\\/livres-en-vente\\\/lavenement-de-hussein-bey-fondateur-de-la-dynastie-husseinite-1705-1706\\\/\",\"url\":\"https:\\\/\\\/www.beitalhikma.tn\\\/fr\\\/publication\\\/acces-boutique\\\/livres-en-vente\\\/lavenement-de-hussein-bey-fondateur-de-la-dynastie-husseinite-1705-1706\\\/\",\"name\":\"L\u2019av\u00e8nement de Hussein Bey, fondateur de la dynastie Husseinite (1705-1706) - Beit al-Hikma\",\"isPartOf\":{\"@id\":\"https:\\\/\\\/www.beitalhikma.tn\\\/#website\"},\"primaryImageOfPage\":{\"@id\":\"https:\\\/\\\/www.beitalhikma.tn\\\/fr\\\/publication\\\/acces-boutique\\\/livres-en-vente\\\/lavenement-de-hussein-bey-fondateur-de-la-dynastie-husseinite-1705-1706\\\/#primaryimage\"},\"image\":{\"@id\":\"https:\\\/\\\/www.beitalhikma.tn\\\/fr\\\/publication\\\/acces-boutique\\\/livres-en-vente\\\/lavenement-de-hussein-bey-fondateur-de-la-dynastie-husseinite-1705-1706\\\/#primaryimage\"},\"thumbnailUrl\":\"https:\\\/\\\/www.beitalhikma.tn\\\/wp-content\\\/uploads\\\/2022\\\/10\\\/admin-ajax-6.jpg\",\"datePublished\":\"2022-10-12T09:06:29+00:00\",\"dateModified\":\"2022-10-13T10:11:00+00:00\",\"breadcrumb\":{\"@id\":\"https:\\\/\\\/www.beitalhikma.tn\\\/fr\\\/publication\\\/acces-boutique\\\/livres-en-vente\\\/lavenement-de-hussein-bey-fondateur-de-la-dynastie-husseinite-1705-1706\\\/#breadcrumb\"},\"inLanguage\":\"fr-FR\",\"potentialAction\":[{\"@type\":\"ReadAction\",\"target\":[\"https:\\\/\\\/www.beitalhikma.tn\\\/fr\\\/publication\\\/acces-boutique\\\/livres-en-vente\\\/lavenement-de-hussein-bey-fondateur-de-la-dynastie-husseinite-1705-1706\\\/\"]}]},{\"@type\":\"ImageObject\",\"inLanguage\":\"fr-FR\",\"@id\":\"https:\\\/\\\/www.beitalhikma.tn\\\/fr\\\/publication\\\/acces-boutique\\\/livres-en-vente\\\/lavenement-de-hussein-bey-fondateur-de-la-dynastie-husseinite-1705-1706\\\/#primaryimage\",\"url\":\"https:\\\/\\\/www.beitalhikma.tn\\\/wp-content\\\/uploads\\\/2022\\\/10\\\/admin-ajax-6.jpg\",\"contentUrl\":\"https:\\\/\\\/www.beitalhikma.tn\\\/wp-content\\\/uploads\\\/2022\\\/10\\\/admin-ajax-6.jpg\",\"width\":235,\"height\":347},{\"@type\":\"BreadcrumbList\",\"@id\":\"https:\\\/\\\/www.beitalhikma.tn\\\/fr\\\/publication\\\/acces-boutique\\\/livres-en-vente\\\/lavenement-de-hussein-bey-fondateur-de-la-dynastie-husseinite-1705-1706\\\/#breadcrumb\",\"itemListElement\":[{\"@type\":\"ListItem\",\"position\":1,\"name\":\"Accueil\",\"item\":\"https:\\\/\\\/www.beitalhikma.tn\\\/fr\\\/\"},{\"@type\":\"ListItem\",\"position\":2,\"name\":\"Boutique\",\"item\":\"https:\\\/\\\/www.beitalhikma.tn\\\/fr\\\/boutique\\\/\"},{\"@type\":\"ListItem\",\"position\":3,\"name\":\"L\u2019av\u00e8nement de Hussein Bey, fondateur de la dynastie Husseinite (1705-1706)\"}]},{\"@type\":\"WebSite\",\"@id\":\"https:\\\/\\\/www.beitalhikma.tn\\\/#website\",\"url\":\"https:\\\/\\\/www.beitalhikma.tn\\\/\",\"name\":\"Beit al-Hikma\",\"description\":\"L&#039;Acad\u00e9mie Tunisienne des Sciences, des Lettres  et des Arts\",\"publisher\":{\"@id\":\"https:\\\/\\\/www.beitalhikma.tn\\\/#organization\"},\"potentialAction\":[{\"@type\":\"SearchAction\",\"target\":{\"@type\":\"EntryPoint\",\"urlTemplate\":\"https:\\\/\\\/www.beitalhikma.tn\\\/?s={search_term_string}\"},\"query-input\":{\"@type\":\"PropertyValueSpecification\",\"valueRequired\":true,\"valueName\":\"search_term_string\"}}],\"inLanguage\":\"fr-FR\"},{\"@type\":\"Organization\",\"@id\":\"https:\\\/\\\/www.beitalhikma.tn\\\/#organization\",\"name\":\"Beit Al Hikma\",\"url\":\"https:\\\/\\\/www.beitalhikma.tn\\\/\",\"logo\":{\"@type\":\"ImageObject\",\"inLanguage\":\"fr-FR\",\"@id\":\"https:\\\/\\\/www.beitalhikma.tn\\\/#\\\/schema\\\/logo\\\/image\\\/\",\"url\":\"https:\\\/\\\/www.beitalhikma.tn\\\/wp-content\\\/uploads\\\/2014\\\/11\\\/logo.png\",\"contentUrl\":\"https:\\\/\\\/www.beitalhikma.tn\\\/wp-content\\\/uploads\\\/2014\\\/11\\\/logo.png\",\"width\":288,\"height\":109,\"caption\":\"Beit Al Hikma\"},\"image\":{\"@id\":\"https:\\\/\\\/www.beitalhikma.tn\\\/#\\\/schema\\\/logo\\\/image\\\/\"},\"sameAs\":[\"https:\\\/\\\/www.facebook.com\\\/BeitalhikmaTunisie\\\/\",\"https:\\\/\\\/x.com\\\/Beit_alhikma_TN\",\"https:\\\/\\\/www.youtube.com\\\/channel\\\/UCl8EfDXqt5MFfcEY0UYhevg\"]}]}<\/script>\n<!-- \/ Yoast SEO plugin. -->","yoast_head_json":{"title":"L\u2019av\u00e8nement de Hussein Bey, fondateur de la dynastie Husseinite (1705-1706) - Beit al-Hikma","robots":{"index":"index","follow":"follow","max-snippet":"max-snippet:-1","max-image-preview":"max-image-preview:large","max-video-preview":"max-video-preview:-1"},"canonical":"https:\/\/www.beitalhikma.tn\/fr\/publication\/acces-boutique\/livres-en-vente\/lavenement-de-hussein-bey-fondateur-de-la-dynastie-husseinite-1705-1706\/","og_locale":"fr_FR","og_type":"article","og_title":"L\u2019av\u00e8nement de Hussein Bey, fondateur de la dynastie Husseinite (1705-1706) - Beit al-Hikma","og_description":"Titre de l\u2019ouvrage : L'av\u00e8nement de Hussein Bey, fondateur de la dynastie Husseinite (1705-1706) Auteur : Azzedine Guellouz Langue : fran\u00e7aise  Date de parution : 2019  Format : 16x24  ISBN : 9789973492050  Nombre de pages : 124 Th\u00e8me : histoire  Poids : 200 gr Situation : disponible","og_url":"https:\/\/www.beitalhikma.tn\/fr\/publication\/acces-boutique\/livres-en-vente\/lavenement-de-hussein-bey-fondateur-de-la-dynastie-husseinite-1705-1706\/","og_site_name":"Beit al-Hikma","article_publisher":"https:\/\/www.facebook.com\/BeitalhikmaTunisie\/","article_modified_time":"2022-10-13T10:11:00+00:00","og_image":[{"width":235,"height":347,"url":"https:\/\/www.beitalhikma.tn\/wp-content\/uploads\/2022\/10\/admin-ajax-6.jpg","type":"image\/jpeg"}],"twitter_card":"summary_large_image","twitter_site":"@Beit_alhikma_TN","twitter_misc":{"Dur\u00e9e de lecture estim\u00e9e":"1 minute"},"schema":{"@context":"https:\/\/schema.org","@graph":[{"@type":"WebPage","@id":"https:\/\/www.beitalhikma.tn\/fr\/publication\/acces-boutique\/livres-en-vente\/lavenement-de-hussein-bey-fondateur-de-la-dynastie-husseinite-1705-1706\/","url":"https:\/\/www.beitalhikma.tn\/fr\/publication\/acces-boutique\/livres-en-vente\/lavenement-de-hussein-bey-fondateur-de-la-dynastie-husseinite-1705-1706\/","name":"L\u2019av\u00e8nement de Hussein Bey, fondateur de la dynastie Husseinite (1705-1706) - Beit al-Hikma","isPartOf":{"@id":"https:\/\/www.beitalhikma.tn\/#website"},"primaryImageOfPage":{"@id":"https:\/\/www.beitalhikma.tn\/fr\/publication\/acces-boutique\/livres-en-vente\/lavenement-de-hussein-bey-fondateur-de-la-dynastie-husseinite-1705-1706\/#primaryimage"},"image":{"@id":"https:\/\/www.beitalhikma.tn\/fr\/publication\/acces-boutique\/livres-en-vente\/lavenement-de-hussein-bey-fondateur-de-la-dynastie-husseinite-1705-1706\/#primaryimage"},"thumbnailUrl":"https:\/\/www.beitalhikma.tn\/wp-content\/uploads\/2022\/10\/admin-ajax-6.jpg","datePublished":"2022-10-12T09:06:29+00:00","dateModified":"2022-10-13T10:11:00+00:00","breadcrumb":{"@id":"https:\/\/www.beitalhikma.tn\/fr\/publication\/acces-boutique\/livres-en-vente\/lavenement-de-hussein-bey-fondateur-de-la-dynastie-husseinite-1705-1706\/#breadcrumb"},"inLanguage":"fr-FR","potentialAction":[{"@type":"ReadAction","target":["https:\/\/www.beitalhikma.tn\/fr\/publication\/acces-boutique\/livres-en-vente\/lavenement-de-hussein-bey-fondateur-de-la-dynastie-husseinite-1705-1706\/"]}]},{"@type":"ImageObject","inLanguage":"fr-FR","@id":"https:\/\/www.beitalhikma.tn\/fr\/publication\/acces-boutique\/livres-en-vente\/lavenement-de-hussein-bey-fondateur-de-la-dynastie-husseinite-1705-1706\/#primaryimage","url":"https:\/\/www.beitalhikma.tn\/wp-content\/uploads\/2022\/10\/admin-ajax-6.jpg","contentUrl":"https:\/\/www.beitalhikma.tn\/wp-content\/uploads\/2022\/10\/admin-ajax-6.jpg","width":235,"height":347},{"@type":"BreadcrumbList","@id":"https:\/\/www.beitalhikma.tn\/fr\/publication\/acces-boutique\/livres-en-vente\/lavenement-de-hussein-bey-fondateur-de-la-dynastie-husseinite-1705-1706\/#breadcrumb","itemListElement":[{"@type":"ListItem","position":1,"name":"Accueil","item":"https:\/\/www.beitalhikma.tn\/fr\/"},{"@type":"ListItem","position":2,"name":"Boutique","item":"https:\/\/www.beitalhikma.tn\/fr\/boutique\/"},{"@type":"ListItem","position":3,"name":"L\u2019av\u00e8nement de Hussein Bey, fondateur de la dynastie Husseinite (1705-1706)"}]},{"@type":"WebSite","@id":"https:\/\/www.beitalhikma.tn\/#website","url":"https:\/\/www.beitalhikma.tn\/","name":"Beit al-Hikma","description":"L&#039;Acad\u00e9mie Tunisienne des Sciences, des Lettres  et des Arts","publisher":{"@id":"https:\/\/www.beitalhikma.tn\/#organization"},"potentialAction":[{"@type":"SearchAction","target":{"@type":"EntryPoint","urlTemplate":"https:\/\/www.beitalhikma.tn\/?s={search_term_string}"},"query-input":{"@type":"PropertyValueSpecification","valueRequired":true,"valueName":"search_term_string"}}],"inLanguage":"fr-FR"},{"@type":"Organization","@id":"https:\/\/www.beitalhikma.tn\/#organization","name":"Beit Al Hikma","url":"https:\/\/www.beitalhikma.tn\/","logo":{"@type":"ImageObject","inLanguage":"fr-FR","@id":"https:\/\/www.beitalhikma.tn\/#\/schema\/logo\/image\/","url":"https:\/\/www.beitalhikma.tn\/wp-content\/uploads\/2014\/11\/logo.png","contentUrl":"https:\/\/www.beitalhikma.tn\/wp-content\/uploads\/2014\/11\/logo.png","width":288,"height":109,"caption":"Beit Al Hikma"},"image":{"@id":"https:\/\/www.beitalhikma.tn\/#\/schema\/logo\/image\/"},"sameAs":["https:\/\/www.facebook.com\/BeitalhikmaTunisie\/","https:\/\/x.com\/Beit_alhikma_TN","https:\/\/www.youtube.com\/channel\/UCl8EfDXqt5MFfcEY0UYhevg"]}]}},"uagb_featured_image_src":{"full":["https:\/\/www.beitalhikma.tn\/wp-content\/uploads\/2022\/10\/admin-ajax-6.jpg",235,347,false],"thumbnail":["https:\/\/www.beitalhikma.tn\/wp-content\/uploads\/2022\/10\/admin-ajax-6-235x300.jpg",235,300,true],"medium":["https:\/\/www.beitalhikma.tn\/wp-content\/uploads\/2022\/10\/admin-ajax-6-203x300.jpg",203,300,true],"medium_large":["https:\/\/www.beitalhikma.tn\/wp-content\/uploads\/2022\/10\/admin-ajax-6.jpg",235,347,false],"large":["https:\/\/www.beitalhikma.tn\/wp-content\/uploads\/2022\/10\/admin-ajax-6.jpg",235,347,false],"thumblist":["https:\/\/www.beitalhikma.tn\/wp-content\/uploads\/2022\/10\/admin-ajax-6-235x300.jpg",235,300,true],"meccarouselthumb":["https:\/\/www.beitalhikma.tn\/wp-content\/uploads\/2022\/10\/admin-ajax-6-235x324.jpg",235,324,true],"gridsquare":["https:\/\/www.beitalhikma.tn\/wp-content\/uploads\/2022\/10\/admin-ajax-6-235x260.jpg",235,260,true],"tileview":["https:\/\/www.beitalhikma.tn\/wp-content\/uploads\/2022\/10\/admin-ajax-6.jpg",235,347,false],"1536x1536":["https:\/\/www.beitalhikma.tn\/wp-content\/uploads\/2022\/10\/admin-ajax-6.jpg",235,347,false],"2048x2048":["https:\/\/www.beitalhikma.tn\/wp-content\/uploads\/2022\/10\/admin-ajax-6.jpg",235,347,false],"post-thumbnail":["https:\/\/www.beitalhikma.tn\/wp-content\/uploads\/2022\/10\/admin-ajax-6-99x146.jpg",99,146,true],"50x50":["https:\/\/www.beitalhikma.tn\/wp-content\/uploads\/2022\/10\/admin-ajax-6-34x50.jpg",34,50,true],"portfolio-list":["https:\/\/www.beitalhikma.tn\/wp-content\/uploads\/2022\/10\/admin-ajax-6.jpg",235,347,false],"portfolio-fs":["https:\/\/www.beitalhikma.tn\/wp-content\/uploads\/2022\/10\/admin-ajax-6.jpg",235,347,false],"portfolio-slider":["https:\/\/www.beitalhikma.tn\/wp-content\/uploads\/2022\/10\/admin-ajax-6.jpg",235,347,false],"blog":["https:\/\/www.beitalhikma.tn\/wp-content\/uploads\/2022\/10\/admin-ajax-6-235x341.jpg",235,341,true],"blog-single":["https:\/\/www.beitalhikma.tn\/wp-content\/uploads\/2022\/10\/admin-ajax-6.jpg",235,347,false],"blog-item":["https:\/\/www.beitalhikma.tn\/wp-content\/uploads\/2022\/10\/admin-ajax-6-235x224.jpg",235,224,true],"blog-widget":["https:\/\/www.beitalhikma.tn\/wp-content\/uploads\/2022\/10\/admin-ajax-6-80x60.jpg",80,60,true],"features":["https:\/\/www.beitalhikma.tn\/wp-content\/uploads\/2022\/10\/admin-ajax-6-90x90.jpg",90,90,true],"clients-slider":["https:\/\/www.beitalhikma.tn\/wp-content\/uploads\/2022\/10\/admin-ajax-6-54x80.jpg",54,80,true],"offer-slider":["https:\/\/www.beitalhikma.tn\/wp-content\/uploads\/2022\/10\/admin-ajax-6.jpg",235,347,false],"offer-slider-pg":["https:\/\/www.beitalhikma.tn\/wp-content\/uploads\/2022\/10\/admin-ajax-6-42x42.jpg",42,42,true],"woocommerce_thumbnail":["https:\/\/www.beitalhikma.tn\/wp-content\/uploads\/2022\/10\/admin-ajax-6-235x300.jpg",235,300,true],"woocommerce_single":["https:\/\/www.beitalhikma.tn\/wp-content\/uploads\/2022\/10\/admin-ajax-6.jpg",235,347,false],"woocommerce_gallery_thumbnail":["https:\/\/www.beitalhikma.tn\/wp-content\/uploads\/2022\/10\/admin-ajax-6-100x100.jpg",100,100,true]},"uagb_author_info":{"display_name":"admin","author_link":"https:\/\/www.beitalhikma.tn\/fr\/author\/"},"uagb_comment_info":0,"uagb_excerpt":"Titre de l\u2019ouvrage : L'av\u00e8nement de Hussein Bey, fondateur de la dynastie Husseinite (1705-1706) Auteur : Azzedine Guellouz Langue : fran\u00e7aise Date de parution : 2019 Format : 16x24 ISBN : 9789973492050 Nombre de pages : 124 Th\u00e8me : histoire Poids : 200 gr Situation : disponible","_links":{"self":[{"href":"https:\/\/www.beitalhikma.tn\/fr\/wp-json\/wp\/v2\/product\/98635","targetHints":{"allow":["GET"]}}],"collection":[{"href":"https:\/\/www.beitalhikma.tn\/fr\/wp-json\/wp\/v2\/product"}],"about":[{"href":"https:\/\/www.beitalhikma.tn\/fr\/wp-json\/wp\/v2\/types\/product"}],"wp:featuredmedia":[{"embeddable":true,"href":"https:\/\/www.beitalhikma.tn\/fr\/wp-json\/wp\/v2\/media\/98639"}],"wp:attachment":[{"href":"https:\/\/www.beitalhikma.tn\/fr\/wp-json\/wp\/v2\/media?parent=98635"}],"wp:term":[{"taxonomy":"product_brand","embeddable":true,"href":"https:\/\/www.beitalhikma.tn\/fr\/wp-json\/wp\/v2\/product_brand?post=98635"},{"taxonomy":"product_cat","embeddable":true,"href":"https:\/\/www.beitalhikma.tn\/fr\/wp-json\/wp\/v2\/product_cat?post=98635"},{"taxonomy":"product_tag","embeddable":true,"href":"https:\/\/www.beitalhikma.tn\/fr\/wp-json\/wp\/v2\/product_tag?post=98635"}],"curies":[{"name":"wp","href":"https:\/\/api.w.org\/{rel}","templated":true}]}}