{"id":98673,"date":"2022-10-12T10:59:24","date_gmt":"2022-10-12T09:59:24","guid":{"rendered":"https:\/\/www.beitalhikma.tn\/?post_type=product&#038;p=98673"},"modified":"2022-10-13T11:07:15","modified_gmt":"2022-10-13T10:07:15","slug":"limage-de-la-societe-arabo-musulmane-a-travers-les-livres-dakhbar-al-adab-nouvelles-litteraires-le-livre-dal-aghani-dal-isfahani","status":"publish","type":"product","link":"https:\/\/www.beitalhikma.tn\/fr\/publication\/acces-boutique\/livres-en-vente\/limage-de-la-societe-arabo-musulmane-a-travers-les-livres-dakhbar-al-adab-nouvelles-litteraires-le-livre-dal-aghani-dal-isfahani\/","title":{"rendered":"L\u2019image de la soci\u00e9t\u00e9 arabo-musulmane \u00e0 travers les livres d\u2019Akhbar al adab (nouvelles litt\u00e9raires) : Le Livre d\u2019Al Agh\u00e2ni d\u2019Al Isfahani"},"content":{"rendered":"<p>L\u2019auteur critique avec force la th\u00e8se selon laquelle les \u0153uvres litt\u00e9raires n\u2019ont d\u2019autre objet que la pure recherche du beau et du plaisir du lecteur. Les Akhbar al adab (litt\u00e9ralement : les nouvelles litt\u00e9raires) sont en effet \u00e9troitement li\u00e9es au contexte historique. C\u2019est \u00e0 travers elles que nous d\u00e9couvrons un tissu social dans sa globalit\u00e9 o\u00f9 s\u2019imbriquent le religieux, l\u2019\u00e9conomique et les autres manifestations de la vie quotidienne des hommes. Les valeurs, les particularit\u00e9s sociales et comportementales ainsi que les soubassements religieux et intellectuels sont inscrits au creux de toute \u0153uvre de cr\u00e9ation. Mais les lectures et les interpr\u00e9tations varient, et c\u2019est pourquoi l\u2019auteur insiste sur la n\u00e9cessit\u00e9 de rester attentif aux conditions du travail interpr\u00e9tatif et au non-dit du texte qu\u2019il d\u00e9signe sous les termes de \u00ab sens cach\u00e9(s) \u00bb, \u00ab signification(s) secr\u00e8te(s) \u00bb ou \u00ab doctrines de l\u2019interpr\u00e9tation \u00bb, la v\u00e9rit\u00e9 \u00e9tant \u00ab enfouie \u00bb, selon lui, dans les replis du texte.<br \/>\nBref, les textes d\u2019Al Agh\u00e2ni d\u2019Al Isfahani constituent, au regard de l\u2019auteur, une sorte d\u2019\u00e9cran (ou de filtre) \u00e0 travers lequel on peut observer le mode de vie de la soci\u00e9t\u00e9 arabe et musulmane avec l\u2019ensemble des rites festifs \u00e0 travers lesquels cette soci\u00e9t\u00e9 c\u00e9l\u00e8bre, contrairement \u00e0 ce que pr\u00e9tendent certains, les joies et les plaisirs de la vie.<\/p>\n","protected":false},"excerpt":{"rendered":"<ul>\n<li><strong>Titre de l\u2019ouvrage :<strong>L\u2019image de la soci\u00e9t\u00e9 arabo-musulmane \u00e0 travers les livres d\u2019<em>Akhbar<\/em> <em>al adab <\/em>(nouvelles litt\u00e9raires)\u00a0: Le Livre d\u2019<em>Al Agh\u00e2ni <\/em>d\u2019Al Isfahani<\/strong><\/strong><br \/>\n<strong>Auteur :<\/strong> Hamadi Sammoud<br \/>\n<strong>Langue :<\/strong>arabe<\/li>\n<li><strong>Date de parution :<\/strong> 2019<\/li>\n<li><strong>Format :<\/strong> 16&#215;24<\/li>\n<li><strong>ISBN :<\/strong>9789973492067<\/li>\n<li><strong>Nombre de pages :<\/strong> 308<br \/>\n<strong>Th\u00e8me :<\/strong> litt\u00e9rature<\/li>\n<li><strong>Poids :<\/strong> 500 gr<br \/>\n<strong>Situation : <\/strong>disponible<\/li>\n<\/ul>\n","protected":false},"featured_media":98676,"template":"","meta":{"_uag_custom_page_level_css":""},"product_brand":[],"product_cat":[11],"product_tag":[],"class_list":{"0":"post-98673","1":"product","2":"type-product","3":"status-publish","4":"has-post-thumbnail","6":"product_cat-livres-en-vente","8":"first","9":"instock","10":"sale","11":"shipping-taxable","12":"purchasable","13":"product-type-simple"},"yoast_head":"<!-- This site is optimized with the Yoast SEO plugin v27.5 - https:\/\/yoast.com\/product\/yoast-seo-wordpress\/ -->\n<title>L\u2019image de la soci\u00e9t\u00e9 arabo-musulmane \u00e0 travers les livres d\u2019Akhbar al adab (nouvelles litt\u00e9raires) : Le Livre d\u2019Al Agh\u00e2ni d\u2019Al Isfahani - Beit al-Hikma<\/title>\n<meta name=\"robots\" content=\"index, follow, max-snippet:-1, max-image-preview:large, max-video-preview:-1\" \/>\n<link rel=\"canonical\" href=\"https:\/\/www.beitalhikma.tn\/fr\/publication\/acces-boutique\/livres-en-vente\/limage-de-la-societe-arabo-musulmane-a-travers-les-livres-dakhbar-al-adab-nouvelles-litteraires-le-livre-dal-aghani-dal-isfahani\/\" \/>\n<meta property=\"og:locale\" content=\"fr_FR\" \/>\n<meta property=\"og:type\" content=\"article\" \/>\n<meta property=\"og:title\" content=\"L\u2019image de la soci\u00e9t\u00e9 arabo-musulmane \u00e0 travers les livres d\u2019Akhbar al adab (nouvelles litt\u00e9raires) : Le Livre d\u2019Al Agh\u00e2ni d\u2019Al Isfahani - Beit al-Hikma\" \/>\n<meta property=\"og:description\" content=\"Titre de l\u2019ouvrage :L\u2019image de la soci\u00e9t\u00e9 arabo-musulmane \u00e0 travers les livres d\u2019Akhbar al adab (nouvelles litt\u00e9raires)\u00a0: Le Livre d\u2019Al Agh\u00e2ni d\u2019Al Isfahani Auteur : Hamadi Sammoud Langue :arabe  Date de parution : 2019  Format : 16x24  ISBN :9789973492067  Nombre de pages : 308 Th\u00e8me : litt\u00e9rature  Poids : 500 gr Situation : disponible\" \/>\n<meta property=\"og:url\" content=\"https:\/\/www.beitalhikma.tn\/fr\/publication\/acces-boutique\/livres-en-vente\/limage-de-la-societe-arabo-musulmane-a-travers-les-livres-dakhbar-al-adab-nouvelles-litteraires-le-livre-dal-aghani-dal-isfahani\/\" \/>\n<meta property=\"og:site_name\" content=\"Beit al-Hikma\" \/>\n<meta property=\"article:publisher\" content=\"https:\/\/www.facebook.com\/BeitalhikmaTunisie\/\" \/>\n<meta property=\"article:modified_time\" content=\"2022-10-13T10:07:15+00:00\" \/>\n<meta property=\"og:image\" content=\"https:\/\/www.beitalhikma.tn\/wp-content\/uploads\/2022\/10\/admin-ajax-7.jpg\" \/>\n\t<meta property=\"og:image:width\" content=\"200\" \/>\n\t<meta property=\"og:image:height\" content=\"312\" \/>\n\t<meta property=\"og:image:type\" content=\"image\/jpeg\" \/>\n<meta name=\"twitter:card\" content=\"summary_large_image\" \/>\n<meta name=\"twitter:site\" content=\"@Beit_alhikma_TN\" \/>\n<meta name=\"twitter:label1\" content=\"Dur\u00e9e de lecture estim\u00e9e\" \/>\n\t<meta name=\"twitter:data1\" content=\"1 minute\" \/>\n<script type=\"application\/ld+json\" class=\"yoast-schema-graph\">{\"@context\":\"https:\\\/\\\/schema.org\",\"@graph\":[{\"@type\":\"WebPage\",\"@id\":\"https:\\\/\\\/www.beitalhikma.tn\\\/fr\\\/publication\\\/acces-boutique\\\/livres-en-vente\\\/limage-de-la-societe-arabo-musulmane-a-travers-les-livres-dakhbar-al-adab-nouvelles-litteraires-le-livre-dal-aghani-dal-isfahani\\\/\",\"url\":\"https:\\\/\\\/www.beitalhikma.tn\\\/fr\\\/publication\\\/acces-boutique\\\/livres-en-vente\\\/limage-de-la-societe-arabo-musulmane-a-travers-les-livres-dakhbar-al-adab-nouvelles-litteraires-le-livre-dal-aghani-dal-isfahani\\\/\",\"name\":\"L\u2019image de la soci\u00e9t\u00e9 arabo-musulmane \u00e0 travers les livres d\u2019Akhbar al adab (nouvelles litt\u00e9raires) : Le Livre d\u2019Al Agh\u00e2ni d\u2019Al Isfahani - Beit al-Hikma\",\"isPartOf\":{\"@id\":\"https:\\\/\\\/www.beitalhikma.tn\\\/#website\"},\"primaryImageOfPage\":{\"@id\":\"https:\\\/\\\/www.beitalhikma.tn\\\/fr\\\/publication\\\/acces-boutique\\\/livres-en-vente\\\/limage-de-la-societe-arabo-musulmane-a-travers-les-livres-dakhbar-al-adab-nouvelles-litteraires-le-livre-dal-aghani-dal-isfahani\\\/#primaryimage\"},\"image\":{\"@id\":\"https:\\\/\\\/www.beitalhikma.tn\\\/fr\\\/publication\\\/acces-boutique\\\/livres-en-vente\\\/limage-de-la-societe-arabo-musulmane-a-travers-les-livres-dakhbar-al-adab-nouvelles-litteraires-le-livre-dal-aghani-dal-isfahani\\\/#primaryimage\"},\"thumbnailUrl\":\"https:\\\/\\\/www.beitalhikma.tn\\\/wp-content\\\/uploads\\\/2022\\\/10\\\/admin-ajax-7.jpg\",\"datePublished\":\"2022-10-12T09:59:24+00:00\",\"dateModified\":\"2022-10-13T10:07:15+00:00\",\"breadcrumb\":{\"@id\":\"https:\\\/\\\/www.beitalhikma.tn\\\/fr\\\/publication\\\/acces-boutique\\\/livres-en-vente\\\/limage-de-la-societe-arabo-musulmane-a-travers-les-livres-dakhbar-al-adab-nouvelles-litteraires-le-livre-dal-aghani-dal-isfahani\\\/#breadcrumb\"},\"inLanguage\":\"fr-FR\",\"potentialAction\":[{\"@type\":\"ReadAction\",\"target\":[\"https:\\\/\\\/www.beitalhikma.tn\\\/fr\\\/publication\\\/acces-boutique\\\/livres-en-vente\\\/limage-de-la-societe-arabo-musulmane-a-travers-les-livres-dakhbar-al-adab-nouvelles-litteraires-le-livre-dal-aghani-dal-isfahani\\\/\"]}]},{\"@type\":\"ImageObject\",\"inLanguage\":\"fr-FR\",\"@id\":\"https:\\\/\\\/www.beitalhikma.tn\\\/fr\\\/publication\\\/acces-boutique\\\/livres-en-vente\\\/limage-de-la-societe-arabo-musulmane-a-travers-les-livres-dakhbar-al-adab-nouvelles-litteraires-le-livre-dal-aghani-dal-isfahani\\\/#primaryimage\",\"url\":\"https:\\\/\\\/www.beitalhikma.tn\\\/wp-content\\\/uploads\\\/2022\\\/10\\\/admin-ajax-7.jpg\",\"contentUrl\":\"https:\\\/\\\/www.beitalhikma.tn\\\/wp-content\\\/uploads\\\/2022\\\/10\\\/admin-ajax-7.jpg\",\"width\":200,\"height\":312},{\"@type\":\"BreadcrumbList\",\"@id\":\"https:\\\/\\\/www.beitalhikma.tn\\\/fr\\\/publication\\\/acces-boutique\\\/livres-en-vente\\\/limage-de-la-societe-arabo-musulmane-a-travers-les-livres-dakhbar-al-adab-nouvelles-litteraires-le-livre-dal-aghani-dal-isfahani\\\/#breadcrumb\",\"itemListElement\":[{\"@type\":\"ListItem\",\"position\":1,\"name\":\"Accueil\",\"item\":\"https:\\\/\\\/www.beitalhikma.tn\\\/fr\\\/\"},{\"@type\":\"ListItem\",\"position\":2,\"name\":\"Boutique\",\"item\":\"https:\\\/\\\/www.beitalhikma.tn\\\/fr\\\/boutique\\\/\"},{\"@type\":\"ListItem\",\"position\":3,\"name\":\"L\u2019image de la soci\u00e9t\u00e9 arabo-musulmane \u00e0 travers les livres d\u2019Akhbar al adab (nouvelles litt\u00e9raires) : Le Livre d\u2019Al Agh\u00e2ni d\u2019Al Isfahani\"}]},{\"@type\":\"WebSite\",\"@id\":\"https:\\\/\\\/www.beitalhikma.tn\\\/#website\",\"url\":\"https:\\\/\\\/www.beitalhikma.tn\\\/\",\"name\":\"Beit al-Hikma\",\"description\":\"L&#039;Acad\u00e9mie Tunisienne des Sciences, des Lettres  et des Arts\",\"publisher\":{\"@id\":\"https:\\\/\\\/www.beitalhikma.tn\\\/#organization\"},\"potentialAction\":[{\"@type\":\"SearchAction\",\"target\":{\"@type\":\"EntryPoint\",\"urlTemplate\":\"https:\\\/\\\/www.beitalhikma.tn\\\/?s={search_term_string}\"},\"query-input\":{\"@type\":\"PropertyValueSpecification\",\"valueRequired\":true,\"valueName\":\"search_term_string\"}}],\"inLanguage\":\"fr-FR\"},{\"@type\":\"Organization\",\"@id\":\"https:\\\/\\\/www.beitalhikma.tn\\\/#organization\",\"name\":\"Beit Al Hikma\",\"url\":\"https:\\\/\\\/www.beitalhikma.tn\\\/\",\"logo\":{\"@type\":\"ImageObject\",\"inLanguage\":\"fr-FR\",\"@id\":\"https:\\\/\\\/www.beitalhikma.tn\\\/#\\\/schema\\\/logo\\\/image\\\/\",\"url\":\"https:\\\/\\\/www.beitalhikma.tn\\\/wp-content\\\/uploads\\\/2014\\\/11\\\/logo.png\",\"contentUrl\":\"https:\\\/\\\/www.beitalhikma.tn\\\/wp-content\\\/uploads\\\/2014\\\/11\\\/logo.png\",\"width\":288,\"height\":109,\"caption\":\"Beit Al Hikma\"},\"image\":{\"@id\":\"https:\\\/\\\/www.beitalhikma.tn\\\/#\\\/schema\\\/logo\\\/image\\\/\"},\"sameAs\":[\"https:\\\/\\\/www.facebook.com\\\/BeitalhikmaTunisie\\\/\",\"https:\\\/\\\/x.com\\\/Beit_alhikma_TN\",\"https:\\\/\\\/www.youtube.com\\\/channel\\\/UCl8EfDXqt5MFfcEY0UYhevg\"]}]}<\/script>\n<!-- \/ Yoast SEO plugin. -->","yoast_head_json":{"title":"L\u2019image de la soci\u00e9t\u00e9 arabo-musulmane \u00e0 travers les livres d\u2019Akhbar al adab (nouvelles litt\u00e9raires) : Le Livre d\u2019Al Agh\u00e2ni d\u2019Al Isfahani - Beit al-Hikma","robots":{"index":"index","follow":"follow","max-snippet":"max-snippet:-1","max-image-preview":"max-image-preview:large","max-video-preview":"max-video-preview:-1"},"canonical":"https:\/\/www.beitalhikma.tn\/fr\/publication\/acces-boutique\/livres-en-vente\/limage-de-la-societe-arabo-musulmane-a-travers-les-livres-dakhbar-al-adab-nouvelles-litteraires-le-livre-dal-aghani-dal-isfahani\/","og_locale":"fr_FR","og_type":"article","og_title":"L\u2019image de la soci\u00e9t\u00e9 arabo-musulmane \u00e0 travers les livres d\u2019Akhbar al adab (nouvelles litt\u00e9raires) : Le Livre d\u2019Al Agh\u00e2ni d\u2019Al Isfahani - Beit al-Hikma","og_description":"Titre de l\u2019ouvrage :L\u2019image de la soci\u00e9t\u00e9 arabo-musulmane \u00e0 travers les livres d\u2019Akhbar al adab (nouvelles litt\u00e9raires)\u00a0: Le Livre d\u2019Al Agh\u00e2ni d\u2019Al Isfahani Auteur : Hamadi Sammoud Langue :arabe  Date de parution : 2019  Format : 16x24  ISBN :9789973492067  Nombre de pages : 308 Th\u00e8me : litt\u00e9rature  Poids : 500 gr Situation : disponible","og_url":"https:\/\/www.beitalhikma.tn\/fr\/publication\/acces-boutique\/livres-en-vente\/limage-de-la-societe-arabo-musulmane-a-travers-les-livres-dakhbar-al-adab-nouvelles-litteraires-le-livre-dal-aghani-dal-isfahani\/","og_site_name":"Beit al-Hikma","article_publisher":"https:\/\/www.facebook.com\/BeitalhikmaTunisie\/","article_modified_time":"2022-10-13T10:07:15+00:00","og_image":[{"width":200,"height":312,"url":"https:\/\/www.beitalhikma.tn\/wp-content\/uploads\/2022\/10\/admin-ajax-7.jpg","type":"image\/jpeg"}],"twitter_card":"summary_large_image","twitter_site":"@Beit_alhikma_TN","twitter_misc":{"Dur\u00e9e de lecture estim\u00e9e":"1 minute"},"schema":{"@context":"https:\/\/schema.org","@graph":[{"@type":"WebPage","@id":"https:\/\/www.beitalhikma.tn\/fr\/publication\/acces-boutique\/livres-en-vente\/limage-de-la-societe-arabo-musulmane-a-travers-les-livres-dakhbar-al-adab-nouvelles-litteraires-le-livre-dal-aghani-dal-isfahani\/","url":"https:\/\/www.beitalhikma.tn\/fr\/publication\/acces-boutique\/livres-en-vente\/limage-de-la-societe-arabo-musulmane-a-travers-les-livres-dakhbar-al-adab-nouvelles-litteraires-le-livre-dal-aghani-dal-isfahani\/","name":"L\u2019image de la soci\u00e9t\u00e9 arabo-musulmane \u00e0 travers les livres d\u2019Akhbar al adab (nouvelles litt\u00e9raires) : Le Livre d\u2019Al Agh\u00e2ni d\u2019Al Isfahani - Beit al-Hikma","isPartOf":{"@id":"https:\/\/www.beitalhikma.tn\/#website"},"primaryImageOfPage":{"@id":"https:\/\/www.beitalhikma.tn\/fr\/publication\/acces-boutique\/livres-en-vente\/limage-de-la-societe-arabo-musulmane-a-travers-les-livres-dakhbar-al-adab-nouvelles-litteraires-le-livre-dal-aghani-dal-isfahani\/#primaryimage"},"image":{"@id":"https:\/\/www.beitalhikma.tn\/fr\/publication\/acces-boutique\/livres-en-vente\/limage-de-la-societe-arabo-musulmane-a-travers-les-livres-dakhbar-al-adab-nouvelles-litteraires-le-livre-dal-aghani-dal-isfahani\/#primaryimage"},"thumbnailUrl":"https:\/\/www.beitalhikma.tn\/wp-content\/uploads\/2022\/10\/admin-ajax-7.jpg","datePublished":"2022-10-12T09:59:24+00:00","dateModified":"2022-10-13T10:07:15+00:00","breadcrumb":{"@id":"https:\/\/www.beitalhikma.tn\/fr\/publication\/acces-boutique\/livres-en-vente\/limage-de-la-societe-arabo-musulmane-a-travers-les-livres-dakhbar-al-adab-nouvelles-litteraires-le-livre-dal-aghani-dal-isfahani\/#breadcrumb"},"inLanguage":"fr-FR","potentialAction":[{"@type":"ReadAction","target":["https:\/\/www.beitalhikma.tn\/fr\/publication\/acces-boutique\/livres-en-vente\/limage-de-la-societe-arabo-musulmane-a-travers-les-livres-dakhbar-al-adab-nouvelles-litteraires-le-livre-dal-aghani-dal-isfahani\/"]}]},{"@type":"ImageObject","inLanguage":"fr-FR","@id":"https:\/\/www.beitalhikma.tn\/fr\/publication\/acces-boutique\/livres-en-vente\/limage-de-la-societe-arabo-musulmane-a-travers-les-livres-dakhbar-al-adab-nouvelles-litteraires-le-livre-dal-aghani-dal-isfahani\/#primaryimage","url":"https:\/\/www.beitalhikma.tn\/wp-content\/uploads\/2022\/10\/admin-ajax-7.jpg","contentUrl":"https:\/\/www.beitalhikma.tn\/wp-content\/uploads\/2022\/10\/admin-ajax-7.jpg","width":200,"height":312},{"@type":"BreadcrumbList","@id":"https:\/\/www.beitalhikma.tn\/fr\/publication\/acces-boutique\/livres-en-vente\/limage-de-la-societe-arabo-musulmane-a-travers-les-livres-dakhbar-al-adab-nouvelles-litteraires-le-livre-dal-aghani-dal-isfahani\/#breadcrumb","itemListElement":[{"@type":"ListItem","position":1,"name":"Accueil","item":"https:\/\/www.beitalhikma.tn\/fr\/"},{"@type":"ListItem","position":2,"name":"Boutique","item":"https:\/\/www.beitalhikma.tn\/fr\/boutique\/"},{"@type":"ListItem","position":3,"name":"L\u2019image de la soci\u00e9t\u00e9 arabo-musulmane \u00e0 travers les livres d\u2019Akhbar al adab (nouvelles litt\u00e9raires) : Le Livre d\u2019Al Agh\u00e2ni d\u2019Al Isfahani"}]},{"@type":"WebSite","@id":"https:\/\/www.beitalhikma.tn\/#website","url":"https:\/\/www.beitalhikma.tn\/","name":"Beit al-Hikma","description":"L&#039;Acad\u00e9mie Tunisienne des Sciences, des Lettres  et des Arts","publisher":{"@id":"https:\/\/www.beitalhikma.tn\/#organization"},"potentialAction":[{"@type":"SearchAction","target":{"@type":"EntryPoint","urlTemplate":"https:\/\/www.beitalhikma.tn\/?s={search_term_string}"},"query-input":{"@type":"PropertyValueSpecification","valueRequired":true,"valueName":"search_term_string"}}],"inLanguage":"fr-FR"},{"@type":"Organization","@id":"https:\/\/www.beitalhikma.tn\/#organization","name":"Beit Al Hikma","url":"https:\/\/www.beitalhikma.tn\/","logo":{"@type":"ImageObject","inLanguage":"fr-FR","@id":"https:\/\/www.beitalhikma.tn\/#\/schema\/logo\/image\/","url":"https:\/\/www.beitalhikma.tn\/wp-content\/uploads\/2014\/11\/logo.png","contentUrl":"https:\/\/www.beitalhikma.tn\/wp-content\/uploads\/2014\/11\/logo.png","width":288,"height":109,"caption":"Beit Al Hikma"},"image":{"@id":"https:\/\/www.beitalhikma.tn\/#\/schema\/logo\/image\/"},"sameAs":["https:\/\/www.facebook.com\/BeitalhikmaTunisie\/","https:\/\/x.com\/Beit_alhikma_TN","https:\/\/www.youtube.com\/channel\/UCl8EfDXqt5MFfcEY0UYhevg"]}]}},"uagb_featured_image_src":{"full":["https:\/\/www.beitalhikma.tn\/wp-content\/uploads\/2022\/10\/admin-ajax-7.jpg",200,312,false],"thumbnail":["https:\/\/www.beitalhikma.tn\/wp-content\/uploads\/2022\/10\/admin-ajax-7-200x300.jpg",200,300,true],"medium":["https:\/\/www.beitalhikma.tn\/wp-content\/uploads\/2022\/10\/admin-ajax-7-192x300.jpg",192,300,true],"medium_large":["https:\/\/www.beitalhikma.tn\/wp-content\/uploads\/2022\/10\/admin-ajax-7.jpg",200,312,false],"large":["https:\/\/www.beitalhikma.tn\/wp-content\/uploads\/2022\/10\/admin-ajax-7.jpg",200,312,false],"thumblist":["https:\/\/www.beitalhikma.tn\/wp-content\/uploads\/2022\/10\/admin-ajax-7-200x300.jpg",200,300,true],"meccarouselthumb":["https:\/\/www.beitalhikma.tn\/wp-content\/uploads\/2022\/10\/admin-ajax-7.jpg",200,312,false],"gridsquare":["https:\/\/www.beitalhikma.tn\/wp-content\/uploads\/2022\/10\/admin-ajax-7-200x260.jpg",200,260,true],"tileview":["https:\/\/www.beitalhikma.tn\/wp-content\/uploads\/2022\/10\/admin-ajax-7.jpg",200,312,false],"1536x1536":["https:\/\/www.beitalhikma.tn\/wp-content\/uploads\/2022\/10\/admin-ajax-7.jpg",200,312,false],"2048x2048":["https:\/\/www.beitalhikma.tn\/wp-content\/uploads\/2022\/10\/admin-ajax-7.jpg",200,312,false],"post-thumbnail":["https:\/\/www.beitalhikma.tn\/wp-content\/uploads\/2022\/10\/admin-ajax-7-94x146.jpg",94,146,true],"50x50":["https:\/\/www.beitalhikma.tn\/wp-content\/uploads\/2022\/10\/admin-ajax-7-32x50.jpg",32,50,true],"portfolio-list":["https:\/\/www.beitalhikma.tn\/wp-content\/uploads\/2022\/10\/admin-ajax-7.jpg",200,312,false],"portfolio-fs":["https:\/\/www.beitalhikma.tn\/wp-content\/uploads\/2022\/10\/admin-ajax-7.jpg",200,312,false],"portfolio-slider":["https:\/\/www.beitalhikma.tn\/wp-content\/uploads\/2022\/10\/admin-ajax-7.jpg",200,312,false],"blog":["https:\/\/www.beitalhikma.tn\/wp-content\/uploads\/2022\/10\/admin-ajax-7.jpg",200,312,false],"blog-single":["https:\/\/www.beitalhikma.tn\/wp-content\/uploads\/2022\/10\/admin-ajax-7.jpg",200,312,false],"blog-item":["https:\/\/www.beitalhikma.tn\/wp-content\/uploads\/2022\/10\/admin-ajax-7-200x224.jpg",200,224,true],"blog-widget":["https:\/\/www.beitalhikma.tn\/wp-content\/uploads\/2022\/10\/admin-ajax-7-80x60.jpg",80,60,true],"features":["https:\/\/www.beitalhikma.tn\/wp-content\/uploads\/2022\/10\/admin-ajax-7-90x90.jpg",90,90,true],"clients-slider":["https:\/\/www.beitalhikma.tn\/wp-content\/uploads\/2022\/10\/admin-ajax-7-51x80.jpg",51,80,true],"offer-slider":["https:\/\/www.beitalhikma.tn\/wp-content\/uploads\/2022\/10\/admin-ajax-7.jpg",200,312,false],"offer-slider-pg":["https:\/\/www.beitalhikma.tn\/wp-content\/uploads\/2022\/10\/admin-ajax-7-42x42.jpg",42,42,true],"woocommerce_thumbnail":["https:\/\/www.beitalhikma.tn\/wp-content\/uploads\/2022\/10\/admin-ajax-7-200x300.jpg",200,300,true],"woocommerce_single":["https:\/\/www.beitalhikma.tn\/wp-content\/uploads\/2022\/10\/admin-ajax-7.jpg",200,312,false],"woocommerce_gallery_thumbnail":["https:\/\/www.beitalhikma.tn\/wp-content\/uploads\/2022\/10\/admin-ajax-7-100x100.jpg",100,100,true]},"uagb_author_info":{"display_name":"admin","author_link":"https:\/\/www.beitalhikma.tn\/fr\/author\/"},"uagb_comment_info":0,"uagb_excerpt":"Titre de l\u2019ouvrage :L\u2019image de la soci\u00e9t\u00e9 arabo-musulmane \u00e0 travers les livres d\u2019Akhbar al adab (nouvelles litt\u00e9raires)\u00a0: Le Livre d\u2019Al Agh\u00e2ni d\u2019Al Isfahani Auteur : Hamadi Sammoud Langue :arabe Date de parution : 2019 Format : 16x24 ISBN :9789973492067 Nombre de pages : 308 Th\u00e8me : litt\u00e9rature Poids : 500 gr Situation : disponible","_links":{"self":[{"href":"https:\/\/www.beitalhikma.tn\/fr\/wp-json\/wp\/v2\/product\/98673","targetHints":{"allow":["GET"]}}],"collection":[{"href":"https:\/\/www.beitalhikma.tn\/fr\/wp-json\/wp\/v2\/product"}],"about":[{"href":"https:\/\/www.beitalhikma.tn\/fr\/wp-json\/wp\/v2\/types\/product"}],"wp:featuredmedia":[{"embeddable":true,"href":"https:\/\/www.beitalhikma.tn\/fr\/wp-json\/wp\/v2\/media\/98676"}],"wp:attachment":[{"href":"https:\/\/www.beitalhikma.tn\/fr\/wp-json\/wp\/v2\/media?parent=98673"}],"wp:term":[{"taxonomy":"product_brand","embeddable":true,"href":"https:\/\/www.beitalhikma.tn\/fr\/wp-json\/wp\/v2\/product_brand?post=98673"},{"taxonomy":"product_cat","embeddable":true,"href":"https:\/\/www.beitalhikma.tn\/fr\/wp-json\/wp\/v2\/product_cat?post=98673"},{"taxonomy":"product_tag","embeddable":true,"href":"https:\/\/www.beitalhikma.tn\/fr\/wp-json\/wp\/v2\/product_tag?post=98673"}],"curies":[{"name":"wp","href":"https:\/\/api.w.org\/{rel}","templated":true}]}}