{"id":98690,"date":"2022-10-12T11:49:01","date_gmt":"2022-10-12T10:49:01","guid":{"rendered":"https:\/\/www.beitalhikma.tn\/?post_type=product&#038;p=98690"},"modified":"2022-10-12T11:57:26","modified_gmt":"2022-10-12T10:57:26","slug":"ibn-khaldoun-et-ses-lecteurs","status":"publish","type":"product","link":"https:\/\/www.beitalhikma.tn\/fr\/publication\/acces-boutique\/livres-en-vente\/ibn-khaldoun-et-ses-lecteurs\/","title":{"rendered":"Ibn Khaldoun et ses lecteurs"},"content":{"rendered":"<p>L\u2019ouvrage porte sur l\u2019apport scientifique et intellectuel de l\u2019\u0153uvre d\u2019Ibn Khaldoun tel que le r\u00e9v\u00e8lent les lectures qu\u2019en ont donn\u00e9 les auteurs arabes depuis le XVe si\u00e8cle ainsi que les \u00e9tudes publi\u00e9es par les orientalistes occidentaux, lesquels ont soulign\u00e9 l\u2019influence d\u2019Ibn Khaldoun sur les diff\u00e9rentes \u00e9coles des sciences humaines dans le monde\u00a0: sociologie, philosophie de l\u2019histoire, psychologie des peuples\u2026 L\u2019ouvrage s\u2019arr\u00eate notamment sur les \u00e9tudes propos\u00e9es par des orientalistes europ\u00e9ens qui ont compar\u00e9 Ibn Khaldoun, Montesquieu, Machiavel, Durkheim et Auguste Comte, estimant que l\u2019auteur des <em>Prol\u00e9gom\u00e8nes <\/em>est de fait le fondateur de la sociologie, et l\u2019un des grands pionniers de la philosophie de l\u2019histoire et de la science \u00e9conomique. L\u2019ouvrage passe \u00e9galement en revue les nombreux colloques et autres manifestations internationales se rapportant aux contributions d\u2019Ibn Khaldoun \u00e0 la compr\u00e9hension des cycles des \u00c9tats, de la logique de la <em>\u2018assabya<\/em>\u00a0 (communautarisme), des lois de la d\u00e9mographie humaine, ainsi qu\u2019aux recherches sur la logique et les questions du <em>Kal\u0101m.<\/em><\/p>\n<p>L\u2019ouvrage r\u00e9unit les cours donn\u00e9s par Ahmed Abdessalam au Coll\u00e8ge de France au cours des ann\u00e9es 1980, cours que l\u2019auteur a, comme le souligne l\u2019introduction, fort peu modifi\u00e9s.<\/p>\n","protected":false},"excerpt":{"rendered":"<ul>\n<li><strong>Titre de l\u2019ouvrage<\/strong> :Ibn Khaldoun et ses lecteurs<\/li>\n<li><strong>Auteur\u00a0: <\/strong>Ahmed Abdessalam,<\/li>\n<li><strong>Traduction<\/strong> : Sadok Missaoui<\/li>\n<li><strong>Langue :<\/strong> arabe<\/li>\n<li><strong>Date de parution :<\/strong> 2020<\/li>\n<li><strong>Format :<\/strong>\u00a016\u00d724<\/li>\n<li><strong>ISBN :<\/strong>9789973492166<\/li>\n<li><strong>Nombre de pages :<\/strong>133<\/li>\n<li><strong>Th\u00e8me :<\/strong>intellectuel<\/li>\n<li><strong>Poids :<\/strong> 200 gr<br \/>\n<b>Situation :\u00a0<\/b>disponible<\/li>\n<li class=\"addtoany_share_save_container addtoany_content addtoany_content_bottom\">\n<div class=\"a2a_kit a2a_kit_size_32 addtoany_list\" data-a2a-url=\"https:\/\/www.beitalhikma.tn\/publication\/acces-boutique\/livres-en-vente\/melanges-au-professeur-dominique-chevallier\/\" data-a2a-title=\"M\u00e9langes au Professeur Dominique Chevallier\"><\/div>\n<\/li>\n<\/ul>\n","protected":false},"featured_media":98693,"template":"","meta":{"_uag_custom_page_level_css":""},"product_brand":[],"product_cat":[11],"product_tag":[],"class_list":{"0":"post-98690","1":"product","2":"type-product","3":"status-publish","4":"has-post-thumbnail","6":"product_cat-livres-en-vente","8":"first","9":"instock","10":"sale","11":"shipping-taxable","12":"purchasable","13":"product-type-simple"},"yoast_head":"<!-- This site is optimized with the Yoast SEO plugin v27.4 - https:\/\/yoast.com\/product\/yoast-seo-wordpress\/ -->\n<title>Ibn Khaldoun et ses lecteurs - Beit al-Hikma<\/title>\n<meta name=\"robots\" content=\"index, follow, max-snippet:-1, max-image-preview:large, max-video-preview:-1\" \/>\n<link rel=\"canonical\" href=\"https:\/\/www.beitalhikma.tn\/fr\/publication\/acces-boutique\/livres-en-vente\/ibn-khaldoun-et-ses-lecteurs\/\" \/>\n<meta property=\"og:locale\" content=\"fr_FR\" \/>\n<meta property=\"og:type\" content=\"article\" \/>\n<meta property=\"og:title\" content=\"Ibn Khaldoun et ses lecteurs - Beit al-Hikma\" \/>\n<meta property=\"og:description\" content=\"Titre de l\u2019ouvrage :Ibn Khaldoun et ses lecteurs  Auteur\u00a0: Ahmed Abdessalam,  Traduction : Sadok Missaoui  Langue : arabe  Date de parution : 2020  Format :\u00a016\u00d724  ISBN :9789973492166  Nombre de pages :133  Th\u00e8me :intellectuel  Poids : 200 gr Situation :\u00a0disponible\" \/>\n<meta property=\"og:url\" content=\"https:\/\/www.beitalhikma.tn\/fr\/publication\/acces-boutique\/livres-en-vente\/ibn-khaldoun-et-ses-lecteurs\/\" \/>\n<meta property=\"og:site_name\" content=\"Beit al-Hikma\" \/>\n<meta property=\"article:publisher\" content=\"https:\/\/www.facebook.com\/BeitalhikmaTunisie\/\" \/>\n<meta property=\"article:modified_time\" content=\"2022-10-12T10:57:26+00:00\" \/>\n<meta property=\"og:image\" content=\"https:\/\/www.beitalhikma.tn\/wp-content\/uploads\/2022\/10\/admin-ajax-8.jpg\" \/>\n\t<meta property=\"og:image:width\" content=\"266\" \/>\n\t<meta property=\"og:image:height\" content=\"400\" \/>\n\t<meta property=\"og:image:type\" content=\"image\/jpeg\" \/>\n<meta name=\"twitter:card\" content=\"summary_large_image\" \/>\n<meta name=\"twitter:site\" content=\"@Beit_alhikma_TN\" \/>\n<meta name=\"twitter:label1\" content=\"Dur\u00e9e de lecture estim\u00e9e\" \/>\n\t<meta name=\"twitter:data1\" content=\"1 minute\" \/>\n<script type=\"application\/ld+json\" class=\"yoast-schema-graph\">{\"@context\":\"https:\\\/\\\/schema.org\",\"@graph\":[{\"@type\":\"WebPage\",\"@id\":\"https:\\\/\\\/www.beitalhikma.tn\\\/fr\\\/publication\\\/acces-boutique\\\/livres-en-vente\\\/ibn-khaldoun-et-ses-lecteurs\\\/\",\"url\":\"https:\\\/\\\/www.beitalhikma.tn\\\/fr\\\/publication\\\/acces-boutique\\\/livres-en-vente\\\/ibn-khaldoun-et-ses-lecteurs\\\/\",\"name\":\"Ibn Khaldoun et ses lecteurs - Beit al-Hikma\",\"isPartOf\":{\"@id\":\"https:\\\/\\\/www.beitalhikma.tn\\\/#website\"},\"primaryImageOfPage\":{\"@id\":\"https:\\\/\\\/www.beitalhikma.tn\\\/fr\\\/publication\\\/acces-boutique\\\/livres-en-vente\\\/ibn-khaldoun-et-ses-lecteurs\\\/#primaryimage\"},\"image\":{\"@id\":\"https:\\\/\\\/www.beitalhikma.tn\\\/fr\\\/publication\\\/acces-boutique\\\/livres-en-vente\\\/ibn-khaldoun-et-ses-lecteurs\\\/#primaryimage\"},\"thumbnailUrl\":\"https:\\\/\\\/www.beitalhikma.tn\\\/wp-content\\\/uploads\\\/2022\\\/10\\\/admin-ajax-8.jpg\",\"datePublished\":\"2022-10-12T10:49:01+00:00\",\"dateModified\":\"2022-10-12T10:57:26+00:00\",\"breadcrumb\":{\"@id\":\"https:\\\/\\\/www.beitalhikma.tn\\\/fr\\\/publication\\\/acces-boutique\\\/livres-en-vente\\\/ibn-khaldoun-et-ses-lecteurs\\\/#breadcrumb\"},\"inLanguage\":\"fr-FR\",\"potentialAction\":[{\"@type\":\"ReadAction\",\"target\":[\"https:\\\/\\\/www.beitalhikma.tn\\\/fr\\\/publication\\\/acces-boutique\\\/livres-en-vente\\\/ibn-khaldoun-et-ses-lecteurs\\\/\"]}]},{\"@type\":\"ImageObject\",\"inLanguage\":\"fr-FR\",\"@id\":\"https:\\\/\\\/www.beitalhikma.tn\\\/fr\\\/publication\\\/acces-boutique\\\/livres-en-vente\\\/ibn-khaldoun-et-ses-lecteurs\\\/#primaryimage\",\"url\":\"https:\\\/\\\/www.beitalhikma.tn\\\/wp-content\\\/uploads\\\/2022\\\/10\\\/admin-ajax-8.jpg\",\"contentUrl\":\"https:\\\/\\\/www.beitalhikma.tn\\\/wp-content\\\/uploads\\\/2022\\\/10\\\/admin-ajax-8.jpg\",\"width\":266,\"height\":400},{\"@type\":\"BreadcrumbList\",\"@id\":\"https:\\\/\\\/www.beitalhikma.tn\\\/fr\\\/publication\\\/acces-boutique\\\/livres-en-vente\\\/ibn-khaldoun-et-ses-lecteurs\\\/#breadcrumb\",\"itemListElement\":[{\"@type\":\"ListItem\",\"position\":1,\"name\":\"Accueil\",\"item\":\"https:\\\/\\\/www.beitalhikma.tn\\\/fr\\\/\"},{\"@type\":\"ListItem\",\"position\":2,\"name\":\"Boutique\",\"item\":\"https:\\\/\\\/www.beitalhikma.tn\\\/fr\\\/boutique\\\/\"},{\"@type\":\"ListItem\",\"position\":3,\"name\":\"Ibn Khaldoun et ses lecteurs\"}]},{\"@type\":\"WebSite\",\"@id\":\"https:\\\/\\\/www.beitalhikma.tn\\\/#website\",\"url\":\"https:\\\/\\\/www.beitalhikma.tn\\\/\",\"name\":\"Beit al-Hikma\",\"description\":\"L&#039;Acad\u00e9mie Tunisienne des Sciences, des Lettres  et des Arts\",\"publisher\":{\"@id\":\"https:\\\/\\\/www.beitalhikma.tn\\\/#organization\"},\"potentialAction\":[{\"@type\":\"SearchAction\",\"target\":{\"@type\":\"EntryPoint\",\"urlTemplate\":\"https:\\\/\\\/www.beitalhikma.tn\\\/?s={search_term_string}\"},\"query-input\":{\"@type\":\"PropertyValueSpecification\",\"valueRequired\":true,\"valueName\":\"search_term_string\"}}],\"inLanguage\":\"fr-FR\"},{\"@type\":\"Organization\",\"@id\":\"https:\\\/\\\/www.beitalhikma.tn\\\/#organization\",\"name\":\"Beit Al Hikma\",\"url\":\"https:\\\/\\\/www.beitalhikma.tn\\\/\",\"logo\":{\"@type\":\"ImageObject\",\"inLanguage\":\"fr-FR\",\"@id\":\"https:\\\/\\\/www.beitalhikma.tn\\\/#\\\/schema\\\/logo\\\/image\\\/\",\"url\":\"https:\\\/\\\/www.beitalhikma.tn\\\/wp-content\\\/uploads\\\/2014\\\/11\\\/logo.png\",\"contentUrl\":\"https:\\\/\\\/www.beitalhikma.tn\\\/wp-content\\\/uploads\\\/2014\\\/11\\\/logo.png\",\"width\":288,\"height\":109,\"caption\":\"Beit Al Hikma\"},\"image\":{\"@id\":\"https:\\\/\\\/www.beitalhikma.tn\\\/#\\\/schema\\\/logo\\\/image\\\/\"},\"sameAs\":[\"https:\\\/\\\/www.facebook.com\\\/BeitalhikmaTunisie\\\/\",\"https:\\\/\\\/x.com\\\/Beit_alhikma_TN\",\"https:\\\/\\\/www.youtube.com\\\/channel\\\/UCl8EfDXqt5MFfcEY0UYhevg\"]}]}<\/script>\n<!-- \/ Yoast SEO plugin. -->","yoast_head_json":{"title":"Ibn Khaldoun et ses lecteurs - Beit al-Hikma","robots":{"index":"index","follow":"follow","max-snippet":"max-snippet:-1","max-image-preview":"max-image-preview:large","max-video-preview":"max-video-preview:-1"},"canonical":"https:\/\/www.beitalhikma.tn\/fr\/publication\/acces-boutique\/livres-en-vente\/ibn-khaldoun-et-ses-lecteurs\/","og_locale":"fr_FR","og_type":"article","og_title":"Ibn Khaldoun et ses lecteurs - Beit al-Hikma","og_description":"Titre de l\u2019ouvrage :Ibn Khaldoun et ses lecteurs  Auteur\u00a0: Ahmed Abdessalam,  Traduction : Sadok Missaoui  Langue : arabe  Date de parution : 2020  Format :\u00a016\u00d724  ISBN :9789973492166  Nombre de pages :133  Th\u00e8me :intellectuel  Poids : 200 gr Situation :\u00a0disponible","og_url":"https:\/\/www.beitalhikma.tn\/fr\/publication\/acces-boutique\/livres-en-vente\/ibn-khaldoun-et-ses-lecteurs\/","og_site_name":"Beit al-Hikma","article_publisher":"https:\/\/www.facebook.com\/BeitalhikmaTunisie\/","article_modified_time":"2022-10-12T10:57:26+00:00","og_image":[{"width":266,"height":400,"url":"https:\/\/www.beitalhikma.tn\/wp-content\/uploads\/2022\/10\/admin-ajax-8.jpg","type":"image\/jpeg"}],"twitter_card":"summary_large_image","twitter_site":"@Beit_alhikma_TN","twitter_misc":{"Dur\u00e9e de lecture estim\u00e9e":"1 minute"},"schema":{"@context":"https:\/\/schema.org","@graph":[{"@type":"WebPage","@id":"https:\/\/www.beitalhikma.tn\/fr\/publication\/acces-boutique\/livres-en-vente\/ibn-khaldoun-et-ses-lecteurs\/","url":"https:\/\/www.beitalhikma.tn\/fr\/publication\/acces-boutique\/livres-en-vente\/ibn-khaldoun-et-ses-lecteurs\/","name":"Ibn Khaldoun et ses lecteurs - Beit al-Hikma","isPartOf":{"@id":"https:\/\/www.beitalhikma.tn\/#website"},"primaryImageOfPage":{"@id":"https:\/\/www.beitalhikma.tn\/fr\/publication\/acces-boutique\/livres-en-vente\/ibn-khaldoun-et-ses-lecteurs\/#primaryimage"},"image":{"@id":"https:\/\/www.beitalhikma.tn\/fr\/publication\/acces-boutique\/livres-en-vente\/ibn-khaldoun-et-ses-lecteurs\/#primaryimage"},"thumbnailUrl":"https:\/\/www.beitalhikma.tn\/wp-content\/uploads\/2022\/10\/admin-ajax-8.jpg","datePublished":"2022-10-12T10:49:01+00:00","dateModified":"2022-10-12T10:57:26+00:00","breadcrumb":{"@id":"https:\/\/www.beitalhikma.tn\/fr\/publication\/acces-boutique\/livres-en-vente\/ibn-khaldoun-et-ses-lecteurs\/#breadcrumb"},"inLanguage":"fr-FR","potentialAction":[{"@type":"ReadAction","target":["https:\/\/www.beitalhikma.tn\/fr\/publication\/acces-boutique\/livres-en-vente\/ibn-khaldoun-et-ses-lecteurs\/"]}]},{"@type":"ImageObject","inLanguage":"fr-FR","@id":"https:\/\/www.beitalhikma.tn\/fr\/publication\/acces-boutique\/livres-en-vente\/ibn-khaldoun-et-ses-lecteurs\/#primaryimage","url":"https:\/\/www.beitalhikma.tn\/wp-content\/uploads\/2022\/10\/admin-ajax-8.jpg","contentUrl":"https:\/\/www.beitalhikma.tn\/wp-content\/uploads\/2022\/10\/admin-ajax-8.jpg","width":266,"height":400},{"@type":"BreadcrumbList","@id":"https:\/\/www.beitalhikma.tn\/fr\/publication\/acces-boutique\/livres-en-vente\/ibn-khaldoun-et-ses-lecteurs\/#breadcrumb","itemListElement":[{"@type":"ListItem","position":1,"name":"Accueil","item":"https:\/\/www.beitalhikma.tn\/fr\/"},{"@type":"ListItem","position":2,"name":"Boutique","item":"https:\/\/www.beitalhikma.tn\/fr\/boutique\/"},{"@type":"ListItem","position":3,"name":"Ibn Khaldoun et ses lecteurs"}]},{"@type":"WebSite","@id":"https:\/\/www.beitalhikma.tn\/#website","url":"https:\/\/www.beitalhikma.tn\/","name":"Beit al-Hikma","description":"L&#039;Acad\u00e9mie Tunisienne des Sciences, des Lettres  et des Arts","publisher":{"@id":"https:\/\/www.beitalhikma.tn\/#organization"},"potentialAction":[{"@type":"SearchAction","target":{"@type":"EntryPoint","urlTemplate":"https:\/\/www.beitalhikma.tn\/?s={search_term_string}"},"query-input":{"@type":"PropertyValueSpecification","valueRequired":true,"valueName":"search_term_string"}}],"inLanguage":"fr-FR"},{"@type":"Organization","@id":"https:\/\/www.beitalhikma.tn\/#organization","name":"Beit Al Hikma","url":"https:\/\/www.beitalhikma.tn\/","logo":{"@type":"ImageObject","inLanguage":"fr-FR","@id":"https:\/\/www.beitalhikma.tn\/#\/schema\/logo\/image\/","url":"https:\/\/www.beitalhikma.tn\/wp-content\/uploads\/2014\/11\/logo.png","contentUrl":"https:\/\/www.beitalhikma.tn\/wp-content\/uploads\/2014\/11\/logo.png","width":288,"height":109,"caption":"Beit Al Hikma"},"image":{"@id":"https:\/\/www.beitalhikma.tn\/#\/schema\/logo\/image\/"},"sameAs":["https:\/\/www.facebook.com\/BeitalhikmaTunisie\/","https:\/\/x.com\/Beit_alhikma_TN","https:\/\/www.youtube.com\/channel\/UCl8EfDXqt5MFfcEY0UYhevg"]}]}},"uagb_featured_image_src":{"full":["https:\/\/www.beitalhikma.tn\/wp-content\/uploads\/2022\/10\/admin-ajax-8.jpg",266,400,false],"thumbnail":["https:\/\/www.beitalhikma.tn\/wp-content\/uploads\/2022\/10\/admin-ajax-8-250x300.jpg",250,300,true],"medium":["https:\/\/www.beitalhikma.tn\/wp-content\/uploads\/2022\/10\/admin-ajax-8-200x300.jpg",200,300,true],"medium_large":["https:\/\/www.beitalhikma.tn\/wp-content\/uploads\/2022\/10\/admin-ajax-8.jpg",266,400,false],"large":["https:\/\/www.beitalhikma.tn\/wp-content\/uploads\/2022\/10\/admin-ajax-8.jpg",266,400,false],"thumblist":["https:\/\/www.beitalhikma.tn\/wp-content\/uploads\/2022\/10\/admin-ajax-8-266x300.jpg",266,300,true],"meccarouselthumb":["https:\/\/www.beitalhikma.tn\/wp-content\/uploads\/2022\/10\/admin-ajax-8-266x324.jpg",266,324,true],"gridsquare":["https:\/\/www.beitalhikma.tn\/wp-content\/uploads\/2022\/10\/admin-ajax-8-266x260.jpg",266,260,true],"tileview":["https:\/\/www.beitalhikma.tn\/wp-content\/uploads\/2022\/10\/admin-ajax-8.jpg",266,400,false],"1536x1536":["https:\/\/www.beitalhikma.tn\/wp-content\/uploads\/2022\/10\/admin-ajax-8.jpg",266,400,false],"2048x2048":["https:\/\/www.beitalhikma.tn\/wp-content\/uploads\/2022\/10\/admin-ajax-8.jpg",266,400,false],"post-thumbnail":["https:\/\/www.beitalhikma.tn\/wp-content\/uploads\/2022\/10\/admin-ajax-8-97x146.jpg",97,146,true],"50x50":["https:\/\/www.beitalhikma.tn\/wp-content\/uploads\/2022\/10\/admin-ajax-8-33x50.jpg",33,50,true],"portfolio-list":["https:\/\/www.beitalhikma.tn\/wp-content\/uploads\/2022\/10\/admin-ajax-8.jpg",266,400,false],"portfolio-fs":["https:\/\/www.beitalhikma.tn\/wp-content\/uploads\/2022\/10\/admin-ajax-8.jpg",266,400,false],"portfolio-slider":["https:\/\/www.beitalhikma.tn\/wp-content\/uploads\/2022\/10\/admin-ajax-8-266x380.jpg",266,380,true],"blog":["https:\/\/www.beitalhikma.tn\/wp-content\/uploads\/2022\/10\/admin-ajax-8-266x341.jpg",266,341,true],"blog-single":["https:\/\/www.beitalhikma.tn\/wp-content\/uploads\/2022\/10\/admin-ajax-8.jpg",266,400,false],"blog-item":["https:\/\/www.beitalhikma.tn\/wp-content\/uploads\/2022\/10\/admin-ajax-8-266x224.jpg",266,224,true],"blog-widget":["https:\/\/www.beitalhikma.tn\/wp-content\/uploads\/2022\/10\/admin-ajax-8-80x60.jpg",80,60,true],"features":["https:\/\/www.beitalhikma.tn\/wp-content\/uploads\/2022\/10\/admin-ajax-8-90x90.jpg",90,90,true],"clients-slider":["https:\/\/www.beitalhikma.tn\/wp-content\/uploads\/2022\/10\/admin-ajax-8-53x80.jpg",53,80,true],"offer-slider":["https:\/\/www.beitalhikma.tn\/wp-content\/uploads\/2022\/10\/admin-ajax-8.jpg",266,400,false],"offer-slider-pg":["https:\/\/www.beitalhikma.tn\/wp-content\/uploads\/2022\/10\/admin-ajax-8-42x42.jpg",42,42,true],"woocommerce_thumbnail":["https:\/\/www.beitalhikma.tn\/wp-content\/uploads\/2022\/10\/admin-ajax-8-250x300.jpg",250,300,true],"woocommerce_single":["https:\/\/www.beitalhikma.tn\/wp-content\/uploads\/2022\/10\/admin-ajax-8-250x376.jpg",250,376,true],"woocommerce_gallery_thumbnail":["https:\/\/www.beitalhikma.tn\/wp-content\/uploads\/2022\/10\/admin-ajax-8-100x100.jpg",100,100,true]},"uagb_author_info":{"display_name":"admin","author_link":"https:\/\/www.beitalhikma.tn\/fr\/author\/"},"uagb_comment_info":0,"uagb_excerpt":"Titre de l\u2019ouvrage :Ibn Khaldoun et ses lecteurs Auteur\u00a0: Ahmed Abdessalam, Traduction : Sadok Missaoui Langue : arabe Date de parution : 2020 Format :\u00a016\u00d724 ISBN :9789973492166 Nombre de pages :133 Th\u00e8me :intellectuel Poids : 200 gr Situation :\u00a0disponible","_links":{"self":[{"href":"https:\/\/www.beitalhikma.tn\/fr\/wp-json\/wp\/v2\/product\/98690","targetHints":{"allow":["GET"]}}],"collection":[{"href":"https:\/\/www.beitalhikma.tn\/fr\/wp-json\/wp\/v2\/product"}],"about":[{"href":"https:\/\/www.beitalhikma.tn\/fr\/wp-json\/wp\/v2\/types\/product"}],"wp:featuredmedia":[{"embeddable":true,"href":"https:\/\/www.beitalhikma.tn\/fr\/wp-json\/wp\/v2\/media\/98693"}],"wp:attachment":[{"href":"https:\/\/www.beitalhikma.tn\/fr\/wp-json\/wp\/v2\/media?parent=98690"}],"wp:term":[{"taxonomy":"product_brand","embeddable":true,"href":"https:\/\/www.beitalhikma.tn\/fr\/wp-json\/wp\/v2\/product_brand?post=98690"},{"taxonomy":"product_cat","embeddable":true,"href":"https:\/\/www.beitalhikma.tn\/fr\/wp-json\/wp\/v2\/product_cat?post=98690"},{"taxonomy":"product_tag","embeddable":true,"href":"https:\/\/www.beitalhikma.tn\/fr\/wp-json\/wp\/v2\/product_tag?post=98690"}],"curies":[{"name":"wp","href":"https:\/\/api.w.org\/{rel}","templated":true}]}}