{"id":98787,"date":"2022-10-14T08:42:50","date_gmt":"2022-10-14T07:42:50","guid":{"rendered":"https:\/\/www.beitalhikma.tn\/?post_type=product&#038;p=98787"},"modified":"2022-10-14T08:44:18","modified_gmt":"2022-10-14T07:44:18","slug":"al-mulim-bi-fawaid-muslim-3-tomes","status":"publish","type":"product","link":"https:\/\/www.beitalhikma.tn\/fr\/publication\/acces-boutique\/livres-en-vente\/al-mulim-bi-fawaid-muslim-3-tomes\/","title":{"rendered":"Al-m\u00fb\u2019lim bi-faw\u0101\u2019id Muslim (3 tomes)"},"content":{"rendered":"<p>L\u2019Imam Al-Maziri a v\u00e9cu \u00e0 une \u00e9poque de troubles marqu\u00e9e par la dislocation de la dynastie sanhajite et l\u2019extension des luttes fratricides entre sunnites et chiites. A l\u2019instar des autres faqihs maghr\u00e9bins, il a toujours pr\u00e9f\u00e9r\u00e9 au recueil de hadiths rapport\u00e9s par Bukhari celui de Muslim, plus conforme \u00e0 ses m\u00e9thodes d\u2019enseignement. Ce commentaire, \u00e9tabli \u00e0 l\u2019initialtive de Be\u00eft al-Hikma par le grand savant tunisien M.C. Enne\u00effar, est le premier qui ait jamais \u00e9t\u00e9 consacr\u00e9 au recueil de hadiths rapport\u00e9s par Muslim. Al-Maziri ne l\u2019a pas express\u00e9ment \u00e9crit : assistant \u00e0 une lecture de ce recueil, pendant le mois de Ramadan 499\/1104, il l\u2019a comment\u00e9 oralement. Ses disciples se sont empress\u00e9s, sous sa dict\u00e9e, de prendre des notes aussi fid\u00e8les que possible, qu\u2019ils lui ont ensuite soumis. Il a relu ces notes et y a apport\u00e9 quelques corrections. C\u2019est l\u00e0 l\u2019origine du pr\u00e9sent ouvrage. Al-Maziri s\u2019y r\u00e9v\u00e8le comme un ashaarite, un faqih et un lexicographe.<\/p>\n<ol>\n<li>Ashaarite, il l\u2019est dans sa d\u00e9fense de la ligne sunnite d\u2019Al-Ashaari et de ses disciples. Ses adversaires mu\u2019-tazilites, de tendance rationaliste, ne sont pas, pour autant, malmen\u00e9s.<\/li>\n<li>Faqih, il l\u2019est par sa perp\u00e9tuelle qu\u00eate de l\u2019ijtihad dans ses fatwas, o\u00f9 il semble tr\u00e8s souvent soucieux de l\u2019int\u00e9r\u00eat de la communaut\u00e9 musulmane, surtout pendant les p\u00e9riodes troubl\u00e9es de luttes fratricides.<\/li>\n<\/ol>\n<p>3. Lexicographe enfin, dans sa connaissance intime des ouvrages \u00e9crits en la mati\u00e8re \u00e0 son \u00e9poque et m\u00eame avant. Il a pu ainsi expliquer les hadiths demeur\u00e9s obscurs, \u00e0 cause de certains vocables inusit\u00e9s employ\u00e9s par le Proph\u00e8te.<\/p>\n","protected":false},"excerpt":{"rendered":"<ul>\n<li><strong>Titre de l\u2019ouvrage<\/strong> :Al-m\u00fb&#8217;lim bi-faw\u0101&#8217;id Muslim (3 tomes)<\/li>\n<li><strong>Auteur(e)\u00a0: <\/strong>Al-Imam Mezri<\/li>\n<li><strong>Enqu\u00eate de\u00a0: <\/strong>Mohamed Chedly Enna\u00effer<\/li>\n<li><strong>Langue :<\/strong> arabe<\/li>\n<li><strong>Date de parution :<\/strong> 2021<\/li>\n<li><strong>Format :<\/strong>\u00a016\u00d724<\/li>\n<li><strong>ISBN\u00a0Tome I : <\/strong>978-9973-49-222-7<\/li>\n<li><strong>ISBN\u00a0Tome II :<\/strong> 978-9973-49-223-4<\/li>\n<li><strong>ISBN\u00a0Tome III :<\/strong> 978-9973-49-224-1<\/li>\n<li><strong>Nombre de pages\u00a0: <\/strong>Tome I\u00a0: 576\u00a0; Tome II\u00a0: 498\u00a0; Tome III\u00a0: 458<br \/>\n<strong>Th\u00e8me :<\/strong> <strong>: <\/strong>Etudes islamiques<\/li>\n<li><strong>Poids :<\/strong> 2800 gr<br \/>\n<b>Situation :\u00a0<\/b>disponible<\/li>\n<\/ul>\n","protected":false},"featured_media":98788,"template":"","meta":{"_uag_custom_page_level_css":""},"product_brand":[],"product_cat":[11],"product_tag":[],"class_list":{"0":"post-98787","1":"product","2":"type-product","3":"status-publish","4":"has-post-thumbnail","6":"product_cat-livres-en-vente","8":"first","9":"instock","10":"sale","11":"shipping-taxable","12":"purchasable","13":"product-type-simple"},"yoast_head":"<!-- This site is optimized with the Yoast SEO plugin v27.4 - https:\/\/yoast.com\/product\/yoast-seo-wordpress\/ -->\n<title>Al-m\u00fb\u2019lim bi-faw\u0101\u2019id Muslim (3 tomes) - Beit al-Hikma<\/title>\n<meta name=\"robots\" content=\"index, follow, max-snippet:-1, max-image-preview:large, max-video-preview:-1\" \/>\n<link rel=\"canonical\" href=\"https:\/\/www.beitalhikma.tn\/fr\/publication\/acces-boutique\/livres-en-vente\/al-mulim-bi-fawaid-muslim-3-tomes\/\" \/>\n<meta property=\"og:locale\" content=\"fr_FR\" \/>\n<meta property=\"og:type\" content=\"article\" \/>\n<meta property=\"og:title\" content=\"Al-m\u00fb\u2019lim bi-faw\u0101\u2019id Muslim (3 tomes) - Beit al-Hikma\" \/>\n<meta property=\"og:description\" content=\"Titre de l\u2019ouvrage :Al-m\u00fb&#039;lim bi-faw\u0101&#039;id Muslim (3 tomes)  Auteur(e)\u00a0: Al-Imam Mezri  Enqu\u00eate de\u00a0: Mohamed Chedly Enna\u00effer  Langue : arabe  Date de parution : 2021  Format :\u00a016\u00d724  ISBN\u00a0Tome I : 978-9973-49-222-7  ISBN\u00a0Tome II : 978-9973-49-223-4  ISBN\u00a0Tome III : 978-9973-49-224-1  Nombre de pages\u00a0: Tome I\u00a0: 576\u00a0; Tome II\u00a0: 498\u00a0; Tome III\u00a0: 458 Th\u00e8me : : Etudes islamiques  Poids : 2800 gr Situation :\u00a0disponible\" \/>\n<meta property=\"og:url\" content=\"https:\/\/www.beitalhikma.tn\/fr\/publication\/acces-boutique\/livres-en-vente\/al-mulim-bi-fawaid-muslim-3-tomes\/\" \/>\n<meta property=\"og:site_name\" content=\"Beit al-Hikma\" \/>\n<meta property=\"article:publisher\" content=\"https:\/\/www.facebook.com\/BeitalhikmaTunisie\/\" \/>\n<meta property=\"article:modified_time\" content=\"2022-10-14T07:44:18+00:00\" \/>\n<meta property=\"og:image\" content=\"https:\/\/www.beitalhikma.tn\/wp-content\/uploads\/2022\/10\/admin-ajax-15.jpg\" \/>\n\t<meta property=\"og:image:width\" content=\"266\" \/>\n\t<meta property=\"og:image:height\" content=\"400\" \/>\n\t<meta property=\"og:image:type\" content=\"image\/jpeg\" \/>\n<meta name=\"twitter:card\" content=\"summary_large_image\" \/>\n<meta name=\"twitter:site\" content=\"@Beit_alhikma_TN\" \/>\n<meta name=\"twitter:label1\" content=\"Dur\u00e9e de lecture estim\u00e9e\" \/>\n\t<meta name=\"twitter:data1\" content=\"2 minutes\" \/>\n<script type=\"application\/ld+json\" class=\"yoast-schema-graph\">{\"@context\":\"https:\\\/\\\/schema.org\",\"@graph\":[{\"@type\":\"WebPage\",\"@id\":\"https:\\\/\\\/www.beitalhikma.tn\\\/fr\\\/publication\\\/acces-boutique\\\/livres-en-vente\\\/al-mulim-bi-fawaid-muslim-3-tomes\\\/\",\"url\":\"https:\\\/\\\/www.beitalhikma.tn\\\/fr\\\/publication\\\/acces-boutique\\\/livres-en-vente\\\/al-mulim-bi-fawaid-muslim-3-tomes\\\/\",\"name\":\"Al-m\u00fb\u2019lim bi-faw\u0101\u2019id Muslim (3 tomes) - Beit al-Hikma\",\"isPartOf\":{\"@id\":\"https:\\\/\\\/www.beitalhikma.tn\\\/#website\"},\"primaryImageOfPage\":{\"@id\":\"https:\\\/\\\/www.beitalhikma.tn\\\/fr\\\/publication\\\/acces-boutique\\\/livres-en-vente\\\/al-mulim-bi-fawaid-muslim-3-tomes\\\/#primaryimage\"},\"image\":{\"@id\":\"https:\\\/\\\/www.beitalhikma.tn\\\/fr\\\/publication\\\/acces-boutique\\\/livres-en-vente\\\/al-mulim-bi-fawaid-muslim-3-tomes\\\/#primaryimage\"},\"thumbnailUrl\":\"https:\\\/\\\/www.beitalhikma.tn\\\/wp-content\\\/uploads\\\/2022\\\/10\\\/admin-ajax-15.jpg\",\"datePublished\":\"2022-10-14T07:42:50+00:00\",\"dateModified\":\"2022-10-14T07:44:18+00:00\",\"breadcrumb\":{\"@id\":\"https:\\\/\\\/www.beitalhikma.tn\\\/fr\\\/publication\\\/acces-boutique\\\/livres-en-vente\\\/al-mulim-bi-fawaid-muslim-3-tomes\\\/#breadcrumb\"},\"inLanguage\":\"fr-FR\",\"potentialAction\":[{\"@type\":\"ReadAction\",\"target\":[\"https:\\\/\\\/www.beitalhikma.tn\\\/fr\\\/publication\\\/acces-boutique\\\/livres-en-vente\\\/al-mulim-bi-fawaid-muslim-3-tomes\\\/\"]}]},{\"@type\":\"ImageObject\",\"inLanguage\":\"fr-FR\",\"@id\":\"https:\\\/\\\/www.beitalhikma.tn\\\/fr\\\/publication\\\/acces-boutique\\\/livres-en-vente\\\/al-mulim-bi-fawaid-muslim-3-tomes\\\/#primaryimage\",\"url\":\"https:\\\/\\\/www.beitalhikma.tn\\\/wp-content\\\/uploads\\\/2022\\\/10\\\/admin-ajax-15.jpg\",\"contentUrl\":\"https:\\\/\\\/www.beitalhikma.tn\\\/wp-content\\\/uploads\\\/2022\\\/10\\\/admin-ajax-15.jpg\",\"width\":266,\"height\":400},{\"@type\":\"BreadcrumbList\",\"@id\":\"https:\\\/\\\/www.beitalhikma.tn\\\/fr\\\/publication\\\/acces-boutique\\\/livres-en-vente\\\/al-mulim-bi-fawaid-muslim-3-tomes\\\/#breadcrumb\",\"itemListElement\":[{\"@type\":\"ListItem\",\"position\":1,\"name\":\"Accueil\",\"item\":\"https:\\\/\\\/www.beitalhikma.tn\\\/fr\\\/\"},{\"@type\":\"ListItem\",\"position\":2,\"name\":\"Boutique\",\"item\":\"https:\\\/\\\/www.beitalhikma.tn\\\/fr\\\/boutique\\\/\"},{\"@type\":\"ListItem\",\"position\":3,\"name\":\"Al-m\u00fb\u2019lim bi-faw\u0101\u2019id Muslim (3 tomes)\"}]},{\"@type\":\"WebSite\",\"@id\":\"https:\\\/\\\/www.beitalhikma.tn\\\/#website\",\"url\":\"https:\\\/\\\/www.beitalhikma.tn\\\/\",\"name\":\"Beit al-Hikma\",\"description\":\"L&#039;Acad\u00e9mie Tunisienne des Sciences, des Lettres  et des Arts\",\"publisher\":{\"@id\":\"https:\\\/\\\/www.beitalhikma.tn\\\/#organization\"},\"potentialAction\":[{\"@type\":\"SearchAction\",\"target\":{\"@type\":\"EntryPoint\",\"urlTemplate\":\"https:\\\/\\\/www.beitalhikma.tn\\\/?s={search_term_string}\"},\"query-input\":{\"@type\":\"PropertyValueSpecification\",\"valueRequired\":true,\"valueName\":\"search_term_string\"}}],\"inLanguage\":\"fr-FR\"},{\"@type\":\"Organization\",\"@id\":\"https:\\\/\\\/www.beitalhikma.tn\\\/#organization\",\"name\":\"Beit Al Hikma\",\"url\":\"https:\\\/\\\/www.beitalhikma.tn\\\/\",\"logo\":{\"@type\":\"ImageObject\",\"inLanguage\":\"fr-FR\",\"@id\":\"https:\\\/\\\/www.beitalhikma.tn\\\/#\\\/schema\\\/logo\\\/image\\\/\",\"url\":\"https:\\\/\\\/www.beitalhikma.tn\\\/wp-content\\\/uploads\\\/2014\\\/11\\\/logo.png\",\"contentUrl\":\"https:\\\/\\\/www.beitalhikma.tn\\\/wp-content\\\/uploads\\\/2014\\\/11\\\/logo.png\",\"width\":288,\"height\":109,\"caption\":\"Beit Al Hikma\"},\"image\":{\"@id\":\"https:\\\/\\\/www.beitalhikma.tn\\\/#\\\/schema\\\/logo\\\/image\\\/\"},\"sameAs\":[\"https:\\\/\\\/www.facebook.com\\\/BeitalhikmaTunisie\\\/\",\"https:\\\/\\\/x.com\\\/Beit_alhikma_TN\",\"https:\\\/\\\/www.youtube.com\\\/channel\\\/UCl8EfDXqt5MFfcEY0UYhevg\"]}]}<\/script>\n<!-- \/ Yoast SEO plugin. -->","yoast_head_json":{"title":"Al-m\u00fb\u2019lim bi-faw\u0101\u2019id Muslim (3 tomes) - Beit al-Hikma","robots":{"index":"index","follow":"follow","max-snippet":"max-snippet:-1","max-image-preview":"max-image-preview:large","max-video-preview":"max-video-preview:-1"},"canonical":"https:\/\/www.beitalhikma.tn\/fr\/publication\/acces-boutique\/livres-en-vente\/al-mulim-bi-fawaid-muslim-3-tomes\/","og_locale":"fr_FR","og_type":"article","og_title":"Al-m\u00fb\u2019lim bi-faw\u0101\u2019id Muslim (3 tomes) - Beit al-Hikma","og_description":"Titre de l\u2019ouvrage :Al-m\u00fb'lim bi-faw\u0101'id Muslim (3 tomes)  Auteur(e)\u00a0: Al-Imam Mezri  Enqu\u00eate de\u00a0: Mohamed Chedly Enna\u00effer  Langue : arabe  Date de parution : 2021  Format :\u00a016\u00d724  ISBN\u00a0Tome I : 978-9973-49-222-7  ISBN\u00a0Tome II : 978-9973-49-223-4  ISBN\u00a0Tome III : 978-9973-49-224-1  Nombre de pages\u00a0: Tome I\u00a0: 576\u00a0; Tome II\u00a0: 498\u00a0; Tome III\u00a0: 458 Th\u00e8me : : Etudes islamiques  Poids : 2800 gr Situation :\u00a0disponible","og_url":"https:\/\/www.beitalhikma.tn\/fr\/publication\/acces-boutique\/livres-en-vente\/al-mulim-bi-fawaid-muslim-3-tomes\/","og_site_name":"Beit al-Hikma","article_publisher":"https:\/\/www.facebook.com\/BeitalhikmaTunisie\/","article_modified_time":"2022-10-14T07:44:18+00:00","og_image":[{"width":266,"height":400,"url":"https:\/\/www.beitalhikma.tn\/wp-content\/uploads\/2022\/10\/admin-ajax-15.jpg","type":"image\/jpeg"}],"twitter_card":"summary_large_image","twitter_site":"@Beit_alhikma_TN","twitter_misc":{"Dur\u00e9e de lecture estim\u00e9e":"2 minutes"},"schema":{"@context":"https:\/\/schema.org","@graph":[{"@type":"WebPage","@id":"https:\/\/www.beitalhikma.tn\/fr\/publication\/acces-boutique\/livres-en-vente\/al-mulim-bi-fawaid-muslim-3-tomes\/","url":"https:\/\/www.beitalhikma.tn\/fr\/publication\/acces-boutique\/livres-en-vente\/al-mulim-bi-fawaid-muslim-3-tomes\/","name":"Al-m\u00fb\u2019lim bi-faw\u0101\u2019id Muslim (3 tomes) - Beit al-Hikma","isPartOf":{"@id":"https:\/\/www.beitalhikma.tn\/#website"},"primaryImageOfPage":{"@id":"https:\/\/www.beitalhikma.tn\/fr\/publication\/acces-boutique\/livres-en-vente\/al-mulim-bi-fawaid-muslim-3-tomes\/#primaryimage"},"image":{"@id":"https:\/\/www.beitalhikma.tn\/fr\/publication\/acces-boutique\/livres-en-vente\/al-mulim-bi-fawaid-muslim-3-tomes\/#primaryimage"},"thumbnailUrl":"https:\/\/www.beitalhikma.tn\/wp-content\/uploads\/2022\/10\/admin-ajax-15.jpg","datePublished":"2022-10-14T07:42:50+00:00","dateModified":"2022-10-14T07:44:18+00:00","breadcrumb":{"@id":"https:\/\/www.beitalhikma.tn\/fr\/publication\/acces-boutique\/livres-en-vente\/al-mulim-bi-fawaid-muslim-3-tomes\/#breadcrumb"},"inLanguage":"fr-FR","potentialAction":[{"@type":"ReadAction","target":["https:\/\/www.beitalhikma.tn\/fr\/publication\/acces-boutique\/livres-en-vente\/al-mulim-bi-fawaid-muslim-3-tomes\/"]}]},{"@type":"ImageObject","inLanguage":"fr-FR","@id":"https:\/\/www.beitalhikma.tn\/fr\/publication\/acces-boutique\/livres-en-vente\/al-mulim-bi-fawaid-muslim-3-tomes\/#primaryimage","url":"https:\/\/www.beitalhikma.tn\/wp-content\/uploads\/2022\/10\/admin-ajax-15.jpg","contentUrl":"https:\/\/www.beitalhikma.tn\/wp-content\/uploads\/2022\/10\/admin-ajax-15.jpg","width":266,"height":400},{"@type":"BreadcrumbList","@id":"https:\/\/www.beitalhikma.tn\/fr\/publication\/acces-boutique\/livres-en-vente\/al-mulim-bi-fawaid-muslim-3-tomes\/#breadcrumb","itemListElement":[{"@type":"ListItem","position":1,"name":"Accueil","item":"https:\/\/www.beitalhikma.tn\/fr\/"},{"@type":"ListItem","position":2,"name":"Boutique","item":"https:\/\/www.beitalhikma.tn\/fr\/boutique\/"},{"@type":"ListItem","position":3,"name":"Al-m\u00fb\u2019lim bi-faw\u0101\u2019id Muslim (3 tomes)"}]},{"@type":"WebSite","@id":"https:\/\/www.beitalhikma.tn\/#website","url":"https:\/\/www.beitalhikma.tn\/","name":"Beit al-Hikma","description":"L&#039;Acad\u00e9mie Tunisienne des Sciences, des Lettres  et des Arts","publisher":{"@id":"https:\/\/www.beitalhikma.tn\/#organization"},"potentialAction":[{"@type":"SearchAction","target":{"@type":"EntryPoint","urlTemplate":"https:\/\/www.beitalhikma.tn\/?s={search_term_string}"},"query-input":{"@type":"PropertyValueSpecification","valueRequired":true,"valueName":"search_term_string"}}],"inLanguage":"fr-FR"},{"@type":"Organization","@id":"https:\/\/www.beitalhikma.tn\/#organization","name":"Beit Al Hikma","url":"https:\/\/www.beitalhikma.tn\/","logo":{"@type":"ImageObject","inLanguage":"fr-FR","@id":"https:\/\/www.beitalhikma.tn\/#\/schema\/logo\/image\/","url":"https:\/\/www.beitalhikma.tn\/wp-content\/uploads\/2014\/11\/logo.png","contentUrl":"https:\/\/www.beitalhikma.tn\/wp-content\/uploads\/2014\/11\/logo.png","width":288,"height":109,"caption":"Beit Al Hikma"},"image":{"@id":"https:\/\/www.beitalhikma.tn\/#\/schema\/logo\/image\/"},"sameAs":["https:\/\/www.facebook.com\/BeitalhikmaTunisie\/","https:\/\/x.com\/Beit_alhikma_TN","https:\/\/www.youtube.com\/channel\/UCl8EfDXqt5MFfcEY0UYhevg"]}]}},"uagb_featured_image_src":{"full":["https:\/\/www.beitalhikma.tn\/wp-content\/uploads\/2022\/10\/admin-ajax-15.jpg",266,400,false],"thumbnail":["https:\/\/www.beitalhikma.tn\/wp-content\/uploads\/2022\/10\/admin-ajax-15-250x300.jpg",250,300,true],"medium":["https:\/\/www.beitalhikma.tn\/wp-content\/uploads\/2022\/10\/admin-ajax-15-200x300.jpg",200,300,true],"medium_large":["https:\/\/www.beitalhikma.tn\/wp-content\/uploads\/2022\/10\/admin-ajax-15.jpg",266,400,false],"large":["https:\/\/www.beitalhikma.tn\/wp-content\/uploads\/2022\/10\/admin-ajax-15.jpg",266,400,false],"thumblist":["https:\/\/www.beitalhikma.tn\/wp-content\/uploads\/2022\/10\/admin-ajax-15-266x300.jpg",266,300,true],"meccarouselthumb":["https:\/\/www.beitalhikma.tn\/wp-content\/uploads\/2022\/10\/admin-ajax-15-266x324.jpg",266,324,true],"gridsquare":["https:\/\/www.beitalhikma.tn\/wp-content\/uploads\/2022\/10\/admin-ajax-15-266x260.jpg",266,260,true],"tileview":["https:\/\/www.beitalhikma.tn\/wp-content\/uploads\/2022\/10\/admin-ajax-15.jpg",266,400,false],"1536x1536":["https:\/\/www.beitalhikma.tn\/wp-content\/uploads\/2022\/10\/admin-ajax-15.jpg",266,400,false],"2048x2048":["https:\/\/www.beitalhikma.tn\/wp-content\/uploads\/2022\/10\/admin-ajax-15.jpg",266,400,false],"post-thumbnail":["https:\/\/www.beitalhikma.tn\/wp-content\/uploads\/2022\/10\/admin-ajax-15-97x146.jpg",97,146,true],"50x50":["https:\/\/www.beitalhikma.tn\/wp-content\/uploads\/2022\/10\/admin-ajax-15-33x50.jpg",33,50,true],"portfolio-list":["https:\/\/www.beitalhikma.tn\/wp-content\/uploads\/2022\/10\/admin-ajax-15.jpg",266,400,false],"portfolio-fs":["https:\/\/www.beitalhikma.tn\/wp-content\/uploads\/2022\/10\/admin-ajax-15.jpg",266,400,false],"portfolio-slider":["https:\/\/www.beitalhikma.tn\/wp-content\/uploads\/2022\/10\/admin-ajax-15-266x380.jpg",266,380,true],"blog":["https:\/\/www.beitalhikma.tn\/wp-content\/uploads\/2022\/10\/admin-ajax-15-266x341.jpg",266,341,true],"blog-single":["https:\/\/www.beitalhikma.tn\/wp-content\/uploads\/2022\/10\/admin-ajax-15.jpg",266,400,false],"blog-item":["https:\/\/www.beitalhikma.tn\/wp-content\/uploads\/2022\/10\/admin-ajax-15-266x224.jpg",266,224,true],"blog-widget":["https:\/\/www.beitalhikma.tn\/wp-content\/uploads\/2022\/10\/admin-ajax-15-80x60.jpg",80,60,true],"features":["https:\/\/www.beitalhikma.tn\/wp-content\/uploads\/2022\/10\/admin-ajax-15-90x90.jpg",90,90,true],"clients-slider":["https:\/\/www.beitalhikma.tn\/wp-content\/uploads\/2022\/10\/admin-ajax-15-53x80.jpg",53,80,true],"offer-slider":["https:\/\/www.beitalhikma.tn\/wp-content\/uploads\/2022\/10\/admin-ajax-15.jpg",266,400,false],"offer-slider-pg":["https:\/\/www.beitalhikma.tn\/wp-content\/uploads\/2022\/10\/admin-ajax-15-42x42.jpg",42,42,true],"woocommerce_thumbnail":["https:\/\/www.beitalhikma.tn\/wp-content\/uploads\/2022\/10\/admin-ajax-15-250x300.jpg",250,300,true],"woocommerce_single":["https:\/\/www.beitalhikma.tn\/wp-content\/uploads\/2022\/10\/admin-ajax-15-250x376.jpg",250,376,true],"woocommerce_gallery_thumbnail":["https:\/\/www.beitalhikma.tn\/wp-content\/uploads\/2022\/10\/admin-ajax-15-100x100.jpg",100,100,true]},"uagb_author_info":{"display_name":"admin","author_link":"https:\/\/www.beitalhikma.tn\/fr\/author\/"},"uagb_comment_info":0,"uagb_excerpt":"Titre de l\u2019ouvrage :Al-m\u00fb'lim bi-faw\u0101'id Muslim (3 tomes) Auteur(e)\u00a0: Al-Imam Mezri Enqu\u00eate de\u00a0: Mohamed Chedly Enna\u00effer Langue : arabe Date de parution : 2021 Format :\u00a016\u00d724 ISBN\u00a0Tome I : 978-9973-49-222-7 ISBN\u00a0Tome II : 978-9973-49-223-4 ISBN\u00a0Tome III : 978-9973-49-224-1 Nombre de pages\u00a0: Tome I\u00a0: 576\u00a0; Tome II\u00a0: 498\u00a0; Tome III\u00a0: 458 Th\u00e8me : : Etudes islamiques\u2026","_links":{"self":[{"href":"https:\/\/www.beitalhikma.tn\/fr\/wp-json\/wp\/v2\/product\/98787","targetHints":{"allow":["GET"]}}],"collection":[{"href":"https:\/\/www.beitalhikma.tn\/fr\/wp-json\/wp\/v2\/product"}],"about":[{"href":"https:\/\/www.beitalhikma.tn\/fr\/wp-json\/wp\/v2\/types\/product"}],"wp:featuredmedia":[{"embeddable":true,"href":"https:\/\/www.beitalhikma.tn\/fr\/wp-json\/wp\/v2\/media\/98788"}],"wp:attachment":[{"href":"https:\/\/www.beitalhikma.tn\/fr\/wp-json\/wp\/v2\/media?parent=98787"}],"wp:term":[{"taxonomy":"product_brand","embeddable":true,"href":"https:\/\/www.beitalhikma.tn\/fr\/wp-json\/wp\/v2\/product_brand?post=98787"},{"taxonomy":"product_cat","embeddable":true,"href":"https:\/\/www.beitalhikma.tn\/fr\/wp-json\/wp\/v2\/product_cat?post=98787"},{"taxonomy":"product_tag","embeddable":true,"href":"https:\/\/www.beitalhikma.tn\/fr\/wp-json\/wp\/v2\/product_tag?post=98787"}],"curies":[{"name":"wp","href":"https:\/\/api.w.org\/{rel}","templated":true}]}}