{"id":98793,"date":"2022-10-14T10:42:24","date_gmt":"2022-10-14T09:42:24","guid":{"rendered":"https:\/\/www.beitalhikma.tn\/?post_type=product&#038;p=98793"},"modified":"2022-10-14T10:51:45","modified_gmt":"2022-10-14T09:51:45","slug":"concepts-et-terminologies-dans-les-arts-en-tunisie","status":"publish","type":"product","link":"https:\/\/www.beitalhikma.tn\/fr\/publication\/acces-boutique\/livres-en-vente\/concepts-et-terminologies-dans-les-arts-en-tunisie\/","title":{"rendered":"Concepts et terminologies dans les arts en Tunisie"},"content":{"rendered":"<p>Cet ouvrage collectif se veut une r\u00e9flexion sur la probl\u00e9matique des expressions idiomatiques, li\u00e9es au suivisme et \u00e0 la traduction. Il comporte les travaux d\u2019un colloque organis\u00e9 par le d\u00e9partement des arts de l\u2019Acad\u00e9mie tunisienne des sciences, des lettres et des arts, Beit el Hikma, au cours duquel des acad\u00e9miciens et des chercheurs ont port\u00e9 leur int\u00e9r\u00eat et leurs d\u00e9bats sur la n\u00e9cessit\u00e9 de prendre conscience de l&#8217;importance des variations syntaxiques et contextuelles, ainsi que de la dynamique du langage et de la cr\u00e9ativit\u00e9 du champ s\u00e9mantique. La finalit\u00e9 \u00e9tant de produire des concepts et des terminologies, pas de les importer et de les figer.<\/p>\n","protected":false},"excerpt":{"rendered":"<ul>\n<li><strong>Titre de l\u2019ouvrage<\/strong> :Concepts et terminologies dans les arts en Tunisie<br \/>\n<strong>Ouvrage collectif\u00a0<\/strong><\/li>\n<li><strong>Langue :<\/strong>Arabe &#8211; Fran\u00e7ais<\/li>\n<li><strong>Date de parution :<\/strong> 2021<\/li>\n<li><strong>Format :<\/strong>\u00a016\u00d724<\/li>\n<li><strong>ISBN :<\/strong> 9789973492258<\/li>\n<li><strong>Nombre de pages :<\/strong>200<br \/>\n<strong>Th\u00e8me :<\/strong> <strong>: <\/strong>Art<\/li>\n<li><strong>Poids :<\/strong> 400 gr<br \/>\n<b>Situation :\u00a0<\/b>disponible<\/li>\n<\/ul>\n<div class=\"addtoany_share_save_container addtoany_content addtoany_content_bottom\">\n<div class=\"a2a_kit a2a_kit_size_32 addtoany_list\" data-a2a-url=\"https:\/\/www.beitalhikma.tn\/publication\/acces-boutique\/livres-en-vente\/melanges-au-professeur-dominique-chevallier\/\" data-a2a-title=\"M\u00e9langes au Professeur Dominique Chevallier\"><\/div>\n<\/div>\n","protected":false},"featured_media":98794,"template":"","meta":{"_uag_custom_page_level_css":""},"product_brand":[],"product_cat":[11],"product_tag":[],"class_list":{"0":"post-98793","1":"product","2":"type-product","3":"status-publish","4":"has-post-thumbnail","6":"product_cat-livres-en-vente","8":"first","9":"instock","10":"sale","11":"shipping-taxable","12":"purchasable","13":"product-type-simple"},"yoast_head":"<!-- This site is optimized with the Yoast SEO plugin v27.4 - https:\/\/yoast.com\/product\/yoast-seo-wordpress\/ -->\n<title>Concepts et terminologies dans les arts en Tunisie - Beit al-Hikma<\/title>\n<meta name=\"robots\" content=\"index, follow, max-snippet:-1, max-image-preview:large, max-video-preview:-1\" \/>\n<link rel=\"canonical\" href=\"https:\/\/www.beitalhikma.tn\/fr\/publication\/acces-boutique\/livres-en-vente\/concepts-et-terminologies-dans-les-arts-en-tunisie\/\" \/>\n<meta property=\"og:locale\" content=\"fr_FR\" \/>\n<meta property=\"og:type\" content=\"article\" \/>\n<meta property=\"og:title\" content=\"Concepts et terminologies dans les arts en Tunisie - Beit al-Hikma\" \/>\n<meta property=\"og:description\" content=\"Titre de l\u2019ouvrage :Concepts et terminologies dans les arts en Tunisie Ouvrage collectif\u00a0  Langue :Arabe - Fran\u00e7ais  Date de parution : 2021  Format :\u00a016\u00d724  ISBN : 9789973492258  Nombre de pages :200 Th\u00e8me : : Art  Poids : 400 gr Situation :\u00a0disponible\" \/>\n<meta property=\"og:url\" content=\"https:\/\/www.beitalhikma.tn\/fr\/publication\/acces-boutique\/livres-en-vente\/concepts-et-terminologies-dans-les-arts-en-tunisie\/\" \/>\n<meta property=\"og:site_name\" content=\"Beit al-Hikma\" \/>\n<meta property=\"article:publisher\" content=\"https:\/\/www.facebook.com\/BeitalhikmaTunisie\/\" \/>\n<meta property=\"article:modified_time\" content=\"2022-10-14T09:51:45+00:00\" \/>\n<meta property=\"og:image\" content=\"https:\/\/www.beitalhikma.tn\/wp-content\/uploads\/2022\/10\/admin-ajax-16.jpg\" \/>\n\t<meta property=\"og:image:width\" content=\"264\" \/>\n\t<meta property=\"og:image:height\" content=\"400\" \/>\n\t<meta property=\"og:image:type\" content=\"image\/jpeg\" \/>\n<meta name=\"twitter:card\" content=\"summary_large_image\" \/>\n<meta name=\"twitter:site\" content=\"@Beit_alhikma_TN\" \/>\n<meta name=\"twitter:label1\" content=\"Dur\u00e9e de lecture estim\u00e9e\" \/>\n\t<meta name=\"twitter:data1\" content=\"1 minute\" \/>\n<script type=\"application\/ld+json\" class=\"yoast-schema-graph\">{\"@context\":\"https:\\\/\\\/schema.org\",\"@graph\":[{\"@type\":\"WebPage\",\"@id\":\"https:\\\/\\\/www.beitalhikma.tn\\\/fr\\\/publication\\\/acces-boutique\\\/livres-en-vente\\\/concepts-et-terminologies-dans-les-arts-en-tunisie\\\/\",\"url\":\"https:\\\/\\\/www.beitalhikma.tn\\\/fr\\\/publication\\\/acces-boutique\\\/livres-en-vente\\\/concepts-et-terminologies-dans-les-arts-en-tunisie\\\/\",\"name\":\"Concepts et terminologies dans les arts en Tunisie - Beit al-Hikma\",\"isPartOf\":{\"@id\":\"https:\\\/\\\/www.beitalhikma.tn\\\/#website\"},\"primaryImageOfPage\":{\"@id\":\"https:\\\/\\\/www.beitalhikma.tn\\\/fr\\\/publication\\\/acces-boutique\\\/livres-en-vente\\\/concepts-et-terminologies-dans-les-arts-en-tunisie\\\/#primaryimage\"},\"image\":{\"@id\":\"https:\\\/\\\/www.beitalhikma.tn\\\/fr\\\/publication\\\/acces-boutique\\\/livres-en-vente\\\/concepts-et-terminologies-dans-les-arts-en-tunisie\\\/#primaryimage\"},\"thumbnailUrl\":\"https:\\\/\\\/www.beitalhikma.tn\\\/wp-content\\\/uploads\\\/2022\\\/10\\\/admin-ajax-16.jpg\",\"datePublished\":\"2022-10-14T09:42:24+00:00\",\"dateModified\":\"2022-10-14T09:51:45+00:00\",\"breadcrumb\":{\"@id\":\"https:\\\/\\\/www.beitalhikma.tn\\\/fr\\\/publication\\\/acces-boutique\\\/livres-en-vente\\\/concepts-et-terminologies-dans-les-arts-en-tunisie\\\/#breadcrumb\"},\"inLanguage\":\"fr-FR\",\"potentialAction\":[{\"@type\":\"ReadAction\",\"target\":[\"https:\\\/\\\/www.beitalhikma.tn\\\/fr\\\/publication\\\/acces-boutique\\\/livres-en-vente\\\/concepts-et-terminologies-dans-les-arts-en-tunisie\\\/\"]}]},{\"@type\":\"ImageObject\",\"inLanguage\":\"fr-FR\",\"@id\":\"https:\\\/\\\/www.beitalhikma.tn\\\/fr\\\/publication\\\/acces-boutique\\\/livres-en-vente\\\/concepts-et-terminologies-dans-les-arts-en-tunisie\\\/#primaryimage\",\"url\":\"https:\\\/\\\/www.beitalhikma.tn\\\/wp-content\\\/uploads\\\/2022\\\/10\\\/admin-ajax-16.jpg\",\"contentUrl\":\"https:\\\/\\\/www.beitalhikma.tn\\\/wp-content\\\/uploads\\\/2022\\\/10\\\/admin-ajax-16.jpg\",\"width\":264,\"height\":400},{\"@type\":\"BreadcrumbList\",\"@id\":\"https:\\\/\\\/www.beitalhikma.tn\\\/fr\\\/publication\\\/acces-boutique\\\/livres-en-vente\\\/concepts-et-terminologies-dans-les-arts-en-tunisie\\\/#breadcrumb\",\"itemListElement\":[{\"@type\":\"ListItem\",\"position\":1,\"name\":\"Accueil\",\"item\":\"https:\\\/\\\/www.beitalhikma.tn\\\/fr\\\/\"},{\"@type\":\"ListItem\",\"position\":2,\"name\":\"Boutique\",\"item\":\"https:\\\/\\\/www.beitalhikma.tn\\\/fr\\\/boutique\\\/\"},{\"@type\":\"ListItem\",\"position\":3,\"name\":\"Concepts et terminologies dans les arts en Tunisie\"}]},{\"@type\":\"WebSite\",\"@id\":\"https:\\\/\\\/www.beitalhikma.tn\\\/#website\",\"url\":\"https:\\\/\\\/www.beitalhikma.tn\\\/\",\"name\":\"Beit al-Hikma\",\"description\":\"L&#039;Acad\u00e9mie Tunisienne des Sciences, des Lettres  et des Arts\",\"publisher\":{\"@id\":\"https:\\\/\\\/www.beitalhikma.tn\\\/#organization\"},\"potentialAction\":[{\"@type\":\"SearchAction\",\"target\":{\"@type\":\"EntryPoint\",\"urlTemplate\":\"https:\\\/\\\/www.beitalhikma.tn\\\/?s={search_term_string}\"},\"query-input\":{\"@type\":\"PropertyValueSpecification\",\"valueRequired\":true,\"valueName\":\"search_term_string\"}}],\"inLanguage\":\"fr-FR\"},{\"@type\":\"Organization\",\"@id\":\"https:\\\/\\\/www.beitalhikma.tn\\\/#organization\",\"name\":\"Beit Al Hikma\",\"url\":\"https:\\\/\\\/www.beitalhikma.tn\\\/\",\"logo\":{\"@type\":\"ImageObject\",\"inLanguage\":\"fr-FR\",\"@id\":\"https:\\\/\\\/www.beitalhikma.tn\\\/#\\\/schema\\\/logo\\\/image\\\/\",\"url\":\"https:\\\/\\\/www.beitalhikma.tn\\\/wp-content\\\/uploads\\\/2014\\\/11\\\/logo.png\",\"contentUrl\":\"https:\\\/\\\/www.beitalhikma.tn\\\/wp-content\\\/uploads\\\/2014\\\/11\\\/logo.png\",\"width\":288,\"height\":109,\"caption\":\"Beit Al Hikma\"},\"image\":{\"@id\":\"https:\\\/\\\/www.beitalhikma.tn\\\/#\\\/schema\\\/logo\\\/image\\\/\"},\"sameAs\":[\"https:\\\/\\\/www.facebook.com\\\/BeitalhikmaTunisie\\\/\",\"https:\\\/\\\/x.com\\\/Beit_alhikma_TN\",\"https:\\\/\\\/www.youtube.com\\\/channel\\\/UCl8EfDXqt5MFfcEY0UYhevg\"]}]}<\/script>\n<!-- \/ Yoast SEO plugin. -->","yoast_head_json":{"title":"Concepts et terminologies dans les arts en Tunisie - Beit al-Hikma","robots":{"index":"index","follow":"follow","max-snippet":"max-snippet:-1","max-image-preview":"max-image-preview:large","max-video-preview":"max-video-preview:-1"},"canonical":"https:\/\/www.beitalhikma.tn\/fr\/publication\/acces-boutique\/livres-en-vente\/concepts-et-terminologies-dans-les-arts-en-tunisie\/","og_locale":"fr_FR","og_type":"article","og_title":"Concepts et terminologies dans les arts en Tunisie - Beit al-Hikma","og_description":"Titre de l\u2019ouvrage :Concepts et terminologies dans les arts en Tunisie Ouvrage collectif\u00a0  Langue :Arabe - Fran\u00e7ais  Date de parution : 2021  Format :\u00a016\u00d724  ISBN : 9789973492258  Nombre de pages :200 Th\u00e8me : : Art  Poids : 400 gr Situation :\u00a0disponible","og_url":"https:\/\/www.beitalhikma.tn\/fr\/publication\/acces-boutique\/livres-en-vente\/concepts-et-terminologies-dans-les-arts-en-tunisie\/","og_site_name":"Beit al-Hikma","article_publisher":"https:\/\/www.facebook.com\/BeitalhikmaTunisie\/","article_modified_time":"2022-10-14T09:51:45+00:00","og_image":[{"width":264,"height":400,"url":"https:\/\/www.beitalhikma.tn\/wp-content\/uploads\/2022\/10\/admin-ajax-16.jpg","type":"image\/jpeg"}],"twitter_card":"summary_large_image","twitter_site":"@Beit_alhikma_TN","twitter_misc":{"Dur\u00e9e de lecture estim\u00e9e":"1 minute"},"schema":{"@context":"https:\/\/schema.org","@graph":[{"@type":"WebPage","@id":"https:\/\/www.beitalhikma.tn\/fr\/publication\/acces-boutique\/livres-en-vente\/concepts-et-terminologies-dans-les-arts-en-tunisie\/","url":"https:\/\/www.beitalhikma.tn\/fr\/publication\/acces-boutique\/livres-en-vente\/concepts-et-terminologies-dans-les-arts-en-tunisie\/","name":"Concepts et terminologies dans les arts en Tunisie - Beit al-Hikma","isPartOf":{"@id":"https:\/\/www.beitalhikma.tn\/#website"},"primaryImageOfPage":{"@id":"https:\/\/www.beitalhikma.tn\/fr\/publication\/acces-boutique\/livres-en-vente\/concepts-et-terminologies-dans-les-arts-en-tunisie\/#primaryimage"},"image":{"@id":"https:\/\/www.beitalhikma.tn\/fr\/publication\/acces-boutique\/livres-en-vente\/concepts-et-terminologies-dans-les-arts-en-tunisie\/#primaryimage"},"thumbnailUrl":"https:\/\/www.beitalhikma.tn\/wp-content\/uploads\/2022\/10\/admin-ajax-16.jpg","datePublished":"2022-10-14T09:42:24+00:00","dateModified":"2022-10-14T09:51:45+00:00","breadcrumb":{"@id":"https:\/\/www.beitalhikma.tn\/fr\/publication\/acces-boutique\/livres-en-vente\/concepts-et-terminologies-dans-les-arts-en-tunisie\/#breadcrumb"},"inLanguage":"fr-FR","potentialAction":[{"@type":"ReadAction","target":["https:\/\/www.beitalhikma.tn\/fr\/publication\/acces-boutique\/livres-en-vente\/concepts-et-terminologies-dans-les-arts-en-tunisie\/"]}]},{"@type":"ImageObject","inLanguage":"fr-FR","@id":"https:\/\/www.beitalhikma.tn\/fr\/publication\/acces-boutique\/livres-en-vente\/concepts-et-terminologies-dans-les-arts-en-tunisie\/#primaryimage","url":"https:\/\/www.beitalhikma.tn\/wp-content\/uploads\/2022\/10\/admin-ajax-16.jpg","contentUrl":"https:\/\/www.beitalhikma.tn\/wp-content\/uploads\/2022\/10\/admin-ajax-16.jpg","width":264,"height":400},{"@type":"BreadcrumbList","@id":"https:\/\/www.beitalhikma.tn\/fr\/publication\/acces-boutique\/livres-en-vente\/concepts-et-terminologies-dans-les-arts-en-tunisie\/#breadcrumb","itemListElement":[{"@type":"ListItem","position":1,"name":"Accueil","item":"https:\/\/www.beitalhikma.tn\/fr\/"},{"@type":"ListItem","position":2,"name":"Boutique","item":"https:\/\/www.beitalhikma.tn\/fr\/boutique\/"},{"@type":"ListItem","position":3,"name":"Concepts et terminologies dans les arts en Tunisie"}]},{"@type":"WebSite","@id":"https:\/\/www.beitalhikma.tn\/#website","url":"https:\/\/www.beitalhikma.tn\/","name":"Beit al-Hikma","description":"L&#039;Acad\u00e9mie Tunisienne des Sciences, des Lettres  et des Arts","publisher":{"@id":"https:\/\/www.beitalhikma.tn\/#organization"},"potentialAction":[{"@type":"SearchAction","target":{"@type":"EntryPoint","urlTemplate":"https:\/\/www.beitalhikma.tn\/?s={search_term_string}"},"query-input":{"@type":"PropertyValueSpecification","valueRequired":true,"valueName":"search_term_string"}}],"inLanguage":"fr-FR"},{"@type":"Organization","@id":"https:\/\/www.beitalhikma.tn\/#organization","name":"Beit Al Hikma","url":"https:\/\/www.beitalhikma.tn\/","logo":{"@type":"ImageObject","inLanguage":"fr-FR","@id":"https:\/\/www.beitalhikma.tn\/#\/schema\/logo\/image\/","url":"https:\/\/www.beitalhikma.tn\/wp-content\/uploads\/2014\/11\/logo.png","contentUrl":"https:\/\/www.beitalhikma.tn\/wp-content\/uploads\/2014\/11\/logo.png","width":288,"height":109,"caption":"Beit Al Hikma"},"image":{"@id":"https:\/\/www.beitalhikma.tn\/#\/schema\/logo\/image\/"},"sameAs":["https:\/\/www.facebook.com\/BeitalhikmaTunisie\/","https:\/\/x.com\/Beit_alhikma_TN","https:\/\/www.youtube.com\/channel\/UCl8EfDXqt5MFfcEY0UYhevg"]}]}},"uagb_featured_image_src":{"full":["https:\/\/www.beitalhikma.tn\/wp-content\/uploads\/2022\/10\/admin-ajax-16.jpg",264,400,false],"thumbnail":["https:\/\/www.beitalhikma.tn\/wp-content\/uploads\/2022\/10\/admin-ajax-16-250x300.jpg",250,300,true],"medium":["https:\/\/www.beitalhikma.tn\/wp-content\/uploads\/2022\/10\/admin-ajax-16-198x300.jpg",198,300,true],"medium_large":["https:\/\/www.beitalhikma.tn\/wp-content\/uploads\/2022\/10\/admin-ajax-16.jpg",264,400,false],"large":["https:\/\/www.beitalhikma.tn\/wp-content\/uploads\/2022\/10\/admin-ajax-16.jpg",264,400,false],"thumblist":["https:\/\/www.beitalhikma.tn\/wp-content\/uploads\/2022\/10\/admin-ajax-16-264x300.jpg",264,300,true],"meccarouselthumb":["https:\/\/www.beitalhikma.tn\/wp-content\/uploads\/2022\/10\/admin-ajax-16-264x324.jpg",264,324,true],"gridsquare":["https:\/\/www.beitalhikma.tn\/wp-content\/uploads\/2022\/10\/admin-ajax-16-264x260.jpg",264,260,true],"tileview":["https:\/\/www.beitalhikma.tn\/wp-content\/uploads\/2022\/10\/admin-ajax-16.jpg",264,400,false],"1536x1536":["https:\/\/www.beitalhikma.tn\/wp-content\/uploads\/2022\/10\/admin-ajax-16.jpg",264,400,false],"2048x2048":["https:\/\/www.beitalhikma.tn\/wp-content\/uploads\/2022\/10\/admin-ajax-16.jpg",264,400,false],"post-thumbnail":["https:\/\/www.beitalhikma.tn\/wp-content\/uploads\/2022\/10\/admin-ajax-16-96x146.jpg",96,146,true],"50x50":["https:\/\/www.beitalhikma.tn\/wp-content\/uploads\/2022\/10\/admin-ajax-16-33x50.jpg",33,50,true],"portfolio-list":["https:\/\/www.beitalhikma.tn\/wp-content\/uploads\/2022\/10\/admin-ajax-16.jpg",264,400,false],"portfolio-fs":["https:\/\/www.beitalhikma.tn\/wp-content\/uploads\/2022\/10\/admin-ajax-16.jpg",264,400,false],"portfolio-slider":["https:\/\/www.beitalhikma.tn\/wp-content\/uploads\/2022\/10\/admin-ajax-16-264x380.jpg",264,380,true],"blog":["https:\/\/www.beitalhikma.tn\/wp-content\/uploads\/2022\/10\/admin-ajax-16-264x341.jpg",264,341,true],"blog-single":["https:\/\/www.beitalhikma.tn\/wp-content\/uploads\/2022\/10\/admin-ajax-16.jpg",264,400,false],"blog-item":["https:\/\/www.beitalhikma.tn\/wp-content\/uploads\/2022\/10\/admin-ajax-16-264x224.jpg",264,224,true],"blog-widget":["https:\/\/www.beitalhikma.tn\/wp-content\/uploads\/2022\/10\/admin-ajax-16-80x60.jpg",80,60,true],"features":["https:\/\/www.beitalhikma.tn\/wp-content\/uploads\/2022\/10\/admin-ajax-16-90x90.jpg",90,90,true],"clients-slider":["https:\/\/www.beitalhikma.tn\/wp-content\/uploads\/2022\/10\/admin-ajax-16-53x80.jpg",53,80,true],"offer-slider":["https:\/\/www.beitalhikma.tn\/wp-content\/uploads\/2022\/10\/admin-ajax-16.jpg",264,400,false],"offer-slider-pg":["https:\/\/www.beitalhikma.tn\/wp-content\/uploads\/2022\/10\/admin-ajax-16-42x42.jpg",42,42,true],"woocommerce_thumbnail":["https:\/\/www.beitalhikma.tn\/wp-content\/uploads\/2022\/10\/admin-ajax-16-250x300.jpg",250,300,true],"woocommerce_single":["https:\/\/www.beitalhikma.tn\/wp-content\/uploads\/2022\/10\/admin-ajax-16-250x379.jpg",250,379,true],"woocommerce_gallery_thumbnail":["https:\/\/www.beitalhikma.tn\/wp-content\/uploads\/2022\/10\/admin-ajax-16-100x100.jpg",100,100,true]},"uagb_author_info":{"display_name":"admin","author_link":"https:\/\/www.beitalhikma.tn\/fr\/author\/"},"uagb_comment_info":0,"uagb_excerpt":"Titre de l\u2019ouvrage :Concepts et terminologies dans les arts en Tunisie Ouvrage collectif\u00a0 Langue :Arabe - Fran\u00e7ais Date de parution : 2021 Format :\u00a016\u00d724 ISBN : 9789973492258 Nombre de pages :200 Th\u00e8me : : Art Poids : 400 gr Situation :\u00a0disponible","_links":{"self":[{"href":"https:\/\/www.beitalhikma.tn\/fr\/wp-json\/wp\/v2\/product\/98793","targetHints":{"allow":["GET"]}}],"collection":[{"href":"https:\/\/www.beitalhikma.tn\/fr\/wp-json\/wp\/v2\/product"}],"about":[{"href":"https:\/\/www.beitalhikma.tn\/fr\/wp-json\/wp\/v2\/types\/product"}],"wp:featuredmedia":[{"embeddable":true,"href":"https:\/\/www.beitalhikma.tn\/fr\/wp-json\/wp\/v2\/media\/98794"}],"wp:attachment":[{"href":"https:\/\/www.beitalhikma.tn\/fr\/wp-json\/wp\/v2\/media?parent=98793"}],"wp:term":[{"taxonomy":"product_brand","embeddable":true,"href":"https:\/\/www.beitalhikma.tn\/fr\/wp-json\/wp\/v2\/product_brand?post=98793"},{"taxonomy":"product_cat","embeddable":true,"href":"https:\/\/www.beitalhikma.tn\/fr\/wp-json\/wp\/v2\/product_cat?post=98793"},{"taxonomy":"product_tag","embeddable":true,"href":"https:\/\/www.beitalhikma.tn\/fr\/wp-json\/wp\/v2\/product_tag?post=98793"}],"curies":[{"name":"wp","href":"https:\/\/api.w.org\/{rel}","templated":true}]}}