{"id":98832,"date":"2022-10-14T14:14:22","date_gmt":"2022-10-14T13:14:22","guid":{"rendered":"https:\/\/www.beitalhikma.tn\/?post_type=product&#038;p=98832"},"modified":"2022-10-14T14:41:56","modified_gmt":"2022-10-14T13:41:56","slug":"la-vie-et-la-thermodynamique","status":"publish","type":"product","link":"https:\/\/www.beitalhikma.tn\/fr\/publication\/acces-boutique\/livres-en-vente\/la-vie-et-la-thermodynamique\/","title":{"rendered":"LA VIE ET LA THERMODYNAMIQUE"},"content":{"rendered":"<table>\n<tbody>\n<tr>\n<td width=\"604\">L&#8217;ouvrage s\u2019inscrit dans les publications scientifiques de l&#8217;Acad\u00e9mie tunisienne des sciences, des lettres et des arts, Beit al-Hikma.<\/p>\n<p>Il s\u2019agit, \u00e0 travers ce livre, de s\u2019int\u00e9resser \u00e0 la nature des transformations intellectuelles et scientifiques dict\u00e9es par la thermodynamique\u00a0; transformations li\u00e9es aux ph\u00e9nom\u00e8nes physiques, biologiques et cosmiques en g\u00e9n\u00e9ral.<\/p>\n<p>Selon l\u2019auteur, les lois de la thermodynamique influencent, au moyen du r\u00e9examen de nombreux postulats, la compr\u00e9hension de l\u2019ordre de l\u2019univers.<\/p>\n<p>Ces lois ont, \u00e9galement, permis de rectifier plusieurs concepts classiques et de r\u00e9soudre maintes probl\u00e9matiques li\u00e9es \u00e0 la complexification physique et biologique, offrant, ainsi, les conditions scientifiques n\u00e9cessaires \u00e0 la compr\u00e9hension des th\u00e9matiques de l&#8217;infini, de l&#8217;\u00e9nergie et de l&#8217;ordre de l&#8217;univers.<\/p>\n<p>Dans cet ordre d\u2019id\u00e9es, Dr Rafik Boukhris insiste sur le lien perp\u00e9tuel entre la dialectique philosophie-science. Gr\u00e2ce au caract\u00e8re probl\u00e9matique de la philosophie, les scientifiques \u00e9tudient toutes les questions, en qu\u00eate de v\u00e9rit\u00e9. Leur arme \u00e9tant la relativit\u00e9.<\/p>\n<p>De ce fait, l&#8217;auteur a soulign\u00e9 l&#8217;importance des th\u00e9ories de la relativit\u00e9 et des quanta, ainsi que la n\u00e9cessit\u00e9 de reconna\u00eetre les erreurs scientifiques et de les r\u00e9viser.<\/p>\n<p>Et c\u2019est gr\u00e2ce aux d\u00e9couvertes scientifiques, que se renouvelle la question philosophique, en phase avec la citation de L\u00e9onard De Vinci : \u00ab Le plus noble des plaisirs est la joie de comprendre\u00a0\u00bb, \u00e0 laquelle se r\u00e9f\u00e8re l\u2019auteur, en pr\u00e9lude de l\u2019ouvrage,\u00a0pour distinguer, d\u2019une part, entre les porteurs d\u2019une conscience probl\u00e9matique en \u00e9tat de questionnement constant et, d\u2019autre part, les esprits dogmatiques qui se d\u00e9sint\u00e9ressent des questions existentielles et cosmologiques et qui se r\u00e9voltent contre les avides de questionnements.<\/p>\n<p>Dans cet ordre d\u2019id\u00e9es, Dr Rafik Boukhris insiste sur le lien perp\u00e9tuel entre la dialectique philosophie-science. Gr\u00e2ce au caract\u00e8re probl\u00e9matique de la philosophie, les scientifiques \u00e9tudient toutes les questions, en qu\u00eate de v\u00e9rit\u00e9. Leur arme \u00e9tant la relativit\u00e9.<\/p>\n<p>De ce fait, l&#8217;auteur a soulign\u00e9 l&#8217;importance des th\u00e9ories de la relativit\u00e9 et des quanta, ainsi que la n\u00e9cessit\u00e9 de reconna\u00eetre les erreurs scientifiques et de les r\u00e9viser.<\/p>\n<p>Et c\u2019est gr\u00e2ce aux d\u00e9couvertes scientifiques, que se renouvelle la question philosophique, en phase avec la citation de L\u00e9onard De Vinci : \u00ab Le plus noble des plaisirs est la joie de comprendre\u00a0\u00bb, \u00e0 laquelle se r\u00e9f\u00e8re l\u2019auteur, en pr\u00e9lude de l\u2019ouvrage,\u00a0pour distinguer, d\u2019une part, entre les porteurs d\u2019une conscience probl\u00e9matique en \u00e9tat de questionnement constant et, d\u2019autre part, les esprits dogmatiques qui se d\u00e9sint\u00e9ressent des questions existentielles et cosmologiques et qui se r\u00e9voltent contre les avides de questionnements<\/td>\n<\/tr>\n<\/tbody>\n<\/table>\n","protected":false},"excerpt":{"rendered":"<ul>\n<li style=\"text-align: left;\"><strong>Titre : LA VIE ET LA THERMODYNAMIQUE<\/strong><\/li>\n<li style=\"text-align: left;\"><b>Auteur : Rafik boukhris<\/b><\/li>\n<li style=\"text-align: left;\"><strong>Langue : <\/strong>Fran\u00e7aise<\/li>\n<li style=\"text-align: left;\"><strong>Date de publication<\/strong> : 2022<\/li>\n<li style=\"text-align: left;\"><strong>Format\u00a0:<\/strong> 24 x 16<\/li>\n<li style=\"text-align: left;\"><strong>Nombre de pages :358<\/strong><\/li>\n<li style=\"text-align: left;\"><strong>Th\u00e8me:<\/strong>scientifique<\/li>\n<li style=\"text-align: left;\"><strong>Poids :<\/strong>500 gr<\/li>\n<li style=\"text-align: left;\"><strong>Situation:<\/strong>disponible<\/li>\n<\/ul>\n","protected":false},"featured_media":98833,"template":"","meta":{"_uag_custom_page_level_css":""},"product_brand":[],"product_cat":[11],"product_tag":[],"class_list":{"0":"post-98832","1":"product","2":"type-product","3":"status-publish","4":"has-post-thumbnail","6":"product_cat-livres-en-vente","8":"first","9":"instock","10":"sale","11":"shipping-taxable","12":"purchasable","13":"product-type-simple"},"yoast_head":"<!-- This site is optimized with the Yoast SEO plugin v27.4 - https:\/\/yoast.com\/product\/yoast-seo-wordpress\/ -->\n<title>LA VIE ET LA THERMODYNAMIQUE - Beit al-Hikma<\/title>\n<meta name=\"robots\" content=\"index, follow, max-snippet:-1, max-image-preview:large, max-video-preview:-1\" \/>\n<link rel=\"canonical\" href=\"https:\/\/www.beitalhikma.tn\/fr\/publication\/acces-boutique\/livres-en-vente\/la-vie-et-la-thermodynamique\/\" \/>\n<meta property=\"og:locale\" content=\"fr_FR\" \/>\n<meta property=\"og:type\" content=\"article\" \/>\n<meta property=\"og:title\" content=\"LA VIE ET LA THERMODYNAMIQUE - Beit al-Hikma\" \/>\n<meta property=\"og:description\" content=\"Titre : LA VIE ET LA THERMODYNAMIQUE  Auteur : Rafik boukhris  Langue : Fran\u00e7aise  Date de publication : 2022  Format\u00a0: 24 x 16  Nombre de pages :358  Th\u00e8me:scientifique  Poids :500 gr  Situation:disponible\" \/>\n<meta property=\"og:url\" content=\"https:\/\/www.beitalhikma.tn\/fr\/publication\/acces-boutique\/livres-en-vente\/la-vie-et-la-thermodynamique\/\" \/>\n<meta property=\"og:site_name\" content=\"Beit al-Hikma\" \/>\n<meta property=\"article:publisher\" content=\"https:\/\/www.facebook.com\/BeitalhikmaTunisie\/\" \/>\n<meta property=\"article:modified_time\" content=\"2022-10-14T13:41:56+00:00\" \/>\n<meta property=\"og:image\" content=\"https:\/\/www.beitalhikma.tn\/wp-content\/uploads\/2022\/10\/admin-ajax-19.jpg\" \/>\n\t<meta property=\"og:image:width\" content=\"263\" \/>\n\t<meta property=\"og:image:height\" content=\"400\" \/>\n\t<meta property=\"og:image:type\" content=\"image\/jpeg\" \/>\n<meta name=\"twitter:card\" content=\"summary_large_image\" \/>\n<meta name=\"twitter:site\" content=\"@Beit_alhikma_TN\" \/>\n<meta name=\"twitter:label1\" content=\"Dur\u00e9e de lecture estim\u00e9e\" \/>\n\t<meta name=\"twitter:data1\" content=\"3 minutes\" \/>\n<script type=\"application\/ld+json\" class=\"yoast-schema-graph\">{\"@context\":\"https:\\\/\\\/schema.org\",\"@graph\":[{\"@type\":\"WebPage\",\"@id\":\"https:\\\/\\\/www.beitalhikma.tn\\\/fr\\\/publication\\\/acces-boutique\\\/livres-en-vente\\\/la-vie-et-la-thermodynamique\\\/\",\"url\":\"https:\\\/\\\/www.beitalhikma.tn\\\/fr\\\/publication\\\/acces-boutique\\\/livres-en-vente\\\/la-vie-et-la-thermodynamique\\\/\",\"name\":\"LA VIE ET LA THERMODYNAMIQUE - Beit al-Hikma\",\"isPartOf\":{\"@id\":\"https:\\\/\\\/www.beitalhikma.tn\\\/#website\"},\"primaryImageOfPage\":{\"@id\":\"https:\\\/\\\/www.beitalhikma.tn\\\/fr\\\/publication\\\/acces-boutique\\\/livres-en-vente\\\/la-vie-et-la-thermodynamique\\\/#primaryimage\"},\"image\":{\"@id\":\"https:\\\/\\\/www.beitalhikma.tn\\\/fr\\\/publication\\\/acces-boutique\\\/livres-en-vente\\\/la-vie-et-la-thermodynamique\\\/#primaryimage\"},\"thumbnailUrl\":\"https:\\\/\\\/www.beitalhikma.tn\\\/wp-content\\\/uploads\\\/2022\\\/10\\\/admin-ajax-19.jpg\",\"datePublished\":\"2022-10-14T13:14:22+00:00\",\"dateModified\":\"2022-10-14T13:41:56+00:00\",\"breadcrumb\":{\"@id\":\"https:\\\/\\\/www.beitalhikma.tn\\\/fr\\\/publication\\\/acces-boutique\\\/livres-en-vente\\\/la-vie-et-la-thermodynamique\\\/#breadcrumb\"},\"inLanguage\":\"fr-FR\",\"potentialAction\":[{\"@type\":\"ReadAction\",\"target\":[\"https:\\\/\\\/www.beitalhikma.tn\\\/fr\\\/publication\\\/acces-boutique\\\/livres-en-vente\\\/la-vie-et-la-thermodynamique\\\/\"]}]},{\"@type\":\"ImageObject\",\"inLanguage\":\"fr-FR\",\"@id\":\"https:\\\/\\\/www.beitalhikma.tn\\\/fr\\\/publication\\\/acces-boutique\\\/livres-en-vente\\\/la-vie-et-la-thermodynamique\\\/#primaryimage\",\"url\":\"https:\\\/\\\/www.beitalhikma.tn\\\/wp-content\\\/uploads\\\/2022\\\/10\\\/admin-ajax-19.jpg\",\"contentUrl\":\"https:\\\/\\\/www.beitalhikma.tn\\\/wp-content\\\/uploads\\\/2022\\\/10\\\/admin-ajax-19.jpg\",\"width\":263,\"height\":400},{\"@type\":\"BreadcrumbList\",\"@id\":\"https:\\\/\\\/www.beitalhikma.tn\\\/fr\\\/publication\\\/acces-boutique\\\/livres-en-vente\\\/la-vie-et-la-thermodynamique\\\/#breadcrumb\",\"itemListElement\":[{\"@type\":\"ListItem\",\"position\":1,\"name\":\"Accueil\",\"item\":\"https:\\\/\\\/www.beitalhikma.tn\\\/fr\\\/\"},{\"@type\":\"ListItem\",\"position\":2,\"name\":\"Boutique\",\"item\":\"https:\\\/\\\/www.beitalhikma.tn\\\/fr\\\/boutique\\\/\"},{\"@type\":\"ListItem\",\"position\":3,\"name\":\"LA VIE ET LA THERMODYNAMIQUE\"}]},{\"@type\":\"WebSite\",\"@id\":\"https:\\\/\\\/www.beitalhikma.tn\\\/#website\",\"url\":\"https:\\\/\\\/www.beitalhikma.tn\\\/\",\"name\":\"Beit al-Hikma\",\"description\":\"L&#039;Acad\u00e9mie Tunisienne des Sciences, des Lettres  et des Arts\",\"publisher\":{\"@id\":\"https:\\\/\\\/www.beitalhikma.tn\\\/#organization\"},\"potentialAction\":[{\"@type\":\"SearchAction\",\"target\":{\"@type\":\"EntryPoint\",\"urlTemplate\":\"https:\\\/\\\/www.beitalhikma.tn\\\/?s={search_term_string}\"},\"query-input\":{\"@type\":\"PropertyValueSpecification\",\"valueRequired\":true,\"valueName\":\"search_term_string\"}}],\"inLanguage\":\"fr-FR\"},{\"@type\":\"Organization\",\"@id\":\"https:\\\/\\\/www.beitalhikma.tn\\\/#organization\",\"name\":\"Beit Al Hikma\",\"url\":\"https:\\\/\\\/www.beitalhikma.tn\\\/\",\"logo\":{\"@type\":\"ImageObject\",\"inLanguage\":\"fr-FR\",\"@id\":\"https:\\\/\\\/www.beitalhikma.tn\\\/#\\\/schema\\\/logo\\\/image\\\/\",\"url\":\"https:\\\/\\\/www.beitalhikma.tn\\\/wp-content\\\/uploads\\\/2014\\\/11\\\/logo.png\",\"contentUrl\":\"https:\\\/\\\/www.beitalhikma.tn\\\/wp-content\\\/uploads\\\/2014\\\/11\\\/logo.png\",\"width\":288,\"height\":109,\"caption\":\"Beit Al Hikma\"},\"image\":{\"@id\":\"https:\\\/\\\/www.beitalhikma.tn\\\/#\\\/schema\\\/logo\\\/image\\\/\"},\"sameAs\":[\"https:\\\/\\\/www.facebook.com\\\/BeitalhikmaTunisie\\\/\",\"https:\\\/\\\/x.com\\\/Beit_alhikma_TN\",\"https:\\\/\\\/www.youtube.com\\\/channel\\\/UCl8EfDXqt5MFfcEY0UYhevg\"]}]}<\/script>\n<!-- \/ Yoast SEO plugin. -->","yoast_head_json":{"title":"LA VIE ET LA THERMODYNAMIQUE - Beit al-Hikma","robots":{"index":"index","follow":"follow","max-snippet":"max-snippet:-1","max-image-preview":"max-image-preview:large","max-video-preview":"max-video-preview:-1"},"canonical":"https:\/\/www.beitalhikma.tn\/fr\/publication\/acces-boutique\/livres-en-vente\/la-vie-et-la-thermodynamique\/","og_locale":"fr_FR","og_type":"article","og_title":"LA VIE ET LA THERMODYNAMIQUE - Beit al-Hikma","og_description":"Titre : LA VIE ET LA THERMODYNAMIQUE  Auteur : Rafik boukhris  Langue : Fran\u00e7aise  Date de publication : 2022  Format\u00a0: 24 x 16  Nombre de pages :358  Th\u00e8me:scientifique  Poids :500 gr  Situation:disponible","og_url":"https:\/\/www.beitalhikma.tn\/fr\/publication\/acces-boutique\/livres-en-vente\/la-vie-et-la-thermodynamique\/","og_site_name":"Beit al-Hikma","article_publisher":"https:\/\/www.facebook.com\/BeitalhikmaTunisie\/","article_modified_time":"2022-10-14T13:41:56+00:00","og_image":[{"width":263,"height":400,"url":"https:\/\/www.beitalhikma.tn\/wp-content\/uploads\/2022\/10\/admin-ajax-19.jpg","type":"image\/jpeg"}],"twitter_card":"summary_large_image","twitter_site":"@Beit_alhikma_TN","twitter_misc":{"Dur\u00e9e de lecture estim\u00e9e":"3 minutes"},"schema":{"@context":"https:\/\/schema.org","@graph":[{"@type":"WebPage","@id":"https:\/\/www.beitalhikma.tn\/fr\/publication\/acces-boutique\/livres-en-vente\/la-vie-et-la-thermodynamique\/","url":"https:\/\/www.beitalhikma.tn\/fr\/publication\/acces-boutique\/livres-en-vente\/la-vie-et-la-thermodynamique\/","name":"LA VIE ET LA THERMODYNAMIQUE - Beit al-Hikma","isPartOf":{"@id":"https:\/\/www.beitalhikma.tn\/#website"},"primaryImageOfPage":{"@id":"https:\/\/www.beitalhikma.tn\/fr\/publication\/acces-boutique\/livres-en-vente\/la-vie-et-la-thermodynamique\/#primaryimage"},"image":{"@id":"https:\/\/www.beitalhikma.tn\/fr\/publication\/acces-boutique\/livres-en-vente\/la-vie-et-la-thermodynamique\/#primaryimage"},"thumbnailUrl":"https:\/\/www.beitalhikma.tn\/wp-content\/uploads\/2022\/10\/admin-ajax-19.jpg","datePublished":"2022-10-14T13:14:22+00:00","dateModified":"2022-10-14T13:41:56+00:00","breadcrumb":{"@id":"https:\/\/www.beitalhikma.tn\/fr\/publication\/acces-boutique\/livres-en-vente\/la-vie-et-la-thermodynamique\/#breadcrumb"},"inLanguage":"fr-FR","potentialAction":[{"@type":"ReadAction","target":["https:\/\/www.beitalhikma.tn\/fr\/publication\/acces-boutique\/livres-en-vente\/la-vie-et-la-thermodynamique\/"]}]},{"@type":"ImageObject","inLanguage":"fr-FR","@id":"https:\/\/www.beitalhikma.tn\/fr\/publication\/acces-boutique\/livres-en-vente\/la-vie-et-la-thermodynamique\/#primaryimage","url":"https:\/\/www.beitalhikma.tn\/wp-content\/uploads\/2022\/10\/admin-ajax-19.jpg","contentUrl":"https:\/\/www.beitalhikma.tn\/wp-content\/uploads\/2022\/10\/admin-ajax-19.jpg","width":263,"height":400},{"@type":"BreadcrumbList","@id":"https:\/\/www.beitalhikma.tn\/fr\/publication\/acces-boutique\/livres-en-vente\/la-vie-et-la-thermodynamique\/#breadcrumb","itemListElement":[{"@type":"ListItem","position":1,"name":"Accueil","item":"https:\/\/www.beitalhikma.tn\/fr\/"},{"@type":"ListItem","position":2,"name":"Boutique","item":"https:\/\/www.beitalhikma.tn\/fr\/boutique\/"},{"@type":"ListItem","position":3,"name":"LA VIE ET LA THERMODYNAMIQUE"}]},{"@type":"WebSite","@id":"https:\/\/www.beitalhikma.tn\/#website","url":"https:\/\/www.beitalhikma.tn\/","name":"Beit al-Hikma","description":"L&#039;Acad\u00e9mie Tunisienne des Sciences, des Lettres  et des Arts","publisher":{"@id":"https:\/\/www.beitalhikma.tn\/#organization"},"potentialAction":[{"@type":"SearchAction","target":{"@type":"EntryPoint","urlTemplate":"https:\/\/www.beitalhikma.tn\/?s={search_term_string}"},"query-input":{"@type":"PropertyValueSpecification","valueRequired":true,"valueName":"search_term_string"}}],"inLanguage":"fr-FR"},{"@type":"Organization","@id":"https:\/\/www.beitalhikma.tn\/#organization","name":"Beit Al Hikma","url":"https:\/\/www.beitalhikma.tn\/","logo":{"@type":"ImageObject","inLanguage":"fr-FR","@id":"https:\/\/www.beitalhikma.tn\/#\/schema\/logo\/image\/","url":"https:\/\/www.beitalhikma.tn\/wp-content\/uploads\/2014\/11\/logo.png","contentUrl":"https:\/\/www.beitalhikma.tn\/wp-content\/uploads\/2014\/11\/logo.png","width":288,"height":109,"caption":"Beit Al Hikma"},"image":{"@id":"https:\/\/www.beitalhikma.tn\/#\/schema\/logo\/image\/"},"sameAs":["https:\/\/www.facebook.com\/BeitalhikmaTunisie\/","https:\/\/x.com\/Beit_alhikma_TN","https:\/\/www.youtube.com\/channel\/UCl8EfDXqt5MFfcEY0UYhevg"]}]}},"uagb_featured_image_src":{"full":["https:\/\/www.beitalhikma.tn\/wp-content\/uploads\/2022\/10\/admin-ajax-19.jpg",263,400,false],"thumbnail":["https:\/\/www.beitalhikma.tn\/wp-content\/uploads\/2022\/10\/admin-ajax-19-250x300.jpg",250,300,true],"medium":["https:\/\/www.beitalhikma.tn\/wp-content\/uploads\/2022\/10\/admin-ajax-19-197x300.jpg",197,300,true],"medium_large":["https:\/\/www.beitalhikma.tn\/wp-content\/uploads\/2022\/10\/admin-ajax-19.jpg",263,400,false],"large":["https:\/\/www.beitalhikma.tn\/wp-content\/uploads\/2022\/10\/admin-ajax-19.jpg",263,400,false],"thumblist":["https:\/\/www.beitalhikma.tn\/wp-content\/uploads\/2022\/10\/admin-ajax-19-263x300.jpg",263,300,true],"meccarouselthumb":["https:\/\/www.beitalhikma.tn\/wp-content\/uploads\/2022\/10\/admin-ajax-19-263x324.jpg",263,324,true],"gridsquare":["https:\/\/www.beitalhikma.tn\/wp-content\/uploads\/2022\/10\/admin-ajax-19-263x260.jpg",263,260,true],"tileview":["https:\/\/www.beitalhikma.tn\/wp-content\/uploads\/2022\/10\/admin-ajax-19.jpg",263,400,false],"1536x1536":["https:\/\/www.beitalhikma.tn\/wp-content\/uploads\/2022\/10\/admin-ajax-19.jpg",263,400,false],"2048x2048":["https:\/\/www.beitalhikma.tn\/wp-content\/uploads\/2022\/10\/admin-ajax-19.jpg",263,400,false],"post-thumbnail":["https:\/\/www.beitalhikma.tn\/wp-content\/uploads\/2022\/10\/admin-ajax-19-96x146.jpg",96,146,true],"50x50":["https:\/\/www.beitalhikma.tn\/wp-content\/uploads\/2022\/10\/admin-ajax-19-33x50.jpg",33,50,true],"portfolio-list":["https:\/\/www.beitalhikma.tn\/wp-content\/uploads\/2022\/10\/admin-ajax-19.jpg",263,400,false],"portfolio-fs":["https:\/\/www.beitalhikma.tn\/wp-content\/uploads\/2022\/10\/admin-ajax-19.jpg",263,400,false],"portfolio-slider":["https:\/\/www.beitalhikma.tn\/wp-content\/uploads\/2022\/10\/admin-ajax-19-263x380.jpg",263,380,true],"blog":["https:\/\/www.beitalhikma.tn\/wp-content\/uploads\/2022\/10\/admin-ajax-19-263x341.jpg",263,341,true],"blog-single":["https:\/\/www.beitalhikma.tn\/wp-content\/uploads\/2022\/10\/admin-ajax-19.jpg",263,400,false],"blog-item":["https:\/\/www.beitalhikma.tn\/wp-content\/uploads\/2022\/10\/admin-ajax-19-263x224.jpg",263,224,true],"blog-widget":["https:\/\/www.beitalhikma.tn\/wp-content\/uploads\/2022\/10\/admin-ajax-19-80x60.jpg",80,60,true],"features":["https:\/\/www.beitalhikma.tn\/wp-content\/uploads\/2022\/10\/admin-ajax-19-90x90.jpg",90,90,true],"clients-slider":["https:\/\/www.beitalhikma.tn\/wp-content\/uploads\/2022\/10\/admin-ajax-19-53x80.jpg",53,80,true],"offer-slider":["https:\/\/www.beitalhikma.tn\/wp-content\/uploads\/2022\/10\/admin-ajax-19.jpg",263,400,false],"offer-slider-pg":["https:\/\/www.beitalhikma.tn\/wp-content\/uploads\/2022\/10\/admin-ajax-19-42x42.jpg",42,42,true],"woocommerce_thumbnail":["https:\/\/www.beitalhikma.tn\/wp-content\/uploads\/2022\/10\/admin-ajax-19-250x300.jpg",250,300,true],"woocommerce_single":["https:\/\/www.beitalhikma.tn\/wp-content\/uploads\/2022\/10\/admin-ajax-19-250x380.jpg",250,380,true],"woocommerce_gallery_thumbnail":["https:\/\/www.beitalhikma.tn\/wp-content\/uploads\/2022\/10\/admin-ajax-19-100x100.jpg",100,100,true]},"uagb_author_info":{"display_name":"admin","author_link":"https:\/\/www.beitalhikma.tn\/fr\/author\/"},"uagb_comment_info":0,"uagb_excerpt":"Titre : LA VIE ET LA THERMODYNAMIQUE Auteur : Rafik boukhris Langue : Fran\u00e7aise Date de publication : 2022 Format\u00a0: 24 x 16 Nombre de pages :358 Th\u00e8me:scientifique Poids :500 gr Situation:disponible","_links":{"self":[{"href":"https:\/\/www.beitalhikma.tn\/fr\/wp-json\/wp\/v2\/product\/98832","targetHints":{"allow":["GET"]}}],"collection":[{"href":"https:\/\/www.beitalhikma.tn\/fr\/wp-json\/wp\/v2\/product"}],"about":[{"href":"https:\/\/www.beitalhikma.tn\/fr\/wp-json\/wp\/v2\/types\/product"}],"wp:featuredmedia":[{"embeddable":true,"href":"https:\/\/www.beitalhikma.tn\/fr\/wp-json\/wp\/v2\/media\/98833"}],"wp:attachment":[{"href":"https:\/\/www.beitalhikma.tn\/fr\/wp-json\/wp\/v2\/media?parent=98832"}],"wp:term":[{"taxonomy":"product_brand","embeddable":true,"href":"https:\/\/www.beitalhikma.tn\/fr\/wp-json\/wp\/v2\/product_brand?post=98832"},{"taxonomy":"product_cat","embeddable":true,"href":"https:\/\/www.beitalhikma.tn\/fr\/wp-json\/wp\/v2\/product_cat?post=98832"},{"taxonomy":"product_tag","embeddable":true,"href":"https:\/\/www.beitalhikma.tn\/fr\/wp-json\/wp\/v2\/product_tag?post=98832"}],"curies":[{"name":"wp","href":"https:\/\/api.w.org\/{rel}","templated":true}]}}