{"id":98950,"date":"2022-10-18T14:25:51","date_gmt":"2022-10-18T13:25:51","guid":{"rendered":"https:\/\/www.beitalhikma.tn\/?post_type=product&#038;p=98950"},"modified":"2024-03-11T03:19:42","modified_gmt":"2024-03-11T02:19:42","slug":"la-plume-vagabonde-dune-rive-a-lautre-dune-culture-a-lautrelouvrage-est-un-ensemble-de-textes-litteraires-et-darticles-divers-dans-lesquels-l","status":"publish","type":"product","link":"https:\/\/www.beitalhikma.tn\/fr\/publication\/acces-boutique\/livres-en-vente\/la-plume-vagabonde-dune-rive-a-lautre-dune-culture-a-lautrelouvrage-est-un-ensemble-de-textes-litteraires-et-darticles-divers-dans-lesquels-l\/","title":{"rendered":"LA PLUME VAGABONDE : D\u2019une rive \u00e0 l\u2019autre, d\u2019une culture \u00e0 l\u2019autre"},"content":{"rendered":"<p>L\u2019ouvrage est un ensemble de textes litt\u00e9raires et d\u2019articles divers, dans lesquels l\u2019auteure traite de l\u2019importance du projet culturel tunisien, aux niveaux r\u00e9gional et international, \u00e0 travers la valorisation des grandes figures tunisiennes dans les domaines de l\u2019histoire, des arts et de la cr\u00e9ativit\u00e9.<\/p>\n<p>Le contenu s\u2019attarde sur la lutte des femmes tunisiennes, les enjeux d\u00e9mocratiques, ainsi que sur les d\u00e9fis actuels auxquels fait face la soci\u00e9t\u00e9 tunisienne. De nombreux \u00e9crits y sont pr\u00e9sent\u00e9s, \u00e0 la m\u00e9moire de personnages influents dans divers cercles culturels.<\/p>\n<p>Certains articles et certaines interviews (donn\u00e9es par l\u2019auteure) d\u00e9voilent la position de cette derni\u00e8re quant \u00e0 des questions d\u2019int\u00e9r\u00eat public, \u00e0 son parcours scientifique, \u00e0 ses publications, \u00e0 sa carri\u00e8re, ainsi qu\u2019\u00e0 son histoire personnelle, en citant, notamment, sa s\u0153ur feu Kalthoum Bornaz, qui appartient \u00e0 la premi\u00e8re g\u00e9n\u00e9ration de femmes cin\u00e9astes en Tunisie, et qu\u2019elle d\u00e9finit comme une \u00e9toile \u00e0 la recherche du fil perdu.<\/p>\n<p>&nbsp;<\/p>\n","protected":false},"excerpt":{"rendered":"<ul>\n<li style=\"text-align: left;\"><strong>Titre : LA PLUME VAGABONDE : D&#8217;une rive \u00e0 l&#8217;autre, d&#8217;une culture \u00e0 l&#8217;autre<\/strong><\/li>\n<li style=\"text-align: left;\"><strong>Auteur<\/strong>\u00a0 : Alia Baccar Bornaz<\/li>\n<li style=\"text-align: left;\"><strong>Langue : <\/strong>Fran\u00e7aise<\/li>\n<li style=\"text-align: left;\"><strong>Date de publication<\/strong> : 2022<\/li>\n<li style=\"text-align: left;\"><strong>Format\u00a0:<\/strong> 24 x 16<\/li>\n<li style=\"text-align: left;\"><strong>Nombre de pages :<\/strong>343<\/li>\n<li style=\"text-align: left;\"><strong>Th\u00e8me:<\/strong>Textes divers<\/li>\n<li style=\"text-align: left;\"><strong>Poids :<\/strong>500 gr<\/li>\n<li style=\"text-align: left;\"><strong>Situation:<\/strong>disponible<\/li>\n<li style=\"text-align: left;\"><\/li>\n<\/ul>\n","protected":false},"featured_media":98951,"template":"","meta":{"_uag_custom_page_level_css":""},"product_brand":[],"product_cat":[11],"product_tag":[],"class_list":{"0":"post-98950","1":"product","2":"type-product","3":"status-publish","4":"has-post-thumbnail","6":"product_cat-livres-en-vente","8":"first","9":"instock","10":"sale","11":"shipping-taxable","12":"purchasable","13":"product-type-simple"},"yoast_head":"<!-- This site is optimized with the Yoast SEO plugin v27.3 - https:\/\/yoast.com\/product\/yoast-seo-wordpress\/ -->\n<title>LA PLUME VAGABONDE : D\u2019une rive \u00e0 l\u2019autre, d\u2019une culture \u00e0 l\u2019autre - Beit al-Hikma<\/title>\n<meta name=\"robots\" content=\"index, follow, max-snippet:-1, max-image-preview:large, max-video-preview:-1\" \/>\n<link rel=\"canonical\" href=\"https:\/\/www.beitalhikma.tn\/fr\/publication\/acces-boutique\/livres-en-vente\/la-plume-vagabonde-dune-rive-a-lautre-dune-culture-a-lautrelouvrage-est-un-ensemble-de-textes-litteraires-et-darticles-divers-dans-lesquels-l\/\" \/>\n<meta property=\"og:locale\" content=\"fr_FR\" \/>\n<meta property=\"og:type\" content=\"article\" \/>\n<meta property=\"og:title\" content=\"LA PLUME VAGABONDE : D\u2019une rive \u00e0 l\u2019autre, d\u2019une culture \u00e0 l\u2019autre - Beit al-Hikma\" \/>\n<meta property=\"og:description\" content=\"Titre : LA PLUME VAGABONDE : D&#039;une rive \u00e0 l&#039;autre, d&#039;une culture \u00e0 l&#039;autre  Auteur\u00a0 : Alia Baccar Bornaz  Langue : Fran\u00e7aise  Date de publication : 2022  Format\u00a0: 24 x 16  Nombre de pages :343  Th\u00e8me:Textes divers  Poids :500 gr  Situation:disponible\" \/>\n<meta property=\"og:url\" content=\"https:\/\/www.beitalhikma.tn\/fr\/publication\/acces-boutique\/livres-en-vente\/la-plume-vagabonde-dune-rive-a-lautre-dune-culture-a-lautrelouvrage-est-un-ensemble-de-textes-litteraires-et-darticles-divers-dans-lesquels-l\/\" \/>\n<meta property=\"og:site_name\" content=\"Beit al-Hikma\" \/>\n<meta property=\"article:publisher\" content=\"https:\/\/www.facebook.com\/BeitalhikmaTunisie\/\" \/>\n<meta property=\"article:modified_time\" content=\"2024-03-11T02:19:42+00:00\" \/>\n<meta property=\"og:image\" content=\"https:\/\/www.beitalhikma.tn\/wp-content\/uploads\/2022\/10\/admin-ajax-20.jpg\" \/>\n\t<meta property=\"og:image:width\" content=\"264\" \/>\n\t<meta property=\"og:image:height\" content=\"400\" \/>\n\t<meta property=\"og:image:type\" content=\"image\/jpeg\" \/>\n<meta name=\"twitter:card\" content=\"summary_large_image\" \/>\n<meta name=\"twitter:site\" content=\"@Beit_alhikma_TN\" \/>\n<meta name=\"twitter:label1\" content=\"Dur\u00e9e de lecture estim\u00e9e\" \/>\n\t<meta name=\"twitter:data1\" content=\"1 minute\" \/>\n<script type=\"application\/ld+json\" class=\"yoast-schema-graph\">{\"@context\":\"https:\\\/\\\/schema.org\",\"@graph\":[{\"@type\":\"WebPage\",\"@id\":\"https:\\\/\\\/www.beitalhikma.tn\\\/fr\\\/publication\\\/acces-boutique\\\/livres-en-vente\\\/la-plume-vagabonde-dune-rive-a-lautre-dune-culture-a-lautrelouvrage-est-un-ensemble-de-textes-litteraires-et-darticles-divers-dans-lesquels-l\\\/\",\"url\":\"https:\\\/\\\/www.beitalhikma.tn\\\/fr\\\/publication\\\/acces-boutique\\\/livres-en-vente\\\/la-plume-vagabonde-dune-rive-a-lautre-dune-culture-a-lautrelouvrage-est-un-ensemble-de-textes-litteraires-et-darticles-divers-dans-lesquels-l\\\/\",\"name\":\"LA PLUME VAGABONDE : D\u2019une rive \u00e0 l\u2019autre, d\u2019une culture \u00e0 l\u2019autre - Beit al-Hikma\",\"isPartOf\":{\"@id\":\"https:\\\/\\\/www.beitalhikma.tn\\\/#website\"},\"primaryImageOfPage\":{\"@id\":\"https:\\\/\\\/www.beitalhikma.tn\\\/fr\\\/publication\\\/acces-boutique\\\/livres-en-vente\\\/la-plume-vagabonde-dune-rive-a-lautre-dune-culture-a-lautrelouvrage-est-un-ensemble-de-textes-litteraires-et-darticles-divers-dans-lesquels-l\\\/#primaryimage\"},\"image\":{\"@id\":\"https:\\\/\\\/www.beitalhikma.tn\\\/fr\\\/publication\\\/acces-boutique\\\/livres-en-vente\\\/la-plume-vagabonde-dune-rive-a-lautre-dune-culture-a-lautrelouvrage-est-un-ensemble-de-textes-litteraires-et-darticles-divers-dans-lesquels-l\\\/#primaryimage\"},\"thumbnailUrl\":\"https:\\\/\\\/www.beitalhikma.tn\\\/wp-content\\\/uploads\\\/2022\\\/10\\\/admin-ajax-20.jpg\",\"datePublished\":\"2022-10-18T13:25:51+00:00\",\"dateModified\":\"2024-03-11T02:19:42+00:00\",\"breadcrumb\":{\"@id\":\"https:\\\/\\\/www.beitalhikma.tn\\\/fr\\\/publication\\\/acces-boutique\\\/livres-en-vente\\\/la-plume-vagabonde-dune-rive-a-lautre-dune-culture-a-lautrelouvrage-est-un-ensemble-de-textes-litteraires-et-darticles-divers-dans-lesquels-l\\\/#breadcrumb\"},\"inLanguage\":\"fr-FR\",\"potentialAction\":[{\"@type\":\"ReadAction\",\"target\":[\"https:\\\/\\\/www.beitalhikma.tn\\\/fr\\\/publication\\\/acces-boutique\\\/livres-en-vente\\\/la-plume-vagabonde-dune-rive-a-lautre-dune-culture-a-lautrelouvrage-est-un-ensemble-de-textes-litteraires-et-darticles-divers-dans-lesquels-l\\\/\"]}]},{\"@type\":\"ImageObject\",\"inLanguage\":\"fr-FR\",\"@id\":\"https:\\\/\\\/www.beitalhikma.tn\\\/fr\\\/publication\\\/acces-boutique\\\/livres-en-vente\\\/la-plume-vagabonde-dune-rive-a-lautre-dune-culture-a-lautrelouvrage-est-un-ensemble-de-textes-litteraires-et-darticles-divers-dans-lesquels-l\\\/#primaryimage\",\"url\":\"https:\\\/\\\/www.beitalhikma.tn\\\/wp-content\\\/uploads\\\/2022\\\/10\\\/admin-ajax-20.jpg\",\"contentUrl\":\"https:\\\/\\\/www.beitalhikma.tn\\\/wp-content\\\/uploads\\\/2022\\\/10\\\/admin-ajax-20.jpg\",\"width\":264,\"height\":400},{\"@type\":\"BreadcrumbList\",\"@id\":\"https:\\\/\\\/www.beitalhikma.tn\\\/fr\\\/publication\\\/acces-boutique\\\/livres-en-vente\\\/la-plume-vagabonde-dune-rive-a-lautre-dune-culture-a-lautrelouvrage-est-un-ensemble-de-textes-litteraires-et-darticles-divers-dans-lesquels-l\\\/#breadcrumb\",\"itemListElement\":[{\"@type\":\"ListItem\",\"position\":1,\"name\":\"Accueil\",\"item\":\"https:\\\/\\\/www.beitalhikma.tn\\\/fr\\\/\"},{\"@type\":\"ListItem\",\"position\":2,\"name\":\"Boutique\",\"item\":\"https:\\\/\\\/www.beitalhikma.tn\\\/fr\\\/boutique\\\/\"},{\"@type\":\"ListItem\",\"position\":3,\"name\":\"LA PLUME VAGABONDE : D\u2019une rive \u00e0 l\u2019autre, d\u2019une culture \u00e0 l\u2019autre\"}]},{\"@type\":\"WebSite\",\"@id\":\"https:\\\/\\\/www.beitalhikma.tn\\\/#website\",\"url\":\"https:\\\/\\\/www.beitalhikma.tn\\\/\",\"name\":\"Beit al-Hikma\",\"description\":\"L&#039;Acad\u00e9mie Tunisienne des Sciences, des Lettres  et des Arts\",\"publisher\":{\"@id\":\"https:\\\/\\\/www.beitalhikma.tn\\\/#organization\"},\"potentialAction\":[{\"@type\":\"SearchAction\",\"target\":{\"@type\":\"EntryPoint\",\"urlTemplate\":\"https:\\\/\\\/www.beitalhikma.tn\\\/?s={search_term_string}\"},\"query-input\":{\"@type\":\"PropertyValueSpecification\",\"valueRequired\":true,\"valueName\":\"search_term_string\"}}],\"inLanguage\":\"fr-FR\"},{\"@type\":\"Organization\",\"@id\":\"https:\\\/\\\/www.beitalhikma.tn\\\/#organization\",\"name\":\"Beit Al Hikma\",\"url\":\"https:\\\/\\\/www.beitalhikma.tn\\\/\",\"logo\":{\"@type\":\"ImageObject\",\"inLanguage\":\"fr-FR\",\"@id\":\"https:\\\/\\\/www.beitalhikma.tn\\\/#\\\/schema\\\/logo\\\/image\\\/\",\"url\":\"https:\\\/\\\/www.beitalhikma.tn\\\/wp-content\\\/uploads\\\/2014\\\/11\\\/logo.png\",\"contentUrl\":\"https:\\\/\\\/www.beitalhikma.tn\\\/wp-content\\\/uploads\\\/2014\\\/11\\\/logo.png\",\"width\":288,\"height\":109,\"caption\":\"Beit Al Hikma\"},\"image\":{\"@id\":\"https:\\\/\\\/www.beitalhikma.tn\\\/#\\\/schema\\\/logo\\\/image\\\/\"},\"sameAs\":[\"https:\\\/\\\/www.facebook.com\\\/BeitalhikmaTunisie\\\/\",\"https:\\\/\\\/x.com\\\/Beit_alhikma_TN\",\"https:\\\/\\\/www.youtube.com\\\/channel\\\/UCl8EfDXqt5MFfcEY0UYhevg\"]}]}<\/script>\n<!-- \/ Yoast SEO plugin. -->","yoast_head_json":{"title":"LA PLUME VAGABONDE : D\u2019une rive \u00e0 l\u2019autre, d\u2019une culture \u00e0 l\u2019autre - Beit al-Hikma","robots":{"index":"index","follow":"follow","max-snippet":"max-snippet:-1","max-image-preview":"max-image-preview:large","max-video-preview":"max-video-preview:-1"},"canonical":"https:\/\/www.beitalhikma.tn\/fr\/publication\/acces-boutique\/livres-en-vente\/la-plume-vagabonde-dune-rive-a-lautre-dune-culture-a-lautrelouvrage-est-un-ensemble-de-textes-litteraires-et-darticles-divers-dans-lesquels-l\/","og_locale":"fr_FR","og_type":"article","og_title":"LA PLUME VAGABONDE : D\u2019une rive \u00e0 l\u2019autre, d\u2019une culture \u00e0 l\u2019autre - Beit al-Hikma","og_description":"Titre : LA PLUME VAGABONDE : D'une rive \u00e0 l'autre, d'une culture \u00e0 l'autre  Auteur\u00a0 : Alia Baccar Bornaz  Langue : Fran\u00e7aise  Date de publication : 2022  Format\u00a0: 24 x 16  Nombre de pages :343  Th\u00e8me:Textes divers  Poids :500 gr  Situation:disponible","og_url":"https:\/\/www.beitalhikma.tn\/fr\/publication\/acces-boutique\/livres-en-vente\/la-plume-vagabonde-dune-rive-a-lautre-dune-culture-a-lautrelouvrage-est-un-ensemble-de-textes-litteraires-et-darticles-divers-dans-lesquels-l\/","og_site_name":"Beit al-Hikma","article_publisher":"https:\/\/www.facebook.com\/BeitalhikmaTunisie\/","article_modified_time":"2024-03-11T02:19:42+00:00","og_image":[{"width":264,"height":400,"url":"https:\/\/www.beitalhikma.tn\/wp-content\/uploads\/2022\/10\/admin-ajax-20.jpg","type":"image\/jpeg"}],"twitter_card":"summary_large_image","twitter_site":"@Beit_alhikma_TN","twitter_misc":{"Dur\u00e9e de lecture estim\u00e9e":"1 minute"},"schema":{"@context":"https:\/\/schema.org","@graph":[{"@type":"WebPage","@id":"https:\/\/www.beitalhikma.tn\/fr\/publication\/acces-boutique\/livres-en-vente\/la-plume-vagabonde-dune-rive-a-lautre-dune-culture-a-lautrelouvrage-est-un-ensemble-de-textes-litteraires-et-darticles-divers-dans-lesquels-l\/","url":"https:\/\/www.beitalhikma.tn\/fr\/publication\/acces-boutique\/livres-en-vente\/la-plume-vagabonde-dune-rive-a-lautre-dune-culture-a-lautrelouvrage-est-un-ensemble-de-textes-litteraires-et-darticles-divers-dans-lesquels-l\/","name":"LA PLUME VAGABONDE : D\u2019une rive \u00e0 l\u2019autre, d\u2019une culture \u00e0 l\u2019autre - Beit al-Hikma","isPartOf":{"@id":"https:\/\/www.beitalhikma.tn\/#website"},"primaryImageOfPage":{"@id":"https:\/\/www.beitalhikma.tn\/fr\/publication\/acces-boutique\/livres-en-vente\/la-plume-vagabonde-dune-rive-a-lautre-dune-culture-a-lautrelouvrage-est-un-ensemble-de-textes-litteraires-et-darticles-divers-dans-lesquels-l\/#primaryimage"},"image":{"@id":"https:\/\/www.beitalhikma.tn\/fr\/publication\/acces-boutique\/livres-en-vente\/la-plume-vagabonde-dune-rive-a-lautre-dune-culture-a-lautrelouvrage-est-un-ensemble-de-textes-litteraires-et-darticles-divers-dans-lesquels-l\/#primaryimage"},"thumbnailUrl":"https:\/\/www.beitalhikma.tn\/wp-content\/uploads\/2022\/10\/admin-ajax-20.jpg","datePublished":"2022-10-18T13:25:51+00:00","dateModified":"2024-03-11T02:19:42+00:00","breadcrumb":{"@id":"https:\/\/www.beitalhikma.tn\/fr\/publication\/acces-boutique\/livres-en-vente\/la-plume-vagabonde-dune-rive-a-lautre-dune-culture-a-lautrelouvrage-est-un-ensemble-de-textes-litteraires-et-darticles-divers-dans-lesquels-l\/#breadcrumb"},"inLanguage":"fr-FR","potentialAction":[{"@type":"ReadAction","target":["https:\/\/www.beitalhikma.tn\/fr\/publication\/acces-boutique\/livres-en-vente\/la-plume-vagabonde-dune-rive-a-lautre-dune-culture-a-lautrelouvrage-est-un-ensemble-de-textes-litteraires-et-darticles-divers-dans-lesquels-l\/"]}]},{"@type":"ImageObject","inLanguage":"fr-FR","@id":"https:\/\/www.beitalhikma.tn\/fr\/publication\/acces-boutique\/livres-en-vente\/la-plume-vagabonde-dune-rive-a-lautre-dune-culture-a-lautrelouvrage-est-un-ensemble-de-textes-litteraires-et-darticles-divers-dans-lesquels-l\/#primaryimage","url":"https:\/\/www.beitalhikma.tn\/wp-content\/uploads\/2022\/10\/admin-ajax-20.jpg","contentUrl":"https:\/\/www.beitalhikma.tn\/wp-content\/uploads\/2022\/10\/admin-ajax-20.jpg","width":264,"height":400},{"@type":"BreadcrumbList","@id":"https:\/\/www.beitalhikma.tn\/fr\/publication\/acces-boutique\/livres-en-vente\/la-plume-vagabonde-dune-rive-a-lautre-dune-culture-a-lautrelouvrage-est-un-ensemble-de-textes-litteraires-et-darticles-divers-dans-lesquels-l\/#breadcrumb","itemListElement":[{"@type":"ListItem","position":1,"name":"Accueil","item":"https:\/\/www.beitalhikma.tn\/fr\/"},{"@type":"ListItem","position":2,"name":"Boutique","item":"https:\/\/www.beitalhikma.tn\/fr\/boutique\/"},{"@type":"ListItem","position":3,"name":"LA PLUME VAGABONDE : D\u2019une rive \u00e0 l\u2019autre, d\u2019une culture \u00e0 l\u2019autre"}]},{"@type":"WebSite","@id":"https:\/\/www.beitalhikma.tn\/#website","url":"https:\/\/www.beitalhikma.tn\/","name":"Beit al-Hikma","description":"L&#039;Acad\u00e9mie Tunisienne des Sciences, des Lettres  et des Arts","publisher":{"@id":"https:\/\/www.beitalhikma.tn\/#organization"},"potentialAction":[{"@type":"SearchAction","target":{"@type":"EntryPoint","urlTemplate":"https:\/\/www.beitalhikma.tn\/?s={search_term_string}"},"query-input":{"@type":"PropertyValueSpecification","valueRequired":true,"valueName":"search_term_string"}}],"inLanguage":"fr-FR"},{"@type":"Organization","@id":"https:\/\/www.beitalhikma.tn\/#organization","name":"Beit Al Hikma","url":"https:\/\/www.beitalhikma.tn\/","logo":{"@type":"ImageObject","inLanguage":"fr-FR","@id":"https:\/\/www.beitalhikma.tn\/#\/schema\/logo\/image\/","url":"https:\/\/www.beitalhikma.tn\/wp-content\/uploads\/2014\/11\/logo.png","contentUrl":"https:\/\/www.beitalhikma.tn\/wp-content\/uploads\/2014\/11\/logo.png","width":288,"height":109,"caption":"Beit Al Hikma"},"image":{"@id":"https:\/\/www.beitalhikma.tn\/#\/schema\/logo\/image\/"},"sameAs":["https:\/\/www.facebook.com\/BeitalhikmaTunisie\/","https:\/\/x.com\/Beit_alhikma_TN","https:\/\/www.youtube.com\/channel\/UCl8EfDXqt5MFfcEY0UYhevg"]}]}},"uagb_featured_image_src":{"full":["https:\/\/www.beitalhikma.tn\/wp-content\/uploads\/2022\/10\/admin-ajax-20.jpg",264,400,false],"thumbnail":["https:\/\/www.beitalhikma.tn\/wp-content\/uploads\/2022\/10\/admin-ajax-20-250x300.jpg",250,300,true],"medium":["https:\/\/www.beitalhikma.tn\/wp-content\/uploads\/2022\/10\/admin-ajax-20-198x300.jpg",198,300,true],"medium_large":["https:\/\/www.beitalhikma.tn\/wp-content\/uploads\/2022\/10\/admin-ajax-20.jpg",264,400,false],"large":["https:\/\/www.beitalhikma.tn\/wp-content\/uploads\/2022\/10\/admin-ajax-20.jpg",264,400,false],"thumblist":["https:\/\/www.beitalhikma.tn\/wp-content\/uploads\/2022\/10\/admin-ajax-20-264x300.jpg",264,300,true],"meccarouselthumb":["https:\/\/www.beitalhikma.tn\/wp-content\/uploads\/2022\/10\/admin-ajax-20-264x324.jpg",264,324,true],"gridsquare":["https:\/\/www.beitalhikma.tn\/wp-content\/uploads\/2022\/10\/admin-ajax-20-264x260.jpg",264,260,true],"tileview":["https:\/\/www.beitalhikma.tn\/wp-content\/uploads\/2022\/10\/admin-ajax-20.jpg",264,400,false],"1536x1536":["https:\/\/www.beitalhikma.tn\/wp-content\/uploads\/2022\/10\/admin-ajax-20.jpg",264,400,false],"2048x2048":["https:\/\/www.beitalhikma.tn\/wp-content\/uploads\/2022\/10\/admin-ajax-20.jpg",264,400,false],"post-thumbnail":["https:\/\/www.beitalhikma.tn\/wp-content\/uploads\/2022\/10\/admin-ajax-20-96x146.jpg",96,146,true],"50x50":["https:\/\/www.beitalhikma.tn\/wp-content\/uploads\/2022\/10\/admin-ajax-20-33x50.jpg",33,50,true],"portfolio-list":["https:\/\/www.beitalhikma.tn\/wp-content\/uploads\/2022\/10\/admin-ajax-20.jpg",264,400,false],"portfolio-fs":["https:\/\/www.beitalhikma.tn\/wp-content\/uploads\/2022\/10\/admin-ajax-20.jpg",264,400,false],"portfolio-slider":["https:\/\/www.beitalhikma.tn\/wp-content\/uploads\/2022\/10\/admin-ajax-20-264x380.jpg",264,380,true],"blog":["https:\/\/www.beitalhikma.tn\/wp-content\/uploads\/2022\/10\/admin-ajax-20-264x341.jpg",264,341,true],"blog-single":["https:\/\/www.beitalhikma.tn\/wp-content\/uploads\/2022\/10\/admin-ajax-20.jpg",264,400,false],"blog-item":["https:\/\/www.beitalhikma.tn\/wp-content\/uploads\/2022\/10\/admin-ajax-20-264x224.jpg",264,224,true],"blog-widget":["https:\/\/www.beitalhikma.tn\/wp-content\/uploads\/2022\/10\/admin-ajax-20-80x60.jpg",80,60,true],"features":["https:\/\/www.beitalhikma.tn\/wp-content\/uploads\/2022\/10\/admin-ajax-20-90x90.jpg",90,90,true],"clients-slider":["https:\/\/www.beitalhikma.tn\/wp-content\/uploads\/2022\/10\/admin-ajax-20-53x80.jpg",53,80,true],"offer-slider":["https:\/\/www.beitalhikma.tn\/wp-content\/uploads\/2022\/10\/admin-ajax-20.jpg",264,400,false],"offer-slider-pg":["https:\/\/www.beitalhikma.tn\/wp-content\/uploads\/2022\/10\/admin-ajax-20-42x42.jpg",42,42,true],"woocommerce_thumbnail":["https:\/\/www.beitalhikma.tn\/wp-content\/uploads\/2022\/10\/admin-ajax-20-250x300.jpg",250,300,true],"woocommerce_single":["https:\/\/www.beitalhikma.tn\/wp-content\/uploads\/2022\/10\/admin-ajax-20-250x379.jpg",250,379,true],"woocommerce_gallery_thumbnail":["https:\/\/www.beitalhikma.tn\/wp-content\/uploads\/2022\/10\/admin-ajax-20-100x100.jpg",100,100,true]},"uagb_author_info":{"display_name":"admin","author_link":"https:\/\/www.beitalhikma.tn\/fr\/author\/"},"uagb_comment_info":0,"uagb_excerpt":"Titre : LA PLUME VAGABONDE : D'une rive \u00e0 l'autre, d'une culture \u00e0 l'autre Auteur\u00a0 : Alia Baccar Bornaz Langue : Fran\u00e7aise Date de publication : 2022 Format\u00a0: 24 x 16 Nombre de pages :343 Th\u00e8me:Textes divers Poids :500 gr Situation:disponible","_links":{"self":[{"href":"https:\/\/www.beitalhikma.tn\/fr\/wp-json\/wp\/v2\/product\/98950","targetHints":{"allow":["GET"]}}],"collection":[{"href":"https:\/\/www.beitalhikma.tn\/fr\/wp-json\/wp\/v2\/product"}],"about":[{"href":"https:\/\/www.beitalhikma.tn\/fr\/wp-json\/wp\/v2\/types\/product"}],"wp:featuredmedia":[{"embeddable":true,"href":"https:\/\/www.beitalhikma.tn\/fr\/wp-json\/wp\/v2\/media\/98951"}],"wp:attachment":[{"href":"https:\/\/www.beitalhikma.tn\/fr\/wp-json\/wp\/v2\/media?parent=98950"}],"wp:term":[{"taxonomy":"product_brand","embeddable":true,"href":"https:\/\/www.beitalhikma.tn\/fr\/wp-json\/wp\/v2\/product_brand?post=98950"},{"taxonomy":"product_cat","embeddable":true,"href":"https:\/\/www.beitalhikma.tn\/fr\/wp-json\/wp\/v2\/product_cat?post=98950"},{"taxonomy":"product_tag","embeddable":true,"href":"https:\/\/www.beitalhikma.tn\/fr\/wp-json\/wp\/v2\/product_tag?post=98950"}],"curies":[{"name":"wp","href":"https:\/\/api.w.org\/{rel}","templated":true}]}}