{"id":99013,"date":"2022-10-21T11:28:10","date_gmt":"2022-10-21T10:28:10","guid":{"rendered":"https:\/\/www.beitalhikma.tn\/?post_type=product&#038;p=99013"},"modified":"2022-10-21T11:29:51","modified_gmt":"2022-10-21T10:29:51","slug":"pertinence-de-la-pensee-de-saint-augustin-aux-defis-du-xxieme-siecle","status":"publish","type":"product","link":"https:\/\/www.beitalhikma.tn\/fr\/publication\/acces-boutique\/livres-en-vente\/pertinence-de-la-pensee-de-saint-augustin-aux-defis-du-xxieme-siecle\/","title":{"rendered":"PERTINENCE DE LA PENS\u00c9E DE SAINT AUGUSTIN AUX D\u00c9FIS DU XXI\u00c9ME SI\u00c8CLE"},"content":{"rendered":"<table>\n<tbody>\n<tr>\n<td width=\"604\">L\u2019ouvrage reprend les actes du colloque de la premi\u00e8re \u00e9dition des Journ\u00e9es Augustiniennes de Carthage, qui a \u00e9t\u00e9 organis\u00e9e par l&#8217;Acad\u00e9mie tunisienne des sciences, des lettres et des arts, Beit al-Hikma, en novembre 2019.<\/p>\n<p>Ces Journ\u00e9es s\u2019inscrivent dans le cadre de la recherche acad\u00e9mique relative \u00e0 l\u2019h\u00e9ritage commun dans la philosophie augustinienne\u00a0; cette derni\u00e8re \u00e9tant un projet intellectuel qui requiert des approches contemporaines soucieuses des enjeux actuels et des perspectives d\u2019avenir.<\/p>\n<p>A cet effet, les communications pr\u00e9sent\u00e9es au cours du colloque se sont int\u00e9ress\u00e9es aux dilemmes relatifs \u00e0 l\u2019identit\u00e9, \u00e0 la personnalit\u00e9, \u00e0 la th\u00e9ologie et aux questions traitant des exp\u00e9riences spirituelles, en focalisant sur la philosophie de Saint Augustin d\u2019Hippone, ainsi que sur les d\u00e9fis du 21\u00e8me si\u00e8cle.<\/p>\n<p>Le contenu des interventions met en \u00e9vidence l\u2019universalit\u00e9 de la pens\u00e9e philosophique augustinienne qui s\u2019attache \u00e0 \u00e9tudier les questions relatives aux affaires publiques selon la logique de l\u2019esprit philosophique\u00a0; et ce, en d\u00e9pit du contexte historique sp\u00e9cifique \u2013 notamment politique et religieux \u2013 dans lequel cette pens\u00e9e a \u00e9merg\u00e9<\/td>\n<\/tr>\n<\/tbody>\n<\/table>\n<p><strong>\u00a0<\/strong><\/p>\n","protected":false},"excerpt":{"rendered":"<ul>\n<li style=\"text-align: left;\"><strong>Titre : PERTINENCE DE LA PENS\u00c9E DE SAINT AUGUSTIN AUX D\u00c9FIS DU XXI\u00c9ME SI\u00c8CLE<\/strong><\/li>\n<li style=\"text-align: left;\"><b>ouvrage collectif <\/b>sous la direction de DR Salah Hannachi<\/li>\n<li style=\"text-align: left;\"><strong>Langue : <\/strong>Fran\u00e7aise<\/li>\n<li style=\"text-align: left;\"><strong>Date de publication<\/strong> : 2022<\/li>\n<li style=\"text-align: left;\"><strong>Format\u00a0:<\/strong> 24 x 16<\/li>\n<li style=\"text-align: left;\"><strong>Nombre de pages :<\/strong>200<\/li>\n<li style=\"text-align: left;\"><strong>Th\u00e8me:<\/strong>Philosophie<\/li>\n<li style=\"text-align: left;\"><strong>Poids :<\/strong>400 gr<\/li>\n<li style=\"text-align: left;\"><strong>Situation:<\/strong>disponible<\/li>\n<\/ul>\n","protected":false},"featured_media":98665,"template":"","meta":{"_uag_custom_page_level_css":""},"product_brand":[],"product_cat":[11],"product_tag":[],"class_list":{"0":"post-99013","1":"product","2":"type-product","3":"status-publish","4":"has-post-thumbnail","6":"product_cat-livres-en-vente","8":"first","9":"instock","10":"sale","11":"shipping-taxable","12":"purchasable","13":"product-type-simple"},"yoast_head":"<!-- This site is optimized with the Yoast SEO plugin v27.3 - https:\/\/yoast.com\/product\/yoast-seo-wordpress\/ -->\n<title>PERTINENCE DE LA PENS\u00c9E DE SAINT AUGUSTIN AUX D\u00c9FIS DU XXI\u00c9ME SI\u00c8CLE - Beit al-Hikma<\/title>\n<meta name=\"robots\" content=\"index, follow, max-snippet:-1, max-image-preview:large, max-video-preview:-1\" \/>\n<link rel=\"canonical\" href=\"https:\/\/www.beitalhikma.tn\/fr\/publication\/acces-boutique\/livres-en-vente\/pertinence-de-la-pensee-de-saint-augustin-aux-defis-du-xxieme-siecle\/\" \/>\n<meta property=\"og:locale\" content=\"fr_FR\" \/>\n<meta property=\"og:type\" content=\"article\" \/>\n<meta property=\"og:title\" content=\"PERTINENCE DE LA PENS\u00c9E DE SAINT AUGUSTIN AUX D\u00c9FIS DU XXI\u00c9ME SI\u00c8CLE - Beit al-Hikma\" \/>\n<meta property=\"og:description\" content=\"Titre : PERTINENCE DE LA PENS\u00c9E DE SAINT AUGUSTIN AUX D\u00c9FIS DU XXI\u00c9ME SI\u00c8CLE  ouvrage collectif sous la direction de DR Salah Hannachi  Langue : Fran\u00e7aise  Date de publication : 2022  Format\u00a0: 24 x 16  Nombre de pages :200  Th\u00e8me:Philosophie  Poids :400 gr  Situation:disponible\" \/>\n<meta property=\"og:url\" content=\"https:\/\/www.beitalhikma.tn\/fr\/publication\/acces-boutique\/livres-en-vente\/pertinence-de-la-pensee-de-saint-augustin-aux-defis-du-xxieme-siecle\/\" \/>\n<meta property=\"og:site_name\" content=\"Beit al-Hikma\" \/>\n<meta property=\"article:publisher\" content=\"https:\/\/www.facebook.com\/BeitalhikmaTunisie\/\" \/>\n<meta property=\"article:modified_time\" content=\"2022-10-21T10:29:51+00:00\" \/>\n<meta property=\"og:image\" content=\"https:\/\/www.beitalhikma.tn\/wp-content\/uploads\/2022\/10\/Pertinence-de-la-pensee-de-Saint-Augustin.png\" \/>\n\t<meta property=\"og:image:width\" content=\"429\" \/>\n\t<meta property=\"og:image:height\" content=\"665\" \/>\n\t<meta property=\"og:image:type\" content=\"image\/png\" \/>\n<meta name=\"twitter:card\" content=\"summary_large_image\" \/>\n<meta name=\"twitter:site\" content=\"@Beit_alhikma_TN\" \/>\n<meta name=\"twitter:label1\" content=\"Dur\u00e9e de lecture estim\u00e9e\" \/>\n\t<meta name=\"twitter:data1\" content=\"1 minute\" \/>\n<script type=\"application\/ld+json\" class=\"yoast-schema-graph\">{\"@context\":\"https:\\\/\\\/schema.org\",\"@graph\":[{\"@type\":\"WebPage\",\"@id\":\"https:\\\/\\\/www.beitalhikma.tn\\\/fr\\\/publication\\\/acces-boutique\\\/livres-en-vente\\\/pertinence-de-la-pensee-de-saint-augustin-aux-defis-du-xxieme-siecle\\\/\",\"url\":\"https:\\\/\\\/www.beitalhikma.tn\\\/fr\\\/publication\\\/acces-boutique\\\/livres-en-vente\\\/pertinence-de-la-pensee-de-saint-augustin-aux-defis-du-xxieme-siecle\\\/\",\"name\":\"PERTINENCE DE LA PENS\u00c9E DE SAINT AUGUSTIN AUX D\u00c9FIS DU XXI\u00c9ME SI\u00c8CLE - Beit al-Hikma\",\"isPartOf\":{\"@id\":\"https:\\\/\\\/www.beitalhikma.tn\\\/#website\"},\"primaryImageOfPage\":{\"@id\":\"https:\\\/\\\/www.beitalhikma.tn\\\/fr\\\/publication\\\/acces-boutique\\\/livres-en-vente\\\/pertinence-de-la-pensee-de-saint-augustin-aux-defis-du-xxieme-siecle\\\/#primaryimage\"},\"image\":{\"@id\":\"https:\\\/\\\/www.beitalhikma.tn\\\/fr\\\/publication\\\/acces-boutique\\\/livres-en-vente\\\/pertinence-de-la-pensee-de-saint-augustin-aux-defis-du-xxieme-siecle\\\/#primaryimage\"},\"thumbnailUrl\":\"https:\\\/\\\/www.beitalhikma.tn\\\/wp-content\\\/uploads\\\/2022\\\/10\\\/Pertinence-de-la-pensee-de-Saint-Augustin.png\",\"datePublished\":\"2022-10-21T10:28:10+00:00\",\"dateModified\":\"2022-10-21T10:29:51+00:00\",\"breadcrumb\":{\"@id\":\"https:\\\/\\\/www.beitalhikma.tn\\\/fr\\\/publication\\\/acces-boutique\\\/livres-en-vente\\\/pertinence-de-la-pensee-de-saint-augustin-aux-defis-du-xxieme-siecle\\\/#breadcrumb\"},\"inLanguage\":\"fr-FR\",\"potentialAction\":[{\"@type\":\"ReadAction\",\"target\":[\"https:\\\/\\\/www.beitalhikma.tn\\\/fr\\\/publication\\\/acces-boutique\\\/livres-en-vente\\\/pertinence-de-la-pensee-de-saint-augustin-aux-defis-du-xxieme-siecle\\\/\"]}]},{\"@type\":\"ImageObject\",\"inLanguage\":\"fr-FR\",\"@id\":\"https:\\\/\\\/www.beitalhikma.tn\\\/fr\\\/publication\\\/acces-boutique\\\/livres-en-vente\\\/pertinence-de-la-pensee-de-saint-augustin-aux-defis-du-xxieme-siecle\\\/#primaryimage\",\"url\":\"https:\\\/\\\/www.beitalhikma.tn\\\/wp-content\\\/uploads\\\/2022\\\/10\\\/Pertinence-de-la-pensee-de-Saint-Augustin.png\",\"contentUrl\":\"https:\\\/\\\/www.beitalhikma.tn\\\/wp-content\\\/uploads\\\/2022\\\/10\\\/Pertinence-de-la-pensee-de-Saint-Augustin.png\",\"width\":429,\"height\":665},{\"@type\":\"BreadcrumbList\",\"@id\":\"https:\\\/\\\/www.beitalhikma.tn\\\/fr\\\/publication\\\/acces-boutique\\\/livres-en-vente\\\/pertinence-de-la-pensee-de-saint-augustin-aux-defis-du-xxieme-siecle\\\/#breadcrumb\",\"itemListElement\":[{\"@type\":\"ListItem\",\"position\":1,\"name\":\"Accueil\",\"item\":\"https:\\\/\\\/www.beitalhikma.tn\\\/fr\\\/\"},{\"@type\":\"ListItem\",\"position\":2,\"name\":\"Boutique\",\"item\":\"https:\\\/\\\/www.beitalhikma.tn\\\/fr\\\/boutique\\\/\"},{\"@type\":\"ListItem\",\"position\":3,\"name\":\"PERTINENCE DE LA PENS\u00c9E DE SAINT AUGUSTIN AUX D\u00c9FIS DU XXI\u00c9ME SI\u00c8CLE\"}]},{\"@type\":\"WebSite\",\"@id\":\"https:\\\/\\\/www.beitalhikma.tn\\\/#website\",\"url\":\"https:\\\/\\\/www.beitalhikma.tn\\\/\",\"name\":\"Beit al-Hikma\",\"description\":\"L&#039;Acad\u00e9mie Tunisienne des Sciences, des Lettres  et des Arts\",\"publisher\":{\"@id\":\"https:\\\/\\\/www.beitalhikma.tn\\\/#organization\"},\"potentialAction\":[{\"@type\":\"SearchAction\",\"target\":{\"@type\":\"EntryPoint\",\"urlTemplate\":\"https:\\\/\\\/www.beitalhikma.tn\\\/?s={search_term_string}\"},\"query-input\":{\"@type\":\"PropertyValueSpecification\",\"valueRequired\":true,\"valueName\":\"search_term_string\"}}],\"inLanguage\":\"fr-FR\"},{\"@type\":\"Organization\",\"@id\":\"https:\\\/\\\/www.beitalhikma.tn\\\/#organization\",\"name\":\"Beit Al Hikma\",\"url\":\"https:\\\/\\\/www.beitalhikma.tn\\\/\",\"logo\":{\"@type\":\"ImageObject\",\"inLanguage\":\"fr-FR\",\"@id\":\"https:\\\/\\\/www.beitalhikma.tn\\\/#\\\/schema\\\/logo\\\/image\\\/\",\"url\":\"https:\\\/\\\/www.beitalhikma.tn\\\/wp-content\\\/uploads\\\/2014\\\/11\\\/logo.png\",\"contentUrl\":\"https:\\\/\\\/www.beitalhikma.tn\\\/wp-content\\\/uploads\\\/2014\\\/11\\\/logo.png\",\"width\":288,\"height\":109,\"caption\":\"Beit Al Hikma\"},\"image\":{\"@id\":\"https:\\\/\\\/www.beitalhikma.tn\\\/#\\\/schema\\\/logo\\\/image\\\/\"},\"sameAs\":[\"https:\\\/\\\/www.facebook.com\\\/BeitalhikmaTunisie\\\/\",\"https:\\\/\\\/x.com\\\/Beit_alhikma_TN\",\"https:\\\/\\\/www.youtube.com\\\/channel\\\/UCl8EfDXqt5MFfcEY0UYhevg\"]}]}<\/script>\n<!-- \/ Yoast SEO plugin. -->","yoast_head_json":{"title":"PERTINENCE DE LA PENS\u00c9E DE SAINT AUGUSTIN AUX D\u00c9FIS DU XXI\u00c9ME SI\u00c8CLE - Beit al-Hikma","robots":{"index":"index","follow":"follow","max-snippet":"max-snippet:-1","max-image-preview":"max-image-preview:large","max-video-preview":"max-video-preview:-1"},"canonical":"https:\/\/www.beitalhikma.tn\/fr\/publication\/acces-boutique\/livres-en-vente\/pertinence-de-la-pensee-de-saint-augustin-aux-defis-du-xxieme-siecle\/","og_locale":"fr_FR","og_type":"article","og_title":"PERTINENCE DE LA PENS\u00c9E DE SAINT AUGUSTIN AUX D\u00c9FIS DU XXI\u00c9ME SI\u00c8CLE - Beit al-Hikma","og_description":"Titre : PERTINENCE DE LA PENS\u00c9E DE SAINT AUGUSTIN AUX D\u00c9FIS DU XXI\u00c9ME SI\u00c8CLE  ouvrage collectif sous la direction de DR Salah Hannachi  Langue : Fran\u00e7aise  Date de publication : 2022  Format\u00a0: 24 x 16  Nombre de pages :200  Th\u00e8me:Philosophie  Poids :400 gr  Situation:disponible","og_url":"https:\/\/www.beitalhikma.tn\/fr\/publication\/acces-boutique\/livres-en-vente\/pertinence-de-la-pensee-de-saint-augustin-aux-defis-du-xxieme-siecle\/","og_site_name":"Beit al-Hikma","article_publisher":"https:\/\/www.facebook.com\/BeitalhikmaTunisie\/","article_modified_time":"2022-10-21T10:29:51+00:00","og_image":[{"width":429,"height":665,"url":"https:\/\/www.beitalhikma.tn\/wp-content\/uploads\/2022\/10\/Pertinence-de-la-pensee-de-Saint-Augustin.png","type":"image\/png"}],"twitter_card":"summary_large_image","twitter_site":"@Beit_alhikma_TN","twitter_misc":{"Dur\u00e9e de lecture estim\u00e9e":"1 minute"},"schema":{"@context":"https:\/\/schema.org","@graph":[{"@type":"WebPage","@id":"https:\/\/www.beitalhikma.tn\/fr\/publication\/acces-boutique\/livres-en-vente\/pertinence-de-la-pensee-de-saint-augustin-aux-defis-du-xxieme-siecle\/","url":"https:\/\/www.beitalhikma.tn\/fr\/publication\/acces-boutique\/livres-en-vente\/pertinence-de-la-pensee-de-saint-augustin-aux-defis-du-xxieme-siecle\/","name":"PERTINENCE DE LA PENS\u00c9E DE SAINT AUGUSTIN AUX D\u00c9FIS DU XXI\u00c9ME SI\u00c8CLE - Beit al-Hikma","isPartOf":{"@id":"https:\/\/www.beitalhikma.tn\/#website"},"primaryImageOfPage":{"@id":"https:\/\/www.beitalhikma.tn\/fr\/publication\/acces-boutique\/livres-en-vente\/pertinence-de-la-pensee-de-saint-augustin-aux-defis-du-xxieme-siecle\/#primaryimage"},"image":{"@id":"https:\/\/www.beitalhikma.tn\/fr\/publication\/acces-boutique\/livres-en-vente\/pertinence-de-la-pensee-de-saint-augustin-aux-defis-du-xxieme-siecle\/#primaryimage"},"thumbnailUrl":"https:\/\/www.beitalhikma.tn\/wp-content\/uploads\/2022\/10\/Pertinence-de-la-pensee-de-Saint-Augustin.png","datePublished":"2022-10-21T10:28:10+00:00","dateModified":"2022-10-21T10:29:51+00:00","breadcrumb":{"@id":"https:\/\/www.beitalhikma.tn\/fr\/publication\/acces-boutique\/livres-en-vente\/pertinence-de-la-pensee-de-saint-augustin-aux-defis-du-xxieme-siecle\/#breadcrumb"},"inLanguage":"fr-FR","potentialAction":[{"@type":"ReadAction","target":["https:\/\/www.beitalhikma.tn\/fr\/publication\/acces-boutique\/livres-en-vente\/pertinence-de-la-pensee-de-saint-augustin-aux-defis-du-xxieme-siecle\/"]}]},{"@type":"ImageObject","inLanguage":"fr-FR","@id":"https:\/\/www.beitalhikma.tn\/fr\/publication\/acces-boutique\/livres-en-vente\/pertinence-de-la-pensee-de-saint-augustin-aux-defis-du-xxieme-siecle\/#primaryimage","url":"https:\/\/www.beitalhikma.tn\/wp-content\/uploads\/2022\/10\/Pertinence-de-la-pensee-de-Saint-Augustin.png","contentUrl":"https:\/\/www.beitalhikma.tn\/wp-content\/uploads\/2022\/10\/Pertinence-de-la-pensee-de-Saint-Augustin.png","width":429,"height":665},{"@type":"BreadcrumbList","@id":"https:\/\/www.beitalhikma.tn\/fr\/publication\/acces-boutique\/livres-en-vente\/pertinence-de-la-pensee-de-saint-augustin-aux-defis-du-xxieme-siecle\/#breadcrumb","itemListElement":[{"@type":"ListItem","position":1,"name":"Accueil","item":"https:\/\/www.beitalhikma.tn\/fr\/"},{"@type":"ListItem","position":2,"name":"Boutique","item":"https:\/\/www.beitalhikma.tn\/fr\/boutique\/"},{"@type":"ListItem","position":3,"name":"PERTINENCE DE LA PENS\u00c9E DE SAINT AUGUSTIN AUX D\u00c9FIS DU XXI\u00c9ME SI\u00c8CLE"}]},{"@type":"WebSite","@id":"https:\/\/www.beitalhikma.tn\/#website","url":"https:\/\/www.beitalhikma.tn\/","name":"Beit al-Hikma","description":"L&#039;Acad\u00e9mie Tunisienne des Sciences, des Lettres  et des Arts","publisher":{"@id":"https:\/\/www.beitalhikma.tn\/#organization"},"potentialAction":[{"@type":"SearchAction","target":{"@type":"EntryPoint","urlTemplate":"https:\/\/www.beitalhikma.tn\/?s={search_term_string}"},"query-input":{"@type":"PropertyValueSpecification","valueRequired":true,"valueName":"search_term_string"}}],"inLanguage":"fr-FR"},{"@type":"Organization","@id":"https:\/\/www.beitalhikma.tn\/#organization","name":"Beit Al Hikma","url":"https:\/\/www.beitalhikma.tn\/","logo":{"@type":"ImageObject","inLanguage":"fr-FR","@id":"https:\/\/www.beitalhikma.tn\/#\/schema\/logo\/image\/","url":"https:\/\/www.beitalhikma.tn\/wp-content\/uploads\/2014\/11\/logo.png","contentUrl":"https:\/\/www.beitalhikma.tn\/wp-content\/uploads\/2014\/11\/logo.png","width":288,"height":109,"caption":"Beit Al Hikma"},"image":{"@id":"https:\/\/www.beitalhikma.tn\/#\/schema\/logo\/image\/"},"sameAs":["https:\/\/www.facebook.com\/BeitalhikmaTunisie\/","https:\/\/x.com\/Beit_alhikma_TN","https:\/\/www.youtube.com\/channel\/UCl8EfDXqt5MFfcEY0UYhevg"]}]}},"uagb_featured_image_src":{"full":["https:\/\/www.beitalhikma.tn\/wp-content\/uploads\/2022\/10\/Pertinence-de-la-pensee-de-Saint-Augustin.png",429,665,false],"thumbnail":["https:\/\/www.beitalhikma.tn\/wp-content\/uploads\/2022\/10\/Pertinence-de-la-pensee-de-Saint-Augustin-250x300.png",250,300,true],"medium":["https:\/\/www.beitalhikma.tn\/wp-content\/uploads\/2022\/10\/Pertinence-de-la-pensee-de-Saint-Augustin-194x300.png",194,300,true],"medium_large":["https:\/\/www.beitalhikma.tn\/wp-content\/uploads\/2022\/10\/Pertinence-de-la-pensee-de-Saint-Augustin.png",429,665,false],"large":["https:\/\/www.beitalhikma.tn\/wp-content\/uploads\/2022\/10\/Pertinence-de-la-pensee-de-Saint-Augustin.png",429,665,false],"thumblist":["https:\/\/www.beitalhikma.tn\/wp-content\/uploads\/2022\/10\/Pertinence-de-la-pensee-de-Saint-Augustin-300x300.png",300,300,true],"meccarouselthumb":["https:\/\/www.beitalhikma.tn\/wp-content\/uploads\/2022\/10\/Pertinence-de-la-pensee-de-Saint-Augustin-429x324.png",429,324,true],"gridsquare":["https:\/\/www.beitalhikma.tn\/wp-content\/uploads\/2022\/10\/Pertinence-de-la-pensee-de-Saint-Augustin-391x260.png",391,260,true],"tileview":["https:\/\/www.beitalhikma.tn\/wp-content\/uploads\/2022\/10\/Pertinence-de-la-pensee-de-Saint-Augustin-300x400.png",300,400,true],"1536x1536":["https:\/\/www.beitalhikma.tn\/wp-content\/uploads\/2022\/10\/Pertinence-de-la-pensee-de-Saint-Augustin.png",429,665,false],"2048x2048":["https:\/\/www.beitalhikma.tn\/wp-content\/uploads\/2022\/10\/Pertinence-de-la-pensee-de-Saint-Augustin.png",429,665,false],"post-thumbnail":["https:\/\/www.beitalhikma.tn\/wp-content\/uploads\/2022\/10\/Pertinence-de-la-pensee-de-Saint-Augustin-94x146.png",94,146,true],"50x50":["https:\/\/www.beitalhikma.tn\/wp-content\/uploads\/2022\/10\/Pertinence-de-la-pensee-de-Saint-Augustin-32x50.png",32,50,true],"portfolio-list":["https:\/\/www.beitalhikma.tn\/wp-content\/uploads\/2022\/10\/Pertinence-de-la-pensee-de-Saint-Augustin-429x400.png",429,400,true],"portfolio-fs":["https:\/\/www.beitalhikma.tn\/wp-content\/uploads\/2022\/10\/Pertinence-de-la-pensee-de-Saint-Augustin-429x543.png",429,543,true],"portfolio-slider":["https:\/\/www.beitalhikma.tn\/wp-content\/uploads\/2022\/10\/Pertinence-de-la-pensee-de-Saint-Augustin-380x380.png",380,380,true],"blog":["https:\/\/www.beitalhikma.tn\/wp-content\/uploads\/2022\/10\/Pertinence-de-la-pensee-de-Saint-Augustin-429x341.png",429,341,true],"blog-single":["https:\/\/www.beitalhikma.tn\/wp-content\/uploads\/2022\/10\/Pertinence-de-la-pensee-de-Saint-Augustin-429x445.png",429,445,true],"blog-item":["https:\/\/www.beitalhikma.tn\/wp-content\/uploads\/2022\/10\/Pertinence-de-la-pensee-de-Saint-Augustin-429x224.png",429,224,true],"blog-widget":["https:\/\/www.beitalhikma.tn\/wp-content\/uploads\/2022\/10\/Pertinence-de-la-pensee-de-Saint-Augustin-80x60.png",80,60,true],"features":["https:\/\/www.beitalhikma.tn\/wp-content\/uploads\/2022\/10\/Pertinence-de-la-pensee-de-Saint-Augustin-90x90.png",90,90,true],"clients-slider":["https:\/\/www.beitalhikma.tn\/wp-content\/uploads\/2022\/10\/Pertinence-de-la-pensee-de-Saint-Augustin-52x80.png",52,80,true],"offer-slider":["https:\/\/www.beitalhikma.tn\/wp-content\/uploads\/2022\/10\/Pertinence-de-la-pensee-de-Saint-Augustin-429x438.png",429,438,true],"offer-slider-pg":["https:\/\/www.beitalhikma.tn\/wp-content\/uploads\/2022\/10\/Pertinence-de-la-pensee-de-Saint-Augustin-42x42.png",42,42,true],"woocommerce_thumbnail":["https:\/\/www.beitalhikma.tn\/wp-content\/uploads\/2022\/10\/Pertinence-de-la-pensee-de-Saint-Augustin-250x300.png",250,300,true],"woocommerce_single":["https:\/\/www.beitalhikma.tn\/wp-content\/uploads\/2022\/10\/Pertinence-de-la-pensee-de-Saint-Augustin-250x388.png",250,388,true],"woocommerce_gallery_thumbnail":["https:\/\/www.beitalhikma.tn\/wp-content\/uploads\/2022\/10\/Pertinence-de-la-pensee-de-Saint-Augustin-100x100.png",100,100,true]},"uagb_author_info":{"display_name":"admin","author_link":"https:\/\/www.beitalhikma.tn\/fr\/author\/"},"uagb_comment_info":0,"uagb_excerpt":"Titre : PERTINENCE DE LA PENS\u00c9E DE SAINT AUGUSTIN AUX D\u00c9FIS DU XXI\u00c9ME SI\u00c8CLE ouvrage collectif sous la direction de DR Salah Hannachi Langue : Fran\u00e7aise Date de publication : 2022 Format\u00a0: 24 x 16 Nombre de pages :200 Th\u00e8me:Philosophie Poids :400 gr Situation:disponible","_links":{"self":[{"href":"https:\/\/www.beitalhikma.tn\/fr\/wp-json\/wp\/v2\/product\/99013","targetHints":{"allow":["GET"]}}],"collection":[{"href":"https:\/\/www.beitalhikma.tn\/fr\/wp-json\/wp\/v2\/product"}],"about":[{"href":"https:\/\/www.beitalhikma.tn\/fr\/wp-json\/wp\/v2\/types\/product"}],"wp:featuredmedia":[{"embeddable":true,"href":"https:\/\/www.beitalhikma.tn\/fr\/wp-json\/wp\/v2\/media\/98665"}],"wp:attachment":[{"href":"https:\/\/www.beitalhikma.tn\/fr\/wp-json\/wp\/v2\/media?parent=99013"}],"wp:term":[{"taxonomy":"product_brand","embeddable":true,"href":"https:\/\/www.beitalhikma.tn\/fr\/wp-json\/wp\/v2\/product_brand?post=99013"},{"taxonomy":"product_cat","embeddable":true,"href":"https:\/\/www.beitalhikma.tn\/fr\/wp-json\/wp\/v2\/product_cat?post=99013"},{"taxonomy":"product_tag","embeddable":true,"href":"https:\/\/www.beitalhikma.tn\/fr\/wp-json\/wp\/v2\/product_tag?post=99013"}],"curies":[{"name":"wp","href":"https:\/\/api.w.org\/{rel}","templated":true}]}}