{"id":99187,"date":"2022-10-21T14:35:01","date_gmt":"2022-10-21T13:35:01","guid":{"rendered":"https:\/\/www.beitalhikma.tn\/?post_type=product&#038;p=99187"},"modified":"2022-10-21T14:39:14","modified_gmt":"2022-10-21T13:39:14","slug":"la-poesie-arabe-qui-annonca-la-revolution-lexemple-de-la-tunisie-tome-i-poesie-et-patrie-tome-ii-le-reve","status":"publish","type":"product","link":"https:\/\/www.beitalhikma.tn\/fr\/publication\/acces-boutique\/livres-en-vente\/la-poesie-arabe-qui-annonca-la-revolution-lexemple-de-la-tunisie-tome-i-poesie-et-patrie-tome-ii-le-reve\/","title":{"rendered":"La po\u00e9sie arabe qui annon\u00e7a la R\u00e9volution : l\u2019exemple de la Tunisie Tome I : Po\u00e9sie et patrie TOME II : Le r\u00eave"},"content":{"rendered":"<p>L\u2019ouvrage appartient \u00e0 la cat\u00e9gorie des \u0153uvres litt\u00e9raires \u00e0 caract\u00e8re militant. L\u2019ensemble des textes ont pour particularit\u00e9 de transgresser les oukases de l\u2019interdit politique. L\u2019auteur a surtout mis en lumi\u00e8re des exemples choisis dans le patrimoine po\u00e9tique tunisien pour la p\u00e9riode allant des ann\u00e9es cinquante du si\u00e8cle dernier jusqu\u2019\u00e0 la chute du r\u00e9gime, en 2011.<\/p>\n<p>L\u2019auteur se pr\u00e9occupe moins de l\u2019esth\u00e9tique ou de l\u2019inventivit\u00e9 du texte po\u00e9tique que des th\u00e9matiques r\u00e9volutionnaires et d\u2019opposition \u00e0 des r\u00e9gimes politiques ou \u00e0 des syst\u00e8mes \u00e9conomiques. L\u2019ouvrage traite en d\u00e9tails les motifs socio-politiques d\u2019\u00e9crits rejetant les actes et d\u00e9cisions qui nient le principe de citoyennet\u00e9.<\/p>\n<p>Ces textes habit\u00e9s, comme le souligne l\u2019auteur, de \u00ab\u00a0vie, de r\u00eave et de r\u00e9volution\u00a0\u00bb ont jou\u00e9 un r\u00f4le d\u2019avant-garde dans l\u2019\u00e9branlement des assises du syst\u00e8me en place.<\/p>\n","protected":false},"excerpt":{"rendered":"<ul>\n<li><strong>Titre : La litt\u00e9rature Francophone en Tunisie: \u00e9volution , renouvellement et devenir<\/strong><\/li>\n<li><strong>Auteur :<\/strong> Noureddine Aziza<\/li>\n<li><strong>Langue : Fran\u00e7ais<\/strong><\/li>\n<li><strong>Date de publication<\/strong> : 2020<\/li>\n<li><strong>Format\u00a0:<\/strong> 24 x 16<\/li>\n<li><strong>Nombre de pages\u00a0: Tome I\u00a0: <\/strong>345 p.\u00a0 \u00a0\/ <strong>Tome II<\/strong>\u00a0: 477 p.<\/li>\n<li><strong>Tome I\u00a0: <\/strong>345 p.<\/li>\n<li><strong>Tome II<\/strong>:\u00a0 477<\/li>\n<li><strong>Th\u00e8me:<\/strong>litt\u00e9rature<\/li>\n<li><strong>ISBN\u00a0: Tome I\u00a0: <\/strong>978-9973-49-211-1<\/li>\n<li>\u00a0\u00a0\u00a0\u00a0\u00a0\u00a0\u00a0\u00a0\u00a0\u00a0\u00a0 \u00a0<strong>Tome II\u00a0: <\/strong>978-9973-49-212-8<\/li>\n<li><strong>Poids :<\/strong>1500 gr<\/li>\n<li><strong>Situation:<\/strong>disponible<\/li>\n<li><\/li>\n<\/ul>\n","protected":false},"featured_media":99186,"template":"","meta":{"_uag_custom_page_level_css":""},"product_brand":[],"product_cat":[11],"product_tag":[],"class_list":{"0":"post-99187","1":"product","2":"type-product","3":"status-publish","4":"has-post-thumbnail","6":"product_cat-livres-en-vente","8":"first","9":"instock","10":"sale","11":"shipping-taxable","12":"purchasable","13":"product-type-simple"},"yoast_head":"<!-- This site is optimized with the Yoast SEO plugin v27.3 - https:\/\/yoast.com\/product\/yoast-seo-wordpress\/ -->\n<title>La po\u00e9sie arabe qui annon\u00e7a la R\u00e9volution : l\u2019exemple de la Tunisie Tome I : Po\u00e9sie et patrie TOME II : Le r\u00eave - Beit al-Hikma<\/title>\n<meta name=\"robots\" content=\"index, follow, max-snippet:-1, max-image-preview:large, max-video-preview:-1\" \/>\n<link rel=\"canonical\" href=\"https:\/\/www.beitalhikma.tn\/fr\/publication\/acces-boutique\/livres-en-vente\/la-poesie-arabe-qui-annonca-la-revolution-lexemple-de-la-tunisie-tome-i-poesie-et-patrie-tome-ii-le-reve\/\" \/>\n<meta property=\"og:locale\" content=\"fr_FR\" \/>\n<meta property=\"og:type\" content=\"article\" \/>\n<meta property=\"og:title\" content=\"La po\u00e9sie arabe qui annon\u00e7a la R\u00e9volution : l\u2019exemple de la Tunisie Tome I : Po\u00e9sie et patrie TOME II : Le r\u00eave - Beit al-Hikma\" \/>\n<meta property=\"og:description\" content=\"Titre : La litt\u00e9rature Francophone en Tunisie: \u00e9volution , renouvellement et devenir  Auteur : Noureddine Aziza  Langue : Fran\u00e7ais  Date de publication : 2020  Format\u00a0: 24 x 16  Nombre de pages\u00a0: Tome I\u00a0: 345 p.\u00a0 \u00a0\/ Tome II\u00a0: 477 p.  Tome I\u00a0: 345 p.  Tome II:\u00a0 477  Th\u00e8me:litt\u00e9rature  ISBN\u00a0: Tome I\u00a0: 978-9973-49-211-1  \u00a0\u00a0\u00a0\u00a0\u00a0\u00a0\u00a0\u00a0\u00a0\u00a0\u00a0 \u00a0Tome II\u00a0: 978-9973-49-212-8  Poids :1500 gr  Situation:disponible\" \/>\n<meta property=\"og:url\" content=\"https:\/\/www.beitalhikma.tn\/fr\/publication\/acces-boutique\/livres-en-vente\/la-poesie-arabe-qui-annonca-la-revolution-lexemple-de-la-tunisie-tome-i-poesie-et-patrie-tome-ii-le-reve\/\" \/>\n<meta property=\"og:site_name\" content=\"Beit al-Hikma\" \/>\n<meta property=\"article:publisher\" content=\"https:\/\/www.facebook.com\/BeitalhikmaTunisie\/\" \/>\n<meta property=\"article:modified_time\" content=\"2022-10-21T13:39:14+00:00\" \/>\n<meta property=\"og:image\" content=\"https:\/\/www.beitalhikma.tn\/wp-content\/uploads\/2022\/10\/couv-Noureddine-Aziza-tome1-scaled.jpg\" \/>\n\t<meta property=\"og:image:width\" content=\"1664\" \/>\n\t<meta property=\"og:image:height\" content=\"2560\" \/>\n\t<meta property=\"og:image:type\" content=\"image\/jpeg\" \/>\n<meta name=\"twitter:card\" content=\"summary_large_image\" \/>\n<meta name=\"twitter:site\" content=\"@Beit_alhikma_TN\" \/>\n<meta name=\"twitter:label1\" content=\"Dur\u00e9e de lecture estim\u00e9e\" \/>\n\t<meta name=\"twitter:data1\" content=\"1 minute\" \/>\n<script type=\"application\/ld+json\" class=\"yoast-schema-graph\">{\"@context\":\"https:\\\/\\\/schema.org\",\"@graph\":[{\"@type\":\"WebPage\",\"@id\":\"https:\\\/\\\/www.beitalhikma.tn\\\/fr\\\/publication\\\/acces-boutique\\\/livres-en-vente\\\/la-poesie-arabe-qui-annonca-la-revolution-lexemple-de-la-tunisie-tome-i-poesie-et-patrie-tome-ii-le-reve\\\/\",\"url\":\"https:\\\/\\\/www.beitalhikma.tn\\\/fr\\\/publication\\\/acces-boutique\\\/livres-en-vente\\\/la-poesie-arabe-qui-annonca-la-revolution-lexemple-de-la-tunisie-tome-i-poesie-et-patrie-tome-ii-le-reve\\\/\",\"name\":\"La po\u00e9sie arabe qui annon\u00e7a la R\u00e9volution : l\u2019exemple de la Tunisie Tome I : Po\u00e9sie et patrie TOME II : Le r\u00eave - Beit al-Hikma\",\"isPartOf\":{\"@id\":\"https:\\\/\\\/www.beitalhikma.tn\\\/#website\"},\"primaryImageOfPage\":{\"@id\":\"https:\\\/\\\/www.beitalhikma.tn\\\/fr\\\/publication\\\/acces-boutique\\\/livres-en-vente\\\/la-poesie-arabe-qui-annonca-la-revolution-lexemple-de-la-tunisie-tome-i-poesie-et-patrie-tome-ii-le-reve\\\/#primaryimage\"},\"image\":{\"@id\":\"https:\\\/\\\/www.beitalhikma.tn\\\/fr\\\/publication\\\/acces-boutique\\\/livres-en-vente\\\/la-poesie-arabe-qui-annonca-la-revolution-lexemple-de-la-tunisie-tome-i-poesie-et-patrie-tome-ii-le-reve\\\/#primaryimage\"},\"thumbnailUrl\":\"https:\\\/\\\/www.beitalhikma.tn\\\/wp-content\\\/uploads\\\/2022\\\/10\\\/couv-Noureddine-Aziza-tome1-scaled.jpg\",\"datePublished\":\"2022-10-21T13:35:01+00:00\",\"dateModified\":\"2022-10-21T13:39:14+00:00\",\"breadcrumb\":{\"@id\":\"https:\\\/\\\/www.beitalhikma.tn\\\/fr\\\/publication\\\/acces-boutique\\\/livres-en-vente\\\/la-poesie-arabe-qui-annonca-la-revolution-lexemple-de-la-tunisie-tome-i-poesie-et-patrie-tome-ii-le-reve\\\/#breadcrumb\"},\"inLanguage\":\"fr-FR\",\"potentialAction\":[{\"@type\":\"ReadAction\",\"target\":[\"https:\\\/\\\/www.beitalhikma.tn\\\/fr\\\/publication\\\/acces-boutique\\\/livres-en-vente\\\/la-poesie-arabe-qui-annonca-la-revolution-lexemple-de-la-tunisie-tome-i-poesie-et-patrie-tome-ii-le-reve\\\/\"]}]},{\"@type\":\"ImageObject\",\"inLanguage\":\"fr-FR\",\"@id\":\"https:\\\/\\\/www.beitalhikma.tn\\\/fr\\\/publication\\\/acces-boutique\\\/livres-en-vente\\\/la-poesie-arabe-qui-annonca-la-revolution-lexemple-de-la-tunisie-tome-i-poesie-et-patrie-tome-ii-le-reve\\\/#primaryimage\",\"url\":\"https:\\\/\\\/www.beitalhikma.tn\\\/wp-content\\\/uploads\\\/2022\\\/10\\\/couv-Noureddine-Aziza-tome1-scaled.jpg\",\"contentUrl\":\"https:\\\/\\\/www.beitalhikma.tn\\\/wp-content\\\/uploads\\\/2022\\\/10\\\/couv-Noureddine-Aziza-tome1-scaled.jpg\",\"width\":1664,\"height\":2560},{\"@type\":\"BreadcrumbList\",\"@id\":\"https:\\\/\\\/www.beitalhikma.tn\\\/fr\\\/publication\\\/acces-boutique\\\/livres-en-vente\\\/la-poesie-arabe-qui-annonca-la-revolution-lexemple-de-la-tunisie-tome-i-poesie-et-patrie-tome-ii-le-reve\\\/#breadcrumb\",\"itemListElement\":[{\"@type\":\"ListItem\",\"position\":1,\"name\":\"Accueil\",\"item\":\"https:\\\/\\\/www.beitalhikma.tn\\\/fr\\\/\"},{\"@type\":\"ListItem\",\"position\":2,\"name\":\"Boutique\",\"item\":\"https:\\\/\\\/www.beitalhikma.tn\\\/fr\\\/boutique\\\/\"},{\"@type\":\"ListItem\",\"position\":3,\"name\":\"La po\u00e9sie arabe qui annon\u00e7a la R\u00e9volution : l\u2019exemple de la Tunisie Tome I : Po\u00e9sie et patrie TOME II : Le r\u00eave\"}]},{\"@type\":\"WebSite\",\"@id\":\"https:\\\/\\\/www.beitalhikma.tn\\\/#website\",\"url\":\"https:\\\/\\\/www.beitalhikma.tn\\\/\",\"name\":\"Beit al-Hikma\",\"description\":\"L&#039;Acad\u00e9mie Tunisienne des Sciences, des Lettres  et des Arts\",\"publisher\":{\"@id\":\"https:\\\/\\\/www.beitalhikma.tn\\\/#organization\"},\"potentialAction\":[{\"@type\":\"SearchAction\",\"target\":{\"@type\":\"EntryPoint\",\"urlTemplate\":\"https:\\\/\\\/www.beitalhikma.tn\\\/?s={search_term_string}\"},\"query-input\":{\"@type\":\"PropertyValueSpecification\",\"valueRequired\":true,\"valueName\":\"search_term_string\"}}],\"inLanguage\":\"fr-FR\"},{\"@type\":\"Organization\",\"@id\":\"https:\\\/\\\/www.beitalhikma.tn\\\/#organization\",\"name\":\"Beit Al Hikma\",\"url\":\"https:\\\/\\\/www.beitalhikma.tn\\\/\",\"logo\":{\"@type\":\"ImageObject\",\"inLanguage\":\"fr-FR\",\"@id\":\"https:\\\/\\\/www.beitalhikma.tn\\\/#\\\/schema\\\/logo\\\/image\\\/\",\"url\":\"https:\\\/\\\/www.beitalhikma.tn\\\/wp-content\\\/uploads\\\/2014\\\/11\\\/logo.png\",\"contentUrl\":\"https:\\\/\\\/www.beitalhikma.tn\\\/wp-content\\\/uploads\\\/2014\\\/11\\\/logo.png\",\"width\":288,\"height\":109,\"caption\":\"Beit Al Hikma\"},\"image\":{\"@id\":\"https:\\\/\\\/www.beitalhikma.tn\\\/#\\\/schema\\\/logo\\\/image\\\/\"},\"sameAs\":[\"https:\\\/\\\/www.facebook.com\\\/BeitalhikmaTunisie\\\/\",\"https:\\\/\\\/x.com\\\/Beit_alhikma_TN\",\"https:\\\/\\\/www.youtube.com\\\/channel\\\/UCl8EfDXqt5MFfcEY0UYhevg\"]}]}<\/script>\n<!-- \/ Yoast SEO plugin. -->","yoast_head_json":{"title":"La po\u00e9sie arabe qui annon\u00e7a la R\u00e9volution : l\u2019exemple de la Tunisie Tome I : Po\u00e9sie et patrie TOME II : Le r\u00eave - Beit al-Hikma","robots":{"index":"index","follow":"follow","max-snippet":"max-snippet:-1","max-image-preview":"max-image-preview:large","max-video-preview":"max-video-preview:-1"},"canonical":"https:\/\/www.beitalhikma.tn\/fr\/publication\/acces-boutique\/livres-en-vente\/la-poesie-arabe-qui-annonca-la-revolution-lexemple-de-la-tunisie-tome-i-poesie-et-patrie-tome-ii-le-reve\/","og_locale":"fr_FR","og_type":"article","og_title":"La po\u00e9sie arabe qui annon\u00e7a la R\u00e9volution : l\u2019exemple de la Tunisie Tome I : Po\u00e9sie et patrie TOME II : Le r\u00eave - Beit al-Hikma","og_description":"Titre : La litt\u00e9rature Francophone en Tunisie: \u00e9volution , renouvellement et devenir  Auteur : Noureddine Aziza  Langue : Fran\u00e7ais  Date de publication : 2020  Format\u00a0: 24 x 16  Nombre de pages\u00a0: Tome I\u00a0: 345 p.\u00a0 \u00a0\/ Tome II\u00a0: 477 p.  Tome I\u00a0: 345 p.  Tome II:\u00a0 477  Th\u00e8me:litt\u00e9rature  ISBN\u00a0: Tome I\u00a0: 978-9973-49-211-1  \u00a0\u00a0\u00a0\u00a0\u00a0\u00a0\u00a0\u00a0\u00a0\u00a0\u00a0 \u00a0Tome II\u00a0: 978-9973-49-212-8  Poids :1500 gr  Situation:disponible","og_url":"https:\/\/www.beitalhikma.tn\/fr\/publication\/acces-boutique\/livres-en-vente\/la-poesie-arabe-qui-annonca-la-revolution-lexemple-de-la-tunisie-tome-i-poesie-et-patrie-tome-ii-le-reve\/","og_site_name":"Beit al-Hikma","article_publisher":"https:\/\/www.facebook.com\/BeitalhikmaTunisie\/","article_modified_time":"2022-10-21T13:39:14+00:00","og_image":[{"width":1664,"height":2560,"url":"https:\/\/www.beitalhikma.tn\/wp-content\/uploads\/2022\/10\/couv-Noureddine-Aziza-tome1-scaled.jpg","type":"image\/jpeg"}],"twitter_card":"summary_large_image","twitter_site":"@Beit_alhikma_TN","twitter_misc":{"Dur\u00e9e de lecture estim\u00e9e":"1 minute"},"schema":{"@context":"https:\/\/schema.org","@graph":[{"@type":"WebPage","@id":"https:\/\/www.beitalhikma.tn\/fr\/publication\/acces-boutique\/livres-en-vente\/la-poesie-arabe-qui-annonca-la-revolution-lexemple-de-la-tunisie-tome-i-poesie-et-patrie-tome-ii-le-reve\/","url":"https:\/\/www.beitalhikma.tn\/fr\/publication\/acces-boutique\/livres-en-vente\/la-poesie-arabe-qui-annonca-la-revolution-lexemple-de-la-tunisie-tome-i-poesie-et-patrie-tome-ii-le-reve\/","name":"La po\u00e9sie arabe qui annon\u00e7a la R\u00e9volution : l\u2019exemple de la Tunisie Tome I : Po\u00e9sie et patrie TOME II : Le r\u00eave - Beit al-Hikma","isPartOf":{"@id":"https:\/\/www.beitalhikma.tn\/#website"},"primaryImageOfPage":{"@id":"https:\/\/www.beitalhikma.tn\/fr\/publication\/acces-boutique\/livres-en-vente\/la-poesie-arabe-qui-annonca-la-revolution-lexemple-de-la-tunisie-tome-i-poesie-et-patrie-tome-ii-le-reve\/#primaryimage"},"image":{"@id":"https:\/\/www.beitalhikma.tn\/fr\/publication\/acces-boutique\/livres-en-vente\/la-poesie-arabe-qui-annonca-la-revolution-lexemple-de-la-tunisie-tome-i-poesie-et-patrie-tome-ii-le-reve\/#primaryimage"},"thumbnailUrl":"https:\/\/www.beitalhikma.tn\/wp-content\/uploads\/2022\/10\/couv-Noureddine-Aziza-tome1-scaled.jpg","datePublished":"2022-10-21T13:35:01+00:00","dateModified":"2022-10-21T13:39:14+00:00","breadcrumb":{"@id":"https:\/\/www.beitalhikma.tn\/fr\/publication\/acces-boutique\/livres-en-vente\/la-poesie-arabe-qui-annonca-la-revolution-lexemple-de-la-tunisie-tome-i-poesie-et-patrie-tome-ii-le-reve\/#breadcrumb"},"inLanguage":"fr-FR","potentialAction":[{"@type":"ReadAction","target":["https:\/\/www.beitalhikma.tn\/fr\/publication\/acces-boutique\/livres-en-vente\/la-poesie-arabe-qui-annonca-la-revolution-lexemple-de-la-tunisie-tome-i-poesie-et-patrie-tome-ii-le-reve\/"]}]},{"@type":"ImageObject","inLanguage":"fr-FR","@id":"https:\/\/www.beitalhikma.tn\/fr\/publication\/acces-boutique\/livres-en-vente\/la-poesie-arabe-qui-annonca-la-revolution-lexemple-de-la-tunisie-tome-i-poesie-et-patrie-tome-ii-le-reve\/#primaryimage","url":"https:\/\/www.beitalhikma.tn\/wp-content\/uploads\/2022\/10\/couv-Noureddine-Aziza-tome1-scaled.jpg","contentUrl":"https:\/\/www.beitalhikma.tn\/wp-content\/uploads\/2022\/10\/couv-Noureddine-Aziza-tome1-scaled.jpg","width":1664,"height":2560},{"@type":"BreadcrumbList","@id":"https:\/\/www.beitalhikma.tn\/fr\/publication\/acces-boutique\/livres-en-vente\/la-poesie-arabe-qui-annonca-la-revolution-lexemple-de-la-tunisie-tome-i-poesie-et-patrie-tome-ii-le-reve\/#breadcrumb","itemListElement":[{"@type":"ListItem","position":1,"name":"Accueil","item":"https:\/\/www.beitalhikma.tn\/fr\/"},{"@type":"ListItem","position":2,"name":"Boutique","item":"https:\/\/www.beitalhikma.tn\/fr\/boutique\/"},{"@type":"ListItem","position":3,"name":"La po\u00e9sie arabe qui annon\u00e7a la R\u00e9volution : l\u2019exemple de la Tunisie Tome I : Po\u00e9sie et patrie TOME II : Le r\u00eave"}]},{"@type":"WebSite","@id":"https:\/\/www.beitalhikma.tn\/#website","url":"https:\/\/www.beitalhikma.tn\/","name":"Beit al-Hikma","description":"L&#039;Acad\u00e9mie Tunisienne des Sciences, des Lettres  et des Arts","publisher":{"@id":"https:\/\/www.beitalhikma.tn\/#organization"},"potentialAction":[{"@type":"SearchAction","target":{"@type":"EntryPoint","urlTemplate":"https:\/\/www.beitalhikma.tn\/?s={search_term_string}"},"query-input":{"@type":"PropertyValueSpecification","valueRequired":true,"valueName":"search_term_string"}}],"inLanguage":"fr-FR"},{"@type":"Organization","@id":"https:\/\/www.beitalhikma.tn\/#organization","name":"Beit Al Hikma","url":"https:\/\/www.beitalhikma.tn\/","logo":{"@type":"ImageObject","inLanguage":"fr-FR","@id":"https:\/\/www.beitalhikma.tn\/#\/schema\/logo\/image\/","url":"https:\/\/www.beitalhikma.tn\/wp-content\/uploads\/2014\/11\/logo.png","contentUrl":"https:\/\/www.beitalhikma.tn\/wp-content\/uploads\/2014\/11\/logo.png","width":288,"height":109,"caption":"Beit Al Hikma"},"image":{"@id":"https:\/\/www.beitalhikma.tn\/#\/schema\/logo\/image\/"},"sameAs":["https:\/\/www.facebook.com\/BeitalhikmaTunisie\/","https:\/\/x.com\/Beit_alhikma_TN","https:\/\/www.youtube.com\/channel\/UCl8EfDXqt5MFfcEY0UYhevg"]}]}},"uagb_featured_image_src":{"full":["https:\/\/www.beitalhikma.tn\/wp-content\/uploads\/2022\/10\/couv-Noureddine-Aziza-tome1-scaled.jpg",1664,2560,false],"thumbnail":["https:\/\/www.beitalhikma.tn\/wp-content\/uploads\/2022\/10\/couv-Noureddine-Aziza-tome1-250x300.jpg",250,300,true],"medium":["https:\/\/www.beitalhikma.tn\/wp-content\/uploads\/2022\/10\/couv-Noureddine-Aziza-tome1-195x300.jpg",195,300,true],"medium_large":["https:\/\/www.beitalhikma.tn\/wp-content\/uploads\/2022\/10\/couv-Noureddine-Aziza-tome1-768x1182.jpg",768,1182,true],"large":["https:\/\/www.beitalhikma.tn\/wp-content\/uploads\/2022\/10\/couv-Noureddine-Aziza-tome1-665x1024.jpg",665,1024,true],"thumblist":["https:\/\/www.beitalhikma.tn\/wp-content\/uploads\/2022\/10\/couv-Noureddine-Aziza-tome1-300x300.jpg",300,300,true],"meccarouselthumb":["https:\/\/www.beitalhikma.tn\/wp-content\/uploads\/2022\/10\/couv-Noureddine-Aziza-tome1-474x324.jpg",474,324,true],"gridsquare":["https:\/\/www.beitalhikma.tn\/wp-content\/uploads\/2022\/10\/couv-Noureddine-Aziza-tome1-391x260.jpg",391,260,true],"tileview":["https:\/\/www.beitalhikma.tn\/wp-content\/uploads\/2022\/10\/couv-Noureddine-Aziza-tome1-300x400.jpg",300,400,true],"1536x1536":["https:\/\/www.beitalhikma.tn\/wp-content\/uploads\/2022\/10\/couv-Noureddine-Aziza-tome1-998x1536.jpg",998,1536,true],"2048x2048":["https:\/\/www.beitalhikma.tn\/wp-content\/uploads\/2022\/10\/couv-Noureddine-Aziza-tome1-1331x2048.jpg",1331,2048,true],"post-thumbnail":["https:\/\/www.beitalhikma.tn\/wp-content\/uploads\/2022\/10\/couv-Noureddine-Aziza-tome1-95x146.jpg",95,146,true],"50x50":["https:\/\/www.beitalhikma.tn\/wp-content\/uploads\/2022\/10\/couv-Noureddine-Aziza-tome1-32x50.jpg",32,50,true],"portfolio-list":["https:\/\/www.beitalhikma.tn\/wp-content\/uploads\/2022\/10\/couv-Noureddine-Aziza-tome1-600x400.jpg",600,400,true],"portfolio-fs":["https:\/\/www.beitalhikma.tn\/wp-content\/uploads\/2022\/10\/couv-Noureddine-Aziza-tome1-815x543.jpg",815,543,true],"portfolio-slider":["https:\/\/www.beitalhikma.tn\/wp-content\/uploads\/2022\/10\/couv-Noureddine-Aziza-tome1-380x380.jpg",380,380,true],"blog":["https:\/\/www.beitalhikma.tn\/wp-content\/uploads\/2022\/10\/couv-Noureddine-Aziza-tome1-564x341.jpg",564,341,true],"blog-single":["https:\/\/www.beitalhikma.tn\/wp-content\/uploads\/2022\/10\/couv-Noureddine-Aziza-tome1-1176x445.jpg",1176,445,true],"blog-item":["https:\/\/www.beitalhikma.tn\/wp-content\/uploads\/2022\/10\/couv-Noureddine-Aziza-tome1-504x224.jpg",504,224,true],"blog-widget":["https:\/\/www.beitalhikma.tn\/wp-content\/uploads\/2022\/10\/couv-Noureddine-Aziza-tome1-80x60.jpg",80,60,true],"features":["https:\/\/www.beitalhikma.tn\/wp-content\/uploads\/2022\/10\/couv-Noureddine-Aziza-tome1-90x90.jpg",90,90,true],"clients-slider":["https:\/\/www.beitalhikma.tn\/wp-content\/uploads\/2022\/10\/couv-Noureddine-Aziza-tome1-52x80.jpg",52,80,true],"offer-slider":["https:\/\/www.beitalhikma.tn\/wp-content\/uploads\/2022\/10\/couv-Noureddine-Aziza-tome1-776x438.jpg",776,438,true],"offer-slider-pg":["https:\/\/www.beitalhikma.tn\/wp-content\/uploads\/2022\/10\/couv-Noureddine-Aziza-tome1-42x42.jpg",42,42,true],"woocommerce_thumbnail":["https:\/\/www.beitalhikma.tn\/wp-content\/uploads\/2022\/10\/couv-Noureddine-Aziza-tome1-scaled-250x300.jpg",250,300,true],"woocommerce_single":["https:\/\/www.beitalhikma.tn\/wp-content\/uploads\/2022\/10\/couv-Noureddine-Aziza-tome1-scaled-250x385.jpg",250,385,true],"woocommerce_gallery_thumbnail":["https:\/\/www.beitalhikma.tn\/wp-content\/uploads\/2022\/10\/couv-Noureddine-Aziza-tome1-scaled-100x100.jpg",100,100,true]},"uagb_author_info":{"display_name":"admin","author_link":"https:\/\/www.beitalhikma.tn\/fr\/author\/"},"uagb_comment_info":0,"uagb_excerpt":"Titre : La litt\u00e9rature Francophone en Tunisie: \u00e9volution , renouvellement et devenir Auteur : Noureddine Aziza Langue : Fran\u00e7ais Date de publication : 2020 Format\u00a0: 24 x 16 Nombre de pages\u00a0: Tome I\u00a0: 345 p.\u00a0 \u00a0\/ Tome II\u00a0: 477 p. Tome I\u00a0: 345 p. Tome II:\u00a0 477 Th\u00e8me:litt\u00e9rature ISBN\u00a0: Tome I\u00a0: 978-9973-49-211-1 \u00a0\u00a0\u00a0\u00a0\u00a0\u00a0\u00a0\u00a0\u00a0\u00a0\u00a0 \u00a0Tome II\u00a0:\u2026","_links":{"self":[{"href":"https:\/\/www.beitalhikma.tn\/fr\/wp-json\/wp\/v2\/product\/99187","targetHints":{"allow":["GET"]}}],"collection":[{"href":"https:\/\/www.beitalhikma.tn\/fr\/wp-json\/wp\/v2\/product"}],"about":[{"href":"https:\/\/www.beitalhikma.tn\/fr\/wp-json\/wp\/v2\/types\/product"}],"wp:featuredmedia":[{"embeddable":true,"href":"https:\/\/www.beitalhikma.tn\/fr\/wp-json\/wp\/v2\/media\/99186"}],"wp:attachment":[{"href":"https:\/\/www.beitalhikma.tn\/fr\/wp-json\/wp\/v2\/media?parent=99187"}],"wp:term":[{"taxonomy":"product_brand","embeddable":true,"href":"https:\/\/www.beitalhikma.tn\/fr\/wp-json\/wp\/v2\/product_brand?post=99187"},{"taxonomy":"product_cat","embeddable":true,"href":"https:\/\/www.beitalhikma.tn\/fr\/wp-json\/wp\/v2\/product_cat?post=99187"},{"taxonomy":"product_tag","embeddable":true,"href":"https:\/\/www.beitalhikma.tn\/fr\/wp-json\/wp\/v2\/product_tag?post=99187"}],"curies":[{"name":"wp","href":"https:\/\/api.w.org\/{rel}","templated":true}]}}